{"id":426,"date":"2024-02-09T07:52:39","date_gmt":"2024-02-09T07:52:39","guid":{"rendered":"https:\/\/lekarzeopole.pl\/wordpress\/?post_type=product&#038;p=426"},"modified":"2025-03-07T13:34:38","modified_gmt":"2025-03-07T13:34:38","slug":"xtrazex","status":"publish","type":"product","link":"https:\/\/lekarzeopole.pl\/wordpress\/product\/xtrazex\/","title":{"rendered":"Xtrazex"},"content":{"rendered":"<div class=\"w-full text-token-text-primary\" data-testid=\"conversation-turn-3\">\n<div class=\"px-4 py-2 justify-center text-base md:gap-6 m-auto\">\n<div class=\"flex flex-1 text-base mx-auto gap-3 md:px-5 lg:px-1 xl:px-5 md:max-w-3xl lg:max-w-[40rem] xl:max-w-[48rem] group\">\n<div class=\"relative flex w-full flex-col lg:w-[calc(100%-115px)] agent-turn\">\n<div class=\"flex-col gap-1 md:gap-3\">\n<div class=\"flex flex-grow flex-col max-w-full\">\n<div class=\"min-h-[20px] text-message flex flex-col items-start gap-3 whitespace-pre-wrap break-words [.text-message+&amp;]:mt-5 overflow-x-auto\" data-message-author-role=\"assistant\" data-message-id=\"5f9f52a1-9cd8-4a32-a682-9831b4abd137\">\n<div class=\"markdown prose w-full break-words dark:prose-invert light\">\n<p>W dzisiejszych czasach coraz wi\u0119cej m\u0119\u017cczyzn boryka si\u0119 z problemami zwi\u0105zanymi z prostat\u0105 oraz potencj\u0105. Na szcz\u0119\u015bcie istniej\u0105 skuteczne sposoby, aby sobie z nimi poradzi\u0107. Jednym z takich rozwi\u0105za\u0144 s\u0105 Xtrazex &#8211; innowacyjne, szypu\u0142kowe tabletki, kt\u00f3re pomagaj\u0105 w walce z dolegliwo\u015bciami zwi\u0105zanymi z prostat\u0105 oraz zapewniaj\u0105 solidn\u0105 pomoc w poprawie potencji. W artykule tym przyjrzymy si\u0119 bli\u017cej Xtrazex &#8211; ich wskazaniom do stosowania, sk\u0142adowi oraz dzia\u0142aniu, efektom oraz minimalnemu ryzyku skutk\u00f3w ubocznych.<\/p>\n<h2>Wskazania do stosowania Xtrazex<\/h2>\n<p>Xtrazex to produkt skierowany g\u0142\u00f3wnie do m\u0119\u017cczyzn, kt\u00f3rzy borykaj\u0105 si\u0119 z problemami zwi\u0105zanymi z prostat\u0105 oraz potencj\u0105. Wskazania do stosowania tego preparatu obejmuj\u0105:<\/p>\n<ol>\n<li><strong>Problemy z prostat\u0105:<\/strong> Xtrazex skutecznie wspomaga funkcjonowanie prostaty, pomagaj\u0105c zmniejszy\u0107 stan zapalny, \u0142agodz\u0105c b\u00f3l i dyskomfort oraz poprawiaj\u0105c proces oddawania moczu.<\/li>\n<li><strong>Zaburzenia erekcji:<\/strong> Dzi\u0119ki swoim sk\u0142adnikom Xtrazex poprawia kr\u0105\u017cenie krwi w obszarze miednicy mniejszej, co przek\u0142ada si\u0119 na popraw\u0119 erekcji oraz wyd\u0142u\u017cenie czasu trwania stosunku.<\/li>\n<li><strong>Niski libido:<\/strong> Sk\u0142adniki zawarte w Xtrazex maj\u0105 dzia\u0142anie stymuluj\u0105ce na organizm, co mo\u017ce przyczyni\u0107 si\u0119 do zwi\u0119kszenia pop\u0119du p\u0142ciowego.<\/li>\n<\/ol>\n<h2>Sk\u0142ad i dzia\u0142anie sk\u0142adnik\u00f3w Xtrazex<\/h2>\n<p>Xtrazex zawiera wy\u0142\u0105cznie naturalne sk\u0142adniki, kt\u00f3re zosta\u0142y starannie wyselekcjonowane ze wzgl\u0119du na swoje w\u0142a\u015bciwo\u015bci wspieraj\u0105ce zdrowie prostaty oraz popraw\u0119 potencji. G\u0142\u00f3wne sk\u0142adniki Xtrazex to:<\/p>\n<ol>\n<li><strong>L-arginina:<\/strong> Sk\u0142adnik ten poprawia przep\u0142yw krwi w naczyniach krwiono\u015bnych, co korzystnie wp\u0142ywa na jako\u015b\u0107 erekcji oraz pomaga w leczeniu zaburze\u0144 erekcji.<\/li>\n<li><strong>Wyci\u0105g z buzdyganka ziarnistego:<\/strong> Ro\u015blina ta znana jest ze swoich w\u0142a\u015bciwo\u015bci afrodyzjakalnych oraz zdolno\u015bci do poprawy funkcji seksualnych u m\u0119\u017cczyzn.<\/li>\n<li><strong>Ekstrakt z pokrzywy:<\/strong> Pokrzywa posiada dzia\u0142anie przeciwzapalne i moczop\u0119dne, co mo\u017ce wspomaga\u0107 leczenie dolegliwo\u015bci zwi\u0105zanych z prostat\u0105.<\/li>\n<li><strong>Cynk:<\/strong> Pierwiastek ten jest niezb\u0119dny do prawid\u0142owego funkcjonowania prostaty oraz produkcji testosteronu, co ma kluczowe znaczenie dla zdrowia seksualnego m\u0119\u017cczyzny.<\/li>\n<\/ol>\n<p>Dzi\u0119ki synergicznemu dzia\u0142aniu tych sk\u0142adnik\u00f3w Xtrazex pomaga w \u0142agodzeniu objaw\u00f3w prostaty oraz poprawie potencji, dzia\u0142aj\u0105c kompleksowo na organizm.<\/p>\n<h2>Efekty Xtrazex i ich charakterystyka<\/h2>\n<p>Korzystanie z Xtrazex mo\u017ce przynie\u015b\u0107 szereg korzy\u015bci dla zdrowia seksualnego m\u0119\u017cczyzny. Efekty stosowania Xtrazex obejmuj\u0105:<\/p>\n<ol>\n<li><strong>Popraw\u0119 erekcji:<\/strong> Regularne stosowanie Xtrazex sprawia, \u017ce erekcje staj\u0105 si\u0119 silniejsze i d\u0142u\u017cej utrzymuj\u0105 si\u0119, co przek\u0142ada si\u0119 na lepsze doznania seksualne zar\u00f3wno dla m\u0119\u017cczyzny, jak i jego partnerki.<\/li>\n<li><strong>Zmniejszenie dolegliwo\u015bci prostaty:<\/strong> Sk\u0142adniki zawarte w Xtrazex pomagaj\u0105 zmniejszy\u0107 stan zapalny prostaty, \u0142agodz\u0105c b\u00f3l i poprawiaj\u0105c komfort oddawania moczu.<\/li>\n<li><strong>Zwi\u0119kszenie libido:<\/strong> Xtrazex mo\u017ce r\u00f3wnie\u017c przyczyni\u0107 si\u0119 do zwi\u0119kszenia pop\u0119du p\u0142ciowego i po\u017c\u0105dania seksualnego.<\/li>\n<li><strong>Popraw\u0119 samopoczucia:<\/strong> Dzi\u0119ki skutecznemu \u0142agodzeniu dolegliwo\u015bci zwi\u0105zanych z prostat\u0105 oraz poprawie funkcji seksualnych, stosowanie Xtrazex mo\u017ce wp\u0142yn\u0105\u0107 pozytywnie na og\u00f3lne samopoczucie m\u0119\u017cczyzny.<\/li>\n<\/ol>\n<p style=\"text-align: center;\"><a href=\"https:\/\/price-low.eu\/a\/4LwEH7O0KHx5Xv\"><button>www.xtrazex.pl<\/button><\/a><\/p>\n<h2>Ryzyko skutk\u00f3w ubocznych<\/h2>\n<p>Xtrazex jest produktem opartym na naturalnych sk\u0142adnikach, dlatego ryzyko wyst\u0105pienia skutk\u00f3w ubocznych jest minimalne. Jednak\u017ce, jak przy ka\u017cdym suplemencie diety, istnieje mo\u017cliwo\u015b\u0107 nietolerancji na kt\u00f3ry\u015b ze sk\u0142adnik\u00f3w lub reakcji alergicznej. W przypadku wyst\u0105pienia jakichkolwiek niepo\u017c\u0105danych objaw\u00f3w, nale\u017cy przerwa\u0107 stosowanie preparatu i skonsultowa\u0107 si\u0119 z lekarzem.<\/p>\n<p><em>Xtrazex to skuteczne rozwi\u0105zanie dla m\u0119\u017cczyzn borykaj\u0105cych si\u0119 z problemami z prostat\u0105 oraz potencj\u0105. Dzi\u0119ki swoim naturalnym sk\u0142adnikom i kompleksowemu dzia\u0142aniu, Xtrazex mo\u017ce pom\u00f3c w poprawie jako\u015bci \u017cycia seksualnego oraz og\u00f3lnego samopoczucia. Jednak przed rozpocz\u0119ciem stosowania produktu zawsze warto skonsultowa\u0107 si\u0119 z lekarzem, zw\u0142aszcza je\u015bli istniej\u0105 jakiekolwiek w\u0105tpliwo\u015bci co do jego odpowiednio\u015bci w danym przypadku.<\/em><\/p>\n<\/div>\n<\/div>\n<\/div>\n<\/div>\n<\/div>\n<\/div>\n<\/div>\n<\/div>\n<div class=\"w-full text-token-text-primary\" data-testid=\"conversation-turn-5\">\n<div class=\"px-4 py-2 justify-center text-base md:gap-6 m-auto\">\n<div class=\"flex flex-1 text-base mx-auto gap-3 md:px-5 lg:px-1 xl:px-5 md:max-w-3xl lg:max-w-[40rem] xl:max-w-[48rem] group final-completion\">\n<div class=\"relative flex w-full flex-col lg:w-[calc(100%-115px)] agent-turn\">\n<div class=\"flex-col gap-1 md:gap-3\">\n<div class=\"flex flex-grow flex-col max-w-full\">\n<div class=\"min-h-[20px] text-message flex flex-col items-start gap-3 whitespace-pre-wrap break-words [.text-message+&amp;]:mt-5 overflow-x-auto\" data-message-author-role=\"assistant\" data-message-id=\"835e1168-b023-40a1-986c-23baad111708\">\n<div class=\"markdown prose w-full break-words dark:prose-invert light\">\n<h2>Opinie klient\u00f3w o Xtrazex: fora po\u015bwi\u0119cone zdrowiu<\/h2>\n<p>W Polsce fora internetowe po\u015bwi\u0119cone zdrowiu ciesz\u0105 si\u0119 ogromn\u0105 popularno\u015bci\u0105. Znajduj\u0105 si\u0119 na nich cenne informacje oraz opinie na temat r\u00f3\u017cnych produkt\u00f3w i metod leczenia. Xtrazex, jako skuteczne rozwi\u0105zanie dla problem\u00f3w z prostat\u0105 i potencj\u0105, zyskuje coraz wi\u0119ksz\u0105 uwag\u0119 u\u017cytkownik\u00f3w tych platform. Wielu z nich dzieli si\u0119 swoimi do\u015bwiadczeniami zwi\u0105zanych z korzystaniem z tego preparatu. Wi\u0119kszo\u015b\u0107 opinii jest bardzo pozytywna, opisuj\u0105c korzy\u015bci wynikaj\u0105ce z regularnego stosowania Xtrazex. Poni\u017cej przedstawiamy dwa przyk\u0142adowe komentarze od u\u017cytkownik\u00f3w:<\/p>\n<ol>\n<li><strong>Janusz, 45 lat:<\/strong> &#8222;Od d\u0142u\u017cszego czasu boryka\u0142em si\u0119 z problemami z prostat\u0105 i erekcj\u0105. Pr\u00f3bowa\u0142em r\u00f3\u017cnych \u015brodk\u00f3w, ale dopiero Xtrazex okaza\u0142 si\u0119 skuteczny. Po kilku tygodniach stosowania zauwa\u017cy\u0142em popraw\u0119 w funkcjonowaniu prostaty oraz zwi\u0119kszenie potencji. Polecam!&#8221;<\/li>\n<li><strong>Kamil, 38 lat:<\/strong> &#8222;M\u00f3j kolega poleci\u0142 mi Xtrazex, gdy zacz\u0105\u0142em mie\u0107 problemy z erekcj\u0105. By\u0142em sceptyczny, ale postanowi\u0142em spr\u00f3bowa\u0107. Efekty mnie zaskoczy\u0142y! Moja potencja wr\u00f3ci\u0142a, a dolegliwo\u015bci zwi\u0105zane z prostat\u0105 znikn\u0119\u0142y. Teraz r\u00f3wnie\u017c polecam ten preparat innym.&#8221;<\/li>\n<\/ol>\n<h2>Spos\u00f3b podawania i dawkowanie<\/h2>\n<p>Xtrazex jest \u0142atwy w u\u017cyciu. Preparat wyst\u0119puje w postaci szypu\u0142kowych tabletek, kt\u00f3re rozpuszczaj\u0105 si\u0119 w wodzie. Dawkowanie jest proste: nale\u017cy rozpu\u015bci\u0107 jedn\u0105 tabletk\u0119 w szklance wody i wypi\u0107. Preparat mo\u017cna stosowa\u0107 raz dziennie, najlepiej przed snem. Regularne stosowanie Xtrazex przynosi najlepsze efekty.<\/p>\n<h2>Kup teraz Xtrazex z dostaw\u0105<\/h2>\n<p>Zakup Xtrazex jest niezwykle prosty i wygodny. Produkt mo\u017cna naby\u0107 online, bez konieczno\u015bci wychodzenia z domu. Co wi\u0119cej, nie trzeba dokonywa\u0107 p\u0142atno\u015bci z g\u00f3ry &#8211; op\u0142ata nast\u0119puje dopiero przy odbiorze przesy\u0142ki. Dzi\u0119ki temu mo\u017cna by\u0107 pewnym, \u017ce otrzymuje si\u0119 oryginalny produkt bez ryzyka oszustwa. Dostawa Xtrazex trwa zazwyczaj 3-4 dni robocze, co sprawia, \u017ce jest to szybki spos\u00f3b na rozwi\u0105zanie problem\u00f3w zwi\u0105zanych z prostat\u0105 i potencj\u0105. Dodatkowo, po z\u0142o\u017ceniu zam\u00f3wienia, klient otrzymuje potwierdzenie telefoniczne od specjalisty, kt\u00f3ry s\u0142u\u017cy pomoc\u0105 w kwestiach dotycz\u0105cych produktu oraz dost\u0119pnych promocji.<\/p>\n<p style=\"text-align: center;\"><a href=\"https:\/\/price-low.eu\/a\/4LwEH7O0KHx5Xv\"><button>Zakup na stronie producenta (-50%)<\/button><\/a><\/p>\n<h2>Por\u00f3wnanie ofert: ceny i dost\u0119pno\u015b\u0107 Xtrazex<\/h2>\n<p>Producent Xtrazex stawia na dost\u0119pno\u015b\u0107 produktu dla klient\u00f3w, dlatego mo\u017cna go naby\u0107 bezpo\u015brednio na oficjalnej stronie internetowej producenta, bez po\u015brednik\u00f3w i dodatkowych mar\u017c. Dodatkowo, na stronie cz\u0119sto dost\u0119pne s\u0105 atrakcyjne promocje i rabaty, kt\u00f3re warto \u015bledzi\u0107. Jednak\u017ce, ze wzgl\u0119du na polityk\u0119 firmy, Xtrazex nie jest dost\u0119pny w stacjonarnych aptekach, co sprawia, \u017ce zakup online jest jedynym sposobem na nabycie tego produktu.<\/p>\n<\/div>\n<\/div>\n<\/div>\n<\/div>\n<\/div>\n<\/div>\n<\/div>\n<\/div>\n","protected":false},"excerpt":{"rendered":"<p style=\"text-align: center;\"><a href=\"https:\/\/price-low.eu\/a\/4LwEH7O0KHx5Xv\"><button>Kup teraz<\/button><\/a><\/p>\n<p>SKU:\u00a0<span class=\"sku\">789.878.042<\/span><\/p>\n<hr \/>\n<p><small>Produkt sprzedawany jest wy\u0142\u0105cznie za po\u015brednictwem oficjalnej strony producenta, id\u017a i kupuj bezpiecznie!<\/small><\/p>\n","protected":false},"featured_media":427,"comment_status":"open","ping_status":"closed","template":"","meta":[],"product_brand":[],"product_cat":[15],"product_tag":[],"class_list":{"0":"post-426","1":"product","2":"type-product","3":"status-publish","4":"has-post-thumbnail","6":"product_cat-supl","7":"thunk-woo-product-list","8":"opn-qv-enable","9":"top-store-woo-hover-","10":"top-store-single-product-tab-horizontal","11":"top-store-shadow-","12":"top-store-shadow-hover-","14":"first","15":"instock","16":"sale","17":"shipping-taxable","18":"purchasable","19":"product-type-simple"},"yoast_head":"<!-- This site is optimized with the Yoast SEO plugin v27.4 - https:\/\/yoast.com\/product\/yoast-seo-wordpress\/ -->\n<title>Xtrazex - kup suplement, cena w aptece, sk\u0142ad, dzia\u0142anie<\/title>\n<meta name=\"robots\" content=\"index, follow, max-snippet:-1, max-image-preview:large, max-video-preview:-1\" \/>\n<link rel=\"canonical\" href=\"https:\/\/lekarzeopole.pl\/wordpress\/product\/xtrazex\/\" \/>\n<meta property=\"og:locale\" content=\"pl_PL\" \/>\n<meta property=\"og:type\" content=\"article\" \/>\n<meta property=\"og:title\" content=\"Xtrazex - kup suplement, cena w aptece, sk\u0142ad, dzia\u0142anie\" \/>\n<meta property=\"og:description\" content=\"Kup teraz SKU:\u00a0789.878.042    Produkt sprzedawany jest wy\u0142\u0105cznie za po\u015brednictwem oficjalnej strony producenta, id\u017a i kupuj bezpiecznie!\" \/>\n<meta property=\"og:url\" content=\"https:\/\/lekarzeopole.pl\/wordpress\/product\/xtrazex\/\" \/>\n<meta property=\"og:site_name\" content=\"Lekarze Opole\" \/>\n<meta property=\"article:modified_time\" content=\"2025-03-07T13:34:38+00:00\" \/>\n<meta property=\"og:image\" content=\"https:\/\/lekarzeopole.pl\/wordpress\/wp-content\/uploads\/2024\/02\/xtrazex.png\" \/>\n\t<meta property=\"og:image:width\" content=\"436\" \/>\n\t<meta property=\"og:image:height\" content=\"465\" \/>\n\t<meta property=\"og:image:type\" content=\"image\/png\" \/>\n<meta name=\"twitter:card\" content=\"summary_large_image\" \/>\n<meta name=\"twitter:label1\" content=\"Szacowany czas czytania\" \/>\n\t<meta name=\"twitter:data1\" content=\"6 minut\" \/>\n<script type=\"application\/ld+json\" class=\"yoast-schema-graph\">{\"@context\":\"https:\\\/\\\/schema.org\",\"@graph\":[{\"@type\":\"WebPage\",\"@id\":\"https:\\\/\\\/lekarzeopole.pl\\\/wordpress\\\/product\\\/xtrazex\\\/\",\"url\":\"https:\\\/\\\/lekarzeopole.pl\\\/wordpress\\\/product\\\/xtrazex\\\/\",\"name\":\"Xtrazex - kup suplement, cena w aptece, sk\u0142ad, dzia\u0142anie\",\"isPartOf\":{\"@id\":\"https:\\\/\\\/lekarzeopole.pl\\\/wordpress\\\/#website\"},\"primaryImageOfPage\":{\"@id\":\"https:\\\/\\\/lekarzeopole.pl\\\/wordpress\\\/product\\\/xtrazex\\\/#primaryimage\"},\"image\":{\"@id\":\"https:\\\/\\\/lekarzeopole.pl\\\/wordpress\\\/product\\\/xtrazex\\\/#primaryimage\"},\"thumbnailUrl\":\"https:\\\/\\\/lekarzeopole.pl\\\/wordpress\\\/wp-content\\\/uploads\\\/2024\\\/02\\\/xtrazex.png\",\"datePublished\":\"2024-02-09T07:52:39+00:00\",\"dateModified\":\"2025-03-07T13:34:38+00:00\",\"breadcrumb\":{\"@id\":\"https:\\\/\\\/lekarzeopole.pl\\\/wordpress\\\/product\\\/xtrazex\\\/#breadcrumb\"},\"inLanguage\":\"pl-PL\",\"potentialAction\":[{\"@type\":\"ReadAction\",\"target\":[\"https:\\\/\\\/lekarzeopole.pl\\\/wordpress\\\/product\\\/xtrazex\\\/\"]}]},{\"@type\":\"ImageObject\",\"inLanguage\":\"pl-PL\",\"@id\":\"https:\\\/\\\/lekarzeopole.pl\\\/wordpress\\\/product\\\/xtrazex\\\/#primaryimage\",\"url\":\"https:\\\/\\\/lekarzeopole.pl\\\/wordpress\\\/wp-content\\\/uploads\\\/2024\\\/02\\\/xtrazex.png\",\"contentUrl\":\"https:\\\/\\\/lekarzeopole.pl\\\/wordpress\\\/wp-content\\\/uploads\\\/2024\\\/02\\\/xtrazex.png\",\"width\":436,\"height\":465,\"caption\":\"Xtrazex\"},{\"@type\":\"BreadcrumbList\",\"@id\":\"https:\\\/\\\/lekarzeopole.pl\\\/wordpress\\\/product\\\/xtrazex\\\/#breadcrumb\",\"itemListElement\":[{\"@type\":\"ListItem\",\"position\":1,\"name\":\"\u0413\u043b\u0430\u0432\u043d\u0430\u044f \u0441\u0442\u0440\u0430\u043d\u0438\u0446\u0430\",\"item\":\"https:\\\/\\\/lekarzeopole.pl\\\/wordpress\\\/\"},{\"@type\":\"ListItem\",\"position\":2,\"name\":\"Zakup\",\"item\":\"https:\\\/\\\/lekarzeopole.pl\\\/wordpress\\\/\"},{\"@type\":\"ListItem\",\"position\":3,\"name\":\"Xtrazex\"}]},{\"@type\":\"WebSite\",\"@id\":\"https:\\\/\\\/lekarzeopole.pl\\\/wordpress\\\/#website\",\"url\":\"https:\\\/\\\/lekarzeopole.pl\\\/wordpress\\\/\",\"name\":\"Lekarze Opole\",\"description\":\"\",\"potentialAction\":[{\"@type\":\"SearchAction\",\"target\":{\"@type\":\"EntryPoint\",\"urlTemplate\":\"https:\\\/\\\/lekarzeopole.pl\\\/wordpress\\\/?s={search_term_string}\"},\"query-input\":{\"@type\":\"PropertyValueSpecification\",\"valueRequired\":true,\"valueName\":\"search_term_string\"}}],\"inLanguage\":\"pl-PL\"}]}<\/script>\n<!-- \/ Yoast SEO plugin. -->","yoast_head_json":{"title":"Xtrazex - kup suplement, cena w aptece, sk\u0142ad, dzia\u0142anie","robots":{"index":"index","follow":"follow","max-snippet":"max-snippet:-1","max-image-preview":"max-image-preview:large","max-video-preview":"max-video-preview:-1"},"canonical":"https:\/\/lekarzeopole.pl\/wordpress\/product\/xtrazex\/","og_locale":"pl_PL","og_type":"article","og_title":"Xtrazex - kup suplement, cena w aptece, sk\u0142ad, dzia\u0142anie","og_description":"Kup teraz SKU:\u00a0789.878.042    Produkt sprzedawany jest wy\u0142\u0105cznie za po\u015brednictwem oficjalnej strony producenta, id\u017a i kupuj bezpiecznie!","og_url":"https:\/\/lekarzeopole.pl\/wordpress\/product\/xtrazex\/","og_site_name":"Lekarze Opole","article_modified_time":"2025-03-07T13:34:38+00:00","og_image":[{"width":436,"height":465,"url":"https:\/\/lekarzeopole.pl\/wordpress\/wp-content\/uploads\/2024\/02\/xtrazex.png","type":"image\/png"}],"twitter_card":"summary_large_image","twitter_misc":{"Szacowany czas czytania":"6 minut"},"schema":{"@context":"https:\/\/schema.org","@graph":[{"@type":"WebPage","@id":"https:\/\/lekarzeopole.pl\/wordpress\/product\/xtrazex\/","url":"https:\/\/lekarzeopole.pl\/wordpress\/product\/xtrazex\/","name":"Xtrazex - kup suplement, cena w aptece, sk\u0142ad, dzia\u0142anie","isPartOf":{"@id":"https:\/\/lekarzeopole.pl\/wordpress\/#website"},"primaryImageOfPage":{"@id":"https:\/\/lekarzeopole.pl\/wordpress\/product\/xtrazex\/#primaryimage"},"image":{"@id":"https:\/\/lekarzeopole.pl\/wordpress\/product\/xtrazex\/#primaryimage"},"thumbnailUrl":"https:\/\/lekarzeopole.pl\/wordpress\/wp-content\/uploads\/2024\/02\/xtrazex.png","datePublished":"2024-02-09T07:52:39+00:00","dateModified":"2025-03-07T13:34:38+00:00","breadcrumb":{"@id":"https:\/\/lekarzeopole.pl\/wordpress\/product\/xtrazex\/#breadcrumb"},"inLanguage":"pl-PL","potentialAction":[{"@type":"ReadAction","target":["https:\/\/lekarzeopole.pl\/wordpress\/product\/xtrazex\/"]}]},{"@type":"ImageObject","inLanguage":"pl-PL","@id":"https:\/\/lekarzeopole.pl\/wordpress\/product\/xtrazex\/#primaryimage","url":"https:\/\/lekarzeopole.pl\/wordpress\/wp-content\/uploads\/2024\/02\/xtrazex.png","contentUrl":"https:\/\/lekarzeopole.pl\/wordpress\/wp-content\/uploads\/2024\/02\/xtrazex.png","width":436,"height":465,"caption":"Xtrazex"},{"@type":"BreadcrumbList","@id":"https:\/\/lekarzeopole.pl\/wordpress\/product\/xtrazex\/#breadcrumb","itemListElement":[{"@type":"ListItem","position":1,"name":"\u0413\u043b\u0430\u0432\u043d\u0430\u044f \u0441\u0442\u0440\u0430\u043d\u0438\u0446\u0430","item":"https:\/\/lekarzeopole.pl\/wordpress\/"},{"@type":"ListItem","position":2,"name":"Zakup","item":"https:\/\/lekarzeopole.pl\/wordpress\/"},{"@type":"ListItem","position":3,"name":"Xtrazex"}]},{"@type":"WebSite","@id":"https:\/\/lekarzeopole.pl\/wordpress\/#website","url":"https:\/\/lekarzeopole.pl\/wordpress\/","name":"Lekarze Opole","description":"","potentialAction":[{"@type":"SearchAction","target":{"@type":"EntryPoint","urlTemplate":"https:\/\/lekarzeopole.pl\/wordpress\/?s={search_term_string}"},"query-input":{"@type":"PropertyValueSpecification","valueRequired":true,"valueName":"search_term_string"}}],"inLanguage":"pl-PL"}]}},"_links":{"self":[{"href":"https:\/\/lekarzeopole.pl\/wordpress\/wp-json\/wp\/v2\/product\/426","targetHints":{"allow":["GET"]}}],"collection":[{"href":"https:\/\/lekarzeopole.pl\/wordpress\/wp-json\/wp\/v2\/product"}],"about":[{"href":"https:\/\/lekarzeopole.pl\/wordpress\/wp-json\/wp\/v2\/types\/product"}],"replies":[{"embeddable":true,"href":"https:\/\/lekarzeopole.pl\/wordpress\/wp-json\/wp\/v2\/comments?post=426"}],"wp:featuredmedia":[{"embeddable":true,"href":"https:\/\/lekarzeopole.pl\/wordpress\/wp-json\/wp\/v2\/media\/427"}],"wp:attachment":[{"href":"https:\/\/lekarzeopole.pl\/wordpress\/wp-json\/wp\/v2\/media?parent=426"}],"wp:term":[{"taxonomy":"product_brand","embeddable":true,"href":"https:\/\/lekarzeopole.pl\/wordpress\/wp-json\/wp\/v2\/product_brand?post=426"},{"taxonomy":"product_cat","embeddable":true,"href":"https:\/\/lekarzeopole.pl\/wordpress\/wp-json\/wp\/v2\/product_cat?post=426"},{"taxonomy":"product_tag","embeddable":true,"href":"https:\/\/lekarzeopole.pl\/wordpress\/wp-json\/wp\/v2\/product_tag?post=426"}],"curies":[{"name":"wp","href":"https:\/\/api.w.org\/{rel}","templated":true}]}}