{"id":414,"date":"2024-02-09T07:06:14","date_gmt":"2024-02-09T07:06:14","guid":{"rendered":"https:\/\/lekarzeopole.pl\/wordpress\/?post_type=product&#038;p=414"},"modified":"2025-03-04T08:52:26","modified_gmt":"2025-03-04T08:52:26","slug":"burnrizer","status":"publish","type":"product","link":"https:\/\/lekarzeopole.pl\/wordpress\/product\/burnrizer\/","title":{"rendered":"Burnrizer"},"content":{"rendered":"<div class=\"flex-1 overflow-hidden\">\n<div class=\"react-scroll-to-bottom--css-elffy-79elbk h-full\">\n<div class=\"react-scroll-to-bottom--css-elffy-1n7m0yu\">\n<div class=\"flex flex-col pb-9 text-sm\">\n<div class=\"w-full text-token-text-primary\" data-testid=\"conversation-turn-3\">\n<div class=\"px-4 py-2 justify-center text-base md:gap-6 m-auto\">\n<div class=\"flex flex-1 text-base mx-auto gap-3 md:px-5 lg:px-1 xl:px-5 md:max-w-3xl lg:max-w-[40rem] xl:max-w-[48rem] group\">\n<div class=\"relative flex w-full flex-col lg:w-[calc(100%-115px)] agent-turn\">\n<div class=\"flex-col gap-1 md:gap-3\">\n<div class=\"flex flex-grow flex-col max-w-full\">\n<div class=\"min-h-[20px] text-message flex flex-col items-start gap-3 whitespace-pre-wrap break-words [.text-message+&amp;]:mt-5 overflow-x-auto\" data-message-author-role=\"assistant\" data-message-id=\"4223cda2-3b1f-4b52-9d64-a97b28c6d4dc\">\n<div class=\"markdown prose w-full break-words dark:prose-invert light\">\n<p>W dzisiejszych czasach coraz wi\u0119cej os\u00f3b stara si\u0119 osi\u0105gn\u0105\u0107 idealn\u0105 sylwetk\u0119 poprzez zdrow\u0105 diet\u0119 i regularn\u0105 aktywno\u015b\u0107 fizyczn\u0105. Niemniej jednak, nie zawsze jest to \u0142atwe zadanie, zw\u0142aszcza gdy mamy do czynienia z uporczywymi zb\u0119dnymi kilogramami. Dlatego te\u017c coraz wi\u0119cej os\u00f3b zwraca si\u0119 ku r\u00f3\u017cnym suplementom diety, aby wspom\u00f3c proces odchudzania. Jednym z takich suplement\u00f3w jest Burnrizer &#8211; kapsu\u0142ki, kt\u00f3re pomagaj\u0105 pozby\u0107 si\u0119 nadmiaru kilogram\u00f3w, oparte na naturalnych sk\u0142adnikach.<\/p>\n<h2>Wskazania do stosowania Burnrizer<\/h2>\n<p>Burnrizer to suplement diety dedykowany osobom, kt\u00f3re pragn\u0105 skutecznie wspom\u00f3c proces odchudzania. Jest to szczeg\u00f3lnie polecane dla os\u00f3b, kt\u00f3re maj\u0105 trudno\u015bci z redukcj\u0105 tkanki t\u0142uszczowej pomimo stosowania diety i regularnej aktywno\u015bci fizycznej. Kapsu\u0142ki Burnrizer mog\u0105 by\u0107 stosowane tak\u017ce przez osoby o r\u00f3\u017cnych typach sylwetki, zar\u00f3wno przez osoby aktywne fizycznie, jak i te, kt\u00f3re dopiero rozpoczynaj\u0105 swoj\u0105 przygod\u0119 ze zdrowym stylem \u017cycia.<\/p>\n<h2>Sk\u0142ad i dzia\u0142anie sk\u0142adnik\u00f3w Burnrizer<\/h2>\n<p>Skuteczno\u015b\u0107 kapsu\u0142ek Burnrizer opiera si\u0119 na starannie dobranych naturalnych sk\u0142adnikach, kt\u00f3re dzia\u0142aj\u0105 synergistycznie, wspomagaj\u0105c proces spalania tkanki t\u0142uszczowej oraz kontroluj\u0105c apetyt. G\u0142\u00f3wne sk\u0142adniki Burnrizer to:<\/p>\n<ol>\n<li><strong>Ekstrakt z zielonej herbaty:<\/strong> Bogaty w polifenole, przyspiesza metabolizm oraz pomaga w redukcji tkanki t\u0142uszczowej poprzez zwi\u0119kszenie tempa spalania kalorii.<\/li>\n<li><strong>Garcinia Cambogia:<\/strong> Ro\u015blina znana z w\u0142a\u015bciwo\u015bci hamuj\u0105cych \u0142aknienie oraz reguluj\u0105cych poziom glukozy we krwi, co przek\u0142ada si\u0119 na zmniejszenie spo\u017cycia kalorii i kontrol\u0119 nad apetytem.<\/li>\n<li><strong>Ekstrakt z owoc\u00f3w Acai:<\/strong> Jest to silne \u017ar\u00f3d\u0142o antyoksydant\u00f3w, kt\u00f3re pomagaj\u0105 w oczyszczaniu organizmu z toksyn oraz wspieraj\u0105 metabolizm.<\/li>\n<li><strong>Zielona kawa:<\/strong> Zawiera kofein\u0119, kt\u00f3ra dodaje energii oraz przyspiesza proces spalania tkanki t\u0142uszczowej.<\/li>\n<\/ol>\n<p>Dzia\u0142anie sk\u0142adnik\u00f3w Burnrizer polega na stymulowaniu proces\u00f3w metabolicznych oraz redukcji apetytu, co przek\u0142ada si\u0119 na efektywne spalanie zb\u0119dnej tkanki t\u0142uszczowej i ograniczenie spo\u017cycia kalorii.<\/p>\n<h2>Efekty Burnrizer i ich charakterystyka<\/h2>\n<p>Regularne stosowanie kapsu\u0142ek Burnrizer mo\u017ce przynie\u015b\u0107 wiele korzy\u015bci dla os\u00f3b d\u0105\u017c\u0105cych do osi\u0105gni\u0119cia wymarzonej sylwetki. W\u015br\u00f3d g\u0142\u00f3wnych efekt\u00f3w mo\u017cna wymieni\u0107:<\/p>\n<ol>\n<li><strong>Redukcja tkanki t\u0142uszczowej:<\/strong> Dzi\u0119ki skutecznemu spalaniu t\u0142uszczu organizm zaczyna stopniowo traci\u0107 nadmiar kilogram\u00f3w, co przek\u0142ada si\u0119 na popraw\u0119 sylwetki.<\/li>\n<li><strong>Kontrola apetytu:<\/strong> Sk\u0142adniki zawarte w Burnrizer pomagaj\u0105 zredukowa\u0107 uczucie g\u0142odu oraz \u0142aknienie, co u\u0142atwia kontrolowanie ilo\u015bci spo\u017cywanych kalorii.<\/li>\n<li><strong>Zwi\u0119kszenie poziomu energii:<\/strong> Dzi\u0119ki zawarto\u015bci zielonej kawy kapsu\u0142ki Burnrizer dodaj\u0105 energii i poprawiaj\u0105 samopoczucie, co sprzyja aktywno\u015bci fizycznej.<\/li>\n<li><strong>Oczyszczenie organizmu:<\/strong> Dzi\u0119ki w\u0142a\u015bciwo\u015bciom antyoksydacyjnym ekstraktu z owoc\u00f3w Acai kapsu\u0142ki Burnrizer pomagaj\u0105 w oczyszczaniu organizmu z toksyn.<\/li>\n<\/ol>\n<p style=\"text-align: center;\"><a href=\"https:\/\/price-low.eu\/a\/4LwEH7DDVux55z\"><button>www.burnrizer.pl<\/button><\/a><\/p>\n<h2>Ryzyko skutk\u00f3w ubocznych<\/h2>\n<p>Warto podkre\u015bli\u0107, \u017ce Burnrizer to preparat oparty na naturalnych sk\u0142adnikach, dlatego ryzyko wyst\u0105pienia skutk\u00f3w ubocznych jest minimalne. Niemniej jednak, jak w przypadku ka\u017cdego suplementu diety, istnieje mo\u017cliwo\u015b\u0107 nietolerancji na kt\u00f3rykolwiek ze sk\u0142adnik\u00f3w, dlatego przed rozpocz\u0119ciem stosowania zaleca si\u0119 konsultacj\u0119 z lekarzem, zw\u0142aszcza w przypadku os\u00f3b z chorobami przewlek\u0142ymi, kobiet w ci\u0105\u017cy oraz karmi\u0105cych piersi\u0105.<\/p>\n<p><em>Burnrizer to skuteczne i bezpieczne kapsu\u0142ki, kt\u00f3re mog\u0105 by\u0107 warto\u015bciowym wsparciem w procesie odchudzania dla os\u00f3b, kt\u00f3re chc\u0105 osi\u0105gn\u0105\u0107 wymarzon\u0105 sylwetk\u0119. Dzi\u0119ki naturalnym sk\u0142adnikom i minimalnemu ryzyku skutk\u00f3w ubocznych, stanowi\u0105 one atrakcyjn\u0105 opcj\u0119 dla wszystkich, kt\u00f3rzy pragn\u0105 zdrowo i skutecznie zmniejszy\u0107 ilo\u015b\u0107 tkanki t\u0142uszczowej.<\/em><\/p>\n<\/div>\n<\/div>\n<\/div>\n<\/div>\n<\/div>\n<\/div>\n<\/div>\n<\/div>\n<div class=\"w-full text-token-text-primary\" data-testid=\"conversation-turn-5\">\n<div class=\"px-4 py-2 justify-center text-base md:gap-6 m-auto\">\n<div class=\"flex flex-1 text-base mx-auto gap-3 md:px-5 lg:px-1 xl:px-5 md:max-w-3xl lg:max-w-[40rem] xl:max-w-[48rem] group final-completion\">\n<div class=\"relative flex w-full flex-col lg:w-[calc(100%-115px)] agent-turn\">\n<div class=\"flex-col gap-1 md:gap-3\">\n<div class=\"flex flex-grow flex-col max-w-full\">\n<div class=\"min-h-[20px] text-message flex flex-col items-start gap-3 whitespace-pre-wrap break-words [.text-message+&amp;]:mt-5 overflow-x-auto\" data-message-author-role=\"assistant\" data-message-id=\"a667b2e0-8d93-4e12-8b05-9d06ea16c68a\">\n<div class=\"markdown prose w-full break-words dark:prose-invert light\">\n<h2>Opinie klient\u00f3w o Burnrizer: fora po\u015bwi\u0119cone zdrowiu<\/h2>\n<p>W Polsce fora internetowe po\u015bwi\u0119cone zdrowiu i odchudzaniu ciesz\u0105 si\u0119 ogromn\u0105 popularno\u015bci\u0105. W ostatnich latach coraz wi\u0119cej os\u00f3b dzieli si\u0119 swoimi do\u015bwiadczeniami zwi\u0105zanych z r\u00f3\u017cnymi suplementami diety, w tym tak\u017ce z Burnrizer. Dzi\u0119ki rosn\u0105cej popularno\u015bci tego preparatu, na forach mo\u017cna znale\u017a\u0107 mn\u00f3stwo opinii i recenzji, w wi\u0119kszo\u015bci bardzo pozytywnych. U\u017cytkownicy opisuj\u0105 korzystny wp\u0142yw Burnrizer na proces odchudzania, zauwa\u017caj\u0105c szybsze spalanie tkanki t\u0142uszczowej oraz redukcj\u0119 apetytu. Ponadto, wielu klient\u00f3w podkre\u015bla r\u00f3wnie\u017c \u0142atwo\u015b\u0107 dost\u0119pu do produktu oraz jego przyst\u0119pn\u0105 cen\u0119.<\/p>\n<p><strong>Oto przyk\u0142adowe opinie od u\u017cytkownik\u00f3w:<\/strong><\/p>\n<ul>\n<li><strong>Marta:<\/strong> &#8222;Od kiedy zacz\u0119\u0142am stosowa\u0107 Burnrizer, zauwa\u017cy\u0142am znaczn\u0105 popraw\u0119 mojej sylwetki. Produkt ten nie tylko pom\u00f3g\u0142 mi schudn\u0105\u0107, ale tak\u017ce zwi\u0119kszy\u0142 moj\u0105 energi\u0119 i poprawi\u0142 samopoczucie. Polecam ka\u017cdemu, kto szuka skutecznego sposobu na zrzucenie zb\u0119dnych kilogram\u00f3w!&#8221;<\/li>\n<li><strong>Piotr:<\/strong> &#8222;Jestem bardzo zadowolony z efekt\u00f3w, jakie uzyska\u0142em dzi\u0119ki Burnrizer. Dzi\u0119ki regularnemu stosowaniu tego preparatu uda\u0142o mi si\u0119 zredukowa\u0107 moj\u0105 tkank\u0119 t\u0142uszczow\u0105 i poprawi\u0107 definicj\u0119 mi\u0119\u015bni. Gor\u0105co polecam!&#8221;<\/li>\n<\/ul>\n<h2>Spos\u00f3b podawania i dawkowanie<\/h2>\n<p>Zalecane dawkowanie kapsu\u0142ek Burnrizer to jedna kapsu\u0142ka dwa razy dziennie, najlepiej przed posi\u0142kiem, popijaj\u0105c du\u017c\u0105 ilo\u015bci\u0105 wody. Regularne stosowanie produktu przynosi najlepsze efekty w po\u0142\u0105czeniu z diet\u0105 o niskiej zawarto\u015bci kalorii oraz regularn\u0105 aktywno\u015bci\u0105 fizyczn\u0105.<\/p>\n<p style=\"text-align: center;\"><a href=\"https:\/\/price-low.eu\/a\/4LwEH7DDVux55z\"><button>Zakup na stronie producenta (-50%)<\/button><\/a><\/p>\n<h2>Kup teraz Burnrizer z dostaw\u0105<\/h2>\n<p>Zam\u00f3wienie Burnrizer jest niezwykle \u0142atwe i wygodne. Produkt mo\u017cna naby\u0107 bez wychodzenia z domu poprzez oficjaln\u0105 stron\u0119 internetow\u0105 producenta. Nie ma potrzeby dokonywania p\u0142atno\u015bci z g\u00f3ry &#8211; op\u0142at\u0119 za zakup mo\u017cna uregulowa\u0107 dopiero po otrzymaniu przesy\u0142ki. Dzi\u0119ki temu klienci mog\u0105 mie\u0107 pewno\u015b\u0107, \u017ce otrzymuj\u0105 oryginalny produkt bez \u017cadnych ryzyk. Dostawa trwa zazwyczaj od 3 do 4 dni roboczych, a ka\u017cde zam\u00f3wienie jest dodatkowo potwierdzane przez specjalist\u0119 telefonicznie, kt\u00f3ry s\u0142u\u017cy pomoc\u0105 i rad\u0105 w przypadku jakichkolwiek pyta\u0144 dotycz\u0105cych produktu.<\/p>\n<h2>Por\u00f3wnanie ofert: ceny i dost\u0119pno\u015b\u0107 Burnrizer<\/h2>\n<p>Producent Burnrizer stawia na dost\u0119pno\u015b\u0107 produktu dla swoich klient\u00f3w, dlatego suplement nie jest dost\u0119pny w stacjonarnych aptekach. Jednak\u017ce mo\u017cna go \u0142atwo zakupi\u0107 poprzez oficjaln\u0105 stron\u0119 internetow\u0105 producenta, co eliminuje po\u015brednik\u00f3w i dodatkowe koszty. Dodatkowo, producent regularnie oferuje promocje i zni\u017cki, kt\u00f3re warto \u015bledzi\u0107 na stronie internetowej, aby skorzysta\u0107 z atrakcyjnych okazji cenowych. Dzi\u0119ki temu, Burnrizer jest nie tylko skutecznym, ale tak\u017ce dost\u0119pnym finansowo sposobem na osi\u0105gni\u0119cie wymarzonej sylwetki.<\/p>\n<\/div>\n<\/div>\n<\/div>\n<\/div>\n<\/div>\n<\/div>\n<\/div>\n<\/div>\n<\/div>\n<\/div>\n<\/div>\n<\/div>\n","protected":false},"excerpt":{"rendered":"<p style=\"text-align: center;\"><a href=\"https:\/\/price-low.eu\/a\/4LwEH7DDVux55z\"><button>Kup teraz<\/button><\/a><\/p>\n<p>SKU:\u00a0<span class=\"sku\">789.878.036<\/span><\/p>\n<hr \/>\n<p><small>Produkt sprzedawany jest wy\u0142\u0105cznie za po\u015brednictwem oficjalnej strony producenta, id\u017a i kupuj bezpiecznie!<\/small><\/p>\n","protected":false},"featured_media":415,"comment_status":"open","ping_status":"closed","template":"","meta":[],"product_brand":[],"product_cat":[15],"product_tag":[],"class_list":{"0":"post-414","1":"product","2":"type-product","3":"status-publish","4":"has-post-thumbnail","6":"product_cat-supl","7":"thunk-woo-product-list","8":"opn-qv-enable","9":"top-store-woo-hover-","10":"top-store-single-product-tab-horizontal","11":"top-store-shadow-","12":"top-store-shadow-hover-","14":"first","15":"instock","16":"sale","17":"shipping-taxable","18":"purchasable","19":"product-type-simple"},"yoast_head":"<!-- This site is optimized with the Yoast SEO plugin v27.4 - https:\/\/yoast.com\/product\/yoast-seo-wordpress\/ -->\n<title>Burnrizer - kup suplement, cena w aptece, sk\u0142ad, dzia\u0142anie<\/title>\n<meta name=\"robots\" content=\"index, follow, max-snippet:-1, max-image-preview:large, max-video-preview:-1\" \/>\n<link rel=\"canonical\" href=\"https:\/\/lekarzeopole.pl\/wordpress\/product\/burnrizer\/\" \/>\n<meta property=\"og:locale\" content=\"pl_PL\" \/>\n<meta property=\"og:type\" content=\"article\" \/>\n<meta property=\"og:title\" content=\"Burnrizer - kup suplement, cena w aptece, sk\u0142ad, dzia\u0142anie\" \/>\n<meta property=\"og:description\" content=\"Kup teraz SKU:\u00a0789.878.036    Produkt sprzedawany jest wy\u0142\u0105cznie za po\u015brednictwem oficjalnej strony producenta, id\u017a i kupuj bezpiecznie!\" \/>\n<meta property=\"og:url\" content=\"https:\/\/lekarzeopole.pl\/wordpress\/product\/burnrizer\/\" \/>\n<meta property=\"og:site_name\" content=\"Lekarze Opole\" \/>\n<meta property=\"article:modified_time\" content=\"2025-03-04T08:52:26+00:00\" \/>\n<meta property=\"og:image\" content=\"https:\/\/lekarzeopole.pl\/wordpress\/wp-content\/uploads\/2024\/02\/burnrizer.jpg\" \/>\n\t<meta property=\"og:image:width\" content=\"404\" \/>\n\t<meta property=\"og:image:height\" content=\"399\" \/>\n\t<meta property=\"og:image:type\" content=\"image\/jpeg\" \/>\n<meta name=\"twitter:card\" content=\"summary_large_image\" \/>\n<meta name=\"twitter:label1\" content=\"Szacowany czas czytania\" \/>\n\t<meta name=\"twitter:data1\" content=\"6 minut\" \/>\n<script type=\"application\/ld+json\" class=\"yoast-schema-graph\">{\"@context\":\"https:\\\/\\\/schema.org\",\"@graph\":[{\"@type\":\"WebPage\",\"@id\":\"https:\\\/\\\/lekarzeopole.pl\\\/wordpress\\\/product\\\/burnrizer\\\/\",\"url\":\"https:\\\/\\\/lekarzeopole.pl\\\/wordpress\\\/product\\\/burnrizer\\\/\",\"name\":\"Burnrizer - kup suplement, cena w aptece, sk\u0142ad, dzia\u0142anie\",\"isPartOf\":{\"@id\":\"https:\\\/\\\/lekarzeopole.pl\\\/wordpress\\\/#website\"},\"primaryImageOfPage\":{\"@id\":\"https:\\\/\\\/lekarzeopole.pl\\\/wordpress\\\/product\\\/burnrizer\\\/#primaryimage\"},\"image\":{\"@id\":\"https:\\\/\\\/lekarzeopole.pl\\\/wordpress\\\/product\\\/burnrizer\\\/#primaryimage\"},\"thumbnailUrl\":\"https:\\\/\\\/lekarzeopole.pl\\\/wordpress\\\/wp-content\\\/uploads\\\/2024\\\/02\\\/burnrizer.jpg\",\"datePublished\":\"2024-02-09T07:06:14+00:00\",\"dateModified\":\"2025-03-04T08:52:26+00:00\",\"breadcrumb\":{\"@id\":\"https:\\\/\\\/lekarzeopole.pl\\\/wordpress\\\/product\\\/burnrizer\\\/#breadcrumb\"},\"inLanguage\":\"pl-PL\",\"potentialAction\":[{\"@type\":\"ReadAction\",\"target\":[\"https:\\\/\\\/lekarzeopole.pl\\\/wordpress\\\/product\\\/burnrizer\\\/\"]}]},{\"@type\":\"ImageObject\",\"inLanguage\":\"pl-PL\",\"@id\":\"https:\\\/\\\/lekarzeopole.pl\\\/wordpress\\\/product\\\/burnrizer\\\/#primaryimage\",\"url\":\"https:\\\/\\\/lekarzeopole.pl\\\/wordpress\\\/wp-content\\\/uploads\\\/2024\\\/02\\\/burnrizer.jpg\",\"contentUrl\":\"https:\\\/\\\/lekarzeopole.pl\\\/wordpress\\\/wp-content\\\/uploads\\\/2024\\\/02\\\/burnrizer.jpg\",\"width\":404,\"height\":399,\"caption\":\"Burnrizer\"},{\"@type\":\"BreadcrumbList\",\"@id\":\"https:\\\/\\\/lekarzeopole.pl\\\/wordpress\\\/product\\\/burnrizer\\\/#breadcrumb\",\"itemListElement\":[{\"@type\":\"ListItem\",\"position\":1,\"name\":\"\u0413\u043b\u0430\u0432\u043d\u0430\u044f \u0441\u0442\u0440\u0430\u043d\u0438\u0446\u0430\",\"item\":\"https:\\\/\\\/lekarzeopole.pl\\\/wordpress\\\/\"},{\"@type\":\"ListItem\",\"position\":2,\"name\":\"Zakup\",\"item\":\"https:\\\/\\\/lekarzeopole.pl\\\/wordpress\\\/\"},{\"@type\":\"ListItem\",\"position\":3,\"name\":\"Burnrizer\"}]},{\"@type\":\"WebSite\",\"@id\":\"https:\\\/\\\/lekarzeopole.pl\\\/wordpress\\\/#website\",\"url\":\"https:\\\/\\\/lekarzeopole.pl\\\/wordpress\\\/\",\"name\":\"Lekarze Opole\",\"description\":\"\",\"potentialAction\":[{\"@type\":\"SearchAction\",\"target\":{\"@type\":\"EntryPoint\",\"urlTemplate\":\"https:\\\/\\\/lekarzeopole.pl\\\/wordpress\\\/?s={search_term_string}\"},\"query-input\":{\"@type\":\"PropertyValueSpecification\",\"valueRequired\":true,\"valueName\":\"search_term_string\"}}],\"inLanguage\":\"pl-PL\"}]}<\/script>\n<!-- \/ Yoast SEO plugin. -->","yoast_head_json":{"title":"Burnrizer - kup suplement, cena w aptece, sk\u0142ad, dzia\u0142anie","robots":{"index":"index","follow":"follow","max-snippet":"max-snippet:-1","max-image-preview":"max-image-preview:large","max-video-preview":"max-video-preview:-1"},"canonical":"https:\/\/lekarzeopole.pl\/wordpress\/product\/burnrizer\/","og_locale":"pl_PL","og_type":"article","og_title":"Burnrizer - kup suplement, cena w aptece, sk\u0142ad, dzia\u0142anie","og_description":"Kup teraz SKU:\u00a0789.878.036    Produkt sprzedawany jest wy\u0142\u0105cznie za po\u015brednictwem oficjalnej strony producenta, id\u017a i kupuj bezpiecznie!","og_url":"https:\/\/lekarzeopole.pl\/wordpress\/product\/burnrizer\/","og_site_name":"Lekarze Opole","article_modified_time":"2025-03-04T08:52:26+00:00","og_image":[{"width":404,"height":399,"url":"https:\/\/lekarzeopole.pl\/wordpress\/wp-content\/uploads\/2024\/02\/burnrizer.jpg","type":"image\/jpeg"}],"twitter_card":"summary_large_image","twitter_misc":{"Szacowany czas czytania":"6 minut"},"schema":{"@context":"https:\/\/schema.org","@graph":[{"@type":"WebPage","@id":"https:\/\/lekarzeopole.pl\/wordpress\/product\/burnrizer\/","url":"https:\/\/lekarzeopole.pl\/wordpress\/product\/burnrizer\/","name":"Burnrizer - kup suplement, cena w aptece, sk\u0142ad, dzia\u0142anie","isPartOf":{"@id":"https:\/\/lekarzeopole.pl\/wordpress\/#website"},"primaryImageOfPage":{"@id":"https:\/\/lekarzeopole.pl\/wordpress\/product\/burnrizer\/#primaryimage"},"image":{"@id":"https:\/\/lekarzeopole.pl\/wordpress\/product\/burnrizer\/#primaryimage"},"thumbnailUrl":"https:\/\/lekarzeopole.pl\/wordpress\/wp-content\/uploads\/2024\/02\/burnrizer.jpg","datePublished":"2024-02-09T07:06:14+00:00","dateModified":"2025-03-04T08:52:26+00:00","breadcrumb":{"@id":"https:\/\/lekarzeopole.pl\/wordpress\/product\/burnrizer\/#breadcrumb"},"inLanguage":"pl-PL","potentialAction":[{"@type":"ReadAction","target":["https:\/\/lekarzeopole.pl\/wordpress\/product\/burnrizer\/"]}]},{"@type":"ImageObject","inLanguage":"pl-PL","@id":"https:\/\/lekarzeopole.pl\/wordpress\/product\/burnrizer\/#primaryimage","url":"https:\/\/lekarzeopole.pl\/wordpress\/wp-content\/uploads\/2024\/02\/burnrizer.jpg","contentUrl":"https:\/\/lekarzeopole.pl\/wordpress\/wp-content\/uploads\/2024\/02\/burnrizer.jpg","width":404,"height":399,"caption":"Burnrizer"},{"@type":"BreadcrumbList","@id":"https:\/\/lekarzeopole.pl\/wordpress\/product\/burnrizer\/#breadcrumb","itemListElement":[{"@type":"ListItem","position":1,"name":"\u0413\u043b\u0430\u0432\u043d\u0430\u044f \u0441\u0442\u0440\u0430\u043d\u0438\u0446\u0430","item":"https:\/\/lekarzeopole.pl\/wordpress\/"},{"@type":"ListItem","position":2,"name":"Zakup","item":"https:\/\/lekarzeopole.pl\/wordpress\/"},{"@type":"ListItem","position":3,"name":"Burnrizer"}]},{"@type":"WebSite","@id":"https:\/\/lekarzeopole.pl\/wordpress\/#website","url":"https:\/\/lekarzeopole.pl\/wordpress\/","name":"Lekarze Opole","description":"","potentialAction":[{"@type":"SearchAction","target":{"@type":"EntryPoint","urlTemplate":"https:\/\/lekarzeopole.pl\/wordpress\/?s={search_term_string}"},"query-input":{"@type":"PropertyValueSpecification","valueRequired":true,"valueName":"search_term_string"}}],"inLanguage":"pl-PL"}]}},"_links":{"self":[{"href":"https:\/\/lekarzeopole.pl\/wordpress\/wp-json\/wp\/v2\/product\/414","targetHints":{"allow":["GET"]}}],"collection":[{"href":"https:\/\/lekarzeopole.pl\/wordpress\/wp-json\/wp\/v2\/product"}],"about":[{"href":"https:\/\/lekarzeopole.pl\/wordpress\/wp-json\/wp\/v2\/types\/product"}],"replies":[{"embeddable":true,"href":"https:\/\/lekarzeopole.pl\/wordpress\/wp-json\/wp\/v2\/comments?post=414"}],"wp:featuredmedia":[{"embeddable":true,"href":"https:\/\/lekarzeopole.pl\/wordpress\/wp-json\/wp\/v2\/media\/415"}],"wp:attachment":[{"href":"https:\/\/lekarzeopole.pl\/wordpress\/wp-json\/wp\/v2\/media?parent=414"}],"wp:term":[{"taxonomy":"product_brand","embeddable":true,"href":"https:\/\/lekarzeopole.pl\/wordpress\/wp-json\/wp\/v2\/product_brand?post=414"},{"taxonomy":"product_cat","embeddable":true,"href":"https:\/\/lekarzeopole.pl\/wordpress\/wp-json\/wp\/v2\/product_cat?post=414"},{"taxonomy":"product_tag","embeddable":true,"href":"https:\/\/lekarzeopole.pl\/wordpress\/wp-json\/wp\/v2\/product_tag?post=414"}],"curies":[{"name":"wp","href":"https:\/\/api.w.org\/{rel}","templated":true}]}}