{"id":404,"date":"2024-02-08T11:39:34","date_gmt":"2024-02-08T11:39:34","guid":{"rendered":"https:\/\/lekarzeopole.pl\/wordpress\/?post_type=product&#038;p=404"},"modified":"2025-03-04T08:42:34","modified_gmt":"2025-03-04T08:42:34","slug":"audiovico","status":"publish","type":"product","link":"https:\/\/lekarzeopole.pl\/wordpress\/product\/audiovico\/","title":{"rendered":"Audiovico"},"content":{"rendered":"<div class=\"w-full text-token-text-primary\" data-testid=\"conversation-turn-3\">\n<div class=\"px-4 py-2 justify-center text-base md:gap-6 m-auto\">\n<div class=\"flex flex-1 text-base mx-auto gap-3 md:px-5 lg:px-1 xl:px-5 md:max-w-3xl lg:max-w-[40rem] xl:max-w-[48rem] group\">\n<div class=\"relative flex w-full flex-col lg:w-[calc(100%-115px)] agent-turn\">\n<div class=\"flex-col gap-1 md:gap-3\">\n<div class=\"flex flex-grow flex-col max-w-full\">\n<div class=\"min-h-[20px] text-message flex flex-col items-start gap-3 whitespace-pre-wrap break-words [.text-message+&amp;]:mt-5 overflow-x-auto\" data-message-author-role=\"assistant\" data-message-id=\"be0c35c1-e4ac-4de9-a833-c31603ed2e78\">\n<div class=\"markdown prose w-full break-words dark:prose-invert light\">\n<p>W dzisiejszym szybkim tempie \u017cycia coraz wi\u0119cej os\u00f3b do\u015bwiadcza problem\u00f3w ze zdrowiem, w tym r\u00f3wnie\u017c ze zdrowiem s\u0142uchu. Zanieczyszczenie d\u017awi\u0119kiem, starzenie si\u0119 populacji oraz szereg innych czynnik\u00f3w mog\u0105 prowadzi\u0107 do r\u00f3\u017cnego rodzaju zaburze\u0144 s\u0142uchu. Na szcz\u0119\u015bcie istniej\u0105 naturalne sposoby wspierania zdrowia s\u0142uchu, a jednym z nich s\u0105 kapsu\u0142ki Audiovico. W tej artykule przyjrzymy si\u0119 bli\u017cej temu produktowi, jego sk\u0142adnikom, dzia\u0142aniu oraz skuteczno\u015bci, a tak\u017ce ryzyku skutk\u00f3w ubocznych.<\/p>\n<h2>Wskazania do stosowania Audiovico<\/h2>\n<p>Kapsu\u0142ki Audiovico s\u0105 dedykowane osobom zmagaj\u0105cym si\u0119 z r\u00f3\u017cnego rodzaju problemami ze s\u0142uchem. Wskazania do stosowania tego preparatu obejmuj\u0105:<\/p>\n<ol>\n<li><strong>Problemy ze s\u0142yszeniem<\/strong> &#8211; Osoby do\u015bwiadczaj\u0105ce trudno\u015bci ze s\u0142yszeniem zar\u00f3wno w cichych, jak i g\u0142o\u015bnych otoczeniach mog\u0105 skorzysta\u0107 z dobroczynnych w\u0142a\u015bciwo\u015bci Audiovico.<\/li>\n<li><strong>Szumy uszne<\/strong> &#8211; Dla tych, kt\u00f3rzy cierpi\u0105 z powodu irytuj\u0105cych szum\u00f3w lub szmer\u00f3w w uszach, regularne stosowanie kapsu\u0142ek Audiovico mo\u017ce przynie\u015b\u0107 ulg\u0119.<\/li>\n<li><strong>Zanik s\u0142uchu zwi\u0105zany z wiekiem<\/strong> &#8211; Starzej\u0105ca si\u0119 populacja cz\u0119sto boryka si\u0119 z naturalnym spadkiem zdolno\u015bci s\u0142uchowych. Audiovico mo\u017ce wspom\u00f3c utrzymanie zdrowego s\u0142uchu w starszym wieku.<\/li>\n<\/ol>\n<h2>Sk\u0142ad i dzia\u0142anie sk\u0142adnik\u00f3w Audiovico<\/h2>\n<p>Audiovico zawiera starannie dobrany zestaw naturalnych sk\u0142adnik\u00f3w, kt\u00f3re wspomagaj\u0105 zdrowie s\u0142uchu. Kluczowe sk\u0142adniki to:<\/p>\n<ol>\n<li><strong>Witamina A<\/strong> &#8211; Istotna dla zdrowia b\u0142ony \u015bluzowej ucha, witamina A mo\u017ce wspiera\u0107 zdrowy rozw\u00f3j narz\u0105du s\u0142uchu.<\/li>\n<li><strong>Witamina E<\/strong> &#8211; Silny antyoksydant, kt\u00f3ry pomaga chroni\u0107 kom\u00f3rki ucha przed szkodliwym dzia\u0142aniem wolnych rodnik\u00f3w.<\/li>\n<li><strong>Zielona herbata<\/strong> &#8211; Znana ze swoich w\u0142a\u015bciwo\u015bci przeciwutleniaj\u0105cych, mo\u017ce pom\u00f3c w ochronie kom\u00f3rek przed uszkodzeniem.<\/li>\n<li><strong>Ekstrakt z pestek winogron<\/strong> &#8211; Zawiera zwi\u0105zki o dzia\u0142aniu przeciwzapalnym, kt\u00f3re mog\u0105 pom\u00f3c w redukcji stan\u00f3w zapalnych w uchu.<\/li>\n<\/ol>\n<h2>Efekty Audiovico i ich charakterystyka<\/h2>\n<p>Regularne stosowanie kapsu\u0142ek Audiovico mo\u017ce przynie\u015b\u0107 szereg korzy\u015bci dla zdrowia s\u0142uchu. Niekt\u00f3re z g\u0142\u00f3wnych efekt\u00f3w to:<\/p>\n<ol>\n<li><strong>Poprawa zdolno\u015bci s\u0142uchowych<\/strong> &#8211; Osoby stosuj\u0105ce Audiovico mog\u0105 do\u015bwiadczy\u0107 poprawy jako\u015bci swojego s\u0142uchu zar\u00f3wno w przypadku d\u017awi\u0119k\u00f3w wysokich, jak i niskich.<\/li>\n<li><strong>Redukcja szum\u00f3w usznych<\/strong> &#8211; Wielu u\u017cytkownik\u00f3w zauwa\u017ca zmniejszenie uci\u0105\u017cliwych szum\u00f3w lub szmer\u00f3w w uszach po regularnym stosowaniu preparatu.<\/li>\n<li><strong>Ochrona przed uszkodzeniami<\/strong> &#8211; Dzi\u0119ki zawarto\u015bci antyoksydant\u00f3w, Audiovico mo\u017ce pom\u00f3c w ochronie kom\u00f3rek ucha przed szkodliwymi czynnikami zewn\u0119trznymi.<\/li>\n<\/ol>\n<p style=\"text-align: center;\"><a href=\"https:\/\/price-low.eu\/a\/4LwEH7O0nTx5XG\"><button>www.audiovico.pl<\/button><\/a><\/p>\n<h2>Ryzyko skutk\u00f3w ubocznych<\/h2>\n<p>Preparat Audiovico jest oparty na naturalnych sk\u0142adnikach, dlatego ryzyko wyst\u0105pienia skutk\u00f3w ubocznych jest minimalne. Dzi\u0119ki starannie dobranym sk\u0142adnikom i braku substancji chemicznych, kapsu\u0142ki s\u0105 dobrze tolerowane przez wi\u0119kszo\u015b\u0107 u\u017cytkownik\u00f3w. Jednak\u017ce, jak w przypadku ka\u017cdego suplementu, zaleca si\u0119 konsultacj\u0119 z lekarzem przed rozpocz\u0119ciem stosowania, zw\u0142aszcza dla os\u00f3b z istniej\u0105cymi schorzeniami lub przyjmuj\u0105cych inne leki.<\/p>\n<p><em>Kapsu\u0142ki Audiovico stanowi\u0105 naturalne wsparcie dla zdrowia s\u0142uchu, oferuj\u0105c skuteczn\u0105 i bezpieczn\u0105 opcj\u0119 dla os\u00f3b zmagaj\u0105cych si\u0119 z r\u00f3\u017cnego rodzaju problemami s\u0142uchowymi. Dzi\u0119ki starannie dobranym sk\u0142adnikom, preparat mo\u017ce pom\u00f3c w poprawie zdolno\u015bci s\u0142uchowych, redukcji szum\u00f3w usznych oraz ochronie przed uszkodzeniami. Przed rozpocz\u0119ciem stosowania zawsze warto skonsultowa\u0107 si\u0119 z lekarzem, aby upewni\u0107 si\u0119, \u017ce preparat jest odpowiedni dla danego przypadku.<\/em><\/p>\n<\/div>\n<\/div>\n<\/div>\n<\/div>\n<\/div>\n<\/div>\n<\/div>\n<\/div>\n<div class=\"w-full text-token-text-primary\" data-testid=\"conversation-turn-5\">\n<div class=\"px-4 py-2 justify-center text-base md:gap-6 m-auto\">\n<div class=\"flex flex-1 text-base mx-auto gap-3 md:px-5 lg:px-1 xl:px-5 md:max-w-3xl lg:max-w-[40rem] xl:max-w-[48rem] group final-completion\">\n<div class=\"relative flex w-full flex-col lg:w-[calc(100%-115px)] agent-turn\">\n<div class=\"flex-col gap-1 md:gap-3\">\n<div class=\"flex flex-grow flex-col max-w-full\">\n<div class=\"min-h-[20px] text-message flex flex-col items-start gap-3 whitespace-pre-wrap break-words [.text-message+&amp;]:mt-5 overflow-x-auto\" data-message-author-role=\"assistant\" data-message-id=\"28d87475-6d04-4580-b801-3c32100cee09\">\n<div class=\"markdown prose w-full break-words dark:prose-invert light\">\n<h2>Opinie klient\u00f3w o Audiovico: fora po\u015bwi\u0119cone zdrowiu<\/h2>\n<p>W Polsce fora internetowe po\u015bwi\u0119cone zdrowiu ciesz\u0105 si\u0119 coraz wi\u0119ksz\u0105 popularno\u015bci\u0105 w\u015br\u00f3d os\u00f3b poszukuj\u0105cych informacji na temat r\u00f3\u017cnych suplement\u00f3w diety i produkt\u00f3w zdrowotnych. Audiovico, jako jeden z popularnych preparat\u00f3w wspomagaj\u0105cych zdrowie s\u0142uchu, przyci\u0105ga uwag\u0119 wielu u\u017cytkownik\u00f3w, kt\u00f3rzy ch\u0119tnie dziel\u0105 si\u0119 swoimi opiniami na temat tego produktu.<\/p>\n<p>Wi\u0119kszo\u015b\u0107 recenzji Audiovico jest pozytywna, a u\u017cytkownicy opisuj\u0105 korzy\u015bci p\u0142yn\u0105ce z regularnego stosowania kapsu\u0142ek. Poni\u017cej przedstawiamy dwa komentarze od u\u017cytkownik\u00f3w:<\/p>\n<ol>\n<li><strong>Aneta<\/strong>: &#8222;Jestem zachwycona efektami, jakie przynios\u0142o mi stosowanie Audiovico. Moje szumy uszne znacznie si\u0119 zmniejszy\u0142y, a og\u00f3lna jako\u015b\u0107 mojego s\u0142uchu uleg\u0142a poprawie. Dodatkowo, sk\u0142adniki preparatu s\u0105 naturalne, co dodatkowo mnie przekonuje do jego stosowania.&#8221;<\/li>\n<li><strong>Krzysztof<\/strong>: &#8222;Audiovico okaza\u0142o si\u0119 strza\u0142em w dziesi\u0105tk\u0119! Pr\u00f3bowa\u0142em r\u00f3\u017cnych suplement\u00f3w na popraw\u0119 s\u0142uchu, ale \u017caden nie przyni\u00f3s\u0142 takich rezultat\u00f3w jak ten. Polecam wszystkim, kt\u00f3rzy zmagaj\u0105 si\u0119 z problemami s\u0142uchowymi.&#8221;<\/li>\n<\/ol>\n<h2>Spos\u00f3b podawania i dawkowanie<\/h2>\n<p>Zalecane dawkowanie kapsu\u0142ek Audiovico to jedna kapsu\u0142ka dziennie, najlepiej podczas posi\u0142ku, popijaj\u0105c du\u017c\u0105 ilo\u015bci\u0105 wody. Regularne stosowanie preparatu mo\u017ce przynie\u015b\u0107 najlepsze efekty dla zdrowia s\u0142uchu.<\/p>\n<h2>Kup teraz Audiovico z dostaw\u0105<\/h2>\n<p>Zam\u00f3wienie kapsu\u0142ek Audiovico jest proste i wygodne. Produkt mo\u017cna zakupi\u0107 online na oficjalnej stronie producenta, bez konieczno\u015bci przedp\u0142aty. Oznacza to, \u017ce p\u0142atno\u015b\u0107 dokonuje si\u0119 dopiero przy odbiorze paczki, co zapewnia pewno\u015b\u0107 co do oryginalno\u015bci produktu oraz minimalizuje ryzyko niezadowolenia z zakupu.<\/p>\n<p>Dostawa kapsu\u0142ek Audiovico zajmuje zazwyczaj od 3 do 4 dni roboczych, dzi\u0119ki czemu szybko mo\u017cna cieszy\u0107 si\u0119 korzy\u015bciami p\u0142yn\u0105cymi z regularnego stosowania preparatu. Dodatkowo, po z\u0142o\u017ceniu zam\u00f3wienia, klient jest kontaktowany przez specjalist\u0119, kt\u00f3ry potwierdza szczeg\u00f3\u0142y zam\u00f3wienia i mo\u017ce udzieli\u0107 dodatkowych informacji na temat produktu.<\/p>\n<p style=\"text-align: center;\"><a href=\"https:\/\/price-low.eu\/a\/4LwEH7O0nTx5XG\"><button>Zakup na stronie producenta (-50%)<\/button><\/a><\/p>\n<h2>Por\u00f3wnanie ofert: ceny i dost\u0119pno\u015b\u0107 Audiovico<\/h2>\n<p>Producenci k\u0142ad\u0105 du\u017cy nacisk na dost\u0119pno\u015b\u0107 kapsu\u0142ek Audiovico dla klient\u00f3w, dlatego produkt mo\u017cna naby\u0107 wy\u0142\u0105cznie na oficjalnej stronie producenta. Dzi\u0119ki temu unika si\u0119 po\u015brednik\u00f3w i dodatkowych mar\u017c, co przek\u0142ada si\u0119 na korzystne ceny dla klient\u00f3w.<\/p>\n<p>Na stronie producenta cz\u0119sto dost\u0119pne s\u0105 tak\u017ce promocje i specjalne oferty, kt\u00f3re pozwalaj\u0105 zaoszcz\u0119dzi\u0107 na zakupie Audiovico. Warto regularnie sprawdza\u0107 aktualne promocje, aby skorzysta\u0107 z atrakcyjnych rabat\u00f3w. Ze wzgl\u0119du na polityk\u0119 firmy, kapsu\u0142ki Audiovico nie s\u0105 dost\u0119pne w stacjonarnych aptekach, co sprawia, \u017ce zakup online jest jedyn\u0105 opcj\u0105 dla zainteresowanych klient\u00f3w.<\/p>\n<\/div>\n<\/div>\n<\/div>\n<\/div>\n<\/div>\n<\/div>\n<\/div>\n<\/div>\n","protected":false},"excerpt":{"rendered":"<p style=\"text-align: center;\"><a href=\"https:\/\/price-low.eu\/a\/4LwEH7O0nTx5XG\"><button>Kup teraz<\/button><\/a><\/p>\n<p>SKU:\u00a0<span class=\"sku\">789.878.029<\/span><\/p>\n<hr \/>\n<p><small>Produkt sprzedawany jest wy\u0142\u0105cznie za po\u015brednictwem oficjalnej strony producenta, id\u017a i kupuj bezpiecznie!<\/small><\/p>\n","protected":false},"featured_media":405,"comment_status":"open","ping_status":"closed","template":"","meta":[],"product_brand":[],"product_cat":[15],"product_tag":[],"class_list":{"0":"post-404","1":"product","2":"type-product","3":"status-publish","4":"has-post-thumbnail","6":"product_cat-supl","7":"thunk-woo-product-list","8":"opn-qv-enable","9":"top-store-woo-hover-","10":"top-store-single-product-tab-horizontal","11":"top-store-shadow-","12":"top-store-shadow-hover-","14":"first","15":"instock","16":"sale","17":"shipping-taxable","18":"purchasable","19":"product-type-simple"},"yoast_head":"<!-- This site is optimized with the Yoast SEO plugin v27.4 - https:\/\/yoast.com\/product\/yoast-seo-wordpress\/ -->\n<title>Audiovico - kup suplement, cena w aptece, sk\u0142ad, dzia\u0142anie<\/title>\n<meta name=\"robots\" content=\"index, follow, max-snippet:-1, max-image-preview:large, max-video-preview:-1\" \/>\n<link rel=\"canonical\" href=\"https:\/\/lekarzeopole.pl\/wordpress\/product\/audiovico\/\" \/>\n<meta property=\"og:locale\" content=\"pl_PL\" \/>\n<meta property=\"og:type\" content=\"article\" \/>\n<meta property=\"og:title\" content=\"Audiovico - kup suplement, cena w aptece, sk\u0142ad, dzia\u0142anie\" \/>\n<meta property=\"og:description\" content=\"Kup teraz SKU:\u00a0789.878.029    Produkt sprzedawany jest wy\u0142\u0105cznie za po\u015brednictwem oficjalnej strony producenta, id\u017a i kupuj bezpiecznie!\" \/>\n<meta property=\"og:url\" content=\"https:\/\/lekarzeopole.pl\/wordpress\/product\/audiovico\/\" \/>\n<meta property=\"og:site_name\" content=\"Lekarze Opole\" \/>\n<meta property=\"article:modified_time\" content=\"2025-03-04T08:42:34+00:00\" \/>\n<meta property=\"og:image\" content=\"https:\/\/lekarzeopole.pl\/wordpress\/wp-content\/uploads\/2024\/02\/audiovico.png\" \/>\n\t<meta property=\"og:image:width\" content=\"400\" \/>\n\t<meta property=\"og:image:height\" content=\"400\" \/>\n\t<meta property=\"og:image:type\" content=\"image\/png\" \/>\n<meta name=\"twitter:card\" content=\"summary_large_image\" \/>\n<meta name=\"twitter:label1\" content=\"Szacowany czas czytania\" \/>\n\t<meta name=\"twitter:data1\" content=\"5 minut\" \/>\n<script type=\"application\/ld+json\" class=\"yoast-schema-graph\">{\"@context\":\"https:\\\/\\\/schema.org\",\"@graph\":[{\"@type\":\"WebPage\",\"@id\":\"https:\\\/\\\/lekarzeopole.pl\\\/wordpress\\\/product\\\/audiovico\\\/\",\"url\":\"https:\\\/\\\/lekarzeopole.pl\\\/wordpress\\\/product\\\/audiovico\\\/\",\"name\":\"Audiovico - kup suplement, cena w aptece, sk\u0142ad, dzia\u0142anie\",\"isPartOf\":{\"@id\":\"https:\\\/\\\/lekarzeopole.pl\\\/wordpress\\\/#website\"},\"primaryImageOfPage\":{\"@id\":\"https:\\\/\\\/lekarzeopole.pl\\\/wordpress\\\/product\\\/audiovico\\\/#primaryimage\"},\"image\":{\"@id\":\"https:\\\/\\\/lekarzeopole.pl\\\/wordpress\\\/product\\\/audiovico\\\/#primaryimage\"},\"thumbnailUrl\":\"https:\\\/\\\/lekarzeopole.pl\\\/wordpress\\\/wp-content\\\/uploads\\\/2024\\\/02\\\/audiovico.png\",\"datePublished\":\"2024-02-08T11:39:34+00:00\",\"dateModified\":\"2025-03-04T08:42:34+00:00\",\"breadcrumb\":{\"@id\":\"https:\\\/\\\/lekarzeopole.pl\\\/wordpress\\\/product\\\/audiovico\\\/#breadcrumb\"},\"inLanguage\":\"pl-PL\",\"potentialAction\":[{\"@type\":\"ReadAction\",\"target\":[\"https:\\\/\\\/lekarzeopole.pl\\\/wordpress\\\/product\\\/audiovico\\\/\"]}]},{\"@type\":\"ImageObject\",\"inLanguage\":\"pl-PL\",\"@id\":\"https:\\\/\\\/lekarzeopole.pl\\\/wordpress\\\/product\\\/audiovico\\\/#primaryimage\",\"url\":\"https:\\\/\\\/lekarzeopole.pl\\\/wordpress\\\/wp-content\\\/uploads\\\/2024\\\/02\\\/audiovico.png\",\"contentUrl\":\"https:\\\/\\\/lekarzeopole.pl\\\/wordpress\\\/wp-content\\\/uploads\\\/2024\\\/02\\\/audiovico.png\",\"width\":400,\"height\":400,\"caption\":\"Audiovico\"},{\"@type\":\"BreadcrumbList\",\"@id\":\"https:\\\/\\\/lekarzeopole.pl\\\/wordpress\\\/product\\\/audiovico\\\/#breadcrumb\",\"itemListElement\":[{\"@type\":\"ListItem\",\"position\":1,\"name\":\"\u0413\u043b\u0430\u0432\u043d\u0430\u044f \u0441\u0442\u0440\u0430\u043d\u0438\u0446\u0430\",\"item\":\"https:\\\/\\\/lekarzeopole.pl\\\/wordpress\\\/\"},{\"@type\":\"ListItem\",\"position\":2,\"name\":\"Zakup\",\"item\":\"https:\\\/\\\/lekarzeopole.pl\\\/wordpress\\\/\"},{\"@type\":\"ListItem\",\"position\":3,\"name\":\"Audiovico\"}]},{\"@type\":\"WebSite\",\"@id\":\"https:\\\/\\\/lekarzeopole.pl\\\/wordpress\\\/#website\",\"url\":\"https:\\\/\\\/lekarzeopole.pl\\\/wordpress\\\/\",\"name\":\"Lekarze Opole\",\"description\":\"\",\"potentialAction\":[{\"@type\":\"SearchAction\",\"target\":{\"@type\":\"EntryPoint\",\"urlTemplate\":\"https:\\\/\\\/lekarzeopole.pl\\\/wordpress\\\/?s={search_term_string}\"},\"query-input\":{\"@type\":\"PropertyValueSpecification\",\"valueRequired\":true,\"valueName\":\"search_term_string\"}}],\"inLanguage\":\"pl-PL\"}]}<\/script>\n<!-- \/ Yoast SEO plugin. -->","yoast_head_json":{"title":"Audiovico - kup suplement, cena w aptece, sk\u0142ad, dzia\u0142anie","robots":{"index":"index","follow":"follow","max-snippet":"max-snippet:-1","max-image-preview":"max-image-preview:large","max-video-preview":"max-video-preview:-1"},"canonical":"https:\/\/lekarzeopole.pl\/wordpress\/product\/audiovico\/","og_locale":"pl_PL","og_type":"article","og_title":"Audiovico - kup suplement, cena w aptece, sk\u0142ad, dzia\u0142anie","og_description":"Kup teraz SKU:\u00a0789.878.029    Produkt sprzedawany jest wy\u0142\u0105cznie za po\u015brednictwem oficjalnej strony producenta, id\u017a i kupuj bezpiecznie!","og_url":"https:\/\/lekarzeopole.pl\/wordpress\/product\/audiovico\/","og_site_name":"Lekarze Opole","article_modified_time":"2025-03-04T08:42:34+00:00","og_image":[{"width":400,"height":400,"url":"https:\/\/lekarzeopole.pl\/wordpress\/wp-content\/uploads\/2024\/02\/audiovico.png","type":"image\/png"}],"twitter_card":"summary_large_image","twitter_misc":{"Szacowany czas czytania":"5 minut"},"schema":{"@context":"https:\/\/schema.org","@graph":[{"@type":"WebPage","@id":"https:\/\/lekarzeopole.pl\/wordpress\/product\/audiovico\/","url":"https:\/\/lekarzeopole.pl\/wordpress\/product\/audiovico\/","name":"Audiovico - kup suplement, cena w aptece, sk\u0142ad, dzia\u0142anie","isPartOf":{"@id":"https:\/\/lekarzeopole.pl\/wordpress\/#website"},"primaryImageOfPage":{"@id":"https:\/\/lekarzeopole.pl\/wordpress\/product\/audiovico\/#primaryimage"},"image":{"@id":"https:\/\/lekarzeopole.pl\/wordpress\/product\/audiovico\/#primaryimage"},"thumbnailUrl":"https:\/\/lekarzeopole.pl\/wordpress\/wp-content\/uploads\/2024\/02\/audiovico.png","datePublished":"2024-02-08T11:39:34+00:00","dateModified":"2025-03-04T08:42:34+00:00","breadcrumb":{"@id":"https:\/\/lekarzeopole.pl\/wordpress\/product\/audiovico\/#breadcrumb"},"inLanguage":"pl-PL","potentialAction":[{"@type":"ReadAction","target":["https:\/\/lekarzeopole.pl\/wordpress\/product\/audiovico\/"]}]},{"@type":"ImageObject","inLanguage":"pl-PL","@id":"https:\/\/lekarzeopole.pl\/wordpress\/product\/audiovico\/#primaryimage","url":"https:\/\/lekarzeopole.pl\/wordpress\/wp-content\/uploads\/2024\/02\/audiovico.png","contentUrl":"https:\/\/lekarzeopole.pl\/wordpress\/wp-content\/uploads\/2024\/02\/audiovico.png","width":400,"height":400,"caption":"Audiovico"},{"@type":"BreadcrumbList","@id":"https:\/\/lekarzeopole.pl\/wordpress\/product\/audiovico\/#breadcrumb","itemListElement":[{"@type":"ListItem","position":1,"name":"\u0413\u043b\u0430\u0432\u043d\u0430\u044f \u0441\u0442\u0440\u0430\u043d\u0438\u0446\u0430","item":"https:\/\/lekarzeopole.pl\/wordpress\/"},{"@type":"ListItem","position":2,"name":"Zakup","item":"https:\/\/lekarzeopole.pl\/wordpress\/"},{"@type":"ListItem","position":3,"name":"Audiovico"}]},{"@type":"WebSite","@id":"https:\/\/lekarzeopole.pl\/wordpress\/#website","url":"https:\/\/lekarzeopole.pl\/wordpress\/","name":"Lekarze Opole","description":"","potentialAction":[{"@type":"SearchAction","target":{"@type":"EntryPoint","urlTemplate":"https:\/\/lekarzeopole.pl\/wordpress\/?s={search_term_string}"},"query-input":{"@type":"PropertyValueSpecification","valueRequired":true,"valueName":"search_term_string"}}],"inLanguage":"pl-PL"}]}},"_links":{"self":[{"href":"https:\/\/lekarzeopole.pl\/wordpress\/wp-json\/wp\/v2\/product\/404","targetHints":{"allow":["GET"]}}],"collection":[{"href":"https:\/\/lekarzeopole.pl\/wordpress\/wp-json\/wp\/v2\/product"}],"about":[{"href":"https:\/\/lekarzeopole.pl\/wordpress\/wp-json\/wp\/v2\/types\/product"}],"replies":[{"embeddable":true,"href":"https:\/\/lekarzeopole.pl\/wordpress\/wp-json\/wp\/v2\/comments?post=404"}],"wp:featuredmedia":[{"embeddable":true,"href":"https:\/\/lekarzeopole.pl\/wordpress\/wp-json\/wp\/v2\/media\/405"}],"wp:attachment":[{"href":"https:\/\/lekarzeopole.pl\/wordpress\/wp-json\/wp\/v2\/media?parent=404"}],"wp:term":[{"taxonomy":"product_brand","embeddable":true,"href":"https:\/\/lekarzeopole.pl\/wordpress\/wp-json\/wp\/v2\/product_brand?post=404"},{"taxonomy":"product_cat","embeddable":true,"href":"https:\/\/lekarzeopole.pl\/wordpress\/wp-json\/wp\/v2\/product_cat?post=404"},{"taxonomy":"product_tag","embeddable":true,"href":"https:\/\/lekarzeopole.pl\/wordpress\/wp-json\/wp\/v2\/product_tag?post=404"}],"curies":[{"name":"wp","href":"https:\/\/api.w.org\/{rel}","templated":true}]}}