{"id":402,"date":"2024-02-08T11:30:17","date_gmt":"2024-02-08T11:30:17","guid":{"rendered":"https:\/\/lekarzeopole.pl\/wordpress\/?post_type=product&#038;p=402"},"modified":"2025-12-26T17:19:37","modified_gmt":"2025-12-26T17:19:37","slug":"flexicoldin","status":"publish","type":"product","link":"https:\/\/lekarzeopole.pl\/wordpress\/product\/flexicoldin\/","title":{"rendered":"Flexicoldin"},"content":{"rendered":"<div class=\"flex-1 overflow-hidden\">\n<div class=\"react-scroll-to-bottom--css-wmavl-79elbk h-full\">\n<div class=\"react-scroll-to-bottom--css-wmavl-1n7m0yu\">\n<div class=\"flex flex-col pb-9 text-sm\">\n<div class=\"w-full text-token-text-primary\" data-testid=\"conversation-turn-3\">\n<div class=\"px-4 py-2 justify-center text-base md:gap-6 m-auto\">\n<div class=\"flex flex-1 text-base mx-auto gap-3 md:px-5 lg:px-1 xl:px-5 md:max-w-3xl lg:max-w-[40rem] xl:max-w-[48rem] group\">\n<div class=\"relative flex w-full flex-col lg:w-[calc(100%-115px)] agent-turn\">\n<div class=\"flex-col gap-1 md:gap-3\">\n<div class=\"flex flex-grow flex-col max-w-full\">\n<div class=\"min-h-[20px] text-message flex flex-col items-start gap-3 whitespace-pre-wrap break-words [.text-message+&amp;]:mt-5 overflow-x-auto\" data-message-author-role=\"assistant\" data-message-id=\"3c26d999-b231-4d44-af19-460e31d6315b\">\n<div class=\"markdown prose w-full break-words dark:prose-invert light\">\n<p>W dzisiejszym zabieganym \u015bwiecie problemy ze stawami staj\u0105 si\u0119 coraz powszechniejsze, szczeg\u00f3lnie w\u015br\u00f3d os\u00f3b prowadz\u0105cych siedz\u0105cy tryb \u017cycia lub intensywnie uprawiaj\u0105cych sport. W odpowiedzi na te potrzeby powsta\u0142 Flexicoldin &#8211; innowacyjny krem o ch\u0142odz\u0105cym dzia\u0142aniu, kt\u00f3ry zapewnia ulg\u0119 w b\u00f3lu staw\u00f3w dzi\u0119ki wy\u0142\u0105cznie naturalnym sk\u0142adnikom. W niniejszym artykule om\u00f3wimy wskazania do stosowania Flexicoldin, jego sk\u0142ad oraz dzia\u0142anie, efekty i minimalne ryzyko skutk\u00f3w ubocznych.<\/p>\n<h2>Wskazania do stosowania Flexicoldin<\/h2>\n<p>Flexicoldin jest polecany dla os\u00f3b cierpi\u0105cych na r\u00f3\u017cnego rodzaju dolegliwo\u015bci stawowe, takie jak zapalenie staw\u00f3w, artretyzm, czy te\u017c urazy staw\u00f3w spowodowane nadmiernym wysi\u0142kiem fizycznym. Mo\u017ce by\u0107 stosowany zar\u00f3wno u os\u00f3b starszych, jak i m\u0142odszych, kt\u00f3re odczuwaj\u0105 dyskomfort zwi\u0105zany ze sztywno\u015bci\u0105 czy b\u00f3lem staw\u00f3w.<\/p>\n<h2>Sk\u0142ad i dzia\u0142anie sk\u0142adnik\u00f3w Flexicoldin<\/h2>\n<p>Skuteczno\u015b\u0107 Flexicoldin wynika g\u0142\u00f3wnie z unikalnego po\u0142\u0105czenia naturalnych sk\u0142adnik\u00f3w, kt\u00f3re dzia\u0142aj\u0105 synergistycznie, aby przynie\u015b\u0107 ulg\u0119 w b\u00f3lu staw\u00f3w. G\u0142\u00f3wne sk\u0142adniki to:<\/p>\n<ul>\n<li><strong>Mentol<\/strong>: Jest znany ze swojego ch\u0142odz\u0105cego dzia\u0142ania, kt\u00f3re szybko przynosi ukojenie b\u00f3lu staw\u00f3w poprzez znieczulenie i z\u0142agodzenie podra\u017cnie\u0144.<\/li>\n<li><strong>Olejek z eukaliptusa<\/strong>: Posiada w\u0142a\u015bciwo\u015bci przeciwzapalne i antybakteryjne, kt\u00f3re pomagaj\u0105 zmniejszy\u0107 stan zapalny w stawach.<\/li>\n<li><strong>Ekstrakt z arniki<\/strong>: Jest bogaty w zwi\u0105zki ro\u015blinne, kt\u00f3re pomagaj\u0105 w redukcji b\u00f3lu oraz obrz\u0119k\u00f3w stawowych.<\/li>\n<li><strong>Olejek z mi\u0119ty pieprzowej<\/strong>: Dzia\u0142a przeciwb\u00f3lowo i od\u015bwie\u017caj\u0105co, \u0142agodz\u0105c b\u00f3l staw\u00f3w i poprawiaj\u0105c komfort ruchu.<\/li>\n<\/ul>\n<p>Te sk\u0142adniki dzia\u0142aj\u0105 razem, aby szybko z\u0142agodzi\u0107 b\u00f3l i poprawi\u0107 funkcjonowanie staw\u00f3w.<\/p>\n<p style=\"text-align: center;\"><a href=\"https:\/\/keonv.com\/UDru?sub1=sub1&amp;sub2=sub2&amp;sub3=sub3&amp;sub4=sub4&amp;sub5=sub5\"><button>www.flexicoldin.pl<\/button><\/a><\/p>\n<h2>Efekty Flexicoldin i ich charakterystyka<\/h2>\n<p>Po zastosowaniu Flexicoldin mo\u017cna odczu\u0107 szybk\u0105 ulg\u0119 w b\u00f3lu staw\u00f3w. Krem dzia\u0142a lokalnie, co oznacza, \u017ce \u200b\u200bjego efekty s\u0105 skoncentrowane w obszarze stosowania. Nie tylko przynosi on ulg\u0119 w b\u00f3lu, ale r\u00f3wnie\u017c pomaga w redukcji obrz\u0119k\u00f3w i poprawia elastyczno\u015b\u0107 staw\u00f3w. Regularne stosowanie Flexicoldin mo\u017ce r\u00f3wnie\u017c zapobiega\u0107 nawrotom b\u00f3lu staw\u00f3w, co pozwala na d\u0142ugoterminowe korzystanie z jego dobroczynnego dzia\u0142ania.<\/p>\n<h2>Ryzyko skutk\u00f3w ubocznych<\/h2>\n<p>Jednym z najwi\u0119kszych atut\u00f3w Flexicoldin jest jego naturalny sk\u0142ad, kt\u00f3ry minimalizuje ryzyko skutk\u00f3w ubocznych. Dzi\u0119ki wy\u0142\u0105cznie naturalnym sk\u0142adnikom, takim jak olejki eteryczne i ekstrakty ro\u015blinne, krem jest \u0142agodny dla sk\u00f3ry i dobrze tolerowany przez wi\u0119kszo\u015b\u0107 os\u00f3b. Jednak jak z ka\u017cdym produktem, istnieje potencjalne ryzyko wyst\u0105pienia reakcji alergicznych u os\u00f3b wra\u017cliwych na kt\u00f3rykolwiek ze sk\u0142adnik\u00f3w. Zaleca si\u0119 przeprowadzenie testu na ma\u0142ej powierzchni sk\u00f3ry przed regularnym stosowaniem produktu.<\/p>\n<p><em>Flexicoldin to niezast\u0105piony krem dla os\u00f3b borykaj\u0105cych si\u0119 z b\u00f3lem staw\u00f3w, zapewniaj\u0105cy natychmiastow\u0105 ulg\u0119 dzi\u0119ki swoim naturalnym sk\u0142adnikom i ch\u0142odz\u0105cemu dzia\u0142aniu. Dzi\u0119ki regularnemu stosowaniu mo\u017cna cieszy\u0107 si\u0119 lepszym funkcjonowaniem staw\u00f3w bez obaw o skutki uboczne.<\/em><\/p>\n<\/div>\n<\/div>\n<\/div>\n<\/div>\n<\/div>\n<\/div>\n<\/div>\n<\/div>\n<div class=\"w-full text-token-text-primary\" data-testid=\"conversation-turn-5\">\n<div class=\"px-4 py-2 justify-center text-base md:gap-6 m-auto\">\n<div class=\"flex flex-1 text-base mx-auto gap-3 md:px-5 lg:px-1 xl:px-5 md:max-w-3xl lg:max-w-[40rem] xl:max-w-[48rem] group final-completion\">\n<div class=\"relative flex w-full flex-col lg:w-[calc(100%-115px)] agent-turn\">\n<div class=\"flex-col gap-1 md:gap-3\">\n<div class=\"flex flex-grow flex-col max-w-full\">\n<div class=\"min-h-[20px] text-message flex flex-col items-start gap-3 whitespace-pre-wrap break-words [.text-message+&amp;]:mt-5 overflow-x-auto\" data-message-author-role=\"assistant\" data-message-id=\"69e094b4-2550-4f42-b46e-79699c295849\">\n<div class=\"markdown prose w-full break-words dark:prose-invert light\">\n<h2>Opinie klient\u00f3w o Flexicoldin: fora po\u015bwi\u0119cone zdrowiu<\/h2>\n<p>W Polsce fora internetowe po\u015bwi\u0119cone zdrowiu staj\u0105 si\u0119 coraz popularniejsze, poniewa\u017c ludzie coraz cz\u0119\u015bciej szukaj\u0105 informacji i opinii na temat r\u00f3\u017cnych suplement\u00f3w i preparat\u00f3w maj\u0105cych na celu popraw\u0119 zdrowia. Flexicoldin, jako innowacyjny krem o ch\u0142odz\u0105cym dzia\u0142aniu na b\u00f3l staw\u00f3w, zbiera wiele pozytywnych opinii od u\u017cytkownik\u00f3w. Wi\u0119kszo\u015b\u0107 recenzent\u00f3w podkre\u015bla skuteczno\u015b\u0107 produktu oraz jego dost\u0119pno\u015b\u0107. Oto dwa komentarze od u\u017cytkownik\u00f3w:<\/p>\n<ol>\n<li><strong>Anna<\/strong>: &#8222;Flexicoldin okaza\u0142 si\u0119 niezast\u0105piony w mojej walce z b\u00f3lem staw\u00f3w. Ju\u017c po kilku aplikacjach zauwa\u017cy\u0142am znaczn\u0105 popraw\u0119. Jestem wdzi\u0119czna producentowi za stworzenie takiego produktu.&#8221;<\/li>\n<li><strong>Piotr<\/strong>: &#8222;Jestem aktywnym sportowcem i cz\u0119sto cierpi\u0119 na b\u00f3le staw\u00f3w po intensywnych treningach. Flexicoldin jest moim sprzymierze\u0144cem &#8211; szybko \u0142agodzi b\u00f3l i pozwala mi wr\u00f3ci\u0107 do trening\u00f3w bez d\u0142ugiej rekonwalescencji.&#8221;<\/li>\n<\/ol>\n<h2>Spos\u00f3b podawania i dawkowanie<\/h2>\n<p>Flexicoldin jest stosowany na sk\u00f3r\u0119 w miejscach dotkni\u0119tych b\u00f3lem staw\u00f3w. Nale\u017cy na\u0142o\u017cy\u0107 niewielk\u0105 ilo\u015b\u0107 kremu i delikatnie wmasowa\u0107 a\u017c do ca\u0142kowitego wch\u0142oni\u0119cia. Preparat mo\u017cna stosowa\u0107 kilka razy dziennie, w zale\u017cno\u015bci od indywidualnych potrzeb i nasilenia dolegliwo\u015bci.<\/p>\n<h2>Kup teraz Flexicoldin z dostaw\u0105<\/h2>\n<p>Zakup Flexicoldin jest niezwykle prosty i wygodny. Produkt dost\u0119pny jest do kupienia online, a p\u0142atno\u015b\u0107 odbywa si\u0119 dopiero przy odbiorze przesy\u0142ki, co eliminuje ryzyko oszustw i zapewnia klientom pewno\u015b\u0107 otrzymania oryginalnego produktu. Dostawa na terenie Polski zazwyczaj trwa od 3 do 4 dni roboczych. Po z\u0142o\u017ceniu zam\u00f3wienia, klient otrzymuje r\u00f3wnie\u017c potwierdzenie telefoniczne od specjalisty, kt\u00f3ry s\u0142u\u017cy pomoc\u0105 w kwestiach dotycz\u0105cych produktu oraz informuje o ewentualnych promocjach i rabatach.<\/p>\n<p style=\"text-align: center;\"><a href=\"https:\/\/keonv.com\/UDru?sub1=sub1&amp;sub2=sub2&amp;sub3=sub3&amp;sub4=sub4&amp;sub5=sub5\"><button>Zakup na stronie producenta (-50%)<\/button><\/a><\/p>\n<h2>Por\u00f3wnanie ofert: ceny i dost\u0119pno\u015b\u0107 Flexicoldin<\/h2>\n<p>Producent Flexicoldin stawia na dost\u0119pno\u015b\u0107 dla klient\u00f3w, dlatego preparat mo\u017cna naby\u0107 bezpo\u015brednio na oficjalnej stronie internetowej producenta, bez po\u015brednik\u00f3w i dodatkowych op\u0142at. Dzia\u0142aj\u0105 r\u00f3wnie\u017c okresowe promocje i rabaty, kt\u00f3re warto regularnie sprawdza\u0107. Warto zauwa\u017cy\u0107, \u017ce produkt nie jest dost\u0119pny w stacjonarnych aptekach, co zapewnia klientom bezpo\u015bredni kontakt z producentem oraz mo\u017cliwo\u015b\u0107 uzyskania naj\u015bwie\u017cszego produktu bez zb\u0119dnych po\u015brednik\u00f3w.<\/p>\n<\/div>\n<\/div>\n<\/div>\n<\/div>\n<\/div>\n<\/div>\n<\/div>\n<\/div>\n<\/div>\n<\/div>\n<\/div>\n<\/div>\n","protected":false},"excerpt":{"rendered":"<p style=\"text-align: center;\"><a href=\"https:\/\/keonv.com\/UDru?sub1=sub1&amp;sub2=sub2&amp;sub3=sub3&amp;sub4=sub4&amp;sub5=sub5\"><button>Kup teraz<\/button><\/a><\/p>\n<p>SKU:\u00a0<span class=\"sku\">789.878.028<\/span><\/p>\n<hr \/>\n<p><small>Produkt sprzedawany jest wy\u0142\u0105cznie za po\u015brednictwem oficjalnej strony producenta, id\u017a i kupuj bezpiecznie!<\/small><\/p>\n","protected":false},"featured_media":1192,"comment_status":"open","ping_status":"closed","template":"","meta":[],"product_brand":[],"product_cat":[15],"product_tag":[],"class_list":{"0":"post-402","1":"product","2":"type-product","3":"status-publish","4":"has-post-thumbnail","6":"product_cat-supl","7":"thunk-woo-product-list","8":"opn-qv-enable","9":"top-store-woo-hover-","10":"top-store-single-product-tab-horizontal","11":"top-store-shadow-","12":"top-store-shadow-hover-","14":"first","15":"instock","16":"sale","17":"shipping-taxable","18":"purchasable","19":"product-type-simple"},"yoast_head":"<!-- This site is optimized with the Yoast SEO plugin v27.4 - https:\/\/yoast.com\/product\/yoast-seo-wordpress\/ -->\n<title>Flexicoldin - kup suplement, cena w aptece, sk\u0142ad, dzia\u0142anie<\/title>\n<meta name=\"robots\" content=\"index, follow, max-snippet:-1, max-image-preview:large, max-video-preview:-1\" \/>\n<link rel=\"canonical\" href=\"https:\/\/lekarzeopole.pl\/wordpress\/product\/flexicoldin\/\" \/>\n<meta property=\"og:locale\" content=\"pl_PL\" \/>\n<meta property=\"og:type\" content=\"article\" \/>\n<meta property=\"og:title\" content=\"Flexicoldin - kup suplement, cena w aptece, sk\u0142ad, dzia\u0142anie\" \/>\n<meta property=\"og:description\" content=\"Kup teraz SKU:\u00a0789.878.028    Produkt sprzedawany jest wy\u0142\u0105cznie za po\u015brednictwem oficjalnej strony producenta, id\u017a i kupuj bezpiecznie!\" \/>\n<meta property=\"og:url\" content=\"https:\/\/lekarzeopole.pl\/wordpress\/product\/flexicoldin\/\" \/>\n<meta property=\"og:site_name\" content=\"Lekarze Opole\" \/>\n<meta property=\"article:modified_time\" content=\"2025-12-26T17:19:37+00:00\" \/>\n<meta property=\"og:image\" content=\"https:\/\/lekarzeopole.pl\/wordpress\/wp-content\/uploads\/2024\/02\/flexicoldin-nov.webp\" \/>\n\t<meta property=\"og:image:width\" content=\"1200\" \/>\n\t<meta property=\"og:image:height\" content=\"1200\" \/>\n\t<meta property=\"og:image:type\" content=\"image\/webp\" \/>\n<meta name=\"twitter:card\" content=\"summary_large_image\" \/>\n<meta name=\"twitter:label1\" content=\"Szacowany czas czytania\" \/>\n\t<meta name=\"twitter:data1\" content=\"5 minut\" \/>\n<script type=\"application\/ld+json\" class=\"yoast-schema-graph\">{\"@context\":\"https:\\\/\\\/schema.org\",\"@graph\":[{\"@type\":\"WebPage\",\"@id\":\"https:\\\/\\\/lekarzeopole.pl\\\/wordpress\\\/product\\\/flexicoldin\\\/\",\"url\":\"https:\\\/\\\/lekarzeopole.pl\\\/wordpress\\\/product\\\/flexicoldin\\\/\",\"name\":\"Flexicoldin - kup suplement, cena w aptece, sk\u0142ad, dzia\u0142anie\",\"isPartOf\":{\"@id\":\"https:\\\/\\\/lekarzeopole.pl\\\/wordpress\\\/#website\"},\"primaryImageOfPage\":{\"@id\":\"https:\\\/\\\/lekarzeopole.pl\\\/wordpress\\\/product\\\/flexicoldin\\\/#primaryimage\"},\"image\":{\"@id\":\"https:\\\/\\\/lekarzeopole.pl\\\/wordpress\\\/product\\\/flexicoldin\\\/#primaryimage\"},\"thumbnailUrl\":\"https:\\\/\\\/lekarzeopole.pl\\\/wordpress\\\/wp-content\\\/uploads\\\/2024\\\/02\\\/flexicoldin-nov.webp\",\"datePublished\":\"2024-02-08T11:30:17+00:00\",\"dateModified\":\"2025-12-26T17:19:37+00:00\",\"breadcrumb\":{\"@id\":\"https:\\\/\\\/lekarzeopole.pl\\\/wordpress\\\/product\\\/flexicoldin\\\/#breadcrumb\"},\"inLanguage\":\"pl-PL\",\"potentialAction\":[{\"@type\":\"ReadAction\",\"target\":[\"https:\\\/\\\/lekarzeopole.pl\\\/wordpress\\\/product\\\/flexicoldin\\\/\"]}]},{\"@type\":\"ImageObject\",\"inLanguage\":\"pl-PL\",\"@id\":\"https:\\\/\\\/lekarzeopole.pl\\\/wordpress\\\/product\\\/flexicoldin\\\/#primaryimage\",\"url\":\"https:\\\/\\\/lekarzeopole.pl\\\/wordpress\\\/wp-content\\\/uploads\\\/2024\\\/02\\\/flexicoldin-nov.webp\",\"contentUrl\":\"https:\\\/\\\/lekarzeopole.pl\\\/wordpress\\\/wp-content\\\/uploads\\\/2024\\\/02\\\/flexicoldin-nov.webp\",\"width\":1200,\"height\":1200,\"caption\":\"Flexicoldin\"},{\"@type\":\"BreadcrumbList\",\"@id\":\"https:\\\/\\\/lekarzeopole.pl\\\/wordpress\\\/product\\\/flexicoldin\\\/#breadcrumb\",\"itemListElement\":[{\"@type\":\"ListItem\",\"position\":1,\"name\":\"\u0413\u043b\u0430\u0432\u043d\u0430\u044f \u0441\u0442\u0440\u0430\u043d\u0438\u0446\u0430\",\"item\":\"https:\\\/\\\/lekarzeopole.pl\\\/wordpress\\\/\"},{\"@type\":\"ListItem\",\"position\":2,\"name\":\"Zakup\",\"item\":\"https:\\\/\\\/lekarzeopole.pl\\\/wordpress\\\/\"},{\"@type\":\"ListItem\",\"position\":3,\"name\":\"Flexicoldin\"}]},{\"@type\":\"WebSite\",\"@id\":\"https:\\\/\\\/lekarzeopole.pl\\\/wordpress\\\/#website\",\"url\":\"https:\\\/\\\/lekarzeopole.pl\\\/wordpress\\\/\",\"name\":\"Lekarze Opole\",\"description\":\"\",\"potentialAction\":[{\"@type\":\"SearchAction\",\"target\":{\"@type\":\"EntryPoint\",\"urlTemplate\":\"https:\\\/\\\/lekarzeopole.pl\\\/wordpress\\\/?s={search_term_string}\"},\"query-input\":{\"@type\":\"PropertyValueSpecification\",\"valueRequired\":true,\"valueName\":\"search_term_string\"}}],\"inLanguage\":\"pl-PL\"}]}<\/script>\n<!-- \/ Yoast SEO plugin. -->","yoast_head_json":{"title":"Flexicoldin - kup suplement, cena w aptece, sk\u0142ad, dzia\u0142anie","robots":{"index":"index","follow":"follow","max-snippet":"max-snippet:-1","max-image-preview":"max-image-preview:large","max-video-preview":"max-video-preview:-1"},"canonical":"https:\/\/lekarzeopole.pl\/wordpress\/product\/flexicoldin\/","og_locale":"pl_PL","og_type":"article","og_title":"Flexicoldin - kup suplement, cena w aptece, sk\u0142ad, dzia\u0142anie","og_description":"Kup teraz SKU:\u00a0789.878.028    Produkt sprzedawany jest wy\u0142\u0105cznie za po\u015brednictwem oficjalnej strony producenta, id\u017a i kupuj bezpiecznie!","og_url":"https:\/\/lekarzeopole.pl\/wordpress\/product\/flexicoldin\/","og_site_name":"Lekarze Opole","article_modified_time":"2025-12-26T17:19:37+00:00","og_image":[{"width":1200,"height":1200,"url":"https:\/\/lekarzeopole.pl\/wordpress\/wp-content\/uploads\/2024\/02\/flexicoldin-nov.webp","type":"image\/webp"}],"twitter_card":"summary_large_image","twitter_misc":{"Szacowany czas czytania":"5 minut"},"schema":{"@context":"https:\/\/schema.org","@graph":[{"@type":"WebPage","@id":"https:\/\/lekarzeopole.pl\/wordpress\/product\/flexicoldin\/","url":"https:\/\/lekarzeopole.pl\/wordpress\/product\/flexicoldin\/","name":"Flexicoldin - kup suplement, cena w aptece, sk\u0142ad, dzia\u0142anie","isPartOf":{"@id":"https:\/\/lekarzeopole.pl\/wordpress\/#website"},"primaryImageOfPage":{"@id":"https:\/\/lekarzeopole.pl\/wordpress\/product\/flexicoldin\/#primaryimage"},"image":{"@id":"https:\/\/lekarzeopole.pl\/wordpress\/product\/flexicoldin\/#primaryimage"},"thumbnailUrl":"https:\/\/lekarzeopole.pl\/wordpress\/wp-content\/uploads\/2024\/02\/flexicoldin-nov.webp","datePublished":"2024-02-08T11:30:17+00:00","dateModified":"2025-12-26T17:19:37+00:00","breadcrumb":{"@id":"https:\/\/lekarzeopole.pl\/wordpress\/product\/flexicoldin\/#breadcrumb"},"inLanguage":"pl-PL","potentialAction":[{"@type":"ReadAction","target":["https:\/\/lekarzeopole.pl\/wordpress\/product\/flexicoldin\/"]}]},{"@type":"ImageObject","inLanguage":"pl-PL","@id":"https:\/\/lekarzeopole.pl\/wordpress\/product\/flexicoldin\/#primaryimage","url":"https:\/\/lekarzeopole.pl\/wordpress\/wp-content\/uploads\/2024\/02\/flexicoldin-nov.webp","contentUrl":"https:\/\/lekarzeopole.pl\/wordpress\/wp-content\/uploads\/2024\/02\/flexicoldin-nov.webp","width":1200,"height":1200,"caption":"Flexicoldin"},{"@type":"BreadcrumbList","@id":"https:\/\/lekarzeopole.pl\/wordpress\/product\/flexicoldin\/#breadcrumb","itemListElement":[{"@type":"ListItem","position":1,"name":"\u0413\u043b\u0430\u0432\u043d\u0430\u044f \u0441\u0442\u0440\u0430\u043d\u0438\u0446\u0430","item":"https:\/\/lekarzeopole.pl\/wordpress\/"},{"@type":"ListItem","position":2,"name":"Zakup","item":"https:\/\/lekarzeopole.pl\/wordpress\/"},{"@type":"ListItem","position":3,"name":"Flexicoldin"}]},{"@type":"WebSite","@id":"https:\/\/lekarzeopole.pl\/wordpress\/#website","url":"https:\/\/lekarzeopole.pl\/wordpress\/","name":"Lekarze Opole","description":"","potentialAction":[{"@type":"SearchAction","target":{"@type":"EntryPoint","urlTemplate":"https:\/\/lekarzeopole.pl\/wordpress\/?s={search_term_string}"},"query-input":{"@type":"PropertyValueSpecification","valueRequired":true,"valueName":"search_term_string"}}],"inLanguage":"pl-PL"}]}},"_links":{"self":[{"href":"https:\/\/lekarzeopole.pl\/wordpress\/wp-json\/wp\/v2\/product\/402","targetHints":{"allow":["GET"]}}],"collection":[{"href":"https:\/\/lekarzeopole.pl\/wordpress\/wp-json\/wp\/v2\/product"}],"about":[{"href":"https:\/\/lekarzeopole.pl\/wordpress\/wp-json\/wp\/v2\/types\/product"}],"replies":[{"embeddable":true,"href":"https:\/\/lekarzeopole.pl\/wordpress\/wp-json\/wp\/v2\/comments?post=402"}],"wp:featuredmedia":[{"embeddable":true,"href":"https:\/\/lekarzeopole.pl\/wordpress\/wp-json\/wp\/v2\/media\/1192"}],"wp:attachment":[{"href":"https:\/\/lekarzeopole.pl\/wordpress\/wp-json\/wp\/v2\/media?parent=402"}],"wp:term":[{"taxonomy":"product_brand","embeddable":true,"href":"https:\/\/lekarzeopole.pl\/wordpress\/wp-json\/wp\/v2\/product_brand?post=402"},{"taxonomy":"product_cat","embeddable":true,"href":"https:\/\/lekarzeopole.pl\/wordpress\/wp-json\/wp\/v2\/product_cat?post=402"},{"taxonomy":"product_tag","embeddable":true,"href":"https:\/\/lekarzeopole.pl\/wordpress\/wp-json\/wp\/v2\/product_tag?post=402"}],"curies":[{"name":"wp","href":"https:\/\/api.w.org\/{rel}","templated":true}]}}