{"id":40,"date":"2024-01-20T09:25:41","date_gmt":"2024-01-20T09:25:41","guid":{"rendered":"https:\/\/lekarzeopole.pl\/wordpress\/?post_type=product&#038;p=40"},"modified":"2024-08-15T09:29:07","modified_gmt":"2024-08-15T09:29:07","slug":"germivir2","status":"publish","type":"product","link":"https:\/\/lekarzeopole.pl\/wordpress\/product\/germivir2\/","title":{"rendered":"Germivir 120g"},"content":{"rendered":"<div class=\"w-full text-token-text-primary\" data-testid=\"conversation-turn-3\">\n<div class=\"px-4 py-2 justify-center text-base md:gap-6 m-auto\">\n<div class=\"flex flex-1 text-base mx-auto gap-3 md:px-5 lg:px-1 xl:px-5 md:max-w-3xl lg:max-w-[40rem] xl:max-w-[48rem] group\">\n<div class=\"relative flex w-full flex-col lg:w-[calc(100%-115px)] agent-turn\">\n<div class=\"flex-col gap-1 md:gap-3\">\n<div class=\"flex flex-grow flex-col max-w-full\">\n<div class=\"text-message flex flex-col items-start gap-3 whitespace-pre-wrap break-words [.text-message+&amp;]:mt-5 overflow-x-auto\" data-message-author-role=\"assistant\" data-message-id=\"4441056e-0bd1-4d30-ac08-dcf476512740\">\n<div class=\"markdown prose w-full break-words dark:prose-invert light\">\n<p>W dzisiejszych czasach, dbanie o nasze zdrowie staje si\u0119 coraz wa\u017cniejsze. Zanieczyszczenia \u015brodowiska, stres, i niezdrowy tryb \u017cycia mog\u0105 wp\u0142ywa\u0107 negatywnie na nasze cia\u0142o. Dlatego te\u017c warto rozwa\u017cy\u0107 naturalne rozwi\u0105zania, takie jak suplement diety Germivir, kt\u00f3ry pomaga w walce z paso\u017cytami i ich produktami przemiany materii, tworz\u0105c niekorzystne \u015brodowisko dla ich reprodukcji. W tym artykule przyjrzymy si\u0119 bli\u017cej Germivir oraz jego sk\u0142adnikom, efektom oraz opiniom klient\u00f3w, aby dowiedzie\u0107 si\u0119, dlaczego warto wybra\u0107 to naturalne rozwi\u0105zanie.<\/p>\n<h2>Wskazania do Stosowania Suplementu Diety Germivir<\/h2>\n<p>Suplement diety Germivir to naturalne rozwi\u0105zanie dla wielu problem\u00f3w zdrowotnych. Oto kilka wskaza\u0144 do stosowania tego produktu, kr\u00f3tko przedstawionych w formie tabeli:<\/p>\n<table style=\"height: 286px;\" width=\"997\">\n<thead>\n<tr>\n<th>Wskazania do Stosowania Germivir<\/th>\n<\/tr>\n<\/thead>\n<tbody>\n<tr>\n<td>&#8211; Paso\u017cyty i ich produkty przemiany materii<\/td>\n<\/tr>\n<tr>\n<td>&#8211; Wirusy, grzyby i bakterie w jelitach<\/td>\n<\/tr>\n<tr>\n<td>&#8211; Fermentacja w jelitach<\/td>\n<\/tr>\n<tr>\n<td>&#8211; Procesy zapalne w organizmie<\/td>\n<\/tr>\n<tr>\n<td>&#8211; Odbudowa mikroflory jelitowej<\/td>\n<\/tr>\n<tr>\n<td>&#8211; Poprawa funkcji przewodu pokarmowego<\/td>\n<\/tr>\n<tr>\n<td>&#8211; Dzia\u0142anie przeciwutleniaj\u0105ce<\/td>\n<\/tr>\n<tr>\n<td>&#8211; Redukcja uczucia niepokoju i strachu<\/td>\n<\/tr>\n<tr>\n<td>&#8211; Poprawa og\u00f3lnego samopoczucia<\/td>\n<\/tr>\n<\/tbody>\n<\/table>\n<h2>Opis Dodatku do \u017bwno\u015bci Germivir<\/h2>\n<p>Germivir to suplement diety oparty na naturalnych sk\u0142adnikach ro\u015blinnych, kt\u00f3re wspieraj\u0105 zdrowie przewodu pokarmowego i og\u00f3ln\u0105 kondycj\u0119 organizmu. Jego dzia\u0142anie polega na eliminowaniu paso\u017cyt\u00f3w oraz ich produkt\u00f3w przemiany materii, a tak\u017ce na stworzeniu niekorzystnych warunk\u00f3w dla ich reprodukcji.<\/p>\n<h2>Sk\u0142ad i Dzia\u0142anie Sk\u0142adnik\u00f3w Germivir<\/h2>\n<p>Przyjrzyjmy si\u0119 teraz nieco bardziej szczeg\u00f3\u0142owo sk\u0142adnikom Germivir i ich dzia\u0142aniu:<\/p>\n<ol>\n<li><strong>Ekstrakt z Pestek Dyni:<\/strong> Znany ze swoich w\u0142a\u015bciwo\u015bci przeciwpaso\u017cytniczych, pomaga zwalcza\u0107 paso\u017cyty i wspiera zdrowie jelit.<\/li>\n<li><strong>Ekstrakt z Tymianku:<\/strong> Posiada w\u0142a\u015bciwo\u015bci przeciwbakteryjne i przeciwgrzybicze, co pomaga w utrzymaniu zdrowej mikroflory jelitowej.<\/li>\n<li><strong>Ekstrakt z P\u0105czk\u00f3w Go\u017adzik\u00f3w:<\/strong> Ma dzia\u0142anie przeciwbakteryjne i przeciwzapalne, co wspiera zdrowie jelit i og\u00f3ln\u0105 kondycj\u0119 organizmu.<\/li>\n<li><strong>Ekstrakt z Jab\u0142ek:<\/strong> Pomaga w regulacji trawienia i zapobiega fermentacji w jelitach.<\/li>\n<li><strong>Ekstrakt z Burak\u00f3w:<\/strong> Wspiera oczyszczanie organizmu i pomaga w regulacji poziomu cukru we krwi.<\/li>\n<li><strong>Ekstrakt z Czosnku:<\/strong> Znany ze swoich w\u0142a\u015bciwo\u015bci antybakteryjnych i przeciwwirusowych, pomaga w walce z infekcjami jelitowymi.<\/li>\n<li><strong>Ekstrakt z Li\u015bci Orzecha W\u0142oskiego:<\/strong> Pomaga w zwalczaniu paso\u017cyt\u00f3w i dzia\u0142a przeciwzapalnie.<\/li>\n<li><strong>Ekstrakt z Nagietka:<\/strong> Posiada w\u0142a\u015bciwo\u015bci przeciwpaso\u017cytnicze i przeciwbakteryjne, wspomaga zdrowie jelit.<\/li>\n<li><strong>Ekstrakt z Korzenia Lukrecji:<\/strong> Pomaga w \u0142agodzeniu stan\u00f3w zapalnych i poprawia trawienie.<\/li>\n<li><strong>Ekstrakt z Pio\u0142unu:<\/strong> Posiada w\u0142a\u015bciwo\u015bci przeciwpaso\u017cytnicze i pomaga w regulacji funkcji przewodu pokarmowego.<\/li>\n<\/ol>\n<h2>Efekty Germivir i Ich Charakterystyka<\/h2>\n<p>Dzi\u0119ki regularnemu stosowaniu Germivir mo\u017cna oczekiwa\u0107 wielu korzy\u015bci dla zdrowia. Te efekty obejmuj\u0105:<\/p>\n<ul>\n<li>Eliminacj\u0119 paso\u017cyt\u00f3w i ich produkt\u00f3w przemiany materii.<\/li>\n<li>Redukcj\u0119 infekcji wirusowych, grzybic i bakteryjnych w jelitach.<\/li>\n<li>Zapobieganie procesom fermentacji w jelitach.<\/li>\n<li>Redukcj\u0119 proces\u00f3w zapalnych w organizmie.<\/li>\n<li>Odbudow\u0119 mikroflory jelitowej.<\/li>\n<li>Popraw\u0119 funkcji przewodu pokarmowego.<\/li>\n<li>Dzia\u0142anie przeciwutleniaj\u0105ce, kt\u00f3re wspiera og\u00f3lne zdrowie organizmu.<\/li>\n<li>Redukcj\u0119 uczucia niepokoju i strachu.<\/li>\n<li>Popraw\u0119 og\u00f3lnego samopoczucia.<\/li>\n<\/ul>\n<h2>Ryzyko Skutk\u00f3w Ubocznych<\/h2>\n<p>Jednym z kluczowych atut\u00f3w Germivir jest jego naturalny sk\u0142ad. Dzi\u0119ki temu ryzyko skutk\u00f3w ubocznych jest minimalne. Sk\u0142adniki ro\u015blinne, zawarte w produkcie, s\u0105 dobrze tolerowane przez organizm, co sprawia, \u017ce Germivir mo\u017ce by\u0107 bezpiecznie stosowany przez wiele os\u00f3b.<\/p>\n<h2>Opinie Klient\u00f3w o Germivir: Fora po\u015bwi\u0119cone Zdrowiu<\/h2>\n<p>W Polsce Germivir zyskuje coraz wi\u0119ksz\u0105 popularno\u015b\u0107 w\u015br\u00f3d kupuj\u0105cych, co skutkuje wieloma recenzjami na forach po\u015bwi\u0119conych zdrowiu. Wi\u0119kszo\u015b\u0107 u\u017cytkownik\u00f3w opisuje pozytywny wp\u0142yw suplementu na ich zdrowie i dost\u0119pno\u015b\u0107 produktu. To dow\u00f3d na skuteczno\u015b\u0107 Germivir i jego zdolno\u015b\u0107 do poprawy jako\u015bci \u017cycia.<\/p>\n<p>Germivir to niedrogie i naturalne rozwi\u0105zanie problem\u00f3w zdrowotnych bez ryzyka. Dzi\u0119ki jego naturalnym sk\u0142adnikom i pozytywnym efektom, warto rozwa\u017cy\u0107 ten suplement diety, aby wesprze\u0107 zdrowie przewodu pokarmowego i og\u00f3ln\u0105 kondycj\u0119 organizmu. Nie czekaj, wypr\u00f3buj Germivir i ciesz si\u0119 lepszym zdrowiem!<\/p>\n<\/div>\n<\/div>\n<\/div>\n<\/div>\n<\/div>\n<\/div>\n<\/div>\n<\/div>\n<div class=\"w-full text-token-text-primary\" data-testid=\"conversation-turn-5\">\n<div class=\"px-4 py-2 justify-center text-base md:gap-6 m-auto\">\n<div class=\"flex flex-1 text-base mx-auto gap-3 md:px-5 lg:px-1 xl:px-5 md:max-w-3xl lg:max-w-[40rem] xl:max-w-[48rem] group final-completion\">\n<div class=\"relative flex w-full flex-col lg:w-[calc(100%-115px)] agent-turn\">\n<div class=\"flex-col gap-1 md:gap-3\">\n<div class=\"flex flex-grow flex-col max-w-full\">\n<div class=\"min-h-[20px] text-message flex flex-col items-start gap-3 whitespace-pre-wrap break-words [.text-message+&amp;]:mt-5 overflow-x-auto\" data-message-author-role=\"assistant\" data-message-id=\"eecfca4c-44db-4e44-bcf4-7c0b75dc8263\">\n<div class=\"markdown prose w-full break-words dark:prose-invert light\">\n<h2>Ulotka Do\u0142\u0105czona do Germivir<\/h2>\n<p>Germivir to suplement diety, kt\u00f3ry jest dost\u0119pny z ulotk\u0105 zawieraj\u0105c\u0105 wa\u017cne informacje dotycz\u0105ce jego stosowania. Ulotka ta zawiera szczeg\u00f3\u0142owe informacje na temat sk\u0142adu, dzia\u0142ania, wskaza\u0144 i przeciwwskaza\u0144, dlatego zawsze warto j\u0105 przeczyta\u0107 przed rozpocz\u0119ciem kuracji.<\/p>\n<p style=\"text-align: center;\"><a href=\"http:\/\/tl-track.com\/tracker\/u4hb\"><button>www.germivir.pl<\/button><\/a><\/p>\n<h2>Wskazania i Przeciwwskazania<\/h2>\n<p>Suplement Germivir jest przeznaczony do stosowania w celu poprawy zdrowia przewodu pokarmowego i og\u00f3lnego samopoczucia. Jednak\u017ce, istniej\u0105 pewne wskazania i przeciwwskazania, kt\u00f3re warto wzi\u0105\u0107 pod uwag\u0119:<\/p>\n<h3>Wskazania:<\/h3>\n<ul>\n<li>Paso\u017cyty i ich produkty przemiany materii.<\/li>\n<li>Problemy zwi\u0105zane z wirusami, grzybami i bakteriami w jelitach.<\/li>\n<li>Zapobieganie procesom fermentacji w jelitach.<\/li>\n<li>Zmniejszenie proces\u00f3w zapalnych w organizmie.<\/li>\n<li>Odbudowa mikroflory jelitowej.<\/li>\n<li>Poprawa funkcji przewodu pokarmowego.<\/li>\n<li>Dzia\u0142anie przeciwutleniaj\u0105ce, wspieraj\u0105ce og\u00f3lne zdrowie.<\/li>\n<li>Redukcja uczucia niepokoju i strachu.<\/li>\n<li>Poprawa og\u00f3lnego samopoczucia.<\/li>\n<\/ul>\n<h3>Przeciwwskazania:<\/h3>\n<ul>\n<li>Indywidualna nietolerancja na kt\u00f3rykolwiek ze sk\u0142adnik\u00f3w.<\/li>\n<li>Ci\u0105\u017ca i okres karmienia piersi\u0105 (konsultacja z lekarzem zalecana).<\/li>\n<li>Osoby poni\u017cej 18. roku \u017cycia (konsultacja z lekarzem zalecana).<\/li>\n<\/ul>\n<h2>Spos\u00f3b Podawania i Dawkowanie<\/h2>\n<p>Spos\u00f3b podawania Germivir jest prosty. Zazwyczaj zaleca si\u0119 przyjmowa\u0107 1 kapsu\u0142k\u0119 dwa razy dziennie, najlepiej podczas posi\u0142k\u00f3w. Dok\u0142adne dawkowanie mo\u017ce jednak r\u00f3\u017cni\u0107 si\u0119 w zale\u017cno\u015bci od indywidualnych potrzeb i zalece\u0144 lekarza. Warto skonsultowa\u0107 si\u0119 z profesjonalist\u0105, aby dostosowa\u0107 dawkowanie do swoich potrzeb.<\/p>\n<h2>Porady od Lekarzy<\/h2>\n<p>Oto kilka og\u00f3lnych porad od lekarzy, kt\u00f3re mog\u0105 pom\u00f3c w rozwi\u0105zaniu problem\u00f3w zdrowotnych:<\/p>\n<ol>\n<li><strong>Zachowaj Zdrow\u0105 Diet\u0119:<\/strong> Zbilansowana dieta bogata w b\u0142onnik, warzywa, owoce i produkty bogate w probiotyki wspiera zdrowie przewodu pokarmowego.<\/li>\n<li><strong>Regularne \u0106wiczenia:<\/strong> Aktywno\u015b\u0107 fizyczna ma korzystny wp\u0142yw na og\u00f3lne zdrowie i poprawia funkcjonowanie uk\u0142adu trawiennego.<\/li>\n<li><strong>Unikaj Stresu:<\/strong> Stres mo\u017ce negatywnie wp\u0142ywa\u0107 na zdrowie przewodu pokarmowego. Metody relaksacyjne, jak joga czy medytacja, mog\u0105 pom\u00f3c w jego redukcji.<\/li>\n<li><strong>Dbaj o Higien\u0119 R\u0105k:<\/strong> Regularne mycie r\u0105k mo\u017ce pom\u00f3c w zapobieganiu zaka\u017ceniom bakteryjnym i wirusowym.<\/li>\n<li><strong>Konsultacja z Lekarzem:<\/strong> W przypadku powa\u017cnych problem\u00f3w zdrowotnych zawsze warto skonsultowa\u0107 si\u0119 z lekarzem, kt\u00f3ry mo\u017ce zaleci\u0107 odpowiednie leczenie lub suplementy.<\/li>\n<\/ol>\n<h2>Kup Teraz Germivir z Dostaw\u0105<\/h2>\n<p>Zam\u00f3wienie suplementu Germivir jest proste i wygodne. Wystarczy klikn\u0105\u0107 przycisk &#8222;Kup Teraz&#8221;, po czym wype\u0142ni\u0107 formularz zam\u00f3wienia, podaj\u0105c tylko swoje imi\u0119 i numer telefonu. Nie ma potrzeby p\u0142acenia za produkty z g\u00f3ry &#8211; p\u0142atno\u015b\u0107 odbywa si\u0119 przy dostawie. Oryginalny produkt jest dostarczany w ci\u0105gu 3-4 dni w Polsce. Dodatkowo, zam\u00f3wienie jest potwierdzane przez specjalist\u0119 telefonicznie, kt\u00f3ry mo\u017ce udzieli\u0107 porad odno\u015bnie ilo\u015bci i dost\u0119pno\u015bci ofert promocyjnych.<\/p>\n<p style=\"text-align: center;\"><a href=\"http:\/\/tl-track.com\/tracker\/u4hb\"><button>Zakup na stronie producenta (-50%)<\/button><\/a><\/p>\n<h2>Por\u00f3wnanie Ofert: Ceny i Dost\u0119pno\u015b\u0107 Germivir<\/h2>\n<p>Producent Germivir priorytetowo dba o dost\u0119pno\u015b\u0107 produktu dla klient\u00f3w, dlatego suplement mo\u017cna naby\u0107 bezpo\u015brednio na oficjalnej stronie internetowej producenta, bez po\u015brednik\u00f3w i dodatkowych op\u0142at. Ceny s\u0105 konkurencyjne, a dost\u0119pno\u015b\u0107 sprawdzana jest regularnie. To dlatego suplement nie jest dost\u0119pny w stacjonarnych aptekach, aby unikn\u0105\u0107 nadmiernych koszt\u00f3w. Dzi\u0119ki temu ka\u017cdy klient mo\u017ce skorzysta\u0107 z korzy\u015bci, jakie niesie ze sob\u0105 Germivir, bez przep\u0142acania.<\/p>\n<p>Podsumowuj\u0105c, Germivir to naturalne rozwi\u0105zanie problem\u00f3w zdrowotnych, kt\u00f3re jest \u0142atwo dost\u0119pne, bezpieczne i skuteczne. Zalecamy konsultacj\u0119 z lekarzem przed rozpocz\u0119ciem kuracji, aby dostosowa\u0107 dawkowanie do swoich indywidualnych potrzeb. Nie czekaj, korzystaj z Germivir i ciesz si\u0119 lepszym zdrowiem ju\u017c teraz!<\/p>\n<\/div>\n<\/div>\n<\/div>\n<\/div>\n<\/div>\n<\/div>\n<\/div>\n<\/div>\n","protected":false},"excerpt":{"rendered":"<p style=\"text-align: center;\"><a href=\"http:\/\/tl-track.com\/tracker\/u4hb\"><button>Kup teraz<\/button><\/a><\/p>\n<p>SKU:\u00a0<span class=\"sku\">789.878.002<\/span><\/p>\n<hr \/>\n<p><small>Produkt sprzedawany jest wy\u0142\u0105cznie za po\u015brednictwem oficjalnej strony producenta, id\u017a i kupuj bezpiecznie!<\/small><\/p>\n","protected":false},"featured_media":41,"comment_status":"open","ping_status":"closed","template":"","meta":[],"product_brand":[],"product_cat":[15],"product_tag":[],"class_list":{"0":"post-40","1":"product","2":"type-product","3":"status-publish","4":"has-post-thumbnail","6":"product_cat-supl","7":"thunk-woo-product-list","8":"opn-qv-enable","9":"top-store-woo-hover-","10":"top-store-single-product-tab-horizontal","11":"top-store-shadow-","12":"top-store-shadow-hover-","14":"first","15":"instock","16":"sale","17":"shipping-taxable","18":"purchasable","19":"product-type-simple"},"yoast_head":"<!-- This site is optimized with the Yoast SEO plugin v27.4 - https:\/\/yoast.com\/product\/yoast-seo-wordpress\/ -->\n<title>Germivir 120g - kup suplement, cena w aptece, sk\u0142ad, dzia\u0142anie<\/title>\n<meta name=\"robots\" content=\"index, follow, max-snippet:-1, max-image-preview:large, max-video-preview:-1\" \/>\n<link rel=\"canonical\" href=\"https:\/\/lekarzeopole.pl\/wordpress\/product\/germivir2\/\" \/>\n<meta property=\"og:locale\" content=\"pl_PL\" \/>\n<meta property=\"og:type\" content=\"article\" \/>\n<meta property=\"og:title\" content=\"Germivir 120g - kup suplement, cena w aptece, sk\u0142ad, dzia\u0142anie\" \/>\n<meta property=\"og:description\" content=\"Kup teraz SKU:\u00a0789.878.002    Produkt sprzedawany jest wy\u0142\u0105cznie za po\u015brednictwem oficjalnej strony producenta, id\u017a i kupuj bezpiecznie!\" \/>\n<meta property=\"og:url\" content=\"https:\/\/lekarzeopole.pl\/wordpress\/product\/germivir2\/\" \/>\n<meta property=\"og:site_name\" content=\"Lekarze Opole\" \/>\n<meta property=\"article:modified_time\" content=\"2024-08-15T09:29:07+00:00\" \/>\n<meta property=\"og:image\" content=\"https:\/\/lekarzeopole.pl\/wordpress\/wp-content\/uploads\/2024\/01\/germivir-120g.jpg\" \/>\n\t<meta property=\"og:image:width\" content=\"800\" \/>\n\t<meta property=\"og:image:height\" content=\"800\" \/>\n\t<meta property=\"og:image:type\" content=\"image\/jpeg\" \/>\n<meta name=\"twitter:card\" content=\"summary_large_image\" \/>\n<meta name=\"twitter:label1\" content=\"Szacowany czas czytania\" \/>\n\t<meta name=\"twitter:data1\" content=\"7 minut\" \/>\n<script type=\"application\/ld+json\" class=\"yoast-schema-graph\">{\"@context\":\"https:\\\/\\\/schema.org\",\"@graph\":[{\"@type\":\"WebPage\",\"@id\":\"https:\\\/\\\/lekarzeopole.pl\\\/wordpress\\\/product\\\/germivir2\\\/\",\"url\":\"https:\\\/\\\/lekarzeopole.pl\\\/wordpress\\\/product\\\/germivir2\\\/\",\"name\":\"Germivir 120g - kup suplement, cena w aptece, sk\u0142ad, dzia\u0142anie\",\"isPartOf\":{\"@id\":\"https:\\\/\\\/lekarzeopole.pl\\\/wordpress\\\/#website\"},\"primaryImageOfPage\":{\"@id\":\"https:\\\/\\\/lekarzeopole.pl\\\/wordpress\\\/product\\\/germivir2\\\/#primaryimage\"},\"image\":{\"@id\":\"https:\\\/\\\/lekarzeopole.pl\\\/wordpress\\\/product\\\/germivir2\\\/#primaryimage\"},\"thumbnailUrl\":\"https:\\\/\\\/lekarzeopole.pl\\\/wordpress\\\/wp-content\\\/uploads\\\/2024\\\/01\\\/germivir-120g.jpg\",\"datePublished\":\"2024-01-20T09:25:41+00:00\",\"dateModified\":\"2024-08-15T09:29:07+00:00\",\"breadcrumb\":{\"@id\":\"https:\\\/\\\/lekarzeopole.pl\\\/wordpress\\\/product\\\/germivir2\\\/#breadcrumb\"},\"inLanguage\":\"pl-PL\",\"potentialAction\":[{\"@type\":\"ReadAction\",\"target\":[\"https:\\\/\\\/lekarzeopole.pl\\\/wordpress\\\/product\\\/germivir2\\\/\"]}]},{\"@type\":\"ImageObject\",\"inLanguage\":\"pl-PL\",\"@id\":\"https:\\\/\\\/lekarzeopole.pl\\\/wordpress\\\/product\\\/germivir2\\\/#primaryimage\",\"url\":\"https:\\\/\\\/lekarzeopole.pl\\\/wordpress\\\/wp-content\\\/uploads\\\/2024\\\/01\\\/germivir-120g.jpg\",\"contentUrl\":\"https:\\\/\\\/lekarzeopole.pl\\\/wordpress\\\/wp-content\\\/uploads\\\/2024\\\/01\\\/germivir-120g.jpg\",\"width\":800,\"height\":800,\"caption\":\"Germivir 120g\"},{\"@type\":\"BreadcrumbList\",\"@id\":\"https:\\\/\\\/lekarzeopole.pl\\\/wordpress\\\/product\\\/germivir2\\\/#breadcrumb\",\"itemListElement\":[{\"@type\":\"ListItem\",\"position\":1,\"name\":\"\u0413\u043b\u0430\u0432\u043d\u0430\u044f \u0441\u0442\u0440\u0430\u043d\u0438\u0446\u0430\",\"item\":\"https:\\\/\\\/lekarzeopole.pl\\\/wordpress\\\/\"},{\"@type\":\"ListItem\",\"position\":2,\"name\":\"Zakup\",\"item\":\"https:\\\/\\\/lekarzeopole.pl\\\/wordpress\\\/\"},{\"@type\":\"ListItem\",\"position\":3,\"name\":\"Germivir 120g\"}]},{\"@type\":\"WebSite\",\"@id\":\"https:\\\/\\\/lekarzeopole.pl\\\/wordpress\\\/#website\",\"url\":\"https:\\\/\\\/lekarzeopole.pl\\\/wordpress\\\/\",\"name\":\"Lekarze Opole\",\"description\":\"\",\"potentialAction\":[{\"@type\":\"SearchAction\",\"target\":{\"@type\":\"EntryPoint\",\"urlTemplate\":\"https:\\\/\\\/lekarzeopole.pl\\\/wordpress\\\/?s={search_term_string}\"},\"query-input\":{\"@type\":\"PropertyValueSpecification\",\"valueRequired\":true,\"valueName\":\"search_term_string\"}}],\"inLanguage\":\"pl-PL\"}]}<\/script>\n<!-- \/ Yoast SEO plugin. -->","yoast_head_json":{"title":"Germivir 120g - kup suplement, cena w aptece, sk\u0142ad, dzia\u0142anie","robots":{"index":"index","follow":"follow","max-snippet":"max-snippet:-1","max-image-preview":"max-image-preview:large","max-video-preview":"max-video-preview:-1"},"canonical":"https:\/\/lekarzeopole.pl\/wordpress\/product\/germivir2\/","og_locale":"pl_PL","og_type":"article","og_title":"Germivir 120g - kup suplement, cena w aptece, sk\u0142ad, dzia\u0142anie","og_description":"Kup teraz SKU:\u00a0789.878.002    Produkt sprzedawany jest wy\u0142\u0105cznie za po\u015brednictwem oficjalnej strony producenta, id\u017a i kupuj bezpiecznie!","og_url":"https:\/\/lekarzeopole.pl\/wordpress\/product\/germivir2\/","og_site_name":"Lekarze Opole","article_modified_time":"2024-08-15T09:29:07+00:00","og_image":[{"width":800,"height":800,"url":"https:\/\/lekarzeopole.pl\/wordpress\/wp-content\/uploads\/2024\/01\/germivir-120g.jpg","type":"image\/jpeg"}],"twitter_card":"summary_large_image","twitter_misc":{"Szacowany czas czytania":"7 minut"},"schema":{"@context":"https:\/\/schema.org","@graph":[{"@type":"WebPage","@id":"https:\/\/lekarzeopole.pl\/wordpress\/product\/germivir2\/","url":"https:\/\/lekarzeopole.pl\/wordpress\/product\/germivir2\/","name":"Germivir 120g - kup suplement, cena w aptece, sk\u0142ad, dzia\u0142anie","isPartOf":{"@id":"https:\/\/lekarzeopole.pl\/wordpress\/#website"},"primaryImageOfPage":{"@id":"https:\/\/lekarzeopole.pl\/wordpress\/product\/germivir2\/#primaryimage"},"image":{"@id":"https:\/\/lekarzeopole.pl\/wordpress\/product\/germivir2\/#primaryimage"},"thumbnailUrl":"https:\/\/lekarzeopole.pl\/wordpress\/wp-content\/uploads\/2024\/01\/germivir-120g.jpg","datePublished":"2024-01-20T09:25:41+00:00","dateModified":"2024-08-15T09:29:07+00:00","breadcrumb":{"@id":"https:\/\/lekarzeopole.pl\/wordpress\/product\/germivir2\/#breadcrumb"},"inLanguage":"pl-PL","potentialAction":[{"@type":"ReadAction","target":["https:\/\/lekarzeopole.pl\/wordpress\/product\/germivir2\/"]}]},{"@type":"ImageObject","inLanguage":"pl-PL","@id":"https:\/\/lekarzeopole.pl\/wordpress\/product\/germivir2\/#primaryimage","url":"https:\/\/lekarzeopole.pl\/wordpress\/wp-content\/uploads\/2024\/01\/germivir-120g.jpg","contentUrl":"https:\/\/lekarzeopole.pl\/wordpress\/wp-content\/uploads\/2024\/01\/germivir-120g.jpg","width":800,"height":800,"caption":"Germivir 120g"},{"@type":"BreadcrumbList","@id":"https:\/\/lekarzeopole.pl\/wordpress\/product\/germivir2\/#breadcrumb","itemListElement":[{"@type":"ListItem","position":1,"name":"\u0413\u043b\u0430\u0432\u043d\u0430\u044f \u0441\u0442\u0440\u0430\u043d\u0438\u0446\u0430","item":"https:\/\/lekarzeopole.pl\/wordpress\/"},{"@type":"ListItem","position":2,"name":"Zakup","item":"https:\/\/lekarzeopole.pl\/wordpress\/"},{"@type":"ListItem","position":3,"name":"Germivir 120g"}]},{"@type":"WebSite","@id":"https:\/\/lekarzeopole.pl\/wordpress\/#website","url":"https:\/\/lekarzeopole.pl\/wordpress\/","name":"Lekarze Opole","description":"","potentialAction":[{"@type":"SearchAction","target":{"@type":"EntryPoint","urlTemplate":"https:\/\/lekarzeopole.pl\/wordpress\/?s={search_term_string}"},"query-input":{"@type":"PropertyValueSpecification","valueRequired":true,"valueName":"search_term_string"}}],"inLanguage":"pl-PL"}]}},"_links":{"self":[{"href":"https:\/\/lekarzeopole.pl\/wordpress\/wp-json\/wp\/v2\/product\/40","targetHints":{"allow":["GET"]}}],"collection":[{"href":"https:\/\/lekarzeopole.pl\/wordpress\/wp-json\/wp\/v2\/product"}],"about":[{"href":"https:\/\/lekarzeopole.pl\/wordpress\/wp-json\/wp\/v2\/types\/product"}],"replies":[{"embeddable":true,"href":"https:\/\/lekarzeopole.pl\/wordpress\/wp-json\/wp\/v2\/comments?post=40"}],"wp:featuredmedia":[{"embeddable":true,"href":"https:\/\/lekarzeopole.pl\/wordpress\/wp-json\/wp\/v2\/media\/41"}],"wp:attachment":[{"href":"https:\/\/lekarzeopole.pl\/wordpress\/wp-json\/wp\/v2\/media?parent=40"}],"wp:term":[{"taxonomy":"product_brand","embeddable":true,"href":"https:\/\/lekarzeopole.pl\/wordpress\/wp-json\/wp\/v2\/product_brand?post=40"},{"taxonomy":"product_cat","embeddable":true,"href":"https:\/\/lekarzeopole.pl\/wordpress\/wp-json\/wp\/v2\/product_cat?post=40"},{"taxonomy":"product_tag","embeddable":true,"href":"https:\/\/lekarzeopole.pl\/wordpress\/wp-json\/wp\/v2\/product_tag?post=40"}],"curies":[{"name":"wp","href":"https:\/\/api.w.org\/{rel}","templated":true}]}}