{"id":386,"date":"2024-02-08T10:22:46","date_gmt":"2024-02-08T10:22:46","guid":{"rendered":"https:\/\/lekarzeopole.pl\/wordpress\/?post_type=product&#038;p=386"},"modified":"2026-01-05T14:20:12","modified_gmt":"2026-01-05T14:20:12","slug":"glucosion","status":"publish","type":"product","link":"https:\/\/lekarzeopole.pl\/wordpress\/product\/glucosion\/","title":{"rendered":"Glucosion"},"content":{"rendered":"<div class=\"w-full text-token-text-primary\" data-testid=\"conversation-turn-3\">\n<div class=\"px-4 py-2 justify-center text-base md:gap-6 m-auto\">\n<div class=\"flex flex-1 text-base mx-auto gap-3 md:px-5 lg:px-1 xl:px-5 md:max-w-3xl lg:max-w-[40rem] xl:max-w-[48rem] group\">\n<div class=\"relative flex w-full flex-col lg:w-[calc(100%-115px)] agent-turn\">\n<div class=\"flex-col gap-1 md:gap-3\">\n<div class=\"flex flex-grow flex-col max-w-full\">\n<div class=\"min-h-[20px] text-message flex flex-col items-start gap-3 whitespace-pre-wrap break-words [.text-message+&amp;]:mt-5 overflow-x-auto\" data-message-author-role=\"assistant\" data-message-id=\"ce373f5b-be8f-4e51-bdc5-47658435b6a7\">\n<div class=\"markdown prose w-full break-words dark:prose-invert light\">\n<p>Glucosion to innowacyjny preparat stworzony z my\u015bl\u0105 o osobach borykaj\u0105cych si\u0119 z problemami z glikemi\u0105. Dzi\u0119ki starannie dobranym sk\u0142adnikom naturalnym, kapsu\u0142ki te oferuj\u0105 skuteczn\u0105 pomoc w regulacji poziomu cukru we krwi. W niniejszym artykule przyjrzymy si\u0119 bli\u017cej wskazaniom do stosowania Glucosion, sk\u0142adowi oraz dzia\u0142aniu poszczeg\u00f3lnych sk\u0142adnik\u00f3w, efektom jego stosowania oraz minimalnemu ryzyku skutk\u00f3w ubocznych.<\/p>\n<h2>Wskazania do stosowania Glucosion<\/h2>\n<p>Glucosion dedykowany jest g\u0142\u00f3wnie osobom zmagaj\u0105cym si\u0119 z problemami z glikemi\u0105, takimi jak cukrzyca typu 2 czy insulinooporno\u015b\u0107. Preparat mo\u017ce by\u0107 r\u00f3wnie\u017c stosowany przez osoby zdrowe, chc\u0105ce dba\u0107 o w\u0142a\u015bciwy poziom cukru we krwi oraz zapobiega\u0107 ewentualnym problemom metabolicznym. Osoby prowadz\u0105ce siedz\u0105cy tryb \u017cycia, nara\u017cone na stres czy maj\u0105ce tendencje do spo\u017cywania du\u017cej ilo\u015bci produkt\u00f3w wysoko przetworzonych, r\u00f3wnie\u017c mog\u0105 odnie\u015b\u0107 korzy\u015bci z regularnego stosowania Glucosion.<\/p>\n<h2>Sk\u0142ad i dzia\u0142anie sk\u0142adnik\u00f3w Glucosion<\/h2>\n<p>Skuteczno\u015b\u0107 Glucosion zawdzi\u0119cza starannie dobranym sk\u0142adnikom naturalnym, kt\u00f3re wsp\u00f3\u0142pracuj\u0105 ze sob\u0105, aby zapewni\u0107 kompleksow\u0105 regulacj\u0119 poziomu cukru we krwi. G\u0142\u00f3wne sk\u0142adniki preparatu to:<\/p>\n<ol>\n<li><strong>Ekstrakt z li\u015bci morwy bia\u0142ej<\/strong>: Znany ze swoich w\u0142a\u015bciwo\u015bci przeciwcukrzycowych, ekstrakt z li\u015bci morwy bia\u0142ej wspomaga kontrol\u0119 poziomu cukru we krwi oraz poprawia wra\u017cliwo\u015b\u0107 tkanek na insulin\u0119.<\/li>\n<li><strong>Ekstrakt z korzenia \u017ce\u0144-szenia<\/strong>: \u017be\u0144-sze\u0144 jest ceniony ze wzgl\u0119du na swoje w\u0142a\u015bciwo\u015bci adaptogenne, kt\u00f3re pomagaj\u0105 organizmowi radzi\u0107 sobie ze stresem, kt\u00f3ry mo\u017ce negatywnie wp\u0142ywa\u0107 na poziom cukru we krwi.<\/li>\n<li><strong>Kwasy \u03b1-liponowy i kwas foliowy<\/strong>: Te sk\u0142adniki maj\u0105 dzia\u0142anie antyoksydacyjne, kt\u00f3re chroni\u0105 kom\u00f3rki przed stresem oksydacyjnym, co mo\u017ce korzystnie wp\u0142ywa\u0107 na metabolizm glukozy.<\/li>\n<li><strong>Cynamon<\/strong>: Znany z w\u0142a\u015bciwo\u015bci przeciwzapalnych i przeciwcukrzycowych, cynamon mo\u017ce pom\u00f3c w regulacji poziomu cukru we krwi poprzez popraw\u0119 wra\u017cliwo\u015bci na insulin\u0119.<\/li>\n<\/ol>\n<p>Dzia\u0142anie sk\u0142adnik\u00f3w Glucosion jest skoncentrowane na poprawie metabolizmu glukozy, zwi\u0119kszeniu wra\u017cliwo\u015bci na insulin\u0119 oraz ochronie kom\u00f3rek przed stresem oksydacyjnym.<\/p>\n<h2>Efekty Glucosion i ich charakterystyka<\/h2>\n<p>Regularne stosowanie Glucosion mo\u017ce przynie\u015b\u0107 szereg korzy\u015bci dla organizmu, w tym:<\/p>\n<ul>\n<li><strong>Stabilizacja poziomu cukru we krwi<\/strong>: Sk\u0142adniki preparatu pomagaj\u0105 regulowa\u0107 poziom glukozy, co mo\u017ce by\u0107 korzystne dla os\u00f3b z cukrzyc\u0105 lub predyspozycjami do niej.<\/li>\n<li><strong>Poprawa wra\u017cliwo\u015bci na insulin\u0119<\/strong>: Dzi\u0119ki dzia\u0142aniu sk\u0142adnik\u00f3w, organizm staje si\u0119 bardziej wra\u017cliwy na insulin\u0119, co sprzyja prawid\u0142owemu metabolizmowi glukozy.<\/li>\n<li><strong>Ochrona kom\u00f3rek przed stresem oksydacyjnym<\/strong>: Sk\u0142adniki antyoksydacyjne zawarte w Glucosion pomagaj\u0105 chroni\u0107 kom\u00f3rki przed uszkodzeniami spowodowanymi stresem oksydacyjnym.<\/li>\n<li><strong>Wzrost energii i redukcja zm\u0119czenia<\/strong>: Niekt\u00f3re sk\u0142adniki, takie jak \u017ce\u0144-sze\u0144, mog\u0105 pom\u00f3c w zwi\u0119kszeniu energii oraz zmniejszeniu uczucia zm\u0119czenia, co wp\u0142ywa pozytywnie na og\u00f3lne samopoczucie.<\/li>\n<\/ul>\n<p style=\"text-align: center;\"><a href=\"https:\/\/tl-track.com\/tracker\/uUC9\"><button>www.glucosion.pl<\/button><\/a><\/p>\n<h2>Ryzyko skutk\u00f3w ubocznych<\/h2>\n<p>Jedn\u0105 z g\u0142\u00f3wnych zalet Glucosion jest to, \u017ce jest to preparat oparty na naturalnych sk\u0142adnikach, co minimalizuje ryzyko wyst\u0105pienia skutk\u00f3w ubocznych. Dzi\u0119ki temu preparat jest dobrze tolerowany przez wi\u0119kszo\u015b\u0107 os\u00f3b, a ewentualne reakcje niepo\u017c\u0105dane s\u0105 rzadkie i zwykle \u0142agodne. Niemniej jednak, przed rozpocz\u0119ciem stosowania Glucosion zaleca si\u0119 skonsultowanie si\u0119 z lekarzem, zw\u0142aszcza w przypadku os\u00f3b przyjmuj\u0105cych inne leki lub maj\u0105cych powa\u017cne problemy zdrowotne.<\/p>\n<p><em>Glucosion to innowacyjny preparat, kt\u00f3ry mo\u017ce stanowi\u0107 skuteczn\u0105 pomoc dla os\u00f3b zmagaj\u0105cych si\u0119 z problemami z glikemi\u0105. Dzi\u0119ki starannie dobranym sk\u0142adnikom naturalnym, preparat oferuje kompleksow\u0105 regulacj\u0119 poziomu cukru we krwi, minimalizuj\u0105c jednocze\u015bnie ryzyko skutk\u00f3w ubocznych. Regularne stosowanie Glucosion mo\u017ce przynie\u015b\u0107 szereg korzy\u015bci dla zdrowia i samopoczucia, wspieraj\u0105c zdrowy styl \u017cycia.<\/em><\/p>\n<\/div>\n<\/div>\n<\/div>\n<\/div>\n<\/div>\n<\/div>\n<\/div>\n<\/div>\n<div class=\"w-full text-token-text-primary\" data-testid=\"conversation-turn-5\">\n<div class=\"px-4 py-2 justify-center text-base md:gap-6 m-auto\">\n<div class=\"flex flex-1 text-base mx-auto gap-3 md:px-5 lg:px-1 xl:px-5 md:max-w-3xl lg:max-w-[40rem] xl:max-w-[48rem] group final-completion\">\n<div class=\"relative flex w-full flex-col lg:w-[calc(100%-115px)] agent-turn\">\n<div class=\"flex-col gap-1 md:gap-3\">\n<div class=\"flex flex-grow flex-col max-w-full\">\n<div class=\"min-h-[20px] text-message flex flex-col items-start gap-3 whitespace-pre-wrap break-words [.text-message+&amp;]:mt-5 overflow-x-auto\" data-message-author-role=\"assistant\" data-message-id=\"717c4781-6430-4557-a416-f1e2a2233d20\">\n<div class=\"markdown prose w-full break-words dark:prose-invert light\">\n<h2>Opinie klient\u00f3w o Glucosion: fora po\u015bwi\u0119cone zdrowiu<\/h2>\n<p>W Polsce fora internetowe po\u015bwi\u0119cone zdrowiu ciesz\u0105 si\u0119 ogromn\u0105 popularno\u015bci\u0105. Ludzie ch\u0119tnie dziel\u0105 si\u0119 swoimi do\u015bwiadczeniami z r\u00f3\u017cnymi produktami zdrowotnymi, w tym tak\u017ce z Glucosion. Preparat ten zdobywa coraz wi\u0119ksz\u0105 popularno\u015b\u0107 w\u015br\u00f3d u\u017cytkownik\u00f3w, co sprawia, \u017ce mo\u017cna znale\u017a\u0107 wiele opinii na jego temat. Wi\u0119kszo\u015b\u0107 u\u017cytkownik\u00f3w opisuje pozytywne dzia\u0142anie preparatu oraz jego dost\u0119pno\u015b\u0107. Oto dwa przyk\u0142ady opinii:<\/p>\n<ol>\n<li><strong>Anna<\/strong>: &#8222;Od kilku miesi\u0119cy boryka\u0142am si\u0119 z problemami z glikemi\u0105, ale regularne stosowanie Glucosion pomog\u0142o mi w stabilizacji poziomu cukru we krwi. Bardzo polecam ten preparat wszystkim, kt\u00f3rzy maj\u0105 podobne problemy!&#8221;<\/li>\n<li><strong>Marcin<\/strong>: &#8222;Jestem pod wra\u017ceniem efekt\u00f3w, jakie przynosi Glucosion. Nie tylko reguluje poziom cukru we krwi, ale tak\u017ce poprawia moje samopoczucie. Dodatkowo, \u0142atwo\u015b\u0107 dost\u0119pu do produktu sprawia, \u017ce jego stosowanie jest bardzo wygodne.&#8221;<\/li>\n<\/ol>\n<h2>Spos\u00f3b podawania i dawkowanie<\/h2>\n<p>Glucosion dost\u0119pny jest w formie kapsu\u0142ek, kt\u00f3re nale\u017cy regularnie przyjmowa\u0107 doustnie, popijaj\u0105c wod\u0105. Zalecane jest stosowanie preparatu zgodnie z zaleceniami producenta, aby uzyska\u0107 najlepsze efekty. Przewa\u017cnie zaleca si\u0119 przyjmowanie jednej kapsu\u0142ki 1-2 razy dziennie, najlepiej podczas posi\u0142k\u00f3w.<\/p>\n<h2>Kup teraz Glucosion z dostaw\u0105<\/h2>\n<p>Zakup Glucosion jest niezwykle \u0142atwy i wygodny. Produkt dost\u0119pny jest do kupienia online, bez konieczno\u015bci wcze\u015bniejszej p\u0142atno\u015bci. Oplata za produkt dokonywana jest dopiero przy odbiorze, co eliminuje ryzyko niezadowolenia z zakupu. Dostawa trwa zazwyczaj 3-4 dni robocze, co oznacza, \u017ce produkt mo\u017cna mie\u0107 szybko pod r\u0119k\u0105. Dodatkowo, ka\u017cdy zam\u00f3wienie jest potwierdzane przez specjalist\u0119 telefonicznie, kt\u00f3ry s\u0142u\u017cy pomoc\u0105 w kwestiach dotycz\u0105cych produktu oraz dost\u0119pnych promocji.<\/p>\n<p style=\"text-align: center;\"><a href=\"https:\/\/tl-track.com\/tracker\/uUC9\"><button>Zakup na stronie producenta (-50%)<\/button><\/a><\/p>\n<h2>Por\u00f3wnanie ofert: ceny i dost\u0119pno\u015b\u0107 Glucosion<\/h2>\n<p>Producent Glucosion stawia na bezpo\u015bredni\u0105 dost\u0119pno\u015b\u0107 dla klient\u00f3w, dlatego preparat dost\u0119pny jest do kupienia wy\u0142\u0105cznie na oficjalnej stronie internetowej producenta. Dzi\u0119ki temu mo\u017cna mie\u0107 pewno\u015b\u0107, \u017ce otrzymuje si\u0119 oryginalny produkt bezpo\u015brednio od producenta, unikaj\u0105c po\u015brednik\u00f3w i na\u0142og\u00f3w. Istniej\u0105 r\u00f3wnie\u017c regularnie aktualizowane promocje, kt\u00f3re warto \u015bledzi\u0107. Warto zauwa\u017cy\u0107, \u017ce Glucosion nie jest dost\u0119pny w tradycyjnych aptekach stacjonarnych, co dodatkowo podkre\u015bla wyj\u0105tkowo\u015b\u0107 tej oferty.<\/p>\n<\/div>\n<\/div>\n<\/div>\n<\/div>\n<\/div>\n<\/div>\n<\/div>\n<\/div>\n","protected":false},"excerpt":{"rendered":"<p style=\"text-align: center;\"><a href=\"https:\/\/tl-track.com\/tracker\/uUC9\"><button>Kup teraz<\/button><\/a><\/p>\n<p>SKU:\u00a0<span class=\"sku\">789.878.020<\/span><\/p>\n<hr \/>\n<p><small>Produkt sprzedawany jest wy\u0142\u0105cznie za po\u015brednictwem oficjalnej strony producenta, id\u017a i kupuj bezpiecznie!<\/small><\/p>\n","protected":false},"featured_media":387,"comment_status":"open","ping_status":"closed","template":"","meta":[],"product_brand":[],"product_cat":[15],"product_tag":[],"class_list":{"0":"post-386","1":"product","2":"type-product","3":"status-publish","4":"has-post-thumbnail","6":"product_cat-supl","7":"thunk-woo-product-list","8":"opn-qv-enable","9":"top-store-woo-hover-","10":"top-store-single-product-tab-horizontal","11":"top-store-shadow-","12":"top-store-shadow-hover-","14":"first","15":"instock","16":"sale","17":"shipping-taxable","18":"purchasable","19":"product-type-simple"},"yoast_head":"<!-- This site is optimized with the Yoast SEO plugin v27.4 - https:\/\/yoast.com\/product\/yoast-seo-wordpress\/ -->\n<title>Glucosion - kup suplement, cena w aptece, sk\u0142ad, dzia\u0142anie<\/title>\n<meta name=\"robots\" content=\"index, follow, max-snippet:-1, max-image-preview:large, max-video-preview:-1\" \/>\n<link rel=\"canonical\" href=\"https:\/\/lekarzeopole.pl\/wordpress\/product\/glucosion\/\" \/>\n<meta property=\"og:locale\" content=\"pl_PL\" \/>\n<meta property=\"og:type\" content=\"article\" \/>\n<meta property=\"og:title\" content=\"Glucosion - kup suplement, cena w aptece, sk\u0142ad, dzia\u0142anie\" \/>\n<meta property=\"og:description\" content=\"Kup teraz SKU:\u00a0789.878.020    Produkt sprzedawany jest wy\u0142\u0105cznie za po\u015brednictwem oficjalnej strony producenta, id\u017a i kupuj bezpiecznie!\" \/>\n<meta property=\"og:url\" content=\"https:\/\/lekarzeopole.pl\/wordpress\/product\/glucosion\/\" \/>\n<meta property=\"og:site_name\" content=\"Lekarze Opole\" \/>\n<meta property=\"article:modified_time\" content=\"2026-01-05T14:20:12+00:00\" \/>\n<meta property=\"og:image\" content=\"https:\/\/lekarzeopole.pl\/wordpress\/wp-content\/uploads\/2024\/02\/glucosion.png\" \/>\n\t<meta property=\"og:image:width\" content=\"400\" \/>\n\t<meta property=\"og:image:height\" content=\"400\" \/>\n\t<meta property=\"og:image:type\" content=\"image\/png\" \/>\n<meta name=\"twitter:card\" content=\"summary_large_image\" \/>\n<meta name=\"twitter:label1\" content=\"Szacowany czas czytania\" \/>\n\t<meta name=\"twitter:data1\" content=\"6 minut\" \/>\n<script type=\"application\/ld+json\" class=\"yoast-schema-graph\">{\"@context\":\"https:\\\/\\\/schema.org\",\"@graph\":[{\"@type\":\"WebPage\",\"@id\":\"https:\\\/\\\/lekarzeopole.pl\\\/wordpress\\\/product\\\/glucosion\\\/\",\"url\":\"https:\\\/\\\/lekarzeopole.pl\\\/wordpress\\\/product\\\/glucosion\\\/\",\"name\":\"Glucosion - kup suplement, cena w aptece, sk\u0142ad, dzia\u0142anie\",\"isPartOf\":{\"@id\":\"https:\\\/\\\/lekarzeopole.pl\\\/wordpress\\\/#website\"},\"primaryImageOfPage\":{\"@id\":\"https:\\\/\\\/lekarzeopole.pl\\\/wordpress\\\/product\\\/glucosion\\\/#primaryimage\"},\"image\":{\"@id\":\"https:\\\/\\\/lekarzeopole.pl\\\/wordpress\\\/product\\\/glucosion\\\/#primaryimage\"},\"thumbnailUrl\":\"https:\\\/\\\/lekarzeopole.pl\\\/wordpress\\\/wp-content\\\/uploads\\\/2024\\\/02\\\/glucosion.png\",\"datePublished\":\"2024-02-08T10:22:46+00:00\",\"dateModified\":\"2026-01-05T14:20:12+00:00\",\"breadcrumb\":{\"@id\":\"https:\\\/\\\/lekarzeopole.pl\\\/wordpress\\\/product\\\/glucosion\\\/#breadcrumb\"},\"inLanguage\":\"pl-PL\",\"potentialAction\":[{\"@type\":\"ReadAction\",\"target\":[\"https:\\\/\\\/lekarzeopole.pl\\\/wordpress\\\/product\\\/glucosion\\\/\"]}]},{\"@type\":\"ImageObject\",\"inLanguage\":\"pl-PL\",\"@id\":\"https:\\\/\\\/lekarzeopole.pl\\\/wordpress\\\/product\\\/glucosion\\\/#primaryimage\",\"url\":\"https:\\\/\\\/lekarzeopole.pl\\\/wordpress\\\/wp-content\\\/uploads\\\/2024\\\/02\\\/glucosion.png\",\"contentUrl\":\"https:\\\/\\\/lekarzeopole.pl\\\/wordpress\\\/wp-content\\\/uploads\\\/2024\\\/02\\\/glucosion.png\",\"width\":400,\"height\":400,\"caption\":\"Glucosion\"},{\"@type\":\"BreadcrumbList\",\"@id\":\"https:\\\/\\\/lekarzeopole.pl\\\/wordpress\\\/product\\\/glucosion\\\/#breadcrumb\",\"itemListElement\":[{\"@type\":\"ListItem\",\"position\":1,\"name\":\"\u0413\u043b\u0430\u0432\u043d\u0430\u044f \u0441\u0442\u0440\u0430\u043d\u0438\u0446\u0430\",\"item\":\"https:\\\/\\\/lekarzeopole.pl\\\/wordpress\\\/\"},{\"@type\":\"ListItem\",\"position\":2,\"name\":\"Zakup\",\"item\":\"https:\\\/\\\/lekarzeopole.pl\\\/wordpress\\\/\"},{\"@type\":\"ListItem\",\"position\":3,\"name\":\"Glucosion\"}]},{\"@type\":\"WebSite\",\"@id\":\"https:\\\/\\\/lekarzeopole.pl\\\/wordpress\\\/#website\",\"url\":\"https:\\\/\\\/lekarzeopole.pl\\\/wordpress\\\/\",\"name\":\"Lekarze Opole\",\"description\":\"\",\"potentialAction\":[{\"@type\":\"SearchAction\",\"target\":{\"@type\":\"EntryPoint\",\"urlTemplate\":\"https:\\\/\\\/lekarzeopole.pl\\\/wordpress\\\/?s={search_term_string}\"},\"query-input\":{\"@type\":\"PropertyValueSpecification\",\"valueRequired\":true,\"valueName\":\"search_term_string\"}}],\"inLanguage\":\"pl-PL\"}]}<\/script>\n<!-- \/ Yoast SEO plugin. -->","yoast_head_json":{"title":"Glucosion - kup suplement, cena w aptece, sk\u0142ad, dzia\u0142anie","robots":{"index":"index","follow":"follow","max-snippet":"max-snippet:-1","max-image-preview":"max-image-preview:large","max-video-preview":"max-video-preview:-1"},"canonical":"https:\/\/lekarzeopole.pl\/wordpress\/product\/glucosion\/","og_locale":"pl_PL","og_type":"article","og_title":"Glucosion - kup suplement, cena w aptece, sk\u0142ad, dzia\u0142anie","og_description":"Kup teraz SKU:\u00a0789.878.020    Produkt sprzedawany jest wy\u0142\u0105cznie za po\u015brednictwem oficjalnej strony producenta, id\u017a i kupuj bezpiecznie!","og_url":"https:\/\/lekarzeopole.pl\/wordpress\/product\/glucosion\/","og_site_name":"Lekarze Opole","article_modified_time":"2026-01-05T14:20:12+00:00","og_image":[{"width":400,"height":400,"url":"https:\/\/lekarzeopole.pl\/wordpress\/wp-content\/uploads\/2024\/02\/glucosion.png","type":"image\/png"}],"twitter_card":"summary_large_image","twitter_misc":{"Szacowany czas czytania":"6 minut"},"schema":{"@context":"https:\/\/schema.org","@graph":[{"@type":"WebPage","@id":"https:\/\/lekarzeopole.pl\/wordpress\/product\/glucosion\/","url":"https:\/\/lekarzeopole.pl\/wordpress\/product\/glucosion\/","name":"Glucosion - kup suplement, cena w aptece, sk\u0142ad, dzia\u0142anie","isPartOf":{"@id":"https:\/\/lekarzeopole.pl\/wordpress\/#website"},"primaryImageOfPage":{"@id":"https:\/\/lekarzeopole.pl\/wordpress\/product\/glucosion\/#primaryimage"},"image":{"@id":"https:\/\/lekarzeopole.pl\/wordpress\/product\/glucosion\/#primaryimage"},"thumbnailUrl":"https:\/\/lekarzeopole.pl\/wordpress\/wp-content\/uploads\/2024\/02\/glucosion.png","datePublished":"2024-02-08T10:22:46+00:00","dateModified":"2026-01-05T14:20:12+00:00","breadcrumb":{"@id":"https:\/\/lekarzeopole.pl\/wordpress\/product\/glucosion\/#breadcrumb"},"inLanguage":"pl-PL","potentialAction":[{"@type":"ReadAction","target":["https:\/\/lekarzeopole.pl\/wordpress\/product\/glucosion\/"]}]},{"@type":"ImageObject","inLanguage":"pl-PL","@id":"https:\/\/lekarzeopole.pl\/wordpress\/product\/glucosion\/#primaryimage","url":"https:\/\/lekarzeopole.pl\/wordpress\/wp-content\/uploads\/2024\/02\/glucosion.png","contentUrl":"https:\/\/lekarzeopole.pl\/wordpress\/wp-content\/uploads\/2024\/02\/glucosion.png","width":400,"height":400,"caption":"Glucosion"},{"@type":"BreadcrumbList","@id":"https:\/\/lekarzeopole.pl\/wordpress\/product\/glucosion\/#breadcrumb","itemListElement":[{"@type":"ListItem","position":1,"name":"\u0413\u043b\u0430\u0432\u043d\u0430\u044f \u0441\u0442\u0440\u0430\u043d\u0438\u0446\u0430","item":"https:\/\/lekarzeopole.pl\/wordpress\/"},{"@type":"ListItem","position":2,"name":"Zakup","item":"https:\/\/lekarzeopole.pl\/wordpress\/"},{"@type":"ListItem","position":3,"name":"Glucosion"}]},{"@type":"WebSite","@id":"https:\/\/lekarzeopole.pl\/wordpress\/#website","url":"https:\/\/lekarzeopole.pl\/wordpress\/","name":"Lekarze Opole","description":"","potentialAction":[{"@type":"SearchAction","target":{"@type":"EntryPoint","urlTemplate":"https:\/\/lekarzeopole.pl\/wordpress\/?s={search_term_string}"},"query-input":{"@type":"PropertyValueSpecification","valueRequired":true,"valueName":"search_term_string"}}],"inLanguage":"pl-PL"}]}},"_links":{"self":[{"href":"https:\/\/lekarzeopole.pl\/wordpress\/wp-json\/wp\/v2\/product\/386","targetHints":{"allow":["GET"]}}],"collection":[{"href":"https:\/\/lekarzeopole.pl\/wordpress\/wp-json\/wp\/v2\/product"}],"about":[{"href":"https:\/\/lekarzeopole.pl\/wordpress\/wp-json\/wp\/v2\/types\/product"}],"replies":[{"embeddable":true,"href":"https:\/\/lekarzeopole.pl\/wordpress\/wp-json\/wp\/v2\/comments?post=386"}],"wp:featuredmedia":[{"embeddable":true,"href":"https:\/\/lekarzeopole.pl\/wordpress\/wp-json\/wp\/v2\/media\/387"}],"wp:attachment":[{"href":"https:\/\/lekarzeopole.pl\/wordpress\/wp-json\/wp\/v2\/media?parent=386"}],"wp:term":[{"taxonomy":"product_brand","embeddable":true,"href":"https:\/\/lekarzeopole.pl\/wordpress\/wp-json\/wp\/v2\/product_brand?post=386"},{"taxonomy":"product_cat","embeddable":true,"href":"https:\/\/lekarzeopole.pl\/wordpress\/wp-json\/wp\/v2\/product_cat?post=386"},{"taxonomy":"product_tag","embeddable":true,"href":"https:\/\/lekarzeopole.pl\/wordpress\/wp-json\/wp\/v2\/product_tag?post=386"}],"curies":[{"name":"wp","href":"https:\/\/api.w.org\/{rel}","templated":true}]}}