{"id":376,"date":"2024-02-08T09:33:59","date_gmt":"2024-02-08T09:33:59","guid":{"rendered":"https:\/\/lekarzeopole.pl\/wordpress\/?post_type=product&#038;p=376"},"modified":"2025-03-30T15:21:27","modified_gmt":"2025-03-30T15:21:27","slug":"intenskin","status":"publish","type":"product","link":"https:\/\/lekarzeopole.pl\/wordpress\/product\/intenskin\/","title":{"rendered":"Intenskin"},"content":{"rendered":"<div class=\"flex-1 overflow-hidden\">\n<div class=\"react-scroll-to-bottom--css-vbuud-79elbk h-full\">\n<div class=\"react-scroll-to-bottom--css-vbuud-1n7m0yu\">\n<div class=\"flex flex-col pb-9 text-sm\">\n<div class=\"w-full text-token-text-primary\" data-testid=\"conversation-turn-3\">\n<div class=\"px-4 py-2 justify-center text-base md:gap-6 m-auto\">\n<div class=\"flex flex-1 text-base mx-auto gap-3 md:px-5 lg:px-1 xl:px-5 md:max-w-3xl lg:max-w-[40rem] xl:max-w-[48rem] group\">\n<div class=\"relative flex w-full flex-col lg:w-[calc(100%-115px)] agent-turn\">\n<div class=\"flex-col gap-1 md:gap-3\">\n<div class=\"flex flex-grow flex-col max-w-full\">\n<div class=\"min-h-[20px] text-message flex flex-col items-start gap-3 whitespace-pre-wrap break-words [.text-message+&amp;]:mt-5 overflow-x-auto\" data-message-author-role=\"assistant\" data-message-id=\"51cf5328-8367-4fcb-8f8f-ad06fabe9273\">\n<div class=\"markdown prose w-full break-words dark:prose-invert light\">\n<p>W dzisiejszych czasach piel\u0119gnacja sk\u00f3ry staje si\u0119 coraz wa\u017cniejsza. Zanieczyszczenia \u015brodowiska, stres czy niezdrowy tryb \u017cycia negatywnie wp\u0142ywaj\u0105 na kondycj\u0119 naszej sk\u00f3ry, dlatego te\u017c warto si\u0119gn\u0105\u0107 po produkty, kt\u00f3re nie tylko piel\u0119gnuj\u0105, ale tak\u017ce chroni\u0105 j\u0105 przed niekorzystnymi czynnikami zewn\u0119trznymi. Jednym z takich produkt\u00f3w jest Intenskin &#8211; krem do piel\u0119gnacji sk\u00f3ry twarzy, kt\u00f3ry swoj\u0105 skuteczno\u015b\u0107 zawdzi\u0119cza wy\u0142\u0105cznie naturalnym sk\u0142adnikom.<\/p>\n<h2>Wskazania do stosowania Intenskin<\/h2>\n<p>Intenskin jest przeznaczony dla wszystkich os\u00f3b, kt\u00f3re pragn\u0105 zadba\u0107 o kondycj\u0119 swojej sk\u00f3ry. G\u0142\u00f3wne wskazania do stosowania tego rewelacyjnego kremu to:<\/p>\n<ol>\n<li><strong>Zmarszczki i linie mimiczne<\/strong>: Dzi\u0119ki sk\u0142adnikom aktywnym Intenskin skutecznie redukuje widoczno\u015b\u0107 zmarszczek i linii mimicznych, przywracaj\u0105c sk\u00f3rze m\u0142odzie\u0144czy wygl\u0105d.<\/li>\n<li><strong>Nadmierne przesuszenie sk\u00f3ry<\/strong>: Nawil\u017caj\u0105ce w\u0142a\u015bciwo\u015bci kremu sprawiaj\u0105, \u017ce sk\u00f3ra staje si\u0119 g\u0142adsza i bardziej elastyczna, eliminuj\u0105c uczucie \u015bci\u0105gni\u0119cia.<\/li>\n<li><strong>Ochrona przed promieniowaniem UV<\/strong>: Dzi\u0119ki silnym filtrom SPF Intenskin chroni sk\u00f3r\u0119 przed szkodliwym dzia\u0142aniem promieniowania UV, zapobiegaj\u0105c przedwczesnemu starzeniu si\u0119 sk\u00f3ry.<\/li>\n<li><strong>Utrata j\u0119drno\u015bci i elastyczno\u015bci sk\u00f3ry<\/strong>: Regularne stosowanie kremu pomaga w przywr\u00f3ceniu sk\u00f3rze utraconej j\u0119drno\u015bci oraz elastyczno\u015bci, sprawiaj\u0105c, \u017ce staje si\u0119 ona bardziej napi\u0119ta i elastyczna.<\/li>\n<\/ol>\n<p style=\"text-align: center;\"><a href=\"https:\/\/mandarv.com\/xXdS?sub1=sub1&amp;sub2=sub2&amp;sub3=sub3&amp;sub4=sub4&amp;sub5=sub5\"><button>www.intenskin.pl<\/button><\/a><\/p>\n<h2>Sk\u0142ad i dzia\u0142anie sk\u0142adnik\u00f3w Intenskin<\/h2>\n<p>Intenskin zawiera wy\u0142\u0105cznie naturalne sk\u0142adniki, kt\u00f3rych dzia\u0142anie zosta\u0142o potwierdzone naukowo. G\u0142\u00f3wne sk\u0142adniki aktywne to:<\/p>\n<ol>\n<li><strong>Witaminy i minera\u0142y<\/strong>: Bogata formu\u0142a kremu Intenskin zawiera witaminy i minera\u0142y niezb\u0119dne dla zdrowia sk\u00f3ry, kt\u00f3re przywracaj\u0105 jej naturalny blask oraz poprawiaj\u0105 kondycj\u0119.<\/li>\n<li><strong>Hialuronian sodu<\/strong>: Ten sk\u0142adnik aktywny intensywnie nawil\u017ca sk\u00f3r\u0119, zapobiegaj\u0105c jej przesuszeniu oraz redukuj\u0105c widoczno\u015b\u0107 drobnych zmarszczek.<\/li>\n<li><strong>Wyci\u0105g z aloesu<\/strong>: Aloes znany jest ze swoich w\u0142a\u015bciwo\u015bci \u0142agodz\u0105cych i regeneruj\u0105cych. W kremie Intenskin pomaga w z\u0142agodzeniu podra\u017cnie\u0144 oraz stymuluje procesy regeneracji sk\u00f3ry.<\/li>\n<li><strong>Ekstrakt z zielonej herbaty<\/strong>: Dzia\u0142a przeciwzapalnie i antyoksydacyjnie, chroni\u0105c sk\u00f3r\u0119 przed szkodliwym dzia\u0142aniem wolnych rodnik\u00f3w oraz op\u00f3\u017aniaj\u0105c procesy starzenia si\u0119 sk\u00f3ry.<\/li>\n<\/ol>\n<h2>Efekty Intenskin i ich charakterystyka<\/h2>\n<p>Regularne stosowanie kremu Intenskin przynosi widoczne efekty ju\u017c po kr\u00f3tkim czasie. G\u0142\u00f3wne efekty to:<\/p>\n<ol>\n<li><strong>Redukcja zmarszczek<\/strong>: Sk\u0142adniki aktywne kremu Intenskin skutecznie redukuj\u0105 widoczno\u015b\u0107 zmarszczek i linii mimicznych, przywracaj\u0105c sk\u00f3rze m\u0142odszy wygl\u0105d.<\/li>\n<li><strong>Nawil\u017cenie i od\u017cywienie<\/strong>: Intensywna formu\u0142a kremu g\u0142\u0119boko nawil\u017ca sk\u00f3r\u0119, sprawiaj\u0105c, \u017ce staje si\u0119 ona mi\u0119kka, g\u0142adka i pe\u0142na blasku.<\/li>\n<li><strong>Ochrona przed szkodliwymi czynnikami zewn\u0119trznymi<\/strong>: Filtry SPF chroni\u0105 sk\u00f3r\u0119 przed szkodliwym dzia\u0142aniem promieniowania UV oraz zanieczyszcze\u0144 \u015brodowiska, zapobiegaj\u0105c przedwczesnemu starzeniu si\u0119 sk\u00f3ry.<\/li>\n<li><strong>Poprawa elastyczno\u015bci i j\u0119drno\u015bci sk\u00f3ry<\/strong>: Regularne stosowanie kremu Intenskin sprawia, \u017ce sk\u00f3ra staje si\u0119 bardziej j\u0119drna, elastyczna i napi\u0119ta.<\/li>\n<\/ol>\n<h2>Ryzyko skutk\u00f3w ubocznych<\/h2>\n<p>Intenskin to produkt oparty wy\u0142\u0105cznie na naturalnych sk\u0142adnikach, dlatego ryzyko wyst\u0105pienia skutk\u00f3w ubocznych jest minimalne. Sk\u0142adniki aktywne zosta\u0142y starannie dobrane tak, aby zapewni\u0107 skuteczn\u0105 piel\u0119gnacj\u0119 sk\u00f3ry, jednocze\u015bnie minimalizuj\u0105c ryzyko podra\u017cnie\u0144 czy alergii. Przed\u0142u\u017cone stosowanie kremu Intenskin nie powoduje efektu przesuszenia sk\u00f3ry ani uczucia dyskomfortu, co potwierdza jego wysok\u0105 tolerancj\u0119 nawet przez osoby o wra\u017cliwej sk\u00f3rze.<\/p>\n<p><em>Warto\u015b\u0107 Intenskin tkwi w jego wyj\u0105tkowej formule opartej na naturalnych sk\u0142adnikach, kt\u00f3ra zapewnia kompleksow\u0105 piel\u0119gnacj\u0119 sk\u00f3ry twarzy. Dzi\u0119ki regularnemu stosowaniu tego rewolucyjnego kremu mo\u017cna cieszy\u0107 si\u0119 promienn\u0105, zdrow\u0105 cer\u0105 przez wiele lat.<\/em><\/p>\n<\/div>\n<\/div>\n<\/div>\n<\/div>\n<\/div>\n<\/div>\n<\/div>\n<\/div>\n<div class=\"w-full text-token-text-primary\" data-testid=\"conversation-turn-5\">\n<div class=\"px-4 py-2 justify-center text-base md:gap-6 m-auto\">\n<div class=\"flex flex-1 text-base mx-auto gap-3 md:px-5 lg:px-1 xl:px-5 md:max-w-3xl lg:max-w-[40rem] xl:max-w-[48rem] group final-completion\">\n<div class=\"relative flex w-full flex-col lg:w-[calc(100%-115px)] agent-turn\">\n<div class=\"flex-col gap-1 md:gap-3\">\n<div class=\"flex flex-grow flex-col max-w-full\">\n<div class=\"min-h-[20px] text-message flex flex-col items-start gap-3 whitespace-pre-wrap break-words [.text-message+&amp;]:mt-5 overflow-x-auto\" data-message-author-role=\"assistant\" data-message-id=\"cc1f1ee0-0fc2-48a0-a5cc-92ddf4a248d6\">\n<div class=\"markdown prose w-full break-words dark:prose-invert light\">\n<h2>Opinie klient\u00f3w o Intenskin: fora po\u015bwi\u0119cone zdrowiu<\/h2>\n<p>W Polsce fora internetowe po\u015bwi\u0119cone zdrowiu ciesz\u0105 si\u0119 ogromn\u0105 popularno\u015bci\u0105. Ludzie dziel\u0105 si\u0119 swoimi do\u015bwiadczeniami z r\u00f3\u017cnymi produktami i metodami piel\u0119gnacji, w tym tak\u017ce produktem Intenskin. W ostatnim czasie mo\u017cna zaobserwowa\u0107 wzrost liczby pozytywnych opinii na temat tego kremu, co \u015bwiadczy o jego skuteczno\u015bci i popularno\u015bci w\u015br\u00f3d klient\u00f3w. Wi\u0119kszo\u015b\u0107 u\u017cytkownik\u00f3w opisuje pozytywne efekty stosowania Intenskin, podkre\u015blaj\u0105c jego skuteczno\u015b\u0107, \u0142atwo\u015b\u0107 aplikacji oraz dost\u0119pno\u015b\u0107 w przyst\u0119pnej cenie.<\/p>\n<h4>Opinie u\u017cytkownik\u00f3w:<\/h4>\n<ol>\n<li><strong>Anna, 45 lat<\/strong>: &#8222;Intenskin to dla mnie prawdziwa rewelacja! Po kilku tygodniach regularnego stosowania zauwa\u017cy\u0142am ogromn\u0105 popraw\u0119 kondycji mojej sk\u00f3ry. Zmarszczki si\u0119 wyg\u0142adzi\u0142y, a cera sta\u0142a si\u0119 bardziej j\u0119drna i promienna. Polecam ka\u017cdemu, kto pragnie zadba\u0107 o m\u0142odzie\u0144czy wygl\u0105d sk\u00f3ry!&#8221;<\/li>\n<li><strong>Jena, 38 lat<\/strong>: &#8222;Jestem bardzo zadowolony z efekt\u00f3w stosowania Intenskin. Ju\u017c po kr\u00f3tkim czasie moja sk\u00f3ra sta\u0142a si\u0119 bardziej nawil\u017cona i g\u0142adka, a zmarszczki znacznie si\u0119 zmniejszy\u0142y. Dodatkowo, doceniam fakt, \u017ce produkt jest \u0142atwo dost\u0119pny i w przyst\u0119pnej cenie.&#8221;<\/li>\n<\/ol>\n<h2>Spos\u00f3b podawania i dawkowanie<\/h2>\n<p>Intenskin nale\u017cy stosowa\u0107 regularnie, najlepiej rano i wieczorem, na oczyszczon\u0105 sk\u00f3r\u0119 twarzy. Niewielk\u0105 ilo\u015b\u0107 kremu nale\u017cy delikatnie wmasowa\u0107 w sk\u00f3r\u0119 a\u017c do ca\u0142kowitego wch\u0142oni\u0119cia. Mo\u017cna stosowa\u0107 r\u00f3wnie\u017c przed na\u0142o\u017ceniem makija\u017cu. Dawkowanie zale\u017cy od indywidualnych potrzeb i preferencji, jednak zaleca si\u0119 stosowanie niewielkiej ilo\u015bci kremu, aby unikn\u0105\u0107 nadmiernego nat\u0142uszczenia sk\u00f3ry.<\/p>\n<p style=\"text-align: center;\"><a href=\"https:\/\/mandarv.com\/xXdS?sub1=sub1&amp;sub2=sub2&amp;sub3=sub3&amp;sub4=sub4&amp;sub5=sub5\"><button>Zakup na stronie producenta (-50%)<\/button><\/a><\/p>\n<h2>Kup teraz Intenskin z dostaw\u0105<\/h2>\n<p>Zam\u00f3wienie Intenskin jest niezwykle proste i wygodne. Produkt mo\u017cna zakupi\u0107 online, bez konieczno\u015bci p\u0142acenia z g\u00f3ry. Op\u0142ata za zam\u00f3wienie odbywa si\u0119 dopiero przy odbiorze, co pozwala na pewno\u015b\u0107 co do jako\u015bci i autentyczno\u015bci produktu. Dostawa Intenskin zajmuje zazwyczaj 3-4 dni robocze na terenie Polski. Dodatkowo, ka\u017cde zam\u00f3wienie jest potwierdzane telefonicznie przez specjalist\u0119, kt\u00f3ry s\u0142u\u017cy r\u00f3wnie\u017c pomoc\u0105 i doradztwem w kwestii ilo\u015bci produktu oraz dost\u0119pno\u015bci ewentualnych promocji.<\/p>\n<h2>Por\u00f3wnanie ofert: ceny i dost\u0119pno\u015b\u0107 Intenskin<\/h2>\n<p>Producenci Intenskin k\u0142ad\u0105 nacisk na dost\u0119pno\u015b\u0107 produktu dla klient\u00f3w, dlatego te\u017c mo\u017cna go zakupi\u0107 bezpo\u015brednio na oficjalnej stronie internetowej producenta, bez po\u015brednik\u00f3w i dodatkowych na\u0142og\u00f3w. Na stronie producenta regularnie pojawiaj\u0105 si\u0119 tak\u017ce atrakcyjne promocje i zni\u017cki, kt\u00f3re warto \u015bledzi\u0107. Dzi\u0119ki temu klient ma pewno\u015b\u0107, \u017ce nabywa oryginalny produkt w konkurencyjnej cenie. Warto zaznaczy\u0107, \u017ce Intenskin nie jest dost\u0119pny w stacjonarnych aptekach, co dodatkowo podkre\u015bla jego wyj\u0105tkowo\u015b\u0107 i ekskluzywno\u015b\u0107.<\/p>\n<\/div>\n<\/div>\n<\/div>\n<\/div>\n<\/div>\n<\/div>\n<\/div>\n<\/div>\n<\/div>\n<\/div>\n<\/div>\n<\/div>\n","protected":false},"excerpt":{"rendered":"<p style=\"text-align: center;\"><a href=\"https:\/\/mandarv.com\/xXdS?sub1=sub1&amp;sub2=sub2&amp;sub3=sub3&amp;sub4=sub4&amp;sub5=sub5\"><button>Kup teraz<\/button><\/a><\/p>\n<p>SKU:\u00a0<span class=\"sku\">789.878.014<\/span><\/p>\n<hr \/>\n<p><small>Produkt sprzedawany jest wy\u0142\u0105cznie za po\u015brednictwem oficjalnej strony producenta, id\u017a i kupuj bezpiecznie!<\/small><\/p>\n","protected":false},"featured_media":377,"comment_status":"open","ping_status":"closed","template":"","meta":[],"product_brand":[],"product_cat":[15],"product_tag":[],"class_list":{"0":"post-376","1":"product","2":"type-product","3":"status-publish","4":"has-post-thumbnail","6":"product_cat-supl","7":"thunk-woo-product-list","8":"opn-qv-enable","9":"top-store-woo-hover-","10":"top-store-single-product-tab-horizontal","11":"top-store-shadow-","12":"top-store-shadow-hover-","14":"first","15":"instock","16":"sale","17":"shipping-taxable","18":"purchasable","19":"product-type-simple"},"yoast_head":"<!-- This site is optimized with the Yoast SEO plugin v27.4 - https:\/\/yoast.com\/product\/yoast-seo-wordpress\/ -->\n<title>Intenskin - kup suplement, cena w aptece, sk\u0142ad, dzia\u0142anie<\/title>\n<meta name=\"robots\" content=\"index, follow, max-snippet:-1, max-image-preview:large, max-video-preview:-1\" \/>\n<link rel=\"canonical\" href=\"https:\/\/lekarzeopole.pl\/wordpress\/product\/intenskin\/\" \/>\n<meta property=\"og:locale\" content=\"pl_PL\" \/>\n<meta property=\"og:type\" content=\"article\" \/>\n<meta property=\"og:title\" content=\"Intenskin - kup suplement, cena w aptece, sk\u0142ad, dzia\u0142anie\" \/>\n<meta property=\"og:description\" content=\"Kup teraz SKU:\u00a0789.878.014    Produkt sprzedawany jest wy\u0142\u0105cznie za po\u015brednictwem oficjalnej strony producenta, id\u017a i kupuj bezpiecznie!\" \/>\n<meta property=\"og:url\" content=\"https:\/\/lekarzeopole.pl\/wordpress\/product\/intenskin\/\" \/>\n<meta property=\"og:site_name\" content=\"Lekarze Opole\" \/>\n<meta property=\"article:modified_time\" content=\"2025-03-30T15:21:27+00:00\" \/>\n<meta property=\"og:image\" content=\"https:\/\/lekarzeopole.pl\/wordpress\/wp-content\/uploads\/2024\/02\/intenskin.png\" \/>\n\t<meta property=\"og:image:width\" content=\"661\" \/>\n\t<meta property=\"og:image:height\" content=\"799\" \/>\n\t<meta property=\"og:image:type\" content=\"image\/png\" \/>\n<meta name=\"twitter:card\" content=\"summary_large_image\" \/>\n<meta name=\"twitter:label1\" content=\"Szacowany czas czytania\" \/>\n\t<meta name=\"twitter:data1\" content=\"6 minut\" \/>\n<script type=\"application\/ld+json\" class=\"yoast-schema-graph\">{\"@context\":\"https:\\\/\\\/schema.org\",\"@graph\":[{\"@type\":\"WebPage\",\"@id\":\"https:\\\/\\\/lekarzeopole.pl\\\/wordpress\\\/product\\\/intenskin\\\/\",\"url\":\"https:\\\/\\\/lekarzeopole.pl\\\/wordpress\\\/product\\\/intenskin\\\/\",\"name\":\"Intenskin - kup suplement, cena w aptece, sk\u0142ad, dzia\u0142anie\",\"isPartOf\":{\"@id\":\"https:\\\/\\\/lekarzeopole.pl\\\/wordpress\\\/#website\"},\"primaryImageOfPage\":{\"@id\":\"https:\\\/\\\/lekarzeopole.pl\\\/wordpress\\\/product\\\/intenskin\\\/#primaryimage\"},\"image\":{\"@id\":\"https:\\\/\\\/lekarzeopole.pl\\\/wordpress\\\/product\\\/intenskin\\\/#primaryimage\"},\"thumbnailUrl\":\"https:\\\/\\\/lekarzeopole.pl\\\/wordpress\\\/wp-content\\\/uploads\\\/2024\\\/02\\\/intenskin.png\",\"datePublished\":\"2024-02-08T09:33:59+00:00\",\"dateModified\":\"2025-03-30T15:21:27+00:00\",\"breadcrumb\":{\"@id\":\"https:\\\/\\\/lekarzeopole.pl\\\/wordpress\\\/product\\\/intenskin\\\/#breadcrumb\"},\"inLanguage\":\"pl-PL\",\"potentialAction\":[{\"@type\":\"ReadAction\",\"target\":[\"https:\\\/\\\/lekarzeopole.pl\\\/wordpress\\\/product\\\/intenskin\\\/\"]}]},{\"@type\":\"ImageObject\",\"inLanguage\":\"pl-PL\",\"@id\":\"https:\\\/\\\/lekarzeopole.pl\\\/wordpress\\\/product\\\/intenskin\\\/#primaryimage\",\"url\":\"https:\\\/\\\/lekarzeopole.pl\\\/wordpress\\\/wp-content\\\/uploads\\\/2024\\\/02\\\/intenskin.png\",\"contentUrl\":\"https:\\\/\\\/lekarzeopole.pl\\\/wordpress\\\/wp-content\\\/uploads\\\/2024\\\/02\\\/intenskin.png\",\"width\":661,\"height\":799,\"caption\":\"Intenskin\"},{\"@type\":\"BreadcrumbList\",\"@id\":\"https:\\\/\\\/lekarzeopole.pl\\\/wordpress\\\/product\\\/intenskin\\\/#breadcrumb\",\"itemListElement\":[{\"@type\":\"ListItem\",\"position\":1,\"name\":\"\u0413\u043b\u0430\u0432\u043d\u0430\u044f \u0441\u0442\u0440\u0430\u043d\u0438\u0446\u0430\",\"item\":\"https:\\\/\\\/lekarzeopole.pl\\\/wordpress\\\/\"},{\"@type\":\"ListItem\",\"position\":2,\"name\":\"Zakup\",\"item\":\"https:\\\/\\\/lekarzeopole.pl\\\/wordpress\\\/\"},{\"@type\":\"ListItem\",\"position\":3,\"name\":\"Intenskin\"}]},{\"@type\":\"WebSite\",\"@id\":\"https:\\\/\\\/lekarzeopole.pl\\\/wordpress\\\/#website\",\"url\":\"https:\\\/\\\/lekarzeopole.pl\\\/wordpress\\\/\",\"name\":\"Lekarze Opole\",\"description\":\"\",\"potentialAction\":[{\"@type\":\"SearchAction\",\"target\":{\"@type\":\"EntryPoint\",\"urlTemplate\":\"https:\\\/\\\/lekarzeopole.pl\\\/wordpress\\\/?s={search_term_string}\"},\"query-input\":{\"@type\":\"PropertyValueSpecification\",\"valueRequired\":true,\"valueName\":\"search_term_string\"}}],\"inLanguage\":\"pl-PL\"}]}<\/script>\n<!-- \/ Yoast SEO plugin. -->","yoast_head_json":{"title":"Intenskin - kup suplement, cena w aptece, sk\u0142ad, dzia\u0142anie","robots":{"index":"index","follow":"follow","max-snippet":"max-snippet:-1","max-image-preview":"max-image-preview:large","max-video-preview":"max-video-preview:-1"},"canonical":"https:\/\/lekarzeopole.pl\/wordpress\/product\/intenskin\/","og_locale":"pl_PL","og_type":"article","og_title":"Intenskin - kup suplement, cena w aptece, sk\u0142ad, dzia\u0142anie","og_description":"Kup teraz SKU:\u00a0789.878.014    Produkt sprzedawany jest wy\u0142\u0105cznie za po\u015brednictwem oficjalnej strony producenta, id\u017a i kupuj bezpiecznie!","og_url":"https:\/\/lekarzeopole.pl\/wordpress\/product\/intenskin\/","og_site_name":"Lekarze Opole","article_modified_time":"2025-03-30T15:21:27+00:00","og_image":[{"width":661,"height":799,"url":"https:\/\/lekarzeopole.pl\/wordpress\/wp-content\/uploads\/2024\/02\/intenskin.png","type":"image\/png"}],"twitter_card":"summary_large_image","twitter_misc":{"Szacowany czas czytania":"6 minut"},"schema":{"@context":"https:\/\/schema.org","@graph":[{"@type":"WebPage","@id":"https:\/\/lekarzeopole.pl\/wordpress\/product\/intenskin\/","url":"https:\/\/lekarzeopole.pl\/wordpress\/product\/intenskin\/","name":"Intenskin - kup suplement, cena w aptece, sk\u0142ad, dzia\u0142anie","isPartOf":{"@id":"https:\/\/lekarzeopole.pl\/wordpress\/#website"},"primaryImageOfPage":{"@id":"https:\/\/lekarzeopole.pl\/wordpress\/product\/intenskin\/#primaryimage"},"image":{"@id":"https:\/\/lekarzeopole.pl\/wordpress\/product\/intenskin\/#primaryimage"},"thumbnailUrl":"https:\/\/lekarzeopole.pl\/wordpress\/wp-content\/uploads\/2024\/02\/intenskin.png","datePublished":"2024-02-08T09:33:59+00:00","dateModified":"2025-03-30T15:21:27+00:00","breadcrumb":{"@id":"https:\/\/lekarzeopole.pl\/wordpress\/product\/intenskin\/#breadcrumb"},"inLanguage":"pl-PL","potentialAction":[{"@type":"ReadAction","target":["https:\/\/lekarzeopole.pl\/wordpress\/product\/intenskin\/"]}]},{"@type":"ImageObject","inLanguage":"pl-PL","@id":"https:\/\/lekarzeopole.pl\/wordpress\/product\/intenskin\/#primaryimage","url":"https:\/\/lekarzeopole.pl\/wordpress\/wp-content\/uploads\/2024\/02\/intenskin.png","contentUrl":"https:\/\/lekarzeopole.pl\/wordpress\/wp-content\/uploads\/2024\/02\/intenskin.png","width":661,"height":799,"caption":"Intenskin"},{"@type":"BreadcrumbList","@id":"https:\/\/lekarzeopole.pl\/wordpress\/product\/intenskin\/#breadcrumb","itemListElement":[{"@type":"ListItem","position":1,"name":"\u0413\u043b\u0430\u0432\u043d\u0430\u044f \u0441\u0442\u0440\u0430\u043d\u0438\u0446\u0430","item":"https:\/\/lekarzeopole.pl\/wordpress\/"},{"@type":"ListItem","position":2,"name":"Zakup","item":"https:\/\/lekarzeopole.pl\/wordpress\/"},{"@type":"ListItem","position":3,"name":"Intenskin"}]},{"@type":"WebSite","@id":"https:\/\/lekarzeopole.pl\/wordpress\/#website","url":"https:\/\/lekarzeopole.pl\/wordpress\/","name":"Lekarze Opole","description":"","potentialAction":[{"@type":"SearchAction","target":{"@type":"EntryPoint","urlTemplate":"https:\/\/lekarzeopole.pl\/wordpress\/?s={search_term_string}"},"query-input":{"@type":"PropertyValueSpecification","valueRequired":true,"valueName":"search_term_string"}}],"inLanguage":"pl-PL"}]}},"_links":{"self":[{"href":"https:\/\/lekarzeopole.pl\/wordpress\/wp-json\/wp\/v2\/product\/376","targetHints":{"allow":["GET"]}}],"collection":[{"href":"https:\/\/lekarzeopole.pl\/wordpress\/wp-json\/wp\/v2\/product"}],"about":[{"href":"https:\/\/lekarzeopole.pl\/wordpress\/wp-json\/wp\/v2\/types\/product"}],"replies":[{"embeddable":true,"href":"https:\/\/lekarzeopole.pl\/wordpress\/wp-json\/wp\/v2\/comments?post=376"}],"wp:featuredmedia":[{"embeddable":true,"href":"https:\/\/lekarzeopole.pl\/wordpress\/wp-json\/wp\/v2\/media\/377"}],"wp:attachment":[{"href":"https:\/\/lekarzeopole.pl\/wordpress\/wp-json\/wp\/v2\/media?parent=376"}],"wp:term":[{"taxonomy":"product_brand","embeddable":true,"href":"https:\/\/lekarzeopole.pl\/wordpress\/wp-json\/wp\/v2\/product_brand?post=376"},{"taxonomy":"product_cat","embeddable":true,"href":"https:\/\/lekarzeopole.pl\/wordpress\/wp-json\/wp\/v2\/product_cat?post=376"},{"taxonomy":"product_tag","embeddable":true,"href":"https:\/\/lekarzeopole.pl\/wordpress\/wp-json\/wp\/v2\/product_tag?post=376"}],"curies":[{"name":"wp","href":"https:\/\/api.w.org\/{rel}","templated":true}]}}