{"id":374,"date":"2024-02-08T09:25:10","date_gmt":"2024-02-08T09:25:10","guid":{"rendered":"https:\/\/lekarzeopole.pl\/wordpress\/?post_type=product&#038;p=374"},"modified":"2025-06-13T15:20:42","modified_gmt":"2025-06-13T15:20:42","slug":"gluconol","status":"publish","type":"product","link":"https:\/\/lekarzeopole.pl\/wordpress\/product\/gluconol\/","title":{"rendered":"GLUCONOL"},"content":{"rendered":"<div class=\"w-full text-token-text-primary\" data-testid=\"conversation-turn-3\">\n<div class=\"px-4 py-2 justify-center text-base md:gap-6 m-auto\">\n<div class=\"flex flex-1 text-base mx-auto gap-3 md:px-5 lg:px-1 xl:px-5 md:max-w-3xl lg:max-w-[40rem] xl:max-w-[48rem] group\">\n<div class=\"relative flex w-full flex-col lg:w-[calc(100%-115px)] agent-turn\">\n<div class=\"flex-col gap-1 md:gap-3\">\n<div class=\"flex flex-grow flex-col max-w-full\">\n<div class=\"min-h-[20px] text-message flex flex-col items-start gap-3 whitespace-pre-wrap break-words [.text-message+&amp;]:mt-5 overflow-x-auto\" data-message-author-role=\"assistant\" data-message-id=\"de738f34-6c29-422c-8656-08d46e074f48\">\n<div class=\"markdown prose w-full break-words dark:prose-invert light\">\n<p>W dzisiejszych czasach coraz wi\u0119ksz\u0105 uwag\u0119 po\u015bwi\u0119ca si\u0119 zdrowiu i sposobom naturalnego wspomagania organizmu. W kontek\u015bcie walki z cukrzyc\u0105 istnieje wiele preparat\u00f3w, jednak niewiele z nich mo\u017ce r\u00f3wna\u0107 si\u0119 z GLUCONOL &#8211; kapsu\u0142kami opartymi na naturalnych sk\u0142adnikach. W niniejszym artykule przyjrzymy si\u0119 bli\u017cej temu preparatowi, jego sk\u0142adnikom, dzia\u0142aniu oraz efektom i ryzyku skutk\u00f3w ubocznych.<\/p>\n<h2>Wskazania do stosowania GLUCONOL<\/h2>\n<p>GLUCONOL to preparat dedykowany g\u0142\u00f3wnie osobom zmagaj\u0105cym si\u0119 z cukrzyc\u0105. Jest to tak\u017ce idealne rozwi\u0105zanie dla tych, kt\u00f3rzy chc\u0105 naturalnie wspomaga\u0107 swoje zdrowie metaboliczne oraz poprawi\u0107 prac\u0119 trzustki. Ponadto, GLUCONOL mo\u017ce by\u0107 stosowany jako \u015brodek profilaktyczny dla os\u00f3b zagro\u017conych cukrzyc\u0105, maj\u0105cych problemy z tarczyc\u0105, czy te\u017c borykaj\u0105cych si\u0119 z zaburzeniami hormonalnymi.<\/p>\n<h2>Sk\u0142ad i dzia\u0142anie sk\u0142adnik\u00f3w GLUCONOL<\/h2>\n<p>G\u0142\u00f3wn\u0105 si\u0142\u0105 GLUCONOL s\u0105 jego naturalne sk\u0142adniki, kt\u00f3re zosta\u0142y starannie dobrane, aby skutecznie wspomaga\u0107 organizm w walce z cukrzyc\u0105 i jej skutkami. Preparat ten pobudza prac\u0119 kom\u00f3rek beta wysepek Langerhansa w trzustce, co przyczynia si\u0119 do lepszej produkcji insuliny i regulacji poziomu glukozy we krwi. Ponadto, normalizuje procesy metaboliczne, zapobiega zak\u0142\u00f3ceniom w funkcjonowaniu tarczycy oraz czynno\u015bci jajnik\u00f3w, co jest istotne zw\u0142aszcza dla kobiet.<\/p>\n<p>GLUCONOL dzia\u0142a r\u00f3wnie\u017c oczyszczaj\u0105co na organizm, wspomagaj\u0105c naturalne procesy detoksykacji i oczyszczaj\u0105c krew oraz limf\u0119. Dodatkowo, preparat ten wzmacnia naczynia krwiono\u015bne, poprawia prac\u0119 serca i jego rytmu oraz zmniejsza poziom cholesterolu we krwi, co wp\u0142ywa korzystnie na stan uk\u0142adu sercowo-naczyniowego.<\/p>\n<h2>Efekty GLUCONOL i ich charakterystyka<\/h2>\n<p>Dzi\u0119ki regularnemu stosowaniu GLUCONOL mo\u017cna zaobserwowa\u0107 szereg korzy\u015bci dla organizmu. Przede wszystkim, utrzymanie stabilnego poziomu glukozy we krwi przek\u0142ada si\u0119 na popraw\u0119 samopoczucia oraz ograniczenie ryzyka powik\u0142a\u0144 zwi\u0105zanych z cukrzyc\u0105, takich jak np. uszkodzenia nerek, nerw\u00f3w czy oczu. Ponadto, dzia\u0142anie detoksykacyjne preparatu wp\u0142ywa korzystnie na og\u00f3lny stan zdrowia, poprawiaj\u0105c kondycj\u0119 sk\u00f3ry, w\u0142os\u00f3w i paznokci.<\/p>\n<p style=\"text-align: center;\"><a href=\"https:\/\/keonv.com\/wtiS?sub1=sub1&amp;sub2=sub2&amp;sub3=sub3&amp;sub4=sub4&amp;sub5=sub5\"><button>www.gluconol.pl<\/button><\/a><\/p>\n<h2>Ryzyko skutk\u00f3w ubocznych<\/h2>\n<p>Jednym z najwa\u017cniejszych atut\u00f3w GLUCONOL jest fakt, \u017ce opiera si\u0119 on na naturalnych sk\u0142adnikach, co minimalizuje ryzyko wyst\u0105pienia skutk\u00f3w ubocznych. Dzi\u0119ki temu preparat ten mo\u017ce by\u0107 stosowany przez szerokie grono os\u00f3b, niezale\u017cnie od wieku czy stanu zdrowia. Niemniej jednak, jak w przypadku ka\u017cdego suplementu diety, zaleca si\u0119 stosowanie go zgodnie z zaleceniami producenta oraz skonsultowanie si\u0119 z lekarzem w przypadku jakichkolwiek w\u0105tpliwo\u015bci.<\/p>\n<p><em>GLUCONOL to nie tylko kapsu\u0142ki na cukrzyc\u0119, ale kompleksowy preparat wspieraj\u0105cy zdrowie organizmu na wielu p\u0142aszczyznach. Dzi\u0119ki swoim naturalnym sk\u0142adnikom, skutecznie pomaga utrzyma\u0107 r\u00f3wnowag\u0119 metaboliczn\u0105 oraz chroni przed wieloma schorzeniami. Zdecydowanie warto rozwa\u017cy\u0107 jego stosowanie jako element codziennej profilaktyki zdrowotnej.<\/em><\/p>\n<\/div>\n<\/div>\n<\/div>\n<\/div>\n<\/div>\n<\/div>\n<\/div>\n<\/div>\n<div class=\"w-full text-token-text-primary\" data-testid=\"conversation-turn-5\">\n<div class=\"px-4 py-2 justify-center text-base md:gap-6 m-auto\">\n<div class=\"flex flex-1 text-base mx-auto gap-3 md:px-5 lg:px-1 xl:px-5 md:max-w-3xl lg:max-w-[40rem] xl:max-w-[48rem] group final-completion\">\n<div class=\"relative flex w-full flex-col lg:w-[calc(100%-115px)] agent-turn\">\n<div class=\"flex-col gap-1 md:gap-3\">\n<div class=\"flex flex-grow flex-col max-w-full\">\n<div class=\"min-h-[20px] text-message flex flex-col items-start gap-3 whitespace-pre-wrap break-words [.text-message+&amp;]:mt-5 overflow-x-auto\" data-message-author-role=\"assistant\" data-message-id=\"89ce76f7-b108-4e9d-a08a-b3542b8d9793\">\n<div class=\"markdown prose w-full break-words dark:prose-invert light\">\n<h2>Opinie klient\u00f3w o GLUCONOL: fora po\u015bwi\u0119cone zdrowiu<\/h2>\n<p>W Polsce fora internetowe po\u015bwi\u0119cone zdrowiu staj\u0105 si\u0119 coraz bardziej popularne. Ludzie dziel\u0105 si\u0119 tam swoimi do\u015bwiadczeniami z r\u00f3\u017cnymi suplementami diety, w tym r\u00f3wnie\u017c z GLUCONOL. Preparat ten zyskuje coraz wi\u0119ksz\u0105 popularno\u015b\u0107 w\u015br\u00f3d klient\u00f3w, dlatego te\u017c mo\u017cna znale\u017a\u0107 wiele opinii na jego temat. Wi\u0119kszo\u015b\u0107 u\u017cytkownik\u00f3w opisuje pozytywne dzia\u0142anie preparatu oraz jego dost\u0119pno\u015b\u0107. Poni\u017cej przedstawiamy dwa komentarze od u\u017cytkownik\u00f3w:<\/p>\n<ul>\n<li><strong>Anna:<\/strong> &#8222;Od kiedy zacz\u0119\u0142am stosowa\u0107 GLUCONOL, moje wyniki bada\u0144 cukrzycy znacz\u0105co si\u0119 poprawi\u0142y. Czuj\u0119 si\u0119 lepiej, mam wi\u0119cej energii, a poziom glukozy we krwi jest stabilny. Bardzo polecam ten preparat!&#8221;<\/li>\n<li><strong>Piotr:<\/strong> &#8222;Jestem bardzo zadowolony z efekt\u00f3w stosowania GLUCONOL. Moja dieta i regularne \u0107wiczenia nie zawsze wystarcza\u0142y, aby kontrolowa\u0107 cukrzyc\u0119, dlatego zdecydowa\u0142em si\u0119 spr\u00f3bowa\u0107 tego suplementu. Efekty s\u0105 naprawd\u0119 widoczne, a jego stosowanie jest proste i wygodne.&#8221;<\/li>\n<\/ul>\n<h2>Spos\u00f3b podawania i dawkowanie<\/h2>\n<p>GLUCONOL dost\u0119pny jest w postaci kapsu\u0142ek, co sprawia, \u017ce jest \u0142atwy w u\u017cyciu. Zalecane jest przyjmowanie jednej kapsu\u0142ki dwa razy dziennie, preferowana jest konsumpcja przed posi\u0142kami. Kapsu\u0142ki nale\u017cy popi\u0107 du\u017c\u0105 ilo\u015bci\u0105 wody, aby u\u0142atwi\u0107 ich przyswajanie przez organizm. Wa\u017cne jest r\u00f3wnie\u017c regularne stosowanie preparatu, aby uzyska\u0107 najlepsze efekty.<\/p>\n<h2>Kup teraz GLUCONOL z dostaw\u0105<\/h2>\n<p>Zakup GLUCONOL jest niezwykle \u0142atwy i wygodny. Produkt mo\u017cna naby\u0107 online, bez konieczno\u015bci wcze\u015bniejszej op\u0142aty. Op\u0142ata za produkt jest pobierana dopiero przy dostawie, co pozwala unikn\u0105\u0107 ryzyka oszustwa i zapewnia otrzymanie oryginalnego produktu. Dostawa trwa zazwyczaj od 3 do 4 dni roboczych, co sprawia, \u017ce produkt szybko trafia w r\u0119ce klienta. Dodatkowo, ka\u017cdy zam\u00f3wienie jest potwierdzane przez specjalist\u0119 telefonicznie, co pozwala uzyska\u0107 dodatkowe informacje na temat produktu oraz ewentualnych promocji.<\/p>\n<p style=\"text-align: center;\"><a href=\"https:\/\/keonv.com\/wtiS?sub1=sub1&amp;sub2=sub2&amp;sub3=sub3&amp;sub4=sub4&amp;sub5=sub5\"><button>Zakup na stronie producenta (-50%)<\/button><\/a><\/p>\n<h2>Por\u00f3wnanie ofert: ceny i dost\u0119pno\u015b\u0107 GLUCONOL<\/h2>\n<p>Producent GLUCONOL stawia na dost\u0119pno\u015b\u0107 swojego produktu dla klient\u00f3w, dlatego te\u017c mo\u017cna go zakupi\u0107 bezpo\u015brednio na oficjalnej stronie producenta, eliminuj\u0105c w ten spos\u00f3b po\u015brednik\u00f3w i dodatkowe mar\u017ce. Dodatkowo, na stronie producenta regularnie pojawiaj\u0105 si\u0119 atrakcyjne promocje i zni\u017cki, kt\u00f3re warto \u015bledzi\u0107. Dzi\u0119ki temu klient ma pewno\u015b\u0107, \u017ce otrzymuje produkt wysokiej jako\u015bci w atrakcyjnej cenie. Warto jednak pami\u0119ta\u0107, \u017ce GLUCONOL nie jest dost\u0119pny w stacjonarnych aptekach, co dodatkowo podkre\u015bla wyj\u0105tkowo\u015b\u0107 tego produktu oraz konieczno\u015b\u0107 zakupu bezpo\u015brednio od producenta.<\/p>\n<\/div>\n<\/div>\n<\/div>\n<\/div>\n<\/div>\n<\/div>\n<\/div>\n<\/div>\n","protected":false},"excerpt":{"rendered":"<p style=\"text-align: center;\"><a href=\"https:\/\/keonv.com\/wtiS?sub1=sub1&amp;sub2=sub2&amp;sub3=sub3&amp;sub4=sub4&amp;sub5=sub5\"><button>Kup teraz<\/button><\/a><\/p>\n<p>SKU:\u00a0<span class=\"sku\">789.878.013<\/span><\/p>\n<hr \/>\n<p><small>Produkt sprzedawany jest wy\u0142\u0105cznie za po\u015brednictwem oficjalnej strony producenta, id\u017a i kupuj bezpiecznie!<\/small><\/p>\n","protected":false},"featured_media":375,"comment_status":"open","ping_status":"closed","template":"","meta":[],"product_brand":[],"product_cat":[15],"product_tag":[],"class_list":{"0":"post-374","1":"product","2":"type-product","3":"status-publish","4":"has-post-thumbnail","6":"product_cat-supl","7":"thunk-woo-product-list","8":"opn-qv-enable","9":"top-store-woo-hover-","10":"top-store-single-product-tab-horizontal","11":"top-store-shadow-","12":"top-store-shadow-hover-","14":"first","15":"instock","16":"sale","17":"shipping-taxable","18":"purchasable","19":"product-type-simple"},"yoast_head":"<!-- This site is optimized with the Yoast SEO plugin v27.4 - https:\/\/yoast.com\/product\/yoast-seo-wordpress\/ -->\n<title>GLUCONOL - kup suplement, cena w aptece, sk\u0142ad, dzia\u0142anie<\/title>\n<meta name=\"robots\" content=\"index, follow, max-snippet:-1, max-image-preview:large, max-video-preview:-1\" \/>\n<link rel=\"canonical\" href=\"https:\/\/lekarzeopole.pl\/wordpress\/product\/gluconol\/\" \/>\n<meta property=\"og:locale\" content=\"pl_PL\" \/>\n<meta property=\"og:type\" content=\"article\" \/>\n<meta property=\"og:title\" content=\"GLUCONOL - kup suplement, cena w aptece, sk\u0142ad, dzia\u0142anie\" \/>\n<meta property=\"og:description\" content=\"Kup teraz SKU:\u00a0789.878.013    Produkt sprzedawany jest wy\u0142\u0105cznie za po\u015brednictwem oficjalnej strony producenta, id\u017a i kupuj bezpiecznie!\" \/>\n<meta property=\"og:url\" content=\"https:\/\/lekarzeopole.pl\/wordpress\/product\/gluconol\/\" \/>\n<meta property=\"og:site_name\" content=\"Lekarze Opole\" \/>\n<meta property=\"article:modified_time\" content=\"2025-06-13T15:20:42+00:00\" \/>\n<meta property=\"og:image\" content=\"https:\/\/lekarzeopole.pl\/wordpress\/wp-content\/uploads\/2024\/02\/gluconol.jpg\" \/>\n\t<meta property=\"og:image:width\" content=\"1080\" \/>\n\t<meta property=\"og:image:height\" content=\"1080\" \/>\n\t<meta property=\"og:image:type\" content=\"image\/jpeg\" \/>\n<meta name=\"twitter:card\" content=\"summary_large_image\" \/>\n<meta name=\"twitter:label1\" content=\"Szacowany czas czytania\" \/>\n\t<meta name=\"twitter:data1\" content=\"5 minut\" \/>\n<script type=\"application\/ld+json\" class=\"yoast-schema-graph\">{\"@context\":\"https:\\\/\\\/schema.org\",\"@graph\":[{\"@type\":\"WebPage\",\"@id\":\"https:\\\/\\\/lekarzeopole.pl\\\/wordpress\\\/product\\\/gluconol\\\/\",\"url\":\"https:\\\/\\\/lekarzeopole.pl\\\/wordpress\\\/product\\\/gluconol\\\/\",\"name\":\"GLUCONOL - kup suplement, cena w aptece, sk\u0142ad, dzia\u0142anie\",\"isPartOf\":{\"@id\":\"https:\\\/\\\/lekarzeopole.pl\\\/wordpress\\\/#website\"},\"primaryImageOfPage\":{\"@id\":\"https:\\\/\\\/lekarzeopole.pl\\\/wordpress\\\/product\\\/gluconol\\\/#primaryimage\"},\"image\":{\"@id\":\"https:\\\/\\\/lekarzeopole.pl\\\/wordpress\\\/product\\\/gluconol\\\/#primaryimage\"},\"thumbnailUrl\":\"https:\\\/\\\/lekarzeopole.pl\\\/wordpress\\\/wp-content\\\/uploads\\\/2024\\\/02\\\/gluconol.jpg\",\"datePublished\":\"2024-02-08T09:25:10+00:00\",\"dateModified\":\"2025-06-13T15:20:42+00:00\",\"breadcrumb\":{\"@id\":\"https:\\\/\\\/lekarzeopole.pl\\\/wordpress\\\/product\\\/gluconol\\\/#breadcrumb\"},\"inLanguage\":\"pl-PL\",\"potentialAction\":[{\"@type\":\"ReadAction\",\"target\":[\"https:\\\/\\\/lekarzeopole.pl\\\/wordpress\\\/product\\\/gluconol\\\/\"]}]},{\"@type\":\"ImageObject\",\"inLanguage\":\"pl-PL\",\"@id\":\"https:\\\/\\\/lekarzeopole.pl\\\/wordpress\\\/product\\\/gluconol\\\/#primaryimage\",\"url\":\"https:\\\/\\\/lekarzeopole.pl\\\/wordpress\\\/wp-content\\\/uploads\\\/2024\\\/02\\\/gluconol.jpg\",\"contentUrl\":\"https:\\\/\\\/lekarzeopole.pl\\\/wordpress\\\/wp-content\\\/uploads\\\/2024\\\/02\\\/gluconol.jpg\",\"width\":1080,\"height\":1080,\"caption\":\"GLUCONOL\"},{\"@type\":\"BreadcrumbList\",\"@id\":\"https:\\\/\\\/lekarzeopole.pl\\\/wordpress\\\/product\\\/gluconol\\\/#breadcrumb\",\"itemListElement\":[{\"@type\":\"ListItem\",\"position\":1,\"name\":\"\u0413\u043b\u0430\u0432\u043d\u0430\u044f \u0441\u0442\u0440\u0430\u043d\u0438\u0446\u0430\",\"item\":\"https:\\\/\\\/lekarzeopole.pl\\\/wordpress\\\/\"},{\"@type\":\"ListItem\",\"position\":2,\"name\":\"Zakup\",\"item\":\"https:\\\/\\\/lekarzeopole.pl\\\/wordpress\\\/\"},{\"@type\":\"ListItem\",\"position\":3,\"name\":\"GLUCONOL\"}]},{\"@type\":\"WebSite\",\"@id\":\"https:\\\/\\\/lekarzeopole.pl\\\/wordpress\\\/#website\",\"url\":\"https:\\\/\\\/lekarzeopole.pl\\\/wordpress\\\/\",\"name\":\"Lekarze Opole\",\"description\":\"\",\"potentialAction\":[{\"@type\":\"SearchAction\",\"target\":{\"@type\":\"EntryPoint\",\"urlTemplate\":\"https:\\\/\\\/lekarzeopole.pl\\\/wordpress\\\/?s={search_term_string}\"},\"query-input\":{\"@type\":\"PropertyValueSpecification\",\"valueRequired\":true,\"valueName\":\"search_term_string\"}}],\"inLanguage\":\"pl-PL\"}]}<\/script>\n<!-- \/ Yoast SEO plugin. -->","yoast_head_json":{"title":"GLUCONOL - kup suplement, cena w aptece, sk\u0142ad, dzia\u0142anie","robots":{"index":"index","follow":"follow","max-snippet":"max-snippet:-1","max-image-preview":"max-image-preview:large","max-video-preview":"max-video-preview:-1"},"canonical":"https:\/\/lekarzeopole.pl\/wordpress\/product\/gluconol\/","og_locale":"pl_PL","og_type":"article","og_title":"GLUCONOL - kup suplement, cena w aptece, sk\u0142ad, dzia\u0142anie","og_description":"Kup teraz SKU:\u00a0789.878.013    Produkt sprzedawany jest wy\u0142\u0105cznie za po\u015brednictwem oficjalnej strony producenta, id\u017a i kupuj bezpiecznie!","og_url":"https:\/\/lekarzeopole.pl\/wordpress\/product\/gluconol\/","og_site_name":"Lekarze Opole","article_modified_time":"2025-06-13T15:20:42+00:00","og_image":[{"width":1080,"height":1080,"url":"https:\/\/lekarzeopole.pl\/wordpress\/wp-content\/uploads\/2024\/02\/gluconol.jpg","type":"image\/jpeg"}],"twitter_card":"summary_large_image","twitter_misc":{"Szacowany czas czytania":"5 minut"},"schema":{"@context":"https:\/\/schema.org","@graph":[{"@type":"WebPage","@id":"https:\/\/lekarzeopole.pl\/wordpress\/product\/gluconol\/","url":"https:\/\/lekarzeopole.pl\/wordpress\/product\/gluconol\/","name":"GLUCONOL - kup suplement, cena w aptece, sk\u0142ad, dzia\u0142anie","isPartOf":{"@id":"https:\/\/lekarzeopole.pl\/wordpress\/#website"},"primaryImageOfPage":{"@id":"https:\/\/lekarzeopole.pl\/wordpress\/product\/gluconol\/#primaryimage"},"image":{"@id":"https:\/\/lekarzeopole.pl\/wordpress\/product\/gluconol\/#primaryimage"},"thumbnailUrl":"https:\/\/lekarzeopole.pl\/wordpress\/wp-content\/uploads\/2024\/02\/gluconol.jpg","datePublished":"2024-02-08T09:25:10+00:00","dateModified":"2025-06-13T15:20:42+00:00","breadcrumb":{"@id":"https:\/\/lekarzeopole.pl\/wordpress\/product\/gluconol\/#breadcrumb"},"inLanguage":"pl-PL","potentialAction":[{"@type":"ReadAction","target":["https:\/\/lekarzeopole.pl\/wordpress\/product\/gluconol\/"]}]},{"@type":"ImageObject","inLanguage":"pl-PL","@id":"https:\/\/lekarzeopole.pl\/wordpress\/product\/gluconol\/#primaryimage","url":"https:\/\/lekarzeopole.pl\/wordpress\/wp-content\/uploads\/2024\/02\/gluconol.jpg","contentUrl":"https:\/\/lekarzeopole.pl\/wordpress\/wp-content\/uploads\/2024\/02\/gluconol.jpg","width":1080,"height":1080,"caption":"GLUCONOL"},{"@type":"BreadcrumbList","@id":"https:\/\/lekarzeopole.pl\/wordpress\/product\/gluconol\/#breadcrumb","itemListElement":[{"@type":"ListItem","position":1,"name":"\u0413\u043b\u0430\u0432\u043d\u0430\u044f \u0441\u0442\u0440\u0430\u043d\u0438\u0446\u0430","item":"https:\/\/lekarzeopole.pl\/wordpress\/"},{"@type":"ListItem","position":2,"name":"Zakup","item":"https:\/\/lekarzeopole.pl\/wordpress\/"},{"@type":"ListItem","position":3,"name":"GLUCONOL"}]},{"@type":"WebSite","@id":"https:\/\/lekarzeopole.pl\/wordpress\/#website","url":"https:\/\/lekarzeopole.pl\/wordpress\/","name":"Lekarze Opole","description":"","potentialAction":[{"@type":"SearchAction","target":{"@type":"EntryPoint","urlTemplate":"https:\/\/lekarzeopole.pl\/wordpress\/?s={search_term_string}"},"query-input":{"@type":"PropertyValueSpecification","valueRequired":true,"valueName":"search_term_string"}}],"inLanguage":"pl-PL"}]}},"_links":{"self":[{"href":"https:\/\/lekarzeopole.pl\/wordpress\/wp-json\/wp\/v2\/product\/374","targetHints":{"allow":["GET"]}}],"collection":[{"href":"https:\/\/lekarzeopole.pl\/wordpress\/wp-json\/wp\/v2\/product"}],"about":[{"href":"https:\/\/lekarzeopole.pl\/wordpress\/wp-json\/wp\/v2\/types\/product"}],"replies":[{"embeddable":true,"href":"https:\/\/lekarzeopole.pl\/wordpress\/wp-json\/wp\/v2\/comments?post=374"}],"wp:featuredmedia":[{"embeddable":true,"href":"https:\/\/lekarzeopole.pl\/wordpress\/wp-json\/wp\/v2\/media\/375"}],"wp:attachment":[{"href":"https:\/\/lekarzeopole.pl\/wordpress\/wp-json\/wp\/v2\/media?parent=374"}],"wp:term":[{"taxonomy":"product_brand","embeddable":true,"href":"https:\/\/lekarzeopole.pl\/wordpress\/wp-json\/wp\/v2\/product_brand?post=374"},{"taxonomy":"product_cat","embeddable":true,"href":"https:\/\/lekarzeopole.pl\/wordpress\/wp-json\/wp\/v2\/product_cat?post=374"},{"taxonomy":"product_tag","embeddable":true,"href":"https:\/\/lekarzeopole.pl\/wordpress\/wp-json\/wp\/v2\/product_tag?post=374"}],"curies":[{"name":"wp","href":"https:\/\/api.w.org\/{rel}","templated":true}]}}