{"id":372,"date":"2024-02-08T09:16:45","date_gmt":"2024-02-08T09:16:45","guid":{"rendered":"https:\/\/lekarzeopole.pl\/wordpress\/?post_type=product&#038;p=372"},"modified":"2024-06-07T14:48:49","modified_gmt":"2024-06-07T14:48:49","slug":"prostamin-forte","status":"publish","type":"product","link":"https:\/\/lekarzeopole.pl\/wordpress\/product\/prostamin-forte\/","title":{"rendered":"Prostamin Forte"},"content":{"rendered":"<div class=\"w-full text-token-text-primary\" data-testid=\"conversation-turn-3\">\n<div class=\"px-4 py-2 justify-center text-base md:gap-6 m-auto\">\n<div class=\"flex flex-1 text-base mx-auto gap-3 md:px-5 lg:px-1 xl:px-5 md:max-w-3xl lg:max-w-[40rem] xl:max-w-[48rem] group\">\n<div class=\"relative flex w-full flex-col lg:w-[calc(100%-115px)] agent-turn\">\n<div class=\"flex-col gap-1 md:gap-3\">\n<div class=\"flex flex-grow flex-col max-w-full\">\n<div class=\"min-h-[20px] text-message flex flex-col items-start gap-3 whitespace-pre-wrap break-words [.text-message+&amp;]:mt-5 overflow-x-auto\" data-message-author-role=\"assistant\" data-message-id=\"73a182b4-88ff-41a1-a4a1-5c2afa4a3158\">\n<div class=\"markdown prose w-full break-words dark:prose-invert light\">\n<p>Jeste\u015b zm\u0119czony nieustannym dyskomfortem zwi\u0105zanym z Twoj\u0105 prostat\u0105? Czy szukasz naturalnego i skutecznego sposobu na przywr\u00f3cenie zdrowia swojej prostaty? Je\u015bli tak, to w\u0142a\u015bnie znalaz\u0142e\u015b odpowied\u017a &#8211; Prostamin Forte. Te rewolucyjne kapsu\u0142ki zosta\u0142y stworzone, aby przywr\u00f3ci\u0107 funkcj\u0119 Twojej prostaty dzi\u0119ki niezawodnej mocy naturalnych sk\u0142adnik\u00f3w. Dzi\u0119ki starannie dobranym sk\u0142adnikom, takim jak ekstrakt z owoc\u00f3w palmy, cynk, proszek z pestek dyni, ekstrakt z czerwonej bor\u00f3wki, ekstrakt z gotu kola oraz proszek z grzyb\u00f3w shitake i reishi, Prostamin Forte oferuje kompleksow\u0105 ochron\u0119 i wsparcie dla Twojego zdrowia prostaty.<\/p>\n<h2>Wskazania do stosowania Prostamin Forte<\/h2>\n<p>Prostata jest niezmiernie wa\u017cnym narz\u0105dem m\u0119skiego uk\u0142adu rozrodczego, kt\u00f3ry mo\u017ce by\u0107 nara\u017cony na r\u00f3\u017cne problemy, takie jak zapalenie, przerost czy inne schorzenia. Wskazania do stosowania Prostamin Forte obejmuj\u0105:<\/p>\n<ul>\n<li><strong>Zapalenie prostaty:<\/strong> Dzi\u0119ki zawarto\u015bci ekstraktu z owoc\u00f3w palmy i cynku, Prostamin Forte dzia\u0142a \u0142agodz\u0105co na zapalenie prostaty, zmniejszaj\u0105c stan zapalny i przynosz\u0105c ulg\u0119.<\/li>\n<li><strong>Przerost prostaty:<\/strong> Sk\u0142adniki aktywne, takie jak proszek z pestek dyni i ekstrakt z czerwonej bor\u00f3wki, pomagaj\u0105 w regulacji wielko\u015bci prostaty oraz poprawiaj\u0105 oddawanie moczu.<\/li>\n<li><strong>Problemy z libido:<\/strong> Ekstrakt z gotu kola i proszek z grzyb\u00f3w shitake wspieraj\u0105 libido oraz poprawiaj\u0105 kr\u0105\u017cenie krwi w gruczole krokowym, co mo\u017ce korzystnie wp\u0142yn\u0105\u0107 na funkcje seksualne.<\/li>\n<li><strong>Stres i dyskomfort:<\/strong> Dzi\u0119ki ekstraktowi z grzyb\u00f3w reishi i ekstraktowi z pestek granatu, Prostamin Forte pomaga w \u0142agodzeniu stresu oraz b\u00f3lu podczas oddawania moczu i wypr\u00f3\u017cnie\u0144.<\/li>\n<\/ul>\n<h2>Sk\u0142ad i Dzia\u0142anie Sk\u0142adnik\u00f3w Prostamin Forte<\/h2>\n<p>Prostamin Forte to po\u0142\u0105czenie starannie wyselekcjonowanych sk\u0142adnik\u00f3w ro\u015blinnych, kt\u00f3re dzia\u0142aj\u0105 synergistycznie, aby zapewni\u0107 kompleksow\u0105 ochron\u0119 i wsparcie dla Twojej prostaty. Oto kilka kluczowych sk\u0142adnik\u00f3w i ich dzia\u0142anie:<\/p>\n<ul>\n<li><strong>Ekstrakt z owoc\u00f3w palmy i cynk:<\/strong> Te sk\u0142adniki s\u0105 znane z ich w\u0142a\u015bciwo\u015bci przeciwzapalnych i pomagaj\u0105 zmniejszy\u0107 stan zapalny prostaty, poprawiaj\u0105c og\u00f3lny stan zdrowia prostaty.<\/li>\n<li><strong>Proszek z pestek dyni i ekstrakt z czerwonej bor\u00f3wki:<\/strong> Te sk\u0142adniki pomagaj\u0105 w regulacji wielko\u015bci prostaty oraz poprawiaj\u0105 oddawanie moczu poprzez zmniejszenie ucisku na p\u0119cherz moczowy.<\/li>\n<li><strong>Ekstrakt z gotu kola i proszek z grzyb\u00f3w shitake:<\/strong> Te sk\u0142adniki wspieraj\u0105 libido oraz poprawiaj\u0105 kr\u0105\u017cenie krwi w gruczole krokowym, co korzystnie wp\u0142ywa na funkcje seksualne oraz og\u00f3ln\u0105 kondycj\u0119 prostaty.<\/li>\n<li><strong>Ekstrakt z grzyb\u00f3w reishi i ekstrakt z pestek granatu:<\/strong> Te sk\u0142adniki pomagaj\u0105 w \u0142agodzeniu stresu oraz b\u00f3lu podczas oddawania moczu i wypr\u00f3\u017cnie\u0144, dzi\u0119ki czemu codzienne funkcjonowanie staje si\u0119 bardziej komfortowe.<\/li>\n<\/ul>\n<p style=\"text-align: center;\"><a href=\"http:\/\/tl-track.com\/tracker\/uYYc\"><button>www.prostamin-forte.pl<\/button><\/a><\/p>\n<h2>Efekty Prostamin Forte i Ich Charakterystyka<\/h2>\n<p>Regularne stosowanie Prostamin Forte przynosi szereg korzy\u015bci dla zdrowia prostaty oraz og\u00f3lnego samopoczucia. Niekt\u00f3re z g\u0142\u00f3wnych efekt\u00f3w obejmuj\u0105:<\/p>\n<ul>\n<li><strong>Zmniejszenie stanu zapalnego:<\/strong> Dzi\u0119ki w\u0142a\u015bciwo\u015bciom przeciwzapalnym sk\u0142adnik\u00f3w, Prostamin Forte pomaga w redukcji stanu zapalnego prostaty, co przynosi ulg\u0119 i poprawia komfort \u017cycia.<\/li>\n<li><strong>Poprawa funkcji seksualnych:<\/strong> Sk\u0142adniki wp\u0142ywaj\u0105ce na libido oraz kr\u0105\u017cenie krwi w gruczole krokowym pomagaj\u0105 w poprawie funkcji seksualnych, zwi\u0119kszaj\u0105c przyjemno\u015b\u0107 z \u017cycia intymnego.<\/li>\n<li><strong>Lepsza kontrola nad oddawaniem moczu:<\/strong> Dzi\u0119ki regulacji wielko\u015bci prostaty oraz poprawie oddawania moczu, Prostamin Forte pomaga w utrzymaniu zdrowego uk\u0142adu moczowego.<\/li>\n<\/ul>\n<h2>Ryzyko Skutk\u00f3w Ubocznych<\/h2>\n<p>Jedn\u0105 z najwi\u0119kszych zalet Prostamin Forte jest jego naturalny sk\u0142ad, kt\u00f3ry minimalizuje ryzyko wyst\u0105pienia skutk\u00f3w ubocznych. Dzi\u0119ki starannie wybranym sk\u0142adnikom ro\u015blinnym, preparat ten jest dobrze tolerowany przez organizm, co sprawia, \u017ce \u200b\u200bjest bezpieczny w d\u0142ugotrwa\u0142ym stosowaniu. Dzi\u0119ki temu mo\u017cesz cieszy\u0107 si\u0119 korzy\u015bciami zdrowotnymi Prostamin Forte bez obaw o niepo\u017c\u0105dane skutki uboczne.<\/p>\n<p><em>Prostamin Forte to niezawodne wsparcie dla Twojej prostaty, zapewniaj\u0105ce kompleksow\u0105 ochron\u0119 i wsparcie dzi\u0119ki pot\u0119\u017cnej mocy naturalnych sk\u0142adnik\u00f3w. Dzi\u0119ki regularnemu stosowaniu mo\u017cesz cieszy\u0107 si\u0119 zdrowiem prostaty oraz popraw\u0105 og\u00f3lnego samopoczucia. Nie czekaj d\u0142u\u017cej &#8211; si\u0119gnij po Prostamin Forte i poczuj r\u00f3\u017cnic\u0119 ju\u017c dzi\u015b!<\/em><\/p>\n<\/div>\n<\/div>\n<\/div>\n<\/div>\n<\/div>\n<\/div>\n<\/div>\n<\/div>\n<div class=\"w-full text-token-text-primary\" data-testid=\"conversation-turn-5\">\n<div class=\"px-4 py-2 justify-center text-base md:gap-6 m-auto\">\n<div class=\"flex flex-1 text-base mx-auto gap-3 md:px-5 lg:px-1 xl:px-5 md:max-w-3xl lg:max-w-[40rem] xl:max-w-[48rem] group final-completion\">\n<div class=\"relative flex w-full flex-col lg:w-[calc(100%-115px)] agent-turn\">\n<div class=\"flex-col gap-1 md:gap-3\">\n<div class=\"flex flex-grow flex-col max-w-full\">\n<div class=\"min-h-[20px] text-message flex flex-col items-start gap-3 whitespace-pre-wrap break-words [.text-message+&amp;]:mt-5 overflow-x-auto\" data-message-author-role=\"assistant\" data-message-id=\"d8283118-251a-4e03-abeb-0cd4c2619346\">\n<div class=\"markdown prose w-full break-words dark:prose-invert light\">\n<h2>Opinie klient\u00f3w o Prostamin Forte: Fora po\u015bwi\u0119cone zdrowiu<\/h2>\n<p>W Polsce fora internetowe po\u015bwi\u0119cone zdrowiu ciesz\u0105 si\u0119 ogromn\u0105 popularno\u015bci\u0105, stanowi\u0105c cenne \u017ar\u00f3d\u0142o informacji dla os\u00f3b poszukuj\u0105cych skutecznych rozwi\u0105za\u0144 dla swoich problem\u00f3w zdrowotnych. W ostatnim czasie preparat Prostamin Forte zyska\u0142 znaczn\u0105 popularno\u015b\u0107 w\u015br\u00f3d klient\u00f3w, co znalaz\u0142o odzwierciedlenie w licznych pozytywnych opinii na temat tego produktu. Wi\u0119kszo\u015b\u0107 u\u017cytkownik\u00f3w opisuje pozytywne efekty stosowania preparatu oraz jego dost\u0119pno\u015b\u0107. Oto tylko kilka przyk\u0142ad\u00f3w opinii:<\/p>\n<ul>\n<li><strong>Jon:<\/strong> &#8222;U\u017cywam Prostamin Forte od kilku miesi\u0119cy i widz\u0119 znaczn\u0105 popraw\u0119 w moim zdrowiu prostaty. Bardzo polecam ten produkt!&#8221;<\/li>\n<li><strong>Piotr:<\/strong> &#8222;Jestem zadowolony z efekt\u00f3w, jakie przynosi Prostamin Forte. Moja prostata jest zdrowsza, a ja czuj\u0119 si\u0119 o wiele lepiej. Dodatkowo, \u0142atwo\u015b\u0107 zakupu tego preparatu sprawia, \u017ce \u200b\u200bjest to dla mnie idealne rozwi\u0105zanie.&#8221;<\/li>\n<\/ul>\n<h2>Spos\u00f3b podawania i dawkowanie<\/h2>\n<p>Podawanie Prostamin Forte jest niezwykle proste. Zaleca si\u0119 przyjmowanie 1 kapsu\u0142ki dwa razy dziennie, najlepiej podczas posi\u0142ku. Regularne stosowanie preparatu zapewnia maksymaln\u0105 skuteczno\u015b\u0107 i korzy\u015bci dla zdrowia prostaty.<\/p>\n<h2>Kup teraz Prostamin Forte z dostaw\u0105<\/h2>\n<p>Zakup Prostamin Forte jest niezwykle \u0142atwy i wygodny. Produkt mo\u017cna naby\u0107 bez wychodzenia z domu poprzez oficjaln\u0105 stron\u0119 internetow\u0105 producenta. Co wi\u0119cej, nie ma potrzeby dokonywania przedp\u0142aty &#8211; p\u0142atno\u015b\u0107 za produkt nast\u0119puje dopiero przy odbiorze przesy\u0142ki, co gwarantuje otrzymanie oryginalnego produktu bez ryzyka. Dostawa zajmuje zazwyczaj od 3 do 4 dni roboczych, co oznacza szybkie otrzymanie produktu w dowolnym miejscu w Polsce. Dodatkowo, po z\u0142o\u017ceniu zam\u00f3wienia, klient otrzymuje potwierdzenie telefoniczne od specjalisty, kt\u00f3ry s\u0142u\u017cy pomoc\u0105 w kwestiach dotycz\u0105cych ilo\u015bci produktu oraz dost\u0119pno\u015bci ewentualnych promocji.<\/p>\n<p style=\"text-align: center;\"><a href=\"http:\/\/tl-track.com\/tracker\/uYYc\"><button>Zakup na stronie producenta (-50%)<\/button><\/a><\/p>\n<h2>Por\u00f3wnanie ofert: ceny i dost\u0119pno\u015b\u0107 Prostamin Forte<\/h2>\n<p>Producenci Prostamin Forte k\u0142ad\u0105 nacisk na dost\u0119pno\u015b\u0107 produktu dla klient\u00f3w, dlatego te\u017c preparat jest dost\u0119pny do zakupu wy\u0142\u0105cznie na oficjalnej stronie internetowej producenta. Dzi\u0119ki temu klient ma pewno\u015b\u0107, \u017ce nabywa oryginalny produkt bez dodatkowych po\u015brednik\u00f3w i na markow\u0105 cen\u0119. Co wi\u0119cej, na stronie producenta regularnie pojawiaj\u0105 si\u0119 atrakcyjne promocje i rabaty, kt\u00f3re warto \u015bledzi\u0107, aby skorzysta\u0107 z najlepszych ofert. Warto podkre\u015bli\u0107, \u017ce Prostamin Forte nie jest dost\u0119pny w tradycyjnych aptekach stacjonarnych, co dodatkowo potwierdza jego ekskluzywno\u015b\u0107 oraz dba\u0142o\u015b\u0107 producenta o jako\u015b\u0107 i autentyczno\u015b\u0107 produktu.<\/p>\n<\/div>\n<\/div>\n<\/div>\n<\/div>\n<\/div>\n<\/div>\n<\/div>\n<\/div>\n","protected":false},"excerpt":{"rendered":"<p style=\"text-align: center;\"><a href=\"http:\/\/tl-track.com\/tracker\/uYYc\"><button>Kup teraz<\/button><\/a><\/p>\n<p>SKU:\u00a0<span class=\"sku\">789.878.012<\/span><\/p>\n<hr \/>\n<p><small>Produkt sprzedawany jest wy\u0142\u0105cznie za po\u015brednictwem oficjalnej strony producenta, id\u017a i kupuj bezpiecznie!<\/small><\/p>\n","protected":false},"featured_media":373,"comment_status":"open","ping_status":"closed","template":"","meta":[],"product_brand":[],"product_cat":[15],"product_tag":[],"class_list":{"0":"post-372","1":"product","2":"type-product","3":"status-publish","4":"has-post-thumbnail","6":"product_cat-supl","7":"thunk-woo-product-list","8":"opn-qv-enable","9":"top-store-woo-hover-","10":"top-store-single-product-tab-horizontal","11":"top-store-shadow-","12":"top-store-shadow-hover-","14":"first","15":"instock","16":"sale","17":"shipping-taxable","18":"purchasable","19":"product-type-simple"},"yoast_head":"<!-- This site is optimized with the Yoast SEO plugin v27.4 - https:\/\/yoast.com\/product\/yoast-seo-wordpress\/ -->\n<title>Prostamin Forte - kup suplement, cena w aptece, sk\u0142ad, dzia\u0142anie<\/title>\n<meta name=\"robots\" content=\"index, follow, max-snippet:-1, max-image-preview:large, max-video-preview:-1\" \/>\n<link rel=\"canonical\" href=\"https:\/\/lekarzeopole.pl\/wordpress\/product\/prostamin-forte\/\" \/>\n<meta property=\"og:locale\" content=\"pl_PL\" \/>\n<meta property=\"og:type\" content=\"article\" \/>\n<meta property=\"og:title\" content=\"Prostamin Forte - kup suplement, cena w aptece, sk\u0142ad, dzia\u0142anie\" \/>\n<meta property=\"og:description\" content=\"Kup teraz SKU:\u00a0789.878.012    Produkt sprzedawany jest wy\u0142\u0105cznie za po\u015brednictwem oficjalnej strony producenta, id\u017a i kupuj bezpiecznie!\" \/>\n<meta property=\"og:url\" content=\"https:\/\/lekarzeopole.pl\/wordpress\/product\/prostamin-forte\/\" \/>\n<meta property=\"og:site_name\" content=\"Lekarze Opole\" \/>\n<meta property=\"article:modified_time\" content=\"2024-06-07T14:48:49+00:00\" \/>\n<meta property=\"og:image\" content=\"https:\/\/lekarzeopole.pl\/wordpress\/wp-content\/uploads\/2024\/02\/prostamin-forte.jpg\" \/>\n\t<meta property=\"og:image:width\" content=\"1500\" \/>\n\t<meta property=\"og:image:height\" content=\"1500\" \/>\n\t<meta property=\"og:image:type\" content=\"image\/jpeg\" \/>\n<meta name=\"twitter:card\" content=\"summary_large_image\" \/>\n<meta name=\"twitter:label1\" content=\"Szacowany czas czytania\" \/>\n\t<meta name=\"twitter:data1\" content=\"6 minut\" \/>\n<script type=\"application\/ld+json\" class=\"yoast-schema-graph\">{\"@context\":\"https:\\\/\\\/schema.org\",\"@graph\":[{\"@type\":\"WebPage\",\"@id\":\"https:\\\/\\\/lekarzeopole.pl\\\/wordpress\\\/product\\\/prostamin-forte\\\/\",\"url\":\"https:\\\/\\\/lekarzeopole.pl\\\/wordpress\\\/product\\\/prostamin-forte\\\/\",\"name\":\"Prostamin Forte - kup suplement, cena w aptece, sk\u0142ad, dzia\u0142anie\",\"isPartOf\":{\"@id\":\"https:\\\/\\\/lekarzeopole.pl\\\/wordpress\\\/#website\"},\"primaryImageOfPage\":{\"@id\":\"https:\\\/\\\/lekarzeopole.pl\\\/wordpress\\\/product\\\/prostamin-forte\\\/#primaryimage\"},\"image\":{\"@id\":\"https:\\\/\\\/lekarzeopole.pl\\\/wordpress\\\/product\\\/prostamin-forte\\\/#primaryimage\"},\"thumbnailUrl\":\"https:\\\/\\\/lekarzeopole.pl\\\/wordpress\\\/wp-content\\\/uploads\\\/2024\\\/02\\\/prostamin-forte.jpg\",\"datePublished\":\"2024-02-08T09:16:45+00:00\",\"dateModified\":\"2024-06-07T14:48:49+00:00\",\"breadcrumb\":{\"@id\":\"https:\\\/\\\/lekarzeopole.pl\\\/wordpress\\\/product\\\/prostamin-forte\\\/#breadcrumb\"},\"inLanguage\":\"pl-PL\",\"potentialAction\":[{\"@type\":\"ReadAction\",\"target\":[\"https:\\\/\\\/lekarzeopole.pl\\\/wordpress\\\/product\\\/prostamin-forte\\\/\"]}]},{\"@type\":\"ImageObject\",\"inLanguage\":\"pl-PL\",\"@id\":\"https:\\\/\\\/lekarzeopole.pl\\\/wordpress\\\/product\\\/prostamin-forte\\\/#primaryimage\",\"url\":\"https:\\\/\\\/lekarzeopole.pl\\\/wordpress\\\/wp-content\\\/uploads\\\/2024\\\/02\\\/prostamin-forte.jpg\",\"contentUrl\":\"https:\\\/\\\/lekarzeopole.pl\\\/wordpress\\\/wp-content\\\/uploads\\\/2024\\\/02\\\/prostamin-forte.jpg\",\"width\":1500,\"height\":1500,\"caption\":\"Prostamin Forte\"},{\"@type\":\"BreadcrumbList\",\"@id\":\"https:\\\/\\\/lekarzeopole.pl\\\/wordpress\\\/product\\\/prostamin-forte\\\/#breadcrumb\",\"itemListElement\":[{\"@type\":\"ListItem\",\"position\":1,\"name\":\"\u0413\u043b\u0430\u0432\u043d\u0430\u044f \u0441\u0442\u0440\u0430\u043d\u0438\u0446\u0430\",\"item\":\"https:\\\/\\\/lekarzeopole.pl\\\/wordpress\\\/\"},{\"@type\":\"ListItem\",\"position\":2,\"name\":\"Zakup\",\"item\":\"https:\\\/\\\/lekarzeopole.pl\\\/wordpress\\\/\"},{\"@type\":\"ListItem\",\"position\":3,\"name\":\"Prostamin Forte\"}]},{\"@type\":\"WebSite\",\"@id\":\"https:\\\/\\\/lekarzeopole.pl\\\/wordpress\\\/#website\",\"url\":\"https:\\\/\\\/lekarzeopole.pl\\\/wordpress\\\/\",\"name\":\"Lekarze Opole\",\"description\":\"\",\"potentialAction\":[{\"@type\":\"SearchAction\",\"target\":{\"@type\":\"EntryPoint\",\"urlTemplate\":\"https:\\\/\\\/lekarzeopole.pl\\\/wordpress\\\/?s={search_term_string}\"},\"query-input\":{\"@type\":\"PropertyValueSpecification\",\"valueRequired\":true,\"valueName\":\"search_term_string\"}}],\"inLanguage\":\"pl-PL\"}]}<\/script>\n<!-- \/ Yoast SEO plugin. -->","yoast_head_json":{"title":"Prostamin Forte - kup suplement, cena w aptece, sk\u0142ad, dzia\u0142anie","robots":{"index":"index","follow":"follow","max-snippet":"max-snippet:-1","max-image-preview":"max-image-preview:large","max-video-preview":"max-video-preview:-1"},"canonical":"https:\/\/lekarzeopole.pl\/wordpress\/product\/prostamin-forte\/","og_locale":"pl_PL","og_type":"article","og_title":"Prostamin Forte - kup suplement, cena w aptece, sk\u0142ad, dzia\u0142anie","og_description":"Kup teraz SKU:\u00a0789.878.012    Produkt sprzedawany jest wy\u0142\u0105cznie za po\u015brednictwem oficjalnej strony producenta, id\u017a i kupuj bezpiecznie!","og_url":"https:\/\/lekarzeopole.pl\/wordpress\/product\/prostamin-forte\/","og_site_name":"Lekarze Opole","article_modified_time":"2024-06-07T14:48:49+00:00","og_image":[{"width":1500,"height":1500,"url":"https:\/\/lekarzeopole.pl\/wordpress\/wp-content\/uploads\/2024\/02\/prostamin-forte.jpg","type":"image\/jpeg"}],"twitter_card":"summary_large_image","twitter_misc":{"Szacowany czas czytania":"6 minut"},"schema":{"@context":"https:\/\/schema.org","@graph":[{"@type":"WebPage","@id":"https:\/\/lekarzeopole.pl\/wordpress\/product\/prostamin-forte\/","url":"https:\/\/lekarzeopole.pl\/wordpress\/product\/prostamin-forte\/","name":"Prostamin Forte - kup suplement, cena w aptece, sk\u0142ad, dzia\u0142anie","isPartOf":{"@id":"https:\/\/lekarzeopole.pl\/wordpress\/#website"},"primaryImageOfPage":{"@id":"https:\/\/lekarzeopole.pl\/wordpress\/product\/prostamin-forte\/#primaryimage"},"image":{"@id":"https:\/\/lekarzeopole.pl\/wordpress\/product\/prostamin-forte\/#primaryimage"},"thumbnailUrl":"https:\/\/lekarzeopole.pl\/wordpress\/wp-content\/uploads\/2024\/02\/prostamin-forte.jpg","datePublished":"2024-02-08T09:16:45+00:00","dateModified":"2024-06-07T14:48:49+00:00","breadcrumb":{"@id":"https:\/\/lekarzeopole.pl\/wordpress\/product\/prostamin-forte\/#breadcrumb"},"inLanguage":"pl-PL","potentialAction":[{"@type":"ReadAction","target":["https:\/\/lekarzeopole.pl\/wordpress\/product\/prostamin-forte\/"]}]},{"@type":"ImageObject","inLanguage":"pl-PL","@id":"https:\/\/lekarzeopole.pl\/wordpress\/product\/prostamin-forte\/#primaryimage","url":"https:\/\/lekarzeopole.pl\/wordpress\/wp-content\/uploads\/2024\/02\/prostamin-forte.jpg","contentUrl":"https:\/\/lekarzeopole.pl\/wordpress\/wp-content\/uploads\/2024\/02\/prostamin-forte.jpg","width":1500,"height":1500,"caption":"Prostamin Forte"},{"@type":"BreadcrumbList","@id":"https:\/\/lekarzeopole.pl\/wordpress\/product\/prostamin-forte\/#breadcrumb","itemListElement":[{"@type":"ListItem","position":1,"name":"\u0413\u043b\u0430\u0432\u043d\u0430\u044f \u0441\u0442\u0440\u0430\u043d\u0438\u0446\u0430","item":"https:\/\/lekarzeopole.pl\/wordpress\/"},{"@type":"ListItem","position":2,"name":"Zakup","item":"https:\/\/lekarzeopole.pl\/wordpress\/"},{"@type":"ListItem","position":3,"name":"Prostamin Forte"}]},{"@type":"WebSite","@id":"https:\/\/lekarzeopole.pl\/wordpress\/#website","url":"https:\/\/lekarzeopole.pl\/wordpress\/","name":"Lekarze Opole","description":"","potentialAction":[{"@type":"SearchAction","target":{"@type":"EntryPoint","urlTemplate":"https:\/\/lekarzeopole.pl\/wordpress\/?s={search_term_string}"},"query-input":{"@type":"PropertyValueSpecification","valueRequired":true,"valueName":"search_term_string"}}],"inLanguage":"pl-PL"}]}},"_links":{"self":[{"href":"https:\/\/lekarzeopole.pl\/wordpress\/wp-json\/wp\/v2\/product\/372","targetHints":{"allow":["GET"]}}],"collection":[{"href":"https:\/\/lekarzeopole.pl\/wordpress\/wp-json\/wp\/v2\/product"}],"about":[{"href":"https:\/\/lekarzeopole.pl\/wordpress\/wp-json\/wp\/v2\/types\/product"}],"replies":[{"embeddable":true,"href":"https:\/\/lekarzeopole.pl\/wordpress\/wp-json\/wp\/v2\/comments?post=372"}],"wp:featuredmedia":[{"embeddable":true,"href":"https:\/\/lekarzeopole.pl\/wordpress\/wp-json\/wp\/v2\/media\/373"}],"wp:attachment":[{"href":"https:\/\/lekarzeopole.pl\/wordpress\/wp-json\/wp\/v2\/media?parent=372"}],"wp:term":[{"taxonomy":"product_brand","embeddable":true,"href":"https:\/\/lekarzeopole.pl\/wordpress\/wp-json\/wp\/v2\/product_brand?post=372"},{"taxonomy":"product_cat","embeddable":true,"href":"https:\/\/lekarzeopole.pl\/wordpress\/wp-json\/wp\/v2\/product_cat?post=372"},{"taxonomy":"product_tag","embeddable":true,"href":"https:\/\/lekarzeopole.pl\/wordpress\/wp-json\/wp\/v2\/product_tag?post=372"}],"curies":[{"name":"wp","href":"https:\/\/api.w.org\/{rel}","templated":true}]}}