{"id":370,"date":"2024-02-08T09:07:37","date_gmt":"2024-02-08T09:07:37","guid":{"rendered":"https:\/\/lekarzeopole.pl\/wordpress\/?post_type=product&#038;p=370"},"modified":"2024-06-07T14:48:30","modified_gmt":"2024-06-07T14:48:30","slug":"perfecto-cream","status":"publish","type":"product","link":"https:\/\/lekarzeopole.pl\/wordpress\/product\/perfecto-cream\/","title":{"rendered":"Perfecto Cream"},"content":{"rendered":"<div class=\"w-full text-token-text-primary\" data-testid=\"conversation-turn-3\">\n<div class=\"px-4 py-2 justify-center text-base md:gap-6 m-auto\">\n<div class=\"flex flex-1 text-base mx-auto gap-3 md:px-5 lg:px-1 xl:px-5 md:max-w-3xl lg:max-w-[40rem] xl:max-w-[48rem] group\">\n<div class=\"relative flex w-full flex-col lg:w-[calc(100%-115px)] agent-turn\">\n<div class=\"flex-col gap-1 md:gap-3\">\n<div class=\"flex flex-grow flex-col max-w-full\">\n<div class=\"min-h-[20px] text-message flex flex-col items-start gap-3 whitespace-pre-wrap break-words [.text-message+&amp;]:mt-5 overflow-x-auto\" data-message-author-role=\"assistant\" data-message-id=\"798dcc93-2000-4922-ac38-5c94adc6723b\">\n<div class=\"markdown prose w-full break-words dark:prose-invert light\">\n<p>W dzisiejszych czasach, kiedy zdrowie i dobry wygl\u0105d s\u0105 priorytetami dla wielu os\u00f3b, rynek kosmetyczny stale poszukuje innowacyjnych rozwi\u0105za\u0144. W tym kontek\u015bcie naturalne produkty odchudzaj\u0105ce, takie jak Perfecto Cream, zyskuj\u0105 coraz wi\u0119ksz\u0105 popularno\u015b\u0107. W oparciu o bogaty zestaw sk\u0142adnik\u00f3w ro\u015blinnych, ten krem oferuje obiecuj\u0105ce korzy\u015bci dla tych, kt\u00f3rzy pragn\u0105 osi\u0105gn\u0105\u0107 smuk\u0142\u0105 sylwetk\u0119 i zadba\u0107 o kondycj\u0119 sk\u00f3ry. W niniejszym artykule przyjrzymy si\u0119 bli\u017cej dzia\u0142aniu oraz korzy\u015bciom stosowania Perfecto Cream.<\/p>\n<h2>Wskazania do stosowania Perfecto Cream<\/h2>\n<p>Perfecto Cream to produkt, kt\u00f3ry mo\u017ce by\u0107 stosowany przez osoby, kt\u00f3re pragn\u0105 zredukowa\u0107 obw\u00f3d cia\u0142a, poprawi\u0107 elastyczno\u015b\u0107 sk\u00f3ry oraz zlikwidowa\u0107 cellulit. Jest to idealne rozwi\u0105zanie dla os\u00f3b prowadz\u0105cych aktywny tryb \u017cycia, ale tak\u017ce dla tych, kt\u00f3rzy chc\u0105 skutecznie dba\u0107 o swoje cia\u0142o bez konieczno\u015bci stosowania agresywnych metod odchudzania.<\/p>\n<h2>Sk\u0142ad i dzia\u0142anie sk\u0142adnik\u00f3w Perfecto Cream<\/h2>\n<ol>\n<li><strong>Mas\u0142o Shea<\/strong>: Jest to naturalny sk\u0142adnik o wysokiej zawarto\u015bci kwas\u00f3w t\u0142uszczowych, kt\u00f3re pomagaj\u0105 w g\u0142\u0119bokim nawil\u017ceniu sk\u00f3ry, zapobiegaj\u0105c jej wysuszeniu. Dodatkowo, mas\u0142o Shea dzia\u0142a \u0142agodz\u0105co i regeneruj\u0105co, co sprawia, \u017ce sk\u00f3ra staje si\u0119 mi\u0119kka i g\u0142adka.<\/li>\n<li><strong>Ekstrakt z kwiatu Arniki<\/strong>: Ten sk\u0142adnik poprawia mikrokr\u0105\u017cenie, co przyczynia si\u0119 do lepszego dotlenienia tkanek oraz usuwania toksyn z organizmu. Ponadto, arnika pomaga w utrzymaniu odpowiedniej r\u00f3wnowagi wodnej w sk\u00f3rze, co jest istotne dla jej zdrowego wygl\u0105du.<\/li>\n<li><strong>Olej z kwiat\u00f3w s\u0142onecznika<\/strong>: Olej ten jest bogaty w witaminy i przeciwutleniacze, kt\u00f3re wspomagaj\u0105 j\u0119drno\u015b\u0107 sk\u00f3ry i zapobiegaj\u0105 jej przedwczesnemu starzeniu si\u0119. Dzi\u0119ki regularnemu stosowaniu, sk\u00f3ra staje si\u0119 bardziej elastyczna i promienna.<\/li>\n<li><strong>Ekstrakt z li\u015bci zielonej herbaty<\/strong>: Zielona herbata jest znana ze swoich w\u0142a\u015bciwo\u015bci antyoksydacyjnych i przeciwzapalnych. W przypadku Perfecto Cream, ekstrakt z tej ro\u015bliny pomaga w walce z cellulitem oraz wyg\u0142adza nier\u00f3wno\u015bci sk\u00f3ry, nadaj\u0105c jej zdrowszy i bardziej wyr\u00f3wnany wygl\u0105d.<\/li>\n<li><strong>Olej z nasion kakaowca<\/strong>: Ten sk\u0142adnik pomaga utrzyma\u0107 elastyczno\u015b\u0107 sk\u00f3ry oraz intensywnie j\u0105 nawil\u017ca. Olej z nasion kakaowca ma r\u00f3wnie\u017c dzia\u0142anie \u0142agodz\u0105ce i regeneruj\u0105ce, co jest istotne w procesie odchudzania, gdy sk\u00f3ra mo\u017ce by\u0107 poddawana wi\u0119kszemu napi\u0119ciu.<\/li>\n<li><strong>Ekstrakt z alg<\/strong>: Algi s\u0105 bogate w sk\u0142adniki od\u017cywcze i minera\u0142y, kt\u00f3re s\u0105 niezb\u0119dne dla zdrowia sk\u00f3ry. W przypadku Perfecto Cream, ekstrakt z alg poprawia mikrokr\u0105\u017cenie, usuwa toksyny z organizmu oraz redukuje obrz\u0119ki, co przyczynia si\u0119 do lepszego wygl\u0105du sk\u00f3ry.<\/li>\n<\/ol>\n<p style=\"text-align: center;\"><a href=\"https:\/\/mandarv.com\/WJjS?sub1=sub1&amp;sub2=sub2&amp;sub3=sub3&amp;sub4=sub4&amp;sub5=sub5\"><button>www.perfecto-cream.pl<\/button><\/a><\/p>\n<h2>Efekty Perfecto Cream i ich charakterystyka<\/h2>\n<p>Regularne stosowanie Perfecto Cream mo\u017ce przynie\u015b\u0107 wiele korzy\u015bci dla sk\u00f3ry oraz procesu odchudzania. Efekty, kt\u00f3re mo\u017cna zaobserwowa\u0107 po zastosowaniu tego kremu, to:<\/p>\n<ul>\n<li>Redukcja obwodu cia\u0142a i zmniejszenie widoczno\u015bci cellulitu.<\/li>\n<li>Poprawa elastyczno\u015bci i j\u0119drno\u015bci sk\u00f3ry.<\/li>\n<li>Nawil\u017cenie i od\u017cywienie sk\u00f3ry, nadaj\u0105c jej zdrowszy i promienny wygl\u0105d.<\/li>\n<li>Zmniejszenie obrz\u0119k\u00f3w oraz poprawa mikrokr\u0105\u017cenia, co wp\u0142ywa korzystnie na kondycj\u0119 sk\u00f3ry.<\/li>\n<\/ul>\n<p>Charakterystyczn\u0105 cech\u0105 Perfecto Cream jest jego delikatna formu\u0142a, kt\u00f3ra jest \u0142atwo wch\u0142aniana przez sk\u00f3r\u0119, nie pozostawiaj\u0105c t\u0142ustej warstwy. Dzi\u0119ki temu kremowi mo\u017cna stosowa\u0107 zar\u00f3wno na dzie\u0144, jak i na noc, bez obawy o uczucie dyskomfortu.<\/p>\n<h2>Ryzyko skutk\u00f3w ubocznych<\/h2>\n<p>Jednym z g\u0142\u00f3wnych atut\u00f3w Perfecto Cream jest jego naturalna formu\u0142a, oparta na sk\u0142adnikach ro\u015blinnych o udowodnionym dzia\u0142aniu. Dzi\u0119ki temu ryzyko wyst\u0105pienia skutk\u00f3w ubocznych jest minimalne, co czyni ten krem bezpiecznym w u\u017cyciu dla wi\u0119kszo\u015bci os\u00f3b. Niemniej jednak, zaleca si\u0119 przeprowadzenie testu uczuleniowego przed rozpocz\u0119ciem regularnego stosowania produktu, aby upewni\u0107 si\u0119, \u017ce nie wywo\u0142a on reakcji alergicznej.<\/p>\n<p><em>Perfecto Cream jest nie tylko skutecznym sposobem na redukcj\u0119 obwodu cia\u0142a i popraw\u0119 kondycji sk\u00f3ry, ale tak\u017ce bezpiecznym wyborem dla tych, kt\u00f3rzy pragn\u0105 dba\u0107 o swoje zdrowie i urod\u0119. Dzi\u0119ki unikalnej kombinacji naturalnych sk\u0142adnik\u00f3w, ten krem oferuje kompleksow\u0105 piel\u0119gnacj\u0119, kt\u00f3ra przynosi zauwa\u017calne efekty ju\u017c po kr\u00f3tkim czasie stosowania.<\/em><\/p>\n<\/div>\n<\/div>\n<\/div>\n<\/div>\n<\/div>\n<\/div>\n<\/div>\n<\/div>\n<div class=\"w-full text-token-text-primary\" data-testid=\"conversation-turn-5\">\n<div class=\"px-4 py-2 justify-center text-base md:gap-6 m-auto\">\n<div class=\"flex flex-1 text-base mx-auto gap-3 md:px-5 lg:px-1 xl:px-5 md:max-w-3xl lg:max-w-[40rem] xl:max-w-[48rem] group final-completion\">\n<div class=\"relative flex w-full flex-col lg:w-[calc(100%-115px)] agent-turn\">\n<div class=\"flex-col gap-1 md:gap-3\">\n<div class=\"flex flex-grow flex-col max-w-full\">\n<div class=\"min-h-[20px] text-message flex flex-col items-start gap-3 whitespace-pre-wrap break-words [.text-message+&amp;]:mt-5 overflow-x-auto\" data-message-author-role=\"assistant\" data-message-id=\"0b46be21-4a60-48af-aa3f-147ce33593d3\">\n<div class=\"markdown prose w-full break-words dark:prose-invert light\">\n<h2>Opinie klient\u00f3w o Perfecto Cream: fora po\u015bwi\u0119cone zdrowiu<\/h2>\n<p>Na polskich forach internetowych po\u015bwi\u0119conych zdrowiu i urodzie coraz cz\u0119\u015bciej pojawiaj\u0105 si\u0119 dyskusje na temat skuteczno\u015bci i dost\u0119pno\u015bci produkt\u00f3w odchudzaj\u0105cych. W\u015br\u00f3d nich szczeg\u00f3ln\u0105 uwag\u0119 przyci\u0105ga Perfecto Cream &#8211; krem, kt\u00f3ry zdobywa coraz wi\u0119ksz\u0105 popularno\u015b\u0107 w\u015br\u00f3d klient\u00f3w. Wielu u\u017cytkownik\u00f3w dzieli si\u0119 swoimi do\u015bwiadczeniami zwi\u0105zanych z korzystaniem z tego produktu, a wi\u0119kszo\u015b\u0107 opinii jest bardzo pozytywna. Poni\u017cej przedstawiamy dwa przyk\u0142adowe opinie od u\u017cytkownik\u00f3w:<\/p>\n<ol>\n<li><strong>Anna65:<\/strong> &#8222;Od kilku tygodni stosuj\u0119 Perfecto Cream i jestem bardzo zadowolona z efekt\u00f3w! Widocznie zmniejszy\u0142a si\u0119 obw\u00f3d moich ud, a sk\u00f3ra sta\u0142a si\u0119 znacznie bardziej j\u0119drna. Dodatkowo, krem \u015bwietnie nawil\u017ca moj\u0105 sk\u00f3r\u0119, co jest dla mnie bardzo istotne, zw\u0142aszcza zim\u0105. Gor\u0105co polecam!&#8221;<\/li>\n<li><strong>Jena78:<\/strong> &#8222;By\u0142em sceptyczny co do skuteczno\u015bci krem\u00f3w odchudzaj\u0105cych, ale Perfecto Cream mnie pozytywnie zaskoczy\u0142! Po kilku tygodniach regularnego stosowania zauwa\u017cy\u0142em znaczn\u0105 popraw\u0119 wygl\u0105du mojej sk\u00f3ry oraz redukcj\u0119 cellulitu. Bardzo polecam wszystkim, kt\u00f3rzy chc\u0105 poprawi\u0107 swoj\u0105 sylwetk\u0119 bez konieczno\u015bci stosowania agresywnych metod odchudzania.&#8221;<\/li>\n<\/ol>\n<h2>Spos\u00f3b podawania i dawkowanie<\/h2>\n<p>Perfecto Cream nale\u017cy stosowa\u0107 regularnie, aby osi\u0105gn\u0105\u0107 najlepsze efekty. Zaleca si\u0119 aplikowanie kremu na czyst\u0105 i such\u0105 sk\u00f3r\u0119, masuj\u0105c go delikatnie a\u017c do ca\u0142kowitego wch\u0142oni\u0119cia. Najlepsze rezultaty uzyskuje si\u0119 po\u0142\u0105czeniu stosowania kremu z zdrow\u0105 diet\u0105 oraz regularn\u0105 aktywno\u015bci\u0105 fizyczn\u0105.<\/p>\n<h2>Kup teraz Perfecto Cream z dostaw\u0105<\/h2>\n<p>Zam\u00f3wienie Perfecto Cream jest niezwykle proste i wygodne. Produkt mo\u017cna zakupi\u0107 online, bez konieczno\u015bci wcze\u015bniejszej p\u0142atno\u015bci. Oznacza to, \u017ce klient p\u0142aci za produkt dopiero po otrzymaniu przesy\u0142ki, co eliminuje ryzyko oszustwa i zapewnia zakup oryginalnego produktu. Dostawa jest szybka i bezproblemowa, zazwyczaj zajmuje 3-4 dni robocze na terenie Polski. Po z\u0142o\u017ceniu zam\u00f3wienia, klient otrzymuje r\u00f3wnie\u017c potwierdzenie telefoniczne od specjalisty, kt\u00f3ry s\u0142u\u017cy pomoc\u0105 i mo\u017ce udzieli\u0107 wszelkich niezb\u0119dnych informacji na temat produktu oraz ewentualnych promocji.<\/p>\n<p style=\"text-align: center;\"><a href=\"https:\/\/mandarv.com\/WJjS?sub1=sub1&amp;sub2=sub2&amp;sub3=sub3&amp;sub4=sub4&amp;sub5=sub5\"><button>Zakup na stronie producenta (-50%)<\/button><\/a><\/p>\n<h2>Por\u00f3wnanie ofert: ceny i dost\u0119pno\u015b\u0107 Perfecto Cream<\/h2>\n<p>Producent Perfecto Cream k\u0142adzie nacisk na dost\u0119pno\u015b\u0107 produktu dla klient\u00f3w, dlatego zaleca si\u0119 zakup bezpo\u015brednio na oficjalnej stronie internetowej producenta. Dzi\u0119ki temu mo\u017cna mie\u0107 pewno\u015b\u0107, \u017ce otrzymuje si\u0119 oryginalny produkt bezpo\u015brednio od producenta, unikaj\u0105c po\u015brednik\u00f3w i dodatkowych koszt\u00f3w. Dodatkowo, na stronie producenta regularnie pojawiaj\u0105 si\u0119 promocje i rabaty, kt\u00f3re warto \u015bledzi\u0107. Warto zaznaczy\u0107, \u017ce Perfecto Cream nie jest dost\u0119pny w stacjonarnych aptekach, co podkre\u015bla ekskluzywno\u015b\u0107 tego produktu oraz eliminuje ryzyko zakupu podr\u00f3bek.<\/p>\n<\/div>\n<\/div>\n<\/div>\n<\/div>\n<\/div>\n<\/div>\n<\/div>\n<\/div>\n","protected":false},"excerpt":{"rendered":"<p style=\"text-align: center;\"><a href=\"https:\/\/mandarv.com\/WJjS?sub1=sub1&amp;sub2=sub2&amp;sub3=sub3&amp;sub4=sub4&amp;sub5=sub5\"><button>Kup teraz<\/button><\/a><\/p>\n<p>SKU:\u00a0<span class=\"sku\">789.878.011<\/span><\/p>\n<hr \/>\n<p><small>Produkt sprzedawany jest wy\u0142\u0105cznie za po\u015brednictwem oficjalnej strony producenta, id\u017a i kupuj bezpiecznie!<\/small><\/p>\n","protected":false},"featured_media":371,"comment_status":"open","ping_status":"closed","template":"","meta":[],"product_brand":[],"product_cat":[15],"product_tag":[],"class_list":{"0":"post-370","1":"product","2":"type-product","3":"status-publish","4":"has-post-thumbnail","6":"product_cat-supl","7":"thunk-woo-product-list","8":"opn-qv-enable","9":"top-store-woo-hover-","10":"top-store-single-product-tab-horizontal","11":"top-store-shadow-","12":"top-store-shadow-hover-","14":"first","15":"instock","16":"sale","17":"shipping-taxable","18":"purchasable","19":"product-type-simple"},"yoast_head":"<!-- This site is optimized with the Yoast SEO plugin v27.4 - https:\/\/yoast.com\/product\/yoast-seo-wordpress\/ -->\n<title>Perfecto Cream - kup suplement, cena w aptece, sk\u0142ad, dzia\u0142anie<\/title>\n<meta name=\"robots\" content=\"index, follow, max-snippet:-1, max-image-preview:large, max-video-preview:-1\" \/>\n<link rel=\"canonical\" href=\"https:\/\/lekarzeopole.pl\/wordpress\/product\/perfecto-cream\/\" \/>\n<meta property=\"og:locale\" content=\"pl_PL\" \/>\n<meta property=\"og:type\" content=\"article\" \/>\n<meta property=\"og:title\" content=\"Perfecto Cream - kup suplement, cena w aptece, sk\u0142ad, dzia\u0142anie\" \/>\n<meta property=\"og:description\" content=\"Kup teraz SKU:\u00a0789.878.011    Produkt sprzedawany jest wy\u0142\u0105cznie za po\u015brednictwem oficjalnej strony producenta, id\u017a i kupuj bezpiecznie!\" \/>\n<meta property=\"og:url\" content=\"https:\/\/lekarzeopole.pl\/wordpress\/product\/perfecto-cream\/\" \/>\n<meta property=\"og:site_name\" content=\"Lekarze Opole\" \/>\n<meta property=\"article:modified_time\" content=\"2024-06-07T14:48:30+00:00\" \/>\n<meta property=\"og:image\" content=\"https:\/\/lekarzeopole.pl\/wordpress\/wp-content\/uploads\/2024\/02\/perfecto-cream.png\" \/>\n\t<meta property=\"og:image:width\" content=\"1600\" \/>\n\t<meta property=\"og:image:height\" content=\"1600\" \/>\n\t<meta property=\"og:image:type\" content=\"image\/png\" \/>\n<meta name=\"twitter:card\" content=\"summary_large_image\" \/>\n<meta name=\"twitter:label1\" content=\"Szacowany czas czytania\" \/>\n\t<meta name=\"twitter:data1\" content=\"6 minut\" \/>\n<script type=\"application\/ld+json\" class=\"yoast-schema-graph\">{\"@context\":\"https:\\\/\\\/schema.org\",\"@graph\":[{\"@type\":\"WebPage\",\"@id\":\"https:\\\/\\\/lekarzeopole.pl\\\/wordpress\\\/product\\\/perfecto-cream\\\/\",\"url\":\"https:\\\/\\\/lekarzeopole.pl\\\/wordpress\\\/product\\\/perfecto-cream\\\/\",\"name\":\"Perfecto Cream - kup suplement, cena w aptece, sk\u0142ad, dzia\u0142anie\",\"isPartOf\":{\"@id\":\"https:\\\/\\\/lekarzeopole.pl\\\/wordpress\\\/#website\"},\"primaryImageOfPage\":{\"@id\":\"https:\\\/\\\/lekarzeopole.pl\\\/wordpress\\\/product\\\/perfecto-cream\\\/#primaryimage\"},\"image\":{\"@id\":\"https:\\\/\\\/lekarzeopole.pl\\\/wordpress\\\/product\\\/perfecto-cream\\\/#primaryimage\"},\"thumbnailUrl\":\"https:\\\/\\\/lekarzeopole.pl\\\/wordpress\\\/wp-content\\\/uploads\\\/2024\\\/02\\\/perfecto-cream.png\",\"datePublished\":\"2024-02-08T09:07:37+00:00\",\"dateModified\":\"2024-06-07T14:48:30+00:00\",\"breadcrumb\":{\"@id\":\"https:\\\/\\\/lekarzeopole.pl\\\/wordpress\\\/product\\\/perfecto-cream\\\/#breadcrumb\"},\"inLanguage\":\"pl-PL\",\"potentialAction\":[{\"@type\":\"ReadAction\",\"target\":[\"https:\\\/\\\/lekarzeopole.pl\\\/wordpress\\\/product\\\/perfecto-cream\\\/\"]}]},{\"@type\":\"ImageObject\",\"inLanguage\":\"pl-PL\",\"@id\":\"https:\\\/\\\/lekarzeopole.pl\\\/wordpress\\\/product\\\/perfecto-cream\\\/#primaryimage\",\"url\":\"https:\\\/\\\/lekarzeopole.pl\\\/wordpress\\\/wp-content\\\/uploads\\\/2024\\\/02\\\/perfecto-cream.png\",\"contentUrl\":\"https:\\\/\\\/lekarzeopole.pl\\\/wordpress\\\/wp-content\\\/uploads\\\/2024\\\/02\\\/perfecto-cream.png\",\"width\":1600,\"height\":1600,\"caption\":\"Perfecto Cream\"},{\"@type\":\"BreadcrumbList\",\"@id\":\"https:\\\/\\\/lekarzeopole.pl\\\/wordpress\\\/product\\\/perfecto-cream\\\/#breadcrumb\",\"itemListElement\":[{\"@type\":\"ListItem\",\"position\":1,\"name\":\"\u0413\u043b\u0430\u0432\u043d\u0430\u044f \u0441\u0442\u0440\u0430\u043d\u0438\u0446\u0430\",\"item\":\"https:\\\/\\\/lekarzeopole.pl\\\/wordpress\\\/\"},{\"@type\":\"ListItem\",\"position\":2,\"name\":\"Zakup\",\"item\":\"https:\\\/\\\/lekarzeopole.pl\\\/wordpress\\\/\"},{\"@type\":\"ListItem\",\"position\":3,\"name\":\"Perfecto Cream\"}]},{\"@type\":\"WebSite\",\"@id\":\"https:\\\/\\\/lekarzeopole.pl\\\/wordpress\\\/#website\",\"url\":\"https:\\\/\\\/lekarzeopole.pl\\\/wordpress\\\/\",\"name\":\"Lekarze Opole\",\"description\":\"\",\"potentialAction\":[{\"@type\":\"SearchAction\",\"target\":{\"@type\":\"EntryPoint\",\"urlTemplate\":\"https:\\\/\\\/lekarzeopole.pl\\\/wordpress\\\/?s={search_term_string}\"},\"query-input\":{\"@type\":\"PropertyValueSpecification\",\"valueRequired\":true,\"valueName\":\"search_term_string\"}}],\"inLanguage\":\"pl-PL\"}]}<\/script>\n<!-- \/ Yoast SEO plugin. -->","yoast_head_json":{"title":"Perfecto Cream - kup suplement, cena w aptece, sk\u0142ad, dzia\u0142anie","robots":{"index":"index","follow":"follow","max-snippet":"max-snippet:-1","max-image-preview":"max-image-preview:large","max-video-preview":"max-video-preview:-1"},"canonical":"https:\/\/lekarzeopole.pl\/wordpress\/product\/perfecto-cream\/","og_locale":"pl_PL","og_type":"article","og_title":"Perfecto Cream - kup suplement, cena w aptece, sk\u0142ad, dzia\u0142anie","og_description":"Kup teraz SKU:\u00a0789.878.011    Produkt sprzedawany jest wy\u0142\u0105cznie za po\u015brednictwem oficjalnej strony producenta, id\u017a i kupuj bezpiecznie!","og_url":"https:\/\/lekarzeopole.pl\/wordpress\/product\/perfecto-cream\/","og_site_name":"Lekarze Opole","article_modified_time":"2024-06-07T14:48:30+00:00","og_image":[{"width":1600,"height":1600,"url":"https:\/\/lekarzeopole.pl\/wordpress\/wp-content\/uploads\/2024\/02\/perfecto-cream.png","type":"image\/png"}],"twitter_card":"summary_large_image","twitter_misc":{"Szacowany czas czytania":"6 minut"},"schema":{"@context":"https:\/\/schema.org","@graph":[{"@type":"WebPage","@id":"https:\/\/lekarzeopole.pl\/wordpress\/product\/perfecto-cream\/","url":"https:\/\/lekarzeopole.pl\/wordpress\/product\/perfecto-cream\/","name":"Perfecto Cream - kup suplement, cena w aptece, sk\u0142ad, dzia\u0142anie","isPartOf":{"@id":"https:\/\/lekarzeopole.pl\/wordpress\/#website"},"primaryImageOfPage":{"@id":"https:\/\/lekarzeopole.pl\/wordpress\/product\/perfecto-cream\/#primaryimage"},"image":{"@id":"https:\/\/lekarzeopole.pl\/wordpress\/product\/perfecto-cream\/#primaryimage"},"thumbnailUrl":"https:\/\/lekarzeopole.pl\/wordpress\/wp-content\/uploads\/2024\/02\/perfecto-cream.png","datePublished":"2024-02-08T09:07:37+00:00","dateModified":"2024-06-07T14:48:30+00:00","breadcrumb":{"@id":"https:\/\/lekarzeopole.pl\/wordpress\/product\/perfecto-cream\/#breadcrumb"},"inLanguage":"pl-PL","potentialAction":[{"@type":"ReadAction","target":["https:\/\/lekarzeopole.pl\/wordpress\/product\/perfecto-cream\/"]}]},{"@type":"ImageObject","inLanguage":"pl-PL","@id":"https:\/\/lekarzeopole.pl\/wordpress\/product\/perfecto-cream\/#primaryimage","url":"https:\/\/lekarzeopole.pl\/wordpress\/wp-content\/uploads\/2024\/02\/perfecto-cream.png","contentUrl":"https:\/\/lekarzeopole.pl\/wordpress\/wp-content\/uploads\/2024\/02\/perfecto-cream.png","width":1600,"height":1600,"caption":"Perfecto Cream"},{"@type":"BreadcrumbList","@id":"https:\/\/lekarzeopole.pl\/wordpress\/product\/perfecto-cream\/#breadcrumb","itemListElement":[{"@type":"ListItem","position":1,"name":"\u0413\u043b\u0430\u0432\u043d\u0430\u044f \u0441\u0442\u0440\u0430\u043d\u0438\u0446\u0430","item":"https:\/\/lekarzeopole.pl\/wordpress\/"},{"@type":"ListItem","position":2,"name":"Zakup","item":"https:\/\/lekarzeopole.pl\/wordpress\/"},{"@type":"ListItem","position":3,"name":"Perfecto Cream"}]},{"@type":"WebSite","@id":"https:\/\/lekarzeopole.pl\/wordpress\/#website","url":"https:\/\/lekarzeopole.pl\/wordpress\/","name":"Lekarze Opole","description":"","potentialAction":[{"@type":"SearchAction","target":{"@type":"EntryPoint","urlTemplate":"https:\/\/lekarzeopole.pl\/wordpress\/?s={search_term_string}"},"query-input":{"@type":"PropertyValueSpecification","valueRequired":true,"valueName":"search_term_string"}}],"inLanguage":"pl-PL"}]}},"_links":{"self":[{"href":"https:\/\/lekarzeopole.pl\/wordpress\/wp-json\/wp\/v2\/product\/370","targetHints":{"allow":["GET"]}}],"collection":[{"href":"https:\/\/lekarzeopole.pl\/wordpress\/wp-json\/wp\/v2\/product"}],"about":[{"href":"https:\/\/lekarzeopole.pl\/wordpress\/wp-json\/wp\/v2\/types\/product"}],"replies":[{"embeddable":true,"href":"https:\/\/lekarzeopole.pl\/wordpress\/wp-json\/wp\/v2\/comments?post=370"}],"wp:featuredmedia":[{"embeddable":true,"href":"https:\/\/lekarzeopole.pl\/wordpress\/wp-json\/wp\/v2\/media\/371"}],"wp:attachment":[{"href":"https:\/\/lekarzeopole.pl\/wordpress\/wp-json\/wp\/v2\/media?parent=370"}],"wp:term":[{"taxonomy":"product_brand","embeddable":true,"href":"https:\/\/lekarzeopole.pl\/wordpress\/wp-json\/wp\/v2\/product_brand?post=370"},{"taxonomy":"product_cat","embeddable":true,"href":"https:\/\/lekarzeopole.pl\/wordpress\/wp-json\/wp\/v2\/product_cat?post=370"},{"taxonomy":"product_tag","embeddable":true,"href":"https:\/\/lekarzeopole.pl\/wordpress\/wp-json\/wp\/v2\/product_tag?post=370"}],"curies":[{"name":"wp","href":"https:\/\/api.w.org\/{rel}","templated":true}]}}