{"id":368,"date":"2024-02-08T08:59:41","date_gmt":"2024-02-08T08:59:41","guid":{"rendered":"https:\/\/lekarzeopole.pl\/wordpress\/?post_type=product&#038;p=368"},"modified":"2025-03-30T15:23:25","modified_gmt":"2025-03-30T15:23:25","slug":"oculear","status":"publish","type":"product","link":"https:\/\/lekarzeopole.pl\/wordpress\/product\/oculear\/","title":{"rendered":"Oculear"},"content":{"rendered":"<div class=\"w-full text-token-text-primary\" data-testid=\"conversation-turn-3\">\n<div class=\"px-4 py-2 justify-center text-base md:gap-6 m-auto\">\n<div class=\"flex flex-1 text-base mx-auto gap-3 md:px-5 lg:px-1 xl:px-5 md:max-w-3xl lg:max-w-[40rem] xl:max-w-[48rem] group\">\n<div class=\"relative flex w-full flex-col lg:w-[calc(100%-115px)] agent-turn\">\n<div class=\"flex-col gap-1 md:gap-3\">\n<div class=\"flex flex-grow flex-col max-w-full\">\n<div class=\"min-h-[20px] text-message flex flex-col items-start gap-3 whitespace-pre-wrap break-words [.text-message+&amp;]:mt-5 overflow-x-auto\" data-message-author-role=\"assistant\" data-message-id=\"14661cd8-ddad-4b8f-89b8-1fb8b06b9baf\">\n<div class=\"markdown prose w-full break-words dark:prose-invert light\">\n<p>Oculear to nowoczesny preparat przeznaczony do wspierania zdrowia oczu, kt\u00f3ry zdobywa coraz wi\u0119ksz\u0105 popularno\u015b\u0107 w\u015br\u00f3d os\u00f3b poszukuj\u0105cych naturalnych sposob\u00f3w poprawy wzroku. W dzisiejszym \u015bwiecie, gdzie codziennie wystawiamy nasze oczy na r\u00f3\u017cnorodne czynniki stresuj\u0105ce, suchy powietrze, d\u0142ugotrwa\u0142e patrzenie na ekrany komputer\u00f3w czy smartfon\u00f3w, piel\u0119gnacja zdrowia wzroku staje si\u0119 coraz wa\u017cniejsza. Oculear oferuje skuteczn\u0105 pomoc dla os\u00f3b, kt\u00f3re do\u015bwiadczaj\u0105 zm\u0119czonych, suchych oczu, stan\u00f3w zapalnych czy problem\u00f3w z ostro\u015bci\u0105 wzroku. Dzi\u0119ki unikalnej formule opartej wy\u0142\u0105cznie na naturalnych sk\u0142adnikach, preparat ten jest bezpieczny w stosowaniu i mo\u017ce by\u0107 skutecznym wsparciem dla zdrowia oczu. Dalsza cz\u0119\u015b\u0107 artyku\u0142u przybli\u017cy sk\u0142ad, dzia\u0142anie, opinie u\u017cytkownik\u00f3w oraz dost\u0119pno\u015b\u0107 Oculear, aby zapewni\u0107 kompleksow\u0105 wiedz\u0119 na temat tego innowacyjnego produktu.<\/p>\n<h2>Wskazania do stosowania Oculear<\/h2>\n<p>Oculear to innowacyjny preparat, kt\u00f3ry zosta\u0142 stworzony z my\u015bl\u0105 o osobach borykaj\u0105cych si\u0119 z r\u00f3\u017cnorodnymi problemami ze wzrokiem. Preparat ten mo\u017ce by\u0107 stosowany w przypadku:<\/p>\n<ol>\n<li>Stan\u00f3w zapalnych oka<\/li>\n<li>Napi\u0119cia oczu<\/li>\n<li>Sucho\u015bci i podra\u017cnienia oczu<\/li>\n<li>Zmniejszonej ostro\u015bci wzroku<\/li>\n<li>S\u0142abego fokusa soczewki<\/li>\n<li>Problematycznego kr\u0105\u017cenia krwi w oku<\/li>\n<li>Wysokiego ci\u015bnienia w oku<\/li>\n<\/ol>\n<h2>Sk\u0142ad i dzia\u0142anie sk\u0142adnik\u00f3w Oculear<\/h2>\n<p>Oculear to unikalna formu\u0142a oparta wy\u0142\u0105cznie na naturalnych sk\u0142adnikach, kt\u00f3re wsp\u00f3lnie dzia\u0142aj\u0105 na popraw\u0119 stanu zdrowia oczu. G\u0142\u00f3wne sk\u0142adniki preparatu to:<\/p>\n<ol>\n<li><strong>Wyci\u0105g z bor\u00f3wki:<\/strong> Bogate \u017ar\u00f3d\u0142o antocyjan\u00f3w, kt\u00f3re pomagaj\u0105 w wzmacnianiu naczy\u0144 krwiono\u015bnych i poprawie kr\u0105\u017cenia krwi w oku.<\/li>\n<li><strong>Luteina i zeaksantyna:<\/strong> Te naturalne karotenoidy maj\u0105 zdolno\u015b\u0107 ochrony siatk\u00f3wki oka przed szkodliwym dzia\u0142aniem promieni UV oraz wolnych rodnik\u00f3w, co przyczynia si\u0119 do poprawy ostro\u015bci wzroku.<\/li>\n<li><strong>Ekstrakt z nagietka lekarskiego:<\/strong> Dzia\u0142a przeciwzapalnie i \u0142agodzi podra\u017cnienia oczu.<\/li>\n<li><strong>Witamina A:<\/strong> Wspiera prawid\u0142owe funkcjonowanie siatk\u00f3wki oka oraz zapobiega jej degeneracji.<\/li>\n<li><strong>Ekstrakt z pestek winogron:<\/strong> Pomaga w utrzymaniu w\u0142a\u015bciwego ci\u015bnienia w oku i redukcji ryzyka wyst\u0105pienia problem\u00f3w ze wzrokiem.<\/li>\n<\/ol>\n<p style=\"text-align: center;\"><a href=\"https:\/\/mandarv.com\/WI5S?sub1=sub1&amp;sub2=sub2&amp;sub3=sub3&amp;sub4=sub4&amp;sub5=sub5\"><button>www.oculear.pl<\/button><\/a><\/p>\n<h2>Efekty Oculear i ich charakterystyka<\/h2>\n<p>Dzi\u0119ki regularnemu stosowaniu preparatu Oculear mo\u017cna zaobserwowa\u0107 szereg korzystnych efekt\u00f3w:<\/p>\n<ol>\n<li><strong>Poprawa ostro\u015bci wzroku:<\/strong> Sk\u0142adniki preparatu wspieraj\u0105 regeneracj\u0119 tkanek oka oraz chroni\u0105 przed szkodliwym dzia\u0142aniem czynnik\u00f3w zewn\u0119trznych, co przek\u0142ada si\u0119 na wyra\u017any i klarowny obraz.<\/li>\n<li><strong>\u0141agodzenie stan\u00f3w zapalnych i podra\u017cnie\u0144:<\/strong> Dzi\u0119ki dzia\u0142aniu przeciwzapalnemu sk\u0142adnik\u00f3w preparatu Oculear, uczucie sucho\u015bci i podra\u017cnienia oka zostaje z\u0142agodzone, co przyczynia si\u0119 do komfortu widzenia.<\/li>\n<li><strong>Wzmocnienie naczy\u0144 krwiono\u015bnych:<\/strong> Sk\u0142adniki preparatu wzmacniaj\u0105 struktury naczy\u0144 krwiono\u015bnych w oku, co przek\u0142ada si\u0119 na popraw\u0119 kr\u0105\u017cenia krwi i zapobieganie ryzyku wyst\u0105pienia chor\u00f3b oczu.<\/li>\n<li><strong>Normalizacja ci\u015bnienia w oku:<\/strong> Regularne stosowanie preparatu mo\u017ce przyczyni\u0107 si\u0119 do utrzymania prawid\u0142owego ci\u015bnienia wewn\u0105trzga\u0142kowego, co jest istotne dla zachowania zdrowia oczu.<\/li>\n<\/ol>\n<h2>Ryzyko skutk\u00f3w ubocznych<\/h2>\n<p>Preparat Oculear zosta\u0142 stworzony z my\u015bl\u0105 o jak najmniejszym ryzyku wyst\u0105pienia skutk\u00f3w ubocznych. Jego naturalna formu\u0142a oparta na sk\u0142adnikach ro\u015blinnych sprawia, \u017ce jest on dobrze tolerowany przez organizm. Jednak\u017ce, jak w przypadku ka\u017cdego suplementu diety, istnieje mo\u017cliwo\u015b\u0107 nietolerancji na kt\u00f3rykolwiek z sk\u0142adnik\u00f3w, dlatego zawsze warto skonsultowa\u0107 si\u0119 z lekarzem przed rozpocz\u0119ciem stosowania preparatu, szczeg\u00f3lnie je\u015bli pacjent cierpi na jakiekolwiek choroby przewlek\u0142e lub przyjmuje inne leki.<\/p>\n<p><em>Oculear to innowacyjny preparat, kt\u00f3ry dzi\u0119ki swojej naturalnej formule mo\u017ce stanowi\u0107 skuteczn\u0105 pomoc w poprawie stanu zdrowia oczu. Dzi\u0119ki regularnemu stosowaniu mo\u017cna zaobserwowa\u0107 popraw\u0119 ostro\u015bci wzroku, \u0142agodzenie stan\u00f3w zapalnych oraz wzmocnienie struktur oka. Jednocze\u015bnie minimalne ryzyko skutk\u00f3w ubocznych sprawia, \u017ce jest to bezpieczna opcja dla os\u00f3b poszukuj\u0105cych naturalnych metod wspieraj\u0105cych zdrowie oczu.<\/em><\/p>\n<\/div>\n<\/div>\n<\/div>\n<\/div>\n<\/div>\n<\/div>\n<\/div>\n<\/div>\n<div class=\"w-full text-token-text-primary\" data-testid=\"conversation-turn-5\">\n<div class=\"px-4 py-2 justify-center text-base md:gap-6 m-auto\">\n<div class=\"flex flex-1 text-base mx-auto gap-3 md:px-5 lg:px-1 xl:px-5 md:max-w-3xl lg:max-w-[40rem] xl:max-w-[48rem] group final-completion\">\n<div class=\"relative flex w-full flex-col lg:w-[calc(100%-115px)] agent-turn\">\n<div class=\"flex-col gap-1 md:gap-3\">\n<div class=\"flex flex-grow flex-col max-w-full\">\n<div class=\"min-h-[20px] text-message flex flex-col items-start gap-3 whitespace-pre-wrap break-words [.text-message+&amp;]:mt-5 overflow-x-auto\" data-message-author-role=\"assistant\" data-message-id=\"74d217e8-012d-4495-a982-51ed156f57a5\">\n<div class=\"markdown prose w-full break-words dark:prose-invert light\">\n<h2>Opinie klient\u00f3w o Oculear: fora po\u015bwi\u0119cone zdrowiu<\/h2>\n<p>Na polskich forach internetowych po\u015bwi\u0119conych zdrowiu, coraz cz\u0119\u015bciej mo\u017cna znale\u017a\u0107 dyskusje na temat preparatu Oculear. Zdrowie oczu staje si\u0119 coraz wa\u017cniejsze dla wielu os\u00f3b, dlatego preparat, kt\u00f3ry oferuje skuteczn\u0105 pomoc w poprawie widzenia, zyskuje coraz wi\u0119ksz\u0105 popularno\u015b\u0107 w\u015br\u00f3d klient\u00f3w. Wiele os\u00f3b dzieli si\u0119 swoimi do\u015bwiadczeniami zwi\u0105zanych z korzystaniem z Oculear, a wi\u0119kszo\u015b\u0107 opinii jest bardzo pozytywna.<\/p>\n<ol>\n<li><strong>Maria, 45 lat:<\/strong> &#8222;Oculear okaza\u0142 si\u0119 dla mnie prawdziwym zbawieniem. Ju\u017c od d\u0142u\u017cszego czasu m\u0119czy\u0142y mnie suche i zm\u0119czone oczy po ca\u0142ym dniu pracy przy komputerze. Po zastosowaniu tego preparatu, moje oczy s\u0105 znacznie bardziej komfortowe, a m\u00f3j wzrok wydaje si\u0119 by\u0107 ostrzejszy ni\u017c kiedykolwiek wcze\u015bniej.&#8221;<\/li>\n<li><strong>Piotr, 52 lata:<\/strong> &#8222;Jestem zaskoczony pozytywnym efektem, jaki przynios\u0142o mi stosowanie Oculear. Moje problemy ze wzrokiem stopniowo ust\u0119powa\u0142y, a teraz czuj\u0119 si\u0119 znacznie pewniej i komfortowo podczas codziennych czynno\u015bci, kt\u00f3re wymagaj\u0105 ostrego widzenia.&#8221;<\/li>\n<\/ol>\n<h2>Spos\u00f3b podawania i dawkowanie<\/h2>\n<p>Oculear wyst\u0119puje w formie kropli doustnych, co sprawia, \u017ce jest \u0142atwy w stosowaniu. Zaleca si\u0119 przyjmowanie 1-2 kropli preparatu dziennie, najlepiej rano przed posi\u0142kiem. Krople mo\u017cna rozpu\u015bci\u0107 w niewielkiej ilo\u015bci wody lub soku, co u\u0142atwia ich spo\u017cycie.<\/p>\n<h2>Kup teraz Oculear z dostaw\u0105<\/h2>\n<p>Zam\u00f3wienie preparatu Oculear jest \u0142atwe i wygodne dzi\u0119ki mo\u017cliwo\u015bci zakupu online na oficjalnej stronie producenta. Nie ma konieczno\u015bci p\u0142acenia za produkt z g\u00f3ry &#8211; p\u0142atno\u015b\u0107 jest dokonywana dopiero przy odbiorze przesy\u0142ki, co daje gwarancj\u0119 otrzymania oryginalnego produktu bez ryzyka oszustwa. Dostawa produktu zajmuje zazwyczaj 3-4 dni robocze na terenie Polski. Dodatkowo, po z\u0142o\u017ceniu zam\u00f3wienia, klient otrzymuje potwierdzenie telefoniczne od specjalisty, kt\u00f3ry mo\u017ce udzieli\u0107 dodatkowych informacji na temat produktu oraz dost\u0119pnych promocji.<\/p>\n<p style=\"text-align: center;\"><a href=\"https:\/\/mandarv.com\/WI5S?sub1=sub1&amp;sub2=sub2&amp;sub3=sub3&amp;sub4=sub4&amp;sub5=sub5\"><button>Zakup na stronie producenta (-50%)<\/button><\/a><\/p>\n<h2>Por\u00f3wnanie ofert: ceny i dost\u0119pno\u015b\u0107 Oculear<\/h2>\n<p>Producent stawia na bezpo\u015bredni\u0105 dost\u0119pno\u015b\u0107 do produktu dla klient\u00f3w, dlatego Oculear mo\u017cna naby\u0107 wy\u0142\u0105cznie na oficjalnej stronie internetowej producenta, eliminuj\u0105c tym samym po\u015brednik\u00f3w i dodatkowe mar\u017ce. Na stronie producenta klient ma r\u00f3wnie\u017c mo\u017cliwo\u015b\u0107 skorzystania z aktualnych promocji i rabat\u00f3w, kt\u00f3re mog\u0105 by\u0107 atrakcyjne cenowo. Warto regularnie sprawdza\u0107 dost\u0119pno\u015b\u0107 promocji, poniewa\u017c ich czas trwania mo\u017ce by\u0107 ograniczony. Dlatego te\u017c, preparat nie jest dost\u0119pny w stacjonarnych aptekach, co gwarantuje klientowi oryginalno\u015b\u0107 produktu oraz konkurencyjne ceny.<\/p>\n<\/div>\n<\/div>\n<\/div>\n<\/div>\n<\/div>\n<\/div>\n<\/div>\n<\/div>\n","protected":false},"excerpt":{"rendered":"<p style=\"text-align: center;\"><a href=\"https:\/\/mandarv.com\/WI5S?sub1=sub1&amp;sub2=sub2&amp;sub3=sub3&amp;sub4=sub4&amp;sub5=sub5\"><button>Kup teraz<\/button><\/a><\/p>\n<p>SKU:\u00a0<span class=\"sku\">789.878.1009<\/span><\/p>\n<hr \/>\n<p><small>Produkt sprzedawany jest wy\u0142\u0105cznie za po\u015brednictwem oficjalnej strony producenta, id\u017a i kupuj bezpiecznie!<\/small><\/p>\n","protected":false},"featured_media":369,"comment_status":"open","ping_status":"closed","template":"","meta":[],"product_brand":[],"product_cat":[15],"product_tag":[],"class_list":{"0":"post-368","1":"product","2":"type-product","3":"status-publish","4":"has-post-thumbnail","6":"product_cat-supl","7":"thunk-woo-product-list","8":"opn-qv-enable","9":"top-store-woo-hover-","10":"top-store-single-product-tab-horizontal","11":"top-store-shadow-","12":"top-store-shadow-hover-","14":"first","15":"instock","16":"sale","17":"shipping-taxable","18":"purchasable","19":"product-type-simple"},"yoast_head":"<!-- This site is optimized with the Yoast SEO plugin v27.4 - https:\/\/yoast.com\/product\/yoast-seo-wordpress\/ -->\n<title>Oculear - kup suplement, cena w aptece, sk\u0142ad, dzia\u0142anie<\/title>\n<meta name=\"robots\" content=\"index, follow, max-snippet:-1, max-image-preview:large, max-video-preview:-1\" \/>\n<link rel=\"canonical\" href=\"https:\/\/lekarzeopole.pl\/wordpress\/product\/oculear\/\" \/>\n<meta property=\"og:locale\" content=\"pl_PL\" \/>\n<meta property=\"og:type\" content=\"article\" \/>\n<meta property=\"og:title\" content=\"Oculear - kup suplement, cena w aptece, sk\u0142ad, dzia\u0142anie\" \/>\n<meta property=\"og:description\" content=\"Kup teraz SKU:\u00a0789.878.1009    Produkt sprzedawany jest wy\u0142\u0105cznie za po\u015brednictwem oficjalnej strony producenta, id\u017a i kupuj bezpiecznie!\" \/>\n<meta property=\"og:url\" content=\"https:\/\/lekarzeopole.pl\/wordpress\/product\/oculear\/\" \/>\n<meta property=\"og:site_name\" content=\"Lekarze Opole\" \/>\n<meta property=\"article:modified_time\" content=\"2025-03-30T15:23:25+00:00\" \/>\n<meta property=\"og:image\" content=\"https:\/\/lekarzeopole.pl\/wordpress\/wp-content\/uploads\/2024\/02\/oculear.png\" \/>\n\t<meta property=\"og:image:width\" content=\"1032\" \/>\n\t<meta property=\"og:image:height\" content=\"899\" \/>\n\t<meta property=\"og:image:type\" content=\"image\/png\" \/>\n<meta name=\"twitter:card\" content=\"summary_large_image\" \/>\n<meta name=\"twitter:label1\" content=\"Szacowany czas czytania\" \/>\n\t<meta name=\"twitter:data1\" content=\"6 minut\" \/>\n<script type=\"application\/ld+json\" class=\"yoast-schema-graph\">{\"@context\":\"https:\\\/\\\/schema.org\",\"@graph\":[{\"@type\":\"WebPage\",\"@id\":\"https:\\\/\\\/lekarzeopole.pl\\\/wordpress\\\/product\\\/oculear\\\/\",\"url\":\"https:\\\/\\\/lekarzeopole.pl\\\/wordpress\\\/product\\\/oculear\\\/\",\"name\":\"Oculear - kup suplement, cena w aptece, sk\u0142ad, dzia\u0142anie\",\"isPartOf\":{\"@id\":\"https:\\\/\\\/lekarzeopole.pl\\\/wordpress\\\/#website\"},\"primaryImageOfPage\":{\"@id\":\"https:\\\/\\\/lekarzeopole.pl\\\/wordpress\\\/product\\\/oculear\\\/#primaryimage\"},\"image\":{\"@id\":\"https:\\\/\\\/lekarzeopole.pl\\\/wordpress\\\/product\\\/oculear\\\/#primaryimage\"},\"thumbnailUrl\":\"https:\\\/\\\/lekarzeopole.pl\\\/wordpress\\\/wp-content\\\/uploads\\\/2024\\\/02\\\/oculear.png\",\"datePublished\":\"2024-02-08T08:59:41+00:00\",\"dateModified\":\"2025-03-30T15:23:25+00:00\",\"breadcrumb\":{\"@id\":\"https:\\\/\\\/lekarzeopole.pl\\\/wordpress\\\/product\\\/oculear\\\/#breadcrumb\"},\"inLanguage\":\"pl-PL\",\"potentialAction\":[{\"@type\":\"ReadAction\",\"target\":[\"https:\\\/\\\/lekarzeopole.pl\\\/wordpress\\\/product\\\/oculear\\\/\"]}]},{\"@type\":\"ImageObject\",\"inLanguage\":\"pl-PL\",\"@id\":\"https:\\\/\\\/lekarzeopole.pl\\\/wordpress\\\/product\\\/oculear\\\/#primaryimage\",\"url\":\"https:\\\/\\\/lekarzeopole.pl\\\/wordpress\\\/wp-content\\\/uploads\\\/2024\\\/02\\\/oculear.png\",\"contentUrl\":\"https:\\\/\\\/lekarzeopole.pl\\\/wordpress\\\/wp-content\\\/uploads\\\/2024\\\/02\\\/oculear.png\",\"width\":1032,\"height\":899,\"caption\":\"Oculear\"},{\"@type\":\"BreadcrumbList\",\"@id\":\"https:\\\/\\\/lekarzeopole.pl\\\/wordpress\\\/product\\\/oculear\\\/#breadcrumb\",\"itemListElement\":[{\"@type\":\"ListItem\",\"position\":1,\"name\":\"\u0413\u043b\u0430\u0432\u043d\u0430\u044f \u0441\u0442\u0440\u0430\u043d\u0438\u0446\u0430\",\"item\":\"https:\\\/\\\/lekarzeopole.pl\\\/wordpress\\\/\"},{\"@type\":\"ListItem\",\"position\":2,\"name\":\"Zakup\",\"item\":\"https:\\\/\\\/lekarzeopole.pl\\\/wordpress\\\/\"},{\"@type\":\"ListItem\",\"position\":3,\"name\":\"Oculear\"}]},{\"@type\":\"WebSite\",\"@id\":\"https:\\\/\\\/lekarzeopole.pl\\\/wordpress\\\/#website\",\"url\":\"https:\\\/\\\/lekarzeopole.pl\\\/wordpress\\\/\",\"name\":\"Lekarze Opole\",\"description\":\"\",\"potentialAction\":[{\"@type\":\"SearchAction\",\"target\":{\"@type\":\"EntryPoint\",\"urlTemplate\":\"https:\\\/\\\/lekarzeopole.pl\\\/wordpress\\\/?s={search_term_string}\"},\"query-input\":{\"@type\":\"PropertyValueSpecification\",\"valueRequired\":true,\"valueName\":\"search_term_string\"}}],\"inLanguage\":\"pl-PL\"}]}<\/script>\n<!-- \/ Yoast SEO plugin. -->","yoast_head_json":{"title":"Oculear - kup suplement, cena w aptece, sk\u0142ad, dzia\u0142anie","robots":{"index":"index","follow":"follow","max-snippet":"max-snippet:-1","max-image-preview":"max-image-preview:large","max-video-preview":"max-video-preview:-1"},"canonical":"https:\/\/lekarzeopole.pl\/wordpress\/product\/oculear\/","og_locale":"pl_PL","og_type":"article","og_title":"Oculear - kup suplement, cena w aptece, sk\u0142ad, dzia\u0142anie","og_description":"Kup teraz SKU:\u00a0789.878.1009    Produkt sprzedawany jest wy\u0142\u0105cznie za po\u015brednictwem oficjalnej strony producenta, id\u017a i kupuj bezpiecznie!","og_url":"https:\/\/lekarzeopole.pl\/wordpress\/product\/oculear\/","og_site_name":"Lekarze Opole","article_modified_time":"2025-03-30T15:23:25+00:00","og_image":[{"width":1032,"height":899,"url":"https:\/\/lekarzeopole.pl\/wordpress\/wp-content\/uploads\/2024\/02\/oculear.png","type":"image\/png"}],"twitter_card":"summary_large_image","twitter_misc":{"Szacowany czas czytania":"6 minut"},"schema":{"@context":"https:\/\/schema.org","@graph":[{"@type":"WebPage","@id":"https:\/\/lekarzeopole.pl\/wordpress\/product\/oculear\/","url":"https:\/\/lekarzeopole.pl\/wordpress\/product\/oculear\/","name":"Oculear - kup suplement, cena w aptece, sk\u0142ad, dzia\u0142anie","isPartOf":{"@id":"https:\/\/lekarzeopole.pl\/wordpress\/#website"},"primaryImageOfPage":{"@id":"https:\/\/lekarzeopole.pl\/wordpress\/product\/oculear\/#primaryimage"},"image":{"@id":"https:\/\/lekarzeopole.pl\/wordpress\/product\/oculear\/#primaryimage"},"thumbnailUrl":"https:\/\/lekarzeopole.pl\/wordpress\/wp-content\/uploads\/2024\/02\/oculear.png","datePublished":"2024-02-08T08:59:41+00:00","dateModified":"2025-03-30T15:23:25+00:00","breadcrumb":{"@id":"https:\/\/lekarzeopole.pl\/wordpress\/product\/oculear\/#breadcrumb"},"inLanguage":"pl-PL","potentialAction":[{"@type":"ReadAction","target":["https:\/\/lekarzeopole.pl\/wordpress\/product\/oculear\/"]}]},{"@type":"ImageObject","inLanguage":"pl-PL","@id":"https:\/\/lekarzeopole.pl\/wordpress\/product\/oculear\/#primaryimage","url":"https:\/\/lekarzeopole.pl\/wordpress\/wp-content\/uploads\/2024\/02\/oculear.png","contentUrl":"https:\/\/lekarzeopole.pl\/wordpress\/wp-content\/uploads\/2024\/02\/oculear.png","width":1032,"height":899,"caption":"Oculear"},{"@type":"BreadcrumbList","@id":"https:\/\/lekarzeopole.pl\/wordpress\/product\/oculear\/#breadcrumb","itemListElement":[{"@type":"ListItem","position":1,"name":"\u0413\u043b\u0430\u0432\u043d\u0430\u044f \u0441\u0442\u0440\u0430\u043d\u0438\u0446\u0430","item":"https:\/\/lekarzeopole.pl\/wordpress\/"},{"@type":"ListItem","position":2,"name":"Zakup","item":"https:\/\/lekarzeopole.pl\/wordpress\/"},{"@type":"ListItem","position":3,"name":"Oculear"}]},{"@type":"WebSite","@id":"https:\/\/lekarzeopole.pl\/wordpress\/#website","url":"https:\/\/lekarzeopole.pl\/wordpress\/","name":"Lekarze Opole","description":"","potentialAction":[{"@type":"SearchAction","target":{"@type":"EntryPoint","urlTemplate":"https:\/\/lekarzeopole.pl\/wordpress\/?s={search_term_string}"},"query-input":{"@type":"PropertyValueSpecification","valueRequired":true,"valueName":"search_term_string"}}],"inLanguage":"pl-PL"}]}},"_links":{"self":[{"href":"https:\/\/lekarzeopole.pl\/wordpress\/wp-json\/wp\/v2\/product\/368","targetHints":{"allow":["GET"]}}],"collection":[{"href":"https:\/\/lekarzeopole.pl\/wordpress\/wp-json\/wp\/v2\/product"}],"about":[{"href":"https:\/\/lekarzeopole.pl\/wordpress\/wp-json\/wp\/v2\/types\/product"}],"replies":[{"embeddable":true,"href":"https:\/\/lekarzeopole.pl\/wordpress\/wp-json\/wp\/v2\/comments?post=368"}],"wp:featuredmedia":[{"embeddable":true,"href":"https:\/\/lekarzeopole.pl\/wordpress\/wp-json\/wp\/v2\/media\/369"}],"wp:attachment":[{"href":"https:\/\/lekarzeopole.pl\/wordpress\/wp-json\/wp\/v2\/media?parent=368"}],"wp:term":[{"taxonomy":"product_brand","embeddable":true,"href":"https:\/\/lekarzeopole.pl\/wordpress\/wp-json\/wp\/v2\/product_brand?post=368"},{"taxonomy":"product_cat","embeddable":true,"href":"https:\/\/lekarzeopole.pl\/wordpress\/wp-json\/wp\/v2\/product_cat?post=368"},{"taxonomy":"product_tag","embeddable":true,"href":"https:\/\/lekarzeopole.pl\/wordpress\/wp-json\/wp\/v2\/product_tag?post=368"}],"curies":[{"name":"wp","href":"https:\/\/api.w.org\/{rel}","templated":true}]}}