{"id":360,"date":"2024-02-08T08:15:44","date_gmt":"2024-02-08T08:15:44","guid":{"rendered":"https:\/\/lekarzeopole.pl\/wordpress\/?post_type=product&#038;p=360"},"modified":"2025-12-03T15:27:57","modified_gmt":"2025-12-03T15:27:57","slug":"hondrolife","status":"publish","type":"product","link":"https:\/\/lekarzeopole.pl\/wordpress\/product\/hondrolife\/","title":{"rendered":"Hondrolife"},"content":{"rendered":"<div class=\"w-full text-token-text-primary\" data-testid=\"conversation-turn-3\">\n<div class=\"px-4 py-2 justify-center text-base md:gap-6 m-auto\">\n<div class=\"flex flex-1 text-base mx-auto gap-3 md:px-5 lg:px-1 xl:px-5 md:max-w-3xl lg:max-w-[40rem] xl:max-w-[48rem] group\">\n<div class=\"relative flex w-full flex-col lg:w-[calc(100%-115px)] agent-turn\">\n<div class=\"flex-col gap-1 md:gap-3\">\n<div class=\"flex flex-grow flex-col max-w-full\">\n<div class=\"min-h-[20px] text-message flex flex-col items-start gap-3 whitespace-pre-wrap break-words [.text-message+&amp;]:mt-5 overflow-x-auto\" data-message-author-role=\"assistant\" data-message-id=\"2c806740-28f5-4271-92a4-9133980a5997\">\n<div class=\"markdown prose w-full break-words dark:prose-invert light\">\n<p>Hondrolife to innowacyjny spray, kt\u00f3ry stanowi wszechstronn\u0105 pomoc w regeneracji staw\u00f3w i tkanek. Zalecany jest przede wszystkim osobom zmagaj\u0105cym si\u0119 z dolegliwo\u015bciami stawowymi, b\u00f3lami ko\u0144czyn dolnych oraz og\u00f3lnym zm\u0119czeniem i sztywno\u015bci\u0105 mi\u0119\u015bni. Preparat mo\u017ce by\u0107 stosowany zar\u00f3wno profilaktycznie, jak i w przypadku ju\u017c istniej\u0105cych problem\u00f3w ze stawami. Jest idealnym rozwi\u0105zaniem dla os\u00f3b aktywnych fizycznie oraz dla tych, kt\u00f3re pragn\u0105 zadba\u0107 o swoje zdrowie staw\u00f3w w spos\u00f3b naturalny i skuteczny.<\/p>\n<h2>Sk\u0142ad i dzia\u0142anie sk\u0142adnik\u00f3w Hondrolife<\/h2>\n<p>Hondrolife to produkt oparty na sk\u0142adnikach pochodzenia naturalnego, kt\u00f3rych synergiczne dzia\u0142anie wspomaga regeneracj\u0119 staw\u00f3w i tkanek oraz \u0142agodzi dolegliwo\u015bci b\u00f3lowe. Kluczowymi sk\u0142adnikami preparatu s\u0105:<\/p>\n<ul>\n<li><strong>Pantenol i alantoina<\/strong>: Hamuj\u0105 krwawienie, wspomagaj\u0105 tworzenie b\u0142ony ochronnej na tkankach obj\u0119tych stanem zapalnym, co przyczynia si\u0119 do z\u0142agodzenia stan\u00f3w zapalnych wok\u00f3\u0142 staw\u00f3w.<\/li>\n<li><strong>Olejki eteryczne z mi\u0119ty, cynamonu i eukaliptusa<\/strong>: Zapobiegaj\u0105 niszczeniu staw\u00f3w i wi\u0119zade\u0142, \u0142agodz\u0105 b\u00f3l staw\u00f3w oraz od\u017cywiaj\u0105 tkank\u0119 \u0142\u0105czn\u0105, co przyczynia si\u0119 do poprawy ich elastyczno\u015bci i funkcji.<\/li>\n<li><strong>Witaminy E i B3<\/strong>: Eliminuj\u0105 powstawanie struktur, od\u017cywiaj\u0105, tonizuj\u0105 oraz wspomagaj\u0105 regeneracj\u0119 tkanek, przyczyniaj\u0105c si\u0119 do utrzymania ich zdrowia i sprawno\u015bci.<\/li>\n<li><strong>Ekstrakty z diabelskiego pazura i arniki<\/strong>: Zwi\u0119kszaj\u0105 ruchomo\u015b\u0107 staw\u00f3w, poprawiaj\u0105 przep\u0142yw krwi oraz \u0142agodz\u0105 stany zapalne, co przyczynia si\u0119 do redukcji b\u00f3lu i obrz\u0119k\u00f3w stawowych.<\/li>\n<li><strong>Glukozamina i chondroityna<\/strong>: Wzmacniaj\u0105 chrz\u0105stki, \u015bci\u0119gna oraz wi\u0119zad\u0142a, \u0142agodz\u0105 stany zapalne i obrz\u0119ki, wspomagaj\u0105c aktywn\u0105 regeneracj\u0119 chrz\u0105stki.<\/li>\n<\/ul>\n<p>Po\u0142\u0105czone dzia\u0142anie tych sk\u0142adnik\u00f3w skutecznie wspomaga odbudow\u0119 i regeneracj\u0119 zniszczonych struktur stawowych, przynosz\u0105c ulg\u0119 osobom borykaj\u0105cym si\u0119 z dolegliwo\u015bciami stawowymi.<\/p>\n<p style=\"text-align: center;\"><a href=\"https:\/\/mandarv.com\/vhgS?sub1=sub1&amp;sub2=sub2&amp;sub3=sub3&amp;sub4=sub4&amp;sub5=sub5\"><button>www.hondrolife.pl<\/button><\/a><\/p>\n<h2>Efekty Hondrolife i ich charakterystyka<\/h2>\n<p>Regularne stosowanie Hondrolife przynosi szereg korzy\u015bci dla zdrowia staw\u00f3w i tkanek. Po pierwsze, preparat skutecznie \u0142agodzi b\u00f3l staw\u00f3w oraz redukuje obrz\u0119ki i sztywno\u015b\u0107 mi\u0119\u015bni, co przek\u0142ada si\u0119 na popraw\u0119 komfortu \u017cycia. Po drugie, Hondrolife wspomaga regeneracj\u0119 uszkodzonych struktur stawowych, co przyczynia si\u0119 do przywr\u00f3cenia ich pe\u0142nej funkcjonalno\u015bci. Po trzecie, dzi\u0119ki naturalnym sk\u0142adnikom preparatu, nie ma ryzyka uzale\u017cnienia ani efekt\u00f3w ubocznych, co sprawia, \u017ce jest on bezpieczny w stosowaniu nawet przez d\u0142u\u017cszy okres czasu.<\/p>\n<h2>Ryzyko skutk\u00f3w ubocznych<\/h2>\n<p>Hondrolife jest produktem opartym na naturalnych sk\u0142adnikach, dlatego ryzyko wyst\u0105pienia skutk\u00f3w ubocznych jest minimalne. Preparat nie zawiera substancji chemicznych ani sztucznych dodatk\u00f3w, kt\u00f3re mog\u0142yby wywo\u0142a\u0107 niepo\u017c\u0105dane reakcje organizmu. Dzi\u0119ki temu jest on odpowiedni dla os\u00f3b o r\u00f3\u017cnym wieku i o r\u00f3\u017cnym stanie zdrowia. Przed zastosowaniem preparatu zaleca si\u0119 jednak skonsultowanie si\u0119 z lekarzem, zw\u0142aszcza w przypadku os\u00f3b uczulonych na kt\u00f3rykolwiek ze sk\u0142adnik\u00f3w produktu.<\/p>\n<p><em>Hondrolife to innowacyjny spray, kt\u00f3ry dzi\u0119ki skutecznemu po\u0142\u0105czeniu naturalnych sk\u0142adnik\u00f3w wspomaga regeneracj\u0119 staw\u00f3w i tkanek oraz \u0142agodzi dolegliwo\u015bci b\u00f3lowe zwi\u0105zane z dolegliwo\u015bciami stawowymi. Dzi\u0119ki swojemu dzia\u0142aniu preparat mo\u017ce by\u0107 stosowany zar\u00f3wno profilaktycznie, jak i w celu z\u0142agodzenia ju\u017c istniej\u0105cych problem\u00f3w ze stawami, zapewniaj\u0105c przy tym bezpiecze\u0144stwo i skuteczno\u015b\u0107 dzia\u0142ania.<\/em><\/p>\n<\/div>\n<\/div>\n<\/div>\n<\/div>\n<\/div>\n<\/div>\n<\/div>\n<\/div>\n<div class=\"w-full text-token-text-primary\" data-testid=\"conversation-turn-5\">\n<div class=\"px-4 py-2 justify-center text-base md:gap-6 m-auto\">\n<div class=\"flex flex-1 text-base mx-auto gap-3 md:px-5 lg:px-1 xl:px-5 md:max-w-3xl lg:max-w-[40rem] xl:max-w-[48rem] group final-completion\">\n<div class=\"relative flex w-full flex-col lg:w-[calc(100%-115px)] agent-turn\">\n<div class=\"flex-col gap-1 md:gap-3\">\n<div class=\"flex flex-grow flex-col max-w-full\">\n<div class=\"min-h-[20px] text-message flex flex-col items-start gap-3 whitespace-pre-wrap break-words [.text-message+&amp;]:mt-5 overflow-x-auto\" data-message-author-role=\"assistant\" data-message-id=\"d04474d5-e165-4fcb-8f16-30d0efa5f33f\">\n<div class=\"markdown prose w-full break-words dark:prose-invert light\">\n<h2>Opinie klient\u00f3w o Hondrolife: fora po\u015bwi\u0119cone zdrowiu<\/h2>\n<p>W Polsce istnieje wiele portali i for\u00f3w internetowych po\u015bwi\u0119conych zdrowiu, na kt\u00f3rych u\u017cytkownicy dziel\u0105 si\u0119 swoimi do\u015bwiadczeniami z r\u00f3\u017cnymi suplementami i preparatami. W ostatnich latach Hondrolife zyska\u0142 ogromn\u0105 popularno\u015b\u0107 w\u015br\u00f3d klient\u00f3w, co prze\u0142o\u017cy\u0142o si\u0119 na obfito\u015b\u0107 pozytywnych opinii na temat tego produktu. Wi\u0119kszo\u015b\u0107 u\u017cytkownik\u00f3w opisuje pozytywne dzia\u0142anie preparatu oraz jego dost\u0119pno\u015b\u0107 na rynku. Oto dwa przyk\u0142adowe opinie od u\u017cytkownik\u00f3w:<\/p>\n<ol>\n<li><strong>Anna<\/strong>: &#8222;Przez lata boryka\u0142am si\u0119 z b\u00f3lem staw\u00f3w, kt\u00f3ry znacz\u0105co ogranicza\u0142 moj\u0105 aktywno\u015b\u0107 fizyczn\u0105. Po zastosowaniu Hondrolife zauwa\u017cy\u0142am znaczn\u0105 popraw\u0119. B\u00f3l ust\u0105pi\u0142, a moje stawy sta\u0142y si\u0119 bardziej elastyczne. Polecam ten preparat wszystkim, kt\u00f3rzy borykaj\u0105 si\u0119 z podobnymi dolegliwo\u015bciami.&#8221;<\/li>\n<li><strong>Marcin<\/strong>: &#8222;Hondrolife to dla mnie prawdziwe odkrycie. Stosuj\u0119 go regularnie od kilku miesi\u0119cy i zauwa\u017cy\u0142em znaczn\u0105 popraw\u0119 w funkcjonowaniu moich staw\u00f3w. Preparat jest \u0142atwy w u\u017cyciu, a efekty s\u0105 widoczne ju\u017c po kr\u00f3tkim czasie. Polecam ka\u017cdemu, kto chce zadba\u0107 o swoje stawy w spos\u00f3b naturalny.&#8221;<\/li>\n<\/ol>\n<h2>Spos\u00f3b podawania i dawkowanie<\/h2>\n<p>Hondrolife wyst\u0119puje w formie sprayu, co sprawia, \u017ce jest wyj\u0105tkowo \u0142atwy w u\u017cyciu. Aby skorzysta\u0107 z jego dobroczynnego dzia\u0142ania, nale\u017cy rozpyli\u0107 preparat na obszar dotkni\u0119ty dolegliwo\u015bciami stawowymi, a nast\u0119pnie delikatnie wmasowa\u0107 go w sk\u00f3r\u0119. Preparat mo\u017cna stosowa\u0107 kilka razy dziennie, w zale\u017cno\u015bci od indywidualnych potrzeb i intensywno\u015bci dolegliwo\u015bci.<\/p>\n<h2>Kup teraz Hondrolife z dostaw\u0105<\/h2>\n<p>Zakup Hondrolife jest niezwykle prosty i wygodny. Produkt dost\u0119pny jest do zakupu online, bez konieczno\u015bci wychodzenia z domu. Nie trzeba r\u00f3wnie\u017c obawia\u0107 si\u0119 ryzyka, \u017ce produkt b\u0119dzie nieoryginalny, poniewa\u017c op\u0142ata za zam\u00f3wienie dokonywana jest dopiero przy odbiorze przesy\u0142ki. Dostawa Hondrolife zajmuje zazwyczaj od 3 do 4 dni roboczych, co oznacza szybkie dotarcie preparatu do klienta. Dodatkowym atutem jest mo\u017cliwo\u015b\u0107 skonsultowania si\u0119 z specjalist\u0105 telefonicznie, kt\u00f3ry pomo\u017ce w wyborze odpowiedniej ilo\u015bci produktu oraz poinformuje o ewentualnych akcjach i promocjach.<\/p>\n<p style=\"text-align: center;\"><a href=\"https:\/\/mandarv.com\/vhgS?sub1=sub1&amp;sub2=sub2&amp;sub3=sub3&amp;sub4=sub4&amp;sub5=sub5\"><button>Zakup na stronie producenta (-50%)<\/button><\/a><\/p>\n<h2>Por\u00f3wnanie ofert: ceny i dost\u0119pno\u015b\u0107 Hondrolife<\/h2>\n<p>Producent Hondrolife stawia na bezpo\u015bredni kontakt z klientem i zapewnia dost\u0119pno\u015b\u0107 produktu na swojej oficjalnej stronie internetowej. Dzi\u0119ki temu klient ma pewno\u015b\u0107, \u017ce otrzymuje oryginalny produkt po konkurencyjnej cenie, bez konieczno\u015bci korzystania z po\u015brednik\u00f3w. Dodatkowo, na stronie producenta regularnie pojawiaj\u0105 si\u0119 atrakcyjne promocje i zni\u017cki, kt\u00f3re warto \u015bledzi\u0107, aby zaoszcz\u0119dzi\u0107 na zakupie. Warto zaznaczy\u0107, \u017ce Hondrolife nie jest dost\u0119pny w tradycyjnych aptekach, co sprawia, \u017ce zamawiaj\u0105c go bezpo\u015brednio u producenta, unikamy dodatkowych koszt\u00f3w i op\u0142at po\u015brednik\u00f3w.<\/p>\n<\/div>\n<\/div>\n<\/div>\n<\/div>\n<\/div>\n<\/div>\n<\/div>\n<\/div>\n","protected":false},"excerpt":{"rendered":"<p style=\"text-align: center;\"><a href=\"https:\/\/mandarv.com\/vhgS?sub1=sub1&amp;sub2=sub2&amp;sub3=sub3&amp;sub4=sub4&amp;sub5=sub5\"><button>Kup teraz<\/button><\/a><\/p>\n<p>SKU:\u00a0<span class=\"sku\">789.878.969<\/span><\/p>\n<hr \/>\n<p><small>Produkt sprzedawany jest wy\u0142\u0105cznie za po\u015brednictwem oficjalnej strony producenta, id\u017a i kupuj bezpiecznie!<\/small><\/p>\n","protected":false},"featured_media":361,"comment_status":"open","ping_status":"closed","template":"","meta":[],"product_brand":[],"product_cat":[15],"product_tag":[],"class_list":{"0":"post-360","1":"product","2":"type-product","3":"status-publish","4":"has-post-thumbnail","6":"product_cat-supl","7":"thunk-woo-product-list","8":"opn-qv-enable","9":"top-store-woo-hover-","10":"top-store-single-product-tab-horizontal","11":"top-store-shadow-","12":"top-store-shadow-hover-","14":"first","15":"instock","16":"sale","17":"shipping-taxable","18":"purchasable","19":"product-type-simple"},"yoast_head":"<!-- This site is optimized with the Yoast SEO plugin v27.4 - https:\/\/yoast.com\/product\/yoast-seo-wordpress\/ -->\n<title>Hondrolife - kup suplement, cena w aptece, sk\u0142ad, dzia\u0142anie<\/title>\n<meta name=\"robots\" content=\"index, follow, max-snippet:-1, max-image-preview:large, max-video-preview:-1\" \/>\n<link rel=\"canonical\" href=\"https:\/\/lekarzeopole.pl\/wordpress\/product\/hondrolife\/\" \/>\n<meta property=\"og:locale\" content=\"pl_PL\" \/>\n<meta property=\"og:type\" content=\"article\" \/>\n<meta property=\"og:title\" content=\"Hondrolife - kup suplement, cena w aptece, sk\u0142ad, dzia\u0142anie\" \/>\n<meta property=\"og:description\" content=\"Kup teraz SKU:\u00a0789.878.969    Produkt sprzedawany jest wy\u0142\u0105cznie za po\u015brednictwem oficjalnej strony producenta, id\u017a i kupuj bezpiecznie!\" \/>\n<meta property=\"og:url\" content=\"https:\/\/lekarzeopole.pl\/wordpress\/product\/hondrolife\/\" \/>\n<meta property=\"og:site_name\" content=\"Lekarze Opole\" \/>\n<meta property=\"article:modified_time\" content=\"2025-12-03T15:27:57+00:00\" \/>\n<meta property=\"og:image\" content=\"https:\/\/lekarzeopole.pl\/wordpress\/wp-content\/uploads\/2024\/02\/hondrolife.png\" \/>\n\t<meta property=\"og:image:width\" content=\"900\" \/>\n\t<meta property=\"og:image:height\" content=\"900\" \/>\n\t<meta property=\"og:image:type\" content=\"image\/png\" \/>\n<meta name=\"twitter:card\" content=\"summary_large_image\" \/>\n<meta name=\"twitter:label1\" content=\"Szacowany czas czytania\" \/>\n\t<meta name=\"twitter:data1\" content=\"6 minut\" \/>\n<script type=\"application\/ld+json\" class=\"yoast-schema-graph\">{\"@context\":\"https:\\\/\\\/schema.org\",\"@graph\":[{\"@type\":\"WebPage\",\"@id\":\"https:\\\/\\\/lekarzeopole.pl\\\/wordpress\\\/product\\\/hondrolife\\\/\",\"url\":\"https:\\\/\\\/lekarzeopole.pl\\\/wordpress\\\/product\\\/hondrolife\\\/\",\"name\":\"Hondrolife - kup suplement, cena w aptece, sk\u0142ad, dzia\u0142anie\",\"isPartOf\":{\"@id\":\"https:\\\/\\\/lekarzeopole.pl\\\/wordpress\\\/#website\"},\"primaryImageOfPage\":{\"@id\":\"https:\\\/\\\/lekarzeopole.pl\\\/wordpress\\\/product\\\/hondrolife\\\/#primaryimage\"},\"image\":{\"@id\":\"https:\\\/\\\/lekarzeopole.pl\\\/wordpress\\\/product\\\/hondrolife\\\/#primaryimage\"},\"thumbnailUrl\":\"https:\\\/\\\/lekarzeopole.pl\\\/wordpress\\\/wp-content\\\/uploads\\\/2024\\\/02\\\/hondrolife.png\",\"datePublished\":\"2024-02-08T08:15:44+00:00\",\"dateModified\":\"2025-12-03T15:27:57+00:00\",\"breadcrumb\":{\"@id\":\"https:\\\/\\\/lekarzeopole.pl\\\/wordpress\\\/product\\\/hondrolife\\\/#breadcrumb\"},\"inLanguage\":\"pl-PL\",\"potentialAction\":[{\"@type\":\"ReadAction\",\"target\":[\"https:\\\/\\\/lekarzeopole.pl\\\/wordpress\\\/product\\\/hondrolife\\\/\"]}]},{\"@type\":\"ImageObject\",\"inLanguage\":\"pl-PL\",\"@id\":\"https:\\\/\\\/lekarzeopole.pl\\\/wordpress\\\/product\\\/hondrolife\\\/#primaryimage\",\"url\":\"https:\\\/\\\/lekarzeopole.pl\\\/wordpress\\\/wp-content\\\/uploads\\\/2024\\\/02\\\/hondrolife.png\",\"contentUrl\":\"https:\\\/\\\/lekarzeopole.pl\\\/wordpress\\\/wp-content\\\/uploads\\\/2024\\\/02\\\/hondrolife.png\",\"width\":900,\"height\":900,\"caption\":\"Hondrolife\"},{\"@type\":\"BreadcrumbList\",\"@id\":\"https:\\\/\\\/lekarzeopole.pl\\\/wordpress\\\/product\\\/hondrolife\\\/#breadcrumb\",\"itemListElement\":[{\"@type\":\"ListItem\",\"position\":1,\"name\":\"\u0413\u043b\u0430\u0432\u043d\u0430\u044f \u0441\u0442\u0440\u0430\u043d\u0438\u0446\u0430\",\"item\":\"https:\\\/\\\/lekarzeopole.pl\\\/wordpress\\\/\"},{\"@type\":\"ListItem\",\"position\":2,\"name\":\"Zakup\",\"item\":\"https:\\\/\\\/lekarzeopole.pl\\\/wordpress\\\/\"},{\"@type\":\"ListItem\",\"position\":3,\"name\":\"Hondrolife\"}]},{\"@type\":\"WebSite\",\"@id\":\"https:\\\/\\\/lekarzeopole.pl\\\/wordpress\\\/#website\",\"url\":\"https:\\\/\\\/lekarzeopole.pl\\\/wordpress\\\/\",\"name\":\"Lekarze Opole\",\"description\":\"\",\"potentialAction\":[{\"@type\":\"SearchAction\",\"target\":{\"@type\":\"EntryPoint\",\"urlTemplate\":\"https:\\\/\\\/lekarzeopole.pl\\\/wordpress\\\/?s={search_term_string}\"},\"query-input\":{\"@type\":\"PropertyValueSpecification\",\"valueRequired\":true,\"valueName\":\"search_term_string\"}}],\"inLanguage\":\"pl-PL\"}]}<\/script>\n<!-- \/ Yoast SEO plugin. -->","yoast_head_json":{"title":"Hondrolife - kup suplement, cena w aptece, sk\u0142ad, dzia\u0142anie","robots":{"index":"index","follow":"follow","max-snippet":"max-snippet:-1","max-image-preview":"max-image-preview:large","max-video-preview":"max-video-preview:-1"},"canonical":"https:\/\/lekarzeopole.pl\/wordpress\/product\/hondrolife\/","og_locale":"pl_PL","og_type":"article","og_title":"Hondrolife - kup suplement, cena w aptece, sk\u0142ad, dzia\u0142anie","og_description":"Kup teraz SKU:\u00a0789.878.969    Produkt sprzedawany jest wy\u0142\u0105cznie za po\u015brednictwem oficjalnej strony producenta, id\u017a i kupuj bezpiecznie!","og_url":"https:\/\/lekarzeopole.pl\/wordpress\/product\/hondrolife\/","og_site_name":"Lekarze Opole","article_modified_time":"2025-12-03T15:27:57+00:00","og_image":[{"width":900,"height":900,"url":"https:\/\/lekarzeopole.pl\/wordpress\/wp-content\/uploads\/2024\/02\/hondrolife.png","type":"image\/png"}],"twitter_card":"summary_large_image","twitter_misc":{"Szacowany czas czytania":"6 minut"},"schema":{"@context":"https:\/\/schema.org","@graph":[{"@type":"WebPage","@id":"https:\/\/lekarzeopole.pl\/wordpress\/product\/hondrolife\/","url":"https:\/\/lekarzeopole.pl\/wordpress\/product\/hondrolife\/","name":"Hondrolife - kup suplement, cena w aptece, sk\u0142ad, dzia\u0142anie","isPartOf":{"@id":"https:\/\/lekarzeopole.pl\/wordpress\/#website"},"primaryImageOfPage":{"@id":"https:\/\/lekarzeopole.pl\/wordpress\/product\/hondrolife\/#primaryimage"},"image":{"@id":"https:\/\/lekarzeopole.pl\/wordpress\/product\/hondrolife\/#primaryimage"},"thumbnailUrl":"https:\/\/lekarzeopole.pl\/wordpress\/wp-content\/uploads\/2024\/02\/hondrolife.png","datePublished":"2024-02-08T08:15:44+00:00","dateModified":"2025-12-03T15:27:57+00:00","breadcrumb":{"@id":"https:\/\/lekarzeopole.pl\/wordpress\/product\/hondrolife\/#breadcrumb"},"inLanguage":"pl-PL","potentialAction":[{"@type":"ReadAction","target":["https:\/\/lekarzeopole.pl\/wordpress\/product\/hondrolife\/"]}]},{"@type":"ImageObject","inLanguage":"pl-PL","@id":"https:\/\/lekarzeopole.pl\/wordpress\/product\/hondrolife\/#primaryimage","url":"https:\/\/lekarzeopole.pl\/wordpress\/wp-content\/uploads\/2024\/02\/hondrolife.png","contentUrl":"https:\/\/lekarzeopole.pl\/wordpress\/wp-content\/uploads\/2024\/02\/hondrolife.png","width":900,"height":900,"caption":"Hondrolife"},{"@type":"BreadcrumbList","@id":"https:\/\/lekarzeopole.pl\/wordpress\/product\/hondrolife\/#breadcrumb","itemListElement":[{"@type":"ListItem","position":1,"name":"\u0413\u043b\u0430\u0432\u043d\u0430\u044f \u0441\u0442\u0440\u0430\u043d\u0438\u0446\u0430","item":"https:\/\/lekarzeopole.pl\/wordpress\/"},{"@type":"ListItem","position":2,"name":"Zakup","item":"https:\/\/lekarzeopole.pl\/wordpress\/"},{"@type":"ListItem","position":3,"name":"Hondrolife"}]},{"@type":"WebSite","@id":"https:\/\/lekarzeopole.pl\/wordpress\/#website","url":"https:\/\/lekarzeopole.pl\/wordpress\/","name":"Lekarze Opole","description":"","potentialAction":[{"@type":"SearchAction","target":{"@type":"EntryPoint","urlTemplate":"https:\/\/lekarzeopole.pl\/wordpress\/?s={search_term_string}"},"query-input":{"@type":"PropertyValueSpecification","valueRequired":true,"valueName":"search_term_string"}}],"inLanguage":"pl-PL"}]}},"_links":{"self":[{"href":"https:\/\/lekarzeopole.pl\/wordpress\/wp-json\/wp\/v2\/product\/360","targetHints":{"allow":["GET"]}}],"collection":[{"href":"https:\/\/lekarzeopole.pl\/wordpress\/wp-json\/wp\/v2\/product"}],"about":[{"href":"https:\/\/lekarzeopole.pl\/wordpress\/wp-json\/wp\/v2\/types\/product"}],"replies":[{"embeddable":true,"href":"https:\/\/lekarzeopole.pl\/wordpress\/wp-json\/wp\/v2\/comments?post=360"}],"wp:featuredmedia":[{"embeddable":true,"href":"https:\/\/lekarzeopole.pl\/wordpress\/wp-json\/wp\/v2\/media\/361"}],"wp:attachment":[{"href":"https:\/\/lekarzeopole.pl\/wordpress\/wp-json\/wp\/v2\/media?parent=360"}],"wp:term":[{"taxonomy":"product_brand","embeddable":true,"href":"https:\/\/lekarzeopole.pl\/wordpress\/wp-json\/wp\/v2\/product_brand?post=360"},{"taxonomy":"product_cat","embeddable":true,"href":"https:\/\/lekarzeopole.pl\/wordpress\/wp-json\/wp\/v2\/product_cat?post=360"},{"taxonomy":"product_tag","embeddable":true,"href":"https:\/\/lekarzeopole.pl\/wordpress\/wp-json\/wp\/v2\/product_tag?post=360"}],"curies":[{"name":"wp","href":"https:\/\/api.w.org\/{rel}","templated":true}]}}