{"id":358,"date":"2024-02-08T08:07:28","date_gmt":"2024-02-08T08:07:28","guid":{"rendered":"https:\/\/lekarzeopole.pl\/wordpress\/?post_type=product&#038;p=358"},"modified":"2024-06-07T14:46:54","modified_gmt":"2024-06-07T14:46:54","slug":"ostex","status":"publish","type":"product","link":"https:\/\/lekarzeopole.pl\/wordpress\/product\/ostex\/","title":{"rendered":"Ostex"},"content":{"rendered":"<div class=\"w-full text-token-text-primary\" data-testid=\"conversation-turn-3\">\n<div class=\"px-4 py-2 justify-center text-base md:gap-6 m-auto\">\n<div class=\"flex flex-1 text-base mx-auto gap-3 md:px-5 lg:px-1 xl:px-5 md:max-w-3xl lg:max-w-[40rem] xl:max-w-[48rem] group\">\n<div class=\"relative flex w-full flex-col lg:w-[calc(100%-115px)] agent-turn\">\n<div class=\"flex-col gap-1 md:gap-3\">\n<div class=\"flex flex-grow flex-col max-w-full\">\n<div class=\"min-h-[20px] text-message flex flex-col items-start gap-3 whitespace-pre-wrap break-words [.text-message+&amp;]:mt-5 overflow-x-auto\" data-message-author-role=\"assistant\" data-message-id=\"11ea335d-a894-4d0e-9ba6-23791211e313\">\n<div class=\"markdown prose w-full break-words dark:prose-invert light\">\n<p>W dzisiejszych czasach coraz wi\u0119cej os\u00f3b boryka si\u0119 z r\u00f3\u017cnego rodzaju dolegliwo\u015bciami uk\u0142adu ruchu, kt\u00f3re mog\u0105 znacz\u0105co wp\u0142ywa\u0107 na komfort \u017cycia i codzienn\u0105 aktywno\u015b\u0107. W odpowiedzi na te potrzeby powsta\u0142 Ostex &#8211; rewolucyjny krem, kt\u00f3ry nie tylko \u0142agodzi b\u00f3l, ale tak\u017ce stymuluje naturalne procesy regeneracyjne organizmu. Skoncentrowany na naturalnych sk\u0142adnikach, Ostex oferuje kompleksow\u0105 pomoc dla os\u00f3b zmagaj\u0105cych si\u0119 z r\u00f3\u017cnymi dolegliwo\u015bciami mi\u0119\u015bniowo-szkieletowymi.<\/p>\n<h2>Wskazania do Stosowania Ostex<\/h2>\n<p>Ostex jest przeznaczony dla os\u00f3b borykaj\u0105cych si\u0119 z r\u00f3\u017cnego rodzaju dolegliwo\u015bciami uk\u0142adu ruchu, takimi jak b\u00f3le mi\u0119\u015bni i staw\u00f3w, zesztywnienie, obrz\u0119ki czy urazy sportowe. Jest r\u00f3wnie\u017c polecany dla os\u00f3b prowadz\u0105cych aktywny tryb \u017cycia, kt\u00f3re chc\u0105 zadba\u0107 o kondycj\u0119 swojego uk\u0142adu ruchu oraz przeciwdzia\u0142a\u0107 przeci\u0105\u017ceniom i mikrourazom.<\/p>\n<h2>Sk\u0142ad i Dzia\u0142anie Sk\u0142adnik\u00f3w Ostex<\/h2>\n<p>Skuteczno\u015b\u0107 kremu Ostex opiera si\u0119 na starannie dobranych sk\u0142adnikach pochodzenia naturalnego, kt\u00f3re dzia\u0142aj\u0105 synergistycznie, wzmacniaj\u0105c nawzajem swoje w\u0142a\u015bciwo\u015bci. G\u0142\u00f3wnymi sk\u0142adnikami Ostex s\u0105:<\/p>\n<ol>\n<li><strong>Ekstrakt z kwiat\u00f3w arniki:<\/strong> Arnika jest znana ze swoich w\u0142a\u015bciwo\u015bci przeciwb\u00f3lowych i przeciwzapalnych. Obecno\u015b\u0107 ekstraktu z kwiat\u00f3w arniki w kremie Ostex sprawia, \u017ce metabolizm mi\u0119dzykom\u00f3rkowy wzrasta o 307% ju\u017c po 8 minutach od momentu zastosowania. Dzia\u0142a to jak katalizator dla procesu regeneracji tkanek, przyspieszaj\u0105c go i przynosz\u0105c szybk\u0105 ulg\u0119 w b\u00f3lu.<\/li>\n<li><strong>Olejek z drzewa herbacianego:<\/strong> Olejek ten posiada w\u0142a\u015bciwo\u015bci antybakteryjne, przeciwwirusowe i przeciwgrzybiczne, co sprawia, \u017ce doskonale sprawdza si\u0119 w piel\u0119gnacji sk\u00f3ry problematycznej. Dodatek olejku z drzewa herbacianego w kremie Ostex pomaga utrzyma\u0107 sk\u00f3r\u0119 w czysto\u015bci i zdrowiu, zapobiegaj\u0105c infekcjom oraz wspomagaj\u0105c proces gojenia.<\/li>\n<li><strong>Ekstrakt z \u017ce\u0144-szenia:<\/strong> \u017be\u0144-sze\u0144 to ro\u015blina o wielu prozdrowotnych w\u0142a\u015bciwo\u015bciach, w tym wzmacniaj\u0105cych, tonizuj\u0105cych i adaptogennych. Jego obecno\u015b\u0107 w kremie Ostex pomaga zwi\u0119kszy\u0107 wytrzyma\u0142o\u015b\u0107 organizmu oraz poprawi\u0107 og\u00f3lny stan zdrowia, co przek\u0142ada si\u0119 na szybsz\u0105 rekonwalescencj\u0119 po urazach i obci\u0105\u017ceniach.<\/li>\n<\/ol>\n<h2>Efekty Ostex i Ich Charakterystyka<\/h2>\n<p>Regularne stosowanie kremu Ostex przynosi liczne korzy\u015bci dla zdrowia uk\u0142adu ruchu. Nie tylko \u0142agodzi b\u00f3l i redukuje stan zapalny, ale tak\u017ce stymuluje procesy regeneracyjne, przyspieszaj\u0105c powr\u00f3t do pe\u0142nej sprawno\u015bci. Efekty stosowania Ostex obejmuj\u0105:<\/p>\n<ul>\n<li><strong>Szybk\u0105 ulg\u0119 w b\u00f3lu:<\/strong> Dzi\u0119ki natychmiastowemu dzia\u0142aniu kremu, u\u017cytkownik odczuwa ulg\u0119 w b\u00f3lu ju\u017c po kilku minutach od aplikacji.<\/li>\n<li><strong>Zwi\u0119kszon\u0105 mobilno\u015b\u0107:<\/strong> Regularne stosowanie Ostex poprawia elastyczno\u015b\u0107 i ruchomo\u015b\u0107 staw\u00f3w, co u\u0142atwia wykonywanie codziennych czynno\u015bci oraz aktywno\u015b\u0107 fizyczn\u0105.<\/li>\n<li><strong>Popraw\u0119 kondycji sk\u00f3ry:<\/strong> Sk\u0142adniki kremu Ostex dzia\u0142aj\u0105 r\u00f3wnie\u017c na kondycj\u0119 sk\u00f3ry, nawil\u017caj\u0105c j\u0105, \u0142agodz\u0105c podra\u017cnienia i zapobiegaj\u0105c powstawaniu stan\u00f3w zapalnych.<\/li>\n<li><strong>Przyspieszon\u0105 rekonwalescencj\u0119:<\/strong> Dzi\u0119ki stymulacji proces\u00f3w regeneracyjnych, Ostex skraca czas rekonwalescencji po urazach, operacjach czy intensywnych treningach.<\/li>\n<\/ul>\n<p style=\"text-align: center;\"><a href=\"https:\/\/lspaezpi.sunnyprize.com\"><button>www.ostex.pl<\/button><\/a><\/p>\n<h2>Ryzyko Skutk\u00f3w Ubocznych<\/h2>\n<p>Ostex to produkt oparty wy\u0142\u0105cznie na naturalnych sk\u0142adnikach, dlatego ryzyko wyst\u0105pienia skutk\u00f3w ubocznych jest minimalne. Sk\u0142ad kremu zosta\u0142 starannie dobrany, aby zapewni\u0107 maksymaln\u0105 skuteczno\u015b\u0107 przy jednoczesnym minimalizowaniu ryzyka alergii czy podra\u017cnie\u0144 sk\u00f3rnych. Dzi\u0119ki temu Ostex mo\u017ce by\u0107 stosowany przez osoby w ka\u017cdym wieku i o r\u00f3\u017cnym stopniu wra\u017cliwo\u015bci sk\u00f3ry bez obaw o niepo\u017c\u0105dane efekty.<\/p>\n<p><em>Ostex to innowacyjny krem, kt\u00f3ry dzi\u0119ki swoim naturalnym sk\u0142adnikom i kompleksowemu dzia\u0142aniu stanowi niezast\u0105pion\u0105 pomoc dla os\u00f3b zmagaj\u0105cych si\u0119 z r\u00f3\u017cnego rodzaju dolegliwo\u015bciami uk\u0142adu ruchu. Regularne stosowanie kremu Ostex pozwala nie tylko \u0142agodzi\u0107 b\u00f3l, ale tak\u017ce wspomaga\u0107 procesy regeneracyjne, przywracaj\u0105c komfort i mobilno\u015b\u0107.<\/em><\/p>\n<\/div>\n<\/div>\n<\/div>\n<\/div>\n<\/div>\n<\/div>\n<\/div>\n<\/div>\n<div class=\"w-full text-token-text-primary\" data-testid=\"conversation-turn-5\">\n<div class=\"px-4 py-2 justify-center text-base md:gap-6 m-auto\">\n<div class=\"flex flex-1 text-base mx-auto gap-3 md:px-5 lg:px-1 xl:px-5 md:max-w-3xl lg:max-w-[40rem] xl:max-w-[48rem] group final-completion\">\n<div class=\"relative flex w-full flex-col lg:w-[calc(100%-115px)] agent-turn\">\n<div class=\"flex-col gap-1 md:gap-3\">\n<div class=\"flex flex-grow flex-col max-w-full\">\n<div class=\"min-h-[20px] text-message flex flex-col items-start gap-3 whitespace-pre-wrap break-words [.text-message+&amp;]:mt-5 overflow-x-auto\" data-message-author-role=\"assistant\" data-message-id=\"3c03eaad-2c7b-40cd-8687-e9dc3172991a\">\n<div class=\"markdown prose w-full break-words dark:prose-invert light\">\n<h2>Opinie Klient\u00f3w o Ostex: Fora Po\u015bwi\u0119cone Zdrowiu<\/h2>\n<p>W Polsce fora internetowe po\u015bwi\u0119cone zdrowiu ciesz\u0105 si\u0119 ogromn\u0105 popularno\u015bci\u0105, stanowi\u0105c wa\u017cne \u017ar\u00f3d\u0142o informacji dla os\u00f3b poszukuj\u0105cych skutecznych rozwi\u0105za\u0144 na r\u00f3\u017cnego rodzaju dolegliwo\u015bci. W ostatnim czasie preparat Ostex zdobywa coraz wi\u0119ksz\u0105 popularno\u015b\u0107 w\u015br\u00f3d u\u017cytkownik\u00f3w tych platform, co sprawia, \u017ce mo\u017cna znale\u017a\u0107 wiele opinii na jego temat. Wi\u0119kszo\u015b\u0107 u\u017cytkownik\u00f3w opisuje pozytywne do\u015bwiadczenia zwi\u0105zane z dzia\u0142aniem kremu, podkre\u015blaj\u0105c jego skuteczno\u015b\u0107 w \u0142agodzeniu b\u00f3lu i poprawie komfortu \u017cycia. Przyk\u0142adowe opinie u\u017cytkownik\u00f3w:<\/p>\n<ol>\n<li><strong>Anna65:<\/strong> &#8222;Ostex okaza\u0142 si\u0119 zbawienny w moim przypadku! Mia\u0142am problemy z b\u00f3lami kolan po d\u0142ugich spacerach, ale regularne stosowanie kremu sprawi\u0142o, \u017ce mog\u0119 zn\u00f3w cieszy\u0107 si\u0119 spacery bez \u017cadnych dolegliwo\u015bci. Polecam wszystkim!&#8221;<\/li>\n<li><strong>JanuszSport:<\/strong> &#8222;Jestem zawodowym sportowcem i ci\u0105g\u0142e treningi nios\u0105 za sob\u0105 ryzyko uraz\u00f3w. Od kiedy stosuj\u0119 Ostex, znacznie skr\u00f3ci\u0142 si\u0119 czas rekonwalescencji po kontuzjach, a moje stawy s\u0105 znacznie bardziej elastyczne. Dzi\u0119ki temu mog\u0119 skutecznie kontynuowa\u0107 swoj\u0105 karier\u0119 sportow\u0105!&#8221;<\/li>\n<\/ol>\n<h2>Spos\u00f3b Podawania i Dawkowanie<\/h2>\n<p>Ostex jest \u0142atwy w stosowaniu i nie wymaga specjalnych umiej\u0119tno\u015bci czy procedur. Zaleca si\u0119 stosowanie kremu na czyst\u0105 i such\u0105 sk\u00f3r\u0119, delikatnie wmasowuj\u0105c go w obszar dotkni\u0119ty dolegliwo\u015bci\u0105. Zazwyczaj wystarczy niewielka ilo\u015b\u0107 kremu, kt\u00f3r\u0105 nale\u017cy stosowa\u0107 2-3 razy dziennie, w zale\u017cno\u015bci od intensywno\u015bci dolegliwo\u015bci. Przed u\u017cyciem zaleca si\u0119 przeczytanie ulotki do\u0142\u0105czonej do opakowania, aby upewni\u0107 si\u0119 co do poprawnego sposobu stosowania i dawkowania.<\/p>\n<h2>Kup Teraz Ostex z Dostaw\u0105<\/h2>\n<p>Zam\u00f3wienie kremu Ostex jest \u0142atwe i wygodne dzi\u0119ki mo\u017cliwo\u015bci zakupu online na oficjalnej stronie producenta. Nie ma konieczno\u015bci dokonywania p\u0142atno\u015bci z g\u00f3ry &#8211; op\u0142at\u0119 za produkt mo\u017cna uregulowa\u0107 dopiero po otrzymaniu paczki, co eliminuje ryzyko oszustw i gwarantuje otrzymanie oryginalnego produktu. Dostawa zazwyczaj trwa 3-4 dni robocze na terenie Polski, a przed wysy\u0142k\u0105 klient zostaje skontaktowany przez specjalist\u0119 w celu potwierdzenia zam\u00f3wienia i ewentualnej konsultacji odno\u015bnie ilo\u015bci oraz dost\u0119pno\u015bci promocji.<\/p>\n<p style=\"text-align: center;\"><a href=\"https:\/\/lspaezpi.sunnyprize.com\"><button>Zakup na stronie producenta (-50%)<\/button><\/a><\/p>\n<h2>Por\u00f3wnanie Ofert: Ceny i Dost\u0119pno\u015b\u0107 Ostex<\/h2>\n<p>Producent Ostex stawia na bezpo\u015bredni kontakt z klientem i dost\u0119pno\u015b\u0107 produktu bezpo\u015brednio na swojej stronie internetowej, co eliminuje potrzeb\u0119 korzystania z po\u015brednik\u00f3w i dodatkowych mar\u017c. W zwi\u0105zku z tym, Ostex nie jest dost\u0119pny w stacjonarnych aptekach, co pozwala utrzyma\u0107 konkurencyjne ceny bez dodatkowych koszt\u00f3w. Dodatkowo, na oficjalnej stronie producenta regularnie pojawiaj\u0105 si\u0119 promocje i zni\u017cki, kt\u00f3re warto \u015bledzi\u0107, aby skorzysta\u0107 z atrakcyjnych ofert. Dzi\u0119ki temu, klienci mog\u0105 mie\u0107 pewno\u015b\u0107, \u017ce otrzymuj\u0105 produkt wysokiej jako\u015bci bezpo\u015brednio od producenta, zachowuj\u0105c jednocze\u015bnie korzystne warunki cenowe.<\/p>\n<\/div>\n<\/div>\n<\/div>\n<\/div>\n<\/div>\n<\/div>\n<\/div>\n<\/div>\n","protected":false},"excerpt":{"rendered":"<p style=\"text-align: center;\"><a href=\"https:\/\/lspaezpi.sunnyprize.com\"><button>Kup teraz<\/button><\/a><\/p>\n<p>SKU:\u00a0<span class=\"sku\">789.878.959<\/span><\/p>\n<hr \/>\n<p><small>Produkt sprzedawany jest wy\u0142\u0105cznie za po\u015brednictwem oficjalnej strony producenta, id\u017a i kupuj bezpiecznie!<\/small><\/p>\n","protected":false},"featured_media":359,"comment_status":"open","ping_status":"closed","template":"","meta":[],"product_brand":[],"product_cat":[15],"product_tag":[],"class_list":{"0":"post-358","1":"product","2":"type-product","3":"status-publish","4":"has-post-thumbnail","6":"product_cat-supl","7":"thunk-woo-product-list","8":"opn-qv-enable","9":"top-store-woo-hover-","10":"top-store-single-product-tab-horizontal","11":"top-store-shadow-","12":"top-store-shadow-hover-","14":"first","15":"instock","16":"sale","17":"shipping-taxable","18":"purchasable","19":"product-type-simple"},"yoast_head":"<!-- This site is optimized with the Yoast SEO plugin v27.4 - https:\/\/yoast.com\/product\/yoast-seo-wordpress\/ -->\n<title>Ostex - kup suplement, cena w aptece, sk\u0142ad, dzia\u0142anie<\/title>\n<meta name=\"robots\" content=\"index, follow, max-snippet:-1, max-image-preview:large, max-video-preview:-1\" \/>\n<link rel=\"canonical\" href=\"https:\/\/lekarzeopole.pl\/wordpress\/product\/ostex\/\" \/>\n<meta property=\"og:locale\" content=\"pl_PL\" \/>\n<meta property=\"og:type\" content=\"article\" \/>\n<meta property=\"og:title\" content=\"Ostex - kup suplement, cena w aptece, sk\u0142ad, dzia\u0142anie\" \/>\n<meta property=\"og:description\" content=\"Kup teraz SKU:\u00a0789.878.959    Produkt sprzedawany jest wy\u0142\u0105cznie za po\u015brednictwem oficjalnej strony producenta, id\u017a i kupuj bezpiecznie!\" \/>\n<meta property=\"og:url\" content=\"https:\/\/lekarzeopole.pl\/wordpress\/product\/ostex\/\" \/>\n<meta property=\"og:site_name\" content=\"Lekarze Opole\" \/>\n<meta property=\"article:modified_time\" content=\"2024-06-07T14:46:54+00:00\" \/>\n<meta property=\"og:image\" content=\"https:\/\/lekarzeopole.pl\/wordpress\/wp-content\/uploads\/2024\/02\/ostex.png\" \/>\n\t<meta property=\"og:image:width\" content=\"300\" \/>\n\t<meta property=\"og:image:height\" content=\"373\" \/>\n\t<meta property=\"og:image:type\" content=\"image\/png\" \/>\n<meta name=\"twitter:card\" content=\"summary_large_image\" \/>\n<meta name=\"twitter:label1\" content=\"Szacowany czas czytania\" \/>\n\t<meta name=\"twitter:data1\" content=\"6 minut\" \/>\n<script type=\"application\/ld+json\" class=\"yoast-schema-graph\">{\"@context\":\"https:\\\/\\\/schema.org\",\"@graph\":[{\"@type\":\"WebPage\",\"@id\":\"https:\\\/\\\/lekarzeopole.pl\\\/wordpress\\\/product\\\/ostex\\\/\",\"url\":\"https:\\\/\\\/lekarzeopole.pl\\\/wordpress\\\/product\\\/ostex\\\/\",\"name\":\"Ostex - kup suplement, cena w aptece, sk\u0142ad, dzia\u0142anie\",\"isPartOf\":{\"@id\":\"https:\\\/\\\/lekarzeopole.pl\\\/wordpress\\\/#website\"},\"primaryImageOfPage\":{\"@id\":\"https:\\\/\\\/lekarzeopole.pl\\\/wordpress\\\/product\\\/ostex\\\/#primaryimage\"},\"image\":{\"@id\":\"https:\\\/\\\/lekarzeopole.pl\\\/wordpress\\\/product\\\/ostex\\\/#primaryimage\"},\"thumbnailUrl\":\"https:\\\/\\\/lekarzeopole.pl\\\/wordpress\\\/wp-content\\\/uploads\\\/2024\\\/02\\\/ostex.png\",\"datePublished\":\"2024-02-08T08:07:28+00:00\",\"dateModified\":\"2024-06-07T14:46:54+00:00\",\"breadcrumb\":{\"@id\":\"https:\\\/\\\/lekarzeopole.pl\\\/wordpress\\\/product\\\/ostex\\\/#breadcrumb\"},\"inLanguage\":\"pl-PL\",\"potentialAction\":[{\"@type\":\"ReadAction\",\"target\":[\"https:\\\/\\\/lekarzeopole.pl\\\/wordpress\\\/product\\\/ostex\\\/\"]}]},{\"@type\":\"ImageObject\",\"inLanguage\":\"pl-PL\",\"@id\":\"https:\\\/\\\/lekarzeopole.pl\\\/wordpress\\\/product\\\/ostex\\\/#primaryimage\",\"url\":\"https:\\\/\\\/lekarzeopole.pl\\\/wordpress\\\/wp-content\\\/uploads\\\/2024\\\/02\\\/ostex.png\",\"contentUrl\":\"https:\\\/\\\/lekarzeopole.pl\\\/wordpress\\\/wp-content\\\/uploads\\\/2024\\\/02\\\/ostex.png\",\"width\":300,\"height\":373,\"caption\":\"Ostex\"},{\"@type\":\"BreadcrumbList\",\"@id\":\"https:\\\/\\\/lekarzeopole.pl\\\/wordpress\\\/product\\\/ostex\\\/#breadcrumb\",\"itemListElement\":[{\"@type\":\"ListItem\",\"position\":1,\"name\":\"\u0413\u043b\u0430\u0432\u043d\u0430\u044f \u0441\u0442\u0440\u0430\u043d\u0438\u0446\u0430\",\"item\":\"https:\\\/\\\/lekarzeopole.pl\\\/wordpress\\\/\"},{\"@type\":\"ListItem\",\"position\":2,\"name\":\"Zakup\",\"item\":\"https:\\\/\\\/lekarzeopole.pl\\\/wordpress\\\/\"},{\"@type\":\"ListItem\",\"position\":3,\"name\":\"Ostex\"}]},{\"@type\":\"WebSite\",\"@id\":\"https:\\\/\\\/lekarzeopole.pl\\\/wordpress\\\/#website\",\"url\":\"https:\\\/\\\/lekarzeopole.pl\\\/wordpress\\\/\",\"name\":\"Lekarze Opole\",\"description\":\"\",\"potentialAction\":[{\"@type\":\"SearchAction\",\"target\":{\"@type\":\"EntryPoint\",\"urlTemplate\":\"https:\\\/\\\/lekarzeopole.pl\\\/wordpress\\\/?s={search_term_string}\"},\"query-input\":{\"@type\":\"PropertyValueSpecification\",\"valueRequired\":true,\"valueName\":\"search_term_string\"}}],\"inLanguage\":\"pl-PL\"}]}<\/script>\n<!-- \/ Yoast SEO plugin. -->","yoast_head_json":{"title":"Ostex - kup suplement, cena w aptece, sk\u0142ad, dzia\u0142anie","robots":{"index":"index","follow":"follow","max-snippet":"max-snippet:-1","max-image-preview":"max-image-preview:large","max-video-preview":"max-video-preview:-1"},"canonical":"https:\/\/lekarzeopole.pl\/wordpress\/product\/ostex\/","og_locale":"pl_PL","og_type":"article","og_title":"Ostex - kup suplement, cena w aptece, sk\u0142ad, dzia\u0142anie","og_description":"Kup teraz SKU:\u00a0789.878.959    Produkt sprzedawany jest wy\u0142\u0105cznie za po\u015brednictwem oficjalnej strony producenta, id\u017a i kupuj bezpiecznie!","og_url":"https:\/\/lekarzeopole.pl\/wordpress\/product\/ostex\/","og_site_name":"Lekarze Opole","article_modified_time":"2024-06-07T14:46:54+00:00","og_image":[{"width":300,"height":373,"url":"https:\/\/lekarzeopole.pl\/wordpress\/wp-content\/uploads\/2024\/02\/ostex.png","type":"image\/png"}],"twitter_card":"summary_large_image","twitter_misc":{"Szacowany czas czytania":"6 minut"},"schema":{"@context":"https:\/\/schema.org","@graph":[{"@type":"WebPage","@id":"https:\/\/lekarzeopole.pl\/wordpress\/product\/ostex\/","url":"https:\/\/lekarzeopole.pl\/wordpress\/product\/ostex\/","name":"Ostex - kup suplement, cena w aptece, sk\u0142ad, dzia\u0142anie","isPartOf":{"@id":"https:\/\/lekarzeopole.pl\/wordpress\/#website"},"primaryImageOfPage":{"@id":"https:\/\/lekarzeopole.pl\/wordpress\/product\/ostex\/#primaryimage"},"image":{"@id":"https:\/\/lekarzeopole.pl\/wordpress\/product\/ostex\/#primaryimage"},"thumbnailUrl":"https:\/\/lekarzeopole.pl\/wordpress\/wp-content\/uploads\/2024\/02\/ostex.png","datePublished":"2024-02-08T08:07:28+00:00","dateModified":"2024-06-07T14:46:54+00:00","breadcrumb":{"@id":"https:\/\/lekarzeopole.pl\/wordpress\/product\/ostex\/#breadcrumb"},"inLanguage":"pl-PL","potentialAction":[{"@type":"ReadAction","target":["https:\/\/lekarzeopole.pl\/wordpress\/product\/ostex\/"]}]},{"@type":"ImageObject","inLanguage":"pl-PL","@id":"https:\/\/lekarzeopole.pl\/wordpress\/product\/ostex\/#primaryimage","url":"https:\/\/lekarzeopole.pl\/wordpress\/wp-content\/uploads\/2024\/02\/ostex.png","contentUrl":"https:\/\/lekarzeopole.pl\/wordpress\/wp-content\/uploads\/2024\/02\/ostex.png","width":300,"height":373,"caption":"Ostex"},{"@type":"BreadcrumbList","@id":"https:\/\/lekarzeopole.pl\/wordpress\/product\/ostex\/#breadcrumb","itemListElement":[{"@type":"ListItem","position":1,"name":"\u0413\u043b\u0430\u0432\u043d\u0430\u044f \u0441\u0442\u0440\u0430\u043d\u0438\u0446\u0430","item":"https:\/\/lekarzeopole.pl\/wordpress\/"},{"@type":"ListItem","position":2,"name":"Zakup","item":"https:\/\/lekarzeopole.pl\/wordpress\/"},{"@type":"ListItem","position":3,"name":"Ostex"}]},{"@type":"WebSite","@id":"https:\/\/lekarzeopole.pl\/wordpress\/#website","url":"https:\/\/lekarzeopole.pl\/wordpress\/","name":"Lekarze Opole","description":"","potentialAction":[{"@type":"SearchAction","target":{"@type":"EntryPoint","urlTemplate":"https:\/\/lekarzeopole.pl\/wordpress\/?s={search_term_string}"},"query-input":{"@type":"PropertyValueSpecification","valueRequired":true,"valueName":"search_term_string"}}],"inLanguage":"pl-PL"}]}},"_links":{"self":[{"href":"https:\/\/lekarzeopole.pl\/wordpress\/wp-json\/wp\/v2\/product\/358","targetHints":{"allow":["GET"]}}],"collection":[{"href":"https:\/\/lekarzeopole.pl\/wordpress\/wp-json\/wp\/v2\/product"}],"about":[{"href":"https:\/\/lekarzeopole.pl\/wordpress\/wp-json\/wp\/v2\/types\/product"}],"replies":[{"embeddable":true,"href":"https:\/\/lekarzeopole.pl\/wordpress\/wp-json\/wp\/v2\/comments?post=358"}],"wp:featuredmedia":[{"embeddable":true,"href":"https:\/\/lekarzeopole.pl\/wordpress\/wp-json\/wp\/v2\/media\/359"}],"wp:attachment":[{"href":"https:\/\/lekarzeopole.pl\/wordpress\/wp-json\/wp\/v2\/media?parent=358"}],"wp:term":[{"taxonomy":"product_brand","embeddable":true,"href":"https:\/\/lekarzeopole.pl\/wordpress\/wp-json\/wp\/v2\/product_brand?post=358"},{"taxonomy":"product_cat","embeddable":true,"href":"https:\/\/lekarzeopole.pl\/wordpress\/wp-json\/wp\/v2\/product_cat?post=358"},{"taxonomy":"product_tag","embeddable":true,"href":"https:\/\/lekarzeopole.pl\/wordpress\/wp-json\/wp\/v2\/product_tag?post=358"}],"curies":[{"name":"wp","href":"https:\/\/api.w.org\/{rel}","templated":true}]}}