{"id":356,"date":"2024-02-08T07:57:52","date_gmt":"2024-02-08T07:57:52","guid":{"rendered":"https:\/\/lekarzeopole.pl\/wordpress\/?post_type=product&#038;p=356"},"modified":"2024-08-01T17:19:59","modified_gmt":"2024-08-01T17:19:59","slug":"varixil","status":"publish","type":"product","link":"https:\/\/lekarzeopole.pl\/wordpress\/product\/varixil\/","title":{"rendered":"Varixil"},"content":{"rendered":"<div class=\"w-full text-token-text-primary\" data-testid=\"conversation-turn-3\">\n<div class=\"px-4 py-2 justify-center text-base md:gap-6 m-auto\">\n<div class=\"flex flex-1 text-base mx-auto gap-3 md:px-5 lg:px-1 xl:px-5 md:max-w-3xl lg:max-w-[40rem] xl:max-w-[48rem] group\">\n<div class=\"relative flex w-full flex-col lg:w-[calc(100%-115px)] agent-turn\">\n<div class=\"flex-col gap-1 md:gap-3\">\n<div class=\"flex flex-grow flex-col max-w-full\">\n<div class=\"min-h-[20px] text-message flex flex-col items-start gap-3 whitespace-pre-wrap break-words [.text-message+&amp;]:mt-5 overflow-x-auto\" data-message-author-role=\"assistant\" data-message-id=\"ce068be8-af78-44c3-827c-7a72dc538d2a\">\n<div class=\"markdown prose w-full break-words dark:prose-invert light\">\n<p>Wsp\u00f3\u0142czesny tryb \u017cycia, cz\u0119sto zwi\u0105zany z prac\u0105 siedz\u0105c\u0105 lub staniem przez d\u0142ugi czas, mo\u017ce przyczynia\u0107 si\u0119 do wielu dolegliwo\u015bci zdrowotnych, w tym do powstawania \u017cylak\u00f3w. Dla os\u00f3b borykaj\u0105cych si\u0119 z t\u0105 przypad\u0142o\u015bci\u0105 oraz dla tych, kt\u00f3rzy chc\u0105 zadba\u0107 o profilaktyk\u0119, stworzono Varixil \u2013 innowacyjny krem na bazie naturalnych sk\u0142adnik\u00f3w, kt\u00f3ry nie tylko \u0142agodzi dolegliwo\u015bci, ale r\u00f3wnie\u017c pomaga w profilaktyce. W artykule tym przyjrzymy si\u0119 bli\u017cej temu produktowi, jego sk\u0142adnikom, dzia\u0142aniu oraz mo\u017cliwym efektom stosowania.<\/p>\n<h2>Wskazania do stosowania Varixil<\/h2>\n<p>Varixil to produkt przeznaczony dla os\u00f3b zmagaj\u0105cych si\u0119 z problemem \u017cylak\u00f3w oraz dla tych, kt\u00f3rzy pragn\u0105 zadba\u0107 o zdrowie swoich n\u00f3g. G\u0142\u00f3wne wskazania do stosowania kremu Varixil obejmuj\u0105:<\/p>\n<ol>\n<li><strong>\u017bylaki ko\u0144czyn dolnych:<\/strong> Krem Varixil mo\u017ce by\u0107 stosowany zar\u00f3wno w przypadku ju\u017c istniej\u0105cych \u017cylak\u00f3w, jak i w celach profilaktycznych, aby zapobiec ich powstawaniu lub pog\u0142\u0119bianiu si\u0119.<\/li>\n<li><strong>Obrz\u0119ki i uczucie ci\u0119\u017cko\u015bci n\u00f3g:<\/strong> Osoby cierpi\u0105ce na obrz\u0119ki n\u00f3g oraz uczucie ci\u0119\u017cko\u015bci mog\u0105 odczu\u0107 ulg\u0119 po regularnym stosowaniu kremu Varixil.<\/li>\n<li><strong>Zm\u0119czenie n\u00f3g:<\/strong> Praca stoj\u0105ca lub siedz\u0105ca przez d\u0142ugi czas mo\u017ce prowadzi\u0107 do zm\u0119czenia n\u00f3g. Varixil mo\u017ce pom\u00f3c z\u0142agodzi\u0107 to uczucie i przywr\u00f3ci\u0107 lekko\u015b\u0107.<\/li>\n<\/ol>\n<h2>Sk\u0142ad i dzia\u0142anie sk\u0142adnik\u00f3w Varixil<\/h2>\n<p>Skuteczno\u015b\u0107 kremu Varixil zawdzi\u0119czana jest starannie dobranym naturalnym sk\u0142adnikom, kt\u00f3re dzia\u0142aj\u0105 synergistycznie, aby przynie\u015b\u0107 ulg\u0119 i poprawi\u0107 stan n\u00f3g. Oto g\u0142\u00f3wne sk\u0142adniki i ich dzia\u0142anie:<\/p>\n<ol>\n<li><strong>Kasztanowiec:<\/strong> Ekstrakt z kasztanowca jest znany ze swoich w\u0142a\u015bciwo\u015bci przeciwwrzodowych i przeciwzapalnych. Pomaga wzmocni\u0107 naczynia krwiono\u015bne i poprawia\u0107 kr\u0105\u017cenie.<\/li>\n<li><strong>Arnika:<\/strong> Arnika ma dzia\u0142anie przeciwzapalne i przeciwb\u00f3lowe, co pomaga \u0142agodzi\u0107 b\u00f3l i obrz\u0119k.<\/li>\n<li><strong>Mi\u0142orz\u0105b japo\u0144ski:<\/strong> Ekstrakt z mi\u0142orz\u0119bu japo\u0144skiego poprawia kr\u0105\u017cenie krwi, co mo\u017ce zmniejszy\u0107 obrz\u0119ki i uczucie ci\u0119\u017cko\u015bci n\u00f3g.<\/li>\n<li><strong>\u017be\u0144-sze\u0144:<\/strong> \u017be\u0144-sze\u0144 jest znany ze swoich w\u0142a\u015bciwo\u015bci tonizuj\u0105cych, kt\u00f3re pomagaj\u0105 poprawi\u0107 og\u00f3lny stan zdrowia n\u00f3g i z\u0142agodzi\u0107 zm\u0119czenie.<\/li>\n<\/ol>\n<p style=\"text-align: center;\"><a href=\"https:\/\/mandarv.com\/tXdS?sub1=sub1&amp;sub2=sub2&amp;sub3=sub3&amp;sub4=sub4&amp;sub5=sub5\"><button>www.varixil.pl<\/button><\/a><\/p>\n<h2>Efekty Varixil i ich charakterystyka<\/h2>\n<p>Regularne stosowanie kremu Varixil mo\u017ce przynie\u015b\u0107 wiele korzy\u015bci dla zdrowia n\u00f3g. Oto niekt\u00f3re z mo\u017cliwych efekt\u00f3w i ich charakterystyka:<\/p>\n<ol>\n<li><strong>\u0141agodzenie b\u00f3lu i obrz\u0119k\u00f3w:<\/strong> Dzi\u0119ki swoim w\u0142a\u015bciwo\u015bciom przeciwb\u00f3lowym i przeciwzapalnym Varixil mo\u017ce pom\u00f3c w \u0142agodzeniu b\u00f3lu i obrz\u0119k\u00f3w zwi\u0105zanych z \u017cylakami.<\/li>\n<li><strong>Poprawa kr\u0105\u017cenia krwi:<\/strong> Sk\u0142adniki kremu Varixil pomagaj\u0105 wzmocni\u0107 naczynia krwiono\u015bne i poprawi\u0107 kr\u0105\u017cenie, co mo\u017ce zmniejszy\u0107 ryzyko powstawania nowych \u017cylak\u00f3w.<\/li>\n<li><strong>Redukcja uczucia ci\u0119\u017cko\u015bci:<\/strong> Regularne stosowanie kremu Varixil mo\u017ce pom\u00f3c zmniejszy\u0107 uczucie ci\u0119\u017cko\u015bci n\u00f3g, szczeg\u00f3lnie po d\u0142ugim dniu pracy.<\/li>\n<li><strong>Poprawa og\u00f3lnego stanu zdrowia n\u00f3g:<\/strong> Dzi\u0119ki tonizuj\u0105cym w\u0142a\u015bciwo\u015bciom niekt\u00f3rych sk\u0142adnik\u00f3w, Varixil mo\u017ce pom\u00f3c w poprawie og\u00f3lnego stanu zdrowia n\u00f3g i zwi\u0119kszeniu ich wytrzyma\u0142o\u015bci.<\/li>\n<\/ol>\n<h2>Ryzyko skutk\u00f3w ubocznych<\/h2>\n<p>Varixil to produkt oparty na naturalnych sk\u0142adnikach, dlatego ryzyko wyst\u0105pienia skutk\u00f3w ubocznych jest minimalne. Niemniej jednak, przed rozpocz\u0119ciem stosowania kremu Varixil zaleca si\u0119 przeczytanie ulotki lub skonsultowanie si\u0119 z lekarzem w przypadku wyst\u0119powania jakichkolwiek w\u0105tpliwo\u015bci lub obaw.<\/p>\n<p><em>Varixil to innowacyjny krem na bazie naturalnych sk\u0142adnik\u00f3w, kt\u00f3ry mo\u017ce przynie\u015b\u0107 ulg\u0119 osobom borykaj\u0105cym si\u0119 z problemem \u017cylak\u00f3w oraz pom\u00f3c w profilaktyce. Dzi\u0119ki starannie dobranym sk\u0142adnikom i bezpiecznej formule, Varixil mo\u017ce by\u0107 skutecznym wsparciem w walce z dolegliwo\u015bciami n\u00f3g. Jednak\u017ce, zawsze zaleca si\u0119 skonsultowanie si\u0119 z lekarzem przed rozpocz\u0119ciem nowego programu leczenia.<\/em><\/p>\n<\/div>\n<\/div>\n<\/div>\n<\/div>\n<\/div>\n<\/div>\n<\/div>\n<\/div>\n<div class=\"w-full text-token-text-primary\" data-testid=\"conversation-turn-5\">\n<div class=\"px-4 py-2 justify-center text-base md:gap-6 m-auto\">\n<div class=\"flex flex-1 text-base mx-auto gap-3 md:px-5 lg:px-1 xl:px-5 md:max-w-3xl lg:max-w-[40rem] xl:max-w-[48rem] group final-completion\">\n<div class=\"relative flex w-full flex-col lg:w-[calc(100%-115px)] agent-turn\">\n<div class=\"flex-col gap-1 md:gap-3\">\n<div class=\"flex flex-grow flex-col max-w-full\">\n<div class=\"min-h-[20px] text-message flex flex-col items-start gap-3 whitespace-pre-wrap break-words [.text-message+&amp;]:mt-5 overflow-x-auto\" data-message-author-role=\"assistant\" data-message-id=\"9537c27a-e9e0-4f74-a9c8-8d2718754bc1\">\n<div class=\"markdown prose w-full break-words dark:prose-invert light\">\n<h2>Opinie klient\u00f3w o Varixil: fora po\u015bwi\u0119cone zdrowiu<\/h2>\n<p>W Polsce fora internetowe po\u015bwi\u0119cone zdrowiu sta\u0142y si\u0119 niezwykle popularne w\u015br\u00f3d os\u00f3b poszukuj\u0105cych informacji na temat r\u00f3\u017cnych produkt\u00f3w oraz sposob\u00f3w leczenia r\u00f3\u017cnych dolegliwo\u015bci. W ostatnim czasie zauwa\u017calny jest wzrost zainteresowania preparatami takimi jak Varixil, kt\u00f3re skupiaj\u0105 uwag\u0119 os\u00f3b borykaj\u0105cych si\u0119 z problemem \u017cylak\u00f3w. Na tych platformach mo\u017cemy znale\u017a\u0107 wiele opinii na temat skuteczno\u015bci tego kremu, przy czym wi\u0119kszo\u015b\u0107 u\u017cytkownik\u00f3w opisuje jego dzia\u0142anie jako bardzo pozytywne. Varixil zdoby\u0142 sobie reputacj\u0119 skutecznego i bezpiecznego produktu, co sprawia, \u017ce cieszy si\u0119 uznaniem w\u015br\u00f3d klient\u00f3w.<\/p>\n<p>Oto dwa opinie od u\u017cytkownik\u00f3w:<\/p>\n<ol>\n<li><strong>Anna67:<\/strong> &#8222;Od d\u0142u\u017cszego czasu boryka\u0142am si\u0119 z problemem \u017cylak\u00f3w, kt\u00f3re powodowa\u0142y mi znaczne dyskomfort. Zdecydowa\u0142am si\u0119 wypr\u00f3bowa\u0107 Varixil i nie \u017ca\u0142uj\u0119! Po kilku tygodniach regularnego stosowania zauwa\u017cy\u0142am znaczn\u0105 popraw\u0119. Moje nogi s\u0105 l\u017cejsze, a obrz\u0119ki znacznie si\u0119 zmniejszy\u0142y. Gor\u0105co polecam!&#8221;<\/li>\n<li><strong>Marek89:<\/strong> &#8222;Jako osoba prowadz\u0105ca siedz\u0105cy tryb \u017cycia, cz\u0119sto mia\u0142em problem z uczuciem ci\u0119\u017cko\u015bci i zm\u0119czeniem n\u00f3g. Od kiedy zacz\u0105\u0142em stosowa\u0107 Varixil, moje dolegliwo\u015bci znacznie si\u0119 zmniejszy\u0142y. Teraz czuj\u0119 si\u0119 zdecydowanie lepiej, a moje nogi s\u0105 bardziej energiczne.&#8221;<\/li>\n<\/ol>\n<h2>Spos\u00f3b podawania i dawkowanie<\/h2>\n<p>Stosowanie kremu Varixil jest niezwykle proste. Wystarczy nanie\u015b\u0107 niewielk\u0105 ilo\u015b\u0107 kremu na oczyszczon\u0105 sk\u00f3r\u0119 n\u00f3g i delikatnie wmasowa\u0107 a\u017c do ca\u0142kowitego wch\u0142oni\u0119cia. Zaleca si\u0119 stosowanie kremu Varixil 2 razy dziennie &#8211; rano i wieczorem, dla uzyskania najlepszych efekt\u00f3w.<\/p>\n<h2>Kup teraz Varixil z dostaw\u0105<\/h2>\n<p>Zam\u00f3wienie Varixil jest \u0142atwe i wygodne. Produkt mo\u017cna zakupi\u0107 online, bez konieczno\u015bci wcze\u015bniejszej p\u0142atno\u015bci. P\u0142atno\u015b\u0107 dokonuje si\u0119 wy\u0142\u0105cznie przy odbiorze przesy\u0142ki, co daje pewno\u015b\u0107, \u017ce otrzymasz oryginalny produkt bez ryzyka. Dostawa Varixil na terenie Polski zazwyczaj trwa od 3 do 4 dni roboczych. Dodatkowo, ka\u017cde zam\u00f3wienie jest potwierdzane telefonicznie przez specjalist\u0119, kt\u00f3ry s\u0142u\u017cy pomoc\u0105 i doradztwem w przypadku pyta\u0144 dotycz\u0105cych ilo\u015bci produktu oraz dost\u0119pnych promocji.<\/p>\n<p style=\"text-align: center;\"><a href=\"https:\/\/mandarv.com\/tXdS?sub1=sub1&amp;sub2=sub2&amp;sub3=sub3&amp;sub4=sub4&amp;sub5=sub5\"><button>Zakup na stronie producenta (-50%)<\/button><\/a><\/p>\n<h2>Por\u00f3wnanie ofert: ceny i dost\u0119pno\u015b\u0107 Varixil<\/h2>\n<p>Producenci Varixil k\u0142ad\u0105 nacisk na dost\u0119pno\u015b\u0107 produktu dla klient\u00f3w, dlatego preparat dost\u0119pny jest bezpo\u015brednio na oficjalnej stronie internetowej producenta, eliminuj\u0105c tym samym po\u015brednik\u00f3w i dodatkowe mar\u017ce. Dodatkowo, na stronie producenta regularnie pojawiaj\u0105 si\u0119 atrakcyjne promocje i zni\u017cki, kt\u00f3re warto \u015bledzi\u0107. Jest to r\u00f3wnie\u017c pow\u00f3d, dla kt\u00f3rego Varixil nie jest dost\u0119pny w stacjonarnych aptekach. Kupuj\u0105c Varixil bezpo\u015brednio od producenta, masz pewno\u015b\u0107 oryginalno\u015bci produktu oraz korzystnych warunk\u00f3w zakupu.<\/p>\n<\/div>\n<\/div>\n<\/div>\n<\/div>\n<\/div>\n<\/div>\n<\/div>\n<\/div>\n","protected":false},"excerpt":{"rendered":"<p style=\"text-align: center;\"><a href=\"https:\/\/mandarv.com\/tXdS?sub1=sub1&amp;sub2=sub2&amp;sub3=sub3&amp;sub4=sub4&amp;sub5=sub5\"><button>Kup teraz<\/button><\/a><\/p>\n<p>SKU:\u00a0<span class=\"sku\">789.878.949<\/span><\/p>\n<hr \/>\n<p><small>Produkt sprzedawany jest wy\u0142\u0105cznie za po\u015brednictwem oficjalnej strony producenta, id\u017a i kupuj bezpiecznie!<\/small><\/p>\n","protected":false},"featured_media":357,"comment_status":"open","ping_status":"closed","template":"","meta":[],"product_brand":[],"product_cat":[15],"product_tag":[],"class_list":{"0":"post-356","1":"product","2":"type-product","3":"status-publish","4":"has-post-thumbnail","6":"product_cat-supl","7":"thunk-woo-product-list","8":"opn-qv-enable","9":"top-store-woo-hover-","10":"top-store-single-product-tab-horizontal","11":"top-store-shadow-","12":"top-store-shadow-hover-","14":"first","15":"instock","16":"sale","17":"shipping-taxable","18":"purchasable","19":"product-type-simple"},"yoast_head":"<!-- This site is optimized with the Yoast SEO plugin v27.4 - https:\/\/yoast.com\/product\/yoast-seo-wordpress\/ -->\n<title>Varixil - kup suplement, cena w aptece, sk\u0142ad, dzia\u0142anie<\/title>\n<meta name=\"robots\" content=\"index, follow, max-snippet:-1, max-image-preview:large, max-video-preview:-1\" \/>\n<link rel=\"canonical\" href=\"https:\/\/lekarzeopole.pl\/wordpress\/product\/varixil\/\" \/>\n<meta property=\"og:locale\" content=\"pl_PL\" \/>\n<meta property=\"og:type\" content=\"article\" \/>\n<meta property=\"og:title\" content=\"Varixil - kup suplement, cena w aptece, sk\u0142ad, dzia\u0142anie\" \/>\n<meta property=\"og:description\" content=\"Kup teraz SKU:\u00a0789.878.949    Produkt sprzedawany jest wy\u0142\u0105cznie za po\u015brednictwem oficjalnej strony producenta, id\u017a i kupuj bezpiecznie!\" \/>\n<meta property=\"og:url\" content=\"https:\/\/lekarzeopole.pl\/wordpress\/product\/varixil\/\" \/>\n<meta property=\"og:site_name\" content=\"Lekarze Opole\" \/>\n<meta property=\"article:modified_time\" content=\"2024-08-01T17:19:59+00:00\" \/>\n<meta property=\"og:image\" content=\"https:\/\/lekarzeopole.pl\/wordpress\/wp-content\/uploads\/2024\/02\/varixil.png\" \/>\n\t<meta property=\"og:image:width\" content=\"470\" \/>\n\t<meta property=\"og:image:height\" content=\"412\" \/>\n\t<meta property=\"og:image:type\" content=\"image\/png\" \/>\n<meta name=\"twitter:card\" content=\"summary_large_image\" \/>\n<meta name=\"twitter:label1\" content=\"Szacowany czas czytania\" \/>\n\t<meta name=\"twitter:data1\" content=\"6 minut\" \/>\n<script type=\"application\/ld+json\" class=\"yoast-schema-graph\">{\"@context\":\"https:\\\/\\\/schema.org\",\"@graph\":[{\"@type\":\"WebPage\",\"@id\":\"https:\\\/\\\/lekarzeopole.pl\\\/wordpress\\\/product\\\/varixil\\\/\",\"url\":\"https:\\\/\\\/lekarzeopole.pl\\\/wordpress\\\/product\\\/varixil\\\/\",\"name\":\"Varixil - kup suplement, cena w aptece, sk\u0142ad, dzia\u0142anie\",\"isPartOf\":{\"@id\":\"https:\\\/\\\/lekarzeopole.pl\\\/wordpress\\\/#website\"},\"primaryImageOfPage\":{\"@id\":\"https:\\\/\\\/lekarzeopole.pl\\\/wordpress\\\/product\\\/varixil\\\/#primaryimage\"},\"image\":{\"@id\":\"https:\\\/\\\/lekarzeopole.pl\\\/wordpress\\\/product\\\/varixil\\\/#primaryimage\"},\"thumbnailUrl\":\"https:\\\/\\\/lekarzeopole.pl\\\/wordpress\\\/wp-content\\\/uploads\\\/2024\\\/02\\\/varixil.png\",\"datePublished\":\"2024-02-08T07:57:52+00:00\",\"dateModified\":\"2024-08-01T17:19:59+00:00\",\"breadcrumb\":{\"@id\":\"https:\\\/\\\/lekarzeopole.pl\\\/wordpress\\\/product\\\/varixil\\\/#breadcrumb\"},\"inLanguage\":\"pl-PL\",\"potentialAction\":[{\"@type\":\"ReadAction\",\"target\":[\"https:\\\/\\\/lekarzeopole.pl\\\/wordpress\\\/product\\\/varixil\\\/\"]}]},{\"@type\":\"ImageObject\",\"inLanguage\":\"pl-PL\",\"@id\":\"https:\\\/\\\/lekarzeopole.pl\\\/wordpress\\\/product\\\/varixil\\\/#primaryimage\",\"url\":\"https:\\\/\\\/lekarzeopole.pl\\\/wordpress\\\/wp-content\\\/uploads\\\/2024\\\/02\\\/varixil.png\",\"contentUrl\":\"https:\\\/\\\/lekarzeopole.pl\\\/wordpress\\\/wp-content\\\/uploads\\\/2024\\\/02\\\/varixil.png\",\"width\":470,\"height\":412,\"caption\":\"Varixil\"},{\"@type\":\"BreadcrumbList\",\"@id\":\"https:\\\/\\\/lekarzeopole.pl\\\/wordpress\\\/product\\\/varixil\\\/#breadcrumb\",\"itemListElement\":[{\"@type\":\"ListItem\",\"position\":1,\"name\":\"\u0413\u043b\u0430\u0432\u043d\u0430\u044f \u0441\u0442\u0440\u0430\u043d\u0438\u0446\u0430\",\"item\":\"https:\\\/\\\/lekarzeopole.pl\\\/wordpress\\\/\"},{\"@type\":\"ListItem\",\"position\":2,\"name\":\"Zakup\",\"item\":\"https:\\\/\\\/lekarzeopole.pl\\\/wordpress\\\/\"},{\"@type\":\"ListItem\",\"position\":3,\"name\":\"Varixil\"}]},{\"@type\":\"WebSite\",\"@id\":\"https:\\\/\\\/lekarzeopole.pl\\\/wordpress\\\/#website\",\"url\":\"https:\\\/\\\/lekarzeopole.pl\\\/wordpress\\\/\",\"name\":\"Lekarze Opole\",\"description\":\"\",\"potentialAction\":[{\"@type\":\"SearchAction\",\"target\":{\"@type\":\"EntryPoint\",\"urlTemplate\":\"https:\\\/\\\/lekarzeopole.pl\\\/wordpress\\\/?s={search_term_string}\"},\"query-input\":{\"@type\":\"PropertyValueSpecification\",\"valueRequired\":true,\"valueName\":\"search_term_string\"}}],\"inLanguage\":\"pl-PL\"}]}<\/script>\n<!-- \/ Yoast SEO plugin. -->","yoast_head_json":{"title":"Varixil - kup suplement, cena w aptece, sk\u0142ad, dzia\u0142anie","robots":{"index":"index","follow":"follow","max-snippet":"max-snippet:-1","max-image-preview":"max-image-preview:large","max-video-preview":"max-video-preview:-1"},"canonical":"https:\/\/lekarzeopole.pl\/wordpress\/product\/varixil\/","og_locale":"pl_PL","og_type":"article","og_title":"Varixil - kup suplement, cena w aptece, sk\u0142ad, dzia\u0142anie","og_description":"Kup teraz SKU:\u00a0789.878.949    Produkt sprzedawany jest wy\u0142\u0105cznie za po\u015brednictwem oficjalnej strony producenta, id\u017a i kupuj bezpiecznie!","og_url":"https:\/\/lekarzeopole.pl\/wordpress\/product\/varixil\/","og_site_name":"Lekarze Opole","article_modified_time":"2024-08-01T17:19:59+00:00","og_image":[{"width":470,"height":412,"url":"https:\/\/lekarzeopole.pl\/wordpress\/wp-content\/uploads\/2024\/02\/varixil.png","type":"image\/png"}],"twitter_card":"summary_large_image","twitter_misc":{"Szacowany czas czytania":"6 minut"},"schema":{"@context":"https:\/\/schema.org","@graph":[{"@type":"WebPage","@id":"https:\/\/lekarzeopole.pl\/wordpress\/product\/varixil\/","url":"https:\/\/lekarzeopole.pl\/wordpress\/product\/varixil\/","name":"Varixil - kup suplement, cena w aptece, sk\u0142ad, dzia\u0142anie","isPartOf":{"@id":"https:\/\/lekarzeopole.pl\/wordpress\/#website"},"primaryImageOfPage":{"@id":"https:\/\/lekarzeopole.pl\/wordpress\/product\/varixil\/#primaryimage"},"image":{"@id":"https:\/\/lekarzeopole.pl\/wordpress\/product\/varixil\/#primaryimage"},"thumbnailUrl":"https:\/\/lekarzeopole.pl\/wordpress\/wp-content\/uploads\/2024\/02\/varixil.png","datePublished":"2024-02-08T07:57:52+00:00","dateModified":"2024-08-01T17:19:59+00:00","breadcrumb":{"@id":"https:\/\/lekarzeopole.pl\/wordpress\/product\/varixil\/#breadcrumb"},"inLanguage":"pl-PL","potentialAction":[{"@type":"ReadAction","target":["https:\/\/lekarzeopole.pl\/wordpress\/product\/varixil\/"]}]},{"@type":"ImageObject","inLanguage":"pl-PL","@id":"https:\/\/lekarzeopole.pl\/wordpress\/product\/varixil\/#primaryimage","url":"https:\/\/lekarzeopole.pl\/wordpress\/wp-content\/uploads\/2024\/02\/varixil.png","contentUrl":"https:\/\/lekarzeopole.pl\/wordpress\/wp-content\/uploads\/2024\/02\/varixil.png","width":470,"height":412,"caption":"Varixil"},{"@type":"BreadcrumbList","@id":"https:\/\/lekarzeopole.pl\/wordpress\/product\/varixil\/#breadcrumb","itemListElement":[{"@type":"ListItem","position":1,"name":"\u0413\u043b\u0430\u0432\u043d\u0430\u044f \u0441\u0442\u0440\u0430\u043d\u0438\u0446\u0430","item":"https:\/\/lekarzeopole.pl\/wordpress\/"},{"@type":"ListItem","position":2,"name":"Zakup","item":"https:\/\/lekarzeopole.pl\/wordpress\/"},{"@type":"ListItem","position":3,"name":"Varixil"}]},{"@type":"WebSite","@id":"https:\/\/lekarzeopole.pl\/wordpress\/#website","url":"https:\/\/lekarzeopole.pl\/wordpress\/","name":"Lekarze Opole","description":"","potentialAction":[{"@type":"SearchAction","target":{"@type":"EntryPoint","urlTemplate":"https:\/\/lekarzeopole.pl\/wordpress\/?s={search_term_string}"},"query-input":{"@type":"PropertyValueSpecification","valueRequired":true,"valueName":"search_term_string"}}],"inLanguage":"pl-PL"}]}},"_links":{"self":[{"href":"https:\/\/lekarzeopole.pl\/wordpress\/wp-json\/wp\/v2\/product\/356","targetHints":{"allow":["GET"]}}],"collection":[{"href":"https:\/\/lekarzeopole.pl\/wordpress\/wp-json\/wp\/v2\/product"}],"about":[{"href":"https:\/\/lekarzeopole.pl\/wordpress\/wp-json\/wp\/v2\/types\/product"}],"replies":[{"embeddable":true,"href":"https:\/\/lekarzeopole.pl\/wordpress\/wp-json\/wp\/v2\/comments?post=356"}],"wp:featuredmedia":[{"embeddable":true,"href":"https:\/\/lekarzeopole.pl\/wordpress\/wp-json\/wp\/v2\/media\/357"}],"wp:attachment":[{"href":"https:\/\/lekarzeopole.pl\/wordpress\/wp-json\/wp\/v2\/media?parent=356"}],"wp:term":[{"taxonomy":"product_brand","embeddable":true,"href":"https:\/\/lekarzeopole.pl\/wordpress\/wp-json\/wp\/v2\/product_brand?post=356"},{"taxonomy":"product_cat","embeddable":true,"href":"https:\/\/lekarzeopole.pl\/wordpress\/wp-json\/wp\/v2\/product_cat?post=356"},{"taxonomy":"product_tag","embeddable":true,"href":"https:\/\/lekarzeopole.pl\/wordpress\/wp-json\/wp\/v2\/product_tag?post=356"}],"curies":[{"name":"wp","href":"https:\/\/api.w.org\/{rel}","templated":true}]}}