{"id":354,"date":"2024-02-08T07:48:54","date_gmt":"2024-02-08T07:48:54","guid":{"rendered":"https:\/\/lekarzeopole.pl\/wordpress\/?post_type=product&#038;p=354"},"modified":"2025-03-30T15:33:23","modified_gmt":"2025-03-30T15:33:23","slug":"removio","status":"publish","type":"product","link":"https:\/\/lekarzeopole.pl\/wordpress\/product\/removio\/","title":{"rendered":"Removio"},"content":{"rendered":"<div class=\"flex-1 overflow-hidden\">\n<div class=\"react-scroll-to-bottom--css-iygts-79elbk h-full\">\n<div class=\"react-scroll-to-bottom--css-iygts-1n7m0yu\">\n<div class=\"flex flex-col pb-9 text-sm\">\n<div class=\"w-full text-token-text-primary\" data-testid=\"conversation-turn-3\">\n<div class=\"px-4 py-2 justify-center text-base md:gap-6 m-auto\">\n<div class=\"flex flex-1 text-base mx-auto gap-3 md:px-5 lg:px-1 xl:px-5 md:max-w-3xl lg:max-w-[40rem] xl:max-w-[48rem] group\">\n<div class=\"relative flex w-full flex-col lg:w-[calc(100%-115px)] agent-turn\">\n<div class=\"flex-col gap-1 md:gap-3\">\n<div class=\"flex flex-grow flex-col max-w-full\">\n<div class=\"min-h-[20px] text-message flex flex-col items-start gap-3 whitespace-pre-wrap break-words [.text-message+&amp;]:mt-5 overflow-x-auto\" data-message-author-role=\"assistant\" data-message-id=\"ed9bad86-e4cf-47de-8728-5db5b7b7dfc2\">\n<div class=\"markdown prose w-full break-words dark:prose-invert light\">\n<p>Brodawki i kurzajki to powszechne problemy dermatologiczne, kt\u00f3re mog\u0105 by\u0107 nie tylko nieestetyczne, ale tak\u017ce bolesne i uci\u0105\u017cliwe. Dla os\u00f3b poszukuj\u0105cych skutecznego i bezpiecznego sposobu na pozbycie si\u0119 tych nieprzyjemnych zmian, Removio mo\u017ce okaza\u0107 si\u0119 w\u0142a\u015bciwym rozwi\u0105zaniem. Ten innowacyjny \u017cel zosta\u0142 stworzony z my\u015bl\u0105 o skutecznym zwalczaniu brodawek i kurzajek, wykorzystuj\u0105c moc naturalnych sk\u0142adnik\u00f3w.<\/p>\n<h2>Sk\u0142ad i dzia\u0142anie sk\u0142adnik\u00f3w Removio<\/h2>\n<p>Removio zawiera unikaln\u0105 kombinacj\u0119 naturalnych sk\u0142adnik\u00f3w, kt\u00f3re dzia\u0142aj\u0105 synergistycznie, aby skutecznie zwalczy\u0107 brodawki i kurzajki. G\u0142\u00f3wne sk\u0142adniki preparatu to:<\/p>\n<ol>\n<li><strong>Kwas salicylowy<\/strong>: Ten sk\u0142adnik, znany ze swoich w\u0142a\u015bciwo\u015bci z\u0142uszczaj\u0105cych, pomaga delikatnie usun\u0105\u0107 zrogowacia\u0142y nask\u00f3rek, umo\u017cliwiaj\u0105c lepsze wnikanie pozosta\u0142ych sk\u0142adnik\u00f3w w g\u0142\u0105b sk\u00f3ry.<\/li>\n<li><strong>Ekstrakt z drzewa herbacianego<\/strong>: Posiada silne w\u0142a\u015bciwo\u015bci przeciwwirusowe i przeciwzapalne, kt\u00f3re hamuj\u0105 aktywno\u015b\u0107 wirus\u00f3w odpowiedzialnych za powstawanie brodawek i kurzajek.<\/li>\n<li><strong>Ekstrakt z aloesu<\/strong>: Znany ze swoich w\u0142a\u015bciwo\u015bci \u0142agodz\u0105cych i regeneruj\u0105cych, pomaga w regeneracji uszkodzonej sk\u00f3ry, przywracaj\u0105c jej zdrowy wygl\u0105d.<\/li>\n<\/ol>\n<p>Dzi\u0119ki starannie dobranym sk\u0142adnikom, Removio dzia\u0142a bezbole\u015bnie i skutecznie, penetruj\u0105c g\u0142\u0119bokie warstwy sk\u00f3ry w\u0142a\u015bciwej, gdzie aktywne kom\u00f3rki wirusowe si\u0119 znajduj\u0105. Usuwa brodawki i kurzajki oraz zapobiega ich dalszemu rozwojowi.<\/p>\n<p style=\"text-align: center;\"><a href=\"https:\/\/mandarv.com\/TXdS?sub1=sub1&amp;sub2=sub2&amp;sub3=sub3&amp;sub4=sub4&amp;sub5=sub5\"><button>www.removio.pl<\/button><\/a><\/p>\n<h2>Efekty Removio i ich charakterystyka<\/h2>\n<p>Regularne stosowanie Removio mo\u017ce przynie\u015b\u0107 wiele korzy\u015bci dla sk\u00f3ry, w tym:<\/p>\n<ol>\n<li><strong>Usuwanie brodawek i kurzajek<\/strong>: \u017bel skutecznie eliminuje istniej\u0105ce zmiany sk\u00f3rne, zapobiegaj\u0105c jednocze\u015bnie ich powstawaniu w przysz\u0142o\u015bci.<\/li>\n<li><strong>Regeneracja sk\u00f3ry<\/strong>: Dzi\u0119ki zawarto\u015bci naturalnych sk\u0142adnik\u00f3w, Removio pomaga w regeneracji i nawil\u017ceniu sk\u00f3ry, przywracaj\u0105c jej zdrowy wygl\u0105d.<\/li>\n<li><strong>Zwi\u0119kszenie odporno\u015bci sk\u00f3ry<\/strong>: Regularne stosowanie \u017celu mo\u017ce pom\u00f3c w wzmocnieniu odporno\u015bci sk\u00f3ry na infekcje wirusowe i grzybicze, zapobiegaj\u0105c jednocze\u015bnie rozwojowi chor\u00f3b nowotworowych.<\/li>\n<\/ol>\n<h2>Ryzyko skutk\u00f3w ubocznych<\/h2>\n<p>Removio jest produktem opartym na naturalnych sk\u0142adnikach, dlatego ryzyko wyst\u0105pienia skutk\u00f3w ubocznych jest minimalne. Jednak\u017ce, jak w przypadku ka\u017cdego produktu, mo\u017ce wyst\u0105pi\u0107 indywidualna nietolerancja na kt\u00f3rykolwiek z sk\u0142adnik\u00f3w. Dlatego zawsze zaleca si\u0119 przeprowadzenie testu uczuleniowego przed regularnym stosowaniem \u017celu. Je\u015bli pojawi\u0105 si\u0119 jakiekolwiek niepo\u017c\u0105dane reakcje sk\u00f3rne, nale\u017cy przerwa\u0107 stosowanie i skonsultowa\u0107 si\u0119 z lekarzem.<\/p>\n<p><em>Removio to innowacyjny \u017cel na brodawki i kurzajki, kt\u00f3ry oferuje skuteczn\u0105 i bezpieczn\u0105 pomoc dzi\u0119ki swojej unikalnej formule opartej na naturalnych sk\u0142adnikach. Dzi\u0119ki regularnemu stosowaniu mo\u017cna efektywnie pozby\u0107 si\u0119 niechcianych zmian sk\u00f3rnych, przywracaj\u0105c sk\u00f3rze jej naturalne pi\u0119kno i zdrowie.<\/em><\/p>\n<\/div>\n<\/div>\n<\/div>\n<\/div>\n<\/div>\n<\/div>\n<\/div>\n<\/div>\n<div class=\"w-full text-token-text-primary\" data-testid=\"conversation-turn-5\">\n<div class=\"px-4 py-2 justify-center text-base md:gap-6 m-auto\">\n<div class=\"flex flex-1 text-base mx-auto gap-3 md:px-5 lg:px-1 xl:px-5 md:max-w-3xl lg:max-w-[40rem] xl:max-w-[48rem] group final-completion\">\n<div class=\"relative flex w-full flex-col lg:w-[calc(100%-115px)] agent-turn\">\n<div class=\"flex-col gap-1 md:gap-3\">\n<div class=\"flex flex-grow flex-col max-w-full\">\n<div class=\"min-h-[20px] text-message flex flex-col items-start gap-3 whitespace-pre-wrap break-words [.text-message+&amp;]:mt-5 overflow-x-auto\" data-message-author-role=\"assistant\" data-message-id=\"1cc9f717-9b9c-48c3-b435-7fc74be79003\">\n<div class=\"markdown prose w-full break-words dark:prose-invert light\">\n<h2>Opinie klient\u00f3w o Removio: fora po\u015bwi\u0119cone zdrowiu<\/h2>\n<p>Na polskich forach internetowych po\u015bwi\u0119conych zdrowiu coraz cz\u0119\u015bciej pojawiaj\u0105 si\u0119 w\u0105tki dotycz\u0105ce skuteczno\u015bci i dost\u0119pno\u015bci Removio &#8211; \u017celu przeznaczonego do usuwania brodawek i kurzajek. Zainteresowanie tym produktem wzrasta z ka\u017cdym dniem, co znajduje odzwierciedlenie w liczbie pozytywnych opinii u\u017cytkownik\u00f3w. Wi\u0119kszo\u015b\u0107 os\u00f3b, kt\u00f3re mia\u0142y okazj\u0119 przetestowa\u0107 Removio, opisuje jego dzia\u0142anie jako skuteczne i bezbolesne. Dodatkowo, wielu z nich podkre\u015bla tak\u017ce dost\u0119pno\u015b\u0107 produktu oraz jego atrakcyjn\u0105 cen\u0119.<\/p>\n<p>Pozytywne opinie klient\u00f3w:<\/p>\n<ol>\n<li><strong>Kasia78:<\/strong> &#8222;Removio okaza\u0142 si\u0119 dla mnie strza\u0142em w dziesi\u0105tk\u0119! Usun\u0105\u0142 moje kurzajki szybko i skutecznie, a przy tym nie sprawi\u0142 mi ani najmniejszego b\u00f3lu. Polecam ka\u017cdemu, kto boryka si\u0119 z problemem niechcianych zmian sk\u00f3rnych.&#8221;<\/li>\n<li><strong>Marek92:<\/strong> &#8222;Jestem bardzo zadowolony z efekt\u00f3w stosowania Removio. Moja sk\u00f3ra wygl\u0105da teraz o wiele lepiej, a wszystkie brodawki znikn\u0119\u0142y. Dodatkowo, cieszy mnie fakt, \u017ce produkt jest oparty na naturalnych sk\u0142adnikach i nie powoduje \u017cadnych skutk\u00f3w ubocznych.&#8221;<\/li>\n<\/ol>\n<h2>Spos\u00f3b podawania i dawkowanie<\/h2>\n<p>Removio jest \u0142atwy w u\u017cyciu, co sprawia, \u017ce jego aplikacja nie stanowi \u017cadnego problemu nawet dla os\u00f3b bez do\u015bwiadczenia w stosowaniu tego typu preparat\u00f3w. Przed u\u017cyciem zaleca si\u0119 dok\u0142adne oczyszczenie i osuszenie obszaru sk\u00f3ry, na kt\u00f3rym znajduj\u0105 si\u0119 brodawki lub kurzajki. Nast\u0119pnie, przy pomocy do\u0142\u0105czonego aplikatora, nak\u0142ada si\u0119 niewielk\u0105 ilo\u015b\u0107 \u017celu bezpo\u015brednio na zmiany sk\u00f3rne. Preparat nale\u017cy stosowa\u0107 zgodnie z zaleceniami producenta, a jego cz\u0119stotliwo\u015b\u0107 aplikacji mo\u017ce by\u0107 dostosowana do indywidualnych potrzeb.<\/p>\n<h2>Kup teraz Removio z dostaw\u0105<\/h2>\n<p>Zakup oryginalnego Removio jest szybki i wygodny. Produkt mo\u017cna naby\u0107 bez wychodzenia z domu poprzez oficjaln\u0105 stron\u0119 internetow\u0105 producenta. Wystarczy wype\u0142ni\u0107 prosty formularz zam\u00f3wienia, a \u017cel zostanie dostarczony pod wskazany adres w ci\u0105gu 3-4 dni roboczych. Warto zaznaczy\u0107, \u017ce op\u0142ata za produkt nie jest pobierana z g\u00f3ry &#8211; p\u0142atno\u015b\u0107 nast\u0119puje dopiero przy odbiorze, co gwarantuje bezpiecze\u0144stwo transakcji. Dodatkowo, ka\u017cde zam\u00f3wienie jest potwierdzane telefonicznie przez specjalist\u0119, kt\u00f3ry s\u0142u\u017cy pomoc\u0105 i doradztwem w przypadku pyta\u0144 dotycz\u0105cych produktu oraz dost\u0119pnych promocji.<\/p>\n<p style=\"text-align: center;\"><a href=\"https:\/\/mandarv.com\/TXdS?sub1=sub1&amp;sub2=sub2&amp;sub3=sub3&amp;sub4=sub4&amp;sub5=sub5\"><button>Zakup na stronie producenta (-50%)<\/button><\/a><\/p>\n<h2>Por\u00f3wnanie ofert: ceny i dost\u0119pno\u015b\u0107 Removio<\/h2>\n<p>Producenci Removio stawiaj\u0105 na bezpo\u015bredni kontakt z klientem, dlatego produkt nie jest dost\u0119pny w stacjonarnych aptekach. Jednak\u017ce, zakup mo\u017cna zrealizowa\u0107 szybko i wygodnie poprzez oficjaln\u0105 stron\u0119 internetow\u0105, gdzie mo\u017cna liczy\u0107 na atrakcyjne ceny oraz dost\u0119pno\u015b\u0107 produktu. Regularne sprawdzanie oficjalnej strony producenta pozwoli r\u00f3wnie\u017c na skorzystanie z ewentualnych promocji i rabat\u00f3w, kt\u00f3re mog\u0105 by\u0107 dost\u0119pne dla klient\u00f3w. Dzi\u0119ki temu, zakup Removio jest nie tylko prosty, ale tak\u017ce korzystny cenowo.<\/p>\n<\/div>\n<\/div>\n<\/div>\n<\/div>\n<\/div>\n<\/div>\n<\/div>\n<\/div>\n<\/div>\n<\/div>\n<\/div>\n<\/div>\n","protected":false},"excerpt":{"rendered":"<p style=\"text-align: center;\"><a href=\"https:\/\/mandarv.com\/TXdS?sub1=sub1&amp;sub2=sub2&amp;sub3=sub3&amp;sub4=sub4&amp;sub5=sub5\"><button>Kup teraz<\/button><\/a><\/p>\n<p>SKU:\u00a0<span class=\"sku\">789.878.939<\/span><\/p>\n<hr \/>\n<p><small>Produkt sprzedawany jest wy\u0142\u0105cznie za po\u015brednictwem oficjalnej strony producenta, id\u017a i kupuj bezpiecznie!<\/small><\/p>\n","protected":false},"featured_media":1231,"comment_status":"open","ping_status":"closed","template":"","meta":[],"product_brand":[],"product_cat":[15],"product_tag":[],"class_list":{"0":"post-354","1":"product","2":"type-product","3":"status-publish","4":"has-post-thumbnail","6":"product_cat-supl","7":"thunk-woo-product-list","8":"opn-qv-enable","9":"top-store-woo-hover-","10":"top-store-single-product-tab-horizontal","11":"top-store-shadow-","12":"top-store-shadow-hover-","14":"first","15":"instock","16":"sale","17":"shipping-taxable","18":"purchasable","19":"product-type-simple"},"yoast_head":"<!-- This site is optimized with the Yoast SEO plugin v27.4 - https:\/\/yoast.com\/product\/yoast-seo-wordpress\/ -->\n<title>Removio - kup suplement, cena w aptece, sk\u0142ad, dzia\u0142anie<\/title>\n<meta name=\"robots\" content=\"index, follow, max-snippet:-1, max-image-preview:large, max-video-preview:-1\" \/>\n<link rel=\"canonical\" href=\"https:\/\/lekarzeopole.pl\/wordpress\/product\/removio\/\" \/>\n<meta property=\"og:locale\" content=\"pl_PL\" \/>\n<meta property=\"og:type\" content=\"article\" \/>\n<meta property=\"og:title\" content=\"Removio - kup suplement, cena w aptece, sk\u0142ad, dzia\u0142anie\" \/>\n<meta property=\"og:description\" content=\"Kup teraz SKU:\u00a0789.878.939    Produkt sprzedawany jest wy\u0142\u0105cznie za po\u015brednictwem oficjalnej strony producenta, id\u017a i kupuj bezpiecznie!\" \/>\n<meta property=\"og:url\" content=\"https:\/\/lekarzeopole.pl\/wordpress\/product\/removio\/\" \/>\n<meta property=\"og:site_name\" content=\"Lekarze Opole\" \/>\n<meta property=\"article:modified_time\" content=\"2025-03-30T15:33:23+00:00\" \/>\n<meta property=\"og:image\" content=\"https:\/\/lekarzeopole.pl\/wordpress\/wp-content\/uploads\/2024\/02\/removio.jpg\" \/>\n\t<meta property=\"og:image:width\" content=\"736\" \/>\n\t<meta property=\"og:image:height\" content=\"736\" \/>\n\t<meta property=\"og:image:type\" content=\"image\/jpeg\" \/>\n<meta name=\"twitter:card\" content=\"summary_large_image\" \/>\n<meta name=\"twitter:label1\" content=\"Szacowany czas czytania\" \/>\n\t<meta name=\"twitter:data1\" content=\"5 minut\" \/>\n<script type=\"application\/ld+json\" class=\"yoast-schema-graph\">{\"@context\":\"https:\\\/\\\/schema.org\",\"@graph\":[{\"@type\":\"WebPage\",\"@id\":\"https:\\\/\\\/lekarzeopole.pl\\\/wordpress\\\/product\\\/removio\\\/\",\"url\":\"https:\\\/\\\/lekarzeopole.pl\\\/wordpress\\\/product\\\/removio\\\/\",\"name\":\"Removio - kup suplement, cena w aptece, sk\u0142ad, dzia\u0142anie\",\"isPartOf\":{\"@id\":\"https:\\\/\\\/lekarzeopole.pl\\\/wordpress\\\/#website\"},\"primaryImageOfPage\":{\"@id\":\"https:\\\/\\\/lekarzeopole.pl\\\/wordpress\\\/product\\\/removio\\\/#primaryimage\"},\"image\":{\"@id\":\"https:\\\/\\\/lekarzeopole.pl\\\/wordpress\\\/product\\\/removio\\\/#primaryimage\"},\"thumbnailUrl\":\"https:\\\/\\\/lekarzeopole.pl\\\/wordpress\\\/wp-content\\\/uploads\\\/2024\\\/02\\\/removio.jpg\",\"datePublished\":\"2024-02-08T07:48:54+00:00\",\"dateModified\":\"2025-03-30T15:33:23+00:00\",\"breadcrumb\":{\"@id\":\"https:\\\/\\\/lekarzeopole.pl\\\/wordpress\\\/product\\\/removio\\\/#breadcrumb\"},\"inLanguage\":\"pl-PL\",\"potentialAction\":[{\"@type\":\"ReadAction\",\"target\":[\"https:\\\/\\\/lekarzeopole.pl\\\/wordpress\\\/product\\\/removio\\\/\"]}]},{\"@type\":\"ImageObject\",\"inLanguage\":\"pl-PL\",\"@id\":\"https:\\\/\\\/lekarzeopole.pl\\\/wordpress\\\/product\\\/removio\\\/#primaryimage\",\"url\":\"https:\\\/\\\/lekarzeopole.pl\\\/wordpress\\\/wp-content\\\/uploads\\\/2024\\\/02\\\/removio.jpg\",\"contentUrl\":\"https:\\\/\\\/lekarzeopole.pl\\\/wordpress\\\/wp-content\\\/uploads\\\/2024\\\/02\\\/removio.jpg\",\"width\":736,\"height\":736,\"caption\":\"Removio\"},{\"@type\":\"BreadcrumbList\",\"@id\":\"https:\\\/\\\/lekarzeopole.pl\\\/wordpress\\\/product\\\/removio\\\/#breadcrumb\",\"itemListElement\":[{\"@type\":\"ListItem\",\"position\":1,\"name\":\"\u0413\u043b\u0430\u0432\u043d\u0430\u044f \u0441\u0442\u0440\u0430\u043d\u0438\u0446\u0430\",\"item\":\"https:\\\/\\\/lekarzeopole.pl\\\/wordpress\\\/\"},{\"@type\":\"ListItem\",\"position\":2,\"name\":\"Zakup\",\"item\":\"https:\\\/\\\/lekarzeopole.pl\\\/wordpress\\\/\"},{\"@type\":\"ListItem\",\"position\":3,\"name\":\"Removio\"}]},{\"@type\":\"WebSite\",\"@id\":\"https:\\\/\\\/lekarzeopole.pl\\\/wordpress\\\/#website\",\"url\":\"https:\\\/\\\/lekarzeopole.pl\\\/wordpress\\\/\",\"name\":\"Lekarze Opole\",\"description\":\"\",\"potentialAction\":[{\"@type\":\"SearchAction\",\"target\":{\"@type\":\"EntryPoint\",\"urlTemplate\":\"https:\\\/\\\/lekarzeopole.pl\\\/wordpress\\\/?s={search_term_string}\"},\"query-input\":{\"@type\":\"PropertyValueSpecification\",\"valueRequired\":true,\"valueName\":\"search_term_string\"}}],\"inLanguage\":\"pl-PL\"}]}<\/script>\n<!-- \/ Yoast SEO plugin. -->","yoast_head_json":{"title":"Removio - kup suplement, cena w aptece, sk\u0142ad, dzia\u0142anie","robots":{"index":"index","follow":"follow","max-snippet":"max-snippet:-1","max-image-preview":"max-image-preview:large","max-video-preview":"max-video-preview:-1"},"canonical":"https:\/\/lekarzeopole.pl\/wordpress\/product\/removio\/","og_locale":"pl_PL","og_type":"article","og_title":"Removio - kup suplement, cena w aptece, sk\u0142ad, dzia\u0142anie","og_description":"Kup teraz SKU:\u00a0789.878.939    Produkt sprzedawany jest wy\u0142\u0105cznie za po\u015brednictwem oficjalnej strony producenta, id\u017a i kupuj bezpiecznie!","og_url":"https:\/\/lekarzeopole.pl\/wordpress\/product\/removio\/","og_site_name":"Lekarze Opole","article_modified_time":"2025-03-30T15:33:23+00:00","og_image":[{"width":736,"height":736,"url":"https:\/\/lekarzeopole.pl\/wordpress\/wp-content\/uploads\/2024\/02\/removio.jpg","type":"image\/jpeg"}],"twitter_card":"summary_large_image","twitter_misc":{"Szacowany czas czytania":"5 minut"},"schema":{"@context":"https:\/\/schema.org","@graph":[{"@type":"WebPage","@id":"https:\/\/lekarzeopole.pl\/wordpress\/product\/removio\/","url":"https:\/\/lekarzeopole.pl\/wordpress\/product\/removio\/","name":"Removio - kup suplement, cena w aptece, sk\u0142ad, dzia\u0142anie","isPartOf":{"@id":"https:\/\/lekarzeopole.pl\/wordpress\/#website"},"primaryImageOfPage":{"@id":"https:\/\/lekarzeopole.pl\/wordpress\/product\/removio\/#primaryimage"},"image":{"@id":"https:\/\/lekarzeopole.pl\/wordpress\/product\/removio\/#primaryimage"},"thumbnailUrl":"https:\/\/lekarzeopole.pl\/wordpress\/wp-content\/uploads\/2024\/02\/removio.jpg","datePublished":"2024-02-08T07:48:54+00:00","dateModified":"2025-03-30T15:33:23+00:00","breadcrumb":{"@id":"https:\/\/lekarzeopole.pl\/wordpress\/product\/removio\/#breadcrumb"},"inLanguage":"pl-PL","potentialAction":[{"@type":"ReadAction","target":["https:\/\/lekarzeopole.pl\/wordpress\/product\/removio\/"]}]},{"@type":"ImageObject","inLanguage":"pl-PL","@id":"https:\/\/lekarzeopole.pl\/wordpress\/product\/removio\/#primaryimage","url":"https:\/\/lekarzeopole.pl\/wordpress\/wp-content\/uploads\/2024\/02\/removio.jpg","contentUrl":"https:\/\/lekarzeopole.pl\/wordpress\/wp-content\/uploads\/2024\/02\/removio.jpg","width":736,"height":736,"caption":"Removio"},{"@type":"BreadcrumbList","@id":"https:\/\/lekarzeopole.pl\/wordpress\/product\/removio\/#breadcrumb","itemListElement":[{"@type":"ListItem","position":1,"name":"\u0413\u043b\u0430\u0432\u043d\u0430\u044f \u0441\u0442\u0440\u0430\u043d\u0438\u0446\u0430","item":"https:\/\/lekarzeopole.pl\/wordpress\/"},{"@type":"ListItem","position":2,"name":"Zakup","item":"https:\/\/lekarzeopole.pl\/wordpress\/"},{"@type":"ListItem","position":3,"name":"Removio"}]},{"@type":"WebSite","@id":"https:\/\/lekarzeopole.pl\/wordpress\/#website","url":"https:\/\/lekarzeopole.pl\/wordpress\/","name":"Lekarze Opole","description":"","potentialAction":[{"@type":"SearchAction","target":{"@type":"EntryPoint","urlTemplate":"https:\/\/lekarzeopole.pl\/wordpress\/?s={search_term_string}"},"query-input":{"@type":"PropertyValueSpecification","valueRequired":true,"valueName":"search_term_string"}}],"inLanguage":"pl-PL"}]}},"_links":{"self":[{"href":"https:\/\/lekarzeopole.pl\/wordpress\/wp-json\/wp\/v2\/product\/354","targetHints":{"allow":["GET"]}}],"collection":[{"href":"https:\/\/lekarzeopole.pl\/wordpress\/wp-json\/wp\/v2\/product"}],"about":[{"href":"https:\/\/lekarzeopole.pl\/wordpress\/wp-json\/wp\/v2\/types\/product"}],"replies":[{"embeddable":true,"href":"https:\/\/lekarzeopole.pl\/wordpress\/wp-json\/wp\/v2\/comments?post=354"}],"wp:featuredmedia":[{"embeddable":true,"href":"https:\/\/lekarzeopole.pl\/wordpress\/wp-json\/wp\/v2\/media\/1231"}],"wp:attachment":[{"href":"https:\/\/lekarzeopole.pl\/wordpress\/wp-json\/wp\/v2\/media?parent=354"}],"wp:term":[{"taxonomy":"product_brand","embeddable":true,"href":"https:\/\/lekarzeopole.pl\/wordpress\/wp-json\/wp\/v2\/product_brand?post=354"},{"taxonomy":"product_cat","embeddable":true,"href":"https:\/\/lekarzeopole.pl\/wordpress\/wp-json\/wp\/v2\/product_cat?post=354"},{"taxonomy":"product_tag","embeddable":true,"href":"https:\/\/lekarzeopole.pl\/wordpress\/wp-json\/wp\/v2\/product_tag?post=354"}],"curies":[{"name":"wp","href":"https:\/\/api.w.org\/{rel}","templated":true}]}}