{"id":346,"date":"2024-02-08T06:59:51","date_gmt":"2024-02-08T06:59:51","guid":{"rendered":"https:\/\/lekarzeopole.pl\/wordpress\/?post_type=product&#038;p=346"},"modified":"2024-06-07T14:39:57","modified_gmt":"2024-06-07T14:39:57","slug":"exodermin","status":"publish","type":"product","link":"https:\/\/lekarzeopole.pl\/wordpress\/product\/exodermin\/","title":{"rendered":"Exodermin"},"content":{"rendered":"<div class=\"flex-1 overflow-hidden\">\n<div class=\"react-scroll-to-bottom--css-egjuc-79elbk h-full\">\n<div class=\"react-scroll-to-bottom--css-egjuc-1n7m0yu\">\n<div class=\"flex flex-col pb-9 text-sm\">\n<div class=\"w-full text-token-text-primary\" data-testid=\"conversation-turn-3\">\n<div class=\"px-4 py-2 justify-center text-base md:gap-6 m-auto\">\n<div class=\"flex flex-1 text-base mx-auto gap-3 md:px-5 lg:px-1 xl:px-5 md:max-w-3xl lg:max-w-[40rem] xl:max-w-[48rem] group\">\n<div class=\"relative flex w-full flex-col lg:w-[calc(100%-115px)] agent-turn\">\n<div class=\"flex-col gap-1 md:gap-3\">\n<div class=\"flex flex-grow flex-col max-w-full\">\n<div class=\"min-h-[20px] text-message flex flex-col items-start gap-3 whitespace-pre-wrap break-words [.text-message+&amp;]:mt-5 overflow-x-auto\" data-message-author-role=\"assistant\" data-message-id=\"c3e5829a-094a-4638-ad52-adc3daec823b\">\n<div class=\"markdown prose w-full break-words dark:prose-invert light\">\n<p>Exodermin to innowacyjny krem stworzony z my\u015bl\u0105 o skutecznym zwalczaniu grzybicy sk\u00f3ry. Dzi\u0119ki starannie dobranym naturalnym sk\u0142adnikom, Exodermin zapewnia nie tylko skuteczn\u0105 walk\u0119 z infekcj\u0105, ale tak\u017ce \u0142agodzi jej objawy i wspomaga regeneracj\u0119 sk\u00f3ry. W niniejszym artykule przyjrzymy si\u0119 bli\u017cej temu preparatowi, jego wskazaniom do stosowania, sk\u0142adowi, dzia\u0142aniu oraz efektom, jakie mo\u017cna osi\u0105gn\u0105\u0107 dzi\u0119ki regularnemu stosowaniu kremu Exodermin.<\/p>\n<h2>Wskazania do stosowania Exodermin<\/h2>\n<p>Krem Exodermin zaleca si\u0119 stosowa\u0107 w przypadku r\u00f3\u017cnego rodzaju grzybiczych infekcji sk\u00f3ry, takich jak grzybica st\u00f3p (grzybica mi\u0119dzypalcowa, grzybica podeszwowa), grzybica paznokci, a tak\u017ce grzybica sk\u00f3ry g\u0142owy. Mo\u017ce by\u0107 r\u00f3wnie\u017c skutecznym \u015brodkiem w zwalczaniu dro\u017cd\u017cycy sk\u00f3ry oraz \u0142upie\u017cu. W przypadku jakichkolwiek podejrze\u0144 o infekcj\u0119 grzybicz\u0105 sk\u00f3ry, warto skonsultowa\u0107 si\u0119 z lekarzem w celu potwierdzenia diagnozy i uzyskania odpowiedniej porady dotycz\u0105cej dalszego post\u0119powania.<\/p>\n<h2>Sk\u0142ad i dzia\u0142anie sk\u0142adnik\u00f3w Exodermin<\/h2>\n<p>Skuteczno\u015b\u0107 kremu Exodermin wynika z zastosowania starannie dobranych naturalnych sk\u0142adnik\u00f3w, kt\u00f3re dzia\u0142aj\u0105 antygrzybicznie, przeciwzapalnie oraz \u0142agodz\u0105co na sk\u00f3r\u0119. G\u0142\u00f3wne sk\u0142adniki preparatu to:<\/p>\n<ul>\n<li><strong>Olejek z drzewa herbacianego:<\/strong> Posiada silne w\u0142a\u015bciwo\u015bci przeciwgrzybicze oraz antybakteryjne, pomaga zwalcza\u0107 infekcje grzybicze sk\u00f3ry.<\/li>\n<li><strong>Ekstrakt z aloesu:<\/strong> Dzia\u0142a \u0142agodz\u0105co i nawil\u017caj\u0105co, przyspiesza proces gojenia si\u0119 sk\u00f3ry oraz redukuje podra\u017cnienia.<\/li>\n<li><strong>Olejek z oregano:<\/strong> Jest naturalnym antyseptykiem, kt\u00f3ry pomaga w zwalczaniu infekcji grzybiczych, \u0142agodzi \u015bwi\u0105d i podra\u017cnienia sk\u00f3ry.<\/li>\n<li><strong>Ekstrakt z nagietka:<\/strong> Ma dzia\u0142anie przeciwzapalne, przyspiesza regeneracj\u0119 sk\u00f3ry i \u0142agodzi jej stany zapalne.<\/li>\n<\/ul>\n<p>Dzi\u0119ki po\u0142\u0105czeniu tych sk\u0142adnik\u00f3w, Exodermin skutecznie zwalcza grzybicze infekcje sk\u00f3ry, \u0142agodzi jej objawy, takie jak \u015bwi\u0105d czy zaczerwienienie, oraz wspomaga proces regeneracji sk\u00f3ry.<\/p>\n<p style=\"text-align: center;\"><a href=\"https:\/\/mandarv.com\/Sp4S?sub1=sub1&amp;sub2=sub2&amp;sub3=sub3&amp;sub4=sub4&amp;sub5=sub5\"><button>www.exodermin.pl<\/button><\/a><\/p>\n<h2>Efekty Exodermin i ich charakterystyka<\/h2>\n<p>Regularne stosowanie kremu Exodermin pozwala na szybk\u0105 popraw\u0119 stanu sk\u00f3ry dotkni\u0119tej grzybic\u0105. Ju\u017c po kilku dniach regularnego stosowania mo\u017cna zauwa\u017cy\u0107 zmniejszenie objaw\u00f3w infekcji, takich jak \u015bwi\u0105d, zaczerwienienie czy \u0142uszczenie si\u0119 sk\u00f3ry. Po kilkutygodniowej kuracji sk\u00f3ra staje si\u0119 zdrowsza, a objawy infekcji stopniowo zanikaj\u0105. Warto zaznaczy\u0107, \u017ce efekty mog\u0105 si\u0119 r\u00f3\u017cni\u0107 w zale\u017cno\u015bci od stopnia zaawansowania infekcji oraz indywidualnych cech organizmu.<\/p>\n<h2>Ryzyko skutk\u00f3w ubocznych<\/h2>\n<p>Preparat Exodermin opiera si\u0119 na naturalnych sk\u0142adnikach, dlatego ryzyko wyst\u0105pienia skutk\u00f3w ubocznych jest minimalne. Jednak\u017ce, jak w przypadku ka\u017cdego produktu, istnieje mo\u017cliwo\u015b\u0107 wyst\u0105pienia indywidualnej nietolerancji na kt\u00f3ry\u015b z sk\u0142adnik\u00f3w kremu. W razie wyst\u0105pienia reakcji alergicznej lub innych niepo\u017c\u0105danych objaw\u00f3w, nale\u017cy przerwa\u0107 stosowanie preparatu i skonsultowa\u0107 si\u0119 z lekarzem.<\/p>\n<p><em>Krem Exodermin to skuteczne i bezpieczne rozwi\u0105zanie w walce z grzybiczymi infekcjami sk\u00f3ry. Dzi\u0119ki starannie dobranym naturalnym sk\u0142adnikom, zapewnia skuteczn\u0105 pomoc w zwalczaniu objaw\u00f3w infekcji oraz wspomaga regeneracj\u0119 i nawil\u017cenie sk\u00f3ry. Przy regularnym stosowaniu mo\u017cna osi\u0105gn\u0105\u0107 widoczne efekty w kr\u00f3tkim czasie, przy minimalnym ryzyku wyst\u0105pienia skutk\u00f3w ubocznych. W przypadku jakichkolwiek w\u0105tpliwo\u015bci dotycz\u0105cych stosowania preparatu, zawsze warto skonsultowa\u0107 si\u0119 z lekarzem.<\/em><\/p>\n<\/div>\n<\/div>\n<\/div>\n<\/div>\n<\/div>\n<\/div>\n<\/div>\n<\/div>\n<div class=\"w-full text-token-text-primary\" data-testid=\"conversation-turn-5\">\n<div class=\"px-4 py-2 justify-center text-base md:gap-6 m-auto\">\n<div class=\"flex flex-1 text-base mx-auto gap-3 md:px-5 lg:px-1 xl:px-5 md:max-w-3xl lg:max-w-[40rem] xl:max-w-[48rem] group final-completion\">\n<div class=\"relative flex w-full flex-col lg:w-[calc(100%-115px)] agent-turn\">\n<div class=\"flex-col gap-1 md:gap-3\">\n<div class=\"flex flex-grow flex-col max-w-full\">\n<div class=\"min-h-[20px] text-message flex flex-col items-start gap-3 whitespace-pre-wrap break-words [.text-message+&amp;]:mt-5 overflow-x-auto\" data-message-author-role=\"assistant\" data-message-id=\"8bd1e3c0-0eea-4d49-9df7-63b745401d8a\">\n<div class=\"markdown prose w-full break-words dark:prose-invert light\">\n<h2>Opinie klient\u00f3w o Exodermin: fora po\u015bwi\u0119cone zdrowiu<\/h2>\n<p>W dzisiejszych czasach fora internetowe sta\u0142y si\u0119 wa\u017cnym miejscem wymiany do\u015bwiadcze\u0144 oraz opinii na temat r\u00f3\u017cnych produkt\u00f3w zdrowotnych. W Polsce, podobnie jak w innych krajach, istnieje wiele platform online po\u015bwi\u0119conych zdrowiu, na kt\u00f3rych u\u017cytkownicy dziel\u0105 si\u0119 swoimi do\u015bwiadczeniami zwi\u0105zanych z leczeniem r\u00f3\u017cnych schorze\u0144. W ostatnich latach Exodermin zyska\u0142 du\u017c\u0105 popularno\u015b\u0107 w\u015br\u00f3d polskich u\u017cytkownik\u00f3w tych for\u00f3w, co skutkowa\u0142o pojawieniem si\u0119 wielu opinii na jego temat.<\/p>\n<p>Wi\u0119kszo\u015b\u0107 u\u017cytkownik\u00f3w opisuje pozytywne dzia\u0142anie Exoderminu i jego skuteczno\u015b\u0107 w zwalczaniu grzybiczych infekcji sk\u00f3ry. Wiele os\u00f3b podkre\u015bla tak\u017ce \u0142atwo\u015b\u0107 i wygod\u0119 stosowania kremu oraz jego dost\u0119pno\u015b\u0107 na rynku. Poni\u017cej przedstawiamy dwa komentarze od u\u017cytkownik\u00f3w:<\/p>\n<ul>\n<li><strong>Anna:<\/strong> &#8222;Stosuj\u0119 Exodermin od kilku tygodni i widz\u0119 znaczn\u0105 popraw\u0119 w stanie mojej sk\u00f3ry. Objawy grzybicy stopniowo zanikaj\u0105, a sk\u00f3ra staje si\u0119 g\u0142adka i zdrowsza. Polecam ten krem ka\u017cdemu, kto boryka si\u0119 z podobnym problemem.&#8221;<\/li>\n<li><strong>Micha\u0142:<\/strong> &#8222;Exodermin to naprawd\u0119 skuteczny produkt! Dzi\u0119ki niemu pozby\u0142em si\u0119 grzybicy st\u00f3p, kt\u00f3ra dr\u0119czy\u0142a mnie od d\u0142u\u017cszego czasu. Dodatkowo, ciesz\u0119 si\u0119, \u017ce mog\u0119 go \u0142atwo zam\u00f3wi\u0107 online i otrzyma\u0107 szybk\u0105 dostaw\u0119 do domu.&#8221;<\/li>\n<\/ul>\n<h2>Spos\u00f3b podawania i dawkowanie<\/h2>\n<p>Stosowanie kremu Exodermin jest niezwykle proste i wygodne. Przed na\u0142o\u017ceniem kremu nale\u017cy dok\u0142adnie umy\u0107 i osuszy\u0107 miejsce infekcji. Nast\u0119pnie, za pomoc\u0105 do\u0142\u0105czonego aplikatora lub palca, nale\u017cy na\u0142o\u017cy\u0107 cienk\u0105 warstw\u0119 kremu na dotkni\u0119t\u0105 grzybic\u0105 sk\u00f3r\u0119 i delikatnie wmasowa\u0107. Krem stosuje si\u0119 2-3 razy dziennie, w zale\u017cno\u015bci od zalece\u0144 lekarza lub zalece\u0144 podanych na opakowaniu.<\/p>\n<h2>Kup teraz Exodermin z dostaw\u0105<\/h2>\n<p>Zam\u00f3wienie Exoderminu jest bardzo proste i wygodne. Produkt mo\u017cna zakupi\u0107 online na oficjalnej stronie internetowej producenta, co gwarantuje otrzymanie oryginalnego produktu bezpo\u015brednio od producenta, bez ryzyka zakupu podr\u00f3bek. Wystarczy wej\u015b\u0107 na stron\u0119 internetow\u0105, wybra\u0107 odpowiedni\u0105 ilo\u015b\u0107 kremu oraz dokona\u0107 zam\u00f3wienia. P\u0142atno\u015b\u0107 za produkt odbywa si\u0119 dopiero przy odbiorze, co eliminuje ryzyko niechcianych transakcji online. Dostawa Exoderminu zazwyczaj trwa od 3 do 4 dni roboczych, dzi\u0119ki czemu szybko mo\u017cna rozpocz\u0105\u0107 leczenie.<\/p>\n<p>Po z\u0142o\u017ceniu zam\u00f3wienia, klient otrzymuje r\u00f3wnie\u017c potwierdzenie telefoniczne od specjalisty, kt\u00f3ry mo\u017ce udzieli\u0107 dodatkowych informacji na temat produktu oraz dost\u0119pnych promocji i ofert specjalnych.<\/p>\n<p style=\"text-align: center;\"><a href=\"https:\/\/mandarv.com\/Sp4S?sub1=sub1&amp;sub2=sub2&amp;sub3=sub3&amp;sub4=sub4&amp;sub5=sub5\"><button>Zakup na stronie producenta (-50%)<\/button><\/a><\/p>\n<h2>Por\u00f3wnanie ofert: ceny i dost\u0119pno\u015b\u0107 Exodermin<\/h2>\n<p>Producent Exoderminu stawia na dost\u0119pno\u015b\u0107 swojego produktu dla klient\u00f3w, dlatego preparat mo\u017cna naby\u0107 bezpo\u015brednio na oficjalnej stronie internetowej producenta. Dzi\u0119ki temu unika si\u0119 po\u015brednik\u00f3w oraz dodatkowych mar\u017c, co wp\u0142ywa na konkurencyjn\u0105 cen\u0119 kremu. Dodatkowo, producent regularnie oferuje atrakcyjne promocje i zni\u017cki, kt\u00f3re warto \u015bledzi\u0107 na stronie internetowej.<\/p>\n<p>Exodermin nie jest dost\u0119pny w stacjonarnych aptekach, co oznacza, \u017ce zakup produktu mo\u017cliwy jest wy\u0142\u0105cznie poprzez oficjaln\u0105 stron\u0119 internetow\u0105 producenta. Dzi\u0119ki temu, klienci mog\u0105 mie\u0107 pewno\u015b\u0107, \u017ce otrzymuj\u0105 oryginalny produkt bez ryzyka zakupu podr\u00f3bek.<\/p>\n<\/div>\n<\/div>\n<\/div>\n<\/div>\n<\/div>\n<\/div>\n<\/div>\n<\/div>\n<\/div>\n<\/div>\n<\/div>\n<\/div>\n","protected":false},"excerpt":{"rendered":"<p style=\"text-align: center;\"><a href=\"https:\/\/mandarv.com\/Sp4S?sub1=sub1&amp;sub2=sub2&amp;sub3=sub3&amp;sub4=sub4&amp;sub5=sub5\"><button>Kup teraz<\/button><\/a><\/p>\n<p>SKU:\u00a0<span class=\"sku\">789.878.889<\/span><\/p>\n<hr \/>\n<p><small>Produkt sprzedawany jest wy\u0142\u0105cznie za po\u015brednictwem oficjalnej strony producenta, id\u017a i kupuj bezpiecznie!<\/small><\/p>\n","protected":false},"featured_media":347,"comment_status":"open","ping_status":"closed","template":"","meta":[],"product_brand":[],"product_cat":[15],"product_tag":[],"class_list":{"0":"post-346","1":"product","2":"type-product","3":"status-publish","4":"has-post-thumbnail","6":"product_cat-supl","7":"thunk-woo-product-list","8":"opn-qv-enable","9":"top-store-woo-hover-","10":"top-store-single-product-tab-horizontal","11":"top-store-shadow-","12":"top-store-shadow-hover-","14":"first","15":"instock","16":"sale","17":"shipping-taxable","18":"purchasable","19":"product-type-simple"},"yoast_head":"<!-- This site is optimized with the Yoast SEO plugin v27.4 - https:\/\/yoast.com\/product\/yoast-seo-wordpress\/ -->\n<title>Exodermin - kup suplement, cena w aptece, sk\u0142ad, dzia\u0142anie<\/title>\n<meta name=\"robots\" content=\"index, follow, max-snippet:-1, max-image-preview:large, max-video-preview:-1\" \/>\n<link rel=\"canonical\" href=\"https:\/\/lekarzeopole.pl\/wordpress\/product\/exodermin\/\" \/>\n<meta property=\"og:locale\" content=\"pl_PL\" \/>\n<meta property=\"og:type\" content=\"article\" \/>\n<meta property=\"og:title\" content=\"Exodermin - kup suplement, cena w aptece, sk\u0142ad, dzia\u0142anie\" \/>\n<meta property=\"og:description\" content=\"Kup teraz SKU:\u00a0789.878.889    Produkt sprzedawany jest wy\u0142\u0105cznie za po\u015brednictwem oficjalnej strony producenta, id\u017a i kupuj bezpiecznie!\" \/>\n<meta property=\"og:url\" content=\"https:\/\/lekarzeopole.pl\/wordpress\/product\/exodermin\/\" \/>\n<meta property=\"og:site_name\" content=\"Lekarze Opole\" \/>\n<meta property=\"article:modified_time\" content=\"2024-06-07T14:39:57+00:00\" \/>\n<meta property=\"og:image\" content=\"https:\/\/lekarzeopole.pl\/wordpress\/wp-content\/uploads\/2024\/02\/exodermin.png\" \/>\n\t<meta property=\"og:image:width\" content=\"329\" \/>\n\t<meta property=\"og:image:height\" content=\"508\" \/>\n\t<meta property=\"og:image:type\" content=\"image\/png\" \/>\n<meta name=\"twitter:card\" content=\"summary_large_image\" \/>\n<meta name=\"twitter:label1\" content=\"Szacowany czas czytania\" \/>\n\t<meta name=\"twitter:data1\" content=\"6 minut\" \/>\n<script type=\"application\/ld+json\" class=\"yoast-schema-graph\">{\"@context\":\"https:\\\/\\\/schema.org\",\"@graph\":[{\"@type\":\"WebPage\",\"@id\":\"https:\\\/\\\/lekarzeopole.pl\\\/wordpress\\\/product\\\/exodermin\\\/\",\"url\":\"https:\\\/\\\/lekarzeopole.pl\\\/wordpress\\\/product\\\/exodermin\\\/\",\"name\":\"Exodermin - kup suplement, cena w aptece, sk\u0142ad, dzia\u0142anie\",\"isPartOf\":{\"@id\":\"https:\\\/\\\/lekarzeopole.pl\\\/wordpress\\\/#website\"},\"primaryImageOfPage\":{\"@id\":\"https:\\\/\\\/lekarzeopole.pl\\\/wordpress\\\/product\\\/exodermin\\\/#primaryimage\"},\"image\":{\"@id\":\"https:\\\/\\\/lekarzeopole.pl\\\/wordpress\\\/product\\\/exodermin\\\/#primaryimage\"},\"thumbnailUrl\":\"https:\\\/\\\/lekarzeopole.pl\\\/wordpress\\\/wp-content\\\/uploads\\\/2024\\\/02\\\/exodermin.png\",\"datePublished\":\"2024-02-08T06:59:51+00:00\",\"dateModified\":\"2024-06-07T14:39:57+00:00\",\"breadcrumb\":{\"@id\":\"https:\\\/\\\/lekarzeopole.pl\\\/wordpress\\\/product\\\/exodermin\\\/#breadcrumb\"},\"inLanguage\":\"pl-PL\",\"potentialAction\":[{\"@type\":\"ReadAction\",\"target\":[\"https:\\\/\\\/lekarzeopole.pl\\\/wordpress\\\/product\\\/exodermin\\\/\"]}]},{\"@type\":\"ImageObject\",\"inLanguage\":\"pl-PL\",\"@id\":\"https:\\\/\\\/lekarzeopole.pl\\\/wordpress\\\/product\\\/exodermin\\\/#primaryimage\",\"url\":\"https:\\\/\\\/lekarzeopole.pl\\\/wordpress\\\/wp-content\\\/uploads\\\/2024\\\/02\\\/exodermin.png\",\"contentUrl\":\"https:\\\/\\\/lekarzeopole.pl\\\/wordpress\\\/wp-content\\\/uploads\\\/2024\\\/02\\\/exodermin.png\",\"width\":329,\"height\":508,\"caption\":\"Exodermin\"},{\"@type\":\"BreadcrumbList\",\"@id\":\"https:\\\/\\\/lekarzeopole.pl\\\/wordpress\\\/product\\\/exodermin\\\/#breadcrumb\",\"itemListElement\":[{\"@type\":\"ListItem\",\"position\":1,\"name\":\"\u0413\u043b\u0430\u0432\u043d\u0430\u044f \u0441\u0442\u0440\u0430\u043d\u0438\u0446\u0430\",\"item\":\"https:\\\/\\\/lekarzeopole.pl\\\/wordpress\\\/\"},{\"@type\":\"ListItem\",\"position\":2,\"name\":\"Zakup\",\"item\":\"https:\\\/\\\/lekarzeopole.pl\\\/wordpress\\\/\"},{\"@type\":\"ListItem\",\"position\":3,\"name\":\"Exodermin\"}]},{\"@type\":\"WebSite\",\"@id\":\"https:\\\/\\\/lekarzeopole.pl\\\/wordpress\\\/#website\",\"url\":\"https:\\\/\\\/lekarzeopole.pl\\\/wordpress\\\/\",\"name\":\"Lekarze Opole\",\"description\":\"\",\"potentialAction\":[{\"@type\":\"SearchAction\",\"target\":{\"@type\":\"EntryPoint\",\"urlTemplate\":\"https:\\\/\\\/lekarzeopole.pl\\\/wordpress\\\/?s={search_term_string}\"},\"query-input\":{\"@type\":\"PropertyValueSpecification\",\"valueRequired\":true,\"valueName\":\"search_term_string\"}}],\"inLanguage\":\"pl-PL\"}]}<\/script>\n<!-- \/ Yoast SEO plugin. -->","yoast_head_json":{"title":"Exodermin - kup suplement, cena w aptece, sk\u0142ad, dzia\u0142anie","robots":{"index":"index","follow":"follow","max-snippet":"max-snippet:-1","max-image-preview":"max-image-preview:large","max-video-preview":"max-video-preview:-1"},"canonical":"https:\/\/lekarzeopole.pl\/wordpress\/product\/exodermin\/","og_locale":"pl_PL","og_type":"article","og_title":"Exodermin - kup suplement, cena w aptece, sk\u0142ad, dzia\u0142anie","og_description":"Kup teraz SKU:\u00a0789.878.889    Produkt sprzedawany jest wy\u0142\u0105cznie za po\u015brednictwem oficjalnej strony producenta, id\u017a i kupuj bezpiecznie!","og_url":"https:\/\/lekarzeopole.pl\/wordpress\/product\/exodermin\/","og_site_name":"Lekarze Opole","article_modified_time":"2024-06-07T14:39:57+00:00","og_image":[{"width":329,"height":508,"url":"https:\/\/lekarzeopole.pl\/wordpress\/wp-content\/uploads\/2024\/02\/exodermin.png","type":"image\/png"}],"twitter_card":"summary_large_image","twitter_misc":{"Szacowany czas czytania":"6 minut"},"schema":{"@context":"https:\/\/schema.org","@graph":[{"@type":"WebPage","@id":"https:\/\/lekarzeopole.pl\/wordpress\/product\/exodermin\/","url":"https:\/\/lekarzeopole.pl\/wordpress\/product\/exodermin\/","name":"Exodermin - kup suplement, cena w aptece, sk\u0142ad, dzia\u0142anie","isPartOf":{"@id":"https:\/\/lekarzeopole.pl\/wordpress\/#website"},"primaryImageOfPage":{"@id":"https:\/\/lekarzeopole.pl\/wordpress\/product\/exodermin\/#primaryimage"},"image":{"@id":"https:\/\/lekarzeopole.pl\/wordpress\/product\/exodermin\/#primaryimage"},"thumbnailUrl":"https:\/\/lekarzeopole.pl\/wordpress\/wp-content\/uploads\/2024\/02\/exodermin.png","datePublished":"2024-02-08T06:59:51+00:00","dateModified":"2024-06-07T14:39:57+00:00","breadcrumb":{"@id":"https:\/\/lekarzeopole.pl\/wordpress\/product\/exodermin\/#breadcrumb"},"inLanguage":"pl-PL","potentialAction":[{"@type":"ReadAction","target":["https:\/\/lekarzeopole.pl\/wordpress\/product\/exodermin\/"]}]},{"@type":"ImageObject","inLanguage":"pl-PL","@id":"https:\/\/lekarzeopole.pl\/wordpress\/product\/exodermin\/#primaryimage","url":"https:\/\/lekarzeopole.pl\/wordpress\/wp-content\/uploads\/2024\/02\/exodermin.png","contentUrl":"https:\/\/lekarzeopole.pl\/wordpress\/wp-content\/uploads\/2024\/02\/exodermin.png","width":329,"height":508,"caption":"Exodermin"},{"@type":"BreadcrumbList","@id":"https:\/\/lekarzeopole.pl\/wordpress\/product\/exodermin\/#breadcrumb","itemListElement":[{"@type":"ListItem","position":1,"name":"\u0413\u043b\u0430\u0432\u043d\u0430\u044f \u0441\u0442\u0440\u0430\u043d\u0438\u0446\u0430","item":"https:\/\/lekarzeopole.pl\/wordpress\/"},{"@type":"ListItem","position":2,"name":"Zakup","item":"https:\/\/lekarzeopole.pl\/wordpress\/"},{"@type":"ListItem","position":3,"name":"Exodermin"}]},{"@type":"WebSite","@id":"https:\/\/lekarzeopole.pl\/wordpress\/#website","url":"https:\/\/lekarzeopole.pl\/wordpress\/","name":"Lekarze Opole","description":"","potentialAction":[{"@type":"SearchAction","target":{"@type":"EntryPoint","urlTemplate":"https:\/\/lekarzeopole.pl\/wordpress\/?s={search_term_string}"},"query-input":{"@type":"PropertyValueSpecification","valueRequired":true,"valueName":"search_term_string"}}],"inLanguage":"pl-PL"}]}},"_links":{"self":[{"href":"https:\/\/lekarzeopole.pl\/wordpress\/wp-json\/wp\/v2\/product\/346","targetHints":{"allow":["GET"]}}],"collection":[{"href":"https:\/\/lekarzeopole.pl\/wordpress\/wp-json\/wp\/v2\/product"}],"about":[{"href":"https:\/\/lekarzeopole.pl\/wordpress\/wp-json\/wp\/v2\/types\/product"}],"replies":[{"embeddable":true,"href":"https:\/\/lekarzeopole.pl\/wordpress\/wp-json\/wp\/v2\/comments?post=346"}],"wp:featuredmedia":[{"embeddable":true,"href":"https:\/\/lekarzeopole.pl\/wordpress\/wp-json\/wp\/v2\/media\/347"}],"wp:attachment":[{"href":"https:\/\/lekarzeopole.pl\/wordpress\/wp-json\/wp\/v2\/media?parent=346"}],"wp:term":[{"taxonomy":"product_brand","embeddable":true,"href":"https:\/\/lekarzeopole.pl\/wordpress\/wp-json\/wp\/v2\/product_brand?post=346"},{"taxonomy":"product_cat","embeddable":true,"href":"https:\/\/lekarzeopole.pl\/wordpress\/wp-json\/wp\/v2\/product_cat?post=346"},{"taxonomy":"product_tag","embeddable":true,"href":"https:\/\/lekarzeopole.pl\/wordpress\/wp-json\/wp\/v2\/product_tag?post=346"}],"curies":[{"name":"wp","href":"https:\/\/api.w.org\/{rel}","templated":true}]}}