{"id":328,"date":"2024-02-07T10:28:40","date_gmt":"2024-02-07T10:28:40","guid":{"rendered":"https:\/\/lekarzeopole.pl\/wordpress\/?post_type=product&#038;p=328"},"modified":"2025-02-05T20:00:03","modified_gmt":"2025-02-05T20:00:03","slug":"traugel","status":"publish","type":"product","link":"https:\/\/lekarzeopole.pl\/wordpress\/product\/traugel\/","title":{"rendered":"Traugel"},"content":{"rendered":"<div class=\"w-full text-token-text-primary\" data-testid=\"conversation-turn-3\">\n<div class=\"px-4 py-2 justify-center text-base md:gap-6 m-auto\">\n<div class=\"flex flex-1 text-base mx-auto gap-3 md:px-5 lg:px-1 xl:px-5 md:max-w-3xl lg:max-w-[40rem] xl:max-w-[48rem] group\">\n<div class=\"relative flex w-full flex-col lg:w-[calc(100%-115px)] agent-turn\">\n<div class=\"flex-col gap-1 md:gap-3\">\n<div class=\"flex flex-grow flex-col max-w-full\">\n<div class=\"min-h-[20px] text-message flex flex-col items-start gap-3 whitespace-pre-wrap break-words [.text-message+&amp;]:mt-5 overflow-x-auto\" data-message-author-role=\"assistant\" data-message-id=\"bb83206b-be3f-401b-88a8-821c4ce35687\">\n<div class=\"markdown prose w-full break-words dark:prose-invert light\">\n<p>Traugel to innowacyjny produkt, kt\u00f3ry znacz\u0105co poprawia zdrowie staw\u00f3w. Jest to skuteczne rozwi\u0105zanie dla os\u00f3b cierpi\u0105cych na dolegliwo\u015bci staw\u00f3w, w tym artretyzm, zapalenie staw\u00f3w, czy przewlek\u0142e b\u00f3le staw\u00f3w. Ponadto, Traugel mo\u017ce by\u0107 stosowany profilaktycznie przez osoby aktywne fizycznie, sportowc\u00f3w oraz senior\u00f3w, aby zapobiega\u0107 uszkodzeniom staw\u00f3w i wspiera\u0107 ich regeneracj\u0119.<\/p>\n<h2>Sk\u0142ad i dzia\u0142anie sk\u0142adnik\u00f3w Traugel<\/h2>\n<p>Traugel to bio-gel oparty na najnowszych osi\u0105gni\u0119ciach bionanotechnologii, kt\u00f3ry zawiera wy\u0142\u0105cznie naturalne sk\u0142adniki. Dzi\u0119ki unikalnej formule, sk\u0142adniki \u017celu doskonale si\u0119 rozpuszczaj\u0105 w p\u0142ynach kom\u00f3rkowych, co pozwala im szybko dotrze\u0107 do uszkodzonych obszar\u00f3w staw\u00f3w i zintegrowa\u0107 si\u0119 z ich macierz\u0105 biologiczn\u0105.<\/p>\n<p>G\u0142\u00f3wne sk\u0142adniki Traugel obejmuj\u0105:<\/p>\n<ul>\n<li><strong>Mikrosfery sk\u0142adnik\u00f3w bioaktywnych:<\/strong> Te mikrosfery maj\u0105 zdolno\u015b\u0107 do celowanego uwalniania sk\u0142adnik\u00f3w aktywnych, co pozwala na indywidualne dzia\u0142anie na chrz\u0105stk\u0119, tkank\u0119 \u0142\u0105czn\u0105, mi\u0119\u015bnie i naczynia krwiono\u015bne w okolicy staw\u00f3w.<\/li>\n<li><strong>Naturalne substancje aktywne:<\/strong> W sk\u0142adzie \u017celu znajduj\u0105 si\u0119 naturalne sk\u0142adniki o silnych w\u0142a\u015bciwo\u015bciach regeneruj\u0105cych, takie jak ekstrakt z aloesu, ekstrakt z arniki, czy olejek z drzewa herbacianego. Te substancje dzia\u0142aj\u0105 synergistycznie, wzmacniaj\u0105c efekt regeneruj\u0105cy \u017celu.<\/li>\n<\/ul>\n<h2>Efekty Traugel i ich charakterystyka<\/h2>\n<p>Traugel charakteryzuje si\u0119 szybkim i efektywnym dzia\u0142aniem, dzi\u0119ki czemu osoby stosuj\u0105ce go szybko odczuwaj\u0105 ulg\u0119 w b\u00f3lach staw\u00f3w oraz popraw\u0119 ruchomo\u015bci staw\u00f3w. Regularne stosowanie \u017celu przyczynia si\u0119 do regeneracji chrz\u0105stki stawowej, zmniejszenia stan\u00f3w zapalnych oraz poprawy og\u00f3lnej kondycji staw\u00f3w. Ponadto, Traugel mo\u017ce by\u0107 stosowany zar\u00f3wno na kr\u00f3tk\u0105, jak i d\u0142ugotrwa\u0142\u0105 met\u0119, w zale\u017cno\u015bci od potrzeb pacjenta.<\/p>\n<p style=\"text-align: center;\"><a href=\"https:\/\/mandarv.com\/MXdS?sub1=sub1&amp;sub2=sub2&amp;sub3=sub3&amp;sub4=sub4&amp;sub5=sub5\"><button>www.traugel.pl<\/button><\/a><\/p>\n<h2>Ryzyko skutk\u00f3w ubocznych<\/h2>\n<p>Jednym z g\u0142\u00f3wnych atut\u00f3w Traugel jest fakt, \u017ce jest to preparat oparty na naturalnych sk\u0142adnikach, dlatego ryzyko wyst\u0105pienia skutk\u00f3w ubocznych jest minimalne. Dzi\u0119ki temu, osoby stosuj\u0105ce Traugel mog\u0105 by\u0107 pewne, \u017ce nie nara\u017caj\u0105 si\u0119 na niepo\u017c\u0105dane reakcje organizmu, kt\u00f3re cz\u0119sto towarzysz\u0105 stosowaniu lek\u00f3w farmaceutycznych. Niemniej jednak, w przypadku wyst\u0105pienia jakichkolwiek niepokoj\u0105cych objaw\u00f3w, zawsze warto skonsultowa\u0107 si\u0119 z lekarzem.<\/p>\n<p><em>Traugel to innowacyjny \u017cel dla staw\u00f3w, kt\u00f3ry dzi\u0119ki swojej unikalnej formule i sk\u0142adnikom bioaktywnym zapewnia skuteczn\u0105 pomoc w regeneracji staw\u00f3w. Dzi\u0119ki naturalnym sk\u0142adnikom i minimalnemu ryzyku skutk\u00f3w ubocznych, Traugel mo\u017ce by\u0107 stosowany przez osoby w ka\u017cdym wieku, kt\u00f3re chc\u0105 zadba\u0107 o zdrowie i sprawno\u015b\u0107 swoich staw\u00f3w. Dla wszystkich cierpi\u0105cych na b\u00f3le staw\u00f3w i problemy z ruchomo\u015bci\u0105, Traugel mo\u017ce stanowi\u0107 niezast\u0105pione wsparcie w codziennej walce o lepsze samopoczucie i jako\u015b\u0107 \u017cycia.<\/em><\/p>\n<\/div>\n<\/div>\n<\/div>\n<\/div>\n<\/div>\n<\/div>\n<\/div>\n<\/div>\n<div class=\"w-full text-token-text-primary\" data-testid=\"conversation-turn-5\">\n<div class=\"px-4 py-2 justify-center text-base md:gap-6 m-auto\">\n<div class=\"flex flex-1 text-base mx-auto gap-3 md:px-5 lg:px-1 xl:px-5 md:max-w-3xl lg:max-w-[40rem] xl:max-w-[48rem] group final-completion\">\n<div class=\"relative flex w-full flex-col lg:w-[calc(100%-115px)] agent-turn\">\n<div class=\"flex-col gap-1 md:gap-3\">\n<div class=\"flex flex-grow flex-col max-w-full\">\n<div class=\"min-h-[20px] text-message flex flex-col items-start gap-3 whitespace-pre-wrap break-words [.text-message+&amp;]:mt-5 overflow-x-auto\" data-message-author-role=\"assistant\" data-message-id=\"37b9394f-9b0f-440c-8ee2-a5635ad451ff\">\n<div class=\"markdown prose w-full break-words dark:prose-invert light\">\n<h2>Opinie klient\u00f3w o Traugel: fora po\u015bwi\u0119cone zdrowiu<\/h2>\n<p>Na forach internetowych po\u015bwi\u0119conych zdrowiu w Polsce coraz cz\u0119\u015bciej pojawiaj\u0105 si\u0119 dyskusje na temat skuteczno\u015bci i efekt\u00f3w stosowania Traugel. Zainteresowanie tym produktem ro\u015bnie w\u015br\u00f3d klient\u00f3w, co sprawia, \u017ce opinii na jego temat jest coraz wi\u0119cej. Wi\u0119kszo\u015b\u0107 u\u017cytkownik\u00f3w opisuje pozytywne do\u015bwiadczenia zwi\u0105zane z korzystaniem z tego preparatu, podkre\u015blaj\u0105c jego skuteczno\u015b\u0107 i dost\u0119pno\u015b\u0107. Oto dwa przyk\u0142adowe opinie od u\u017cytkownik\u00f3w:<\/p>\n<ol>\n<li><strong>Anna:<\/strong> &#8222;Stosuj\u0119 Traugel od kilku tygodni i zauwa\u017cy\u0142am znaczn\u0105 popraw\u0119 w moim stanie zdrowia. B\u00f3le staw\u00f3w ust\u0105pi\u0142y, a ruchomo\u015b\u0107 zosta\u0142a przywr\u00f3cona. Bardzo polecam ten produkt!&#8221;<\/li>\n<li><strong>Piotr:<\/strong> &#8222;Traugel okaza\u0142 si\u0119 dla mnie odkryciem roku. Dzi\u0119ki regularnemu stosowaniu \u017celu, mog\u0119 zn\u00f3w aktywnie uprawia\u0107 sport bez b\u00f3lu i dyskomfortu. Jestem zachwycony efektami!&#8221;<\/li>\n<\/ol>\n<h2>Spos\u00f3b podawania i dawkowanie<\/h2>\n<p>Traugel nale\u017cy stosowa\u0107 zgodnie z zaleceniami producenta. Zazwyczaj wystarczy na\u0142o\u017cy\u0107 niewielk\u0105 ilo\u015b\u0107 \u017celu na obszar dotkni\u0119ty dolegliwo\u015bciami staw\u00f3w i delikatnie wmasowa\u0107. Preparat mo\u017cna stosowa\u0107 kilka razy dziennie, w zale\u017cno\u015bci od potrzeb i intensywno\u015bci objaw\u00f3w. Zaleca si\u0119 regularne stosowanie Traugel, aby osi\u0105gn\u0105\u0107 najlepsze efekty w regeneracji staw\u00f3w.<\/p>\n<p style=\"text-align: center;\"><a href=\"https:\/\/mandarv.com\/MXdS?sub1=sub1&amp;sub2=sub2&amp;sub3=sub3&amp;sub4=sub4&amp;sub5=sub5\"><button>Zakup na stronie producenta (-50%)<\/button><\/a><\/p>\n<h2>Kup teraz Traugel z dostaw\u0105<\/h2>\n<p>Zam\u00f3wienie Traugel jest bardzo proste i wygodne. Produkt mo\u017cna zakupi\u0107 online na oficjalnej stronie producenta bez konieczno\u015bci wcze\u015bniejszej p\u0142atno\u015bci. Op\u0142ata za produkt odbywa si\u0119 dopiero po dostawie, co daje gwarancj\u0119 otrzymania oryginalnego produktu bez ryzyka. Dostawa Traugel trwa zazwyczaj 3-4 dni robocze w ca\u0142ej Polsce. Po z\u0142o\u017ceniu zam\u00f3wienia, klient otrzymuje potwierdzenie telefoniczne od specjalisty, kt\u00f3ry s\u0142u\u017cy pomoc\u0105 w kwestiach dotycz\u0105cych produktu oraz informuje o ewentualnych promocjach.<\/p>\n<h2>Por\u00f3wnanie ofert: ceny i dost\u0119pno\u015b\u0107 Traugel<\/h2>\n<p>Producent Traugel stawia na dost\u0119pno\u015b\u0107 produktu dla klient\u00f3w, dlatego preparat mo\u017cna zakupi\u0107 bezpo\u015brednio na oficjalnej stronie producenta, eliminuj\u0105c po\u015brednik\u00f3w i dodatkowe koszty. Dodatkowo, na stronie cz\u0119sto dost\u0119pne s\u0105 atrakcyjne rabaty i promocje, kt\u00f3re warto regularnie sprawdza\u0107. Warto zauwa\u017cy\u0107, \u017ce Traugel nie jest dost\u0119pny w stacjonarnych aptekach, co zapewnia klientom bezpo\u015bredni dost\u0119p do oryginalnego produktu bez ryzyka podr\u00f3bek i podrz\u0119dnej jako\u015bci.<\/p>\n<\/div>\n<\/div>\n<\/div>\n<\/div>\n<\/div>\n<\/div>\n<\/div>\n<\/div>\n","protected":false},"excerpt":{"rendered":"<p style=\"text-align: center;\"><a href=\"https:\/\/mandarv.com\/MXdS?sub1=sub1&amp;sub2=sub2&amp;sub3=sub3&amp;sub4=sub4&amp;sub5=sub5\"><button>Kup teraz<\/button><\/a><\/p>\n<p>SKU:\u00a0<span class=\"sku\">789.878.799<\/span><\/p>\n<hr \/>\n<p><small>Produkt sprzedawany jest wy\u0142\u0105cznie za po\u015brednictwem oficjalnej strony producenta, id\u017a i kupuj bezpiecznie!<\/small><\/p>\n","protected":false},"featured_media":329,"comment_status":"open","ping_status":"closed","template":"","meta":[],"product_brand":[],"product_cat":[15],"product_tag":[],"class_list":{"0":"post-328","1":"product","2":"type-product","3":"status-publish","4":"has-post-thumbnail","6":"product_cat-supl","7":"thunk-woo-product-list","8":"opn-qv-enable","9":"top-store-woo-hover-","10":"top-store-single-product-tab-horizontal","11":"top-store-shadow-","12":"top-store-shadow-hover-","14":"first","15":"instock","16":"sale","17":"shipping-taxable","18":"purchasable","19":"product-type-simple"},"yoast_head":"<!-- This site is optimized with the Yoast SEO plugin v27.5 - https:\/\/yoast.com\/product\/yoast-seo-wordpress\/ -->\n<title>Traugel - kup suplement, cena w aptece, sk\u0142ad, dzia\u0142anie<\/title>\n<meta name=\"robots\" content=\"index, follow, max-snippet:-1, max-image-preview:large, max-video-preview:-1\" \/>\n<link rel=\"canonical\" href=\"https:\/\/lekarzeopole.pl\/wordpress\/product\/traugel\/\" \/>\n<meta property=\"og:locale\" content=\"pl_PL\" \/>\n<meta property=\"og:type\" content=\"article\" \/>\n<meta property=\"og:title\" content=\"Traugel - kup suplement, cena w aptece, sk\u0142ad, dzia\u0142anie\" \/>\n<meta property=\"og:description\" content=\"Kup teraz SKU:\u00a0789.878.799    Produkt sprzedawany jest wy\u0142\u0105cznie za po\u015brednictwem oficjalnej strony producenta, id\u017a i kupuj bezpiecznie!\" \/>\n<meta property=\"og:url\" content=\"https:\/\/lekarzeopole.pl\/wordpress\/product\/traugel\/\" \/>\n<meta property=\"og:site_name\" content=\"Lekarze Opole\" \/>\n<meta property=\"article:modified_time\" content=\"2025-02-05T20:00:03+00:00\" \/>\n<meta property=\"og:image\" content=\"https:\/\/lekarzeopole.pl\/wordpress\/wp-content\/uploads\/2024\/02\/traugel.png\" \/>\n\t<meta property=\"og:image:width\" content=\"365\" \/>\n\t<meta property=\"og:image:height\" content=\"495\" \/>\n\t<meta property=\"og:image:type\" content=\"image\/png\" \/>\n<meta name=\"twitter:card\" content=\"summary_large_image\" \/>\n<meta name=\"twitter:label1\" content=\"Szacowany czas czytania\" \/>\n\t<meta name=\"twitter:data1\" content=\"5 minut\" \/>\n<script type=\"application\/ld+json\" class=\"yoast-schema-graph\">{\"@context\":\"https:\\\/\\\/schema.org\",\"@graph\":[{\"@type\":\"WebPage\",\"@id\":\"https:\\\/\\\/lekarzeopole.pl\\\/wordpress\\\/product\\\/traugel\\\/\",\"url\":\"https:\\\/\\\/lekarzeopole.pl\\\/wordpress\\\/product\\\/traugel\\\/\",\"name\":\"Traugel - kup suplement, cena w aptece, sk\u0142ad, dzia\u0142anie\",\"isPartOf\":{\"@id\":\"https:\\\/\\\/lekarzeopole.pl\\\/wordpress\\\/#website\"},\"primaryImageOfPage\":{\"@id\":\"https:\\\/\\\/lekarzeopole.pl\\\/wordpress\\\/product\\\/traugel\\\/#primaryimage\"},\"image\":{\"@id\":\"https:\\\/\\\/lekarzeopole.pl\\\/wordpress\\\/product\\\/traugel\\\/#primaryimage\"},\"thumbnailUrl\":\"https:\\\/\\\/lekarzeopole.pl\\\/wordpress\\\/wp-content\\\/uploads\\\/2024\\\/02\\\/traugel.png\",\"datePublished\":\"2024-02-07T10:28:40+00:00\",\"dateModified\":\"2025-02-05T20:00:03+00:00\",\"breadcrumb\":{\"@id\":\"https:\\\/\\\/lekarzeopole.pl\\\/wordpress\\\/product\\\/traugel\\\/#breadcrumb\"},\"inLanguage\":\"pl-PL\",\"potentialAction\":[{\"@type\":\"ReadAction\",\"target\":[\"https:\\\/\\\/lekarzeopole.pl\\\/wordpress\\\/product\\\/traugel\\\/\"]}]},{\"@type\":\"ImageObject\",\"inLanguage\":\"pl-PL\",\"@id\":\"https:\\\/\\\/lekarzeopole.pl\\\/wordpress\\\/product\\\/traugel\\\/#primaryimage\",\"url\":\"https:\\\/\\\/lekarzeopole.pl\\\/wordpress\\\/wp-content\\\/uploads\\\/2024\\\/02\\\/traugel.png\",\"contentUrl\":\"https:\\\/\\\/lekarzeopole.pl\\\/wordpress\\\/wp-content\\\/uploads\\\/2024\\\/02\\\/traugel.png\",\"width\":365,\"height\":495,\"caption\":\"Traugel\"},{\"@type\":\"BreadcrumbList\",\"@id\":\"https:\\\/\\\/lekarzeopole.pl\\\/wordpress\\\/product\\\/traugel\\\/#breadcrumb\",\"itemListElement\":[{\"@type\":\"ListItem\",\"position\":1,\"name\":\"\u0413\u043b\u0430\u0432\u043d\u0430\u044f \u0441\u0442\u0440\u0430\u043d\u0438\u0446\u0430\",\"item\":\"https:\\\/\\\/lekarzeopole.pl\\\/wordpress\\\/\"},{\"@type\":\"ListItem\",\"position\":2,\"name\":\"Zakup\",\"item\":\"https:\\\/\\\/lekarzeopole.pl\\\/wordpress\\\/\"},{\"@type\":\"ListItem\",\"position\":3,\"name\":\"Traugel\"}]},{\"@type\":\"WebSite\",\"@id\":\"https:\\\/\\\/lekarzeopole.pl\\\/wordpress\\\/#website\",\"url\":\"https:\\\/\\\/lekarzeopole.pl\\\/wordpress\\\/\",\"name\":\"Lekarze Opole\",\"description\":\"\",\"potentialAction\":[{\"@type\":\"SearchAction\",\"target\":{\"@type\":\"EntryPoint\",\"urlTemplate\":\"https:\\\/\\\/lekarzeopole.pl\\\/wordpress\\\/?s={search_term_string}\"},\"query-input\":{\"@type\":\"PropertyValueSpecification\",\"valueRequired\":true,\"valueName\":\"search_term_string\"}}],\"inLanguage\":\"pl-PL\"}]}<\/script>\n<!-- \/ Yoast SEO plugin. -->","yoast_head_json":{"title":"Traugel - kup suplement, cena w aptece, sk\u0142ad, dzia\u0142anie","robots":{"index":"index","follow":"follow","max-snippet":"max-snippet:-1","max-image-preview":"max-image-preview:large","max-video-preview":"max-video-preview:-1"},"canonical":"https:\/\/lekarzeopole.pl\/wordpress\/product\/traugel\/","og_locale":"pl_PL","og_type":"article","og_title":"Traugel - kup suplement, cena w aptece, sk\u0142ad, dzia\u0142anie","og_description":"Kup teraz SKU:\u00a0789.878.799    Produkt sprzedawany jest wy\u0142\u0105cznie za po\u015brednictwem oficjalnej strony producenta, id\u017a i kupuj bezpiecznie!","og_url":"https:\/\/lekarzeopole.pl\/wordpress\/product\/traugel\/","og_site_name":"Lekarze Opole","article_modified_time":"2025-02-05T20:00:03+00:00","og_image":[{"width":365,"height":495,"url":"https:\/\/lekarzeopole.pl\/wordpress\/wp-content\/uploads\/2024\/02\/traugel.png","type":"image\/png"}],"twitter_card":"summary_large_image","twitter_misc":{"Szacowany czas czytania":"5 minut"},"schema":{"@context":"https:\/\/schema.org","@graph":[{"@type":"WebPage","@id":"https:\/\/lekarzeopole.pl\/wordpress\/product\/traugel\/","url":"https:\/\/lekarzeopole.pl\/wordpress\/product\/traugel\/","name":"Traugel - kup suplement, cena w aptece, sk\u0142ad, dzia\u0142anie","isPartOf":{"@id":"https:\/\/lekarzeopole.pl\/wordpress\/#website"},"primaryImageOfPage":{"@id":"https:\/\/lekarzeopole.pl\/wordpress\/product\/traugel\/#primaryimage"},"image":{"@id":"https:\/\/lekarzeopole.pl\/wordpress\/product\/traugel\/#primaryimage"},"thumbnailUrl":"https:\/\/lekarzeopole.pl\/wordpress\/wp-content\/uploads\/2024\/02\/traugel.png","datePublished":"2024-02-07T10:28:40+00:00","dateModified":"2025-02-05T20:00:03+00:00","breadcrumb":{"@id":"https:\/\/lekarzeopole.pl\/wordpress\/product\/traugel\/#breadcrumb"},"inLanguage":"pl-PL","potentialAction":[{"@type":"ReadAction","target":["https:\/\/lekarzeopole.pl\/wordpress\/product\/traugel\/"]}]},{"@type":"ImageObject","inLanguage":"pl-PL","@id":"https:\/\/lekarzeopole.pl\/wordpress\/product\/traugel\/#primaryimage","url":"https:\/\/lekarzeopole.pl\/wordpress\/wp-content\/uploads\/2024\/02\/traugel.png","contentUrl":"https:\/\/lekarzeopole.pl\/wordpress\/wp-content\/uploads\/2024\/02\/traugel.png","width":365,"height":495,"caption":"Traugel"},{"@type":"BreadcrumbList","@id":"https:\/\/lekarzeopole.pl\/wordpress\/product\/traugel\/#breadcrumb","itemListElement":[{"@type":"ListItem","position":1,"name":"\u0413\u043b\u0430\u0432\u043d\u0430\u044f \u0441\u0442\u0440\u0430\u043d\u0438\u0446\u0430","item":"https:\/\/lekarzeopole.pl\/wordpress\/"},{"@type":"ListItem","position":2,"name":"Zakup","item":"https:\/\/lekarzeopole.pl\/wordpress\/"},{"@type":"ListItem","position":3,"name":"Traugel"}]},{"@type":"WebSite","@id":"https:\/\/lekarzeopole.pl\/wordpress\/#website","url":"https:\/\/lekarzeopole.pl\/wordpress\/","name":"Lekarze Opole","description":"","potentialAction":[{"@type":"SearchAction","target":{"@type":"EntryPoint","urlTemplate":"https:\/\/lekarzeopole.pl\/wordpress\/?s={search_term_string}"},"query-input":{"@type":"PropertyValueSpecification","valueRequired":true,"valueName":"search_term_string"}}],"inLanguage":"pl-PL"}]}},"_links":{"self":[{"href":"https:\/\/lekarzeopole.pl\/wordpress\/wp-json\/wp\/v2\/product\/328","targetHints":{"allow":["GET"]}}],"collection":[{"href":"https:\/\/lekarzeopole.pl\/wordpress\/wp-json\/wp\/v2\/product"}],"about":[{"href":"https:\/\/lekarzeopole.pl\/wordpress\/wp-json\/wp\/v2\/types\/product"}],"replies":[{"embeddable":true,"href":"https:\/\/lekarzeopole.pl\/wordpress\/wp-json\/wp\/v2\/comments?post=328"}],"wp:featuredmedia":[{"embeddable":true,"href":"https:\/\/lekarzeopole.pl\/wordpress\/wp-json\/wp\/v2\/media\/329"}],"wp:attachment":[{"href":"https:\/\/lekarzeopole.pl\/wordpress\/wp-json\/wp\/v2\/media?parent=328"}],"wp:term":[{"taxonomy":"product_brand","embeddable":true,"href":"https:\/\/lekarzeopole.pl\/wordpress\/wp-json\/wp\/v2\/product_brand?post=328"},{"taxonomy":"product_cat","embeddable":true,"href":"https:\/\/lekarzeopole.pl\/wordpress\/wp-json\/wp\/v2\/product_cat?post=328"},{"taxonomy":"product_tag","embeddable":true,"href":"https:\/\/lekarzeopole.pl\/wordpress\/wp-json\/wp\/v2\/product_tag?post=328"}],"curies":[{"name":"wp","href":"https:\/\/api.w.org\/{rel}","templated":true}]}}