{"id":326,"date":"2024-02-07T10:19:54","date_gmt":"2024-02-07T10:19:54","guid":{"rendered":"https:\/\/lekarzeopole.pl\/wordpress\/?post_type=product&#038;p=326"},"modified":"2024-06-07T14:28:44","modified_gmt":"2024-06-07T14:28:44","slug":"nicozero","status":"publish","type":"product","link":"https:\/\/lekarzeopole.pl\/wordpress\/product\/nicozero\/","title":{"rendered":"NicoZero"},"content":{"rendered":"<div class=\"flex-1 overflow-hidden\">\n<div class=\"react-scroll-to-bottom--css-zxjgh-79elbk h-full\">\n<div class=\"react-scroll-to-bottom--css-zxjgh-1n7m0yu\">\n<div class=\"flex flex-col pb-9 text-sm\">\n<div class=\"w-full text-token-text-primary\" data-testid=\"conversation-turn-3\">\n<div class=\"px-4 py-2 justify-center text-base md:gap-6 m-auto\">\n<div class=\"flex flex-1 text-base mx-auto gap-3 md:px-5 lg:px-1 xl:px-5 md:max-w-3xl lg:max-w-[40rem] xl:max-w-[48rem] group\">\n<div class=\"relative flex w-full flex-col lg:w-[calc(100%-115px)] agent-turn\">\n<div class=\"flex-col gap-1 md:gap-3\">\n<div class=\"flex flex-grow flex-col max-w-full\">\n<div class=\"min-h-[20px] text-message flex flex-col items-start gap-3 whitespace-pre-wrap break-words [.text-message+&amp;]:mt-5 overflow-x-auto\" data-message-author-role=\"assistant\" data-message-id=\"c941ddc0-232b-48d3-8d88-fe5133823cf4\">\n<div class=\"markdown prose w-full break-words dark:prose-invert light\">\n<p>NicoZero to innowacyjny spray stworzony z my\u015bl\u0105 o tych, kt\u00f3rzy pragn\u0105 uwolni\u0107 si\u0119 od uzale\u017cnienia od nikotyny. Produkt dedykowany jest dla os\u00f3b, kt\u00f3re pragn\u0105 rzuci\u0107 palenie papieros\u00f3w, ale napotykaj\u0105 trudno\u015bci w pokonaniu na\u0142ogu.<\/p>\n<h2>G\u0142\u00f3wne wskazania do stosowania<\/h2>\n<p>NicoZero obejmuj\u0105:<\/p>\n<ol>\n<li><strong>Palenie papieros\u00f3w:<\/strong> Osoby, kt\u00f3re regularnie si\u0119gaj\u0105 po papierosy i chc\u0105 zako\u0144czy\u0107 ten na\u0142\u00f3g, mog\u0105 skorzysta\u0107 z NicoZero, aby z\u0142agodzi\u0107 objawy odstawienia nikotyny.<\/li>\n<li><strong>Uzale\u017cnienie od nikotyny:<\/strong> Dla tych, kt\u00f3rzy odczuwaj\u0105 siln\u0105 potrzeb\u0119 si\u0119gni\u0119cia po kolejnego papierosa, NicoZero mo\u017ce by\u0107 skutecznym wsparciem w walce z uzale\u017cnieniem.<\/li>\n<li><strong>Objawy odstawienne:<\/strong> W momencie rzucania palenia mog\u0105 pojawi\u0107 si\u0119 r\u00f3\u017cnorodne objawy odstawienne, takie jak niepok\u00f3j, dra\u017cliwo\u015b\u0107 czy problemy z koncentracj\u0105. NicoZero mo\u017ce pom\u00f3c w z\u0142agodzeniu tych objaw\u00f3w i u\u0142atwi\u0107 przej\u015bcie przez ten trudny okres.<\/li>\n<\/ol>\n<h2>Sk\u0142ad i dzia\u0142anie sk\u0142adnik\u00f3w NicoZero<\/h2>\n<p>NicoZero zawiera starannie dobrane sk\u0142adniki pochodzenia naturalnego, kt\u00f3re dzia\u0142aj\u0105 synergistycznie, aby wspom\u00f3c osoby chc\u0105ce zerwa\u0107 z na\u0142ogiem nikotynowym. Oto g\u0142\u00f3wne sk\u0142adniki i ich dzia\u0142anie:<\/p>\n<ol>\n<li><strong>Ekstrakt z Gotu kola:<\/strong> Ten sk\u0142adnik przyczynia si\u0119 do przywracania kom\u00f3rek nerwowych, co mo\u017ce pom\u00f3c w zmniejszeniu l\u0119ku i objaw\u00f3w depresji. Ponadto poprawia on r\u00f3wnie\u017c uwag\u0119 i koncentracj\u0119, co jest istotne podczas procesu rzucania palenia.<\/li>\n<li><strong>Ekstrakt z je\u017c\u00f3wki:<\/strong> Je\u017c\u00f3wka dzia\u0142a uspokajaj\u0105co na uk\u0142ad nerwowy, co mo\u017ce pom\u00f3c w zmniejszeniu apetytu na nikotyn\u0119 oraz \u0142agodzi\u0107 objawy odstawienia.<\/li>\n<li><strong>Ekstrakt z cykorii:<\/strong> Sk\u0142adnik ten eliminuje uczucie g\u0142odu, co mo\u017ce by\u0107 pomocne dla os\u00f3b, kt\u00f3re obawiaj\u0105 si\u0119 wzrostu masy cia\u0142a po rzuceniu palenia. Dodatkowo, poprawia nastr\u00f3j i dodaje energii, co mo\u017ce zmotywowa\u0107 do utrzymania decyzji o zerwaniu z na\u0142ogiem.<\/li>\n<li><strong>Ekstrakt z mniszka lekarskiego:<\/strong> Mniszek lekarski wspomaga usuwanie metali ci\u0119\u017ckich i radionuklid\u00f3w z organizmu, co mo\u017ce by\u0107 korzystne dla os\u00f3b nara\u017conych na szkodliwe substancje zwi\u0105zane z paleniem papieros\u00f3w. Ponadto, wzmacnia uk\u0142ad sercowo-naczyniowy, co jest istotne dla zdrowia serca os\u00f3b pal\u0105cych.<\/li>\n<\/ol>\n<p style=\"text-align: center;\"><a href=\"https:\/\/mandarv.com\/mXdS?sub1=sub1&amp;sub2=sub2&amp;sub3=sub3&amp;sub4=sub4&amp;sub5=sub5\"><button>www.nico-zero.pl<\/button><\/a><\/p>\n<h2>Efekty NicoZero i ich charakterystyka<\/h2>\n<p>Korzystanie z NicoZero mo\u017ce przynie\u015b\u0107 szereg korzy\u015bci dla os\u00f3b chc\u0105cych zerwa\u0107 z na\u0142ogiem nikotynowym. Kluczowe efekty NicoZero obejmuj\u0105:<\/p>\n<ol>\n<li><strong>Redukcja apetytu na nikotyn\u0119:<\/strong> Dzi\u0119ki skutecznym sk\u0142adnikom, NicoZero pomaga zmniejszy\u0107 siln\u0105 potrzeb\u0119 si\u0119gni\u0119cia po papierosa, co u\u0142atwia proces rzucania palenia.<\/li>\n<li><strong>\u0141agodzenie objaw\u00f3w odstawienia:<\/strong> Osoby korzystaj\u0105ce z NicoZero mog\u0105 do\u015bwiadczy\u0107 \u0142agodniejszych objaw\u00f3w odstawienia, takich jak l\u0119k, dra\u017cliwo\u015b\u0107 czy problemy z koncentracj\u0105.<\/li>\n<li><strong>Poprawa samopoczucia:<\/strong> Dzia\u0142anie uspokajaj\u0105ce i poprawiaj\u0105ce nastr\u00f3j sk\u0142adnik\u00f3w NicoZero sprawia, \u017ce osoby rzucaj\u0105ce palenie mog\u0105 czu\u0107 si\u0119 lepiej psychicznie i fizycznie.<\/li>\n<\/ol>\n<h2>Ryzyko skutk\u00f3w ubocznych<\/h2>\n<p>NicoZero jest produktem opartym na naturalnych sk\u0142adnikach, dlatego ryzyko wyst\u0105pienia skutk\u00f3w ubocznych jest minimalne. Jednak\u017ce, jak w przypadku ka\u017cdego suplementu, istnieje mo\u017cliwo\u015b\u0107 indywidualnej nietolerancji na kt\u00f3rykolwiek z sk\u0142adnik\u00f3w. Dlatego zawsze zaleca si\u0119 skonsultowanie si\u0119 z lekarzem przed rozpocz\u0119ciem stosowania nowego preparatu, zw\u0142aszcza je\u015bli pacjent ma jakiekolwiek istniej\u0105ce schorzenia lub przyjmuje inne leki.<\/p>\n<p><em>NicoZero to skuteczny i bezpieczny spos\u00f3b na wsparcie os\u00f3b chc\u0105cych zerwa\u0107 z na\u0142ogiem nikotynowym. Dzi\u0119ki starannie dobranym sk\u0142adnikom pochodzenia naturalnego, produkt ten oferuje kompleksowe wsparcie w procesie rzucania palenia papieros\u00f3w, minimalizuj\u0105c ryzyko skutk\u00f3w ubocznych i \u0142agodz\u0105c objawy odstawienia nikotyny.<\/em><\/p>\n<\/div>\n<\/div>\n<\/div>\n<\/div>\n<\/div>\n<\/div>\n<\/div>\n<\/div>\n<div class=\"w-full text-token-text-primary\" data-testid=\"conversation-turn-5\">\n<div class=\"px-4 py-2 justify-center text-base md:gap-6 m-auto\">\n<div class=\"flex flex-1 text-base mx-auto gap-3 md:px-5 lg:px-1 xl:px-5 md:max-w-3xl lg:max-w-[40rem] xl:max-w-[48rem] group final-completion\">\n<div class=\"relative flex w-full flex-col lg:w-[calc(100%-115px)] agent-turn\">\n<div class=\"flex-col gap-1 md:gap-3\">\n<div class=\"flex flex-grow flex-col max-w-full\">\n<div class=\"min-h-[20px] text-message flex flex-col items-start gap-3 whitespace-pre-wrap break-words [.text-message+&amp;]:mt-5 overflow-x-auto\" data-message-author-role=\"assistant\" data-message-id=\"e7ed3f5a-afcb-4908-8e47-5eeb221d02dd\">\n<div class=\"markdown prose w-full break-words dark:prose-invert light\">\n<h2>Opinie klient\u00f3w o NicoZero: fora po\u015bwi\u0119cone zdrowiu<\/h2>\n<p>W Polsce fora internetowe po\u015bwi\u0119cone zdrowiu i sposobom walki z na\u0142ogami ciesz\u0105 si\u0119 du\u017c\u0105 popularno\u015bci\u0105. W\u015br\u00f3d temat\u00f3w poruszanych na tych platformach cz\u0119sto pojawia si\u0119 problem uzale\u017cnienia od papieros\u00f3w i poszukiwanie skutecznych metod jego zwalczania. W ostatnim czasie mo\u017cna zauwa\u017cy\u0107 rosn\u0105ce zainteresowanie preparatem NicoZero, kt\u00f3ry zdobywa coraz wi\u0119ksz\u0105 popularno\u015b\u0107 w\u015br\u00f3d klient\u00f3w.<\/p>\n<p>Wi\u0119kszo\u015b\u0107 u\u017cytkownik\u00f3w, kt\u00f3rzy podzielili si\u0119 swoimi opiniami na temat NicoZero, opisuje pozytywne efekty stosowania preparatu oraz jego dost\u0119pno\u015b\u0107. Wielu z nich zauwa\u017ca znaczn\u0105 popraw\u0119 w samopoczuciu ju\u017c po kr\u00f3tkim czasie u\u017cywania produktu. Poni\u017cej znajduj\u0105 si\u0119 dwa przyk\u0142adowe opinie od u\u017cytkownik\u00f3w:<\/p>\n<ul>\n<li><strong>Anna:<\/strong> &#8222;NicoZero to dla mnie prawdziwa rewolucja! Ju\u017c od d\u0142u\u017cszego czasu pr\u00f3bowa\u0142am rzuci\u0107 palenie, ale zawsze brakowa\u0142o mi si\u0142y woli. Dzi\u0119ki temu sprayowi, uda\u0142o mi si\u0119 to wreszcie osi\u0105gn\u0105\u0107. Nie tylko zmniejszy\u0142a si\u0119 moja ochota na papierosa, ale tak\u017ce poczu\u0142am si\u0119 du\u017co lepiej psychicznie. Polecam ka\u017cdemu, kto chce zerwa\u0107 z na\u0142ogiem!&#8221;<\/li>\n<li><strong>Piotr:<\/strong> &#8222;Jestem pod wra\u017ceniem dzia\u0142ania NicoZero. Pr\u00f3bowa\u0142em r\u00f3\u017cnych metod rzucenia palenia, ale \u017cadna nie by\u0142a tak skuteczna jak ten spray. Dodatkowo, ceni\u0119 sobie fakt, \u017ce preparat jest oparty na naturalnych sk\u0142adnikach.&#8221;<\/li>\n<\/ul>\n<h2>Spos\u00f3b podawania i dawkowanie<\/h2>\n<p>NicoZero dost\u0119pny jest w postaci sprayu, co sprawia, \u017ce jego stosowanie jest bardzo wygodne i \u0142atwe. Aby skorzysta\u0107 z preparatu, nale\u017cy spryska\u0107 kilka razy jam\u0119 ustn\u0105, po czym pozostawi\u0107 spray na chwil\u0119, aby sk\u0142adniki zosta\u0142y wch\u0142oni\u0119te przez b\u0142ony \u015bluzowe. Zalecana dawka to kilka aplikacji dziennie, w zale\u017cno\u015bci od indywidualnych potrzeb i intensywno\u015bci objaw\u00f3w odstawienia.<\/p>\n<h2>Kup teraz NicoZero z dostaw\u0105<\/h2>\n<p>Zam\u00f3wienie NicoZero jest niezwykle proste i wygodne. Produkt dost\u0119pny jest do zakupu online, co oznacza, \u017ce mo\u017cna go naby\u0107 bez wychodzenia z domu. Co wa\u017cne, op\u0142ata za produkt odbywa si\u0119 dopiero po jego dostawie, dzi\u0119ki czemu kupuj\u0105cy maj\u0105 pewno\u015b\u0107, \u017ce otrzymaj\u0105 oryginalny produkt bez ryzyka oszustwa. Dostawa NicoZero trwa zazwyczaj od 3 do 4 dni roboczych na terenie Polski. Dodatkowo, po z\u0142o\u017ceniu zam\u00f3wienia, klient otrzymuje potwierdzenie telefoniczne od specjalisty, kt\u00f3ry mo\u017ce udzieli\u0107 dodatkowych informacji na temat produktu oraz aktualnych promocji i rabat\u00f3w.<\/p>\n<p style=\"text-align: center;\"><a href=\"https:\/\/mandarv.com\/mXdS?sub1=sub1&amp;sub2=sub2&amp;sub3=sub3&amp;sub4=sub4&amp;sub5=sub5\"><button>Zakup na stronie producenta (-50%)<\/button><\/a><\/p>\n<h2>Por\u00f3wnanie ofert: ceny i dost\u0119pno\u015b\u0107 NicoZero<\/h2>\n<p>Producent NicoZero stawia na dost\u0119pno\u015b\u0107 dla klient\u00f3w, dlatego preparat mo\u017cna naby\u0107 bezpo\u015brednio na oficjalnej stronie internetowej producenta, eliminuj\u0105c tym samym po\u015brednik\u00f3w i dodatkowe mar\u017ce. Dzi\u0119ki temu klient mo\u017ce mie\u0107 pewno\u015b\u0107, \u017ce otrzymuje oryginalny produkt w konkurencyjnej cenie. Dodatkowo, na stronie producenta regularnie pojawiaj\u0105 si\u0119 promocje i rabaty, kt\u00f3re warto \u015bledzi\u0107, aby skorzysta\u0107 z atrakcyjnych ofert. Warto zaznaczy\u0107, \u017ce NicoZero nie jest dost\u0119pny w stacjonarnych aptekach, co podkre\u015bla zaufanie producenta do w\u0142asnego kana\u0142u dystrybucji i gwarantuje klientom wysok\u0105 jako\u015b\u0107 produktu.<\/p>\n<\/div>\n<\/div>\n<\/div>\n<\/div>\n<\/div>\n<\/div>\n<\/div>\n<\/div>\n<\/div>\n<\/div>\n<\/div>\n<\/div>\n","protected":false},"excerpt":{"rendered":"<p style=\"text-align: center;\"><a href=\"https:\/\/mandarv.com\/mXdS?sub1=sub1&amp;sub2=sub2&amp;sub3=sub3&amp;sub4=sub4&amp;sub5=sub5\"><button>Kup teraz<\/button><\/a><\/p>\n<p>SKU:\u00a0<span class=\"sku\">789.878.789<\/span><\/p>\n<hr \/>\n<p><small>Produkt sprzedawany jest wy\u0142\u0105cznie za po\u015brednictwem oficjalnej strony producenta, id\u017a i kupuj bezpiecznie!<\/small><\/p>\n","protected":false},"featured_media":327,"comment_status":"open","ping_status":"closed","template":"","meta":[],"product_brand":[],"product_cat":[15],"product_tag":[],"class_list":{"0":"post-326","1":"product","2":"type-product","3":"status-publish","4":"has-post-thumbnail","6":"product_cat-supl","7":"thunk-woo-product-list","8":"opn-qv-enable","9":"top-store-woo-hover-","10":"top-store-single-product-tab-horizontal","11":"top-store-shadow-","12":"top-store-shadow-hover-","14":"first","15":"instock","16":"shipping-taxable","17":"purchasable","18":"product-type-simple"},"yoast_head":"<!-- This site is optimized with the Yoast SEO plugin v27.4 - https:\/\/yoast.com\/product\/yoast-seo-wordpress\/ -->\n<title>NicoZero - kup suplement, cena w aptece, sk\u0142ad, dzia\u0142anie<\/title>\n<meta name=\"robots\" content=\"index, follow, max-snippet:-1, max-image-preview:large, max-video-preview:-1\" \/>\n<link rel=\"canonical\" href=\"https:\/\/lekarzeopole.pl\/wordpress\/product\/nicozero\/\" \/>\n<meta property=\"og:locale\" content=\"pl_PL\" \/>\n<meta property=\"og:type\" content=\"article\" \/>\n<meta property=\"og:title\" content=\"NicoZero - kup suplement, cena w aptece, sk\u0142ad, dzia\u0142anie\" \/>\n<meta property=\"og:description\" content=\"Kup teraz SKU:\u00a0789.878.789    Produkt sprzedawany jest wy\u0142\u0105cznie za po\u015brednictwem oficjalnej strony producenta, id\u017a i kupuj bezpiecznie!\" \/>\n<meta property=\"og:url\" content=\"https:\/\/lekarzeopole.pl\/wordpress\/product\/nicozero\/\" \/>\n<meta property=\"og:site_name\" content=\"Lekarze Opole\" \/>\n<meta property=\"article:modified_time\" content=\"2024-06-07T14:28:44+00:00\" \/>\n<meta property=\"og:image\" content=\"https:\/\/lekarzeopole.pl\/wordpress\/wp-content\/uploads\/2024\/02\/nicozero.png\" \/>\n\t<meta property=\"og:image:width\" content=\"378\" \/>\n\t<meta property=\"og:image:height\" content=\"500\" \/>\n\t<meta property=\"og:image:type\" content=\"image\/png\" \/>\n<meta name=\"twitter:card\" content=\"summary_large_image\" \/>\n<meta name=\"twitter:label1\" content=\"Szacowany czas czytania\" \/>\n\t<meta name=\"twitter:data1\" content=\"6 minut\" \/>\n<script type=\"application\/ld+json\" class=\"yoast-schema-graph\">{\"@context\":\"https:\\\/\\\/schema.org\",\"@graph\":[{\"@type\":\"WebPage\",\"@id\":\"https:\\\/\\\/lekarzeopole.pl\\\/wordpress\\\/product\\\/nicozero\\\/\",\"url\":\"https:\\\/\\\/lekarzeopole.pl\\\/wordpress\\\/product\\\/nicozero\\\/\",\"name\":\"NicoZero - kup suplement, cena w aptece, sk\u0142ad, dzia\u0142anie\",\"isPartOf\":{\"@id\":\"https:\\\/\\\/lekarzeopole.pl\\\/wordpress\\\/#website\"},\"primaryImageOfPage\":{\"@id\":\"https:\\\/\\\/lekarzeopole.pl\\\/wordpress\\\/product\\\/nicozero\\\/#primaryimage\"},\"image\":{\"@id\":\"https:\\\/\\\/lekarzeopole.pl\\\/wordpress\\\/product\\\/nicozero\\\/#primaryimage\"},\"thumbnailUrl\":\"https:\\\/\\\/lekarzeopole.pl\\\/wordpress\\\/wp-content\\\/uploads\\\/2024\\\/02\\\/nicozero.png\",\"datePublished\":\"2024-02-07T10:19:54+00:00\",\"dateModified\":\"2024-06-07T14:28:44+00:00\",\"breadcrumb\":{\"@id\":\"https:\\\/\\\/lekarzeopole.pl\\\/wordpress\\\/product\\\/nicozero\\\/#breadcrumb\"},\"inLanguage\":\"pl-PL\",\"potentialAction\":[{\"@type\":\"ReadAction\",\"target\":[\"https:\\\/\\\/lekarzeopole.pl\\\/wordpress\\\/product\\\/nicozero\\\/\"]}]},{\"@type\":\"ImageObject\",\"inLanguage\":\"pl-PL\",\"@id\":\"https:\\\/\\\/lekarzeopole.pl\\\/wordpress\\\/product\\\/nicozero\\\/#primaryimage\",\"url\":\"https:\\\/\\\/lekarzeopole.pl\\\/wordpress\\\/wp-content\\\/uploads\\\/2024\\\/02\\\/nicozero.png\",\"contentUrl\":\"https:\\\/\\\/lekarzeopole.pl\\\/wordpress\\\/wp-content\\\/uploads\\\/2024\\\/02\\\/nicozero.png\",\"width\":378,\"height\":500,\"caption\":\"NicoZero\"},{\"@type\":\"BreadcrumbList\",\"@id\":\"https:\\\/\\\/lekarzeopole.pl\\\/wordpress\\\/product\\\/nicozero\\\/#breadcrumb\",\"itemListElement\":[{\"@type\":\"ListItem\",\"position\":1,\"name\":\"\u0413\u043b\u0430\u0432\u043d\u0430\u044f \u0441\u0442\u0440\u0430\u043d\u0438\u0446\u0430\",\"item\":\"https:\\\/\\\/lekarzeopole.pl\\\/wordpress\\\/\"},{\"@type\":\"ListItem\",\"position\":2,\"name\":\"Zakup\",\"item\":\"https:\\\/\\\/lekarzeopole.pl\\\/wordpress\\\/\"},{\"@type\":\"ListItem\",\"position\":3,\"name\":\"NicoZero\"}]},{\"@type\":\"WebSite\",\"@id\":\"https:\\\/\\\/lekarzeopole.pl\\\/wordpress\\\/#website\",\"url\":\"https:\\\/\\\/lekarzeopole.pl\\\/wordpress\\\/\",\"name\":\"Lekarze Opole\",\"description\":\"\",\"potentialAction\":[{\"@type\":\"SearchAction\",\"target\":{\"@type\":\"EntryPoint\",\"urlTemplate\":\"https:\\\/\\\/lekarzeopole.pl\\\/wordpress\\\/?s={search_term_string}\"},\"query-input\":{\"@type\":\"PropertyValueSpecification\",\"valueRequired\":true,\"valueName\":\"search_term_string\"}}],\"inLanguage\":\"pl-PL\"}]}<\/script>\n<!-- \/ Yoast SEO plugin. -->","yoast_head_json":{"title":"NicoZero - kup suplement, cena w aptece, sk\u0142ad, dzia\u0142anie","robots":{"index":"index","follow":"follow","max-snippet":"max-snippet:-1","max-image-preview":"max-image-preview:large","max-video-preview":"max-video-preview:-1"},"canonical":"https:\/\/lekarzeopole.pl\/wordpress\/product\/nicozero\/","og_locale":"pl_PL","og_type":"article","og_title":"NicoZero - kup suplement, cena w aptece, sk\u0142ad, dzia\u0142anie","og_description":"Kup teraz SKU:\u00a0789.878.789    Produkt sprzedawany jest wy\u0142\u0105cznie za po\u015brednictwem oficjalnej strony producenta, id\u017a i kupuj bezpiecznie!","og_url":"https:\/\/lekarzeopole.pl\/wordpress\/product\/nicozero\/","og_site_name":"Lekarze Opole","article_modified_time":"2024-06-07T14:28:44+00:00","og_image":[{"width":378,"height":500,"url":"https:\/\/lekarzeopole.pl\/wordpress\/wp-content\/uploads\/2024\/02\/nicozero.png","type":"image\/png"}],"twitter_card":"summary_large_image","twitter_misc":{"Szacowany czas czytania":"6 minut"},"schema":{"@context":"https:\/\/schema.org","@graph":[{"@type":"WebPage","@id":"https:\/\/lekarzeopole.pl\/wordpress\/product\/nicozero\/","url":"https:\/\/lekarzeopole.pl\/wordpress\/product\/nicozero\/","name":"NicoZero - kup suplement, cena w aptece, sk\u0142ad, dzia\u0142anie","isPartOf":{"@id":"https:\/\/lekarzeopole.pl\/wordpress\/#website"},"primaryImageOfPage":{"@id":"https:\/\/lekarzeopole.pl\/wordpress\/product\/nicozero\/#primaryimage"},"image":{"@id":"https:\/\/lekarzeopole.pl\/wordpress\/product\/nicozero\/#primaryimage"},"thumbnailUrl":"https:\/\/lekarzeopole.pl\/wordpress\/wp-content\/uploads\/2024\/02\/nicozero.png","datePublished":"2024-02-07T10:19:54+00:00","dateModified":"2024-06-07T14:28:44+00:00","breadcrumb":{"@id":"https:\/\/lekarzeopole.pl\/wordpress\/product\/nicozero\/#breadcrumb"},"inLanguage":"pl-PL","potentialAction":[{"@type":"ReadAction","target":["https:\/\/lekarzeopole.pl\/wordpress\/product\/nicozero\/"]}]},{"@type":"ImageObject","inLanguage":"pl-PL","@id":"https:\/\/lekarzeopole.pl\/wordpress\/product\/nicozero\/#primaryimage","url":"https:\/\/lekarzeopole.pl\/wordpress\/wp-content\/uploads\/2024\/02\/nicozero.png","contentUrl":"https:\/\/lekarzeopole.pl\/wordpress\/wp-content\/uploads\/2024\/02\/nicozero.png","width":378,"height":500,"caption":"NicoZero"},{"@type":"BreadcrumbList","@id":"https:\/\/lekarzeopole.pl\/wordpress\/product\/nicozero\/#breadcrumb","itemListElement":[{"@type":"ListItem","position":1,"name":"\u0413\u043b\u0430\u0432\u043d\u0430\u044f \u0441\u0442\u0440\u0430\u043d\u0438\u0446\u0430","item":"https:\/\/lekarzeopole.pl\/wordpress\/"},{"@type":"ListItem","position":2,"name":"Zakup","item":"https:\/\/lekarzeopole.pl\/wordpress\/"},{"@type":"ListItem","position":3,"name":"NicoZero"}]},{"@type":"WebSite","@id":"https:\/\/lekarzeopole.pl\/wordpress\/#website","url":"https:\/\/lekarzeopole.pl\/wordpress\/","name":"Lekarze Opole","description":"","potentialAction":[{"@type":"SearchAction","target":{"@type":"EntryPoint","urlTemplate":"https:\/\/lekarzeopole.pl\/wordpress\/?s={search_term_string}"},"query-input":{"@type":"PropertyValueSpecification","valueRequired":true,"valueName":"search_term_string"}}],"inLanguage":"pl-PL"}]}},"_links":{"self":[{"href":"https:\/\/lekarzeopole.pl\/wordpress\/wp-json\/wp\/v2\/product\/326","targetHints":{"allow":["GET"]}}],"collection":[{"href":"https:\/\/lekarzeopole.pl\/wordpress\/wp-json\/wp\/v2\/product"}],"about":[{"href":"https:\/\/lekarzeopole.pl\/wordpress\/wp-json\/wp\/v2\/types\/product"}],"replies":[{"embeddable":true,"href":"https:\/\/lekarzeopole.pl\/wordpress\/wp-json\/wp\/v2\/comments?post=326"}],"wp:featuredmedia":[{"embeddable":true,"href":"https:\/\/lekarzeopole.pl\/wordpress\/wp-json\/wp\/v2\/media\/327"}],"wp:attachment":[{"href":"https:\/\/lekarzeopole.pl\/wordpress\/wp-json\/wp\/v2\/media?parent=326"}],"wp:term":[{"taxonomy":"product_brand","embeddable":true,"href":"https:\/\/lekarzeopole.pl\/wordpress\/wp-json\/wp\/v2\/product_brand?post=326"},{"taxonomy":"product_cat","embeddable":true,"href":"https:\/\/lekarzeopole.pl\/wordpress\/wp-json\/wp\/v2\/product_cat?post=326"},{"taxonomy":"product_tag","embeddable":true,"href":"https:\/\/lekarzeopole.pl\/wordpress\/wp-json\/wp\/v2\/product_tag?post=326"}],"curies":[{"name":"wp","href":"https:\/\/api.w.org\/{rel}","templated":true}]}}