{"id":324,"date":"2024-02-07T10:11:19","date_gmt":"2024-02-07T10:11:19","guid":{"rendered":"https:\/\/lekarzeopole.pl\/wordpress\/?post_type=product&#038;p=324"},"modified":"2025-04-17T15:38:25","modified_gmt":"2025-04-17T15:38:25","slug":"reduslim","status":"publish","type":"product","link":"https:\/\/lekarzeopole.pl\/wordpress\/product\/reduslim\/","title":{"rendered":"Reduslim"},"content":{"rendered":"<div class=\"flex-1 overflow-hidden\">\n<div class=\"react-scroll-to-bottom--css-zxjgh-79elbk h-full\">\n<div class=\"react-scroll-to-bottom--css-zxjgh-1n7m0yu\">\n<div class=\"flex flex-col pb-9 text-sm\">\n<div class=\"w-full text-token-text-primary\" data-testid=\"conversation-turn-3\">\n<div class=\"px-4 py-2 justify-center text-base md:gap-6 m-auto\">\n<div class=\"flex flex-1 text-base mx-auto gap-3 md:px-5 lg:px-1 xl:px-5 md:max-w-3xl lg:max-w-[40rem] xl:max-w-[48rem] group\">\n<div class=\"relative flex w-full flex-col lg:w-[calc(100%-115px)] agent-turn\">\n<div class=\"flex-col gap-1 md:gap-3\">\n<div class=\"flex flex-grow flex-col max-w-full\">\n<div class=\"min-h-[20px] text-message flex flex-col items-start gap-3 whitespace-pre-wrap break-words [.text-message+&amp;]:mt-5 overflow-x-auto\" data-message-author-role=\"assistant\" data-message-id=\"744c0616-7405-41df-8611-a3df2960833b\">\n<div class=\"markdown prose w-full break-words dark:prose-invert light\">\n<p>Reduslim to innowacyjny suplement diety, kt\u00f3ry mo\u017ce by\u0107 skuteczn\u0105 pomoc\u0105 w procesie redukcji wagi dla os\u00f3b z nadwag\u0105 lub oty\u0142o\u015bci\u0105. <strong>G\u0142\u00f3wne wskazania do stosowania Reduslim obejmuj\u0105:<\/strong><\/p>\n<ol>\n<li><strong>Nadwaga i oty\u0142o\u015b\u0107:<\/strong> Reduslim jest przeznaczony g\u0142\u00f3wnie dla os\u00f3b borykaj\u0105cych si\u0119 z nadmiern\u0105 mas\u0105 cia\u0142a, kt\u00f3ra mo\u017ce prowadzi\u0107 do wielu powa\u017cnych problem\u00f3w zdrowotnych, takich jak cukrzyca, choroby serca czy nadci\u015bnienie.<\/li>\n<li><strong>Trudno\u015bci w kontrolowaniu apetytu:<\/strong> Dzi\u0119ki zawarto\u015bci suchego ekstraktu z li\u015bci Yerba Mat\u00e8, Reduslim pomaga zmniejszy\u0107 apetyt, co u\u0142atwia kontrol\u0119 nad ilo\u015bci\u0105 spo\u017cywanych kalorii.<\/li>\n<li><strong>Niska wydolno\u015b\u0107 metaboliczna:<\/strong> Sk\u0142adniki Reduslim, takie jak sproszkowany korze\u0144 glukomannanu Konjac, mog\u0105 pom\u00f3c w normalizacji proces\u00f3w metabolicznych, co mo\u017ce zwi\u0119kszy\u0107 tempo spalania kalorii i t\u0142uszcz\u00f3w.<\/li>\n<li><strong>Brak energii i motywacji:<\/strong> Dzi\u0119ki ekstraktowi z \u0142odyg i li\u015bci Gurmaru Reduslim mo\u017ce zapewni\u0107 dodatkowy zastrzyk energii, kt\u00f3ry jest szczeg\u00f3lnie przydatny podczas zmiany nawyk\u00f3w \u017cywieniowych i wprowadzania regularnej aktywno\u015bci fizycznej.<\/li>\n<\/ol>\n<h2>Sk\u0142ad i dzia\u0142anie sk\u0142adnik\u00f3w Reduslim<\/h2>\n<p>Reduslim zawiera starannie dobrane sk\u0142adniki o naturalnym pochodzeniu, kt\u00f3re dzia\u0142aj\u0105 synergistycznie, aby wspom\u00f3c proces odchudzania. Oto g\u0142\u00f3wne sk\u0142adniki Reduslim i ich dzia\u0142anie:<\/p>\n<ol>\n<li><strong>Suchy ekstrakt z li\u015bci Yerba Mat\u00e8:<\/strong> Ten sk\u0142adnik zmniejsza apetyt i zwi\u0119ksza rozk\u0142ad t\u0142uszcz\u00f3w, co pomaga w pozbyciu si\u0119 nadwagi.<\/li>\n<li><strong>Sproszkowany korze\u0144 glukomannanu Konjac:<\/strong> Poprawia prac\u0119 serca, normalizuje procesy metaboliczne i pomaga w redukcji wagi poprzez zwi\u0119kszenie uczucia syto\u015bci.<\/li>\n<li><strong>Acetylo-L-karnityna:<\/strong> Usuwa nadmiar p\u0142yn\u00f3w z organizmu, wspomaga oczyszczanie organizmu oraz wzmacnia uk\u0142ad trawienny, co mo\u017ce by\u0107 korzystne dla os\u00f3b borykaj\u0105cych si\u0119 z problemami trawiennymi.<\/li>\n<li><strong>Ekstrakt z \u0142odyg i li\u015bci Gurmaru:<\/strong> Zwi\u0119ksza ilo\u015b\u0107 endorfin, co przek\u0142ada si\u0119 na lepsze samopoczucie i motywacj\u0119 do dzia\u0142ania, jednocze\u015bnie zmniejszaj\u0105c uzale\u017cnienie od s\u0142odyczy i przek\u0105sek.<\/li>\n<\/ol>\n<p style=\"text-align: center;\"><a href=\"https:\/\/mandarv.com\/Z35S?sub1=sub1&amp;sub2=sub2&amp;sub3=sub3&amp;sub4=sub4&amp;sub5=sub5\"><button>www.reduslim.pl<\/button><\/a><\/p>\n<h2>Efekty Reduslim i ich charakterystyka<\/h2>\n<p>Korzystanie z Reduslim mo\u017ce prowadzi\u0107 do r\u00f3\u017cnorodnych efekt\u00f3w, kt\u00f3re s\u0105 charakterystyczne dla tego suplementu. Niekt\u00f3re z g\u0142\u00f3wnych efekt\u00f3w Reduslim to:<\/p>\n<ol>\n<li><strong>Redukcja masy cia\u0142a:<\/strong> Regularne stosowanie Reduslim mo\u017ce prowadzi\u0107 do stopniowej utraty nadmiarowej masy cia\u0142a, co przyczynia si\u0119 do poprawy zdrowia og\u00f3lnego i samopoczucia.<\/li>\n<li><strong>Zwi\u0119kszenie energii:<\/strong> Dzi\u0119ki sk\u0142adnikom Reduslim, kt\u00f3re poprawiaj\u0105 metabolizm i zapewniaj\u0105 dodatkow\u0105 energi\u0119, u\u017cytkownicy mog\u0105 odczuwa\u0107 wzrost witalno\u015bci i motywacji do aktywno\u015bci fizycznej.<\/li>\n<li><strong>Kontrola apetytu:<\/strong> Reduslim pomaga w kontrolowaniu apetytu, co u\u0142atwia utrzymanie odpowiednich nawyk\u00f3w \u017cywieniowych i unikanie objadania si\u0119.<\/li>\n<li><strong>Poprawa samopoczucia:<\/strong> Dzi\u0119ki zwi\u0119kszonemu wydzielaniu endorfin, u\u017cytkownicy Reduslim mog\u0105 do\u015bwiadczy\u0107 poprawy nastroju i redukcji stresu, co mo\u017ce dodatkowo wspomaga\u0107 proces odchudzania.<\/li>\n<\/ol>\n<h2>Ryzyko skutk\u00f3w ubocznych<\/h2>\n<p>Reduslim jest produktem opartym na naturalnych sk\u0142adnikach, co minimalizuje ryzyko wyst\u0105pienia skutk\u00f3w ubocznych. Ponadto, staranne dobranie sk\u0142adnik\u00f3w oraz przeprowadzenie licznych bada\u0144 klinicznych potwierdzaj\u0105 skuteczno\u015b\u0107 i bezpiecze\u0144stwo stosowania Reduslim. Jednak\u017ce, jak w przypadku ka\u017cdego suplementu diety, istnieje mo\u017cliwo\u015b\u0107 wyst\u0105pienia indywidualnej nietolerancji na kt\u00f3rykolwiek ze sk\u0142adnik\u00f3w, dlatego zawsze zaleca si\u0119 skonsultowanie si\u0119 z lekarzem przed rozpocz\u0119ciem kuracji Reduslim, szczeg\u00f3lnie w przypadku os\u00f3b z chorobami przewlek\u0142ymi lub przyjmuj\u0105cych regularnie inne leki.<\/p>\n<\/div>\n<\/div>\n<\/div>\n<\/div>\n<\/div>\n<\/div>\n<\/div>\n<\/div>\n<div class=\"w-full text-token-text-primary\" data-testid=\"conversation-turn-5\">\n<div class=\"px-4 py-2 justify-center text-base md:gap-6 m-auto\">\n<div class=\"flex flex-1 text-base mx-auto gap-3 md:px-5 lg:px-1 xl:px-5 md:max-w-3xl lg:max-w-[40rem] xl:max-w-[48rem] group final-completion\">\n<div class=\"relative flex w-full flex-col lg:w-[calc(100%-115px)] agent-turn\">\n<div class=\"flex-col gap-1 md:gap-3\">\n<div class=\"flex flex-grow flex-col max-w-full\">\n<div class=\"min-h-[20px] text-message flex flex-col items-start gap-3 whitespace-pre-wrap break-words [.text-message+&amp;]:mt-5 overflow-x-auto\" data-message-author-role=\"assistant\" data-message-id=\"5f026f9c-29dd-42fe-aaf7-e45b6f07022b\">\n<div class=\"markdown prose w-full break-words dark:prose-invert light\">\n<h2>Opinie klient\u00f3w o Reduslim: fora po\u015bwi\u0119cone zdrowiu<\/h2>\n<p>W Polsce fora internetowe po\u015bwi\u0119cone zdrowiu i odchudzaniu ciesz\u0105 si\u0119 ogromn\u0105 popularno\u015bci\u0105. W\u015br\u00f3d temat\u00f3w poruszanych przez u\u017cytkownik\u00f3w znajduj\u0105 si\u0119 tak\u017ce dyskusje na temat r\u00f3\u017cnych suplement\u00f3w diety, w tym Reduslim. Z uwagi na rosn\u0105ce zainteresowanie tym preparatem, na forach mo\u017cna znale\u017a\u0107 wiele opinii na jego temat. Wi\u0119kszo\u015b\u0107 u\u017cytkownik\u00f3w opisuje pozytywne do\u015bwiadczenia zwi\u0105zane z u\u017cywaniem Reduslim, zauwa\u017caj\u0105c jego skuteczno\u015b\u0107 i dost\u0119pno\u015b\u0107. Oto dwa przyk\u0142adowe opinie od u\u017cytkownik\u00f3w:<\/p>\n<ol>\n<li><strong>Kasia28:<\/strong> &#8222;Pr\u00f3bowa\u0142am r\u00f3\u017cnych suplement\u00f3w, ale dopiero Reduslim przyni\u00f3s\u0142 widoczne efekty. Schud\u0142am 10 kilogram\u00f3w w ci\u0105gu dw\u00f3ch miesi\u0119cy, a moje samopoczucie znacznie si\u0119 poprawi\u0142o. Polecam ka\u017cdemu, kto szuka skutecznego wsparcia w procesie odchudzania!&#8221;<\/li>\n<li><strong>Marek89:<\/strong> &#8222;Reduslim to dla mnie odkrycie! Od kiedy zacz\u0105\u0142em go stosowa\u0107, zauwa\u017cy\u0142em znaczn\u0105 popraw\u0119 w moim metabolizmie i kontrol\u0119 nad apetytem. Efektywno\u015b\u0107 tego suplementu przeros\u0142a moje oczekiwania.&#8221;<\/li>\n<\/ol>\n<h2>Spos\u00f3b podawania i dawkowanie<\/h2>\n<p>Zalecane dawkowanie Reduslim to jedna kapsu\u0142ka dziennie, najlepiej rano przed posi\u0142kiem, popijana du\u017c\u0105 ilo\u015bci\u0105 wody. Regularne stosowanie suplementu pozwala osi\u0105gn\u0105\u0107 najlepsze efekty w procesie odchudzania. Wa\u017cne jest r\u00f3wnie\u017c zachowanie zr\u00f3wnowa\u017conej diety i regularnej aktywno\u015bci fizycznej w celu maksymalizacji rezultat\u00f3w.<\/p>\n<p style=\"text-align: center;\"><a href=\"https:\/\/mandarv.com\/Z35S?sub1=sub1&amp;sub2=sub2&amp;sub3=sub3&amp;sub4=sub4&amp;sub5=sub5\"><button>Zakup na stronie producenta (-50%)<\/button><\/a><\/p>\n<h2>Kup teraz Reduslim z dostaw\u0105<\/h2>\n<p>Zakup Reduslim jest niezwykle \u0142atwy i wygodny. Produkt mo\u017cna naby\u0107 online, bez konieczno\u015bci wcze\u015bniejszej p\u0142atno\u015bci. P\u0142atno\u015b\u0107 dokonywana jest dopiero przy odbiorze przesy\u0142ki, co daje pewno\u015b\u0107 otrzymania oryginalnego produktu bez ryzyka oszustwa. Dostawa Reduslim trwa zazwyczaj od 3 do 4 dni roboczych, dzi\u0119ki czemu mo\u017cna szybko rozpocz\u0105\u0107 kuracj\u0119 odchudzaj\u0105c\u0105. Dodatkowo, ka\u017cdy zam\u00f3wienie jest potwierdzane telefonicznie przez specjalist\u0119, kt\u00f3ry s\u0142u\u017cy pomoc\u0105 w kwestiach dotycz\u0105cych ilo\u015bci produktu oraz dost\u0119pnych promocji.<\/p>\n<h2>Por\u00f3wnanie ofert: ceny i dost\u0119pno\u015b\u0107 Reduslim<\/h2>\n<p>Producenci Reduslim zawsze stawiaj\u0105 na dost\u0119pno\u015b\u0107 produktu dla swoich klient\u00f3w. Dlatego te\u017c, suplement jest dost\u0119pny bezpo\u015brednio na oficjalnej stronie internetowej producenta, eliminuj\u0105c potrzeb\u0119 po\u015brednik\u00f3w i dodatkowych op\u0142at. Dodatkowo, istniej\u0105 okresowe promocje i zni\u017cki, kt\u00f3re warto regularnie sprawdza\u0107, aby skorzysta\u0107 z atrakcyjnych ofert. Dzi\u0119ki temu modelowi dystrybucji, Reduslim nie jest dost\u0119pny w tradycyjnych aptekach stacjonarnych, co gwarantuje klientom oryginalno\u015b\u0107 produktu i pewno\u015b\u0107 jego skuteczno\u015bci.<\/p>\n<\/div>\n<\/div>\n<\/div>\n<\/div>\n<\/div>\n<\/div>\n<\/div>\n<\/div>\n<\/div>\n<\/div>\n<\/div>\n<\/div>\n","protected":false},"excerpt":{"rendered":"<p style=\"text-align: center;\"><a href=\"https:\/\/mandarv.com\/Z35S?sub1=sub1&amp;sub2=sub2&amp;sub3=sub3&amp;sub4=sub4&amp;sub5=sub5\"><button>Kup teraz<\/button><\/a><\/p>\n<p>SKU:\u00a0<span class=\"sku\">789.878.779<\/span><\/p>\n<hr \/>\n<p><small>Produkt sprzedawany jest wy\u0142\u0105cznie za po\u015brednictwem oficjalnej strony producenta, id\u017a i kupuj bezpiecznie!<\/small><\/p>\n","protected":false},"featured_media":1198,"comment_status":"open","ping_status":"closed","template":"","meta":[],"product_brand":[],"product_cat":[15],"product_tag":[],"class_list":{"0":"post-324","1":"product","2":"type-product","3":"status-publish","4":"has-post-thumbnail","6":"product_cat-supl","7":"thunk-woo-product-list","8":"opn-qv-enable","9":"top-store-woo-hover-","10":"top-store-single-product-tab-horizontal","11":"top-store-shadow-","12":"top-store-shadow-hover-","14":"first","15":"instock","16":"sale","17":"shipping-taxable","18":"purchasable","19":"product-type-simple"},"yoast_head":"<!-- This site is optimized with the Yoast SEO plugin v27.4 - https:\/\/yoast.com\/product\/yoast-seo-wordpress\/ -->\n<title>Reduslim - kup suplement, cena w aptece, sk\u0142ad, dzia\u0142anie<\/title>\n<meta name=\"robots\" content=\"index, follow, max-snippet:-1, max-image-preview:large, max-video-preview:-1\" \/>\n<link rel=\"canonical\" href=\"https:\/\/lekarzeopole.pl\/wordpress\/product\/reduslim\/\" \/>\n<meta property=\"og:locale\" content=\"pl_PL\" \/>\n<meta property=\"og:type\" content=\"article\" \/>\n<meta property=\"og:title\" content=\"Reduslim - kup suplement, cena w aptece, sk\u0142ad, dzia\u0142anie\" \/>\n<meta property=\"og:description\" content=\"Kup teraz SKU:\u00a0789.878.779    Produkt sprzedawany jest wy\u0142\u0105cznie za po\u015brednictwem oficjalnej strony producenta, id\u017a i kupuj bezpiecznie!\" \/>\n<meta property=\"og:url\" content=\"https:\/\/lekarzeopole.pl\/wordpress\/product\/reduslim\/\" \/>\n<meta property=\"og:site_name\" content=\"Lekarze Opole\" \/>\n<meta property=\"article:modified_time\" content=\"2025-04-17T15:38:25+00:00\" \/>\n<meta property=\"og:image\" content=\"https:\/\/lekarzeopole.pl\/wordpress\/wp-content\/uploads\/2024\/02\/reduslim-2.webp\" \/>\n\t<meta property=\"og:image:width\" content=\"975\" \/>\n\t<meta property=\"og:image:height\" content=\"658\" \/>\n\t<meta property=\"og:image:type\" content=\"image\/webp\" \/>\n<meta name=\"twitter:card\" content=\"summary_large_image\" \/>\n<meta name=\"twitter:label1\" content=\"Szacowany czas czytania\" \/>\n\t<meta name=\"twitter:data1\" content=\"5 minut\" \/>\n<script type=\"application\/ld+json\" class=\"yoast-schema-graph\">{\"@context\":\"https:\\\/\\\/schema.org\",\"@graph\":[{\"@type\":\"WebPage\",\"@id\":\"https:\\\/\\\/lekarzeopole.pl\\\/wordpress\\\/product\\\/reduslim\\\/\",\"url\":\"https:\\\/\\\/lekarzeopole.pl\\\/wordpress\\\/product\\\/reduslim\\\/\",\"name\":\"Reduslim - kup suplement, cena w aptece, sk\u0142ad, dzia\u0142anie\",\"isPartOf\":{\"@id\":\"https:\\\/\\\/lekarzeopole.pl\\\/wordpress\\\/#website\"},\"primaryImageOfPage\":{\"@id\":\"https:\\\/\\\/lekarzeopole.pl\\\/wordpress\\\/product\\\/reduslim\\\/#primaryimage\"},\"image\":{\"@id\":\"https:\\\/\\\/lekarzeopole.pl\\\/wordpress\\\/product\\\/reduslim\\\/#primaryimage\"},\"thumbnailUrl\":\"https:\\\/\\\/lekarzeopole.pl\\\/wordpress\\\/wp-content\\\/uploads\\\/2024\\\/02\\\/reduslim-2.webp\",\"datePublished\":\"2024-02-07T10:11:19+00:00\",\"dateModified\":\"2025-04-17T15:38:25+00:00\",\"breadcrumb\":{\"@id\":\"https:\\\/\\\/lekarzeopole.pl\\\/wordpress\\\/product\\\/reduslim\\\/#breadcrumb\"},\"inLanguage\":\"pl-PL\",\"potentialAction\":[{\"@type\":\"ReadAction\",\"target\":[\"https:\\\/\\\/lekarzeopole.pl\\\/wordpress\\\/product\\\/reduslim\\\/\"]}]},{\"@type\":\"ImageObject\",\"inLanguage\":\"pl-PL\",\"@id\":\"https:\\\/\\\/lekarzeopole.pl\\\/wordpress\\\/product\\\/reduslim\\\/#primaryimage\",\"url\":\"https:\\\/\\\/lekarzeopole.pl\\\/wordpress\\\/wp-content\\\/uploads\\\/2024\\\/02\\\/reduslim-2.webp\",\"contentUrl\":\"https:\\\/\\\/lekarzeopole.pl\\\/wordpress\\\/wp-content\\\/uploads\\\/2024\\\/02\\\/reduslim-2.webp\",\"width\":975,\"height\":658,\"caption\":\"Reduslim\"},{\"@type\":\"BreadcrumbList\",\"@id\":\"https:\\\/\\\/lekarzeopole.pl\\\/wordpress\\\/product\\\/reduslim\\\/#breadcrumb\",\"itemListElement\":[{\"@type\":\"ListItem\",\"position\":1,\"name\":\"\u0413\u043b\u0430\u0432\u043d\u0430\u044f \u0441\u0442\u0440\u0430\u043d\u0438\u0446\u0430\",\"item\":\"https:\\\/\\\/lekarzeopole.pl\\\/wordpress\\\/\"},{\"@type\":\"ListItem\",\"position\":2,\"name\":\"Zakup\",\"item\":\"https:\\\/\\\/lekarzeopole.pl\\\/wordpress\\\/\"},{\"@type\":\"ListItem\",\"position\":3,\"name\":\"Reduslim\"}]},{\"@type\":\"WebSite\",\"@id\":\"https:\\\/\\\/lekarzeopole.pl\\\/wordpress\\\/#website\",\"url\":\"https:\\\/\\\/lekarzeopole.pl\\\/wordpress\\\/\",\"name\":\"Lekarze Opole\",\"description\":\"\",\"potentialAction\":[{\"@type\":\"SearchAction\",\"target\":{\"@type\":\"EntryPoint\",\"urlTemplate\":\"https:\\\/\\\/lekarzeopole.pl\\\/wordpress\\\/?s={search_term_string}\"},\"query-input\":{\"@type\":\"PropertyValueSpecification\",\"valueRequired\":true,\"valueName\":\"search_term_string\"}}],\"inLanguage\":\"pl-PL\"}]}<\/script>\n<!-- \/ Yoast SEO plugin. -->","yoast_head_json":{"title":"Reduslim - kup suplement, cena w aptece, sk\u0142ad, dzia\u0142anie","robots":{"index":"index","follow":"follow","max-snippet":"max-snippet:-1","max-image-preview":"max-image-preview:large","max-video-preview":"max-video-preview:-1"},"canonical":"https:\/\/lekarzeopole.pl\/wordpress\/product\/reduslim\/","og_locale":"pl_PL","og_type":"article","og_title":"Reduslim - kup suplement, cena w aptece, sk\u0142ad, dzia\u0142anie","og_description":"Kup teraz SKU:\u00a0789.878.779    Produkt sprzedawany jest wy\u0142\u0105cznie za po\u015brednictwem oficjalnej strony producenta, id\u017a i kupuj bezpiecznie!","og_url":"https:\/\/lekarzeopole.pl\/wordpress\/product\/reduslim\/","og_site_name":"Lekarze Opole","article_modified_time":"2025-04-17T15:38:25+00:00","og_image":[{"width":975,"height":658,"url":"https:\/\/lekarzeopole.pl\/wordpress\/wp-content\/uploads\/2024\/02\/reduslim-2.webp","type":"image\/webp"}],"twitter_card":"summary_large_image","twitter_misc":{"Szacowany czas czytania":"5 minut"},"schema":{"@context":"https:\/\/schema.org","@graph":[{"@type":"WebPage","@id":"https:\/\/lekarzeopole.pl\/wordpress\/product\/reduslim\/","url":"https:\/\/lekarzeopole.pl\/wordpress\/product\/reduslim\/","name":"Reduslim - kup suplement, cena w aptece, sk\u0142ad, dzia\u0142anie","isPartOf":{"@id":"https:\/\/lekarzeopole.pl\/wordpress\/#website"},"primaryImageOfPage":{"@id":"https:\/\/lekarzeopole.pl\/wordpress\/product\/reduslim\/#primaryimage"},"image":{"@id":"https:\/\/lekarzeopole.pl\/wordpress\/product\/reduslim\/#primaryimage"},"thumbnailUrl":"https:\/\/lekarzeopole.pl\/wordpress\/wp-content\/uploads\/2024\/02\/reduslim-2.webp","datePublished":"2024-02-07T10:11:19+00:00","dateModified":"2025-04-17T15:38:25+00:00","breadcrumb":{"@id":"https:\/\/lekarzeopole.pl\/wordpress\/product\/reduslim\/#breadcrumb"},"inLanguage":"pl-PL","potentialAction":[{"@type":"ReadAction","target":["https:\/\/lekarzeopole.pl\/wordpress\/product\/reduslim\/"]}]},{"@type":"ImageObject","inLanguage":"pl-PL","@id":"https:\/\/lekarzeopole.pl\/wordpress\/product\/reduslim\/#primaryimage","url":"https:\/\/lekarzeopole.pl\/wordpress\/wp-content\/uploads\/2024\/02\/reduslim-2.webp","contentUrl":"https:\/\/lekarzeopole.pl\/wordpress\/wp-content\/uploads\/2024\/02\/reduslim-2.webp","width":975,"height":658,"caption":"Reduslim"},{"@type":"BreadcrumbList","@id":"https:\/\/lekarzeopole.pl\/wordpress\/product\/reduslim\/#breadcrumb","itemListElement":[{"@type":"ListItem","position":1,"name":"\u0413\u043b\u0430\u0432\u043d\u0430\u044f \u0441\u0442\u0440\u0430\u043d\u0438\u0446\u0430","item":"https:\/\/lekarzeopole.pl\/wordpress\/"},{"@type":"ListItem","position":2,"name":"Zakup","item":"https:\/\/lekarzeopole.pl\/wordpress\/"},{"@type":"ListItem","position":3,"name":"Reduslim"}]},{"@type":"WebSite","@id":"https:\/\/lekarzeopole.pl\/wordpress\/#website","url":"https:\/\/lekarzeopole.pl\/wordpress\/","name":"Lekarze Opole","description":"","potentialAction":[{"@type":"SearchAction","target":{"@type":"EntryPoint","urlTemplate":"https:\/\/lekarzeopole.pl\/wordpress\/?s={search_term_string}"},"query-input":{"@type":"PropertyValueSpecification","valueRequired":true,"valueName":"search_term_string"}}],"inLanguage":"pl-PL"}]}},"_links":{"self":[{"href":"https:\/\/lekarzeopole.pl\/wordpress\/wp-json\/wp\/v2\/product\/324","targetHints":{"allow":["GET"]}}],"collection":[{"href":"https:\/\/lekarzeopole.pl\/wordpress\/wp-json\/wp\/v2\/product"}],"about":[{"href":"https:\/\/lekarzeopole.pl\/wordpress\/wp-json\/wp\/v2\/types\/product"}],"replies":[{"embeddable":true,"href":"https:\/\/lekarzeopole.pl\/wordpress\/wp-json\/wp\/v2\/comments?post=324"}],"wp:featuredmedia":[{"embeddable":true,"href":"https:\/\/lekarzeopole.pl\/wordpress\/wp-json\/wp\/v2\/media\/1198"}],"wp:attachment":[{"href":"https:\/\/lekarzeopole.pl\/wordpress\/wp-json\/wp\/v2\/media?parent=324"}],"wp:term":[{"taxonomy":"product_brand","embeddable":true,"href":"https:\/\/lekarzeopole.pl\/wordpress\/wp-json\/wp\/v2\/product_brand?post=324"},{"taxonomy":"product_cat","embeddable":true,"href":"https:\/\/lekarzeopole.pl\/wordpress\/wp-json\/wp\/v2\/product_cat?post=324"},{"taxonomy":"product_tag","embeddable":true,"href":"https:\/\/lekarzeopole.pl\/wordpress\/wp-json\/wp\/v2\/product_tag?post=324"}],"curies":[{"name":"wp","href":"https:\/\/api.w.org\/{rel}","templated":true}]}}