{"id":318,"date":"2024-02-07T09:47:41","date_gmt":"2024-02-07T09:47:41","guid":{"rendered":"https:\/\/lekarzeopole.pl\/wordpress\/?post_type=product&#038;p=318"},"modified":"2024-09-17T08:45:48","modified_gmt":"2024-09-17T08:45:48","slug":"keto-slim","status":"publish","type":"product","link":"https:\/\/lekarzeopole.pl\/wordpress\/product\/keto-slim\/","title":{"rendered":"Keto Slim"},"content":{"rendered":"<div class=\"w-full text-token-text-primary\" data-testid=\"conversation-turn-3\">\n<div class=\"px-4 py-2 justify-center text-base md:gap-6 m-auto\">\n<div class=\"flex flex-1 text-base mx-auto gap-3 md:px-5 lg:px-1 xl:px-5 md:max-w-3xl lg:max-w-[40rem] xl:max-w-[48rem] group\">\n<div class=\"relative flex w-full flex-col lg:w-[calc(100%-115px)] agent-turn\">\n<div class=\"flex-col gap-1 md:gap-3\">\n<div class=\"flex flex-grow flex-col max-w-full\">\n<div class=\"min-h-[20px] text-message flex flex-col items-start gap-3 whitespace-pre-wrap break-words [.text-message+&amp;]:mt-5 overflow-x-auto\" data-message-author-role=\"assistant\" data-message-id=\"8a79feb0-9010-43ca-ad40-5636243a08b3\">\n<div class=\"markdown prose w-full break-words dark:prose-invert light\">\n<p>Keto Slim jest przeznaczony dla os\u00f3b, kt\u00f3re chc\u0105 skutecznie zmniejszy\u0107 tkank\u0119 t\u0142uszczow\u0105 i poprawi\u0107 swoj\u0105 sylwetk\u0119. Preparat ten jest szczeg\u00f3lnie polecany dla tych, kt\u00f3rzy chc\u0105 osi\u0105gn\u0105\u0107 stan ketozy szybciej i \u0142atwiej. Zaleca si\u0119 go r\u00f3wnie\u017c dla os\u00f3b, kt\u00f3re chc\u0105 zredukowa\u0107 apetyt i kontrolowa\u0107 spo\u017cycie kalorii.<\/p>\n<h2>Sk\u0142ad i dzia\u0142anie sk\u0142adnik\u00f3w Keto Slim<\/h2>\n<p>Keto Slim zawiera naturalne sk\u0142adniki, kt\u00f3re dzia\u0142aj\u0105 synergistycznie, aby wspom\u00f3c organizm w osi\u0105gni\u0119ciu stanu ketozy oraz przyspieszy\u0107 metabolizm. G\u0142\u00f3wne sk\u0142adniki preparatu to:<\/p>\n<ol>\n<li><strong>BHB (beta-hydroksyma\u015blan)<\/strong>: Kluczowy sk\u0142adnik, kt\u00f3ry pomaga w szybszym dost\u0119pie organizmu do stanu ketozy. BHB przyspiesza proces spalania t\u0142uszczu poprzez konwersj\u0119 go na energi\u0119.<\/li>\n<li><strong>Ekstrakt z zielonej herbaty<\/strong>: Bogaty w antyoksydanty, wspomaga przyspieszenie metabolizmu oraz eliminacj\u0119 toksyn z organizmu.<\/li>\n<li><strong>Ekstrakt z jag\u00f3d acai<\/strong>: Zawiera wiele sk\u0142adnik\u00f3w od\u017cywczych, kt\u00f3re wspomagaj\u0105 proces odchudzania oraz poprawiaj\u0105 og\u00f3lny stan zdrowia.<\/li>\n<li><strong>Ekstrakt z Garcinia Cambogia<\/strong>: Hamuje \u0142aknienie, co pomaga w kontrolowaniu spo\u017cycia kalorii i redukcji masy cia\u0142a.<\/li>\n<\/ol>\n<h2>Efekty Keto Slim i ich charakterystyka<\/h2>\n<p>Regularne stosowanie Keto Slim mo\u017ce przynie\u015b\u0107 szereg korzy\u015bci dla organizmu, w tym:<\/p>\n<ul>\n<li><strong>Szybsze osi\u0105gni\u0119cie stanu ketozy<\/strong>: Dzi\u0119ki skr\u00f3ceniu czasu potrzebnego na wej\u015bcie w ketoz\u0119, mo\u017cliwe jest szybsze rozpocz\u0119cie procesu spalania t\u0142uszczu.<\/li>\n<li><strong>Redukcja apetytu<\/strong>: Sk\u0142adniki aktywne preparatu pomagaj\u0105 zmniejszy\u0107 uczucie g\u0142odu, co u\u0142atwia kontrolowanie spo\u017cycia kalorii.<\/li>\n<li><strong>Przyspieszenie metabolizmu<\/strong>: Dzi\u0119ki temu organizm spala wi\u0119cej kalorii nawet w czasie spoczynku, co przyczynia si\u0119 do szybszej utraty wagi.<\/li>\n<li><strong>Zachowanie masy mi\u0119\u015bniowej<\/strong>: Podczas odchudzania istotne jest zachowanie masy mi\u0119\u015bniowej, a Keto Slim pomaga w spalaniu wy\u0142\u0105cznie tkanki t\u0142uszczowej.<\/li>\n<\/ul>\n<p style=\"text-align: center;\"><a href=\"https:\/\/mandarv.com\/LhQS?sub1=sub1&amp;sub2=sub2&amp;sub3=sub3&amp;sub4=sub4&amp;sub5=sub5\"><button>www.keto-slim.pl<\/button><\/a><\/p>\n<h2>Ryzyko skutk\u00f3w ubocznych<\/h2>\n<p>Keto Slim jest oparty na naturalnych sk\u0142adnikach, dlatego ryzyko wyst\u0105pienia skutk\u00f3w ubocznych jest minimalne. Jednak\u017ce, ka\u017cda osoba mo\u017ce reagowa\u0107 inaczej na preparat, dlatego zawsze zaleca si\u0119 konsultacj\u0119 z lekarzem przed rozpocz\u0119ciem stosowania suplementu diety. W przypadku przestrzegania zalece\u0144 producenta i odpowiedniego stosowania, ryzyko skutk\u00f3w ubocznych jest zwykle bardzo niskie. Dzi\u0119ki naturalnym sk\u0142adnikom, Keto Slim mo\u017ce by\u0107 bezpiecznie stosowany przez wi\u0119kszo\u015b\u0107 os\u00f3b d\u0105\u017c\u0105cych do utraty wagi.<\/p>\n<\/div>\n<\/div>\n<\/div>\n<\/div>\n<\/div>\n<\/div>\n<\/div>\n<\/div>\n<div class=\"w-full text-token-text-primary\" data-testid=\"conversation-turn-5\">\n<div class=\"px-4 py-2 justify-center text-base md:gap-6 m-auto\">\n<div class=\"flex flex-1 text-base mx-auto gap-3 md:px-5 lg:px-1 xl:px-5 md:max-w-3xl lg:max-w-[40rem] xl:max-w-[48rem] group final-completion\">\n<div class=\"relative flex w-full flex-col lg:w-[calc(100%-115px)] agent-turn\">\n<div class=\"flex-col gap-1 md:gap-3\">\n<div class=\"flex flex-grow flex-col max-w-full\">\n<div class=\"min-h-[20px] text-message flex flex-col items-start gap-3 whitespace-pre-wrap break-words [.text-message+&amp;]:mt-5 overflow-x-auto\" data-message-author-role=\"assistant\" data-message-id=\"619b4091-21c1-4f5a-8da2-0cbb6c0a0dfb\">\n<div class=\"markdown prose w-full break-words dark:prose-invert light\">\n<h2>Opinie klient\u00f3w \u043e Keto Slim: fora po\u015bwi\u0119cone zdrowiu<\/h2>\n<p>W Polsce fora internetowe po\u015bwi\u0119cone zdrowiu i odchudzaniu ciesz\u0105 si\u0119 ogromn\u0105 popularno\u015bci\u0105. Z roku na rok coraz wi\u0119cej os\u00f3b szuka informacji na temat skutecznych metod redukcji wagi i zdrowego trybu \u017cycia. W tym kontek\u015bcie Keto Slim zyskuje coraz wi\u0119ksze uznanie w\u015br\u00f3d u\u017cytkownik\u00f3w, co skutkuje liczniejszymi opiniami na jego temat.<\/p>\n<p>Wi\u0119kszo\u015b\u0107 u\u017cytkownik\u00f3w, kt\u00f3rzy podzielili si\u0119 swoimi do\u015bwiadczeniami zwi\u0105zanych z Keto Slim, opisuje pozytywne efekty stosowania tego preparatu. Jego skuteczno\u015b\u0107 w redukcji tkanki t\u0142uszczowej oraz kontrolowaniu apetytu s\u0105 najcz\u0119\u015bciej wymienianymi zaletami. Ponadto, wielu klient\u00f3w podkre\u015bla tak\u017ce \u0142atwo\u015b\u0107 dost\u0119pu do produktu oraz jego przyst\u0119pn\u0105 cen\u0119.<\/p>\n<p><strong>Oto kilka opinii od u\u017cytkownik\u00f3w:<\/strong><\/p>\n<ol>\n<li><strong>Anna<\/strong>: &#8222;Od kiedy zacz\u0119\u0142am stosowa\u0107 Keto Slim, zauwa\u017cy\u0142am ogromn\u0105 r\u00f3\u017cnic\u0119 w mojej wadze. Poza tym, m\u00f3j apetyt znacz\u0105co si\u0119 zmniejszy\u0142, co u\u0142atwi\u0142o mi kontrolowanie ilo\u015bci spo\u017cywanych kalorii. Polecam ten preparat ka\u017cdemu, kto chce skutecznie schudn\u0105\u0107!&#8221;<\/li>\n<li><strong>Piotr<\/strong>: &#8222;Jestem bardzo zadowolony z efekt\u00f3w, jakie przyni\u00f3s\u0142 mi Keto Slim. Dzi\u0119ki regularnemu stosowaniu, uda\u0142o mi si\u0119 pozby\u0107 zb\u0119dnych kilogram\u00f3w bez wi\u0119kszego wysi\u0142ku. Dodatkowo, nie odczuwa\u0142em \u017cadnych skutk\u00f3w ubocznych, co sprawia, \u017ce mog\u0119 poleci\u0107 ten preparat z czystym sumieniem.&#8221;<\/li>\n<\/ol>\n<h2>Spos\u00f3b podawania i dawkowanie<\/h2>\n<p>Zalecane dawkowanie Keto Slim to jedna kapsu\u0142ka dziennie, najlepiej popijana du\u017c\u0105 ilo\u015bci\u0105 wody. Preparat najlepiej przyjmowa\u0107 rano, przed \u015bniadaniem, aby maksymalnie wykorzysta\u0107 jego dzia\u0142anie termogeniczne i kontroluj\u0105ce apetyt.<\/p>\n<p style=\"text-align: center;\"><a href=\"https:\/\/mandarv.com\/LhQS?sub1=sub1&amp;sub2=sub2&amp;sub3=sub3&amp;sub4=sub4&amp;sub5=sub5\"><button>Kup teraz<\/button><\/a><\/p>\n<h2>Kup teraz Keto Slim z dostaw\u0105<\/h2>\n<p>Zam\u00f3wienie Keto Slim jest niezwykle \u0142atwe i wygodne. Produkt mo\u017cna naby\u0107 online, bez konieczno\u015bci op\u0142acania go z g\u00f3ry. Op\u0142ata dokonywana jest dopiero przy odbiorze przesy\u0142ki, co daje pewno\u015b\u0107 otrzymania oryginalnego produktu bez ryzyka. Dostawa realizowana jest w ci\u0105gu 3-4 dni roboczych na terenie Polski. Dodatkowo, ka\u017cde zam\u00f3wienie jest potwierdzane telefonicznie przez specjalist\u0119, kt\u00f3ry s\u0142u\u017cy pomoc\u0105 i rad\u0105 w przypadku dodatkowych pyta\u0144.<\/p>\n<h2>Por\u00f3wnanie ofert: ceny i dost\u0119pno\u015b\u0107 Keto Slim<\/h2>\n<p>Producenci Keto Slim zale\u017c\u0105 na tym, aby produkt by\u0142 \u0142atwo dost\u0119pny dla klient\u00f3w, dlatego mo\u017cna go naby\u0107 bezpo\u015brednio na oficjalnej stronie internetowej firmy. Dzi\u0119ki temu unikamy po\u015brednik\u00f3w i dodatkowych koszt\u00f3w, co przek\u0142ada si\u0119 na atrakcyjn\u0105 cen\u0119. Dodatkowo, warto regularnie sprawdza\u0107 oficjaln\u0105 stron\u0119 producenta, poniewa\u017c dost\u0119pne s\u0105 tam r\u00f3\u017cnego rodzaju promocje i zni\u017cki, kt\u00f3re mog\u0105 jeszcze bardziej obni\u017cy\u0107 cen\u0119 Keto Slim. Warto r\u00f3wnie\u017c zaznaczy\u0107, \u017ce produkt nie jest dost\u0119pny w stacjonarnych aptekach, co oznacza, \u017ce zakup online jest jedyn\u0105 pewn\u0105 metod\u0105 nabycia tego suplementu diety.<\/p>\n<\/div>\n<\/div>\n<\/div>\n<\/div>\n<\/div>\n<\/div>\n<\/div>\n<\/div>\n","protected":false},"excerpt":{"rendered":"<p style=\"text-align: center;\"><a href=\"https:\/\/mandarv.com\/LhQS?sub1=sub1&amp;sub2=sub2&amp;sub3=sub3&amp;sub4=sub4&amp;sub5=sub5\"><button>Kup teraz<\/button><\/a><\/p>\n<p>SKU:\u00a0<span class=\"sku\">789.878.749<\/span><\/p>\n<hr \/>\n<p><small>Produkt sprzedawany jest wy\u0142\u0105cznie za po\u015brednictwem oficjalnej strony producenta, id\u017a i kupuj bezpiecznie!<\/small><\/p>\n","protected":false},"featured_media":319,"comment_status":"open","ping_status":"closed","template":"","meta":[],"product_brand":[],"product_cat":[15],"product_tag":[],"class_list":{"0":"post-318","1":"product","2":"type-product","3":"status-publish","4":"has-post-thumbnail","6":"product_cat-supl","7":"thunk-woo-product-list","8":"opn-qv-enable","9":"top-store-woo-hover-","10":"top-store-single-product-tab-horizontal","11":"top-store-shadow-","12":"top-store-shadow-hover-","14":"first","15":"instock","16":"sale","17":"shipping-taxable","18":"purchasable","19":"product-type-simple"},"yoast_head":"<!-- This site is optimized with the Yoast SEO plugin v27.4 - https:\/\/yoast.com\/product\/yoast-seo-wordpress\/ -->\n<title>Keto Slim - kup suplement, cena w aptece, sk\u0142ad, dzia\u0142anie<\/title>\n<meta name=\"robots\" content=\"index, follow, max-snippet:-1, max-image-preview:large, max-video-preview:-1\" \/>\n<link rel=\"canonical\" href=\"https:\/\/lekarzeopole.pl\/wordpress\/product\/keto-slim\/\" \/>\n<meta property=\"og:locale\" content=\"pl_PL\" \/>\n<meta property=\"og:type\" content=\"article\" \/>\n<meta property=\"og:title\" content=\"Keto Slim - kup suplement, cena w aptece, sk\u0142ad, dzia\u0142anie\" \/>\n<meta property=\"og:description\" content=\"Kup teraz SKU:\u00a0789.878.749    Produkt sprzedawany jest wy\u0142\u0105cznie za po\u015brednictwem oficjalnej strony producenta, id\u017a i kupuj bezpiecznie!\" \/>\n<meta property=\"og:url\" content=\"https:\/\/lekarzeopole.pl\/wordpress\/product\/keto-slim\/\" \/>\n<meta property=\"og:site_name\" content=\"Lekarze Opole\" \/>\n<meta property=\"article:modified_time\" content=\"2024-09-17T08:45:48+00:00\" \/>\n<meta property=\"og:image\" content=\"https:\/\/lekarzeopole.pl\/wordpress\/wp-content\/uploads\/2024\/02\/keto-slim.jpg\" \/>\n\t<meta property=\"og:image:width\" content=\"2560\" \/>\n\t<meta property=\"og:image:height\" content=\"2560\" \/>\n\t<meta property=\"og:image:type\" content=\"image\/jpeg\" \/>\n<meta name=\"twitter:card\" content=\"summary_large_image\" \/>\n<meta name=\"twitter:label1\" content=\"Szacowany czas czytania\" \/>\n\t<meta name=\"twitter:data1\" content=\"5 minut\" \/>\n<script type=\"application\/ld+json\" class=\"yoast-schema-graph\">{\"@context\":\"https:\\\/\\\/schema.org\",\"@graph\":[{\"@type\":\"WebPage\",\"@id\":\"https:\\\/\\\/lekarzeopole.pl\\\/wordpress\\\/product\\\/keto-slim\\\/\",\"url\":\"https:\\\/\\\/lekarzeopole.pl\\\/wordpress\\\/product\\\/keto-slim\\\/\",\"name\":\"Keto Slim - kup suplement, cena w aptece, sk\u0142ad, dzia\u0142anie\",\"isPartOf\":{\"@id\":\"https:\\\/\\\/lekarzeopole.pl\\\/wordpress\\\/#website\"},\"primaryImageOfPage\":{\"@id\":\"https:\\\/\\\/lekarzeopole.pl\\\/wordpress\\\/product\\\/keto-slim\\\/#primaryimage\"},\"image\":{\"@id\":\"https:\\\/\\\/lekarzeopole.pl\\\/wordpress\\\/product\\\/keto-slim\\\/#primaryimage\"},\"thumbnailUrl\":\"https:\\\/\\\/lekarzeopole.pl\\\/wordpress\\\/wp-content\\\/uploads\\\/2024\\\/02\\\/keto-slim.jpg\",\"datePublished\":\"2024-02-07T09:47:41+00:00\",\"dateModified\":\"2024-09-17T08:45:48+00:00\",\"breadcrumb\":{\"@id\":\"https:\\\/\\\/lekarzeopole.pl\\\/wordpress\\\/product\\\/keto-slim\\\/#breadcrumb\"},\"inLanguage\":\"pl-PL\",\"potentialAction\":[{\"@type\":\"ReadAction\",\"target\":[\"https:\\\/\\\/lekarzeopole.pl\\\/wordpress\\\/product\\\/keto-slim\\\/\"]}]},{\"@type\":\"ImageObject\",\"inLanguage\":\"pl-PL\",\"@id\":\"https:\\\/\\\/lekarzeopole.pl\\\/wordpress\\\/product\\\/keto-slim\\\/#primaryimage\",\"url\":\"https:\\\/\\\/lekarzeopole.pl\\\/wordpress\\\/wp-content\\\/uploads\\\/2024\\\/02\\\/keto-slim.jpg\",\"contentUrl\":\"https:\\\/\\\/lekarzeopole.pl\\\/wordpress\\\/wp-content\\\/uploads\\\/2024\\\/02\\\/keto-slim.jpg\",\"width\":2560,\"height\":2560,\"caption\":\"Keto Slim\"},{\"@type\":\"BreadcrumbList\",\"@id\":\"https:\\\/\\\/lekarzeopole.pl\\\/wordpress\\\/product\\\/keto-slim\\\/#breadcrumb\",\"itemListElement\":[{\"@type\":\"ListItem\",\"position\":1,\"name\":\"\u0413\u043b\u0430\u0432\u043d\u0430\u044f \u0441\u0442\u0440\u0430\u043d\u0438\u0446\u0430\",\"item\":\"https:\\\/\\\/lekarzeopole.pl\\\/wordpress\\\/\"},{\"@type\":\"ListItem\",\"position\":2,\"name\":\"Zakup\",\"item\":\"https:\\\/\\\/lekarzeopole.pl\\\/wordpress\\\/\"},{\"@type\":\"ListItem\",\"position\":3,\"name\":\"Keto Slim\"}]},{\"@type\":\"WebSite\",\"@id\":\"https:\\\/\\\/lekarzeopole.pl\\\/wordpress\\\/#website\",\"url\":\"https:\\\/\\\/lekarzeopole.pl\\\/wordpress\\\/\",\"name\":\"Lekarze Opole\",\"description\":\"\",\"potentialAction\":[{\"@type\":\"SearchAction\",\"target\":{\"@type\":\"EntryPoint\",\"urlTemplate\":\"https:\\\/\\\/lekarzeopole.pl\\\/wordpress\\\/?s={search_term_string}\"},\"query-input\":{\"@type\":\"PropertyValueSpecification\",\"valueRequired\":true,\"valueName\":\"search_term_string\"}}],\"inLanguage\":\"pl-PL\"}]}<\/script>\n<!-- \/ Yoast SEO plugin. -->","yoast_head_json":{"title":"Keto Slim - kup suplement, cena w aptece, sk\u0142ad, dzia\u0142anie","robots":{"index":"index","follow":"follow","max-snippet":"max-snippet:-1","max-image-preview":"max-image-preview:large","max-video-preview":"max-video-preview:-1"},"canonical":"https:\/\/lekarzeopole.pl\/wordpress\/product\/keto-slim\/","og_locale":"pl_PL","og_type":"article","og_title":"Keto Slim - kup suplement, cena w aptece, sk\u0142ad, dzia\u0142anie","og_description":"Kup teraz SKU:\u00a0789.878.749    Produkt sprzedawany jest wy\u0142\u0105cznie za po\u015brednictwem oficjalnej strony producenta, id\u017a i kupuj bezpiecznie!","og_url":"https:\/\/lekarzeopole.pl\/wordpress\/product\/keto-slim\/","og_site_name":"Lekarze Opole","article_modified_time":"2024-09-17T08:45:48+00:00","og_image":[{"width":2560,"height":2560,"url":"https:\/\/lekarzeopole.pl\/wordpress\/wp-content\/uploads\/2024\/02\/keto-slim.jpg","type":"image\/jpeg"}],"twitter_card":"summary_large_image","twitter_misc":{"Szacowany czas czytania":"5 minut"},"schema":{"@context":"https:\/\/schema.org","@graph":[{"@type":"WebPage","@id":"https:\/\/lekarzeopole.pl\/wordpress\/product\/keto-slim\/","url":"https:\/\/lekarzeopole.pl\/wordpress\/product\/keto-slim\/","name":"Keto Slim - kup suplement, cena w aptece, sk\u0142ad, dzia\u0142anie","isPartOf":{"@id":"https:\/\/lekarzeopole.pl\/wordpress\/#website"},"primaryImageOfPage":{"@id":"https:\/\/lekarzeopole.pl\/wordpress\/product\/keto-slim\/#primaryimage"},"image":{"@id":"https:\/\/lekarzeopole.pl\/wordpress\/product\/keto-slim\/#primaryimage"},"thumbnailUrl":"https:\/\/lekarzeopole.pl\/wordpress\/wp-content\/uploads\/2024\/02\/keto-slim.jpg","datePublished":"2024-02-07T09:47:41+00:00","dateModified":"2024-09-17T08:45:48+00:00","breadcrumb":{"@id":"https:\/\/lekarzeopole.pl\/wordpress\/product\/keto-slim\/#breadcrumb"},"inLanguage":"pl-PL","potentialAction":[{"@type":"ReadAction","target":["https:\/\/lekarzeopole.pl\/wordpress\/product\/keto-slim\/"]}]},{"@type":"ImageObject","inLanguage":"pl-PL","@id":"https:\/\/lekarzeopole.pl\/wordpress\/product\/keto-slim\/#primaryimage","url":"https:\/\/lekarzeopole.pl\/wordpress\/wp-content\/uploads\/2024\/02\/keto-slim.jpg","contentUrl":"https:\/\/lekarzeopole.pl\/wordpress\/wp-content\/uploads\/2024\/02\/keto-slim.jpg","width":2560,"height":2560,"caption":"Keto Slim"},{"@type":"BreadcrumbList","@id":"https:\/\/lekarzeopole.pl\/wordpress\/product\/keto-slim\/#breadcrumb","itemListElement":[{"@type":"ListItem","position":1,"name":"\u0413\u043b\u0430\u0432\u043d\u0430\u044f \u0441\u0442\u0440\u0430\u043d\u0438\u0446\u0430","item":"https:\/\/lekarzeopole.pl\/wordpress\/"},{"@type":"ListItem","position":2,"name":"Zakup","item":"https:\/\/lekarzeopole.pl\/wordpress\/"},{"@type":"ListItem","position":3,"name":"Keto Slim"}]},{"@type":"WebSite","@id":"https:\/\/lekarzeopole.pl\/wordpress\/#website","url":"https:\/\/lekarzeopole.pl\/wordpress\/","name":"Lekarze Opole","description":"","potentialAction":[{"@type":"SearchAction","target":{"@type":"EntryPoint","urlTemplate":"https:\/\/lekarzeopole.pl\/wordpress\/?s={search_term_string}"},"query-input":{"@type":"PropertyValueSpecification","valueRequired":true,"valueName":"search_term_string"}}],"inLanguage":"pl-PL"}]}},"_links":{"self":[{"href":"https:\/\/lekarzeopole.pl\/wordpress\/wp-json\/wp\/v2\/product\/318","targetHints":{"allow":["GET"]}}],"collection":[{"href":"https:\/\/lekarzeopole.pl\/wordpress\/wp-json\/wp\/v2\/product"}],"about":[{"href":"https:\/\/lekarzeopole.pl\/wordpress\/wp-json\/wp\/v2\/types\/product"}],"replies":[{"embeddable":true,"href":"https:\/\/lekarzeopole.pl\/wordpress\/wp-json\/wp\/v2\/comments?post=318"}],"wp:featuredmedia":[{"embeddable":true,"href":"https:\/\/lekarzeopole.pl\/wordpress\/wp-json\/wp\/v2\/media\/319"}],"wp:attachment":[{"href":"https:\/\/lekarzeopole.pl\/wordpress\/wp-json\/wp\/v2\/media?parent=318"}],"wp:term":[{"taxonomy":"product_brand","embeddable":true,"href":"https:\/\/lekarzeopole.pl\/wordpress\/wp-json\/wp\/v2\/product_brand?post=318"},{"taxonomy":"product_cat","embeddable":true,"href":"https:\/\/lekarzeopole.pl\/wordpress\/wp-json\/wp\/v2\/product_cat?post=318"},{"taxonomy":"product_tag","embeddable":true,"href":"https:\/\/lekarzeopole.pl\/wordpress\/wp-json\/wp\/v2\/product_tag?post=318"}],"curies":[{"name":"wp","href":"https:\/\/api.w.org\/{rel}","templated":true}]}}