{"id":314,"date":"2024-02-07T09:33:50","date_gmt":"2024-02-07T09:33:50","guid":{"rendered":"https:\/\/lekarzeopole.pl\/wordpress\/?post_type=product&#038;p=314"},"modified":"2024-06-07T14:17:27","modified_gmt":"2024-06-07T14:17:27","slug":"gigant","status":"publish","type":"product","link":"https:\/\/lekarzeopole.pl\/wordpress\/product\/gigant\/","title":{"rendered":"Gigant"},"content":{"rendered":"<div class=\"w-full text-token-text-primary\" data-testid=\"conversation-turn-3\">\n<div class=\"px-4 py-2 justify-center text-base md:gap-6 m-auto\">\n<div class=\"flex flex-1 text-base mx-auto gap-3 md:px-5 lg:px-1 xl:px-5 md:max-w-3xl lg:max-w-[40rem] xl:max-w-[48rem] group\">\n<div class=\"relative flex w-full flex-col lg:w-[calc(100%-115px)] agent-turn\">\n<div class=\"flex-col gap-1 md:gap-3\">\n<div class=\"flex flex-grow flex-col max-w-full\">\n<div class=\"min-h-[20px] text-message flex flex-col items-start gap-3 whitespace-pre-wrap break-words [.text-message+&amp;]:mt-5 overflow-x-auto\" data-message-author-role=\"assistant\" data-message-id=\"98416b1f-3c49-4a09-aae2-945aa6dc73da\">\n<div class=\"markdown prose w-full break-words dark:prose-invert light\">\n<p>W dzisiejszych czasach wiele m\u0119\u017cczyzn szuka skutecznych sposob\u00f3w na popraw\u0119 swojej sprawno\u015bci seksualnej i zwi\u0119kszenie przyjemno\u015bci zar\u00f3wno dla siebie, jak i dla swojego partnera. Jednym z rozwi\u0105za\u0144, kt\u00f3re zyska\u0142o popularno\u015b\u0107 w\u015br\u00f3d m\u0119\u017cczyzn, jest preparat o nazwie Gigant. To produkt, kt\u00f3ry zyska\u0142 uznanie ze wzgl\u0119du na swoje naturalne sk\u0142adniki i skuteczno\u015b\u0107 w poprawie r\u00f3\u017cnych aspekt\u00f3w \u017cycia seksualnego. W tej artykule przyjrzymy si\u0119 bli\u017cej Gigantowi, jego sk\u0142adnikom, dzia\u0142aniu oraz potencjalnym skutkom ubocznym.<\/p>\n<h2>Wskazania do stosowania Gigant<\/h2>\n<p>Gigant jest przeznaczony g\u0142\u00f3wnie dla m\u0119\u017cczyzn, kt\u00f3rzy do\u015bwiadczaj\u0105 problem\u00f3w z erekcj\u0105, niskim libido, brakiem satysfakcji z \u017cycia seksualnego czy te\u017c chc\u0105 poprawi\u0107 jako\u015b\u0107 swoich dozna\u0144 podczas stosunku. Przeznaczony jest dla os\u00f3b doros\u0142ych, kt\u00f3re chc\u0105 w naturalny spos\u00f3b zwi\u0119kszy\u0107 swoj\u0105 sprawno\u015b\u0107 seksualn\u0105 i osi\u0105gn\u0105\u0107 lepsze rezultaty podczas aktywno\u015bci seksualnej.<\/p>\n<h2>Sk\u0142ad i dzia\u0142anie sk\u0142adnik\u00f3w Gigant<\/h2>\n<p>Gigant zawiera starannie dobrane naturalne sk\u0142adniki, kt\u00f3re maj\u0105 na celu popraw\u0119 r\u00f3\u017cnych aspekt\u00f3w \u017cycia seksualnego m\u0119\u017cczyzn. Oto niekt\u00f3re z g\u0142\u00f3wnych sk\u0142adnik\u00f3w i ich dzia\u0142anie:<\/p>\n<ol>\n<li><strong>Maca<\/strong> &#8211; ro\u015blina znana ze swoich w\u0142a\u015bciwo\u015bci zwi\u0119kszaj\u0105cych libido oraz poprawiaj\u0105cych sprawno\u015b\u0107 seksualn\u0105.<\/li>\n<li><strong>Tribulus Terrestris<\/strong> &#8211; ro\u015blina, kt\u00f3ra mo\u017ce wspomaga\u0107 produkcj\u0119 testosteronu i poprawia\u0107 erekcj\u0119.<\/li>\n<li><strong>L-arginina<\/strong> &#8211; aminokwas, kt\u00f3ry mo\u017ce zwi\u0119ksza\u0107 przep\u0142yw krwi do narz\u0105d\u00f3w p\u0142ciowych, co przyczynia si\u0119 do poprawy erekcji.<\/li>\n<li><strong>Ekstrakt z buzdyganka naziemnego<\/strong> &#8211; sk\u0142adnik wspieraj\u0105cy produkcj\u0119 testosteronu i reguluj\u0105cy poziom hormon\u00f3w p\u0142ciowych.<\/li>\n<li><strong>\u017be\u0144-sze\u0144<\/strong> &#8211; ro\u015blina o w\u0142a\u015bciwo\u015bciach tonizuj\u0105cych, kt\u00f3ra mo\u017ce zwi\u0119ksza\u0107 energi\u0119 i wytrzyma\u0142o\u015b\u0107 podczas stosunku.<\/li>\n<\/ol>\n<p>Dzi\u0119ki starannie dobranym sk\u0142adnikom Gigant mo\u017ce skutecznie wspiera\u0107 m\u0119\u017cczyzn w poprawie sprawno\u015bci seksualnej, zwi\u0119kszeniu libido oraz osi\u0105ganiu lepszych rezultat\u00f3w podczas aktywno\u015bci seksualnej.<\/p>\n<h2>Efekty Gigant i ich charakterystyka<\/h2>\n<p>Regularne stosowanie preparatu Gigant mo\u017ce przynie\u015b\u0107 szereg korzy\u015bci dla u\u017cytkownik\u00f3w. Niekt\u00f3re z g\u0142\u00f3wnych efekt\u00f3w to:<\/p>\n<ul>\n<li><strong>Zwi\u0119kszenie penis<\/strong> &#8211; Sk\u0142adniki zawarte w Gigancie mog\u0105 pom\u00f3c poprawi\u0107 przep\u0142yw krwi do pr\u0105cia, co mo\u017ce prowadzi\u0107 do jego wi\u0119kszej obj\u0119to\u015bci podczas erekcji.<\/li>\n<li><strong>Wzmacnianie i poprawa erekcji<\/strong> &#8211; Dzi\u0119ki sk\u0142adnikom poprawiaj\u0105cym przep\u0142yw krwi do narz\u0105d\u00f3w p\u0142ciowych, Gigant mo\u017ce pom\u00f3c w osi\u0105ganiu i utrzymywaniu silniejszych i d\u0142u\u017cszych erekcji.<\/li>\n<li><strong>Zwi\u0119kszenie po\u017c\u0105dania seksualnego partner\u00f3w<\/strong> &#8211; Poprawa sprawno\u015bci seksualnej i zwi\u0119kszenie libido mog\u0105 przyczyni\u0107 si\u0119 do wi\u0119kszego zainteresowania partner\u00f3w seksualnych.<\/li>\n<li><strong>Zwi\u0119kszenie czu\u0142o\u015bci<\/strong> &#8211; Niekt\u00f3re sk\u0142adniki Giganta mog\u0105 zwi\u0119ksza\u0107 czu\u0142o\u015b\u0107 i intensywno\u015b\u0107 dozna\u0144 podczas stosunku.<\/li>\n<li><strong>Przyczynianie si\u0119 do wyst\u0105pienia orgazmu<\/strong> &#8211; Poprawa funkcji seksualnych mo\u017ce przyczyni\u0107 si\u0119 do \u0142atwiejszego i intensywniejszego osi\u0105gania orgazmu.<\/li>\n<li><strong>Zwi\u0119kszenie czasu trwania i liczby orgazm\u00f3w<\/strong> &#8211; Dzi\u0119ki lepszej kontroli nad erekcj\u0105 i zwi\u0119kszonemu libido, Gigant mo\u017ce pom\u00f3c w wyd\u0142u\u017ceniu stosunku oraz osi\u0105ganiu wi\u0119kszej liczby orgazm\u00f3w.<\/li>\n<li><strong>Danie energii i wytrwa\u0142o\u015bci<\/strong> &#8211; Sk\u0142adniki takie jak \u017ce\u0144-sze\u0144 mog\u0105 pom\u00f3c w zwi\u0119kszeniu energii i wytrwa\u0142o\u015bci podczas aktywno\u015bci seksualnej.<\/li>\n<\/ul>\n<p style=\"text-align: center;\"><a href=\"https:\/\/mandarv.com\/jQbS?sub1=sub1&amp;sub2=sub2&amp;sub3=sub3&amp;sub4=sub4&amp;sub5=sub5\"><button>www.gigant.pl<\/button><\/a><\/p>\n<h2>Ryzyko skutk\u00f3w ubocznych<\/h2>\n<p>Gigant jest produktem opartym na naturalnych sk\u0142adnikach, dlatego ryzyko wyst\u0105pienia skutk\u00f3w ubocznych jest minimalne. Jednak\u017ce, jak w przypadku ka\u017cdego suplementu diety, istnieje mo\u017cliwo\u015b\u0107 indywidualnej nietolerancji lub uczulenia na kt\u00f3rykolwiek ze sk\u0142adnik\u00f3w. W przypadku wyst\u0105pienia jakichkolwiek niepo\u017c\u0105danych reakcji nale\u017cy przerwa\u0107 stosowanie preparatu i skonsultowa\u0107 si\u0119 z lekarzem.<\/p>\n<p><em>Gigant to produkt, kt\u00f3ry mo\u017ce by\u0107 niezawodn\u0105 pomoc\u0105 dla m\u0119\u017cczyzn pragn\u0105cych poprawi\u0107 swoj\u0105 sprawno\u015b\u0107 seksualn\u0105 i zwi\u0119kszy\u0107 przyjemno\u015b\u0107 zar\u00f3wno dla siebie, jak i dla swojego partnera. Dzi\u0119ki naturalnym sk\u0142adnikom i skuteczno\u015bci dzia\u0142ania, Gigant zyska\u0142 uznanie wielu u\u017cytkownik\u00f3w jako bezpieczne i skuteczne rozwi\u0105zanie w walce z problemami zwi\u0105zanymi z \u017cyciem seksualnym.<\/em><\/p>\n<\/div>\n<\/div>\n<\/div>\n<\/div>\n<\/div>\n<\/div>\n<\/div>\n<\/div>\n<div class=\"w-full text-token-text-primary\" data-testid=\"conversation-turn-5\">\n<div class=\"px-4 py-2 justify-center text-base md:gap-6 m-auto\">\n<div class=\"flex flex-1 text-base mx-auto gap-3 md:px-5 lg:px-1 xl:px-5 md:max-w-3xl lg:max-w-[40rem] xl:max-w-[48rem] group final-completion\">\n<div class=\"relative flex w-full flex-col lg:w-[calc(100%-115px)] agent-turn\">\n<div class=\"flex-col gap-1 md:gap-3\">\n<div class=\"flex flex-grow flex-col max-w-full\">\n<div class=\"min-h-[20px] text-message flex flex-col items-start gap-3 whitespace-pre-wrap break-words [.text-message+&amp;]:mt-5 overflow-x-auto\" data-message-author-role=\"assistant\" data-message-id=\"6b25ecd2-570d-4423-9016-b4eb97ee9f92\">\n<div class=\"markdown prose w-full break-words dark:prose-invert light\">\n<h2>Opinie klient\u00f3w o Gigant: fora po\u015bwi\u0119cone zdrowiu<\/h2>\n<p>W Polsce istnieje wiele platform internetowych i for\u00f3w po\u015bwi\u0119conych zdrowiu, na kt\u00f3rych u\u017cytkownicy dziel\u0105 si\u0119 swoimi do\u015bwiadczeniami z r\u00f3\u017cnymi produktami i metodami poprawy zdrowia, w tym tak\u017ce preparatami takimi jak Gigant. Ze wzgl\u0119du na rosn\u0105c\u0105 popularno\u015b\u0107 tego preparatu w\u015br\u00f3d klient\u00f3w, na forach mo\u017cna znale\u017a\u0107 wiele opinii na jego temat. Wi\u0119kszo\u015b\u0107 u\u017cytkownik\u00f3w opisuje pozytywne dzia\u0142anie Giganta oraz jego dost\u0119pno\u015b\u0107.<\/p>\n<p>Oto kilka opinii od u\u017cytkownik\u00f3w:<\/p>\n<ol>\n<li><strong>Jon, 38 lat:<\/strong> &#8222;Gigant okaza\u0142 si\u0119 strza\u0142em w dziesi\u0105tk\u0119! Ju\u017c po kilku tygodniach stosowania zauwa\u017cy\u0142am popraw\u0119 w mojej sprawno\u015bci seksualnej. Moje libido wzros\u0142o, a erekcje s\u0105 silniejsze i trwalsze. Bardzo polecam ten preparat wszystkim m\u0119\u017cczyznom, kt\u00f3rzy chc\u0105 poprawi\u0107 swoje \u017cycie seksualne!&#8221;<\/li>\n<li><strong>Piotr, 42 lata:<\/strong> &#8222;Jestem bardzo zadowolony z efekt\u00f3w stosowania Giganta. Dzi\u0119ki niemu mog\u0119 cieszy\u0107 si\u0119 lepszymi doznaniami podczas stosunku, a moja partnerka r\u00f3wnie\u017c odczuwa r\u00f3\u017cnic\u0119. Dodatkowo, sk\u0142adniki naturalne sprawiaj\u0105, \u017ce czuj\u0119 si\u0119 pewniej i bardziej komfortowo podczas aktywno\u015bci seksualnej. Polecam!&#8221;<\/li>\n<\/ol>\n<h2>Spos\u00f3b podawania i dawkowanie<\/h2>\n<p>Gigant wyst\u0119puje w formie \u017celu, kt\u00f3ry nale\u017cy stosowa\u0107 miejscowo na sk\u00f3r\u0119 penisa. Zalecana dawka preparatu mo\u017ce si\u0119 r\u00f3\u017cni\u0107 w zale\u017cno\u015bci od indywidualnych potrzeb i reakcji organizmu. Przed zastosowaniem nale\u017cy dok\u0142adnie przeczyta\u0107 ulotk\u0119 do\u0142\u0105czon\u0105 do opakowania oraz skonsultowa\u0107 si\u0119 z lekarzem w przypadku w\u0105tpliwo\u015bci lub obaw.<\/p>\n<h2>Kup teraz Gigant z dostaw\u0105<\/h2>\n<p>Zakup Giganta jest \u0142atwy i wygodny dzi\u0119ki mo\u017cliwo\u015bci zakupu online na oficjalnej stronie producenta. Nie ma potrzeby p\u0142acenia za produkt z g\u00f3ry &#8211; p\u0142atno\u015b\u0107 odbywa si\u0119 po fakcie dostawy, co zapewnia klientom bezpiecze\u0144stwo transakcji. Dostawa Giganta na terenie Polski zazwyczaj trwa 3-4 dni robocze, a zam\u00f3wienie jest potwierdzane przez specjalist\u0119 telefonicznie, co daje dodatkow\u0105 pewno\u015b\u0107 klientowi oraz mo\u017cliwo\u015b\u0107 skonsultowania si\u0119 w razie potrzeby.<\/p>\n<p style=\"text-align: center;\"><a href=\"https:\/\/mandarv.com\/jQbS?sub1=sub1&amp;sub2=sub2&amp;sub3=sub3&amp;sub4=sub4&amp;sub5=sub5\"><button>Zakup na stronie producenta (-50%)<\/button><\/a><\/p>\n<h2>Por\u00f3wnanie ofert: ceny i dost\u0119pno\u015b\u0107 Gigant<\/h2>\n<p>Producent Giganta stawia na dost\u0119pno\u015b\u0107 dla swoich klient\u00f3w, dlatego preparat mo\u017cna zakupi\u0107 bezpo\u015brednio na oficjalnej stronie internetowej producenta, bez po\u015brednik\u00f3w i nadmiernych na\u0142og\u00f3w. Dodatkowo, obowi\u0105zuj\u0105 atrakcyjne rabaty i promocje, kt\u00f3rych aktualno\u015b\u0107 warto regularnie sprawdza\u0107. Ze wzgl\u0119du na polityk\u0119 firmy, Gigant nie jest dost\u0119pny w stacjonarnych aptekach, co gwarantuje klientom oryginalny produkt bez ryzyka podr\u00f3bek.<\/p>\n<\/div>\n<\/div>\n<\/div>\n<\/div>\n<\/div>\n<\/div>\n<\/div>\n<\/div>\n","protected":false},"excerpt":{"rendered":"<p style=\"text-align: center;\"><a href=\"https:\/\/mandarv.com\/jQbS?sub1=sub1&amp;sub2=sub2&amp;sub3=sub3&amp;sub4=sub4&amp;sub5=sub5\"><button>Kup teraz<\/button><\/a><\/p>\n<p>SKU:\u00a0<span class=\"sku\">789.878.729<\/span><\/p>\n<hr \/>\n<p><small>Produkt sprzedawany jest wy\u0142\u0105cznie za po\u015brednictwem oficjalnej strony producenta, id\u017a i kupuj bezpiecznie!<\/small><\/p>\n","protected":false},"featured_media":315,"comment_status":"open","ping_status":"closed","template":"","meta":[],"product_brand":[],"product_cat":[15],"product_tag":[],"class_list":{"0":"post-314","1":"product","2":"type-product","3":"status-publish","4":"has-post-thumbnail","6":"product_cat-supl","7":"thunk-woo-product-list","8":"opn-qv-enable","9":"top-store-woo-hover-","10":"top-store-single-product-tab-horizontal","11":"top-store-shadow-","12":"top-store-shadow-hover-","14":"first","15":"instock","16":"sale","17":"shipping-taxable","18":"purchasable","19":"product-type-simple"},"yoast_head":"<!-- This site is optimized with the Yoast SEO plugin v27.4 - https:\/\/yoast.com\/product\/yoast-seo-wordpress\/ -->\n<title>Gigant - kup suplement, cena w aptece, sk\u0142ad, dzia\u0142anie<\/title>\n<meta name=\"robots\" content=\"index, follow, max-snippet:-1, max-image-preview:large, max-video-preview:-1\" \/>\n<link rel=\"canonical\" href=\"https:\/\/lekarzeopole.pl\/wordpress\/product\/gigant\/\" \/>\n<meta property=\"og:locale\" content=\"pl_PL\" \/>\n<meta property=\"og:type\" content=\"article\" \/>\n<meta property=\"og:title\" content=\"Gigant - kup suplement, cena w aptece, sk\u0142ad, dzia\u0142anie\" \/>\n<meta property=\"og:description\" content=\"Kup teraz SKU:\u00a0789.878.729    Produkt sprzedawany jest wy\u0142\u0105cznie za po\u015brednictwem oficjalnej strony producenta, id\u017a i kupuj bezpiecznie!\" \/>\n<meta property=\"og:url\" content=\"https:\/\/lekarzeopole.pl\/wordpress\/product\/gigant\/\" \/>\n<meta property=\"og:site_name\" content=\"Lekarze Opole\" \/>\n<meta property=\"article:modified_time\" content=\"2024-06-07T14:17:27+00:00\" \/>\n<meta property=\"og:image\" content=\"https:\/\/lekarzeopole.pl\/wordpress\/wp-content\/uploads\/2024\/02\/gigant.png\" \/>\n\t<meta property=\"og:image:width\" content=\"265\" \/>\n\t<meta property=\"og:image:height\" content=\"384\" \/>\n\t<meta property=\"og:image:type\" content=\"image\/png\" \/>\n<meta name=\"twitter:card\" content=\"summary_large_image\" \/>\n<meta name=\"twitter:label1\" content=\"Szacowany czas czytania\" \/>\n\t<meta name=\"twitter:data1\" content=\"6 minut\" \/>\n<script type=\"application\/ld+json\" class=\"yoast-schema-graph\">{\"@context\":\"https:\\\/\\\/schema.org\",\"@graph\":[{\"@type\":\"WebPage\",\"@id\":\"https:\\\/\\\/lekarzeopole.pl\\\/wordpress\\\/product\\\/gigant\\\/\",\"url\":\"https:\\\/\\\/lekarzeopole.pl\\\/wordpress\\\/product\\\/gigant\\\/\",\"name\":\"Gigant - kup suplement, cena w aptece, sk\u0142ad, dzia\u0142anie\",\"isPartOf\":{\"@id\":\"https:\\\/\\\/lekarzeopole.pl\\\/wordpress\\\/#website\"},\"primaryImageOfPage\":{\"@id\":\"https:\\\/\\\/lekarzeopole.pl\\\/wordpress\\\/product\\\/gigant\\\/#primaryimage\"},\"image\":{\"@id\":\"https:\\\/\\\/lekarzeopole.pl\\\/wordpress\\\/product\\\/gigant\\\/#primaryimage\"},\"thumbnailUrl\":\"https:\\\/\\\/lekarzeopole.pl\\\/wordpress\\\/wp-content\\\/uploads\\\/2024\\\/02\\\/gigant.png\",\"datePublished\":\"2024-02-07T09:33:50+00:00\",\"dateModified\":\"2024-06-07T14:17:27+00:00\",\"breadcrumb\":{\"@id\":\"https:\\\/\\\/lekarzeopole.pl\\\/wordpress\\\/product\\\/gigant\\\/#breadcrumb\"},\"inLanguage\":\"pl-PL\",\"potentialAction\":[{\"@type\":\"ReadAction\",\"target\":[\"https:\\\/\\\/lekarzeopole.pl\\\/wordpress\\\/product\\\/gigant\\\/\"]}]},{\"@type\":\"ImageObject\",\"inLanguage\":\"pl-PL\",\"@id\":\"https:\\\/\\\/lekarzeopole.pl\\\/wordpress\\\/product\\\/gigant\\\/#primaryimage\",\"url\":\"https:\\\/\\\/lekarzeopole.pl\\\/wordpress\\\/wp-content\\\/uploads\\\/2024\\\/02\\\/gigant.png\",\"contentUrl\":\"https:\\\/\\\/lekarzeopole.pl\\\/wordpress\\\/wp-content\\\/uploads\\\/2024\\\/02\\\/gigant.png\",\"width\":265,\"height\":384,\"caption\":\"Gigant\"},{\"@type\":\"BreadcrumbList\",\"@id\":\"https:\\\/\\\/lekarzeopole.pl\\\/wordpress\\\/product\\\/gigant\\\/#breadcrumb\",\"itemListElement\":[{\"@type\":\"ListItem\",\"position\":1,\"name\":\"\u0413\u043b\u0430\u0432\u043d\u0430\u044f \u0441\u0442\u0440\u0430\u043d\u0438\u0446\u0430\",\"item\":\"https:\\\/\\\/lekarzeopole.pl\\\/wordpress\\\/\"},{\"@type\":\"ListItem\",\"position\":2,\"name\":\"Zakup\",\"item\":\"https:\\\/\\\/lekarzeopole.pl\\\/wordpress\\\/\"},{\"@type\":\"ListItem\",\"position\":3,\"name\":\"Gigant\"}]},{\"@type\":\"WebSite\",\"@id\":\"https:\\\/\\\/lekarzeopole.pl\\\/wordpress\\\/#website\",\"url\":\"https:\\\/\\\/lekarzeopole.pl\\\/wordpress\\\/\",\"name\":\"Lekarze Opole\",\"description\":\"\",\"potentialAction\":[{\"@type\":\"SearchAction\",\"target\":{\"@type\":\"EntryPoint\",\"urlTemplate\":\"https:\\\/\\\/lekarzeopole.pl\\\/wordpress\\\/?s={search_term_string}\"},\"query-input\":{\"@type\":\"PropertyValueSpecification\",\"valueRequired\":true,\"valueName\":\"search_term_string\"}}],\"inLanguage\":\"pl-PL\"}]}<\/script>\n<!-- \/ Yoast SEO plugin. -->","yoast_head_json":{"title":"Gigant - kup suplement, cena w aptece, sk\u0142ad, dzia\u0142anie","robots":{"index":"index","follow":"follow","max-snippet":"max-snippet:-1","max-image-preview":"max-image-preview:large","max-video-preview":"max-video-preview:-1"},"canonical":"https:\/\/lekarzeopole.pl\/wordpress\/product\/gigant\/","og_locale":"pl_PL","og_type":"article","og_title":"Gigant - kup suplement, cena w aptece, sk\u0142ad, dzia\u0142anie","og_description":"Kup teraz SKU:\u00a0789.878.729    Produkt sprzedawany jest wy\u0142\u0105cznie za po\u015brednictwem oficjalnej strony producenta, id\u017a i kupuj bezpiecznie!","og_url":"https:\/\/lekarzeopole.pl\/wordpress\/product\/gigant\/","og_site_name":"Lekarze Opole","article_modified_time":"2024-06-07T14:17:27+00:00","og_image":[{"width":265,"height":384,"url":"https:\/\/lekarzeopole.pl\/wordpress\/wp-content\/uploads\/2024\/02\/gigant.png","type":"image\/png"}],"twitter_card":"summary_large_image","twitter_misc":{"Szacowany czas czytania":"6 minut"},"schema":{"@context":"https:\/\/schema.org","@graph":[{"@type":"WebPage","@id":"https:\/\/lekarzeopole.pl\/wordpress\/product\/gigant\/","url":"https:\/\/lekarzeopole.pl\/wordpress\/product\/gigant\/","name":"Gigant - kup suplement, cena w aptece, sk\u0142ad, dzia\u0142anie","isPartOf":{"@id":"https:\/\/lekarzeopole.pl\/wordpress\/#website"},"primaryImageOfPage":{"@id":"https:\/\/lekarzeopole.pl\/wordpress\/product\/gigant\/#primaryimage"},"image":{"@id":"https:\/\/lekarzeopole.pl\/wordpress\/product\/gigant\/#primaryimage"},"thumbnailUrl":"https:\/\/lekarzeopole.pl\/wordpress\/wp-content\/uploads\/2024\/02\/gigant.png","datePublished":"2024-02-07T09:33:50+00:00","dateModified":"2024-06-07T14:17:27+00:00","breadcrumb":{"@id":"https:\/\/lekarzeopole.pl\/wordpress\/product\/gigant\/#breadcrumb"},"inLanguage":"pl-PL","potentialAction":[{"@type":"ReadAction","target":["https:\/\/lekarzeopole.pl\/wordpress\/product\/gigant\/"]}]},{"@type":"ImageObject","inLanguage":"pl-PL","@id":"https:\/\/lekarzeopole.pl\/wordpress\/product\/gigant\/#primaryimage","url":"https:\/\/lekarzeopole.pl\/wordpress\/wp-content\/uploads\/2024\/02\/gigant.png","contentUrl":"https:\/\/lekarzeopole.pl\/wordpress\/wp-content\/uploads\/2024\/02\/gigant.png","width":265,"height":384,"caption":"Gigant"},{"@type":"BreadcrumbList","@id":"https:\/\/lekarzeopole.pl\/wordpress\/product\/gigant\/#breadcrumb","itemListElement":[{"@type":"ListItem","position":1,"name":"\u0413\u043b\u0430\u0432\u043d\u0430\u044f \u0441\u0442\u0440\u0430\u043d\u0438\u0446\u0430","item":"https:\/\/lekarzeopole.pl\/wordpress\/"},{"@type":"ListItem","position":2,"name":"Zakup","item":"https:\/\/lekarzeopole.pl\/wordpress\/"},{"@type":"ListItem","position":3,"name":"Gigant"}]},{"@type":"WebSite","@id":"https:\/\/lekarzeopole.pl\/wordpress\/#website","url":"https:\/\/lekarzeopole.pl\/wordpress\/","name":"Lekarze Opole","description":"","potentialAction":[{"@type":"SearchAction","target":{"@type":"EntryPoint","urlTemplate":"https:\/\/lekarzeopole.pl\/wordpress\/?s={search_term_string}"},"query-input":{"@type":"PropertyValueSpecification","valueRequired":true,"valueName":"search_term_string"}}],"inLanguage":"pl-PL"}]}},"_links":{"self":[{"href":"https:\/\/lekarzeopole.pl\/wordpress\/wp-json\/wp\/v2\/product\/314","targetHints":{"allow":["GET"]}}],"collection":[{"href":"https:\/\/lekarzeopole.pl\/wordpress\/wp-json\/wp\/v2\/product"}],"about":[{"href":"https:\/\/lekarzeopole.pl\/wordpress\/wp-json\/wp\/v2\/types\/product"}],"replies":[{"embeddable":true,"href":"https:\/\/lekarzeopole.pl\/wordpress\/wp-json\/wp\/v2\/comments?post=314"}],"wp:featuredmedia":[{"embeddable":true,"href":"https:\/\/lekarzeopole.pl\/wordpress\/wp-json\/wp\/v2\/media\/315"}],"wp:attachment":[{"href":"https:\/\/lekarzeopole.pl\/wordpress\/wp-json\/wp\/v2\/media?parent=314"}],"wp:term":[{"taxonomy":"product_brand","embeddable":true,"href":"https:\/\/lekarzeopole.pl\/wordpress\/wp-json\/wp\/v2\/product_brand?post=314"},{"taxonomy":"product_cat","embeddable":true,"href":"https:\/\/lekarzeopole.pl\/wordpress\/wp-json\/wp\/v2\/product_cat?post=314"},{"taxonomy":"product_tag","embeddable":true,"href":"https:\/\/lekarzeopole.pl\/wordpress\/wp-json\/wp\/v2\/product_tag?post=314"}],"curies":[{"name":"wp","href":"https:\/\/api.w.org\/{rel}","templated":true}]}}