{"id":310,"date":"2024-02-07T09:14:41","date_gmt":"2024-02-07T09:14:41","guid":{"rendered":"https:\/\/lekarzeopole.pl\/wordpress\/?post_type=product&#038;p=310"},"modified":"2025-03-30T15:13:55","modified_gmt":"2025-03-30T15:13:55","slug":"fortolex","status":"publish","type":"product","link":"https:\/\/lekarzeopole.pl\/wordpress\/product\/fortolex\/","title":{"rendered":"Fortolex"},"content":{"rendered":"<div class=\"w-full text-token-text-primary\" data-testid=\"conversation-turn-3\">\n<div class=\"px-4 py-2 justify-center text-base md:gap-6 m-auto\">\n<div class=\"flex flex-1 text-base mx-auto gap-3 md:px-5 lg:px-1 xl:px-5 md:max-w-3xl lg:max-w-[40rem] xl:max-w-[48rem] group\">\n<div class=\"relative flex w-full flex-col lg:w-[calc(100%-115px)] agent-turn\">\n<div class=\"flex-col gap-1 md:gap-3\">\n<div class=\"flex flex-grow flex-col max-w-full\">\n<div class=\"min-h-[20px] text-message flex flex-col items-start gap-3 whitespace-pre-wrap break-words [.text-message+&amp;]:mt-5 overflow-x-auto\" data-message-author-role=\"assistant\" data-message-id=\"a8dac75f-7da4-4f52-a10a-401e4caee29a\">\n<div class=\"markdown prose w-full break-words dark:prose-invert light\">\n<p>Paluch ko\u015blawy, czyli hallux valgus, to schorzenie st\u00f3p, kt\u00f3re mo\u017ce by\u0107 nie tylko bolesne, ale r\u00f3wnie\u017c znacz\u0105co ograniczaj\u0105ce codzienne funkcjonowanie. Na szcz\u0119\u015bcie istniej\u0105 sposoby zar\u00f3wno na leczenie, jak i profilaktyk\u0119 tej dolegliwo\u015bci. Jednym z takich rozwi\u0105za\u0144 jest krem Fortolex, kt\u00f3ry zawiera naturalne sk\u0142adniki o potwierdzonym dzia\u0142aniu w \u0142agodzeniu dolegliwo\u015bci zwi\u0105zanych z hallux valgus.<\/p>\n<h2>Wskazania do stosowania Fortolex<\/h2>\n<p>Fortolex to krem dedykowany osobom borykaj\u0105cym si\u0119 z problemem palucha ko\u015blawego. G\u0142\u00f3wne wskazania do jego stosowania obejmuj\u0105:<\/p>\n<ul>\n<li>B\u00f3l i stany zapalne zwi\u0105zane z hallux valgus,<\/li>\n<li>Obrz\u0119ki w okolicy palucha,<\/li>\n<li>Zniekszta\u0142cenie struktury tkanki kostnej,<\/li>\n<li>Problemy z ruchomo\u015bci\u0105 stawu,<\/li>\n<li>Zapobieganie powstawaniu deformacji palucha.<\/li>\n<\/ul>\n<h2>Sk\u0142ad i dzia\u0142anie sk\u0142adnik\u00f3w Fortolex<\/h2>\n<p>Skuteczno\u015b\u0107 kremu Fortolex zawdzi\u0119czamy starannie dobranym naturalnym sk\u0142adnikom, kt\u00f3re dzia\u0142aj\u0105 synergistycznie, przynosz\u0105c ulg\u0119 i popraw\u0119 w dolegliwo\u015bciach zwi\u0105zanych z hallux valgus. Oto g\u0142\u00f3wne sk\u0142adniki i ich dzia\u0142anie:<\/p>\n<ul>\n<li><strong>Boswellia Serrata<\/strong>: Boswellia Serrata, znana r\u00f3wnie\u017c jako kadzid\u0142owiec indyjski, jest znana ze swoich w\u0142a\u015bciwo\u015bci \u0142agodz\u0105cych b\u00f3l i stany zapalne. Poprawia r\u00f3wnie\u017c ruchomo\u015b\u0107 staw\u00f3w, co jest istotne w przypadku hallux valgus.<\/li>\n<li><strong>Kwiaty Arniki G\u00f3rskiej<\/strong>: Arnika g\u00f3rska wspomaga szybk\u0105 odbudow\u0119 i regeneracj\u0119 tkanki kostnej i chrz\u0119stnej. Poprawia kr\u0105\u017cenie krwi i zmniejsza przepuszczalno\u015b\u0107 \u015bcian naczy\u0144, co wspiera proces gojenia si\u0119 i zmniejsza obrz\u0119k.<\/li>\n<li><strong>Korze\u0144 Wspornika<\/strong>: Wspornik pomaga zmniejszy\u0107 deformacj\u0119 palca poprzez przywr\u00f3cenie struktury tkanki kostnej. Dodatkowo poprawia ukrwienie w okolicy hallux valgus, wspomagaj\u0105c procesy naprawcze.<\/li>\n<li><strong>Kwiaty Nagietka Lekarskiego<\/strong>: Nagietek lekarski \u0142agodzi obrz\u0119ki i promuje usuwanie nadmiaru p\u0142ynu z obj\u0119tego stanem zapalnym stawu. Poprawia zdolno\u015bci funkcjonalne stawu i zapobiega dalszemu nasileniu stanu zapalnego.<\/li>\n<li><strong>Tymianek<\/strong>: Tymianek redukuje wystaj\u0105ce ko\u015bci i \u0142agodzi obrz\u0119ki. Dodatkowo eliminuje uczucie sztywno\u015bci staw\u00f3w, co przyczynia si\u0119 do poprawy komfortu podczas chodzenia.<\/li>\n<\/ul>\n<h2>Efekty Fortolex i ich charakterystyka<\/h2>\n<p>Regularne stosowanie kremu Fortolex przynosi liczne korzy\u015bci dla os\u00f3b cierpi\u0105cych na hallux valgus. Nie tylko \u0142agodzi b\u00f3l i stan zapalny, ale tak\u017ce poprawia ruchomo\u015b\u0107 staw\u00f3w, co wp\u0142ywa pozytywnie na jako\u015b\u0107 \u017cycia. Ponadto, dzi\u0119ki naturalnym sk\u0142adnikom, Fortolex dzia\u0142a \u0142agodnie i delikatnie na sk\u00f3r\u0119, nie powoduj\u0105c podra\u017cnie\u0144 czy uczule\u0144.<\/p>\n<h2>Ryzyko skutk\u00f3w ubocznych<\/h2>\n<p>Jednym z kluczowych atut\u00f3w kremu Fortolex jest jego naturalny sk\u0142ad, oparty na sprawdzonych substancjach ro\u015blinnych. Dzi\u0119ki temu ryzyko wyst\u0105pienia skutk\u00f3w ubocznych jest minimalne, co czyni ten preparat bezpiecznym w d\u0142ugoterminowym stosowaniu. Osoby z wra\u017cliw\u0105 sk\u00f3r\u0105 mog\u0105 mie\u0107 dodatkowe korzy\u015bci z u\u017cywania kremu Fortolex, poniewa\u017c nie powoduje on podra\u017cnie\u0144 czy alergii, typowych dla niekt\u00f3rych syntetycznych \u015brodk\u00f3w.<\/p>\n<p><em>Fortolex to nie tylko skuteczny, ale tak\u017ce bezpieczny spos\u00f3b na \u0142agodzenie dolegliwo\u015bci zwi\u0105zanych z hallux valgus. Dzi\u0119ki naturalnym sk\u0142adnikom, krem ten oferuje kompleksow\u0105 pomoc w leczeniu i profilaktyce problemu palucha ko\u015blawego, przy minimalnym ryzyku skutk\u00f3w ubocznych.<\/em><\/p>\n<p style=\"text-align: center;\"><a href=\"https:\/\/mandarv.com\/IXdS?sub1=sub1&amp;sub2=sub2&amp;sub3=sub3&amp;sub4=sub4&amp;sub5=sub5\"><button>www.fortolex.pl<\/button><\/a><\/p>\n<\/div>\n<\/div>\n<\/div>\n<\/div>\n<\/div>\n<\/div>\n<\/div>\n<\/div>\n<div class=\"w-full text-token-text-primary\" data-testid=\"conversation-turn-5\">\n<div class=\"px-4 py-2 justify-center text-base md:gap-6 m-auto\">\n<div class=\"flex flex-1 text-base mx-auto gap-3 md:px-5 lg:px-1 xl:px-5 md:max-w-3xl lg:max-w-[40rem] xl:max-w-[48rem] group final-completion\">\n<div class=\"relative flex w-full flex-col lg:w-[calc(100%-115px)] agent-turn\">\n<div class=\"flex-col gap-1 md:gap-3\">\n<div class=\"flex flex-grow flex-col max-w-full\">\n<div class=\"min-h-[20px] text-message flex flex-col items-start gap-3 whitespace-pre-wrap break-words [.text-message+&amp;]:mt-5 overflow-x-auto\" data-message-author-role=\"assistant\" data-message-id=\"22db68c6-5c2e-4ad6-86ee-a0e9b0f64e1d\">\n<div class=\"markdown prose w-full break-words dark:prose-invert light\">\n<h2>Opinie klient\u00f3w o Fortolex: fora po\u015bwi\u0119cone zdrowiu<\/h2>\n<p>W dzisiejszych czasach, internet sta\u0142 si\u0119 nie tylko \u017ar\u00f3d\u0142em informacji, ale r\u00f3wnie\u017c miejscem, gdzie ludzie dziel\u0105 si\u0119 swoimi do\u015bwiadczeniami i opiniami na r\u00f3\u017cnorodne tematy. W Polsce nie brakuje aktywnych spo\u0142eczno\u015bci online skupiaj\u0105cych si\u0119 na zdrowiu i medycynie naturalnej. Fortolex, jako skuteczny krem do leczenia i profilaktyki hallux valgus, zdoby\u0142 uznanie w\u015br\u00f3d u\u017cytkownik\u00f3w tych platform, co znajduje odzwierciedlenie w licznych pozytywnych opinii.<\/p>\n<p>Na wielu forach po\u015bwi\u0119conych zdrowiu, mo\u017cna znale\u017a\u0107 dyskusje na temat skuteczno\u015bci r\u00f3\u017cnych preparat\u00f3w do leczenia hallux valgus, w tym r\u00f3wnie\u017c Fortolex. W miar\u0119 jak jego popularno\u015b\u0107 ro\u015bnie w\u015br\u00f3d klient\u00f3w, tak r\u00f3wnie\u017c wzrasta liczba opinii na jego temat. Wi\u0119kszo\u015b\u0107 u\u017cytkownik\u00f3w opisuje pozytywne dzia\u0142anie kremu i podkre\u015bla jego dost\u0119pno\u015b\u0107, co sprawia, \u017ce jest to atrakcyjna opcja dla os\u00f3b borykaj\u0105cych si\u0119 z problemem palucha ko\u015blawego.<\/p>\n<p><strong>Przyk\u0142adowe opinie u\u017cytkownik\u00f3w:<\/strong><\/p>\n<ol>\n<li><strong>Anna:<\/strong> &#8222;Przez lata boryka\u0142am si\u0119 z b\u00f3lem i dyskomfortem zwi\u0105zanym z hallux valgus. Pr\u00f3bowa\u0142am r\u00f3\u017cnych metod leczenia, ale dopiero po odkryciu Fortolex zacz\u0119\u0142am odczuwa\u0107 prawdziw\u0105 ulg\u0119. Regularne stosowanie kremu przynios\u0142o mi znaczn\u0105 popraw\u0119 w ruchomo\u015bci stawu i zmniejszy\u0142o dolegliwo\u015bci b\u00f3lowe. Bardzo polecam!&#8221;<\/li>\n<li><strong>Krzysztof:<\/strong> &#8222;Fortolex okaza\u0142 si\u0119 dla mnie strza\u0142em w dziesi\u0105tk\u0119. Ju\u017c po kilku tygodniach regularnego stosowania zauwa\u017cy\u0142em znaczn\u0105 popraw\u0119 w wygl\u0105dzie i funkcjonowaniu mojego palucha ko\u015blawego. Dodatkowo, mo\u017cliwo\u015b\u0107 \u0142atwego zakupu przez internet sprawia, \u017ce mog\u0119 mie\u0107 go zawsze pod r\u0119k\u0105. Serdecznie polecam wszystkim z podobnym problemem!&#8221;<\/li>\n<\/ol>\n<h2>Spos\u00f3b podawania i dawkowanie<\/h2>\n<p>Aby osi\u0105gn\u0105\u0107 najlepsze efekty w leczeniu hallux valgus przy u\u017cyciu kremu Fortolex, wa\u017cne jest stosowanie go zgodnie z zaleceniami producenta. Zazwyczaj zaleca si\u0119 stosowanie kremu dwa razy dziennie, rano i wieczorem, na oczyszczon\u0105 i such\u0105 sk\u00f3r\u0119 w okolicy dotkni\u0119tej problemem. Niewielka ilo\u015b\u0107 kremu nale\u017cy delikatnie wmasowa\u0107 w sk\u00f3r\u0119 a\u017c do ca\u0142kowitego wch\u0142oni\u0119cia.<\/p>\n<p><strong>Dawkowanie:<\/strong><\/p>\n<ul>\n<li>Na\u0142\u00f3\u017c niewielk\u0105 ilo\u015b\u0107 kremu na palucha i okoliczne obszary,<\/li>\n<li>Wmasuj krem w sk\u00f3r\u0119 delikatnymi, okr\u0119\u017cnymi ruchami,<\/li>\n<li>Powtarzaj aplikacj\u0119 dwa razy dziennie, rano i wieczorem,<\/li>\n<li>Stosuj regularnie, aby utrzyma\u0107 skuteczno\u015b\u0107 leczenia.<\/li>\n<\/ul>\n<h2>Kup teraz Fortolex z dostaw\u0105<\/h2>\n<p>Zakup kremu Fortolex jest \u0142atwy i wygodny dzi\u0119ki mo\u017cliwo\u015bci dokonania zam\u00f3wienia przez internet. Na oficjalnej stronie producenta mo\u017cna znale\u017a\u0107 formularz zam\u00f3wienia, kt\u00f3ry umo\u017cliwia szybkie i bezpieczne z\u0142o\u017cenie zam\u00f3wienia. Co wa\u017cne, op\u0142ata za produkt nie jest wymagana z g\u00f3ry &#8211; p\u0142atno\u015b\u0107 odbywa si\u0119 dopiero przy odbiorze przesy\u0142ki.<\/p>\n<p><strong>Korzy\u015bci zakupu online:<\/strong><\/p>\n<ul>\n<li>\u0141atwy dost\u0119p do produktu bez wychodzenia z domu,<\/li>\n<li>Bezpieczna p\u0142atno\u015b\u0107 przy odbiorze,<\/li>\n<li>Szybka dostawa w ci\u0105gu 3-4 dni roboczych,<\/li>\n<li>Mo\u017cliwo\u015b\u0107 konsultacji z specjalist\u0105 podczas potwierdzania zam\u00f3wienia telefonicznie.<\/li>\n<\/ul>\n<p style=\"text-align: center;\"><a href=\"https:\/\/mandarv.com\/IXdS?sub1=sub1&amp;sub2=sub2&amp;sub3=sub3&amp;sub4=sub4&amp;sub5=sub5\"><button>Zakup na stronie producenta (-50%)<\/button><\/a><\/p>\n<h2>Por\u00f3wnanie ofert: ceny i dost\u0119pno\u015b\u0107 Fortolex<\/h2>\n<p>Producent Fortolex stawia na dost\u0119pno\u015b\u0107 swojego produktu dla klient\u00f3w, dlatego preparat mo\u017cna naby\u0107 bezpo\u015brednio na oficjalnej stronie internetowej, eliminuj\u0105c po\u015brednik\u00f3w i dodatkowe koszty. Dodatkowo, producent regularnie oferuje promocje i rabaty, kt\u00f3re mo\u017cna sprawdzi\u0107 na stronie internetowej.<\/p>\n<p>Warto r\u00f3wnie\u017c zauwa\u017cy\u0107, \u017ce Fortolex nie jest dost\u0119pny w stacjonarnych aptekach, co oznacza, \u017ce zamawiaj\u0105c go online, mo\u017cna mie\u0107 pewno\u015b\u0107, \u017ce otrzymuje si\u0119 oryginalny produkt. Dost\u0119pno\u015b\u0107 na rynku online sprawia, \u017ce zakup kremu jest \u0142atwy i wygodny, a klient mo\u017ce mie\u0107 pewno\u015b\u0107, \u017ce otrzymuje wysokiej jako\u015bci preparat bez ryzyka podr\u00f3bek.<\/p>\n<\/div>\n<\/div>\n<\/div>\n<\/div>\n<\/div>\n<\/div>\n<\/div>\n<\/div>\n","protected":false},"excerpt":{"rendered":"<p style=\"text-align: center;\"><a href=\"https:\/\/mandarv.com\/IXdS?sub1=sub1&amp;sub2=sub2&amp;sub3=sub3&amp;sub4=sub4&amp;sub5=sub5\"><button>Kup teraz<\/button><\/a><\/p>\n<p>SKU:\u00a0<span class=\"sku\">789.878.699<\/span><\/p>\n<hr \/>\n<p><small>Produkt sprzedawany jest wy\u0142\u0105cznie za po\u015brednictwem oficjalnej strony producenta, id\u017a i kupuj bezpiecznie!<\/small><\/p>\n","protected":false},"featured_media":311,"comment_status":"open","ping_status":"closed","template":"","meta":[],"product_brand":[],"product_cat":[15],"product_tag":[],"class_list":{"0":"post-310","1":"product","2":"type-product","3":"status-publish","4":"has-post-thumbnail","6":"product_cat-supl","7":"thunk-woo-product-list","8":"opn-qv-enable","9":"top-store-woo-hover-","10":"top-store-single-product-tab-horizontal","11":"top-store-shadow-","12":"top-store-shadow-hover-","14":"first","15":"instock","16":"sale","17":"shipping-taxable","18":"purchasable","19":"product-type-simple"},"yoast_head":"<!-- This site is optimized with the Yoast SEO plugin v27.4 - https:\/\/yoast.com\/product\/yoast-seo-wordpress\/ -->\n<title>Fortolex - kup suplement, cena w aptece, sk\u0142ad, dzia\u0142anie<\/title>\n<meta name=\"robots\" content=\"index, follow, max-snippet:-1, max-image-preview:large, max-video-preview:-1\" \/>\n<link rel=\"canonical\" href=\"https:\/\/lekarzeopole.pl\/wordpress\/product\/fortolex\/\" \/>\n<meta property=\"og:locale\" content=\"pl_PL\" \/>\n<meta property=\"og:type\" content=\"article\" \/>\n<meta property=\"og:title\" content=\"Fortolex - kup suplement, cena w aptece, sk\u0142ad, dzia\u0142anie\" \/>\n<meta property=\"og:description\" content=\"Kup teraz SKU:\u00a0789.878.699    Produkt sprzedawany jest wy\u0142\u0105cznie za po\u015brednictwem oficjalnej strony producenta, id\u017a i kupuj bezpiecznie!\" \/>\n<meta property=\"og:url\" content=\"https:\/\/lekarzeopole.pl\/wordpress\/product\/fortolex\/\" \/>\n<meta property=\"og:site_name\" content=\"Lekarze Opole\" \/>\n<meta property=\"article:modified_time\" content=\"2025-03-30T15:13:55+00:00\" \/>\n<meta property=\"og:image\" content=\"https:\/\/lekarzeopole.pl\/wordpress\/wp-content\/uploads\/2024\/02\/fortolex.png\" \/>\n\t<meta property=\"og:image:width\" content=\"592\" \/>\n\t<meta property=\"og:image:height\" content=\"618\" \/>\n\t<meta property=\"og:image:type\" content=\"image\/png\" \/>\n<meta name=\"twitter:card\" content=\"summary_large_image\" \/>\n<meta name=\"twitter:label1\" content=\"Szacowany czas czytania\" \/>\n\t<meta name=\"twitter:data1\" content=\"6 minut\" \/>\n<script type=\"application\/ld+json\" class=\"yoast-schema-graph\">{\"@context\":\"https:\\\/\\\/schema.org\",\"@graph\":[{\"@type\":\"WebPage\",\"@id\":\"https:\\\/\\\/lekarzeopole.pl\\\/wordpress\\\/product\\\/fortolex\\\/\",\"url\":\"https:\\\/\\\/lekarzeopole.pl\\\/wordpress\\\/product\\\/fortolex\\\/\",\"name\":\"Fortolex - kup suplement, cena w aptece, sk\u0142ad, dzia\u0142anie\",\"isPartOf\":{\"@id\":\"https:\\\/\\\/lekarzeopole.pl\\\/wordpress\\\/#website\"},\"primaryImageOfPage\":{\"@id\":\"https:\\\/\\\/lekarzeopole.pl\\\/wordpress\\\/product\\\/fortolex\\\/#primaryimage\"},\"image\":{\"@id\":\"https:\\\/\\\/lekarzeopole.pl\\\/wordpress\\\/product\\\/fortolex\\\/#primaryimage\"},\"thumbnailUrl\":\"https:\\\/\\\/lekarzeopole.pl\\\/wordpress\\\/wp-content\\\/uploads\\\/2024\\\/02\\\/fortolex.png\",\"datePublished\":\"2024-02-07T09:14:41+00:00\",\"dateModified\":\"2025-03-30T15:13:55+00:00\",\"breadcrumb\":{\"@id\":\"https:\\\/\\\/lekarzeopole.pl\\\/wordpress\\\/product\\\/fortolex\\\/#breadcrumb\"},\"inLanguage\":\"pl-PL\",\"potentialAction\":[{\"@type\":\"ReadAction\",\"target\":[\"https:\\\/\\\/lekarzeopole.pl\\\/wordpress\\\/product\\\/fortolex\\\/\"]}]},{\"@type\":\"ImageObject\",\"inLanguage\":\"pl-PL\",\"@id\":\"https:\\\/\\\/lekarzeopole.pl\\\/wordpress\\\/product\\\/fortolex\\\/#primaryimage\",\"url\":\"https:\\\/\\\/lekarzeopole.pl\\\/wordpress\\\/wp-content\\\/uploads\\\/2024\\\/02\\\/fortolex.png\",\"contentUrl\":\"https:\\\/\\\/lekarzeopole.pl\\\/wordpress\\\/wp-content\\\/uploads\\\/2024\\\/02\\\/fortolex.png\",\"width\":592,\"height\":618,\"caption\":\"Fortolex\"},{\"@type\":\"BreadcrumbList\",\"@id\":\"https:\\\/\\\/lekarzeopole.pl\\\/wordpress\\\/product\\\/fortolex\\\/#breadcrumb\",\"itemListElement\":[{\"@type\":\"ListItem\",\"position\":1,\"name\":\"\u0413\u043b\u0430\u0432\u043d\u0430\u044f \u0441\u0442\u0440\u0430\u043d\u0438\u0446\u0430\",\"item\":\"https:\\\/\\\/lekarzeopole.pl\\\/wordpress\\\/\"},{\"@type\":\"ListItem\",\"position\":2,\"name\":\"Zakup\",\"item\":\"https:\\\/\\\/lekarzeopole.pl\\\/wordpress\\\/\"},{\"@type\":\"ListItem\",\"position\":3,\"name\":\"Fortolex\"}]},{\"@type\":\"WebSite\",\"@id\":\"https:\\\/\\\/lekarzeopole.pl\\\/wordpress\\\/#website\",\"url\":\"https:\\\/\\\/lekarzeopole.pl\\\/wordpress\\\/\",\"name\":\"Lekarze Opole\",\"description\":\"\",\"potentialAction\":[{\"@type\":\"SearchAction\",\"target\":{\"@type\":\"EntryPoint\",\"urlTemplate\":\"https:\\\/\\\/lekarzeopole.pl\\\/wordpress\\\/?s={search_term_string}\"},\"query-input\":{\"@type\":\"PropertyValueSpecification\",\"valueRequired\":true,\"valueName\":\"search_term_string\"}}],\"inLanguage\":\"pl-PL\"}]}<\/script>\n<!-- \/ Yoast SEO plugin. -->","yoast_head_json":{"title":"Fortolex - kup suplement, cena w aptece, sk\u0142ad, dzia\u0142anie","robots":{"index":"index","follow":"follow","max-snippet":"max-snippet:-1","max-image-preview":"max-image-preview:large","max-video-preview":"max-video-preview:-1"},"canonical":"https:\/\/lekarzeopole.pl\/wordpress\/product\/fortolex\/","og_locale":"pl_PL","og_type":"article","og_title":"Fortolex - kup suplement, cena w aptece, sk\u0142ad, dzia\u0142anie","og_description":"Kup teraz SKU:\u00a0789.878.699    Produkt sprzedawany jest wy\u0142\u0105cznie za po\u015brednictwem oficjalnej strony producenta, id\u017a i kupuj bezpiecznie!","og_url":"https:\/\/lekarzeopole.pl\/wordpress\/product\/fortolex\/","og_site_name":"Lekarze Opole","article_modified_time":"2025-03-30T15:13:55+00:00","og_image":[{"width":592,"height":618,"url":"https:\/\/lekarzeopole.pl\/wordpress\/wp-content\/uploads\/2024\/02\/fortolex.png","type":"image\/png"}],"twitter_card":"summary_large_image","twitter_misc":{"Szacowany czas czytania":"6 minut"},"schema":{"@context":"https:\/\/schema.org","@graph":[{"@type":"WebPage","@id":"https:\/\/lekarzeopole.pl\/wordpress\/product\/fortolex\/","url":"https:\/\/lekarzeopole.pl\/wordpress\/product\/fortolex\/","name":"Fortolex - kup suplement, cena w aptece, sk\u0142ad, dzia\u0142anie","isPartOf":{"@id":"https:\/\/lekarzeopole.pl\/wordpress\/#website"},"primaryImageOfPage":{"@id":"https:\/\/lekarzeopole.pl\/wordpress\/product\/fortolex\/#primaryimage"},"image":{"@id":"https:\/\/lekarzeopole.pl\/wordpress\/product\/fortolex\/#primaryimage"},"thumbnailUrl":"https:\/\/lekarzeopole.pl\/wordpress\/wp-content\/uploads\/2024\/02\/fortolex.png","datePublished":"2024-02-07T09:14:41+00:00","dateModified":"2025-03-30T15:13:55+00:00","breadcrumb":{"@id":"https:\/\/lekarzeopole.pl\/wordpress\/product\/fortolex\/#breadcrumb"},"inLanguage":"pl-PL","potentialAction":[{"@type":"ReadAction","target":["https:\/\/lekarzeopole.pl\/wordpress\/product\/fortolex\/"]}]},{"@type":"ImageObject","inLanguage":"pl-PL","@id":"https:\/\/lekarzeopole.pl\/wordpress\/product\/fortolex\/#primaryimage","url":"https:\/\/lekarzeopole.pl\/wordpress\/wp-content\/uploads\/2024\/02\/fortolex.png","contentUrl":"https:\/\/lekarzeopole.pl\/wordpress\/wp-content\/uploads\/2024\/02\/fortolex.png","width":592,"height":618,"caption":"Fortolex"},{"@type":"BreadcrumbList","@id":"https:\/\/lekarzeopole.pl\/wordpress\/product\/fortolex\/#breadcrumb","itemListElement":[{"@type":"ListItem","position":1,"name":"\u0413\u043b\u0430\u0432\u043d\u0430\u044f \u0441\u0442\u0440\u0430\u043d\u0438\u0446\u0430","item":"https:\/\/lekarzeopole.pl\/wordpress\/"},{"@type":"ListItem","position":2,"name":"Zakup","item":"https:\/\/lekarzeopole.pl\/wordpress\/"},{"@type":"ListItem","position":3,"name":"Fortolex"}]},{"@type":"WebSite","@id":"https:\/\/lekarzeopole.pl\/wordpress\/#website","url":"https:\/\/lekarzeopole.pl\/wordpress\/","name":"Lekarze Opole","description":"","potentialAction":[{"@type":"SearchAction","target":{"@type":"EntryPoint","urlTemplate":"https:\/\/lekarzeopole.pl\/wordpress\/?s={search_term_string}"},"query-input":{"@type":"PropertyValueSpecification","valueRequired":true,"valueName":"search_term_string"}}],"inLanguage":"pl-PL"}]}},"_links":{"self":[{"href":"https:\/\/lekarzeopole.pl\/wordpress\/wp-json\/wp\/v2\/product\/310","targetHints":{"allow":["GET"]}}],"collection":[{"href":"https:\/\/lekarzeopole.pl\/wordpress\/wp-json\/wp\/v2\/product"}],"about":[{"href":"https:\/\/lekarzeopole.pl\/wordpress\/wp-json\/wp\/v2\/types\/product"}],"replies":[{"embeddable":true,"href":"https:\/\/lekarzeopole.pl\/wordpress\/wp-json\/wp\/v2\/comments?post=310"}],"wp:featuredmedia":[{"embeddable":true,"href":"https:\/\/lekarzeopole.pl\/wordpress\/wp-json\/wp\/v2\/media\/311"}],"wp:attachment":[{"href":"https:\/\/lekarzeopole.pl\/wordpress\/wp-json\/wp\/v2\/media?parent=310"}],"wp:term":[{"taxonomy":"product_brand","embeddable":true,"href":"https:\/\/lekarzeopole.pl\/wordpress\/wp-json\/wp\/v2\/product_brand?post=310"},{"taxonomy":"product_cat","embeddable":true,"href":"https:\/\/lekarzeopole.pl\/wordpress\/wp-json\/wp\/v2\/product_cat?post=310"},{"taxonomy":"product_tag","embeddable":true,"href":"https:\/\/lekarzeopole.pl\/wordpress\/wp-json\/wp\/v2\/product_tag?post=310"}],"curies":[{"name":"wp","href":"https:\/\/api.w.org\/{rel}","templated":true}]}}