{"id":308,"date":"2024-02-07T09:03:22","date_gmt":"2024-02-07T09:03:22","guid":{"rendered":"https:\/\/lekarzeopole.pl\/wordpress\/?post_type=product&#038;p=308"},"modified":"2025-03-30T15:29:24","modified_gmt":"2025-03-30T15:29:24","slug":"promicil","status":"publish","type":"product","link":"https:\/\/lekarzeopole.pl\/wordpress\/product\/promicil\/","title":{"rendered":"Promicil"},"content":{"rendered":"<div class=\"w-full text-token-text-primary\" data-testid=\"conversation-turn-3\">\n<div class=\"px-4 py-2 justify-center text-base md:gap-6 m-auto\">\n<div class=\"flex flex-1 text-base mx-auto gap-3 md:px-5 lg:px-1 xl:px-5 md:max-w-3xl lg:max-w-[40rem] xl:max-w-[48rem] group\">\n<div class=\"relative flex w-full flex-col lg:w-[calc(100%-115px)] agent-turn\">\n<div class=\"flex-col gap-1 md:gap-3\">\n<div class=\"flex flex-grow flex-col max-w-full\">\n<div class=\"min-h-[20px] text-message flex flex-col items-start gap-3 whitespace-pre-wrap break-words [.text-message+&amp;]:mt-5 overflow-x-auto\" data-message-author-role=\"assistant\" data-message-id=\"94caa7f0-b73b-41de-a3b1-a10a1c1990ce\">\n<div class=\"markdown prose w-full break-words dark:prose-invert light\">\n<p>Promicil to innowacyjny krem do st\u00f3p, kt\u00f3ry zosta\u0142 stworzony z my\u015bl\u0105 o skutecznym zwalczaniu grzybicy st\u00f3p. Jest to idealne rozwi\u0105zanie dla os\u00f3b borykaj\u0105cych si\u0119 z r\u00f3\u017cnymi rodzajami grzybic, poniewa\u017c jego formu\u0142a opiera si\u0119 na naturalnych sk\u0142adnikach, kt\u00f3re nie tylko eliminuj\u0105 objawy infekcji grzybiczej, ale tak\u017ce wspomagaj\u0105 regeneracj\u0119 sk\u00f3ry.<\/p>\n<h2>Sk\u0142ad i Dzia\u0142anie Sk\u0142adnik\u00f3w Promicil<\/h2>\n<p>Promicil zawiera unikaln\u0105 biogeniczn\u0105 formu\u0142\u0119 sk\u0142adnik\u00f3w naturalnych, kt\u00f3re dzia\u0142aj\u0105 wielokierunkowo, zapewniaj\u0105c kompleksow\u0105 ochron\u0119 i leczenie sk\u00f3ry st\u00f3p. G\u0142\u00f3wne sk\u0142adniki to:<\/p>\n<ol>\n<li><strong>Olejek z drzewa herbacianego:<\/strong> Znany ze swoich w\u0142a\u015bciwo\u015bci przeciwgrzybiczych i przeciwzapalnych, olejek z drzewa herbacianego skutecznie zwalcza r\u00f3\u017cne rodzaje grzybic, jednocze\u015bnie \u0142agodz\u0105c podra\u017cnienia i zapobiegaj\u0105c ponownemu wyst\u0105pieniu infekcji.<\/li>\n<li><strong>Ekstrakt z aloesu:<\/strong> Aloes znany jest z w\u0142a\u015bciwo\u015bci \u0142agodz\u0105cych i regeneruj\u0105cych. Jego obecno\u015b\u0107 w sk\u0142adzie kremu Promicil pomaga \u0142agodzi\u0107 podra\u017cnienia sk\u00f3ry, przyspiesza proces gojenia si\u0119 ran oraz zapewnia skuteczn\u0105 ochron\u0119 przed infekcjami grzybiczymi.<\/li>\n<li><strong>Olejek z oregano:<\/strong> Posiada silne w\u0142a\u015bciwo\u015bci przeciwgrzybiczne, kt\u00f3re skutecznie zwalczaj\u0105 infekcje grzybicze, jednocze\u015bnie \u0142agodz\u0105c sw\u0119dzenie i podra\u017cnienia sk\u00f3ry.<\/li>\n<li><strong>Ekstrakt z nagietka:<\/strong> Dzia\u0142a przeciwzapalnie i przeciwgrzybiczo, pomagaj\u0105c w leczeniu drobnych uszkodze\u0144 sk\u00f3ry oraz zapobiegaj\u0105c rozwojowi infekcji grzybiczych.<\/li>\n<\/ol>\n<p style=\"text-align: center;\"><a href=\"https:\/\/mandarv.com\/IS5S?sub1=sub1&amp;sub2=sub2&amp;sub3=sub3&amp;sub4=sub4&amp;sub5=sub5\"><button>www.promicil.pl<\/button><\/a><\/p>\n<h2>Efekty Promicil i Ich Charakterystyka<\/h2>\n<p>Regularne stosowanie kremu Promicil przynosi widoczne i trwa\u0142e efekty w walce z grzybic\u0105 st\u00f3p. Po zastosowaniu preparatu mo\u017cna zauwa\u017cy\u0107 nast\u0119puj\u0105ce korzy\u015bci:<\/p>\n<ul>\n<li>Zmniejszenie sw\u0119dzenia i podra\u017cnie\u0144 sk\u00f3ry st\u00f3p.<\/li>\n<li>Redukcja objaw\u00f3w grzybicy, takich jak \u0142uszczenie si\u0119 sk\u00f3ry i p\u0119kni\u0119cia.<\/li>\n<li>Poprawa og\u00f3lnego stanu sk\u00f3ry st\u00f3p, jej nawil\u017cenie i wyg\u0142adzenie.<\/li>\n<li>Ochrona przed ponownym wyst\u0105pieniem infekcji grzybiczej.<\/li>\n<\/ul>\n<h2>Ryzyko Skutk\u00f3w Ubocznych<\/h2>\n<p>Krem Promicil jest oparty na naturalnych sk\u0142adnikach, dlatego ryzyko wyst\u0105pienia skutk\u00f3w ubocznych jest minimalne. Ze wzgl\u0119du na brak sztucznych substancji chemicznych, preparat jest \u0142agodny dla sk\u00f3ry i nie powoduje dzia\u0142ania dra\u017cni\u0105cego. Niemniej jednak, w przypadku nadwra\u017cliwo\u015bci na kt\u00f3rykolwiek ze sk\u0142adnik\u00f3w, zaleca si\u0119 przerwanie stosowania i skonsultowanie si\u0119 z lekarzem.<\/p>\n<p><em>Promicil to rewolucyjny krem do st\u00f3p, kt\u00f3ry zapewnia niezawodn\u0105 pomoc w zwalczaniu grzybicy dzi\u0119ki unikalnej formule opartej na sk\u0142adnikach naturalnych. Dzi\u0119ki swoim w\u0142a\u015bciwo\u015bciom przeciwgrzybiczym, przeciwzapalnym i regeneruj\u0105cym, krem Promicil skutecznie usuwa objawy infekcji grzybiczej, przywracaj\u0105c sk\u00f3rze zdrowy wygl\u0105d i komfort.<\/em><\/p>\n<\/div>\n<\/div>\n<\/div>\n<\/div>\n<\/div>\n<\/div>\n<\/div>\n<\/div>\n<div class=\"w-full text-token-text-primary\" data-testid=\"conversation-turn-5\">\n<div class=\"px-4 py-2 justify-center text-base md:gap-6 m-auto\">\n<div class=\"flex flex-1 text-base mx-auto gap-3 md:px-5 lg:px-1 xl:px-5 md:max-w-3xl lg:max-w-[40rem] xl:max-w-[48rem] group final-completion\">\n<div class=\"relative flex w-full flex-col lg:w-[calc(100%-115px)] agent-turn\">\n<div class=\"flex-col gap-1 md:gap-3\">\n<div class=\"flex flex-grow flex-col max-w-full\">\n<div class=\"min-h-[20px] text-message flex flex-col items-start gap-3 whitespace-pre-wrap break-words [.text-message+&amp;]:mt-5 overflow-x-auto\" data-message-author-role=\"assistant\" data-message-id=\"53f48894-2104-43ca-bd94-9be74548d523\">\n<div class=\"markdown prose w-full break-words dark:prose-invert light\">\n<h2>Opinie Klient\u00f3w o Promicil: Fora Po\u015bwi\u0119cone Zdrowiu<\/h2>\n<p>W Polsce fora internetowe po\u015bwi\u0119cone zdrowiu ciesz\u0105 si\u0119 ogromn\u0105 popularno\u015bci\u0105. Znajduj\u0105 si\u0119 tam dyskusje na temat r\u00f3\u017cnych preparat\u00f3w, w tym r\u00f3wnie\u017c Promicil. Preparat ten zyska\u0142 sobie zaufanie klient\u00f3w ze wzgl\u0119du na swoj\u0105 skuteczno\u015b\u0107 i bezpiecze\u0144stwo stosowania. Wi\u0119kszo\u015b\u0107 u\u017cytkownik\u00f3w wyra\u017ca pozytywne opinie na temat dzia\u0142ania Promicil, podkre\u015blaj\u0105c jego skuteczno\u015b\u0107 w walce z grzybic\u0105 st\u00f3p oraz \u0142atwo\u015b\u0107 i wygod\u0119 jego stosowania. Oto kilka opinii od u\u017cytkownik\u00f3w:<\/p>\n<ul>\n<li><strong>Marta:<\/strong> &#8222;Od d\u0142u\u017cszego czasu zmaga\u0142am si\u0119 z grzybic\u0105 st\u00f3p i pr\u00f3bowa\u0142am r\u00f3\u017cnych preparat\u00f3w bezskutecznie. Dopiero kiedy zacz\u0119\u0142am stosowa\u0107 Promicil, zauwa\u017cy\u0142am znaczn\u0105 popraw\u0119. Sw\u0119dzenie ust\u0105pi\u0142o, a sk\u00f3ra moich st\u00f3p sta\u0142a si\u0119 znacznie zdrowsza. Polecam ka\u017cdemu, kto ma podobne problemy!&#8221;<\/li>\n<li><strong>Piotr:<\/strong> &#8222;Promicil to naprawd\u0119 skuteczny krem! Dzi\u0119ki niemu pozby\u0142em si\u0119 grzybicy st\u00f3p raz na zawsze. Jestem bardzo zadowolony z efekt\u00f3w jego dzia\u0142ania.&#8221;<\/li>\n<\/ul>\n<h2>Spos\u00f3b Podawania i Dawkowanie<\/h2>\n<p>Promicil nale\u017cy stosowa\u0107 miejscowo na czyst\u0105 i such\u0105 sk\u00f3r\u0119 st\u00f3p. Krem nale\u017cy delikatnie wmasowywa\u0107 w dotkni\u0119te obszary sk\u00f3ry, a\u017c do ca\u0142kowitego wch\u0142oni\u0119cia. Zalecane jest stosowanie kremu 2-3 razy dziennie, w zale\u017cno\u015bci od potrzeb. Wa\u017cne jest regularne stosowanie preparatu przez okre\u015blony czas, nawet po ust\u0105pieniu objaw\u00f3w infekcji, aby zapobiec ponownemu wyst\u0105pieniu grzybicy.<\/p>\n<h2>Kup Teraz Promicil z Dostaw\u0105<\/h2>\n<p>Zakup Promicil jest niezwykle \u0142atwy i wygodny. Preparat dost\u0119pny jest do nabycia online na oficjalnej stronie producenta. Klient nie musi martwi\u0107 si\u0119 o p\u0142atno\u015b\u0107 z g\u00f3ry &#8211; op\u0142ata za produkt dokonywana jest dopiero po otrzymaniu przesy\u0142ki. Dzi\u0119ki temu klient ma pewno\u015b\u0107, \u017ce otrzymuje oryginalny produkt bez ryzyka oszustwa. Dostawa zam\u00f3wienia zajmuje zazwyczaj 3-4 dni robocze, co sprawia, \u017ce klient szybko mo\u017ce cieszy\u0107 si\u0119 korzy\u015bciami stosowania Promicil. Po z\u0142o\u017ceniu zam\u00f3wienia klient otrzymuje tak\u017ce potwierdzenie telefoniczne od specjalisty, kt\u00f3ry s\u0142u\u017cy pomoc\u0105 i mo\u017ce udzieli\u0107 dodatkowych informacji na temat produktu oraz ewentualnych promocji.<\/p>\n<p style=\"text-align: center;\"><a href=\"https:\/\/mandarv.com\/IS5S?sub1=sub1&amp;sub2=sub2&amp;sub3=sub3&amp;sub4=sub4&amp;sub5=sub5\"><button>Zakup na stronie producenta (-50%)<\/button><\/a><\/p>\n<h2>Por\u00f3wnanie Ofert: Ceny i Dost\u0119pno\u015b\u0107 Promicil<\/h2>\n<p>Producent Promicil stawia na dost\u0119pno\u015b\u0107 i wygod\u0119 dla swoich klient\u00f3w. Dlatego preparat dost\u0119pny jest wy\u0142\u0105cznie na oficjalnej stronie producenta, bez po\u015brednik\u00f3w i dodatkowych mar\u017c. Dodatkowo, na stronie cz\u0119sto mo\u017cna znale\u017a\u0107 atrakcyjne promocje i zni\u017cki, kt\u00f3re warto \u015bledzi\u0107. Warto podkre\u015bli\u0107, \u017ce Promicil nie jest dost\u0119pny w stacjonarnych aptekach, co oznacza, \u017ce zakup produktu mo\u017cna zrealizowa\u0107 wy\u0142\u0105cznie poprzez oficjaln\u0105 stron\u0119 producenta. Dzi\u0119ki temu klient ma pewno\u015b\u0107, \u017ce otrzymuje oryginalny produkt po konkurencyjnej cenie, bez zb\u0119dnych dodatkowych koszt\u00f3w.<\/p>\n<\/div>\n<\/div>\n<\/div>\n<\/div>\n<\/div>\n<\/div>\n<\/div>\n<\/div>\n","protected":false},"excerpt":{"rendered":"<p style=\"text-align: center;\"><a href=\"https:\/\/mandarv.com\/IS5S?sub1=sub1&amp;sub2=sub2&amp;sub3=sub3&amp;sub4=sub4&amp;sub5=sub5\"><button>Kup teraz<\/button><\/a><\/p>\n<p>SKU:\u00a0<span class=\"sku\">789.878.689<\/span><\/p>\n<hr \/>\n<p><small>Produkt sprzedawany jest wy\u0142\u0105cznie za po\u015brednictwem oficjalnej strony producenta, id\u017a i kupuj bezpiecznie!<\/small><\/p>\n","protected":false},"featured_media":309,"comment_status":"open","ping_status":"closed","template":"","meta":[],"product_brand":[],"product_cat":[15],"product_tag":[],"class_list":{"0":"post-308","1":"product","2":"type-product","3":"status-publish","4":"has-post-thumbnail","6":"product_cat-supl","7":"thunk-woo-product-list","8":"opn-qv-enable","9":"top-store-woo-hover-","10":"top-store-single-product-tab-horizontal","11":"top-store-shadow-","12":"top-store-shadow-hover-","14":"first","15":"instock","16":"sale","17":"shipping-taxable","18":"purchasable","19":"product-type-simple"},"yoast_head":"<!-- This site is optimized with the Yoast SEO plugin v27.4 - https:\/\/yoast.com\/product\/yoast-seo-wordpress\/ -->\n<title>Promicil - kup suplement, cena w aptece, sk\u0142ad, dzia\u0142anie<\/title>\n<meta name=\"robots\" content=\"index, follow, max-snippet:-1, max-image-preview:large, max-video-preview:-1\" \/>\n<link rel=\"canonical\" href=\"https:\/\/lekarzeopole.pl\/wordpress\/product\/promicil\/\" \/>\n<meta property=\"og:locale\" content=\"pl_PL\" \/>\n<meta property=\"og:type\" content=\"article\" \/>\n<meta property=\"og:title\" content=\"Promicil - kup suplement, cena w aptece, sk\u0142ad, dzia\u0142anie\" \/>\n<meta property=\"og:description\" content=\"Kup teraz SKU:\u00a0789.878.689    Produkt sprzedawany jest wy\u0142\u0105cznie za po\u015brednictwem oficjalnej strony producenta, id\u017a i kupuj bezpiecznie!\" \/>\n<meta property=\"og:url\" content=\"https:\/\/lekarzeopole.pl\/wordpress\/product\/promicil\/\" \/>\n<meta property=\"og:site_name\" content=\"Lekarze Opole\" \/>\n<meta property=\"article:modified_time\" content=\"2025-03-30T15:29:24+00:00\" \/>\n<meta property=\"og:image\" content=\"https:\/\/lekarzeopole.pl\/wordpress\/wp-content\/uploads\/2024\/02\/promicil.png\" \/>\n\t<meta property=\"og:image:width\" content=\"481\" \/>\n\t<meta property=\"og:image:height\" content=\"413\" \/>\n\t<meta property=\"og:image:type\" content=\"image\/png\" \/>\n<meta name=\"twitter:card\" content=\"summary_large_image\" \/>\n<meta name=\"twitter:label1\" content=\"Szacowany czas czytania\" \/>\n\t<meta name=\"twitter:data1\" content=\"5 minut\" \/>\n<script type=\"application\/ld+json\" class=\"yoast-schema-graph\">{\"@context\":\"https:\\\/\\\/schema.org\",\"@graph\":[{\"@type\":\"WebPage\",\"@id\":\"https:\\\/\\\/lekarzeopole.pl\\\/wordpress\\\/product\\\/promicil\\\/\",\"url\":\"https:\\\/\\\/lekarzeopole.pl\\\/wordpress\\\/product\\\/promicil\\\/\",\"name\":\"Promicil - kup suplement, cena w aptece, sk\u0142ad, dzia\u0142anie\",\"isPartOf\":{\"@id\":\"https:\\\/\\\/lekarzeopole.pl\\\/wordpress\\\/#website\"},\"primaryImageOfPage\":{\"@id\":\"https:\\\/\\\/lekarzeopole.pl\\\/wordpress\\\/product\\\/promicil\\\/#primaryimage\"},\"image\":{\"@id\":\"https:\\\/\\\/lekarzeopole.pl\\\/wordpress\\\/product\\\/promicil\\\/#primaryimage\"},\"thumbnailUrl\":\"https:\\\/\\\/lekarzeopole.pl\\\/wordpress\\\/wp-content\\\/uploads\\\/2024\\\/02\\\/promicil.png\",\"datePublished\":\"2024-02-07T09:03:22+00:00\",\"dateModified\":\"2025-03-30T15:29:24+00:00\",\"breadcrumb\":{\"@id\":\"https:\\\/\\\/lekarzeopole.pl\\\/wordpress\\\/product\\\/promicil\\\/#breadcrumb\"},\"inLanguage\":\"pl-PL\",\"potentialAction\":[{\"@type\":\"ReadAction\",\"target\":[\"https:\\\/\\\/lekarzeopole.pl\\\/wordpress\\\/product\\\/promicil\\\/\"]}]},{\"@type\":\"ImageObject\",\"inLanguage\":\"pl-PL\",\"@id\":\"https:\\\/\\\/lekarzeopole.pl\\\/wordpress\\\/product\\\/promicil\\\/#primaryimage\",\"url\":\"https:\\\/\\\/lekarzeopole.pl\\\/wordpress\\\/wp-content\\\/uploads\\\/2024\\\/02\\\/promicil.png\",\"contentUrl\":\"https:\\\/\\\/lekarzeopole.pl\\\/wordpress\\\/wp-content\\\/uploads\\\/2024\\\/02\\\/promicil.png\",\"width\":481,\"height\":413,\"caption\":\"Promicil\"},{\"@type\":\"BreadcrumbList\",\"@id\":\"https:\\\/\\\/lekarzeopole.pl\\\/wordpress\\\/product\\\/promicil\\\/#breadcrumb\",\"itemListElement\":[{\"@type\":\"ListItem\",\"position\":1,\"name\":\"\u0413\u043b\u0430\u0432\u043d\u0430\u044f \u0441\u0442\u0440\u0430\u043d\u0438\u0446\u0430\",\"item\":\"https:\\\/\\\/lekarzeopole.pl\\\/wordpress\\\/\"},{\"@type\":\"ListItem\",\"position\":2,\"name\":\"Zakup\",\"item\":\"https:\\\/\\\/lekarzeopole.pl\\\/wordpress\\\/\"},{\"@type\":\"ListItem\",\"position\":3,\"name\":\"Promicil\"}]},{\"@type\":\"WebSite\",\"@id\":\"https:\\\/\\\/lekarzeopole.pl\\\/wordpress\\\/#website\",\"url\":\"https:\\\/\\\/lekarzeopole.pl\\\/wordpress\\\/\",\"name\":\"Lekarze Opole\",\"description\":\"\",\"potentialAction\":[{\"@type\":\"SearchAction\",\"target\":{\"@type\":\"EntryPoint\",\"urlTemplate\":\"https:\\\/\\\/lekarzeopole.pl\\\/wordpress\\\/?s={search_term_string}\"},\"query-input\":{\"@type\":\"PropertyValueSpecification\",\"valueRequired\":true,\"valueName\":\"search_term_string\"}}],\"inLanguage\":\"pl-PL\"}]}<\/script>\n<!-- \/ Yoast SEO plugin. -->","yoast_head_json":{"title":"Promicil - kup suplement, cena w aptece, sk\u0142ad, dzia\u0142anie","robots":{"index":"index","follow":"follow","max-snippet":"max-snippet:-1","max-image-preview":"max-image-preview:large","max-video-preview":"max-video-preview:-1"},"canonical":"https:\/\/lekarzeopole.pl\/wordpress\/product\/promicil\/","og_locale":"pl_PL","og_type":"article","og_title":"Promicil - kup suplement, cena w aptece, sk\u0142ad, dzia\u0142anie","og_description":"Kup teraz SKU:\u00a0789.878.689    Produkt sprzedawany jest wy\u0142\u0105cznie za po\u015brednictwem oficjalnej strony producenta, id\u017a i kupuj bezpiecznie!","og_url":"https:\/\/lekarzeopole.pl\/wordpress\/product\/promicil\/","og_site_name":"Lekarze Opole","article_modified_time":"2025-03-30T15:29:24+00:00","og_image":[{"width":481,"height":413,"url":"https:\/\/lekarzeopole.pl\/wordpress\/wp-content\/uploads\/2024\/02\/promicil.png","type":"image\/png"}],"twitter_card":"summary_large_image","twitter_misc":{"Szacowany czas czytania":"5 minut"},"schema":{"@context":"https:\/\/schema.org","@graph":[{"@type":"WebPage","@id":"https:\/\/lekarzeopole.pl\/wordpress\/product\/promicil\/","url":"https:\/\/lekarzeopole.pl\/wordpress\/product\/promicil\/","name":"Promicil - kup suplement, cena w aptece, sk\u0142ad, dzia\u0142anie","isPartOf":{"@id":"https:\/\/lekarzeopole.pl\/wordpress\/#website"},"primaryImageOfPage":{"@id":"https:\/\/lekarzeopole.pl\/wordpress\/product\/promicil\/#primaryimage"},"image":{"@id":"https:\/\/lekarzeopole.pl\/wordpress\/product\/promicil\/#primaryimage"},"thumbnailUrl":"https:\/\/lekarzeopole.pl\/wordpress\/wp-content\/uploads\/2024\/02\/promicil.png","datePublished":"2024-02-07T09:03:22+00:00","dateModified":"2025-03-30T15:29:24+00:00","breadcrumb":{"@id":"https:\/\/lekarzeopole.pl\/wordpress\/product\/promicil\/#breadcrumb"},"inLanguage":"pl-PL","potentialAction":[{"@type":"ReadAction","target":["https:\/\/lekarzeopole.pl\/wordpress\/product\/promicil\/"]}]},{"@type":"ImageObject","inLanguage":"pl-PL","@id":"https:\/\/lekarzeopole.pl\/wordpress\/product\/promicil\/#primaryimage","url":"https:\/\/lekarzeopole.pl\/wordpress\/wp-content\/uploads\/2024\/02\/promicil.png","contentUrl":"https:\/\/lekarzeopole.pl\/wordpress\/wp-content\/uploads\/2024\/02\/promicil.png","width":481,"height":413,"caption":"Promicil"},{"@type":"BreadcrumbList","@id":"https:\/\/lekarzeopole.pl\/wordpress\/product\/promicil\/#breadcrumb","itemListElement":[{"@type":"ListItem","position":1,"name":"\u0413\u043b\u0430\u0432\u043d\u0430\u044f \u0441\u0442\u0440\u0430\u043d\u0438\u0446\u0430","item":"https:\/\/lekarzeopole.pl\/wordpress\/"},{"@type":"ListItem","position":2,"name":"Zakup","item":"https:\/\/lekarzeopole.pl\/wordpress\/"},{"@type":"ListItem","position":3,"name":"Promicil"}]},{"@type":"WebSite","@id":"https:\/\/lekarzeopole.pl\/wordpress\/#website","url":"https:\/\/lekarzeopole.pl\/wordpress\/","name":"Lekarze Opole","description":"","potentialAction":[{"@type":"SearchAction","target":{"@type":"EntryPoint","urlTemplate":"https:\/\/lekarzeopole.pl\/wordpress\/?s={search_term_string}"},"query-input":{"@type":"PropertyValueSpecification","valueRequired":true,"valueName":"search_term_string"}}],"inLanguage":"pl-PL"}]}},"_links":{"self":[{"href":"https:\/\/lekarzeopole.pl\/wordpress\/wp-json\/wp\/v2\/product\/308","targetHints":{"allow":["GET"]}}],"collection":[{"href":"https:\/\/lekarzeopole.pl\/wordpress\/wp-json\/wp\/v2\/product"}],"about":[{"href":"https:\/\/lekarzeopole.pl\/wordpress\/wp-json\/wp\/v2\/types\/product"}],"replies":[{"embeddable":true,"href":"https:\/\/lekarzeopole.pl\/wordpress\/wp-json\/wp\/v2\/comments?post=308"}],"wp:featuredmedia":[{"embeddable":true,"href":"https:\/\/lekarzeopole.pl\/wordpress\/wp-json\/wp\/v2\/media\/309"}],"wp:attachment":[{"href":"https:\/\/lekarzeopole.pl\/wordpress\/wp-json\/wp\/v2\/media?parent=308"}],"wp:term":[{"taxonomy":"product_brand","embeddable":true,"href":"https:\/\/lekarzeopole.pl\/wordpress\/wp-json\/wp\/v2\/product_brand?post=308"},{"taxonomy":"product_cat","embeddable":true,"href":"https:\/\/lekarzeopole.pl\/wordpress\/wp-json\/wp\/v2\/product_cat?post=308"},{"taxonomy":"product_tag","embeddable":true,"href":"https:\/\/lekarzeopole.pl\/wordpress\/wp-json\/wp\/v2\/product_tag?post=308"}],"curies":[{"name":"wp","href":"https:\/\/api.w.org\/{rel}","templated":true}]}}