{"id":304,"date":"2024-02-07T08:47:18","date_gmt":"2024-02-07T08:47:18","guid":{"rendered":"https:\/\/lekarzeopole.pl\/wordpress\/?post_type=product&#038;p=304"},"modified":"2025-05-28T08:06:03","modified_gmt":"2025-05-28T08:06:03","slug":"normadex","status":"publish","type":"product","link":"https:\/\/lekarzeopole.pl\/wordpress\/product\/normadex\/","title":{"rendered":"Normadex"},"content":{"rendered":"<div class=\"w-full text-token-text-primary\" data-testid=\"conversation-turn-3\">\n<div class=\"px-4 py-2 justify-center text-base md:gap-6 m-auto\">\n<div class=\"flex flex-1 text-base mx-auto gap-3 md:px-5 lg:px-1 xl:px-5 md:max-w-3xl lg:max-w-[40rem] xl:max-w-[48rem] group\">\n<div class=\"relative flex w-full flex-col lg:w-[calc(100%-115px)] agent-turn\">\n<div class=\"flex-col gap-1 md:gap-3\">\n<div class=\"flex flex-grow flex-col max-w-full\">\n<div class=\"min-h-[20px] text-message flex flex-col items-start gap-3 whitespace-pre-wrap break-words [.text-message+&amp;]:mt-5 overflow-x-auto\" data-message-author-role=\"assistant\" data-message-id=\"e39b8e4a-f647-490e-8b5f-9a97a32ea6ee\">\n<div class=\"markdown prose w-full break-words dark:prose-invert light\">\n<p>Normadex to preparat stworzony z my\u015bl\u0105 o osobach borykaj\u0105cych si\u0119 z problemami paso\u017cyt\u00f3w jelitowych. Paso\u017cyty mog\u0105 by\u0107 przyczyn\u0105 wielu dolegliwo\u015bci zdrowotnych, takich jak b\u00f3le brzucha, zaburzenia trawienia, uczucie zm\u0119czenia czy utrata wagi. Je\u015bli do\u015bwiadczasz kt\u00f3regokolwiek z tych objaw\u00f3w lub podejrzewasz obecno\u015b\u0107 paso\u017cyt\u00f3w w swoim organizmie, Normadex mo\u017ce by\u0107 skutecznym rozwi\u0105zaniem.<\/p>\n<h2>Sk\u0142ad i dzia\u0142anie sk\u0142adnik\u00f3w Normadex<\/h2>\n<p>Normadex zawiera wy\u0142\u0105cznie naturalne sk\u0142adniki, kt\u00f3re zosta\u0142y starannie wyselekcjonowane ze wzgl\u0119du na ich dzia\u0142anie przeciw paso\u017cytom oraz korzystny wp\u0142yw na zdrowie og\u00f3lne. G\u0142\u00f3wne sk\u0142adniki preparatu to:<\/p>\n<ul>\n<li><strong>Wyci\u0105g z czosnku:<\/strong> Czosnek jest znany ze swoich w\u0142a\u015bciwo\u015bci przeciwpaso\u017cytniczych oraz wzmacniaj\u0105cych uk\u0142ad odporno\u015bciowy.<\/li>\n<li><strong>Wyci\u0105g z orzecha w\u0142oskiego:<\/strong> Orzech w\u0142oski posiada dzia\u0142anie antybakteryjne, przeciwpaso\u017cytnicze i przeciwzapalne, co sprawia, \u017ce jest skutecznym sk\u0142adnikiem w walce z paso\u017cytami.<\/li>\n<li><strong>Ekstrakt z zi\u00f3\u0142:<\/strong> Zio\u0142a zawarte w Normadex zosta\u0142y dobrane ze wzgl\u0119du na ich w\u0142a\u015bciwo\u015bci oczyszczaj\u0105ce i wzmacniaj\u0105ce organizm.<\/li>\n<\/ul>\n<p>Dzia\u0142anie sk\u0142adnik\u00f3w Normadex polega na eliminacji paso\u017cyt\u00f3w z organizmu oraz oczyszczeniu jelit z ich toksycznych pozosta\u0142o\u015bci. Regularne stosowanie preparatu mo\u017ce r\u00f3wnie\u017c przyczyni\u0107 si\u0119 do poprawy trawienia, wzmocnienia odporno\u015bci oraz og\u00f3lnego samopoczucia.<\/p>\n<p style=\"text-align: center;\"><a href=\"https:\/\/mandarv.com\/LzcS?sub1=sub1&amp;sub2=sub2&amp;sub3=sub3&amp;sub4=sub4&amp;sub5=sub5\"><button>www.normadex.pl<\/button><\/a><\/p>\n<h2>Efekty Normadex i ich charakterystyka<\/h2>\n<p>Po zastosowaniu Normadex mo\u017cna spodziewa\u0107 si\u0119 nast\u0119puj\u0105cych efekt\u00f3w:<\/p>\n<ul>\n<li>Zmniejszenie dolegliwo\u015bci zwi\u0105zanych z obecno\u015bci\u0105 paso\u017cyt\u00f3w, takich jak b\u00f3le brzucha czy zm\u0119czenie.<\/li>\n<li>Poprawa trawienia i \u0142agodzenie objaw\u00f3w zwi\u0105zanych z zaburzeniami \u017co\u0142\u0105dkowo-jelitowymi.<\/li>\n<li>Wzrost odporno\u015bci organizmu.<\/li>\n<li>Zwi\u0119kszenie energii i poprawa og\u00f3lnego samopoczucia.<\/li>\n<\/ul>\n<h2>Ryzyko skutk\u00f3w ubocznych<\/h2>\n<p>Normadex jest preparatem opartym wy\u0142\u0105cznie na naturalnych sk\u0142adnikach, dlatego ryzyko wyst\u0105pienia skutk\u00f3w ubocznych jest minimalne. Niemniej jednak, ze wzgl\u0119du na indywidualne reakcje organizmu, istnieje mo\u017cliwo\u015b\u0107 wyst\u0105pienia alergicznych reakcji u os\u00f3b uczulonych na kt\u00f3rykolwiek ze sk\u0142adnik\u00f3w preparatu. Przed zastosowaniem Normadex zaleca si\u0119 zapoznanie si\u0119 z ulotk\u0105 lub skonsultowanie si\u0119 z lekarzem, zw\u0142aszcza w przypadku os\u00f3b z chorobami przewlek\u0142ymi lub stosuj\u0105cych inne leki.<\/p>\n<\/div>\n<\/div>\n<\/div>\n<\/div>\n<\/div>\n<\/div>\n<\/div>\n<\/div>\n<div class=\"w-full text-token-text-primary\" data-testid=\"conversation-turn-5\">\n<div class=\"px-4 py-2 justify-center text-base md:gap-6 m-auto\">\n<div class=\"flex flex-1 text-base mx-auto gap-3 md:px-5 lg:px-1 xl:px-5 md:max-w-3xl lg:max-w-[40rem] xl:max-w-[48rem] group final-completion\">\n<div class=\"relative flex w-full flex-col lg:w-[calc(100%-115px)] agent-turn\">\n<div class=\"flex-col gap-1 md:gap-3\">\n<div class=\"flex flex-grow flex-col max-w-full\">\n<div class=\"min-h-[20px] text-message flex flex-col items-start gap-3 whitespace-pre-wrap break-words [.text-message+&amp;]:mt-5 overflow-x-auto\" data-message-author-role=\"assistant\" data-message-id=\"20216b6e-93bc-4415-8a87-c690cf65dc14\">\n<div class=\"markdown prose w-full break-words dark:prose-invert light\">\n<h2>Opinie klient\u00f3w o Normadex: fora po\u015bwi\u0119cone zdrowiu<\/h2>\n<p>Wsp\u00f3\u0142czesne fora internetowe po\u015bwi\u0119cone zdrowiu staj\u0105 si\u0119 coraz bardziej popularne w Polsce. Ludzie dziel\u0105 si\u0119 na nich swoimi do\u015bwiadczeniami zwi\u0105zanych z r\u00f3\u017cnymi preparatami i metodami leczenia. Normadex, jako skuteczny suplement przeciw paso\u017cytom, nie jest wyj\u0105tkiem i zbiera wiele pozytywnych opinii od swoich u\u017cytkownik\u00f3w.<\/p>\n<p>Wiele os\u00f3b chwal\u0105cych Normadex podkre\u015bla jego naturalny sk\u0142ad oraz skuteczno\u015b\u0107 w zwalczaniu paso\u017cyt\u00f3w jelitowych. Wi\u0119kszo\u015b\u0107 klient\u00f3w opisuje pozytywne efekty stosowania preparatu, takie jak poprawa samopoczucia, zmniejszenie dolegliwo\u015bci \u017co\u0142\u0105dkowych oraz zwi\u0119kszenie energii.<\/p>\n<ul>\n<li>Jednym z u\u017cytkownik\u00f3w Normadex jest <strong>Karolina<\/strong>, kt\u00f3ra podkre\u015bla, \u017ce dzi\u0119ki regularnemu stosowaniu preparatu pozby\u0142a si\u0119 uci\u0105\u017cliwych dolegliwo\u015bci \u017co\u0142\u0105dkowych i odzyska\u0142a energi\u0119 do codziennych aktywno\u015bci.<\/li>\n<li><strong>Kamil<\/strong> natomiast dzieli si\u0119 swoim entuzjastycznym do\u015bwiadczeniem zwi\u0105zany z efektywno\u015bci\u0105 Normadex w eliminacji paso\u017cyt\u00f3w, co przyczyni\u0142o si\u0119 do poprawy jego og\u00f3lnego zdrowia i samopoczucia.<\/li>\n<\/ul>\n<h2>Spos\u00f3b podawania i dawkowanie<\/h2>\n<p>Normadex dost\u0119pny jest w postaci kapsu\u0142ek, co sprawia, \u017ce jest \u0142atwy w u\u017cyciu. Zalecane jest stosowanie preparatu zgodnie z zaleceniami producenta. Zazwyczaj dawka wynosi jedn\u0105 kapsu\u0142k\u0119 dziennie, najlepiej podczas posi\u0142ku, popijaj\u0105c wod\u0105.<\/p>\n<h2>Kup teraz Normadex z dostaw\u0105<\/h2>\n<p>Zakup Normadex jest prosty i wygodny. Produkt dost\u0119pny jest do nabycia online, co eliminuje konieczno\u015b\u0107 wychodzenia z domu. Istnieje mo\u017cliwo\u015b\u0107 zam\u00f3wienia produktu bez konieczno\u015bci wcze\u015bniejszej p\u0142atno\u015bci &#8211; op\u0142ata nast\u0119puje dopiero po otrzymaniu przesy\u0142ki. Dzi\u0119ki temu klient ma pewno\u015b\u0107, \u017ce otrzymuje oryginalny produkt bez ryzyka oszustwa. Dostawa Normadex trwa zazwyczaj od 3 do 4 dni roboczych na terenie Polski. Dodatkowo, ka\u017cde zam\u00f3wienie jest potwierdzane przez specjalist\u0119 telefonicznie, co pozwala na konsultacj\u0119 dotycz\u0105c\u0105 ilo\u015bci produktu oraz dost\u0119pno\u015bci promocji.<\/p>\n<p style=\"text-align: center;\"><a href=\"https:\/\/mandarv.com\/LzcS?sub1=sub1&amp;sub2=sub2&amp;sub3=sub3&amp;sub4=sub4&amp;sub5=sub5\"><button>Zakup na stronie producenta (-50%)<\/button><\/a><\/p>\n<h2>Por\u00f3wnanie ofert: ceny i dost\u0119pno\u015b\u0107 Normadex<\/h2>\n<p>Producenci Normadex stawiaj\u0105 na dost\u0119pno\u015b\u0107 i bezpiecze\u0144stwo klient\u00f3w, dlatego produkt mo\u017cna zakupi\u0107 bezpo\u015brednio na oficjalnej stronie internetowej producenta. Dzi\u0119ki temu unikamy po\u015brednik\u00f3w oraz dodatkowych koszt\u00f3w. Istnieje r\u00f3wnie\u017c mo\u017cliwo\u015b\u0107 skorzystania z aktualnych promocji i zni\u017cek, kt\u00f3re s\u0105 regularnie aktualizowane na stronie producenta. Warto zauwa\u017cy\u0107, \u017ce Normadex nie jest dost\u0119pny w tradycyjnych aptekach stacjonarnych, co gwarantuje klientom oryginalno\u015b\u0107 produktu oraz unika podrobionych wersji.<\/p>\n<\/div>\n<\/div>\n<\/div>\n<\/div>\n<\/div>\n<\/div>\n<\/div>\n<\/div>\n","protected":false},"excerpt":{"rendered":"<p style=\"text-align: center;\"><a href=\"https:\/\/mandarv.com\/LzcS?sub1=sub1&amp;sub2=sub2&amp;sub3=sub3&amp;sub4=sub4&amp;sub5=sub5\"><button>Kup teraz<\/button><\/a><\/p>\n<p>SKU:\u00a0<span class=\"sku\">789.878.669<\/span><\/p>\n<hr \/>\n<p><small>Produkt sprzedawany jest wy\u0142\u0105cznie za po\u015brednictwem oficjalnej strony producenta, id\u017a i kupuj bezpiecznie!<\/small><\/p>\n","protected":false},"featured_media":1301,"comment_status":"open","ping_status":"closed","template":"","meta":[],"product_brand":[],"product_cat":[15],"product_tag":[],"class_list":{"0":"post-304","1":"product","2":"type-product","3":"status-publish","4":"has-post-thumbnail","6":"product_cat-supl","7":"thunk-woo-product-list","8":"opn-qv-enable","9":"top-store-woo-hover-","10":"top-store-single-product-tab-horizontal","11":"top-store-shadow-","12":"top-store-shadow-hover-","14":"first","15":"instock","16":"sale","17":"shipping-taxable","18":"purchasable","19":"product-type-simple"},"yoast_head":"<!-- This site is optimized with the Yoast SEO plugin v27.4 - https:\/\/yoast.com\/product\/yoast-seo-wordpress\/ -->\n<title>Normadex - kup suplement, cena w aptece, sk\u0142ad, dzia\u0142anie<\/title>\n<meta name=\"robots\" content=\"index, follow, max-snippet:-1, max-image-preview:large, max-video-preview:-1\" \/>\n<link rel=\"canonical\" href=\"https:\/\/lekarzeopole.pl\/wordpress\/product\/normadex\/\" \/>\n<meta property=\"og:locale\" content=\"pl_PL\" \/>\n<meta property=\"og:type\" content=\"article\" \/>\n<meta property=\"og:title\" content=\"Normadex - kup suplement, cena w aptece, sk\u0142ad, dzia\u0142anie\" \/>\n<meta property=\"og:description\" content=\"Kup teraz SKU:\u00a0789.878.669    Produkt sprzedawany jest wy\u0142\u0105cznie za po\u015brednictwem oficjalnej strony producenta, id\u017a i kupuj bezpiecznie!\" \/>\n<meta property=\"og:url\" content=\"https:\/\/lekarzeopole.pl\/wordpress\/product\/normadex\/\" \/>\n<meta property=\"og:site_name\" content=\"Lekarze Opole\" \/>\n<meta property=\"article:modified_time\" content=\"2025-05-28T08:06:03+00:00\" \/>\n<meta property=\"og:image\" content=\"https:\/\/lekarzeopole.pl\/wordpress\/wp-content\/uploads\/2024\/02\/normadex-1.png\" \/>\n\t<meta property=\"og:image:width\" content=\"400\" \/>\n\t<meta property=\"og:image:height\" content=\"400\" \/>\n\t<meta property=\"og:image:type\" content=\"image\/png\" \/>\n<meta name=\"twitter:card\" content=\"summary_large_image\" \/>\n<meta name=\"twitter:label1\" content=\"Szacowany czas czytania\" \/>\n\t<meta name=\"twitter:data1\" content=\"4 minuty\" \/>\n<script type=\"application\/ld+json\" class=\"yoast-schema-graph\">{\"@context\":\"https:\\\/\\\/schema.org\",\"@graph\":[{\"@type\":\"WebPage\",\"@id\":\"https:\\\/\\\/lekarzeopole.pl\\\/wordpress\\\/product\\\/normadex\\\/\",\"url\":\"https:\\\/\\\/lekarzeopole.pl\\\/wordpress\\\/product\\\/normadex\\\/\",\"name\":\"Normadex - kup suplement, cena w aptece, sk\u0142ad, dzia\u0142anie\",\"isPartOf\":{\"@id\":\"https:\\\/\\\/lekarzeopole.pl\\\/wordpress\\\/#website\"},\"primaryImageOfPage\":{\"@id\":\"https:\\\/\\\/lekarzeopole.pl\\\/wordpress\\\/product\\\/normadex\\\/#primaryimage\"},\"image\":{\"@id\":\"https:\\\/\\\/lekarzeopole.pl\\\/wordpress\\\/product\\\/normadex\\\/#primaryimage\"},\"thumbnailUrl\":\"https:\\\/\\\/lekarzeopole.pl\\\/wordpress\\\/wp-content\\\/uploads\\\/2024\\\/02\\\/normadex-1.png\",\"datePublished\":\"2024-02-07T08:47:18+00:00\",\"dateModified\":\"2025-05-28T08:06:03+00:00\",\"breadcrumb\":{\"@id\":\"https:\\\/\\\/lekarzeopole.pl\\\/wordpress\\\/product\\\/normadex\\\/#breadcrumb\"},\"inLanguage\":\"pl-PL\",\"potentialAction\":[{\"@type\":\"ReadAction\",\"target\":[\"https:\\\/\\\/lekarzeopole.pl\\\/wordpress\\\/product\\\/normadex\\\/\"]}]},{\"@type\":\"ImageObject\",\"inLanguage\":\"pl-PL\",\"@id\":\"https:\\\/\\\/lekarzeopole.pl\\\/wordpress\\\/product\\\/normadex\\\/#primaryimage\",\"url\":\"https:\\\/\\\/lekarzeopole.pl\\\/wordpress\\\/wp-content\\\/uploads\\\/2024\\\/02\\\/normadex-1.png\",\"contentUrl\":\"https:\\\/\\\/lekarzeopole.pl\\\/wordpress\\\/wp-content\\\/uploads\\\/2024\\\/02\\\/normadex-1.png\",\"width\":400,\"height\":400,\"caption\":\"Normadex\"},{\"@type\":\"BreadcrumbList\",\"@id\":\"https:\\\/\\\/lekarzeopole.pl\\\/wordpress\\\/product\\\/normadex\\\/#breadcrumb\",\"itemListElement\":[{\"@type\":\"ListItem\",\"position\":1,\"name\":\"\u0413\u043b\u0430\u0432\u043d\u0430\u044f \u0441\u0442\u0440\u0430\u043d\u0438\u0446\u0430\",\"item\":\"https:\\\/\\\/lekarzeopole.pl\\\/wordpress\\\/\"},{\"@type\":\"ListItem\",\"position\":2,\"name\":\"Zakup\",\"item\":\"https:\\\/\\\/lekarzeopole.pl\\\/wordpress\\\/\"},{\"@type\":\"ListItem\",\"position\":3,\"name\":\"Normadex\"}]},{\"@type\":\"WebSite\",\"@id\":\"https:\\\/\\\/lekarzeopole.pl\\\/wordpress\\\/#website\",\"url\":\"https:\\\/\\\/lekarzeopole.pl\\\/wordpress\\\/\",\"name\":\"Lekarze Opole\",\"description\":\"\",\"potentialAction\":[{\"@type\":\"SearchAction\",\"target\":{\"@type\":\"EntryPoint\",\"urlTemplate\":\"https:\\\/\\\/lekarzeopole.pl\\\/wordpress\\\/?s={search_term_string}\"},\"query-input\":{\"@type\":\"PropertyValueSpecification\",\"valueRequired\":true,\"valueName\":\"search_term_string\"}}],\"inLanguage\":\"pl-PL\"}]}<\/script>\n<!-- \/ Yoast SEO plugin. -->","yoast_head_json":{"title":"Normadex - kup suplement, cena w aptece, sk\u0142ad, dzia\u0142anie","robots":{"index":"index","follow":"follow","max-snippet":"max-snippet:-1","max-image-preview":"max-image-preview:large","max-video-preview":"max-video-preview:-1"},"canonical":"https:\/\/lekarzeopole.pl\/wordpress\/product\/normadex\/","og_locale":"pl_PL","og_type":"article","og_title":"Normadex - kup suplement, cena w aptece, sk\u0142ad, dzia\u0142anie","og_description":"Kup teraz SKU:\u00a0789.878.669    Produkt sprzedawany jest wy\u0142\u0105cznie za po\u015brednictwem oficjalnej strony producenta, id\u017a i kupuj bezpiecznie!","og_url":"https:\/\/lekarzeopole.pl\/wordpress\/product\/normadex\/","og_site_name":"Lekarze Opole","article_modified_time":"2025-05-28T08:06:03+00:00","og_image":[{"width":400,"height":400,"url":"https:\/\/lekarzeopole.pl\/wordpress\/wp-content\/uploads\/2024\/02\/normadex-1.png","type":"image\/png"}],"twitter_card":"summary_large_image","twitter_misc":{"Szacowany czas czytania":"4 minuty"},"schema":{"@context":"https:\/\/schema.org","@graph":[{"@type":"WebPage","@id":"https:\/\/lekarzeopole.pl\/wordpress\/product\/normadex\/","url":"https:\/\/lekarzeopole.pl\/wordpress\/product\/normadex\/","name":"Normadex - kup suplement, cena w aptece, sk\u0142ad, dzia\u0142anie","isPartOf":{"@id":"https:\/\/lekarzeopole.pl\/wordpress\/#website"},"primaryImageOfPage":{"@id":"https:\/\/lekarzeopole.pl\/wordpress\/product\/normadex\/#primaryimage"},"image":{"@id":"https:\/\/lekarzeopole.pl\/wordpress\/product\/normadex\/#primaryimage"},"thumbnailUrl":"https:\/\/lekarzeopole.pl\/wordpress\/wp-content\/uploads\/2024\/02\/normadex-1.png","datePublished":"2024-02-07T08:47:18+00:00","dateModified":"2025-05-28T08:06:03+00:00","breadcrumb":{"@id":"https:\/\/lekarzeopole.pl\/wordpress\/product\/normadex\/#breadcrumb"},"inLanguage":"pl-PL","potentialAction":[{"@type":"ReadAction","target":["https:\/\/lekarzeopole.pl\/wordpress\/product\/normadex\/"]}]},{"@type":"ImageObject","inLanguage":"pl-PL","@id":"https:\/\/lekarzeopole.pl\/wordpress\/product\/normadex\/#primaryimage","url":"https:\/\/lekarzeopole.pl\/wordpress\/wp-content\/uploads\/2024\/02\/normadex-1.png","contentUrl":"https:\/\/lekarzeopole.pl\/wordpress\/wp-content\/uploads\/2024\/02\/normadex-1.png","width":400,"height":400,"caption":"Normadex"},{"@type":"BreadcrumbList","@id":"https:\/\/lekarzeopole.pl\/wordpress\/product\/normadex\/#breadcrumb","itemListElement":[{"@type":"ListItem","position":1,"name":"\u0413\u043b\u0430\u0432\u043d\u0430\u044f \u0441\u0442\u0440\u0430\u043d\u0438\u0446\u0430","item":"https:\/\/lekarzeopole.pl\/wordpress\/"},{"@type":"ListItem","position":2,"name":"Zakup","item":"https:\/\/lekarzeopole.pl\/wordpress\/"},{"@type":"ListItem","position":3,"name":"Normadex"}]},{"@type":"WebSite","@id":"https:\/\/lekarzeopole.pl\/wordpress\/#website","url":"https:\/\/lekarzeopole.pl\/wordpress\/","name":"Lekarze Opole","description":"","potentialAction":[{"@type":"SearchAction","target":{"@type":"EntryPoint","urlTemplate":"https:\/\/lekarzeopole.pl\/wordpress\/?s={search_term_string}"},"query-input":{"@type":"PropertyValueSpecification","valueRequired":true,"valueName":"search_term_string"}}],"inLanguage":"pl-PL"}]}},"_links":{"self":[{"href":"https:\/\/lekarzeopole.pl\/wordpress\/wp-json\/wp\/v2\/product\/304","targetHints":{"allow":["GET"]}}],"collection":[{"href":"https:\/\/lekarzeopole.pl\/wordpress\/wp-json\/wp\/v2\/product"}],"about":[{"href":"https:\/\/lekarzeopole.pl\/wordpress\/wp-json\/wp\/v2\/types\/product"}],"replies":[{"embeddable":true,"href":"https:\/\/lekarzeopole.pl\/wordpress\/wp-json\/wp\/v2\/comments?post=304"}],"wp:featuredmedia":[{"embeddable":true,"href":"https:\/\/lekarzeopole.pl\/wordpress\/wp-json\/wp\/v2\/media\/1301"}],"wp:attachment":[{"href":"https:\/\/lekarzeopole.pl\/wordpress\/wp-json\/wp\/v2\/media?parent=304"}],"wp:term":[{"taxonomy":"product_brand","embeddable":true,"href":"https:\/\/lekarzeopole.pl\/wordpress\/wp-json\/wp\/v2\/product_brand?post=304"},{"taxonomy":"product_cat","embeddable":true,"href":"https:\/\/lekarzeopole.pl\/wordpress\/wp-json\/wp\/v2\/product_cat?post=304"},{"taxonomy":"product_tag","embeddable":true,"href":"https:\/\/lekarzeopole.pl\/wordpress\/wp-json\/wp\/v2\/product_tag?post=304"}],"curies":[{"name":"wp","href":"https:\/\/api.w.org\/{rel}","templated":true}]}}