{"id":302,"date":"2024-02-07T08:37:29","date_gmt":"2024-02-07T08:37:29","guid":{"rendered":"https:\/\/lekarzeopole.pl\/wordpress\/?post_type=product&#038;p=302"},"modified":"2024-06-07T14:14:48","modified_gmt":"2024-06-07T14:14:48","slug":"revitaprost","status":"publish","type":"product","link":"https:\/\/lekarzeopole.pl\/wordpress\/product\/revitaprost\/","title":{"rendered":"Revitaprost"},"content":{"rendered":"<p>Revitaprost \u2013 kapsu\u0142ki wspomagaj\u0105ce w leczeniu problem\u00f3w z prostat\u0105, oparte na sk\u0142adnikach naturalnych, zdobywaj\u0105 coraz wi\u0119ksz\u0105 popularno\u015b\u0107 w\u015br\u00f3d m\u0119\u017cczyzn borykaj\u0105cych si\u0119 z dolegliwo\u015bciami prostaty. Dzi\u0119ki swojemu unikalnemu sk\u0142adowi oraz dzia\u0142aniu, stanowi\u0105 one niezawodn\u0105 pomoc w walce z r\u00f3\u017cnego rodzaju objawami prostaty. W niniejszym artykule przyjrzymy si\u0119 bli\u017cej temu preparatowi, jego sk\u0142adnikom, dzia\u0142aniu oraz ewentualnym skutkom ubocznym.<\/p>\n<h2>Wskazania do stosowania Revitaprost<\/h2>\n<p>Revitaprost jest polecany dla m\u0119\u017cczyzn, kt\u00f3rzy borykaj\u0105 si\u0119 z problemami z prostat\u0105. Wskazania do stosowania tego preparatu obejmuj\u0105:<\/p>\n<ul>\n<li>B\u00f3l, mrowienie i pieczenie w okolicy prostaty.<\/li>\n<li>Trudno\u015bci z oddawaniem moczu.<\/li>\n<li>Nagl\u0105ca potrzeba oddawania moczu.<\/li>\n<li>Przerost prostaty.<\/li>\n<\/ul>\n<p>Preparat ten jest r\u00f3wnie\u017c pomocny w zapobieganiu nawrotom choroby oraz wspomaga utrzymanie zdrowej prostaty.<\/p>\n<h2>Sk\u0142ad i dzia\u0142anie sk\u0142adnik\u00f3w Revitaprost<\/h2>\n<p>Revitaprost zawiera wy\u0142\u0105cznie naturalne sk\u0142adniki, kt\u00f3re dzia\u0142aj\u0105 synergistycznie, wspomagaj\u0105c funkcjonowanie prostaty oraz zmniejszaj\u0105c jej objawy. G\u0142\u00f3wne sk\u0142adniki to:<\/p>\n<ol>\n<li><strong>Wyci\u0105g z palmy saba\u0142owej<\/strong>: Jest to jedna z najcz\u0119\u015bciej stosowanych ro\u015blin w leczeniu problem\u00f3w z prostat\u0105. Dzia\u0142a przeciwzapalnie oraz hamuje procesy przerostowe prostaty.<\/li>\n<li><strong>Ekstrakt z pokrzywy<\/strong>: Pokrzywa posiada w\u0142a\u015bciwo\u015bci moczop\u0119dne, co pomaga w \u0142agodzeniu dolegliwo\u015bci zwi\u0105zanych z trudno\u015bciami w oddawaniu moczu.<\/li>\n<li><strong>Witaminy i minera\u0142y<\/strong>: Revitaprost zawiera r\u00f3wnie\u017c kompleks witamin i minera\u0142\u00f3w, kt\u00f3ry wspomaga og\u00f3ln\u0105 kondycj\u0119 organizmu oraz zapewnia mu niezb\u0119dne sk\u0142adniki od\u017cywcze.<\/li>\n<\/ol>\n<p>Dzia\u0142anie sk\u0142adnik\u00f3w Revitaprost polega na zmniejszeniu stanu zapalnego prostaty, \u0142agodzeniu objaw\u00f3w zwi\u0105zanych z oddawaniem moczu oraz zapobieganiu dalszemu rozwojowi problem\u00f3w z prostat\u0105.<\/p>\n<p style=\"text-align: center;\"><a href=\"https:\/\/mandarv.com\/hIFS?sub1=sub1&amp;sub2=sub2&amp;sub3=sub3&amp;sub4=sub4&amp;sub5=sub5\"><button>www.revitaprost.pl<\/button><\/a><\/p>\n<h2>Efekty Revitaprost i ich charakterystyka<\/h2>\n<p>Korzystanie z Revitaprost przynosi szereg korzy\u015bci dla zdrowia prostaty. Efekty stosowania preparatu obejmuj\u0105:<\/p>\n<ul>\n<li>Zmniejszenie b\u00f3lu, mrowienia i pieczenia w okolicy prostaty.<\/li>\n<li>Normalizacja procesu oddawania moczu.<\/li>\n<li>Redukcja nag\u0142ej potrzeby oddawania moczu.<\/li>\n<li>Powr\u00f3t rozmiaru prostaty do normy.<\/li>\n<li>Brak objaw\u00f3w choroby po odstawieniu preparatu.<\/li>\n<\/ul>\n<p>Wyniki stosowania Revitaprost s\u0105 zauwa\u017calne po kr\u00f3tkim czasie od rozpocz\u0119cia kuracji, co sprawia, \u017ce preparat ten jest bardzo skuteczny w \u0142agodzeniu dolegliwo\u015bci prostaty.<\/p>\n<h2>Ryzyko skutk\u00f3w ubocznych<\/h2>\n<p>Revitaprost jest produktem opartym na sk\u0142adnikach naturalnych, dlatego ryzyko wyst\u0105pienia skutk\u00f3w ubocznych jest minimalne. Dzi\u0119ki temu preparatowi m\u0119\u017cczy\u017ani mog\u0105 skutecznie wspomaga\u0107 swoj\u0105 prost\u0119 bez obaw o niepo\u017c\u0105dane efekty. Niemniej jednak, w przypadku jakichkolwiek w\u0105tpliwo\u015bci lub nietypowych reakcji organizmu, zawsze warto skonsultowa\u0107 si\u0119 z lekarzem.<\/p>\n<p><em>Revitaprost to skuteczne i bezpieczne rozwi\u0105zanie dla m\u0119\u017cczyzn zmagaj\u0105cych si\u0119 z problemami z prostat\u0105. Dzi\u0119ki swojemu naturalnemu sk\u0142adowi oraz kompleksowemu dzia\u0142aniu, stanowi niezawodn\u0105 pomoc w \u0142agodzeniu objaw\u00f3w prostaty i poprawie jako\u015bci \u017cycia.<\/em><\/p>\n<h3>Opinie klient\u00f3w o Revitaprost: fora po\u015bwi\u0119cone zdrowiu<\/h3>\n<p>W Polsce fora internetowe po\u015bwi\u0119cone zdrowiu ciesz\u0105 si\u0119 ogromn\u0105 popularno\u015bci\u0105. Ludzie ch\u0119tnie dziel\u0105 si\u0119 swoimi do\u015bwiadczeniami oraz szukaj\u0105 wsparcia i porad w kwestiach zdrowotnych. Nie inaczej jest w przypadku Revitaprost \u2013 kapsu\u0142ek wspomagaj\u0105cych zdrowie prostaty. W miar\u0119 jak preparat zyskuje na popularno\u015bci w\u015br\u00f3d klient\u00f3w, pojawia si\u0119 coraz wi\u0119cej opinii na jego temat. Wi\u0119kszo\u015b\u0107 u\u017cytkownik\u00f3w opisuje pozytywne do\u015bwiadczenia zwi\u0105zane z dzia\u0142aniem tego produktu, podkre\u015blaj\u0105c jego skuteczno\u015b\u0107 oraz dost\u0119pno\u015b\u0107.<\/p>\n<ol>\n<li><strong>Adam:<\/strong> &#8222;Przez wiele lat zmaga\u0142em si\u0119 z problemami prostaty. Pr\u00f3bowa\u0142em r\u00f3\u017cnych lek\u00f3w i suplement\u00f3w, ale \u017caden nie przyni\u00f3s\u0142 takich rezultat\u00f3w jak Revitaprost. Po kilku tygodniach stosowania zauwa\u017cy\u0142em znaczn\u0105 popraw\u0119 w oddawaniu moczu oraz zmniejszenie dolegliwo\u015bci b\u00f3lowych. Bardzo polecam ten produkt!&#8221;<\/li>\n<li><strong>Kamil:<\/strong> &#8222;M\u00f3j lekarz poleci\u0142 mi Revitaprost jako wsparcie w leczeniu problem\u00f3w z prostat\u0105. By\u0142em sceptyczny na pocz\u0105tku, ale po kilku tygodniach regularnego stosowania zauwa\u017cy\u0142em znaczn\u0105 popraw\u0119. Dzi\u0119ki temu preparatowi znacznie poprawi\u0142a si\u0119 jako\u015b\u0107 mojego \u017cycia. Gor\u0105co polecam!&#8221;<\/li>\n<\/ol>\n<h2>Spos\u00f3b podawania i dawkowanie<\/h2>\n<p>Revitaprost jest dost\u0119pny w postaci \u0142atwych do po\u0142kni\u0119cia kapsu\u0142ek, co sprawia, \u017ce jego podawanie jest niezwykle wygodne. Zalecane dawkowanie to jedna kapsu\u0142ka dwa razy dziennie, najlepiej podczas posi\u0142k\u00f3w. Przed u\u017cyciem warto zapozna\u0107 si\u0119 z ulotk\u0105 do\u0142\u0105czon\u0105 do opakowania oraz skonsultowa\u0107 si\u0119 z lekarzem w przypadku w\u0105tpliwo\u015bci.<\/p>\n<h2>Kup teraz Revitaprost z dostaw\u0105<\/h2>\n<p>Zakup Revitaprost jest niezwykle prosty i wygodny. Produkt mo\u017cna naby\u0107 online, bez konieczno\u015bci op\u0142acania go z g\u00f3ry. Op\u0142ata za zakup dokonywana jest dopiero przy odbiorze przesy\u0142ki, co eliminuje ryzyko przedp\u0142aty. Dostawa produktu zajmuje zazwyczaj od 3 do 4 dni roboczych na terenie Polski. Dodatkowo, po z\u0142o\u017ceniu zam\u00f3wienia, klient otrzymuje potwierdzenie telefoniczne od specjalisty, kt\u00f3ry mo\u017ce udzieli\u0107 dodatkowych informacji na temat produktu oraz dost\u0119pnych promocji.<\/p>\n<p style=\"text-align: center;\"><a href=\"https:\/\/mandarv.com\/hIFS?sub1=sub1&amp;sub2=sub2&amp;sub3=sub3&amp;sub4=sub4&amp;sub5=sub5\"><button>Zakup na stronie producenta (-50%)<\/button><\/a><\/p>\n<h2>Por\u00f3wnanie ofert: ceny i dost\u0119pno\u015b\u0107 Revitaprost<\/h2>\n<p>Producent Revitaprost stawia na dost\u0119pno\u015b\u0107 i bezpiecze\u0144stwo dla klient\u00f3w, dlatego kapsu\u0142ki mo\u017cna zakupi\u0107 bezpo\u015brednio na oficjalnej stronie producenta, bez po\u015brednik\u00f3w i dodatkowych op\u0142at. Warto regularnie sprawdza\u0107 aktualne promocje, aby skorzysta\u0107 z atrakcyjnych rabat\u00f3w. Dzi\u0119ki temu, \u017ce produkt nie jest dost\u0119pny w stacjonarnych aptekach, klient ma pewno\u015b\u0107, \u017ce otrzymuje oryginalny produkt bez ryzyka podr\u00f3bek.<\/p>\n","protected":false},"excerpt":{"rendered":"<p style=\"text-align: center;\"><a href=\"https:\/\/mandarv.com\/hIFS?sub1=sub1&amp;sub2=sub2&amp;sub3=sub3&amp;sub4=sub4&amp;sub5=sub5\"><button>Kup teraz<\/button><\/a><\/p>\n<p>SKU:\u00a0<span class=\"sku\">789.878.659<\/span><\/p>\n<hr \/>\n<p><small>Produkt sprzedawany jest wy\u0142\u0105cznie za po\u015brednictwem oficjalnej strony producenta, id\u017a i kupuj bezpiecznie!<\/small><\/p>\n","protected":false},"featured_media":303,"comment_status":"open","ping_status":"closed","template":"","meta":[],"product_brand":[],"product_cat":[15],"product_tag":[],"class_list":{"0":"post-302","1":"product","2":"type-product","3":"status-publish","4":"has-post-thumbnail","6":"product_cat-supl","7":"thunk-woo-product-list","8":"opn-qv-enable","9":"top-store-woo-hover-","10":"top-store-single-product-tab-horizontal","11":"top-store-shadow-","12":"top-store-shadow-hover-","14":"first","15":"instock","16":"sale","17":"shipping-taxable","18":"purchasable","19":"product-type-simple"},"yoast_head":"<!-- This site is optimized with the Yoast SEO plugin v27.4 - https:\/\/yoast.com\/product\/yoast-seo-wordpress\/ -->\n<title>Revitaprost - kup suplement, cena w aptece, sk\u0142ad, dzia\u0142anie<\/title>\n<meta name=\"robots\" content=\"index, follow, max-snippet:-1, max-image-preview:large, max-video-preview:-1\" \/>\n<link rel=\"canonical\" href=\"https:\/\/lekarzeopole.pl\/wordpress\/product\/revitaprost\/\" \/>\n<meta property=\"og:locale\" content=\"pl_PL\" \/>\n<meta property=\"og:type\" content=\"article\" \/>\n<meta property=\"og:title\" content=\"Revitaprost - kup suplement, cena w aptece, sk\u0142ad, dzia\u0142anie\" \/>\n<meta property=\"og:description\" content=\"Kup teraz SKU:\u00a0789.878.659    Produkt sprzedawany jest wy\u0142\u0105cznie za po\u015brednictwem oficjalnej strony producenta, id\u017a i kupuj bezpiecznie!\" \/>\n<meta property=\"og:url\" content=\"https:\/\/lekarzeopole.pl\/wordpress\/product\/revitaprost\/\" \/>\n<meta property=\"og:site_name\" content=\"Lekarze Opole\" \/>\n<meta property=\"article:modified_time\" content=\"2024-06-07T14:14:48+00:00\" \/>\n<meta property=\"og:image\" content=\"https:\/\/lekarzeopole.pl\/wordpress\/wp-content\/uploads\/2024\/02\/revitaprost.png\" \/>\n\t<meta property=\"og:image:width\" content=\"319\" \/>\n\t<meta property=\"og:image:height\" content=\"353\" \/>\n\t<meta property=\"og:image:type\" content=\"image\/png\" \/>\n<meta name=\"twitter:card\" content=\"summary_large_image\" \/>\n<meta name=\"twitter:label1\" content=\"Szacowany czas czytania\" \/>\n\t<meta name=\"twitter:data1\" content=\"5 minut\" \/>\n<script type=\"application\/ld+json\" class=\"yoast-schema-graph\">{\"@context\":\"https:\\\/\\\/schema.org\",\"@graph\":[{\"@type\":\"WebPage\",\"@id\":\"https:\\\/\\\/lekarzeopole.pl\\\/wordpress\\\/product\\\/revitaprost\\\/\",\"url\":\"https:\\\/\\\/lekarzeopole.pl\\\/wordpress\\\/product\\\/revitaprost\\\/\",\"name\":\"Revitaprost - kup suplement, cena w aptece, sk\u0142ad, dzia\u0142anie\",\"isPartOf\":{\"@id\":\"https:\\\/\\\/lekarzeopole.pl\\\/wordpress\\\/#website\"},\"primaryImageOfPage\":{\"@id\":\"https:\\\/\\\/lekarzeopole.pl\\\/wordpress\\\/product\\\/revitaprost\\\/#primaryimage\"},\"image\":{\"@id\":\"https:\\\/\\\/lekarzeopole.pl\\\/wordpress\\\/product\\\/revitaprost\\\/#primaryimage\"},\"thumbnailUrl\":\"https:\\\/\\\/lekarzeopole.pl\\\/wordpress\\\/wp-content\\\/uploads\\\/2024\\\/02\\\/revitaprost.png\",\"datePublished\":\"2024-02-07T08:37:29+00:00\",\"dateModified\":\"2024-06-07T14:14:48+00:00\",\"breadcrumb\":{\"@id\":\"https:\\\/\\\/lekarzeopole.pl\\\/wordpress\\\/product\\\/revitaprost\\\/#breadcrumb\"},\"inLanguage\":\"pl-PL\",\"potentialAction\":[{\"@type\":\"ReadAction\",\"target\":[\"https:\\\/\\\/lekarzeopole.pl\\\/wordpress\\\/product\\\/revitaprost\\\/\"]}]},{\"@type\":\"ImageObject\",\"inLanguage\":\"pl-PL\",\"@id\":\"https:\\\/\\\/lekarzeopole.pl\\\/wordpress\\\/product\\\/revitaprost\\\/#primaryimage\",\"url\":\"https:\\\/\\\/lekarzeopole.pl\\\/wordpress\\\/wp-content\\\/uploads\\\/2024\\\/02\\\/revitaprost.png\",\"contentUrl\":\"https:\\\/\\\/lekarzeopole.pl\\\/wordpress\\\/wp-content\\\/uploads\\\/2024\\\/02\\\/revitaprost.png\",\"width\":319,\"height\":353,\"caption\":\"Revitaprost\"},{\"@type\":\"BreadcrumbList\",\"@id\":\"https:\\\/\\\/lekarzeopole.pl\\\/wordpress\\\/product\\\/revitaprost\\\/#breadcrumb\",\"itemListElement\":[{\"@type\":\"ListItem\",\"position\":1,\"name\":\"\u0413\u043b\u0430\u0432\u043d\u0430\u044f \u0441\u0442\u0440\u0430\u043d\u0438\u0446\u0430\",\"item\":\"https:\\\/\\\/lekarzeopole.pl\\\/wordpress\\\/\"},{\"@type\":\"ListItem\",\"position\":2,\"name\":\"Zakup\",\"item\":\"https:\\\/\\\/lekarzeopole.pl\\\/wordpress\\\/\"},{\"@type\":\"ListItem\",\"position\":3,\"name\":\"Revitaprost\"}]},{\"@type\":\"WebSite\",\"@id\":\"https:\\\/\\\/lekarzeopole.pl\\\/wordpress\\\/#website\",\"url\":\"https:\\\/\\\/lekarzeopole.pl\\\/wordpress\\\/\",\"name\":\"Lekarze Opole\",\"description\":\"\",\"potentialAction\":[{\"@type\":\"SearchAction\",\"target\":{\"@type\":\"EntryPoint\",\"urlTemplate\":\"https:\\\/\\\/lekarzeopole.pl\\\/wordpress\\\/?s={search_term_string}\"},\"query-input\":{\"@type\":\"PropertyValueSpecification\",\"valueRequired\":true,\"valueName\":\"search_term_string\"}}],\"inLanguage\":\"pl-PL\"}]}<\/script>\n<!-- \/ Yoast SEO plugin. -->","yoast_head_json":{"title":"Revitaprost - kup suplement, cena w aptece, sk\u0142ad, dzia\u0142anie","robots":{"index":"index","follow":"follow","max-snippet":"max-snippet:-1","max-image-preview":"max-image-preview:large","max-video-preview":"max-video-preview:-1"},"canonical":"https:\/\/lekarzeopole.pl\/wordpress\/product\/revitaprost\/","og_locale":"pl_PL","og_type":"article","og_title":"Revitaprost - kup suplement, cena w aptece, sk\u0142ad, dzia\u0142anie","og_description":"Kup teraz SKU:\u00a0789.878.659    Produkt sprzedawany jest wy\u0142\u0105cznie za po\u015brednictwem oficjalnej strony producenta, id\u017a i kupuj bezpiecznie!","og_url":"https:\/\/lekarzeopole.pl\/wordpress\/product\/revitaprost\/","og_site_name":"Lekarze Opole","article_modified_time":"2024-06-07T14:14:48+00:00","og_image":[{"width":319,"height":353,"url":"https:\/\/lekarzeopole.pl\/wordpress\/wp-content\/uploads\/2024\/02\/revitaprost.png","type":"image\/png"}],"twitter_card":"summary_large_image","twitter_misc":{"Szacowany czas czytania":"5 minut"},"schema":{"@context":"https:\/\/schema.org","@graph":[{"@type":"WebPage","@id":"https:\/\/lekarzeopole.pl\/wordpress\/product\/revitaprost\/","url":"https:\/\/lekarzeopole.pl\/wordpress\/product\/revitaprost\/","name":"Revitaprost - kup suplement, cena w aptece, sk\u0142ad, dzia\u0142anie","isPartOf":{"@id":"https:\/\/lekarzeopole.pl\/wordpress\/#website"},"primaryImageOfPage":{"@id":"https:\/\/lekarzeopole.pl\/wordpress\/product\/revitaprost\/#primaryimage"},"image":{"@id":"https:\/\/lekarzeopole.pl\/wordpress\/product\/revitaprost\/#primaryimage"},"thumbnailUrl":"https:\/\/lekarzeopole.pl\/wordpress\/wp-content\/uploads\/2024\/02\/revitaprost.png","datePublished":"2024-02-07T08:37:29+00:00","dateModified":"2024-06-07T14:14:48+00:00","breadcrumb":{"@id":"https:\/\/lekarzeopole.pl\/wordpress\/product\/revitaprost\/#breadcrumb"},"inLanguage":"pl-PL","potentialAction":[{"@type":"ReadAction","target":["https:\/\/lekarzeopole.pl\/wordpress\/product\/revitaprost\/"]}]},{"@type":"ImageObject","inLanguage":"pl-PL","@id":"https:\/\/lekarzeopole.pl\/wordpress\/product\/revitaprost\/#primaryimage","url":"https:\/\/lekarzeopole.pl\/wordpress\/wp-content\/uploads\/2024\/02\/revitaprost.png","contentUrl":"https:\/\/lekarzeopole.pl\/wordpress\/wp-content\/uploads\/2024\/02\/revitaprost.png","width":319,"height":353,"caption":"Revitaprost"},{"@type":"BreadcrumbList","@id":"https:\/\/lekarzeopole.pl\/wordpress\/product\/revitaprost\/#breadcrumb","itemListElement":[{"@type":"ListItem","position":1,"name":"\u0413\u043b\u0430\u0432\u043d\u0430\u044f \u0441\u0442\u0440\u0430\u043d\u0438\u0446\u0430","item":"https:\/\/lekarzeopole.pl\/wordpress\/"},{"@type":"ListItem","position":2,"name":"Zakup","item":"https:\/\/lekarzeopole.pl\/wordpress\/"},{"@type":"ListItem","position":3,"name":"Revitaprost"}]},{"@type":"WebSite","@id":"https:\/\/lekarzeopole.pl\/wordpress\/#website","url":"https:\/\/lekarzeopole.pl\/wordpress\/","name":"Lekarze Opole","description":"","potentialAction":[{"@type":"SearchAction","target":{"@type":"EntryPoint","urlTemplate":"https:\/\/lekarzeopole.pl\/wordpress\/?s={search_term_string}"},"query-input":{"@type":"PropertyValueSpecification","valueRequired":true,"valueName":"search_term_string"}}],"inLanguage":"pl-PL"}]}},"_links":{"self":[{"href":"https:\/\/lekarzeopole.pl\/wordpress\/wp-json\/wp\/v2\/product\/302","targetHints":{"allow":["GET"]}}],"collection":[{"href":"https:\/\/lekarzeopole.pl\/wordpress\/wp-json\/wp\/v2\/product"}],"about":[{"href":"https:\/\/lekarzeopole.pl\/wordpress\/wp-json\/wp\/v2\/types\/product"}],"replies":[{"embeddable":true,"href":"https:\/\/lekarzeopole.pl\/wordpress\/wp-json\/wp\/v2\/comments?post=302"}],"wp:featuredmedia":[{"embeddable":true,"href":"https:\/\/lekarzeopole.pl\/wordpress\/wp-json\/wp\/v2\/media\/303"}],"wp:attachment":[{"href":"https:\/\/lekarzeopole.pl\/wordpress\/wp-json\/wp\/v2\/media?parent=302"}],"wp:term":[{"taxonomy":"product_brand","embeddable":true,"href":"https:\/\/lekarzeopole.pl\/wordpress\/wp-json\/wp\/v2\/product_brand?post=302"},{"taxonomy":"product_cat","embeddable":true,"href":"https:\/\/lekarzeopole.pl\/wordpress\/wp-json\/wp\/v2\/product_cat?post=302"},{"taxonomy":"product_tag","embeddable":true,"href":"https:\/\/lekarzeopole.pl\/wordpress\/wp-json\/wp\/v2\/product_tag?post=302"}],"curies":[{"name":"wp","href":"https:\/\/api.w.org\/{rel}","templated":true}]}}