{"id":300,"date":"2024-02-07T08:28:12","date_gmt":"2024-02-07T08:28:12","guid":{"rendered":"https:\/\/lekarzeopole.pl\/wordpress\/?post_type=product&#038;p=300"},"modified":"2024-06-07T14:09:27","modified_gmt":"2024-06-07T14:09:27","slug":"keto-matcha-blue","status":"publish","type":"product","link":"https:\/\/lekarzeopole.pl\/wordpress\/product\/keto-matcha-blue\/","title":{"rendered":"Keto Matcha blue"},"content":{"rendered":"<div class=\"flex-1 overflow-hidden\">\n<div class=\"react-scroll-to-bottom--css-zxjgh-79elbk h-full\">\n<div class=\"react-scroll-to-bottom--css-zxjgh-1n7m0yu\">\n<div class=\"flex flex-col pb-9 text-sm\">\n<div class=\"w-full text-token-text-primary\" data-testid=\"conversation-turn-3\">\n<div class=\"px-4 py-2 justify-center text-base md:gap-6 m-auto\">\n<div class=\"flex flex-1 text-base mx-auto gap-3 md:px-5 lg:px-1 xl:px-5 md:max-w-3xl lg:max-w-[40rem] xl:max-w-[48rem] group\">\n<div class=\"relative flex w-full flex-col lg:w-[calc(100%-115px)] agent-turn\">\n<div class=\"flex-col gap-1 md:gap-3\">\n<div class=\"flex flex-grow flex-col max-w-full\">\n<div class=\"min-h-[20px] text-message flex flex-col items-start gap-3 whitespace-pre-wrap break-words [.text-message+&amp;]:mt-5 overflow-x-auto\" data-message-author-role=\"assistant\" data-message-id=\"f562f9da-7cf0-4cc6-8196-3fdfb089ccce\">\n<div class=\"markdown prose w-full break-words dark:prose-invert light\">\n<p>W dzisiejszych czasach walka z nadwag\u0105 jest nieod\u0142\u0105cznym elementem \u017cycia dla wielu os\u00f3b. Diety, \u0107wiczenia, suplementy &#8211; to wszystko staje si\u0119 cz\u0119\u015bci\u0105 codzienno\u015bci tych, kt\u00f3rzy pragn\u0105 osi\u0105gn\u0105\u0107 wymarzon\u0105 sylwetk\u0119. Jednak\u017ce, znalezienie r\u00f3wnowagi mi\u0119dzy skuteczno\u015bci\u0105 a bezpiecze\u0144stwem mo\u017ce by\u0107 wyzwaniem. Na szcz\u0119\u015bcie, istniej\u0105 naturalne rozwi\u0105zania wspomagaj\u0105ce proces odchudzania, jednym z nich jest Keto Matcha blue &#8211; innowacyjny produkt, kt\u00f3ry \u0142\u0105czy w sobie korzy\u015bci keton\u00f3w z moc\u0105 matcha.<\/p>\n<h2>Wskazania do stosowania Keto Matcha blue<\/h2>\n<p>Keto Matcha blue zosta\u0142 opracowany z my\u015bl\u0105 o osobach, kt\u00f3re pragn\u0105 skutecznie wspomaga\u0107 sw\u00f3j proces odchudzania. Je\u015bli masz trudno\u015bci z redukcj\u0105 nadmiaru tkanki t\u0142uszczowej, produkt ten mo\u017ce okaza\u0107 si\u0119 dla Ciebie pomocny. Jest to szczeg\u00f3lnie zalecane dla os\u00f3b prowadz\u0105cych aktywny tryb \u017cycia, a tak\u017ce dla tych, kt\u00f3rzy poszukuj\u0105 naturalnych rozwi\u0105za\u0144 wspomagaj\u0105cych utrat\u0119 wagi.<\/p>\n<h2>Sk\u0142ad i dzia\u0142anie sk\u0142adnik\u00f3w Keto Matcha blue<\/h2>\n<ol>\n<li><strong>Ketony<\/strong>: Organiczne zwi\u0105zki chemiczne, kt\u00f3re dostarczaj\u0105 alternatywn\u0105 form\u0119 energii dla organizmu, wspomagaj\u0105c proces spalania t\u0142uszczu.<\/li>\n<li><strong>Matcha<\/strong>: Wysokojako\u015bciowy proszek zielonej herbaty, bogaty w antyoksydanty, naturalne kofeiny i inne sk\u0142adniki od\u017cywcze, kt\u00f3re wspieraj\u0105 metabolizm i dodaj\u0105 energii.<\/li>\n<li><strong>Ekstrakt z zielonej kawy<\/strong>: Substancja zawieraj\u0105ca kwas chlorogenowy, kt\u00f3ry mo\u017ce wspomaga\u0107 redukcj\u0119 tkanki t\u0142uszczowej oraz regulowa\u0107 poziom cukru we krwi.<\/li>\n<li><strong>Chrom<\/strong>: Pierwiastek \u015bladowy, kt\u00f3ry mo\u017ce pomaga\u0107 w utrzymaniu prawid\u0142owego poziomu glukozy we krwi oraz kontrolowa\u0107 apetyt.<\/li>\n<li><strong>Inne naturalne sk\u0142adniki wspomagaj\u0105ce<\/strong>: W zale\u017cno\u015bci od konkretnej formu\u0142y, Keto Matcha blue mo\u017ce zawiera\u0107 dodatkowe substancje takie jak guarana, spirulina, czy ekstrakt z zielonej herbaty, kt\u00f3re dodatkowo wspieraj\u0105 proces odchudzania i og\u00f3ln\u0105 kondycj\u0119 organizmu.<\/li>\n<\/ol>\n<h2>Efekty Keto Matcha blue i ich charakterystyka<\/h2>\n<p>Korzystanie z Keto Matcha blue mo\u017ce przynie\u015b\u0107 szereg korzy\u015bci dla os\u00f3b d\u0105\u017c\u0105cych do utraty wagi. W\u015br\u00f3d najcz\u0119stszych efekt\u00f3w mo\u017cna wymieni\u0107:<\/p>\n<ul>\n<li><strong>Przyspieszenie metabolizmu:<\/strong> Dzi\u0119ki zawarto\u015bci keton\u00f3w i matcha, produkt ten mo\u017ce pom\u00f3c w przyspieszeniu procesu spalania t\u0142uszczu, co mo\u017ce prowadzi\u0107 do szybszej utraty wagi.<\/li>\n<li><strong>Zwi\u0119kszenie energii:<\/strong> Naturalne kofeiny zawarte w matcha mog\u0105 doda\u0107 energii i poprawi\u0107 og\u00f3ln\u0105 wydajno\u015b\u0107 fizyczn\u0105, co u\u0142atwia aktywno\u015b\u0107 fizyczn\u0105 i spalanie kalorii.<\/li>\n<li><strong>Kontrola apetytu:<\/strong> Dzi\u0119ki odpowiednio dobranym sk\u0142adnikom, Keto Matcha blue mo\u017ce pom\u00f3c w kontrolowaniu \u0142aknienia, co przyczynia si\u0119 do ograniczenia spo\u017cycia kalorii i utrzymania zdrowej diety.<\/li>\n<\/ul>\n<p style=\"text-align: center;\"><a href=\"https:\/\/mandarv.com\/ntCS?sub1=sub1&amp;sub2=sub2&amp;sub3=sub3&amp;sub4=sub4&amp;sub5=sub5\"><button>www.keto-matcha.pl<\/button><\/a><\/p>\n<h2>Ryzyko skutk\u00f3w ubocznych<\/h2>\n<p>Jedn\u0105 z najwa\u017cniejszych zalet Keto Matcha blue jest fakt, \u017ce sk\u0142ada si\u0119 g\u0142\u00f3wnie z naturalnych sk\u0142adnik\u00f3w, co minimalizuje ryzyko wyst\u0105pienia skutk\u00f3w ubocznych. Ze wzgl\u0119du na to, \u017ce preparat opiera si\u0119 na sprawdzonych i bezpiecznych substancjach, nie powinny wyst\u0119powa\u0107 powa\u017cne reakcje niepo\u017c\u0105dane. Jednak\u017ce, jak w przypadku ka\u017cdego suplementu diety, zaleca si\u0119 skonsultowanie si\u0119 z lekarzem przed rozpocz\u0119ciem stosowania, szczeg\u00f3lnie je\u015bli masz jakiekolwiek schorzenia zdrowotne lub przyjmujesz inne leki.<\/p>\n<p><em>Keto Matcha blue to innowacyjny produkt, kt\u00f3ry mo\u017ce stanowi\u0107 skuteczn\u0105 pomoc w walce z nadwag\u0105. Dzi\u0119ki swojej unikalnej formule opartej na ketonach i matcha, mo\u017ce przyspieszy\u0107 metabolizm, zwi\u0119kszy\u0107 energi\u0119 oraz pom\u00f3c w kontroli apetytu. Co najwa\u017cniejsze, jako preparat oparty na naturalnych sk\u0142adnikach, minimalizuje ryzyko skutk\u00f3w ubocznych. Je\u015bli wi\u0119c poszukujesz skutecznego i bezpiecznego sposobu na wspomaganie procesu odchudzania, Keto Matcha blue mo\u017ce by\u0107 w\u0142a\u015bnie tym, czego potrzebujesz.<\/em><\/p>\n<\/div>\n<\/div>\n<\/div>\n<\/div>\n<\/div>\n<\/div>\n<\/div>\n<\/div>\n<div class=\"w-full text-token-text-primary\" data-testid=\"conversation-turn-5\">\n<div class=\"px-4 py-2 justify-center text-base md:gap-6 m-auto\">\n<div class=\"flex flex-1 text-base mx-auto gap-3 md:px-5 lg:px-1 xl:px-5 md:max-w-3xl lg:max-w-[40rem] xl:max-w-[48rem] group final-completion\">\n<div class=\"relative flex w-full flex-col lg:w-[calc(100%-115px)] agent-turn\">\n<div class=\"flex-col gap-1 md:gap-3\">\n<div class=\"flex flex-grow flex-col max-w-full\">\n<div class=\"min-h-[20px] text-message flex flex-col items-start gap-3 whitespace-pre-wrap break-words [.text-message+&amp;]:mt-5 overflow-x-auto\" data-message-author-role=\"assistant\" data-message-id=\"ad37b744-6f31-4c1d-bba1-229f0697dbc2\">\n<div class=\"markdown prose w-full break-words dark:prose-invert light\">\n<h2>Opinie klient\u00f3w o Keto Matcha blue: fora po\u015bwi\u0119cone zdrowiu<\/h2>\n<p>W Polsce fora internetowe po\u015bwi\u0119cone zdrowiu ciesz\u0105 si\u0119 ogromn\u0105 popularno\u015bci\u0105. Ludzie wymieniaj\u0105 si\u0119 tam do\u015bwiadczeniami, radami oraz opiniami na temat r\u00f3\u017cnych suplement\u00f3w diety i metod odchudzania. W ostatnich latach zauwa\u017calny wzrost zainteresowania wzbudzi\u0142y produkty oparte na naturalnych sk\u0142adnikach, takie jak Keto Matcha blue. Dzi\u0119ki temu, na wielu portalach znajdziemy liczne recenzje i opinie na temat tego preparatu.<\/p>\n<p>Wi\u0119kszo\u015b\u0107 u\u017cytkownik\u00f3w opisuje pozytywne dzia\u0142anie Keto Matcha blue i jego skuteczno\u015b\u0107 w procesie odchudzania. Klienci podkre\u015blaj\u0105 r\u00f3wnie\u017c \u0142atwo\u015b\u0107 zakupu produktu oraz jego dost\u0119pno\u015b\u0107. Poni\u017cej przedstawiamy dwa opinie od u\u017cytkownik\u00f3w:<\/p>\n<ol>\n<li><strong>Anna S.<\/strong>: &#8222;Od kiedy zacz\u0119\u0142am stosowa\u0107 Keto Matcha blue, zauwa\u017cy\u0142am ogromn\u0105 popraw\u0119 w moim procesie odchudzania. Dodatkowo, czuj\u0119 si\u0119 pe\u0142na energii i zmotywowana do regularnych trening\u00f3w. Bardzo polecam!&#8221;<\/li>\n<li><strong>Piotr K.<\/strong>: &#8222;Jestem bardzo zadowolony z efekt\u00f3w, jakie przyni\u00f3s\u0142 mi Keto Matcha blue. Spadek wagi by\u0142 widoczny ju\u017c po kilku tygodniach stosowania, a dodatkowo czuj\u0119 si\u0119 znacznie lepiej. Bez w\u0105tpienia warto spr\u00f3bowa\u0107!&#8221;<\/li>\n<\/ol>\n<h2>Spos\u00f3b podawania i dawkowanie<\/h2>\n<p>Spos\u00f3b podawania i dawkowanie Keto Matcha blue jest niezwykle prosty. Preparat wyst\u0119puje w postaci por\u0119cznego proszku, kt\u00f3ry mo\u017cna \u0142atwo rozpu\u015bci\u0107 w wodzie, soku lub ulubionym napoju. Zalecana dzienna dawka to jedna porcja (ok. 5g) raz dziennie, najlepiej spo\u017cywana rano lub przed treningiem.<\/p>\n<h2>Kup teraz Keto Matcha blue z dostaw\u0105<\/h2>\n<p>Zakup Keto Matcha blue jest \u0142atwy i wygodny. Produkt dost\u0119pny jest do zakupu online na oficjalnej stronie producenta. Nie ma potrzeby dokonywania przedp\u0142at, poniewa\u017c p\u0142atno\u015b\u0107 odbywa si\u0119 wy\u0142\u0105cznie po otrzymaniu zam\u00f3wienia. Dzi\u0119ki temu, kupuj\u0105cy mog\u0105 mie\u0107 pewno\u015b\u0107, \u017ce otrzymaj\u0105 oryginalny produkt bez \u017cadnych ryzyk. Dostawa realizowana jest w ci\u0105gu 3-4 dni roboczych na terenie Polski, a zam\u00f3wienie potwierdza specjalista telefonicznie, kt\u00f3ry s\u0142u\u017cy tak\u017ce pomoc\u0105 w kwestiach dotycz\u0105cych dawkowania i dost\u0119pnych promocji.<\/p>\n<p style=\"text-align: center;\"><a href=\"https:\/\/mandarv.com\/ntCS?sub1=sub1&amp;sub2=sub2&amp;sub3=sub3&amp;sub4=sub4&amp;sub5=sub5\"><button>Zakup na stronie producenta (-50%)<\/button><\/a><\/p>\n<h2>Por\u00f3wnanie ofert: ceny i dost\u0119pno\u015b\u0107 Keto Matcha blue<\/h2>\n<p>Producenci Keto Matcha blue stawiaj\u0105 na bezpo\u015bredni\u0105 dost\u0119pno\u015b\u0107 dla klient\u00f3w, dlatego produkt mo\u017cna naby\u0107 wy\u0142\u0105cznie na oficjalnej stronie internetowej. Dzi\u0119ki temu unikamy po\u015brednik\u00f3w i dodatkowych koszt\u00f3w, a tak\u017ce mamy pewno\u015b\u0107 co do jako\u015bci produktu. Dodatkowo, warto regularnie sprawdza\u0107 dost\u0119pne promocje i rabaty, kt\u00f3re mog\u0105 zmniejszy\u0107 koszt zakupu. Warto zaznaczy\u0107, \u017ce Keto Matcha blue nie jest dost\u0119pny w stacjonarnych aptekach, co sprawia, \u017ce zakup online jest jedynym sposobem na jego nabycie.<\/p>\n<\/div>\n<\/div>\n<\/div>\n<\/div>\n<\/div>\n<\/div>\n<\/div>\n<\/div>\n<\/div>\n<\/div>\n<\/div>\n<\/div>\n","protected":false},"excerpt":{"rendered":"<p style=\"text-align: center;\"><a href=\"https:\/\/mandarv.com\/ntCS?sub1=sub1&amp;sub2=sub2&amp;sub3=sub3&amp;sub4=sub4&amp;sub5=sub5\"><button>Kup teraz<\/button><\/a><\/p>\n<p>SKU:\u00a0<span class=\"sku\">789.878.649<\/span><\/p>\n<hr \/>\n<p><small>Produkt sprzedawany jest wy\u0142\u0105cznie za po\u015brednictwem oficjalnej strony producenta, id\u017a i kupuj bezpiecznie!<\/small><\/p>\n","protected":false},"featured_media":301,"comment_status":"open","ping_status":"closed","template":"","meta":[],"product_brand":[],"product_cat":[15],"product_tag":[],"class_list":{"0":"post-300","1":"product","2":"type-product","3":"status-publish","4":"has-post-thumbnail","6":"product_cat-supl","7":"thunk-woo-product-list","8":"opn-qv-enable","9":"top-store-woo-hover-","10":"top-store-single-product-tab-horizontal","11":"top-store-shadow-","12":"top-store-shadow-hover-","14":"first","15":"instock","16":"sale","17":"shipping-taxable","18":"purchasable","19":"product-type-simple"},"yoast_head":"<!-- This site is optimized with the Yoast SEO plugin v27.4 - https:\/\/yoast.com\/product\/yoast-seo-wordpress\/ -->\n<title>Keto Matcha blue - kup suplement, cena w aptece, sk\u0142ad, dzia\u0142anie<\/title>\n<meta name=\"robots\" content=\"index, follow, max-snippet:-1, max-image-preview:large, max-video-preview:-1\" \/>\n<link rel=\"canonical\" href=\"https:\/\/lekarzeopole.pl\/wordpress\/product\/keto-matcha-blue\/\" \/>\n<meta property=\"og:locale\" content=\"pl_PL\" \/>\n<meta property=\"og:type\" content=\"article\" \/>\n<meta property=\"og:title\" content=\"Keto Matcha blue - kup suplement, cena w aptece, sk\u0142ad, dzia\u0142anie\" \/>\n<meta property=\"og:description\" content=\"Kup teraz SKU:\u00a0789.878.649    Produkt sprzedawany jest wy\u0142\u0105cznie za po\u015brednictwem oficjalnej strony producenta, id\u017a i kupuj bezpiecznie!\" \/>\n<meta property=\"og:url\" content=\"https:\/\/lekarzeopole.pl\/wordpress\/product\/keto-matcha-blue\/\" \/>\n<meta property=\"og:site_name\" content=\"Lekarze Opole\" \/>\n<meta property=\"article:modified_time\" content=\"2024-06-07T14:09:27+00:00\" \/>\n<meta property=\"og:image\" content=\"https:\/\/lekarzeopole.pl\/wordpress\/wp-content\/uploads\/2024\/02\/keto-matcha-blue.png\" \/>\n\t<meta property=\"og:image:width\" content=\"287\" \/>\n\t<meta property=\"og:image:height\" content=\"295\" \/>\n\t<meta property=\"og:image:type\" content=\"image\/png\" \/>\n<meta name=\"twitter:card\" content=\"summary_large_image\" \/>\n<meta name=\"twitter:label1\" content=\"Szacowany czas czytania\" \/>\n\t<meta name=\"twitter:data1\" content=\"6 minut\" \/>\n<script type=\"application\/ld+json\" class=\"yoast-schema-graph\">{\"@context\":\"https:\\\/\\\/schema.org\",\"@graph\":[{\"@type\":\"WebPage\",\"@id\":\"https:\\\/\\\/lekarzeopole.pl\\\/wordpress\\\/product\\\/keto-matcha-blue\\\/\",\"url\":\"https:\\\/\\\/lekarzeopole.pl\\\/wordpress\\\/product\\\/keto-matcha-blue\\\/\",\"name\":\"Keto Matcha blue - kup suplement, cena w aptece, sk\u0142ad, dzia\u0142anie\",\"isPartOf\":{\"@id\":\"https:\\\/\\\/lekarzeopole.pl\\\/wordpress\\\/#website\"},\"primaryImageOfPage\":{\"@id\":\"https:\\\/\\\/lekarzeopole.pl\\\/wordpress\\\/product\\\/keto-matcha-blue\\\/#primaryimage\"},\"image\":{\"@id\":\"https:\\\/\\\/lekarzeopole.pl\\\/wordpress\\\/product\\\/keto-matcha-blue\\\/#primaryimage\"},\"thumbnailUrl\":\"https:\\\/\\\/lekarzeopole.pl\\\/wordpress\\\/wp-content\\\/uploads\\\/2024\\\/02\\\/keto-matcha-blue.png\",\"datePublished\":\"2024-02-07T08:28:12+00:00\",\"dateModified\":\"2024-06-07T14:09:27+00:00\",\"breadcrumb\":{\"@id\":\"https:\\\/\\\/lekarzeopole.pl\\\/wordpress\\\/product\\\/keto-matcha-blue\\\/#breadcrumb\"},\"inLanguage\":\"pl-PL\",\"potentialAction\":[{\"@type\":\"ReadAction\",\"target\":[\"https:\\\/\\\/lekarzeopole.pl\\\/wordpress\\\/product\\\/keto-matcha-blue\\\/\"]}]},{\"@type\":\"ImageObject\",\"inLanguage\":\"pl-PL\",\"@id\":\"https:\\\/\\\/lekarzeopole.pl\\\/wordpress\\\/product\\\/keto-matcha-blue\\\/#primaryimage\",\"url\":\"https:\\\/\\\/lekarzeopole.pl\\\/wordpress\\\/wp-content\\\/uploads\\\/2024\\\/02\\\/keto-matcha-blue.png\",\"contentUrl\":\"https:\\\/\\\/lekarzeopole.pl\\\/wordpress\\\/wp-content\\\/uploads\\\/2024\\\/02\\\/keto-matcha-blue.png\",\"width\":287,\"height\":295,\"caption\":\"Keto Matcha blue\"},{\"@type\":\"BreadcrumbList\",\"@id\":\"https:\\\/\\\/lekarzeopole.pl\\\/wordpress\\\/product\\\/keto-matcha-blue\\\/#breadcrumb\",\"itemListElement\":[{\"@type\":\"ListItem\",\"position\":1,\"name\":\"\u0413\u043b\u0430\u0432\u043d\u0430\u044f \u0441\u0442\u0440\u0430\u043d\u0438\u0446\u0430\",\"item\":\"https:\\\/\\\/lekarzeopole.pl\\\/wordpress\\\/\"},{\"@type\":\"ListItem\",\"position\":2,\"name\":\"Zakup\",\"item\":\"https:\\\/\\\/lekarzeopole.pl\\\/wordpress\\\/\"},{\"@type\":\"ListItem\",\"position\":3,\"name\":\"Keto Matcha blue\"}]},{\"@type\":\"WebSite\",\"@id\":\"https:\\\/\\\/lekarzeopole.pl\\\/wordpress\\\/#website\",\"url\":\"https:\\\/\\\/lekarzeopole.pl\\\/wordpress\\\/\",\"name\":\"Lekarze Opole\",\"description\":\"\",\"potentialAction\":[{\"@type\":\"SearchAction\",\"target\":{\"@type\":\"EntryPoint\",\"urlTemplate\":\"https:\\\/\\\/lekarzeopole.pl\\\/wordpress\\\/?s={search_term_string}\"},\"query-input\":{\"@type\":\"PropertyValueSpecification\",\"valueRequired\":true,\"valueName\":\"search_term_string\"}}],\"inLanguage\":\"pl-PL\"}]}<\/script>\n<!-- \/ Yoast SEO plugin. -->","yoast_head_json":{"title":"Keto Matcha blue - kup suplement, cena w aptece, sk\u0142ad, dzia\u0142anie","robots":{"index":"index","follow":"follow","max-snippet":"max-snippet:-1","max-image-preview":"max-image-preview:large","max-video-preview":"max-video-preview:-1"},"canonical":"https:\/\/lekarzeopole.pl\/wordpress\/product\/keto-matcha-blue\/","og_locale":"pl_PL","og_type":"article","og_title":"Keto Matcha blue - kup suplement, cena w aptece, sk\u0142ad, dzia\u0142anie","og_description":"Kup teraz SKU:\u00a0789.878.649    Produkt sprzedawany jest wy\u0142\u0105cznie za po\u015brednictwem oficjalnej strony producenta, id\u017a i kupuj bezpiecznie!","og_url":"https:\/\/lekarzeopole.pl\/wordpress\/product\/keto-matcha-blue\/","og_site_name":"Lekarze Opole","article_modified_time":"2024-06-07T14:09:27+00:00","og_image":[{"width":287,"height":295,"url":"https:\/\/lekarzeopole.pl\/wordpress\/wp-content\/uploads\/2024\/02\/keto-matcha-blue.png","type":"image\/png"}],"twitter_card":"summary_large_image","twitter_misc":{"Szacowany czas czytania":"6 minut"},"schema":{"@context":"https:\/\/schema.org","@graph":[{"@type":"WebPage","@id":"https:\/\/lekarzeopole.pl\/wordpress\/product\/keto-matcha-blue\/","url":"https:\/\/lekarzeopole.pl\/wordpress\/product\/keto-matcha-blue\/","name":"Keto Matcha blue - kup suplement, cena w aptece, sk\u0142ad, dzia\u0142anie","isPartOf":{"@id":"https:\/\/lekarzeopole.pl\/wordpress\/#website"},"primaryImageOfPage":{"@id":"https:\/\/lekarzeopole.pl\/wordpress\/product\/keto-matcha-blue\/#primaryimage"},"image":{"@id":"https:\/\/lekarzeopole.pl\/wordpress\/product\/keto-matcha-blue\/#primaryimage"},"thumbnailUrl":"https:\/\/lekarzeopole.pl\/wordpress\/wp-content\/uploads\/2024\/02\/keto-matcha-blue.png","datePublished":"2024-02-07T08:28:12+00:00","dateModified":"2024-06-07T14:09:27+00:00","breadcrumb":{"@id":"https:\/\/lekarzeopole.pl\/wordpress\/product\/keto-matcha-blue\/#breadcrumb"},"inLanguage":"pl-PL","potentialAction":[{"@type":"ReadAction","target":["https:\/\/lekarzeopole.pl\/wordpress\/product\/keto-matcha-blue\/"]}]},{"@type":"ImageObject","inLanguage":"pl-PL","@id":"https:\/\/lekarzeopole.pl\/wordpress\/product\/keto-matcha-blue\/#primaryimage","url":"https:\/\/lekarzeopole.pl\/wordpress\/wp-content\/uploads\/2024\/02\/keto-matcha-blue.png","contentUrl":"https:\/\/lekarzeopole.pl\/wordpress\/wp-content\/uploads\/2024\/02\/keto-matcha-blue.png","width":287,"height":295,"caption":"Keto Matcha blue"},{"@type":"BreadcrumbList","@id":"https:\/\/lekarzeopole.pl\/wordpress\/product\/keto-matcha-blue\/#breadcrumb","itemListElement":[{"@type":"ListItem","position":1,"name":"\u0413\u043b\u0430\u0432\u043d\u0430\u044f \u0441\u0442\u0440\u0430\u043d\u0438\u0446\u0430","item":"https:\/\/lekarzeopole.pl\/wordpress\/"},{"@type":"ListItem","position":2,"name":"Zakup","item":"https:\/\/lekarzeopole.pl\/wordpress\/"},{"@type":"ListItem","position":3,"name":"Keto Matcha blue"}]},{"@type":"WebSite","@id":"https:\/\/lekarzeopole.pl\/wordpress\/#website","url":"https:\/\/lekarzeopole.pl\/wordpress\/","name":"Lekarze Opole","description":"","potentialAction":[{"@type":"SearchAction","target":{"@type":"EntryPoint","urlTemplate":"https:\/\/lekarzeopole.pl\/wordpress\/?s={search_term_string}"},"query-input":{"@type":"PropertyValueSpecification","valueRequired":true,"valueName":"search_term_string"}}],"inLanguage":"pl-PL"}]}},"_links":{"self":[{"href":"https:\/\/lekarzeopole.pl\/wordpress\/wp-json\/wp\/v2\/product\/300","targetHints":{"allow":["GET"]}}],"collection":[{"href":"https:\/\/lekarzeopole.pl\/wordpress\/wp-json\/wp\/v2\/product"}],"about":[{"href":"https:\/\/lekarzeopole.pl\/wordpress\/wp-json\/wp\/v2\/types\/product"}],"replies":[{"embeddable":true,"href":"https:\/\/lekarzeopole.pl\/wordpress\/wp-json\/wp\/v2\/comments?post=300"}],"wp:featuredmedia":[{"embeddable":true,"href":"https:\/\/lekarzeopole.pl\/wordpress\/wp-json\/wp\/v2\/media\/301"}],"wp:attachment":[{"href":"https:\/\/lekarzeopole.pl\/wordpress\/wp-json\/wp\/v2\/media?parent=300"}],"wp:term":[{"taxonomy":"product_brand","embeddable":true,"href":"https:\/\/lekarzeopole.pl\/wordpress\/wp-json\/wp\/v2\/product_brand?post=300"},{"taxonomy":"product_cat","embeddable":true,"href":"https:\/\/lekarzeopole.pl\/wordpress\/wp-json\/wp\/v2\/product_cat?post=300"},{"taxonomy":"product_tag","embeddable":true,"href":"https:\/\/lekarzeopole.pl\/wordpress\/wp-json\/wp\/v2\/product_tag?post=300"}],"curies":[{"name":"wp","href":"https:\/\/api.w.org\/{rel}","templated":true}]}}