{"id":298,"date":"2024-02-07T08:14:11","date_gmt":"2024-02-07T08:14:11","guid":{"rendered":"https:\/\/lekarzeopole.pl\/wordpress\/?post_type=product&#038;p=298"},"modified":"2025-05-01T19:24:34","modified_gmt":"2025-05-01T19:24:34","slug":"earlick-forte","status":"publish","type":"product","link":"https:\/\/lekarzeopole.pl\/wordpress\/product\/earlick-forte\/","title":{"rendered":"Earlick Forte"},"content":{"rendered":"<div class=\"w-full text-token-text-primary\" data-testid=\"conversation-turn-3\">\n<div class=\"px-4 py-2 justify-center text-base md:gap-6 m-auto\">\n<div class=\"flex flex-1 text-base mx-auto gap-3 md:px-5 lg:px-1 xl:px-5 md:max-w-3xl lg:max-w-[40rem] xl:max-w-[48rem] group\">\n<div class=\"relative flex w-full flex-col lg:w-[calc(100%-115px)] agent-turn\">\n<div class=\"flex-col gap-1 md:gap-3\">\n<div class=\"flex flex-grow flex-col max-w-full\">\n<div class=\"min-h-[20px] text-message flex flex-col items-start gap-3 whitespace-pre-wrap break-words [.text-message+&amp;]:mt-5 overflow-x-auto\" data-message-author-role=\"assistant\" data-message-id=\"1f44f39e-9b72-4107-a26d-2b7f676eb57a\">\n<div class=\"markdown prose w-full break-words dark:prose-invert light\">\n<p>Earlick Forte to innowacyjny preparat, stworzony z my\u015bl\u0105 o tych, kt\u00f3rzy do\u015bwiadczaj\u0105 r\u00f3\u017cnych problem\u00f3w ze s\u0142uchem. Osoby cierpi\u0105ce na redukcj\u0119 ha\u0142asu, trzask\u00f3w, czy pisk\u00f3w w uszach, a tak\u017ce odczuwaj\u0105ce dyskomfort zwi\u0105zany z zatkanym uchem lub g\u0142\u0119bokim zanieczyszczeniem kana\u0142u s\u0142uchowego, mog\u0105 znale\u017a\u0107 ulg\u0119 dzi\u0119ki regularnemu stosowaniu kapsu\u0142ek Earlick Forte. Ponadto, preparat polecany jest dla tych, kt\u00f3rzy chc\u0105 poprawi\u0107 wyrazisto\u015b\u0107, g\u0142o\u015bno\u015b\u0107 i zrozumia\u0142o\u015b\u0107 d\u017awi\u0119k\u00f3w nawet do 10 razy, oraz dla os\u00f3b, kt\u00f3re pragn\u0105 lepiej s\u0142ysze\u0107 zar\u00f3wno w wysokich, jak i niskich tonach. Dzi\u0119ki zdolno\u015bci &#8222;odbierania&#8221; ka\u017cdego d\u017awi\u0119ku z otoczenia, produkt umo\u017cliwia prowadzenie rozmowy w t\u0142umie czy nawet podczas jazdy samochodem, co sprawia, \u017ce codzienne \u017cycie staje si\u0119 bardziej komfortowe i przyjemne.<\/p>\n<h2>Sk\u0142ad i dzia\u0142anie sk\u0142adnik\u00f3w Earlick Forte<\/h2>\n<p>Skuteczno\u015b\u0107 Earlick Forte zawdzi\u0119cza si\u0119 starannie dobranym, naturalnym sk\u0142adnikom, kt\u00f3re wsp\u00f3\u0142dzia\u0142aj\u0105 ze sob\u0105, aby zapewni\u0107 kompleksow\u0105 popraw\u0119 jako\u015bci s\u0142uchu. G\u0142\u00f3wnymi sk\u0142adnikami preparatu s\u0105:<\/p>\n<ul>\n<li><strong>Olej z nasion dyni<\/strong>: Bogaty w cenne sk\u0142adniki od\u017cywcze, takie jak kwasy t\u0142uszczowe omega-3 i omega-6, witaminy oraz minera\u0142y, olej z nasion dyni wspomaga zdrowie ucha poprzez redukcj\u0119 stan\u00f3w zapalnych i zapewnienie odpowiedniego poziomu nawil\u017cenia.<\/li>\n<li><strong>Wyci\u0105g z czosnku<\/strong>: Czosnek od wiek\u00f3w znany jest ze swoich w\u0142a\u015bciwo\u015bci zdrowotnych, w tym r\u00f3wnie\u017c wp\u0142ywu na popraw\u0119 s\u0142uchu. Dzia\u0142a przeciwbakteryjnie i przeciwzapalnie, co mo\u017ce pom\u00f3c w eliminacji infekcji czy stan\u00f3w zapalnych ucha.<\/li>\n<li><strong>Ekstrakt z dziurawca<\/strong>: Dziurawiec to ro\u015blina o wielu w\u0142a\u015bciwo\u015bciach leczniczych, w tym antyseptycznych i przeciwbakteryjnych. Jego obecno\u015b\u0107 w Earlick Forte mo\u017ce pom\u00f3c w zwalczaniu infekcji ucha oraz redukcji dolegliwo\u015bci zwi\u0105zanych z zanieczyszczeniem kana\u0142u s\u0142uchowego.<\/li>\n<\/ul>\n<p style=\"text-align: center;\"><a href=\"https:\/\/keonv.com\/hBdS?sub1=sub1&amp;sub2=sub2&amp;sub3=sub3&amp;sub4=sub4&amp;sub5=sub5\"><button>www.earlick-forte.pl<\/button><\/a><\/p>\n<h2>Efekty Earlick Forte i ich charakterystyka<\/h2>\n<p>Regularne stosowanie kapsu\u0142ek Earlick Forte mo\u017ce przynie\u015b\u0107 szereg pozytywnych efekt\u00f3w dla zdrowia s\u0142uchu. Do najwa\u017cniejszych z nich nale\u017c\u0105:<\/p>\n<ul>\n<li><strong>Poprawa zdolno\u015bci s\u0142uchu<\/strong>: Dzi\u0119ki dzia\u0142aniu sk\u0142adnik\u00f3w preparatu, u\u017cytkownicy mog\u0105 do\u015bwiadczy\u0107 znacz\u0105cej poprawy zdolno\u015bci s\u0142uchu, co objawia si\u0119 lepsz\u0105 percepcj\u0105 d\u017awi\u0119k\u00f3w oraz wyra\u017aniejszym odbiorem mowy.<\/li>\n<li><strong>Redukcja ha\u0142asu i pisk\u00f3w<\/strong>: Osoby borykaj\u0105ce si\u0119 z niepo\u017c\u0105danymi d\u017awi\u0119kami, takimi jak ha\u0142as czy piski w uszach, mog\u0105 odczu\u0107 znaczn\u0105 ulg\u0119 po zastosowaniu Earlick Forte, poniewa\u017c preparat pomaga w redukcji tych dolegliwo\u015bci.<\/li>\n<li><strong>Zmniejszenie dyskomfortu<\/strong>: Dzi\u0119ki w\u0142a\u015bciwo\u015bciom przeciwzapalnym sk\u0142adnik\u00f3w, Earlick Forte mo\u017ce przynie\u015b\u0107 ulg\u0119 osobom cierpi\u0105cym na b\u00f3l lub dyskomfort zwi\u0105zany z infekcjami lub zatkanymi uszami.<\/li>\n<\/ul>\n<h2>Ryzyko skutk\u00f3w ubocznych<\/h2>\n<p>Jednym z najwi\u0119kszych atut\u00f3w Earlick Forte jest fakt, \u017ce jego formu\u0142a oparta jest na naturalnych sk\u0142adnikach, co minimalizuje ryzyko wyst\u0105pienia skutk\u00f3w ubocznych. Dzi\u0119ki temu preparat jest bezpieczny w stosowaniu dla wi\u0119kszo\u015bci os\u00f3b, nie powoduj\u0105c przy tym niepo\u017c\u0105danych reakcji alergicznych czy interakcji z innymi lekami. Niemniej jednak, jak w przypadku ka\u017cdego suplementu diety, zaleca si\u0119 skonsultowanie si\u0119 z lekarzem przed rozpocz\u0119ciem kuracji, szczeg\u00f3lnie dla os\u00f3b z chorobami przewlek\u0142ymi, kobiet w ci\u0105\u017cy oraz os\u00f3b przyjmuj\u0105cych regularnie leki.<\/p>\n<p><em>Earlick Forte to innowacyjny preparat, kt\u00f3ry mo\u017ce pom\u00f3c wielu osobom w poprawie jako\u015bci ich s\u0142uchu oraz przynie\u015b\u0107 ulg\u0119 w dolegliwo\u015bciach zwi\u0105zanych z uszami. Dzi\u0119ki starannie dobranym, naturalnym sk\u0142adnikom, preparat dzia\u0142a kompleksowo, redukuj\u0105c ha\u0142as, poprawiaj\u0105c zdolno\u015bci s\u0142uchu oraz zmniejszaj\u0105c dyskomfort zwi\u0105zany z infekcjami czy zatkanymi uszami. Bezpieczna formu\u0142a preparatu sprawia, \u017ce jest on godny polecenia dla ka\u017cdego, kto pragnie zadba\u0107 o swoje zdrowie s\u0142uchowe w naturalny spos\u00f3b. Jednak\u017ce, zaleca si\u0119 konsultacj\u0119 z lekarzem przed rozpocz\u0119ciem kuracji, aby upewni\u0107 si\u0119 co do odpowiedniego stosowania preparatu w indywidualnym przypadku ka\u017cdej osoby.<\/em><\/p>\n<\/div>\n<\/div>\n<\/div>\n<\/div>\n<\/div>\n<\/div>\n<\/div>\n<\/div>\n<div class=\"w-full text-token-text-primary\" data-testid=\"conversation-turn-5\">\n<div class=\"px-4 py-2 justify-center text-base md:gap-6 m-auto\">\n<div class=\"flex flex-1 text-base mx-auto gap-3 md:px-5 lg:px-1 xl:px-5 md:max-w-3xl lg:max-w-[40rem] xl:max-w-[48rem] group final-completion\">\n<div class=\"relative flex w-full flex-col lg:w-[calc(100%-115px)] agent-turn\">\n<div class=\"flex-col gap-1 md:gap-3\">\n<div class=\"flex flex-grow flex-col max-w-full\">\n<div class=\"min-h-[20px] text-message flex flex-col items-start gap-3 whitespace-pre-wrap break-words [.text-message+&amp;]:mt-5 overflow-x-auto\" data-message-author-role=\"assistant\" data-message-id=\"0b91c95d-886d-4dec-9057-05b3171b2b28\">\n<div class=\"markdown prose w-full break-words dark:prose-invert light\">\n<h2>Opinie klient\u00f3w o Earlick Forte: fora po\u015bwi\u0119cone zdrowiu<\/h2>\n<p>W Polsce, jak r\u00f3wnie\u017c w wielu innych krajach, fora internetowe po\u015bwi\u0119cone zdrowiu odgrywaj\u0105 kluczow\u0105 rol\u0119 w dzieleniu si\u0119 do\u015bwiadczeniami oraz opiniami na temat r\u00f3\u017cnych suplement\u00f3w i preparat\u00f3w zdrowotnych. W ostatnich latach mo\u017cemy zaobserwowa\u0107 wzrost zainteresowania suplementami poprawiaj\u0105cymi zdrowie s\u0142uchu, w tym r\u00f3wnie\u017c preparatem Earlick Forte.<\/p>\n<p>Ze wzgl\u0119du na rosn\u0105c\u0105 popularno\u015b\u0107 tego produktu, na wielu portalach internetowych mo\u017cna znale\u017a\u0107 liczne recenzje i opinie klient\u00f3w na jego temat. Wi\u0119kszo\u015b\u0107 u\u017cytkownik\u00f3w opisuje pozytywne dzia\u0142anie preparatu, podkre\u015blaj\u0105c popraw\u0119 jako\u015bci s\u0142uchu oraz ulg\u0119 w r\u00f3\u017cnych dolegliwo\u015bciach zwi\u0105zanych z uchem. Przyk\u0142adowe opinie u\u017cytkownik\u00f3w to:<\/p>\n<ul>\n<li><strong>Katarzyna:<\/strong> &#8222;Earlick Forte to rewelacyjny preparat! Po kilku tygodniach stosowania zauwa\u017cy\u0142am znaczn\u0105 popraw\u0119 mojego s\u0142uchu. Teraz mog\u0119 swobodnie uczestniczy\u0107 w rozmowach nawet w g\u0142o\u015bnym t\u0142umie. Polecam ka\u017cdemu, kto ma problemy ze s\u0142uchem!&#8221;<\/li>\n<li><strong>Piotr:<\/strong> &#8222;Jestem bardzo zadowolony z efekt\u00f3w stosowania Earlick Forte. Moje uszy by\u0142y cz\u0119sto zatkane, a ja cierpia\u0142em na piski i trzaski. Po kilku tygodniach regularnego przyjmowania kapsu\u0142ek, dolegliwo\u015bci te znikn\u0119\u0142y, a m\u00f3j s\u0142uch sta\u0142 si\u0119 o wiele lepszy!&#8221;<\/li>\n<\/ul>\n<h2>Spos\u00f3b podawania i dawkowanie<\/h2>\n<p>Dawkowanie preparatu Earlick Forte jest niezwykle proste i wygodne. Zaleca si\u0119 przyjmowanie jednej kapsu\u0142ki dwa razy dziennie, najlepiej przed posi\u0142kiem, popijaj\u0105c du\u017c\u0105 ilo\u015bci\u0105 wody. Przed u\u017cyciem zawsze warto zapozna\u0107 si\u0119 z informacj\u0105 zawart\u0105 na ulotce do\u0142\u0105czonej do opakowania, aby upewni\u0107 si\u0119 co do w\u0142a\u015bciwego sposobu stosowania.<\/p>\n<h2>Kup teraz Earlick Forte z dostaw\u0105<\/h2>\n<p>Zakup Earlick Forte jest \u0142atwy i wygodny dzi\u0119ki mo\u017cliwo\u015bci zam\u00f3wienia produktu online. Nie ma potrzeby p\u0142acenia za produkt z g\u00f3ry &#8211; op\u0142ata jest pobierana dopiero przy dostawie, co zapewnia bezpiecze\u0144stwo transakcji. Dostawa preparatu zajmuje zazwyczaj 3-4 dni robocze i obejmuje ca\u0142\u0105 Polsk\u0119. Po z\u0142o\u017ceniu zam\u00f3wienia, klient otrzymuje r\u00f3wnie\u017c potwierdzenie telefoniczne od specjalisty, kt\u00f3ry mo\u017ce udzieli\u0107 dodatkowych informacji na temat produktu oraz dost\u0119pnych promocji.<\/p>\n<p style=\"text-align: center;\"><a href=\"https:\/\/keonv.com\/hBdS?sub1=sub1&amp;sub2=sub2&amp;sub3=sub3&amp;sub4=sub4&amp;sub5=sub5\"><button>Zakup na stronie producenta (-50%)<\/button><\/a><\/p>\n<h2>Por\u00f3wnanie ofert: ceny i dost\u0119pno\u015b\u0107 Earlick Forte<\/h2>\n<p>Producenci Earlick Forte stawiaj\u0105 na bezpo\u015bredni\u0105 dost\u0119pno\u015b\u0107 dla klient\u00f3w, dlatego produkt mo\u017cna naby\u0107 bezpo\u015brednio na oficjalnej stronie internetowej producenta, eliminuj\u0105c po\u015brednik\u00f3w i dodatkowe mar\u017ce. Dodatkowo, na stronie internetowej regularnie pojawiaj\u0105 si\u0119 promocje i rabaty, kt\u00f3re warto \u015bledzi\u0107, aby skorzysta\u0107 z korzystnych ofert. Warto zaznaczy\u0107, \u017ce produkt nie jest dost\u0119pny w stacjonarnych aptekach, co dodatkowo podkre\u015bla unikalno\u015b\u0107 oferty producenta oraz gwarantuje oryginalno\u015b\u0107 produktu.<\/p>\n<\/div>\n<\/div>\n<\/div>\n<\/div>\n<\/div>\n<\/div>\n<\/div>\n<\/div>\n","protected":false},"excerpt":{"rendered":"<p style=\"text-align: center;\"><a href=\"https:\/\/keonv.com\/hBdS?sub1=sub1&amp;sub2=sub2&amp;sub3=sub3&amp;sub4=sub4&amp;sub5=sub5\"><button>Kup teraz<\/button><\/a><\/p>\n<p>SKU:\u00a0<span class=\"sku\">789.878.639<\/span><\/p>\n<hr \/>\n<p><small>Produkt sprzedawany jest wy\u0142\u0105cznie za po\u015brednictwem oficjalnej strony producenta, id\u017a i kupuj bezpiecznie!<\/small><\/p>\n","protected":false},"featured_media":1256,"comment_status":"open","ping_status":"closed","template":"","meta":[],"product_brand":[],"product_cat":[15],"product_tag":[],"class_list":{"0":"post-298","1":"product","2":"type-product","3":"status-publish","4":"has-post-thumbnail","6":"product_cat-supl","7":"thunk-woo-product-list","8":"opn-qv-enable","9":"top-store-woo-hover-","10":"top-store-single-product-tab-horizontal","11":"top-store-shadow-","12":"top-store-shadow-hover-","14":"first","15":"instock","16":"sale","17":"shipping-taxable","18":"purchasable","19":"product-type-simple"},"yoast_head":"<!-- This site is optimized with the Yoast SEO plugin v27.4 - https:\/\/yoast.com\/product\/yoast-seo-wordpress\/ -->\n<title>Earlick Forte - kup suplement, cena w aptece, sk\u0142ad, dzia\u0142anie<\/title>\n<meta name=\"robots\" content=\"index, follow, max-snippet:-1, max-image-preview:large, max-video-preview:-1\" \/>\n<link rel=\"canonical\" href=\"https:\/\/lekarzeopole.pl\/wordpress\/product\/earlick-forte\/\" \/>\n<meta property=\"og:locale\" content=\"pl_PL\" \/>\n<meta property=\"og:type\" content=\"article\" \/>\n<meta property=\"og:title\" content=\"Earlick Forte - kup suplement, cena w aptece, sk\u0142ad, dzia\u0142anie\" \/>\n<meta property=\"og:description\" content=\"Kup teraz SKU:\u00a0789.878.639    Produkt sprzedawany jest wy\u0142\u0105cznie za po\u015brednictwem oficjalnej strony producenta, id\u017a i kupuj bezpiecznie!\" \/>\n<meta property=\"og:url\" content=\"https:\/\/lekarzeopole.pl\/wordpress\/product\/earlick-forte\/\" \/>\n<meta property=\"og:site_name\" content=\"Lekarze Opole\" \/>\n<meta property=\"article:modified_time\" content=\"2025-05-01T19:24:34+00:00\" \/>\n<meta property=\"og:image\" content=\"https:\/\/lekarzeopole.pl\/wordpress\/wp-content\/uploads\/2024\/02\/earlick-forte-luchsh.png\" \/>\n\t<meta property=\"og:image:width\" content=\"1000\" \/>\n\t<meta property=\"og:image:height\" content=\"644\" \/>\n\t<meta property=\"og:image:type\" content=\"image\/png\" \/>\n<meta name=\"twitter:card\" content=\"summary_large_image\" \/>\n<meta name=\"twitter:label1\" content=\"Szacowany czas czytania\" \/>\n\t<meta name=\"twitter:data1\" content=\"6 minut\" \/>\n<script type=\"application\/ld+json\" class=\"yoast-schema-graph\">{\"@context\":\"https:\\\/\\\/schema.org\",\"@graph\":[{\"@type\":\"WebPage\",\"@id\":\"https:\\\/\\\/lekarzeopole.pl\\\/wordpress\\\/product\\\/earlick-forte\\\/\",\"url\":\"https:\\\/\\\/lekarzeopole.pl\\\/wordpress\\\/product\\\/earlick-forte\\\/\",\"name\":\"Earlick Forte - kup suplement, cena w aptece, sk\u0142ad, dzia\u0142anie\",\"isPartOf\":{\"@id\":\"https:\\\/\\\/lekarzeopole.pl\\\/wordpress\\\/#website\"},\"primaryImageOfPage\":{\"@id\":\"https:\\\/\\\/lekarzeopole.pl\\\/wordpress\\\/product\\\/earlick-forte\\\/#primaryimage\"},\"image\":{\"@id\":\"https:\\\/\\\/lekarzeopole.pl\\\/wordpress\\\/product\\\/earlick-forte\\\/#primaryimage\"},\"thumbnailUrl\":\"https:\\\/\\\/lekarzeopole.pl\\\/wordpress\\\/wp-content\\\/uploads\\\/2024\\\/02\\\/earlick-forte-luchsh.png\",\"datePublished\":\"2024-02-07T08:14:11+00:00\",\"dateModified\":\"2025-05-01T19:24:34+00:00\",\"breadcrumb\":{\"@id\":\"https:\\\/\\\/lekarzeopole.pl\\\/wordpress\\\/product\\\/earlick-forte\\\/#breadcrumb\"},\"inLanguage\":\"pl-PL\",\"potentialAction\":[{\"@type\":\"ReadAction\",\"target\":[\"https:\\\/\\\/lekarzeopole.pl\\\/wordpress\\\/product\\\/earlick-forte\\\/\"]}]},{\"@type\":\"ImageObject\",\"inLanguage\":\"pl-PL\",\"@id\":\"https:\\\/\\\/lekarzeopole.pl\\\/wordpress\\\/product\\\/earlick-forte\\\/#primaryimage\",\"url\":\"https:\\\/\\\/lekarzeopole.pl\\\/wordpress\\\/wp-content\\\/uploads\\\/2024\\\/02\\\/earlick-forte-luchsh.png\",\"contentUrl\":\"https:\\\/\\\/lekarzeopole.pl\\\/wordpress\\\/wp-content\\\/uploads\\\/2024\\\/02\\\/earlick-forte-luchsh.png\",\"width\":1000,\"height\":644,\"caption\":\"Earlick Forte\"},{\"@type\":\"BreadcrumbList\",\"@id\":\"https:\\\/\\\/lekarzeopole.pl\\\/wordpress\\\/product\\\/earlick-forte\\\/#breadcrumb\",\"itemListElement\":[{\"@type\":\"ListItem\",\"position\":1,\"name\":\"\u0413\u043b\u0430\u0432\u043d\u0430\u044f \u0441\u0442\u0440\u0430\u043d\u0438\u0446\u0430\",\"item\":\"https:\\\/\\\/lekarzeopole.pl\\\/wordpress\\\/\"},{\"@type\":\"ListItem\",\"position\":2,\"name\":\"Zakup\",\"item\":\"https:\\\/\\\/lekarzeopole.pl\\\/wordpress\\\/\"},{\"@type\":\"ListItem\",\"position\":3,\"name\":\"Earlick Forte\"}]},{\"@type\":\"WebSite\",\"@id\":\"https:\\\/\\\/lekarzeopole.pl\\\/wordpress\\\/#website\",\"url\":\"https:\\\/\\\/lekarzeopole.pl\\\/wordpress\\\/\",\"name\":\"Lekarze Opole\",\"description\":\"\",\"potentialAction\":[{\"@type\":\"SearchAction\",\"target\":{\"@type\":\"EntryPoint\",\"urlTemplate\":\"https:\\\/\\\/lekarzeopole.pl\\\/wordpress\\\/?s={search_term_string}\"},\"query-input\":{\"@type\":\"PropertyValueSpecification\",\"valueRequired\":true,\"valueName\":\"search_term_string\"}}],\"inLanguage\":\"pl-PL\"}]}<\/script>\n<!-- \/ Yoast SEO plugin. -->","yoast_head_json":{"title":"Earlick Forte - kup suplement, cena w aptece, sk\u0142ad, dzia\u0142anie","robots":{"index":"index","follow":"follow","max-snippet":"max-snippet:-1","max-image-preview":"max-image-preview:large","max-video-preview":"max-video-preview:-1"},"canonical":"https:\/\/lekarzeopole.pl\/wordpress\/product\/earlick-forte\/","og_locale":"pl_PL","og_type":"article","og_title":"Earlick Forte - kup suplement, cena w aptece, sk\u0142ad, dzia\u0142anie","og_description":"Kup teraz SKU:\u00a0789.878.639    Produkt sprzedawany jest wy\u0142\u0105cznie za po\u015brednictwem oficjalnej strony producenta, id\u017a i kupuj bezpiecznie!","og_url":"https:\/\/lekarzeopole.pl\/wordpress\/product\/earlick-forte\/","og_site_name":"Lekarze Opole","article_modified_time":"2025-05-01T19:24:34+00:00","og_image":[{"width":1000,"height":644,"url":"https:\/\/lekarzeopole.pl\/wordpress\/wp-content\/uploads\/2024\/02\/earlick-forte-luchsh.png","type":"image\/png"}],"twitter_card":"summary_large_image","twitter_misc":{"Szacowany czas czytania":"6 minut"},"schema":{"@context":"https:\/\/schema.org","@graph":[{"@type":"WebPage","@id":"https:\/\/lekarzeopole.pl\/wordpress\/product\/earlick-forte\/","url":"https:\/\/lekarzeopole.pl\/wordpress\/product\/earlick-forte\/","name":"Earlick Forte - kup suplement, cena w aptece, sk\u0142ad, dzia\u0142anie","isPartOf":{"@id":"https:\/\/lekarzeopole.pl\/wordpress\/#website"},"primaryImageOfPage":{"@id":"https:\/\/lekarzeopole.pl\/wordpress\/product\/earlick-forte\/#primaryimage"},"image":{"@id":"https:\/\/lekarzeopole.pl\/wordpress\/product\/earlick-forte\/#primaryimage"},"thumbnailUrl":"https:\/\/lekarzeopole.pl\/wordpress\/wp-content\/uploads\/2024\/02\/earlick-forte-luchsh.png","datePublished":"2024-02-07T08:14:11+00:00","dateModified":"2025-05-01T19:24:34+00:00","breadcrumb":{"@id":"https:\/\/lekarzeopole.pl\/wordpress\/product\/earlick-forte\/#breadcrumb"},"inLanguage":"pl-PL","potentialAction":[{"@type":"ReadAction","target":["https:\/\/lekarzeopole.pl\/wordpress\/product\/earlick-forte\/"]}]},{"@type":"ImageObject","inLanguage":"pl-PL","@id":"https:\/\/lekarzeopole.pl\/wordpress\/product\/earlick-forte\/#primaryimage","url":"https:\/\/lekarzeopole.pl\/wordpress\/wp-content\/uploads\/2024\/02\/earlick-forte-luchsh.png","contentUrl":"https:\/\/lekarzeopole.pl\/wordpress\/wp-content\/uploads\/2024\/02\/earlick-forte-luchsh.png","width":1000,"height":644,"caption":"Earlick Forte"},{"@type":"BreadcrumbList","@id":"https:\/\/lekarzeopole.pl\/wordpress\/product\/earlick-forte\/#breadcrumb","itemListElement":[{"@type":"ListItem","position":1,"name":"\u0413\u043b\u0430\u0432\u043d\u0430\u044f \u0441\u0442\u0440\u0430\u043d\u0438\u0446\u0430","item":"https:\/\/lekarzeopole.pl\/wordpress\/"},{"@type":"ListItem","position":2,"name":"Zakup","item":"https:\/\/lekarzeopole.pl\/wordpress\/"},{"@type":"ListItem","position":3,"name":"Earlick Forte"}]},{"@type":"WebSite","@id":"https:\/\/lekarzeopole.pl\/wordpress\/#website","url":"https:\/\/lekarzeopole.pl\/wordpress\/","name":"Lekarze Opole","description":"","potentialAction":[{"@type":"SearchAction","target":{"@type":"EntryPoint","urlTemplate":"https:\/\/lekarzeopole.pl\/wordpress\/?s={search_term_string}"},"query-input":{"@type":"PropertyValueSpecification","valueRequired":true,"valueName":"search_term_string"}}],"inLanguage":"pl-PL"}]}},"_links":{"self":[{"href":"https:\/\/lekarzeopole.pl\/wordpress\/wp-json\/wp\/v2\/product\/298","targetHints":{"allow":["GET"]}}],"collection":[{"href":"https:\/\/lekarzeopole.pl\/wordpress\/wp-json\/wp\/v2\/product"}],"about":[{"href":"https:\/\/lekarzeopole.pl\/wordpress\/wp-json\/wp\/v2\/types\/product"}],"replies":[{"embeddable":true,"href":"https:\/\/lekarzeopole.pl\/wordpress\/wp-json\/wp\/v2\/comments?post=298"}],"wp:featuredmedia":[{"embeddable":true,"href":"https:\/\/lekarzeopole.pl\/wordpress\/wp-json\/wp\/v2\/media\/1256"}],"wp:attachment":[{"href":"https:\/\/lekarzeopole.pl\/wordpress\/wp-json\/wp\/v2\/media?parent=298"}],"wp:term":[{"taxonomy":"product_brand","embeddable":true,"href":"https:\/\/lekarzeopole.pl\/wordpress\/wp-json\/wp\/v2\/product_brand?post=298"},{"taxonomy":"product_cat","embeddable":true,"href":"https:\/\/lekarzeopole.pl\/wordpress\/wp-json\/wp\/v2\/product_cat?post=298"},{"taxonomy":"product_tag","embeddable":true,"href":"https:\/\/lekarzeopole.pl\/wordpress\/wp-json\/wp\/v2\/product_tag?post=298"}],"curies":[{"name":"wp","href":"https:\/\/api.w.org\/{rel}","templated":true}]}}