{"id":296,"date":"2024-02-07T08:00:19","date_gmt":"2024-02-07T08:00:19","guid":{"rendered":"https:\/\/lekarzeopole.pl\/wordpress\/?post_type=product&#038;p=296"},"modified":"2025-02-05T20:16:58","modified_gmt":"2025-02-05T20:16:58","slug":"diaxil","status":"publish","type":"product","link":"https:\/\/lekarzeopole.pl\/wordpress\/product\/diaxil\/","title":{"rendered":"Diaxil"},"content":{"rendered":"<div class=\"w-full text-token-text-primary\" data-testid=\"conversation-turn-3\">\n<div class=\"px-4 py-2 justify-center text-base md:gap-6 m-auto\">\n<div class=\"flex flex-1 text-base mx-auto gap-3 md:px-5 lg:px-1 xl:px-5 md:max-w-3xl lg:max-w-[40rem] xl:max-w-[48rem] group\">\n<div class=\"relative flex w-full flex-col lg:w-[calc(100%-115px)] agent-turn\">\n<div class=\"flex-col gap-1 md:gap-3\">\n<div class=\"flex flex-grow flex-col max-w-full\">\n<div class=\"min-h-[20px] text-message flex flex-col items-start gap-3 whitespace-pre-wrap break-words [.text-message+&amp;]:mt-5 overflow-x-auto\" data-message-author-role=\"assistant\" data-message-id=\"10f3ed99-d630-42a1-a571-d99db9d062aa\">\n<div class=\"markdown prose w-full break-words dark:prose-invert light\">\n<p>Cukrzyca to powa\u017cna choroba, kt\u00f3ra wymaga kompleksowego podej\u015bcia do leczenia i kontroli. Wsp\u00f3\u0142czesna medycyna oferuje r\u00f3\u017cne metody zarz\u0105dzania cukrzyc\u0105, w tym tak\u017ce suplementy diety, kt\u00f3re mog\u0105 wspomaga\u0107 leczenie i poprawia\u0107 stan zdrowia pacjenta. Jednym z takich preparat\u00f3w jest Diaxil &#8211; innowacyjne kapsu\u0142ki oparte na naturalnych sk\u0142adnikach, kt\u00f3re maj\u0105 za zadanie wspiera\u0107 funkcjonowanie organizmu w walce z cukrzyc\u0105 i jej powik\u0142aniami.<\/p>\n<h2>Wskazania do stosowania Diaxil<\/h2>\n<p>Diaxil jest zalecany przede wszystkim dla os\u00f3b cierpi\u0105cych na cukrzyc\u0119 typu 2. Preparat ten mo\u017ce by\u0107 tak\u017ce stosowany u os\u00f3b z predyspozycjami do cukrzycy oraz jako wsparcie w profilaktyce tej choroby. Osoby z problemami z nadwag\u0105 lub oty\u0142o\u015bci\u0105 r\u00f3wnie\u017c mog\u0105 skorzysta\u0107 z dzia\u0142ania Diaxil, poniewa\u017c preparat ten pomaga w utracie wagi poprzez kontrol\u0119 apetytu na s\u0142odycze i przyczynia si\u0119 do redukcji masy cia\u0142a.<\/p>\n<h2>Sk\u0142ad i dzia\u0142anie sk\u0142adnik\u00f3w Diaxil<\/h2>\n<p>Sk\u0142adniki zawarte w Diaxil zosta\u0142y starannie dobrane, aby zapewni\u0107 jak najwi\u0119ksz\u0105 skuteczno\u015b\u0107 w walce z cukrzyc\u0105 i jej skutkami. G\u0142\u00f3wne sk\u0142adniki preparatu to substancje ro\u015blinne o udowodnionym dzia\u0142aniu przeciwcukrzycowym i wspomagaj\u0105cym funkcjonowanie organizmu. Niekt\u00f3re z g\u0142\u00f3wnych sk\u0142adnik\u00f3w to:<\/p>\n<ol>\n<li><strong>Ekstrakt z cynamonu<\/strong> &#8211; znany ze swoich w\u0142a\u015bciwo\u015bci obni\u017caj\u0105cych poziom cukru we krwi oraz poprawiaj\u0105cych wra\u017cliwo\u015b\u0107 kom\u00f3rek na insulin\u0119.<\/li>\n<li><strong>Ekstrakt z mniszka lekarskiego<\/strong> &#8211; wspomaga regeneracj\u0119 trzustki oraz poprawia produkcj\u0119 insuliny przez kom\u00f3rki beta.<\/li>\n<li><strong>Ekstrakt z owoc\u00f3w gorzkiej melonki<\/strong> &#8211; reguluje poziom glukozy we krwi poprzez zwi\u0119kszenie wydzielania insuliny i zmniejszenie oporno\u015bci na insulin\u0119.<\/li>\n<li><strong>Ekstrakt z li\u015bci morwy bia\u0142ej<\/strong> &#8211; obni\u017ca poziom cukru we krwi poprzez hamowanie wch\u0142aniania glukozy z przewodu pokarmowego.<\/li>\n<li><strong>Ekstrakt z karczocha<\/strong> &#8211; wspomaga funkcjonowanie w\u0105troby i przyspiesza procesy trawienne, co mo\u017ce korzystnie wp\u0142ywa\u0107 na metabolizm glukozy.<\/li>\n<\/ol>\n<p>Dzia\u0142anie sk\u0142adnik\u00f3w Diaxil jest kompleksowe &#8211; nie tylko pomagaj\u0105 one w regulacji poziomu cukru we krwi, ale tak\u017ce wspieraj\u0105 inne funkcje organizmu, takie jak regeneracja trzustki, poprawa pracy w\u0105troby czy uk\u0142adu nerwowego.<\/p>\n<p style=\"text-align: center;\"><a href=\"https:\/\/tl-track.com\/tracker\/uBUP\"><button>www.diaxil.pl<\/button><\/a><\/p>\n<h2>Efekty Diaxil i ich charakterystyka<\/h2>\n<p>Regularne stosowanie Diaxil mo\u017ce przynie\u015b\u0107 wiele korzy\u015bci dla zdrowia pacjenta. Niekt\u00f3re z g\u0142\u00f3wnych efekt\u00f3w dzia\u0142ania tego preparatu to:<\/p>\n<ol>\n<li><strong>Stabilizacja poziomu cukru we krwi<\/strong> &#8211; sk\u0142adniki Diaxil pomagaj\u0105 w utrzymaniu r\u00f3wnowagi glikemicznej, co jest kluczowe w leczeniu cukrzycy.<\/li>\n<li><strong>Redukcja objaw\u00f3w cukrzycy<\/strong> &#8211; Diaxil mo\u017ce pom\u00f3c w zmniejszeniu objaw\u00f3w charakterystycznych dla cukrzycy, takich jak nadmierna pragnienie, cz\u0119ste oddawanie moczu czy zm\u0119czenie.<\/li>\n<li><strong>Poprawa funkcji trzustki<\/strong> &#8211; sk\u0142adniki Diaxil wspieraj\u0105 regeneracj\u0119 kom\u00f3rek trzustki, co mo\u017ce przyczyni\u0107 si\u0119 do zwi\u0119kszenia produkcji insuliny.<\/li>\n<li><strong>Kontrola masy cia\u0142a<\/strong> &#8211; Diaxil mo\u017ce pom\u00f3c w utracie wagi poprzez zmniejszenie apetytu na s\u0142odycze i regulacj\u0119 metabolizmu.<\/li>\n<li><strong>Og\u00f3lna poprawa stanu zdrowia<\/strong> &#8211; dzi\u0119ki kompleksowemu dzia\u0142aniu sk\u0142adnik\u00f3w, Diaxil mo\u017ce przyczyni\u0107 si\u0119 do poprawy og\u00f3lnego stanu zdrowia pacjenta, eliminuj\u0105c r\u00f3wnie\u017c inne problemy zdrowotne zwi\u0105zane z cukrzyc\u0105, takie jak nadci\u015bnienie t\u0119tnicze czy problemy z uk\u0142adem nerwowym.<\/li>\n<\/ol>\n<h2>Ryzyko skutk\u00f3w ubocznych<\/h2>\n<p>Diaxil jest preparatem opartym na naturalnych sk\u0142adnikach ro\u015blinnych, dlatego ryzyko wyst\u0105pienia skutk\u00f3w ubocznych jest minimalne. Sk\u0142adniki zawarte w Diaxil s\u0105 starannie wyselekcjonowane i przebadane pod k\u0105tem bezpiecze\u0144stwa dla zdrowia pacjenta. Niemniej jednak, przed rozpocz\u0119ciem stosowania preparatu zawsze zaleca si\u0119 skonsultowanie si\u0119 z lekarzem, zw\u0142aszcza w przypadku os\u00f3b przyjmuj\u0105cych inne leki lub maj\u0105cych inne schorzenia.<\/p>\n<p><em>Diaxil jest innowacyjnym preparatem, kt\u00f3ry mo\u017ce stanowi\u0107 skuteczne wsparcie w leczeniu cukrzycy i poprawie stanu zdrowia pacjenta. Dzi\u0119ki starannie dobranym sk\u0142adnikom ro\u015blinnym, Diaxil dzia\u0142a kompleksowo, eliminuj\u0105c przyczyny choroby i poprawiaj\u0105c og\u00f3lny stan zdrowia organizmu. Niemniej jednak, zawsze przed rozpocz\u0119ciem stosowania preparatu warto skonsultowa\u0107 si\u0119 z lekarzem, aby dobra\u0107 odpowiedni\u0105 dawk\u0119 i unikn\u0105\u0107 ewentualnych interakcji z innymi lekami.<\/em><\/p>\n<\/div>\n<\/div>\n<\/div>\n<\/div>\n<\/div>\n<\/div>\n<\/div>\n<\/div>\n<div class=\"w-full text-token-text-primary\" data-testid=\"conversation-turn-5\">\n<div class=\"px-4 py-2 justify-center text-base md:gap-6 m-auto\">\n<div class=\"flex flex-1 text-base mx-auto gap-3 md:px-5 lg:px-1 xl:px-5 md:max-w-3xl lg:max-w-[40rem] xl:max-w-[48rem] group final-completion\">\n<div class=\"relative flex w-full flex-col lg:w-[calc(100%-115px)] agent-turn\">\n<div class=\"flex-col gap-1 md:gap-3\">\n<div class=\"flex flex-grow flex-col max-w-full\">\n<div class=\"min-h-[20px] text-message flex flex-col items-start gap-3 whitespace-pre-wrap break-words [.text-message+&amp;]:mt-5 overflow-x-auto\" data-message-author-role=\"assistant\" data-message-id=\"29d962f3-39c5-4cff-9021-3594f64fd978\">\n<div class=\"markdown prose w-full break-words dark:prose-invert light\">\n<h2>Opinie klient\u00f3w o Diaxil: fora po\u015bwi\u0119cone zdrowiu<\/h2>\n<p>W Polsce fora internetowe po\u015bwi\u0119cone zdrowiu ciesz\u0105 si\u0119 ogromn\u0105 popularno\u015bci\u0105, stanowi\u0105c cenne \u017ar\u00f3d\u0142o informacji dla os\u00f3b poszukuj\u0105cych skutecznych metod leczenia r\u00f3\u017cnych schorze\u0144. Diaxil, b\u0119d\u0105c innowacyjnym preparatem wspomagaj\u0105cym walk\u0119 z cukrzyc\u0105, r\u00f3wnie\u017c zdoby\u0142 uznanie w\u015br\u00f3d u\u017cytkownik\u00f3w tych platform. Wielu u\u017cytkownik\u00f3w dzieli si\u0119 swoimi do\u015bwiadczeniami zwi\u0105zanych z przyjmowaniem Diaxil i wi\u0119kszo\u015b\u0107 z nich opisuje pozytywne efekty dzia\u0142ania preparatu oraz jego dost\u0119pno\u015b\u0107.<\/p>\n<p>Oto kilka opinii od u\u017cytkownik\u00f3w Diaxil:<\/p>\n<ol>\n<li><strong>Anna:<\/strong> &#8222;Od wielu lat zmaga\u0142am si\u0119 z cukrzyc\u0105 i pr\u00f3bowa\u0142am r\u00f3\u017cnych metod leczenia. Dopiero po zastosowaniu Diaxil zauwa\u017cy\u0142am znaczn\u0105 popraw\u0119 mojego stanu zdrowia. Moje poziomy cukru we krwi s\u0105 stabilne, czuj\u0119 si\u0119 lepiej i mam wi\u0119cej energii. Polecam ten preparat ka\u017cdemu, kto boryka si\u0119 z cukrzyc\u0105.&#8221;<\/li>\n<li><strong>Piotr:<\/strong> &#8222;Diaxil okaza\u0142 si\u0119 dla mnie strza\u0142em w dziesi\u0105tk\u0119. Po kilku tygodniach stosowania zauwa\u017cy\u0142em zmniejszenie mojego apetytu na s\u0142odycze, co by\u0142o dla mnie ogromnym problemem. Teraz mog\u0119 kontrolowa\u0107 swoj\u0105 diet\u0119 i czuj\u0119 si\u0119 du\u017co lepiej. Polecam ka\u017cdemu z cukrzyc\u0105 typu 2!&#8221;<\/li>\n<\/ol>\n<h2>Spos\u00f3b podawania i dawkowanie<\/h2>\n<p>Diaxil wyst\u0119puje w postaci \u0142atwych do po\u0142kni\u0119cia kapsu\u0142ek, co u\u0142atwia jego stosowanie. Zalecana dawka preparatu to jedna kapsu\u0142ka dziennie, najlepiej podczas posi\u0142ku. Regularne stosowanie Diaxil jest kluczowe dla uzyskania najlepszych efekt\u00f3w w leczeniu cukrzycy i poprawie og\u00f3lnego stanu zdrowia.<\/p>\n<p style=\"text-align: center;\"><a href=\"https:\/\/tl-track.com\/tracker\/uBUP\"><button>Zakup na stronie producenta (-50%)<\/button><\/a><\/p>\n<h2>Kup teraz Diaxil z dostaw\u0105<\/h2>\n<p>Zakup Diaxil jest bardzo prosty i wygodny. Preparat mo\u017cna naby\u0107 online, bez konieczno\u015bci op\u0142acania go z g\u00f3ry. P\u0142atno\u015b\u0107 za produkt odbywa si\u0119 dopiero przy odbiorze przesy\u0142ki, co daje gwarancj\u0119, \u017ce klient otrzyma oryginalny produkt bez ryzyka oszustwa. Dostawa Diaxil zazwyczaj trwa 3-4 dni robocze, co oznacza, \u017ce klient mo\u017ce szybko rozpocz\u0105\u0107 leczenie. Po z\u0142o\u017ceniu zam\u00f3wienia klient otrzymuje potwierdzenie telefoniczne od specjalisty, kt\u00f3ry mo\u017ce udzieli\u0107 dodatkowych informacji na temat produktu oraz dost\u0119pnych promocji.<\/p>\n<h2>Por\u00f3wnanie ofert: ceny i dost\u0119pno\u015b\u0107 Diaxil<\/h2>\n<p>Producenci Diaxil stawiaj\u0105 na dost\u0119pno\u015b\u0107 dla klient\u00f3w, dlatego preparat mo\u017cna zakupi\u0107 bezpo\u015brednio na oficjalnej stronie producenta, bez po\u015brednik\u00f3w i dodatkowych op\u0142at. Dodatkowo, producent regularnie oferuje atrakcyjne rabaty i promocje, kt\u00f3re warto \u015bledzi\u0107. Ze wzgl\u0119du na polityk\u0119 sprzeda\u017cy, Diaxil nie jest dost\u0119pny w stacjonarnych aptekach, co gwarantuje klientowi oryginalno\u015b\u0107 produktu oraz konkurencyjn\u0105 cen\u0119.<\/p>\n<\/div>\n<\/div>\n<\/div>\n<\/div>\n<\/div>\n<\/div>\n<\/div>\n<\/div>\n","protected":false},"excerpt":{"rendered":"<p style=\"text-align: center;\"><a href=\"https:\/\/tl-track.com\/tracker\/uBUP\"><button>Kup teraz<\/button><\/a><\/p>\n<p>SKU:\u00a0<span class=\"sku\">789.878.629<\/span><\/p>\n<hr \/>\n<p><small>Produkt sprzedawany jest wy\u0142\u0105cznie za po\u015brednictwem oficjalnej strony producenta, id\u017a i kupuj bezpiecznie!<\/small><\/p>\n","protected":false},"featured_media":297,"comment_status":"open","ping_status":"closed","template":"","meta":[],"product_brand":[],"product_cat":[15],"product_tag":[],"class_list":{"0":"post-296","1":"product","2":"type-product","3":"status-publish","4":"has-post-thumbnail","6":"product_cat-supl","7":"thunk-woo-product-list","8":"opn-qv-enable","9":"top-store-woo-hover-","10":"top-store-single-product-tab-horizontal","11":"top-store-shadow-","12":"top-store-shadow-hover-","14":"first","15":"instock","16":"shipping-taxable","17":"purchasable","18":"product-type-simple"},"yoast_head":"<!-- This site is optimized with the Yoast SEO plugin v27.4 - https:\/\/yoast.com\/product\/yoast-seo-wordpress\/ -->\n<title>Diaxil - kup suplement, cena w aptece, sk\u0142ad, dzia\u0142anie<\/title>\n<meta name=\"robots\" content=\"index, follow, max-snippet:-1, max-image-preview:large, max-video-preview:-1\" \/>\n<link rel=\"canonical\" href=\"https:\/\/lekarzeopole.pl\/wordpress\/product\/diaxil\/\" \/>\n<meta property=\"og:locale\" content=\"pl_PL\" \/>\n<meta property=\"og:type\" content=\"article\" \/>\n<meta property=\"og:title\" content=\"Diaxil - kup suplement, cena w aptece, sk\u0142ad, dzia\u0142anie\" \/>\n<meta property=\"og:description\" content=\"Kup teraz SKU:\u00a0789.878.629    Produkt sprzedawany jest wy\u0142\u0105cznie za po\u015brednictwem oficjalnej strony producenta, id\u017a i kupuj bezpiecznie!\" \/>\n<meta property=\"og:url\" content=\"https:\/\/lekarzeopole.pl\/wordpress\/product\/diaxil\/\" \/>\n<meta property=\"og:site_name\" content=\"Lekarze Opole\" \/>\n<meta property=\"article:modified_time\" content=\"2025-02-05T20:16:58+00:00\" \/>\n<meta property=\"og:image\" content=\"https:\/\/lekarzeopole.pl\/wordpress\/wp-content\/uploads\/2024\/02\/diaxil.png\" \/>\n\t<meta property=\"og:image:width\" content=\"429\" \/>\n\t<meta property=\"og:image:height\" content=\"466\" \/>\n\t<meta property=\"og:image:type\" content=\"image\/png\" \/>\n<meta name=\"twitter:card\" content=\"summary_large_image\" \/>\n<meta name=\"twitter:label1\" content=\"Szacowany czas czytania\" \/>\n\t<meta name=\"twitter:data1\" content=\"6 minut\" \/>\n<script type=\"application\/ld+json\" class=\"yoast-schema-graph\">{\"@context\":\"https:\\\/\\\/schema.org\",\"@graph\":[{\"@type\":\"WebPage\",\"@id\":\"https:\\\/\\\/lekarzeopole.pl\\\/wordpress\\\/product\\\/diaxil\\\/\",\"url\":\"https:\\\/\\\/lekarzeopole.pl\\\/wordpress\\\/product\\\/diaxil\\\/\",\"name\":\"Diaxil - kup suplement, cena w aptece, sk\u0142ad, dzia\u0142anie\",\"isPartOf\":{\"@id\":\"https:\\\/\\\/lekarzeopole.pl\\\/wordpress\\\/#website\"},\"primaryImageOfPage\":{\"@id\":\"https:\\\/\\\/lekarzeopole.pl\\\/wordpress\\\/product\\\/diaxil\\\/#primaryimage\"},\"image\":{\"@id\":\"https:\\\/\\\/lekarzeopole.pl\\\/wordpress\\\/product\\\/diaxil\\\/#primaryimage\"},\"thumbnailUrl\":\"https:\\\/\\\/lekarzeopole.pl\\\/wordpress\\\/wp-content\\\/uploads\\\/2024\\\/02\\\/diaxil.png\",\"datePublished\":\"2024-02-07T08:00:19+00:00\",\"dateModified\":\"2025-02-05T20:16:58+00:00\",\"breadcrumb\":{\"@id\":\"https:\\\/\\\/lekarzeopole.pl\\\/wordpress\\\/product\\\/diaxil\\\/#breadcrumb\"},\"inLanguage\":\"pl-PL\",\"potentialAction\":[{\"@type\":\"ReadAction\",\"target\":[\"https:\\\/\\\/lekarzeopole.pl\\\/wordpress\\\/product\\\/diaxil\\\/\"]}]},{\"@type\":\"ImageObject\",\"inLanguage\":\"pl-PL\",\"@id\":\"https:\\\/\\\/lekarzeopole.pl\\\/wordpress\\\/product\\\/diaxil\\\/#primaryimage\",\"url\":\"https:\\\/\\\/lekarzeopole.pl\\\/wordpress\\\/wp-content\\\/uploads\\\/2024\\\/02\\\/diaxil.png\",\"contentUrl\":\"https:\\\/\\\/lekarzeopole.pl\\\/wordpress\\\/wp-content\\\/uploads\\\/2024\\\/02\\\/diaxil.png\",\"width\":429,\"height\":466,\"caption\":\"Diaxil\"},{\"@type\":\"BreadcrumbList\",\"@id\":\"https:\\\/\\\/lekarzeopole.pl\\\/wordpress\\\/product\\\/diaxil\\\/#breadcrumb\",\"itemListElement\":[{\"@type\":\"ListItem\",\"position\":1,\"name\":\"\u0413\u043b\u0430\u0432\u043d\u0430\u044f \u0441\u0442\u0440\u0430\u043d\u0438\u0446\u0430\",\"item\":\"https:\\\/\\\/lekarzeopole.pl\\\/wordpress\\\/\"},{\"@type\":\"ListItem\",\"position\":2,\"name\":\"Zakup\",\"item\":\"https:\\\/\\\/lekarzeopole.pl\\\/wordpress\\\/\"},{\"@type\":\"ListItem\",\"position\":3,\"name\":\"Diaxil\"}]},{\"@type\":\"WebSite\",\"@id\":\"https:\\\/\\\/lekarzeopole.pl\\\/wordpress\\\/#website\",\"url\":\"https:\\\/\\\/lekarzeopole.pl\\\/wordpress\\\/\",\"name\":\"Lekarze Opole\",\"description\":\"\",\"potentialAction\":[{\"@type\":\"SearchAction\",\"target\":{\"@type\":\"EntryPoint\",\"urlTemplate\":\"https:\\\/\\\/lekarzeopole.pl\\\/wordpress\\\/?s={search_term_string}\"},\"query-input\":{\"@type\":\"PropertyValueSpecification\",\"valueRequired\":true,\"valueName\":\"search_term_string\"}}],\"inLanguage\":\"pl-PL\"}]}<\/script>\n<!-- \/ Yoast SEO plugin. -->","yoast_head_json":{"title":"Diaxil - kup suplement, cena w aptece, sk\u0142ad, dzia\u0142anie","robots":{"index":"index","follow":"follow","max-snippet":"max-snippet:-1","max-image-preview":"max-image-preview:large","max-video-preview":"max-video-preview:-1"},"canonical":"https:\/\/lekarzeopole.pl\/wordpress\/product\/diaxil\/","og_locale":"pl_PL","og_type":"article","og_title":"Diaxil - kup suplement, cena w aptece, sk\u0142ad, dzia\u0142anie","og_description":"Kup teraz SKU:\u00a0789.878.629    Produkt sprzedawany jest wy\u0142\u0105cznie za po\u015brednictwem oficjalnej strony producenta, id\u017a i kupuj bezpiecznie!","og_url":"https:\/\/lekarzeopole.pl\/wordpress\/product\/diaxil\/","og_site_name":"Lekarze Opole","article_modified_time":"2025-02-05T20:16:58+00:00","og_image":[{"width":429,"height":466,"url":"https:\/\/lekarzeopole.pl\/wordpress\/wp-content\/uploads\/2024\/02\/diaxil.png","type":"image\/png"}],"twitter_card":"summary_large_image","twitter_misc":{"Szacowany czas czytania":"6 minut"},"schema":{"@context":"https:\/\/schema.org","@graph":[{"@type":"WebPage","@id":"https:\/\/lekarzeopole.pl\/wordpress\/product\/diaxil\/","url":"https:\/\/lekarzeopole.pl\/wordpress\/product\/diaxil\/","name":"Diaxil - kup suplement, cena w aptece, sk\u0142ad, dzia\u0142anie","isPartOf":{"@id":"https:\/\/lekarzeopole.pl\/wordpress\/#website"},"primaryImageOfPage":{"@id":"https:\/\/lekarzeopole.pl\/wordpress\/product\/diaxil\/#primaryimage"},"image":{"@id":"https:\/\/lekarzeopole.pl\/wordpress\/product\/diaxil\/#primaryimage"},"thumbnailUrl":"https:\/\/lekarzeopole.pl\/wordpress\/wp-content\/uploads\/2024\/02\/diaxil.png","datePublished":"2024-02-07T08:00:19+00:00","dateModified":"2025-02-05T20:16:58+00:00","breadcrumb":{"@id":"https:\/\/lekarzeopole.pl\/wordpress\/product\/diaxil\/#breadcrumb"},"inLanguage":"pl-PL","potentialAction":[{"@type":"ReadAction","target":["https:\/\/lekarzeopole.pl\/wordpress\/product\/diaxil\/"]}]},{"@type":"ImageObject","inLanguage":"pl-PL","@id":"https:\/\/lekarzeopole.pl\/wordpress\/product\/diaxil\/#primaryimage","url":"https:\/\/lekarzeopole.pl\/wordpress\/wp-content\/uploads\/2024\/02\/diaxil.png","contentUrl":"https:\/\/lekarzeopole.pl\/wordpress\/wp-content\/uploads\/2024\/02\/diaxil.png","width":429,"height":466,"caption":"Diaxil"},{"@type":"BreadcrumbList","@id":"https:\/\/lekarzeopole.pl\/wordpress\/product\/diaxil\/#breadcrumb","itemListElement":[{"@type":"ListItem","position":1,"name":"\u0413\u043b\u0430\u0432\u043d\u0430\u044f \u0441\u0442\u0440\u0430\u043d\u0438\u0446\u0430","item":"https:\/\/lekarzeopole.pl\/wordpress\/"},{"@type":"ListItem","position":2,"name":"Zakup","item":"https:\/\/lekarzeopole.pl\/wordpress\/"},{"@type":"ListItem","position":3,"name":"Diaxil"}]},{"@type":"WebSite","@id":"https:\/\/lekarzeopole.pl\/wordpress\/#website","url":"https:\/\/lekarzeopole.pl\/wordpress\/","name":"Lekarze Opole","description":"","potentialAction":[{"@type":"SearchAction","target":{"@type":"EntryPoint","urlTemplate":"https:\/\/lekarzeopole.pl\/wordpress\/?s={search_term_string}"},"query-input":{"@type":"PropertyValueSpecification","valueRequired":true,"valueName":"search_term_string"}}],"inLanguage":"pl-PL"}]}},"_links":{"self":[{"href":"https:\/\/lekarzeopole.pl\/wordpress\/wp-json\/wp\/v2\/product\/296","targetHints":{"allow":["GET"]}}],"collection":[{"href":"https:\/\/lekarzeopole.pl\/wordpress\/wp-json\/wp\/v2\/product"}],"about":[{"href":"https:\/\/lekarzeopole.pl\/wordpress\/wp-json\/wp\/v2\/types\/product"}],"replies":[{"embeddable":true,"href":"https:\/\/lekarzeopole.pl\/wordpress\/wp-json\/wp\/v2\/comments?post=296"}],"wp:featuredmedia":[{"embeddable":true,"href":"https:\/\/lekarzeopole.pl\/wordpress\/wp-json\/wp\/v2\/media\/297"}],"wp:attachment":[{"href":"https:\/\/lekarzeopole.pl\/wordpress\/wp-json\/wp\/v2\/media?parent=296"}],"wp:term":[{"taxonomy":"product_brand","embeddable":true,"href":"https:\/\/lekarzeopole.pl\/wordpress\/wp-json\/wp\/v2\/product_brand?post=296"},{"taxonomy":"product_cat","embeddable":true,"href":"https:\/\/lekarzeopole.pl\/wordpress\/wp-json\/wp\/v2\/product_cat?post=296"},{"taxonomy":"product_tag","embeddable":true,"href":"https:\/\/lekarzeopole.pl\/wordpress\/wp-json\/wp\/v2\/product_tag?post=296"}],"curies":[{"name":"wp","href":"https:\/\/api.w.org\/{rel}","templated":true}]}}