{"id":282,"date":"2024-02-07T07:00:32","date_gmt":"2024-02-07T07:00:32","guid":{"rendered":"https:\/\/lekarzeopole.pl\/wordpress\/?post_type=product&#038;p=282"},"modified":"2024-06-07T14:06:46","modified_gmt":"2024-06-07T14:06:46","slug":"cardione","status":"publish","type":"product","link":"https:\/\/lekarzeopole.pl\/wordpress\/product\/cardione\/","title":{"rendered":"Cardione"},"content":{"rendered":"<div class=\"w-full text-token-text-primary\" data-testid=\"conversation-turn-3\">\n<div class=\"px-4 py-2 justify-center text-base md:gap-6 m-auto\">\n<div class=\"flex flex-1 text-base mx-auto gap-3 md:px-5 lg:px-1 xl:px-5 md:max-w-3xl lg:max-w-[40rem] xl:max-w-[48rem] group\">\n<div class=\"relative flex w-full flex-col lg:w-[calc(100%-115px)] agent-turn\">\n<div class=\"flex-col gap-1 md:gap-3\">\n<div class=\"flex flex-grow flex-col max-w-full\">\n<div class=\"min-h-[20px] text-message flex flex-col items-start gap-3 whitespace-pre-wrap break-words [.text-message+&amp;]:mt-5 overflow-x-auto\" data-message-author-role=\"assistant\" data-message-id=\"7aedf0b5-4a8e-45f2-851c-1608e9ebbd07\">\n<div class=\"markdown prose w-full break-words dark:prose-invert light\">\n<p>W dzisiejszych czasach coraz wi\u0119cej os\u00f3b zmaga si\u0119 z problemami zwi\u0105zanymi z ci\u015bnieniem krwi. Zbyt wysokie lub zbyt niskie warto\u015bci mog\u0105 prowadzi\u0107 do powa\u017cnych konsekwencji dla zdrowia. Dlatego te\u017c istnieje coraz wi\u0119ksze zapotrzebowanie na skuteczne i bezpieczne metody normalizacji ci\u015bnienia krwi. Jednym z produkt\u00f3w, kt\u00f3ry zyskuje coraz wi\u0119ksz\u0105 popularno\u015b\u0107 w tej dziedzinie, s\u0105 kapsu\u0142ki Cardione. Zapewniaj\u0105 one nie tylko skuteczn\u0105 regulacj\u0119 ci\u015bnienia krwi, ale tak\u017ce opieraj\u0105 si\u0119 na naturalnych sk\u0142adnikach, minimalizuj\u0105c ryzyko skutk\u00f3w ubocznych.<\/p>\n<h2>Wskazania do stosowania Cardione<\/h2>\n<p>Kapsu\u0142ki Cardione s\u0105 przeznaczone dla os\u00f3b borykaj\u0105cych si\u0119 z problemami zwi\u0105zanych z wysokim lub niskim ci\u015bnieniem krwi. Mog\u0105 by\u0107 r\u00f3wnie\u017c stosowane jako \u015brodek profilaktyczny u os\u00f3b z predyspozycjami do wyst\u0105pienia takich problem\u00f3w. Osoby odczuwaj\u0105ce objawy takie jak zawroty g\u0142owy, b\u00f3le g\u0142owy, problemy z koncentracj\u0105 lub uczucie zm\u0119czenia mog\u0105 skorzysta\u0107 z regularnego stosowania Cardione w celu poprawy swojego stanu zdrowia.<\/p>\n<h2>Sk\u0142ad i dzia\u0142anie sk\u0142adnik\u00f3w Cardione<\/h2>\n<p>Cardione opiera swoje dzia\u0142anie na naturalnych sk\u0142adnikach, kt\u00f3re zosta\u0142y starannie dobrane ze wzgl\u0119du na ich w\u0142a\u015bciwo\u015bci reguluj\u0105ce ci\u015bnienie krwi oraz korzystny wp\u0142yw na og\u00f3lny stan zdrowia. G\u0142\u00f3wne sk\u0142adniki to:<\/p>\n<ol>\n<li><strong>Ekstrakt z czosnku<\/strong> \u2013 znany ze swoich w\u0142a\u015bciwo\u015bci rozszerzaj\u0105cych naczynia krwiono\u015bne i reguluj\u0105cych ci\u015bnienie krwi.<\/li>\n<li><strong>Ekstrakt z pokrzywy<\/strong> \u2013 bogaty w sk\u0142adniki od\u017cywcze, kt\u00f3re wspieraj\u0105 prawid\u0142owe funkcjonowanie uk\u0142adu sercowo-naczyniowego.<\/li>\n<li><strong>Ekstrakt z mi\u0119ty pieprzowej<\/strong> \u2013 pomaga w relaksacji mi\u0119\u015bni oraz poprawia kr\u0105\u017cenie krwi.<\/li>\n<li><strong>Ekstrakt z czarnego bzu<\/strong> \u2013 dzia\u0142a przeciwmia\u017cd\u017cycowo i korzystnie wp\u0142ywa na elastyczno\u015b\u0107 naczy\u0144 krwiono\u015bnych.<\/li>\n<\/ol>\n<p>Te sk\u0142adniki, po\u0142\u0105czone w odpowiednich proporcjach, tworz\u0105 pot\u0119\u017cn\u0105 mieszank\u0119, kt\u00f3ra wspomaga regulacj\u0119 ci\u015bnienia krwi oraz og\u00f3ln\u0105 kondycj\u0119 organizmu.<\/p>\n<h2>Efekty Cardione i ich charakterystyka<\/h2>\n<p>Regularne stosowanie kapsu\u0142ek Cardione przynosi szereg korzy\u015bci dla zdrowia. Nie tylko pomagaj\u0105 one w utrzymaniu prawid\u0142owego ci\u015bnienia krwi, ale tak\u017ce mog\u0105 przyczyni\u0107 si\u0119 do poprawy og\u00f3lnego samopoczucia. Efekty, kt\u00f3re mo\u017cna zaobserwowa\u0107 po zastosowaniu Cardione, to m.in.:<\/p>\n<ul>\n<li>Stabilizacja ci\u015bnienia krwi w zdrowych granicach.<\/li>\n<li>Redukcja objaw\u00f3w zwi\u0105zanych z problemami sercowo-naczyniowymi, takich jak b\u00f3le g\u0142owy czy zawroty g\u0142owy.<\/li>\n<li>Poprawa og\u00f3lnej kondycji organizmu i zwi\u0119kszenie energii.<\/li>\n<li>Wzrost zdolno\u015bci koncentracji i redukcja uczucia zm\u0119czenia.<\/li>\n<\/ul>\n<p style=\"text-align: center;\"><a href=\"https:\/\/mandarv.com\/bXdS?sub1=sub1&amp;sub2=sub2&amp;sub3=sub3&amp;sub4=sub4&amp;sub5=sub5\"><button>www.cardione.pl<\/button><\/a><\/p>\n<h2>Ryzyko skutk\u00f3w ubocznych<\/h2>\n<p>Jednym z g\u0142\u00f3wnych atut\u00f3w kapsu\u0142ek Cardione jest ich naturalny sk\u0142ad, kt\u00f3ry minimalizuje ryzyko wyst\u0105pienia skutk\u00f3w ubocznych. Ponadto, starannie dobrana formu\u0142a eliminuje mo\u017cliwo\u015b\u0107 interakcji z innymi lekami, co czyni Cardione bezpiecznym preparatem dla wi\u0119kszo\u015bci os\u00f3b. Niemniej jednak, przed zastosowaniem Cardione, zaleca si\u0119 skonsultowanie si\u0119 z lekarzem, zw\u0142aszcza w przypadku os\u00f3b z chorobami przewlek\u0142ymi lub przyjmuj\u0105cych regularnie inne leki.<\/p>\n<p><em>Cardione stanowi\u0105 skuteczn\u0105 i bezpieczn\u0105 metod\u0119 normalizacji ci\u015bnienia krwi, opart\u0105 na naturalnych sk\u0142adnikach o wielokierunkowym dzia\u0142aniu. Dzi\u0119ki regularnemu stosowaniu mo\u017cna osi\u0105gn\u0105\u0107 stabilne ci\u015bnienie krwi oraz poprawi\u0107 og\u00f3lny stan zdrowia, minimalizuj\u0105c ryzyko powik\u0142a\u0144. Jednak\u017ce, przed zastosowaniem preparatu zaleca si\u0119 konsultacj\u0119 z lekarzem, aby upewni\u0107 si\u0119, \u017ce jest on odpowiedni dla danej osoby.<\/em><\/p>\n<\/div>\n<\/div>\n<\/div>\n<\/div>\n<\/div>\n<\/div>\n<\/div>\n<\/div>\n<div class=\"w-full text-token-text-primary\" data-testid=\"conversation-turn-5\">\n<div class=\"px-4 py-2 justify-center text-base md:gap-6 m-auto\">\n<div class=\"flex flex-1 text-base mx-auto gap-3 md:px-5 lg:px-1 xl:px-5 md:max-w-3xl lg:max-w-[40rem] xl:max-w-[48rem] group final-completion\">\n<div class=\"relative flex w-full flex-col lg:w-[calc(100%-115px)] agent-turn\">\n<div class=\"flex-col gap-1 md:gap-3\">\n<div class=\"flex flex-grow flex-col max-w-full\">\n<div class=\"min-h-[20px] text-message flex flex-col items-start gap-3 whitespace-pre-wrap break-words [.text-message+&amp;]:mt-5 overflow-x-auto\" data-message-author-role=\"assistant\" data-message-id=\"e19d0350-0b1e-4a2a-8536-4cab78f3514a\">\n<div class=\"markdown prose w-full break-words dark:prose-invert light\">\n<h2>Opinie klient\u00f3w o Cardione: fora po\u015bwi\u0119cone zdrowiu<\/h2>\n<p>W dobie internetu fora po\u015bwi\u0119cone zdrowiu sta\u0142y si\u0119 niezwykle popularne. Osoby zmagaj\u0105ce si\u0119 z r\u00f3\u017cnymi problemami zdrowotnymi cz\u0119sto dziel\u0105 si\u0119 swoimi do\u015bwiadczeniami oraz opiniami na temat r\u00f3\u017cnych produkt\u00f3w i metod leczenia. Polskie fora nie s\u0105 tu wyj\u0105tkiem. Zauwa\u017calny jest trend, \u017ce coraz wi\u0119cej u\u017cytkownik\u00f3w dzieli si\u0119 swoimi opiniami na temat kapsu\u0142ek Cardione. Wi\u0119kszo\u015b\u0107 z nich opisuje dzia\u0142anie preparatu oraz jego dost\u0119pno\u015b\u0107.<\/p>\n<p>Jeden z u\u017cytkownik\u00f3w, Anna, podzieli\u0142a si\u0119 swoj\u0105 histori\u0105 na jednym z popularnych forum zdrowotnych. Opisa\u0142a, jak od d\u0142u\u017cszego czasu zmaga\u0142a si\u0119 z wysokim ci\u015bnieniem krwi i regularnie musia\u0142a przyjmowa\u0107 leki przeciwcukrzycowe. Po przeczytaniu pozytywnych opinii na temat Cardione, postanowi\u0142a wypr\u00f3bowa\u0107 ten preparat. Po kilku tygodniach regularnego stosowania zauwa\u017cy\u0142a znaczn\u0105 popraw\u0119 swojego stanu zdrowia. Jej ci\u015bnienie krwi ustabilizowa\u0142o si\u0119, a dolegliwo\u015bci zwi\u0105zane z problemami sercowo-naczyniowymi znacznie si\u0119 zmniejszy\u0142y.<\/p>\n<p>Kolejny u\u017cytkownik, Piotr, r\u00f3wnie\u017c podzieli\u0142 si\u0119 swoj\u0105 opini\u0105 na temat Cardione. Zaznaczy\u0142, \u017ce preparat ten nie tylko pom\u00f3g\u0142 mu w normalizacji ci\u015bnienia krwi, ale tak\u017ce poprawi\u0142 jego og\u00f3lne samopoczucie. Dzi\u0119ki regularnemu stosowaniu kapsu\u0142ek Cardione czuje si\u0119 bardziej energiczny i pe\u0142en si\u0142 do codziennych wyzwa\u0144.<\/p>\n<h2>Spos\u00f3b podawania i dawkowanie<\/h2>\n<p>Spos\u00f3b podawania kapsu\u0142ek Cardione jest niezwykle prosty. Preparat nale\u017cy stosowa\u0107 doustnie, popijaj\u0105c odpowiedni\u0105 ilo\u015bci\u0105 wody. Zalecana dawka to jedna kapsu\u0142ka dziennie, najlepiej podczas posi\u0142ku. Regularne stosowanie preparatu zapewnia najlepsze efekty w utrzymaniu prawid\u0142owego ci\u015bnienia krwi oraz og\u00f3lnego stanu zdrowia.<\/p>\n<h2>Kup teraz Cardione z dostaw\u0105<\/h2>\n<p>Zakup kapsu\u0142ek Cardione jest niezwykle \u0142atwy i wygodny. Produkt dost\u0119pny jest do kupienia online, bez konieczno\u015bci op\u0142acania go z g\u00f3ry. P\u0142atno\u015b\u0107 za zakupione produkty dokonuje si\u0119 dopiero przy odbiorze, co eliminuje ryzyko oszustwa i zapewnia klientowi bezpiecze\u0144stwo transakcji. Dostawa kapsu\u0142ek Cardione realizowana jest w ci\u0105gu 3-4 dni roboczych na terenie Polski. Dodatkowo, po z\u0142o\u017ceniu zam\u00f3wienia, klient otrzymuje potwierdzenie telefoniczne od specjalisty, kt\u00f3ry mo\u017ce udzieli\u0107 dodatkowych informacji na temat produktu oraz ewentualnych promocji.<\/p>\n<p style=\"text-align: center;\"><a href=\"https:\/\/mandarv.com\/bXdS?sub1=sub1&amp;sub2=sub2&amp;sub3=sub3&amp;sub4=sub4&amp;sub5=sub5\"><button>Zakup na stronie producenta (-50%)<\/button><\/a><\/p>\n<h2>Por\u00f3wnanie ofert: ceny i dost\u0119pno\u015b\u0107 Cardione<\/h2>\n<p>Producenci kapsu\u0142ek Cardione stawiaj\u0105 na dost\u0119pno\u015b\u0107 i bezpo\u015bredni kontakt z klientem. Dlatego te\u017c preparat ten mo\u017cna zakupi\u0107 bezpo\u015brednio na oficjalnej stronie internetowej producenta, bez po\u015brednik\u00f3w i dodatkowych mar\u017c. Dzi\u0119ki temu klient ma pewno\u015b\u0107, \u017ce otrzymuje oryginalny produkt, kt\u00f3ry zosta\u0142 poddany odpowiednim badaniom i testom. Warto r\u00f3wnie\u017c regularnie sprawdza\u0107 aktualne promocje i rabaty, kt\u00f3re s\u0105 udost\u0119pniane na stronie producenta. Warto zauwa\u017cy\u0107, \u017ce kapsu\u0142ki Cardione nie s\u0105 dost\u0119pne w stacjonarnych aptekach, co \u015bwiadczy o ich wyj\u0105tkowej jako\u015bci i zaufaniu producenta do bezpo\u015bredniego kontaktu z klientem.<\/p>\n<\/div>\n<\/div>\n<\/div>\n<\/div>\n<\/div>\n<\/div>\n<\/div>\n<\/div>\n","protected":false},"excerpt":{"rendered":"<p style=\"text-align: center;\"><a href=\"https:\/\/mandarv.com\/bXdS?sub1=sub1&amp;sub2=sub2&amp;sub3=sub3&amp;sub4=sub4&amp;sub5=sub5\"><button>Kup teraz<\/button><\/a><\/p>\n<p>SKU:\u00a0<span class=\"sku\">789.878.549<\/span><\/p>\n<hr \/>\n<p><small>Produkt sprzedawany jest wy\u0142\u0105cznie za po\u015brednictwem oficjalnej strony producenta, id\u017a i kupuj bezpiecznie!<\/small><\/p>\n","protected":false},"featured_media":283,"comment_status":"open","ping_status":"closed","template":"","meta":[],"product_brand":[],"product_cat":[15],"product_tag":[],"class_list":{"0":"post-282","1":"product","2":"type-product","3":"status-publish","4":"has-post-thumbnail","6":"product_cat-supl","7":"thunk-woo-product-list","8":"opn-qv-enable","9":"top-store-woo-hover-","10":"top-store-single-product-tab-horizontal","11":"top-store-shadow-","12":"top-store-shadow-hover-","14":"first","15":"instock","16":"sale","17":"shipping-taxable","18":"purchasable","19":"product-type-simple"},"yoast_head":"<!-- This site is optimized with the Yoast SEO plugin v27.4 - https:\/\/yoast.com\/product\/yoast-seo-wordpress\/ -->\n<title>Cardione - kup suplement, cena w aptece, sk\u0142ad, dzia\u0142anie<\/title>\n<meta name=\"robots\" content=\"index, follow, max-snippet:-1, max-image-preview:large, max-video-preview:-1\" \/>\n<link rel=\"canonical\" href=\"https:\/\/lekarzeopole.pl\/wordpress\/product\/cardione\/\" \/>\n<meta property=\"og:locale\" content=\"pl_PL\" \/>\n<meta property=\"og:type\" content=\"article\" \/>\n<meta property=\"og:title\" content=\"Cardione - kup suplement, cena w aptece, sk\u0142ad, dzia\u0142anie\" \/>\n<meta property=\"og:description\" content=\"Kup teraz SKU:\u00a0789.878.549    Produkt sprzedawany jest wy\u0142\u0105cznie za po\u015brednictwem oficjalnej strony producenta, id\u017a i kupuj bezpiecznie!\" \/>\n<meta property=\"og:url\" content=\"https:\/\/lekarzeopole.pl\/wordpress\/product\/cardione\/\" \/>\n<meta property=\"og:site_name\" content=\"Lekarze Opole\" \/>\n<meta property=\"article:modified_time\" content=\"2024-06-07T14:06:46+00:00\" \/>\n<meta property=\"og:image\" content=\"https:\/\/lekarzeopole.pl\/wordpress\/wp-content\/uploads\/2024\/02\/cardione.png\" \/>\n\t<meta property=\"og:image:width\" content=\"349\" \/>\n\t<meta property=\"og:image:height\" content=\"323\" \/>\n\t<meta property=\"og:image:type\" content=\"image\/png\" \/>\n<meta name=\"twitter:card\" content=\"summary_large_image\" \/>\n<meta name=\"twitter:label1\" content=\"Szacowany czas czytania\" \/>\n\t<meta name=\"twitter:data1\" content=\"6 minut\" \/>\n<script type=\"application\/ld+json\" class=\"yoast-schema-graph\">{\"@context\":\"https:\\\/\\\/schema.org\",\"@graph\":[{\"@type\":\"WebPage\",\"@id\":\"https:\\\/\\\/lekarzeopole.pl\\\/wordpress\\\/product\\\/cardione\\\/\",\"url\":\"https:\\\/\\\/lekarzeopole.pl\\\/wordpress\\\/product\\\/cardione\\\/\",\"name\":\"Cardione - kup suplement, cena w aptece, sk\u0142ad, dzia\u0142anie\",\"isPartOf\":{\"@id\":\"https:\\\/\\\/lekarzeopole.pl\\\/wordpress\\\/#website\"},\"primaryImageOfPage\":{\"@id\":\"https:\\\/\\\/lekarzeopole.pl\\\/wordpress\\\/product\\\/cardione\\\/#primaryimage\"},\"image\":{\"@id\":\"https:\\\/\\\/lekarzeopole.pl\\\/wordpress\\\/product\\\/cardione\\\/#primaryimage\"},\"thumbnailUrl\":\"https:\\\/\\\/lekarzeopole.pl\\\/wordpress\\\/wp-content\\\/uploads\\\/2024\\\/02\\\/cardione.png\",\"datePublished\":\"2024-02-07T07:00:32+00:00\",\"dateModified\":\"2024-06-07T14:06:46+00:00\",\"breadcrumb\":{\"@id\":\"https:\\\/\\\/lekarzeopole.pl\\\/wordpress\\\/product\\\/cardione\\\/#breadcrumb\"},\"inLanguage\":\"pl-PL\",\"potentialAction\":[{\"@type\":\"ReadAction\",\"target\":[\"https:\\\/\\\/lekarzeopole.pl\\\/wordpress\\\/product\\\/cardione\\\/\"]}]},{\"@type\":\"ImageObject\",\"inLanguage\":\"pl-PL\",\"@id\":\"https:\\\/\\\/lekarzeopole.pl\\\/wordpress\\\/product\\\/cardione\\\/#primaryimage\",\"url\":\"https:\\\/\\\/lekarzeopole.pl\\\/wordpress\\\/wp-content\\\/uploads\\\/2024\\\/02\\\/cardione.png\",\"contentUrl\":\"https:\\\/\\\/lekarzeopole.pl\\\/wordpress\\\/wp-content\\\/uploads\\\/2024\\\/02\\\/cardione.png\",\"width\":349,\"height\":323,\"caption\":\"Cardione\"},{\"@type\":\"BreadcrumbList\",\"@id\":\"https:\\\/\\\/lekarzeopole.pl\\\/wordpress\\\/product\\\/cardione\\\/#breadcrumb\",\"itemListElement\":[{\"@type\":\"ListItem\",\"position\":1,\"name\":\"\u0413\u043b\u0430\u0432\u043d\u0430\u044f \u0441\u0442\u0440\u0430\u043d\u0438\u0446\u0430\",\"item\":\"https:\\\/\\\/lekarzeopole.pl\\\/wordpress\\\/\"},{\"@type\":\"ListItem\",\"position\":2,\"name\":\"Zakup\",\"item\":\"https:\\\/\\\/lekarzeopole.pl\\\/wordpress\\\/\"},{\"@type\":\"ListItem\",\"position\":3,\"name\":\"Cardione\"}]},{\"@type\":\"WebSite\",\"@id\":\"https:\\\/\\\/lekarzeopole.pl\\\/wordpress\\\/#website\",\"url\":\"https:\\\/\\\/lekarzeopole.pl\\\/wordpress\\\/\",\"name\":\"Lekarze Opole\",\"description\":\"\",\"potentialAction\":[{\"@type\":\"SearchAction\",\"target\":{\"@type\":\"EntryPoint\",\"urlTemplate\":\"https:\\\/\\\/lekarzeopole.pl\\\/wordpress\\\/?s={search_term_string}\"},\"query-input\":{\"@type\":\"PropertyValueSpecification\",\"valueRequired\":true,\"valueName\":\"search_term_string\"}}],\"inLanguage\":\"pl-PL\"}]}<\/script>\n<!-- \/ Yoast SEO plugin. -->","yoast_head_json":{"title":"Cardione - kup suplement, cena w aptece, sk\u0142ad, dzia\u0142anie","robots":{"index":"index","follow":"follow","max-snippet":"max-snippet:-1","max-image-preview":"max-image-preview:large","max-video-preview":"max-video-preview:-1"},"canonical":"https:\/\/lekarzeopole.pl\/wordpress\/product\/cardione\/","og_locale":"pl_PL","og_type":"article","og_title":"Cardione - kup suplement, cena w aptece, sk\u0142ad, dzia\u0142anie","og_description":"Kup teraz SKU:\u00a0789.878.549    Produkt sprzedawany jest wy\u0142\u0105cznie za po\u015brednictwem oficjalnej strony producenta, id\u017a i kupuj bezpiecznie!","og_url":"https:\/\/lekarzeopole.pl\/wordpress\/product\/cardione\/","og_site_name":"Lekarze Opole","article_modified_time":"2024-06-07T14:06:46+00:00","og_image":[{"width":349,"height":323,"url":"https:\/\/lekarzeopole.pl\/wordpress\/wp-content\/uploads\/2024\/02\/cardione.png","type":"image\/png"}],"twitter_card":"summary_large_image","twitter_misc":{"Szacowany czas czytania":"6 minut"},"schema":{"@context":"https:\/\/schema.org","@graph":[{"@type":"WebPage","@id":"https:\/\/lekarzeopole.pl\/wordpress\/product\/cardione\/","url":"https:\/\/lekarzeopole.pl\/wordpress\/product\/cardione\/","name":"Cardione - kup suplement, cena w aptece, sk\u0142ad, dzia\u0142anie","isPartOf":{"@id":"https:\/\/lekarzeopole.pl\/wordpress\/#website"},"primaryImageOfPage":{"@id":"https:\/\/lekarzeopole.pl\/wordpress\/product\/cardione\/#primaryimage"},"image":{"@id":"https:\/\/lekarzeopole.pl\/wordpress\/product\/cardione\/#primaryimage"},"thumbnailUrl":"https:\/\/lekarzeopole.pl\/wordpress\/wp-content\/uploads\/2024\/02\/cardione.png","datePublished":"2024-02-07T07:00:32+00:00","dateModified":"2024-06-07T14:06:46+00:00","breadcrumb":{"@id":"https:\/\/lekarzeopole.pl\/wordpress\/product\/cardione\/#breadcrumb"},"inLanguage":"pl-PL","potentialAction":[{"@type":"ReadAction","target":["https:\/\/lekarzeopole.pl\/wordpress\/product\/cardione\/"]}]},{"@type":"ImageObject","inLanguage":"pl-PL","@id":"https:\/\/lekarzeopole.pl\/wordpress\/product\/cardione\/#primaryimage","url":"https:\/\/lekarzeopole.pl\/wordpress\/wp-content\/uploads\/2024\/02\/cardione.png","contentUrl":"https:\/\/lekarzeopole.pl\/wordpress\/wp-content\/uploads\/2024\/02\/cardione.png","width":349,"height":323,"caption":"Cardione"},{"@type":"BreadcrumbList","@id":"https:\/\/lekarzeopole.pl\/wordpress\/product\/cardione\/#breadcrumb","itemListElement":[{"@type":"ListItem","position":1,"name":"\u0413\u043b\u0430\u0432\u043d\u0430\u044f \u0441\u0442\u0440\u0430\u043d\u0438\u0446\u0430","item":"https:\/\/lekarzeopole.pl\/wordpress\/"},{"@type":"ListItem","position":2,"name":"Zakup","item":"https:\/\/lekarzeopole.pl\/wordpress\/"},{"@type":"ListItem","position":3,"name":"Cardione"}]},{"@type":"WebSite","@id":"https:\/\/lekarzeopole.pl\/wordpress\/#website","url":"https:\/\/lekarzeopole.pl\/wordpress\/","name":"Lekarze Opole","description":"","potentialAction":[{"@type":"SearchAction","target":{"@type":"EntryPoint","urlTemplate":"https:\/\/lekarzeopole.pl\/wordpress\/?s={search_term_string}"},"query-input":{"@type":"PropertyValueSpecification","valueRequired":true,"valueName":"search_term_string"}}],"inLanguage":"pl-PL"}]}},"_links":{"self":[{"href":"https:\/\/lekarzeopole.pl\/wordpress\/wp-json\/wp\/v2\/product\/282","targetHints":{"allow":["GET"]}}],"collection":[{"href":"https:\/\/lekarzeopole.pl\/wordpress\/wp-json\/wp\/v2\/product"}],"about":[{"href":"https:\/\/lekarzeopole.pl\/wordpress\/wp-json\/wp\/v2\/types\/product"}],"replies":[{"embeddable":true,"href":"https:\/\/lekarzeopole.pl\/wordpress\/wp-json\/wp\/v2\/comments?post=282"}],"wp:featuredmedia":[{"embeddable":true,"href":"https:\/\/lekarzeopole.pl\/wordpress\/wp-json\/wp\/v2\/media\/283"}],"wp:attachment":[{"href":"https:\/\/lekarzeopole.pl\/wordpress\/wp-json\/wp\/v2\/media?parent=282"}],"wp:term":[{"taxonomy":"product_brand","embeddable":true,"href":"https:\/\/lekarzeopole.pl\/wordpress\/wp-json\/wp\/v2\/product_brand?post=282"},{"taxonomy":"product_cat","embeddable":true,"href":"https:\/\/lekarzeopole.pl\/wordpress\/wp-json\/wp\/v2\/product_cat?post=282"},{"taxonomy":"product_tag","embeddable":true,"href":"https:\/\/lekarzeopole.pl\/wordpress\/wp-json\/wp\/v2\/product_tag?post=282"}],"curies":[{"name":"wp","href":"https:\/\/api.w.org\/{rel}","templated":true}]}}