{"id":274,"date":"2024-02-06T11:46:16","date_gmt":"2024-02-06T11:46:16","guid":{"rendered":"https:\/\/lekarzeopole.pl\/wordpress\/?post_type=product&#038;p=274"},"modified":"2024-06-07T13:59:25","modified_gmt":"2024-06-07T13:59:25","slug":"welltone","status":"publish","type":"product","link":"https:\/\/lekarzeopole.pl\/wordpress\/product\/welltone\/","title":{"rendered":"Welltone"},"content":{"rendered":"<div class=\"w-full text-token-text-primary\" data-testid=\"conversation-turn-3\">\n<div class=\"px-4 py-2 justify-center text-base md:gap-6 m-auto\">\n<div class=\"flex flex-1 text-base mx-auto gap-3 md:px-5 lg:px-1 xl:px-5 md:max-w-3xl lg:max-w-[40rem] xl:max-w-[48rem] group\">\n<div class=\"relative flex w-full flex-col lg:w-[calc(100%-115px)] agent-turn\">\n<div class=\"flex-col gap-1 md:gap-3\">\n<div class=\"flex flex-grow flex-col max-w-full\">\n<div class=\"text-message flex flex-col items-start gap-3 whitespace-pre-wrap break-words [.text-message+&amp;]:mt-5 overflow-x-auto\" data-message-author-role=\"assistant\" data-message-id=\"d291097a-2299-45b6-9d9e-3d703199bf50\">\n<div class=\"markdown prose w-full break-words dark:prose-invert light\">\n<p>Welltone to innowacyjny preparat, kt\u00f3ry zdobywa coraz wi\u0119ksz\u0105 popularno\u015b\u0107 w Polsce i na ca\u0142ym \u015bwiecie. Dzi\u0119ki unikalnej formule opartej na naturalnych sk\u0142adnikach, Welltone oferuje wszechstronne wsparcie dla zdrowia serca i uk\u0142adu kr\u0105\u017cenia. Je\u015bli szukasz niezawodnej pomocy w utrzymaniu prawid\u0142owego ci\u015bnienia krwi i elastyczno\u015bci naczy\u0144 krwiono\u015bnych, to preparat Welltone mo\u017ce by\u0107 odpowiedzi\u0105 na Twoje potrzeby.<\/p>\n<h2>Wskazania do stosowania Welltone<\/h2>\n<p>Welltone to innowacyjny preparat, kt\u00f3ry zosta\u0142 stworzony z my\u015bl\u0105 o osobach borykaj\u0105cych si\u0119 z problemami z ci\u015bnieniem krwi i elastyczno\u015bci\u0105 naczy\u0144 krwiono\u015bnych. Ten naturalny produkt mo\u017ce by\u0107 stosowany w r\u00f3\u017cnych sytuacjach, w\u0142\u0105czaj\u0105c w to:<\/p>\n<ol>\n<li><strong>Wysokie ci\u015bnienie krwi:<\/strong> Welltone pomaga regulowa\u0107 ci\u015bnienie krwi, co jest kluczowe dla zapobiegania wielu chorobom serca i uk\u0142adu kr\u0105\u017cenia.<\/li>\n<li><strong>Problemy z kr\u0105\u017ceniem:<\/strong> Sk\u0142adniki Welltone wspieraj\u0105 elastyczno\u015b\u0107 naczy\u0144 krwiono\u015bnych, co przyczynia si\u0119 do poprawy kr\u0105\u017cenia krwi w organizmie.<\/li>\n<li><strong>Zm\u0119czenie i stres:<\/strong> Preparat Welltone zawiera kwas askorbinowy, kt\u00f3ry pomaga wzmocni\u0107 uk\u0142ad odporno\u015bciowy i chroni organizm przed skutkami stresu.<\/li>\n<li><strong>Cholesterol:<\/strong> Kwas askorbinowy wspomaga usuwanie cholesterolu z organizmu, co mo\u017ce pom\u00f3c w utrzymaniu zdrowych poziom\u00f3w cholesterolu.<\/li>\n<li><strong>Niedob\u00f3r tlenku azotu:<\/strong> L-Arginina zawarta w Welltone wspomaga produkcj\u0119 tlenku azotu, kt\u00f3ry jest istotny dla rozszerzania naczy\u0144 krwiono\u015bnych i poprawy kr\u0105\u017cenia krwi.<\/li>\n<li><strong>Nerwowe napi\u0119cie:<\/strong> Sk\u0142adniki takie jak melisa i ekstrakt z korzenia koz\u0142ka lekarskiego dzia\u0142aj\u0105 uspokajaj\u0105co i pomagaj\u0105 \u0142agodzi\u0107 napi\u0119cie nerwowe.<\/li>\n<li><strong>Og\u00f3lna poprawa zdrowia serca:<\/strong> Welltone mo\u017ce by\u0107 stosowany profilaktycznie, aby wspomaga\u0107 zdrowie serca i uk\u0142adu kr\u0105\u017cenia.<\/li>\n<\/ol>\n<h2>Sk\u0142ad i dzia\u0142anie sk\u0142adnik\u00f3w Welltone<\/h2>\n<p>Welltone zawiera naturalne sk\u0142adniki, kt\u00f3re wsp\u00f3lnie dzia\u0142aj\u0105 na korzy\u015b\u0107 naszego organizmu. Oto g\u0142\u00f3wne sk\u0142adniki preparatu i ich dzia\u0142anie:<\/p>\n<ol>\n<li><strong>G\u0142\u00f3g:<\/strong> G\u0142\u00f3g jest znany ze swojego dzia\u0142ania rozszerzaj\u0105cego naczynia krwiono\u015bne. Tonizuje mi\u0119sie\u0144 sercowy i zapewnia odpowiednie zaopatrzenie w tlen, co przyczynia si\u0119 do poprawy rytmu serca oraz zmniejszenia pobudliwo\u015bci serca. To skuteczny spos\u00f3b na redukcj\u0119 zm\u0119czenia i popraw\u0119 kr\u0105\u017cenia m\u00f3zgowego.<\/li>\n<li><strong>Kwas askorbinowy (witamina C):<\/strong> Kwas askorbinowy jest nie tylko wa\u017cnym przeciwutleniaczem, ale tak\u017ce wspomaga produkcj\u0119 kolagenu, kt\u00f3ry jest istotny dla struktury naczy\u0144 krwiono\u015bnych. Pomaga r\u00f3wnie\u017c w usuwaniu cholesterolu z organizmu, co mo\u017ce zapobiega\u0107 tworzeniu si\u0119 blaszek mia\u017cd\u017cycowych.<\/li>\n<li><strong>L-Arginina:<\/strong> Ten aminokwas stymuluje produkcj\u0119 tlenku azotu (NO), kt\u00f3ry rozszerza naczynia krwiono\u015bne i poprawia przep\u0142yw krwi. Regularna suplementacja L-argininy przyczynia si\u0119 do utrzymania prawid\u0142owej funkcji naczy\u0144 krwiono\u015bnych.<\/li>\n<li><strong>Melisa:<\/strong> Melisa wzmacnia \u015bciany naczy\u0144 krwiono\u015bnych, pomaga obni\u017cy\u0107 ci\u015bnienie krwi i ma dzia\u0142anie uspokajaj\u0105ce. Dodatkowo, jej w\u0142a\u015bciwo\u015bci antyarytmiczne pomagaj\u0105 w utrzymaniu prawid\u0142owego rytmu serca.<\/li>\n<li><strong>Ekstrakt z li\u015bci laurowych:<\/strong> Ten sk\u0142adnik przyczynia si\u0119 do normalizacji ci\u015bnienia krwi poprzez rozszerzanie naczy\u0144 krwiono\u015bnych i usuwanie nadmiaru p\u0142yn\u00f3w z organizmu, co zmniejsza obwodowy op\u00f3r na przep\u0142yw krwi.<\/li>\n<li><strong>Ekstrakt z korzenia koz\u0142ka lekarskiego:<\/strong> Dzia\u0142a uspokajaj\u0105co, przeciwskurczowo, i pomaga w utrzymaniu prawid\u0142owego rytmu serca oraz normalizacji pracy uk\u0142adu sercowo-naczyniowego.<\/li>\n<li><strong>Witamina B1:<\/strong> Ta witamina korzystnie wp\u0142ywa na uk\u0142ad kr\u0105\u017cenia i uk\u0142ad nerwowy oraz odgrywa kluczow\u0105 rol\u0119 w metabolizmie w\u0119glowodan\u00f3w, t\u0142uszcz\u00f3w, bia\u0142ek i wodno-solnym.<\/li>\n<\/ol>\n<p style=\"text-align: center;\"><a href=\"https:\/\/mandarv.com\/7IFS?sub1=sub1&amp;sub2=sub2&amp;sub3=sub3&amp;sub4=sub4&amp;sub5=sub5\"><button>www.welltone.pl<\/button><\/a><\/p>\n<h2>Efekty Welltone i ich charakterystyka<\/h2>\n<p>Dzi\u0119ki unikalnej kombinacji naturalnych sk\u0142adnik\u00f3w, Welltone przynosi szereg korzy\u015bci zdrowotnych:<\/p>\n<ol>\n<li><strong>Normalizacja ci\u015bnienia krwi:<\/strong> Welltone pomaga w utrzymaniu zdrowego ci\u015bnienia krwi, co jest kluczowe dla zapobiegania problemom sercowo-naczyniowym.<\/li>\n<li><strong>Poprawa elastyczno\u015bci naczy\u0144 krwiono\u015bnych:<\/strong> Sk\u0142adniki preparatu wspomagaj\u0105 elastyczno\u015b\u0107 naczy\u0144 krwiono\u015bnych, co przyczynia si\u0119 do lepszego kr\u0105\u017cenia krwi.<\/li>\n<li><strong>Redukcja zm\u0119czenia:<\/strong> Dzi\u0119ki dzia\u0142aniu g\u0142ogu i kwasu askorbinowego, Welltone pomaga w zmniejszeniu uczucia zm\u0119czenia i poprawia dost\u0119p tlenu do tkanek.<\/li>\n<li><strong>Wsparcie uk\u0142adu odporno\u015bciowego:<\/strong> Kwas askorbinowy chroni organizm przed skutkami stresu i wspomaga uk\u0142ad odporno\u015bciowy.<\/li>\n<li><strong>Poprawa rytmu serca:<\/strong> Sk\u0142adniki takie jak melisa i ekstrakt z korzenia koz\u0142ka lekarskiego pomagaj\u0105 utrzyma\u0107 prawid\u0142owy rytm serca.<\/li>\n<li><strong>Usuwanie nadmiaru cholesterolu:<\/strong> Kwas askorbinowy wspomaga usuwanie cholesterolu z organizmu, co mo\u017ce zapobiega\u0107 tworzeniu si\u0119 blaszek mia\u017cd\u017cycowych.<\/li>\n<\/ol>\n<h2>Ryzyko skutk\u00f3w ubocznych<\/h2>\n<p>Welltone to produkt oparty na naturalnych sk\u0142adnikach, co oznacza, \u017ce ryzyko wyst\u0105pienia skutk\u00f3w ubocznych jest minimalne. Jednak\u017ce, jak w przypadku ka\u017cdego suplementu, istnieje mo\u017cliwo\u015b\u0107 reakcji alergicznych lub nietolerancji na kt\u00f3ry\u015b ze sk\u0142adnik\u00f3w.<\/p>\n<p>Przed rozpocz\u0119ciem suplementacji Welltone zawsze warto skonsultowa\u0107 si\u0119 z lekarzem, szczeg\u00f3lnie je\u015bli masz jakie\u015b istniej\u0105ce problemy zdrowotne lub jeste\u015b w ci\u0105\u017cy. Dzi\u0119ki temu mo\u017cesz mie\u0107 pewno\u015b\u0107, \u017ce preparat jest odpowiedni dla Twojego indywidualnego przypadku.<\/p>\n<p><em>Welltone to naturalny preparat, kt\u00f3ry mo\u017ce pom\u00f3c w normalizacji ci\u015bnienia krwi, poprawie elastyczno\u015bci naczy\u0144 krwiono\u015bnych i og\u00f3lnym wspieraniu zdrowia serca i uk\u0142adu kr\u0105\u017cenia. Dzi\u0119ki swoim naturalnym sk\u0142adnikom i minimalnemu ryzyku skutk\u00f3w ubocznych, jest to niezawodna pomoc dla wielu os\u00f3b, kt\u00f3re dbaj\u0105 o swoje serce i kr\u0105\u017cenie krwi.<\/em><\/p>\n<\/div>\n<\/div>\n<\/div>\n<\/div>\n<\/div>\n<\/div>\n<\/div>\n<\/div>\n<div class=\"w-full text-token-text-primary\" data-testid=\"conversation-turn-5\">\n<div class=\"px-4 py-2 justify-center text-base md:gap-6 m-auto\">\n<div class=\"flex flex-1 text-base mx-auto gap-3 md:px-5 lg:px-1 xl:px-5 md:max-w-3xl lg:max-w-[40rem] xl:max-w-[48rem] group final-completion\">\n<div class=\"relative flex w-full flex-col lg:w-[calc(100%-115px)] agent-turn\">\n<div class=\"flex-col gap-1 md:gap-3\">\n<div class=\"flex flex-grow flex-col max-w-full\">\n<div class=\"min-h-[20px] text-message flex flex-col items-start gap-3 whitespace-pre-wrap break-words [.text-message+&amp;]:mt-5 overflow-x-auto\" data-message-author-role=\"assistant\" data-message-id=\"ada8e790-9aa4-4a19-bb77-d55549044d10\">\n<div class=\"markdown prose w-full break-words dark:prose-invert light\">\n<h2>Opinie klient\u00f3w o Welltone: fora po\u015bwi\u0119cone zdrowiu<\/h2>\n<p>Na forach po\u015bwi\u0119conych zdrowiu w Polsce Welltone sta\u0142 si\u0119 tematem gor\u0105cych dyskusji. Preparat zdobywa coraz wi\u0119ksz\u0105 popularno\u015b\u0107 w\u015br\u00f3d klient\u00f3w, co przek\u0142ada si\u0119 na liczne opinie i recenzje. Wi\u0119kszo\u015b\u0107 u\u017cytkownik\u00f3w opisuje jego pozytywne dzia\u0142anie oraz dost\u0119pno\u015b\u0107 na rynku. Poni\u017cej przedstawiamy dwa opinie od u\u017cytkownik\u00f3w, kt\u00f3rzy podzielili si\u0119 swoimi do\u015bwiadczeniami:<\/p>\n<ol>\n<li><strong>Anna:<\/strong> &#8222;Jestem bardzo zadowolona z efekt\u00f3w stosowania Welltone. Przez d\u0142ugi czas m\u0119czy\u0142o mnie wysokie ci\u015bnienie krwi, a teraz moje wyniki wr\u00f3ci\u0142y do normy. Ciesz\u0119 si\u0119, \u017ce mog\u0119 poleci\u0107 ten preparat ka\u017cdemu z problemami z sercem i kr\u0105\u017ceniem.&#8221;<\/li>\n<li><strong>Piotr:<\/strong> &#8222;Welltone to prawdziwe odkrycie dla mnie. Moje naczynia krwiono\u015bne sta\u0142y si\u0119 bardziej elastyczne, a ci\u015bnienie krwi jest stabilne. Co najlepsze, nie mia\u0142em \u017cadnych skutk\u00f3w ubocznych. Polecam!&#8221;<\/li>\n<\/ol>\n<h2>Spos\u00f3b podawania i dawkowanie<\/h2>\n<p>Spos\u00f3b podawania Welltone jest niezwykle prosty. Preparat wyst\u0119puje w postaci kropli, co czyni go \u0142atwym do za\u017cywania. Zaleca si\u0119 przyjmowanie 15-20 kropli preparatu raz dziennie, najlepiej rano przed posi\u0142kiem. Krople mo\u017cna rozpu\u015bci\u0107 w niewielkiej ilo\u015bci wody lub soku. Przy regularnym stosowaniu mo\u017cna osi\u0105gn\u0105\u0107 najlepsze efekty.<\/p>\n<h2>Kup teraz Welltone z dostaw\u0105<\/h2>\n<p>Kupno Welltone jest niezwykle proste i wygodne. Preparat jest dost\u0119pny online, co oznacza, \u017ce nie musisz wychodzi\u0107 z domu, aby go zdoby\u0107. Co wa\u017cne, nie jest konieczna p\u0142atno\u015b\u0107 z g\u00f3ry &#8211; mo\u017cesz op\u0142aci\u0107 swoje zam\u00f3wienie dopiero po otrzymaniu produktu, co gwarantuje ci zakup oryginalnego produktu bez \u017cadnych ryzyk.<\/p>\n<p>Dostawa Welltone w Polsce zajmuje zazwyczaj 3-4 dni robocze, dzi\u0119ki czemu w kr\u00f3tkim czasie b\u0119dziesz m\u00f3g\u0142 rozpocz\u0105\u0107 kuracj\u0119. Po z\u0142o\u017ceniu zam\u00f3wienia, dostaniesz potwierdzenie telefoniczne od specjalisty, kt\u00f3ry mo\u017ce r\u00f3wnie\u017c s\u0142u\u017cy\u0107 ci pomoc\u0105 w wyborze odpowiedniej ilo\u015bci produktu oraz informowa\u0107 o ewentualnych dost\u0119pnych promocjach.<\/p>\n<p style=\"text-align: center;\"><a href=\"https:\/\/mandarv.com\/7IFS?sub1=sub1&amp;sub2=sub2&amp;sub3=sub3&amp;sub4=sub4&amp;sub5=sub5\"><button>Zakup na stronie producenta (-50%)<\/button><\/a><\/p>\n<h2>Por\u00f3wnanie ofert: ceny i dost\u0119pno\u015b\u0107 Welltone<\/h2>\n<p>Producenci Welltone zale\u017c\u0105 na tym, aby produkt by\u0142 \u0142atwo dost\u0119pny i dost\u0119pny dla jak najwi\u0119kszej liczby klient\u00f3w. Dlatego preparat mo\u017cna zakupi\u0107 bezpo\u015brednio na oficjalnej stronie internetowej producenta, eliminuj\u0105c po\u015brednik\u00f3w i nadmierne mar\u017ce. Dzi\u0119ki temu masz pewno\u015b\u0107, \u017ce otrzymasz oryginalny produkt.<\/p>\n<p>Warto r\u00f3wnie\u017c regularnie sprawdza\u0107 dost\u0119pne promocje, poniewa\u017c producent oferuje atrakcyjne zni\u017cki dla sta\u0142ych klient\u00f3w. To \u015bwietna okazja, aby zaopatrzy\u0107 si\u0119 w Welltone w korzystnej cenie.<\/p>\n<p>Welltone nie jest dost\u0119pny w stacjonarnych aptekach. Dost\u0119pno\u015b\u0107 produktu jest ograniczona do oficjalnej strony producenta, dlatego zalecamy zakup bezpo\u015brednio u \u017ar\u00f3d\u0142a, aby unikn\u0105\u0107 podr\u00f3bek i mie\u0107 pewno\u015b\u0107, \u017ce otrzymasz skuteczny preparat.<\/p>\n<\/div>\n<\/div>\n<\/div>\n<\/div>\n<\/div>\n<\/div>\n<\/div>\n<\/div>\n","protected":false},"excerpt":{"rendered":"<p style=\"text-align: center;\"><a href=\"https:\/\/mandarv.com\/7IFS?sub1=sub1&amp;sub2=sub2&amp;sub3=sub3&amp;sub4=sub4&amp;sub5=sub5\"><button>Kup teraz<\/button><\/a><\/p>\n<p>SKU:\u00a0<span class=\"sku\">789.878.499<\/span><\/p>\n<hr \/>\n<p><small>Produkt sprzedawany jest wy\u0142\u0105cznie za po\u015brednictwem oficjalnej strony producenta, id\u017a i kupuj bezpiecznie!<\/small><\/p>\n","protected":false},"featured_media":275,"comment_status":"open","ping_status":"closed","template":"","meta":[],"product_brand":[],"product_cat":[15],"product_tag":[],"class_list":{"0":"post-274","1":"product","2":"type-product","3":"status-publish","4":"has-post-thumbnail","6":"product_cat-supl","7":"thunk-woo-product-list","8":"opn-qv-enable","9":"top-store-woo-hover-","10":"top-store-single-product-tab-horizontal","11":"top-store-shadow-","12":"top-store-shadow-hover-","14":"first","15":"instock","16":"sale","17":"shipping-taxable","18":"purchasable","19":"product-type-simple"},"yoast_head":"<!-- This site is optimized with the Yoast SEO plugin v27.4 - https:\/\/yoast.com\/product\/yoast-seo-wordpress\/ -->\n<title>Welltone - kup suplement, cena w aptece, sk\u0142ad, dzia\u0142anie<\/title>\n<meta name=\"robots\" content=\"index, follow, max-snippet:-1, max-image-preview:large, max-video-preview:-1\" \/>\n<link rel=\"canonical\" href=\"https:\/\/lekarzeopole.pl\/wordpress\/product\/welltone\/\" \/>\n<meta property=\"og:locale\" content=\"pl_PL\" \/>\n<meta property=\"og:type\" content=\"article\" \/>\n<meta property=\"og:title\" content=\"Welltone - kup suplement, cena w aptece, sk\u0142ad, dzia\u0142anie\" \/>\n<meta property=\"og:description\" content=\"Kup teraz SKU:\u00a0789.878.499    Produkt sprzedawany jest wy\u0142\u0105cznie za po\u015brednictwem oficjalnej strony producenta, id\u017a i kupuj bezpiecznie!\" \/>\n<meta property=\"og:url\" content=\"https:\/\/lekarzeopole.pl\/wordpress\/product\/welltone\/\" \/>\n<meta property=\"og:site_name\" content=\"Lekarze Opole\" \/>\n<meta property=\"article:modified_time\" content=\"2024-06-07T13:59:25+00:00\" \/>\n<meta property=\"og:image\" content=\"https:\/\/lekarzeopole.pl\/wordpress\/wp-content\/uploads\/2024\/02\/welltone.png\" \/>\n\t<meta property=\"og:image:width\" content=\"761\" \/>\n\t<meta property=\"og:image:height\" content=\"573\" \/>\n\t<meta property=\"og:image:type\" content=\"image\/png\" \/>\n<meta name=\"twitter:card\" content=\"summary_large_image\" \/>\n<meta name=\"twitter:label1\" content=\"Szacowany czas czytania\" \/>\n\t<meta name=\"twitter:data1\" content=\"7 minut\" \/>\n<script type=\"application\/ld+json\" class=\"yoast-schema-graph\">{\"@context\":\"https:\\\/\\\/schema.org\",\"@graph\":[{\"@type\":\"WebPage\",\"@id\":\"https:\\\/\\\/lekarzeopole.pl\\\/wordpress\\\/product\\\/welltone\\\/\",\"url\":\"https:\\\/\\\/lekarzeopole.pl\\\/wordpress\\\/product\\\/welltone\\\/\",\"name\":\"Welltone - kup suplement, cena w aptece, sk\u0142ad, dzia\u0142anie\",\"isPartOf\":{\"@id\":\"https:\\\/\\\/lekarzeopole.pl\\\/wordpress\\\/#website\"},\"primaryImageOfPage\":{\"@id\":\"https:\\\/\\\/lekarzeopole.pl\\\/wordpress\\\/product\\\/welltone\\\/#primaryimage\"},\"image\":{\"@id\":\"https:\\\/\\\/lekarzeopole.pl\\\/wordpress\\\/product\\\/welltone\\\/#primaryimage\"},\"thumbnailUrl\":\"https:\\\/\\\/lekarzeopole.pl\\\/wordpress\\\/wp-content\\\/uploads\\\/2024\\\/02\\\/welltone.png\",\"datePublished\":\"2024-02-06T11:46:16+00:00\",\"dateModified\":\"2024-06-07T13:59:25+00:00\",\"breadcrumb\":{\"@id\":\"https:\\\/\\\/lekarzeopole.pl\\\/wordpress\\\/product\\\/welltone\\\/#breadcrumb\"},\"inLanguage\":\"pl-PL\",\"potentialAction\":[{\"@type\":\"ReadAction\",\"target\":[\"https:\\\/\\\/lekarzeopole.pl\\\/wordpress\\\/product\\\/welltone\\\/\"]}]},{\"@type\":\"ImageObject\",\"inLanguage\":\"pl-PL\",\"@id\":\"https:\\\/\\\/lekarzeopole.pl\\\/wordpress\\\/product\\\/welltone\\\/#primaryimage\",\"url\":\"https:\\\/\\\/lekarzeopole.pl\\\/wordpress\\\/wp-content\\\/uploads\\\/2024\\\/02\\\/welltone.png\",\"contentUrl\":\"https:\\\/\\\/lekarzeopole.pl\\\/wordpress\\\/wp-content\\\/uploads\\\/2024\\\/02\\\/welltone.png\",\"width\":761,\"height\":573,\"caption\":\"Welltone\"},{\"@type\":\"BreadcrumbList\",\"@id\":\"https:\\\/\\\/lekarzeopole.pl\\\/wordpress\\\/product\\\/welltone\\\/#breadcrumb\",\"itemListElement\":[{\"@type\":\"ListItem\",\"position\":1,\"name\":\"\u0413\u043b\u0430\u0432\u043d\u0430\u044f \u0441\u0442\u0440\u0430\u043d\u0438\u0446\u0430\",\"item\":\"https:\\\/\\\/lekarzeopole.pl\\\/wordpress\\\/\"},{\"@type\":\"ListItem\",\"position\":2,\"name\":\"Zakup\",\"item\":\"https:\\\/\\\/lekarzeopole.pl\\\/wordpress\\\/\"},{\"@type\":\"ListItem\",\"position\":3,\"name\":\"Welltone\"}]},{\"@type\":\"WebSite\",\"@id\":\"https:\\\/\\\/lekarzeopole.pl\\\/wordpress\\\/#website\",\"url\":\"https:\\\/\\\/lekarzeopole.pl\\\/wordpress\\\/\",\"name\":\"Lekarze Opole\",\"description\":\"\",\"potentialAction\":[{\"@type\":\"SearchAction\",\"target\":{\"@type\":\"EntryPoint\",\"urlTemplate\":\"https:\\\/\\\/lekarzeopole.pl\\\/wordpress\\\/?s={search_term_string}\"},\"query-input\":{\"@type\":\"PropertyValueSpecification\",\"valueRequired\":true,\"valueName\":\"search_term_string\"}}],\"inLanguage\":\"pl-PL\"}]}<\/script>\n<!-- \/ Yoast SEO plugin. -->","yoast_head_json":{"title":"Welltone - kup suplement, cena w aptece, sk\u0142ad, dzia\u0142anie","robots":{"index":"index","follow":"follow","max-snippet":"max-snippet:-1","max-image-preview":"max-image-preview:large","max-video-preview":"max-video-preview:-1"},"canonical":"https:\/\/lekarzeopole.pl\/wordpress\/product\/welltone\/","og_locale":"pl_PL","og_type":"article","og_title":"Welltone - kup suplement, cena w aptece, sk\u0142ad, dzia\u0142anie","og_description":"Kup teraz SKU:\u00a0789.878.499    Produkt sprzedawany jest wy\u0142\u0105cznie za po\u015brednictwem oficjalnej strony producenta, id\u017a i kupuj bezpiecznie!","og_url":"https:\/\/lekarzeopole.pl\/wordpress\/product\/welltone\/","og_site_name":"Lekarze Opole","article_modified_time":"2024-06-07T13:59:25+00:00","og_image":[{"width":761,"height":573,"url":"https:\/\/lekarzeopole.pl\/wordpress\/wp-content\/uploads\/2024\/02\/welltone.png","type":"image\/png"}],"twitter_card":"summary_large_image","twitter_misc":{"Szacowany czas czytania":"7 minut"},"schema":{"@context":"https:\/\/schema.org","@graph":[{"@type":"WebPage","@id":"https:\/\/lekarzeopole.pl\/wordpress\/product\/welltone\/","url":"https:\/\/lekarzeopole.pl\/wordpress\/product\/welltone\/","name":"Welltone - kup suplement, cena w aptece, sk\u0142ad, dzia\u0142anie","isPartOf":{"@id":"https:\/\/lekarzeopole.pl\/wordpress\/#website"},"primaryImageOfPage":{"@id":"https:\/\/lekarzeopole.pl\/wordpress\/product\/welltone\/#primaryimage"},"image":{"@id":"https:\/\/lekarzeopole.pl\/wordpress\/product\/welltone\/#primaryimage"},"thumbnailUrl":"https:\/\/lekarzeopole.pl\/wordpress\/wp-content\/uploads\/2024\/02\/welltone.png","datePublished":"2024-02-06T11:46:16+00:00","dateModified":"2024-06-07T13:59:25+00:00","breadcrumb":{"@id":"https:\/\/lekarzeopole.pl\/wordpress\/product\/welltone\/#breadcrumb"},"inLanguage":"pl-PL","potentialAction":[{"@type":"ReadAction","target":["https:\/\/lekarzeopole.pl\/wordpress\/product\/welltone\/"]}]},{"@type":"ImageObject","inLanguage":"pl-PL","@id":"https:\/\/lekarzeopole.pl\/wordpress\/product\/welltone\/#primaryimage","url":"https:\/\/lekarzeopole.pl\/wordpress\/wp-content\/uploads\/2024\/02\/welltone.png","contentUrl":"https:\/\/lekarzeopole.pl\/wordpress\/wp-content\/uploads\/2024\/02\/welltone.png","width":761,"height":573,"caption":"Welltone"},{"@type":"BreadcrumbList","@id":"https:\/\/lekarzeopole.pl\/wordpress\/product\/welltone\/#breadcrumb","itemListElement":[{"@type":"ListItem","position":1,"name":"\u0413\u043b\u0430\u0432\u043d\u0430\u044f \u0441\u0442\u0440\u0430\u043d\u0438\u0446\u0430","item":"https:\/\/lekarzeopole.pl\/wordpress\/"},{"@type":"ListItem","position":2,"name":"Zakup","item":"https:\/\/lekarzeopole.pl\/wordpress\/"},{"@type":"ListItem","position":3,"name":"Welltone"}]},{"@type":"WebSite","@id":"https:\/\/lekarzeopole.pl\/wordpress\/#website","url":"https:\/\/lekarzeopole.pl\/wordpress\/","name":"Lekarze Opole","description":"","potentialAction":[{"@type":"SearchAction","target":{"@type":"EntryPoint","urlTemplate":"https:\/\/lekarzeopole.pl\/wordpress\/?s={search_term_string}"},"query-input":{"@type":"PropertyValueSpecification","valueRequired":true,"valueName":"search_term_string"}}],"inLanguage":"pl-PL"}]}},"_links":{"self":[{"href":"https:\/\/lekarzeopole.pl\/wordpress\/wp-json\/wp\/v2\/product\/274","targetHints":{"allow":["GET"]}}],"collection":[{"href":"https:\/\/lekarzeopole.pl\/wordpress\/wp-json\/wp\/v2\/product"}],"about":[{"href":"https:\/\/lekarzeopole.pl\/wordpress\/wp-json\/wp\/v2\/types\/product"}],"replies":[{"embeddable":true,"href":"https:\/\/lekarzeopole.pl\/wordpress\/wp-json\/wp\/v2\/comments?post=274"}],"wp:featuredmedia":[{"embeddable":true,"href":"https:\/\/lekarzeopole.pl\/wordpress\/wp-json\/wp\/v2\/media\/275"}],"wp:attachment":[{"href":"https:\/\/lekarzeopole.pl\/wordpress\/wp-json\/wp\/v2\/media?parent=274"}],"wp:term":[{"taxonomy":"product_brand","embeddable":true,"href":"https:\/\/lekarzeopole.pl\/wordpress\/wp-json\/wp\/v2\/product_brand?post=274"},{"taxonomy":"product_cat","embeddable":true,"href":"https:\/\/lekarzeopole.pl\/wordpress\/wp-json\/wp\/v2\/product_cat?post=274"},{"taxonomy":"product_tag","embeddable":true,"href":"https:\/\/lekarzeopole.pl\/wordpress\/wp-json\/wp\/v2\/product_tag?post=274"}],"curies":[{"name":"wp","href":"https:\/\/api.w.org\/{rel}","templated":true}]}}