{"id":272,"date":"2024-02-06T11:30:23","date_gmt":"2024-02-06T11:30:23","guid":{"rendered":"https:\/\/lekarzeopole.pl\/wordpress\/?post_type=product&#038;p=272"},"modified":"2024-11-13T15:41:05","modified_gmt":"2024-11-13T15:41:05","slug":"elesse-cream","status":"publish","type":"product","link":"https:\/\/lekarzeopole.pl\/wordpress\/product\/elesse-cream\/","title":{"rendered":"Elesse Cream"},"content":{"rendered":"<div class=\"flex-1 overflow-hidden\">\n<div class=\"react-scroll-to-bottom--css-wniag-79elbk h-full\">\n<div class=\"react-scroll-to-bottom--css-wniag-1n7m0yu\">\n<div class=\"flex flex-col pb-9 text-sm\">\n<div class=\"w-full text-token-text-primary\" data-testid=\"conversation-turn-3\">\n<div class=\"px-4 py-2 justify-center text-base md:gap-6 m-auto\">\n<div class=\"flex flex-1 text-base mx-auto gap-3 md:px-5 lg:px-1 xl:px-5 md:max-w-3xl lg:max-w-[40rem] xl:max-w-[48rem] group\">\n<div class=\"relative flex w-full flex-col lg:w-[calc(100%-115px)] agent-turn\">\n<div class=\"flex-col gap-1 md:gap-3\">\n<div class=\"flex flex-grow flex-col max-w-full\">\n<div class=\"text-message flex flex-col items-start gap-3 whitespace-pre-wrap break-words [.text-message+&amp;]:mt-5 overflow-x-auto\" data-message-author-role=\"assistant\" data-message-id=\"5d5c48d8-eb6c-4b0a-b341-fae7bf6c215b\">\n<div class=\"markdown prose w-full break-words dark:prose-invert light\">\n<p>W dzisiejszych czasach piel\u0119gnacja sk\u00f3ry staje si\u0119 coraz wa\u017cniejsza, poniewa\u017c to w\u0142a\u015bnie ona jest nasz\u0105 wizyt\u00f3wk\u0105 i odzwierciedla nasze zdrowie i samopoczucie. Jednym z produkt\u00f3w, kt\u00f3ry zdobywa coraz wi\u0119ksz\u0105 popularno\u015b\u0107 w \u015bwiecie piel\u0119gnacji sk\u00f3ry, jest Elesse Cream. Jest to bioaktywny krem, kt\u00f3ry zawiera kom\u00f3rki macierzyste z zielonego jab\u0142ka, co sprawia, \u017ce jest niezwykle skuteczny w poprawie wygl\u0105du i kondycji sk\u00f3ry. W tej artykule przyjrzymy si\u0119 bli\u017cej temu niezwyk\u0142emu produktowi i dowiemy si\u0119, dlaczego warto go wypr\u00f3bowa\u0107.<\/p>\n<h2>Wskazania do stosowania Elesse Cream<\/h2>\n<p>Elesse Cream jest doskona\u0142ym rozwi\u0105zaniem dla os\u00f3b, kt\u00f3re chc\u0105 poprawi\u0107 wygl\u0105d swojej sk\u00f3ry oraz zwalczy\u0107 oznaki starzenia si\u0119. Krem ten mo\u017ce by\u0107 stosowany przez osoby w r\u00f3\u017cnym wieku i o r\u00f3\u017cnym rodzaju sk\u00f3rze. G\u0142\u00f3wne wskazania do stosowania Elesse Cream to:<\/p>\n<ol>\n<li><strong>Zmarszczki i linie mimiczne:<\/strong> Elesse Cream zawiera sk\u0142adniki aktywne, kt\u00f3re pomagaj\u0105 w redukcji zmarszczek i linii mimicznych, nadaj\u0105c sk\u00f3rze g\u0142adko\u015b\u0107 i m\u0142odzie\u0144czy wygl\u0105d.<\/li>\n<li><strong>Utleniona sk\u00f3ra:<\/strong> Dzi\u0119ki obecno\u015bci kom\u00f3rek macierzystych z zielonego jab\u0142ka, krem ten pomaga w regeneracji sk\u00f3ry i przywracaniu jej naturalnego blasku.<\/li>\n<li><strong>Elastyczno\u015b\u0107 sk\u00f3ry:<\/strong> Elesse Cream wspomaga regeneracj\u0119 kom\u00f3rek sk\u00f3ry, przywracaj\u0105c jej utracon\u0105 elastyczno\u015b\u0107 i j\u0119drno\u015b\u0107.<\/li>\n<li><strong>Od\u017cywienie sk\u00f3ry:<\/strong> Sk\u0142adniki od\u017cywcze zawarte w kremie dog\u0142\u0119bnie od\u017cywiaj\u0105 sk\u00f3r\u0119, sprawiaj\u0105c, \u017ce staje si\u0119 ona zdrowsza i bardziej promienna.<\/li>\n<\/ol>\n<h2>Sk\u0142ad i dzia\u0142anie sk\u0142adnik\u00f3w Elesse Cream<\/h2>\n<p>Kluczowym elementem sukcesu Elesse Cream s\u0105 jego sk\u0142adniki, w tym kom\u00f3rki macierzyste z zielonego jab\u0142ka. Te kom\u00f3rki wnikaj\u0105 w podsk\u00f3rn\u0105 tkank\u0119 t\u0142uszczow\u0105, nasycaj\u0105c j\u0105 dobroczynnymi sk\u0142adnikami od\u017cywczymi, kt\u00f3re uruchamiaj\u0105 proces regeneracji. Poznajmy bli\u017cej niekt\u00f3re z g\u0142\u00f3wnych sk\u0142adnik\u00f3w Elesse Cream:<\/p>\n<ol>\n<li><strong>Kom\u00f3rki macierzyste z zielonego jab\u0142ka:<\/strong> Te kom\u00f3rki s\u0105 bogate w antyoksydanty, kt\u00f3re chroni\u0105 sk\u00f3r\u0119 przed szkodliwym dzia\u0142aniem wolnych rodnik\u00f3w. Dodatkowo, pobudzaj\u0105 procesy regeneracji kom\u00f3rek sk\u00f3ry, redukuj\u0105c zmarszczki i przywracaj\u0105c elastyczno\u015b\u0107.<\/li>\n<li><strong>Kwas hialuronowy:<\/strong> Ten sk\u0142adnik jest znany z w\u0142a\u015bciwo\u015bci nawil\u017caj\u0105cych. Pomaga utrzyma\u0107 sk\u00f3r\u0119 nawil\u017con\u0105 i wyg\u0142adzon\u0105, co wp\u0142ywa na redukcj\u0119 zmarszczek.<\/li>\n<li><strong>Ekstrakt z aloesu:<\/strong> Aloes to ro\u015blina o w\u0142a\u015bciwo\u015bciach koj\u0105cych i \u0142agodz\u0105cych podra\u017cnienia sk\u00f3ry. Pomaga w redukcji zaczerwienie\u0144 i \u0142agodzi sk\u00f3r\u0119.<\/li>\n<li><strong>Witamina E:<\/strong> To silny antyoksydant, kt\u00f3ry pomaga w ochronie sk\u00f3ry przed dzia\u0142aniem czynnik\u00f3w \u015brodowiskowych, takich jak promieniowanie UV i zanieczyszczenia powietrza.<\/li>\n<\/ol>\n<p style=\"text-align: center;\"><a href=\"https:\/\/mandarv.com\/6WyS?sub1=sub1&amp;sub2=sub2&amp;sub3=sub3&amp;sub4=sub4&amp;sub5=sub5\"><button>www.elesse-cream.pl<\/button><\/a><\/p>\n<h2>Efekty Elesse Cream i ich charakterystyka<\/h2>\n<p>Po regularnym stosowaniu Elesse Cream mo\u017cna oczekiwa\u0107 wielu korzy\u015bci dla sk\u00f3ry. Oto g\u0142\u00f3wne efekty, jakie mo\u017cna osi\u0105gn\u0105\u0107 dzi\u0119ki temu kremowi:<\/p>\n<ol>\n<li><strong>Wyg\u0142adzenie zmarszczek i linii mimicznych:<\/strong> Dzi\u0119ki dzia\u0142aniu sk\u0142adnik\u00f3w od\u017cywczych oraz kom\u00f3rek macierzystych z zielonego jab\u0142ka, Elesse Cream pomaga w redukcji zmarszczek i linii mimicznych, nadaj\u0105c sk\u00f3rze m\u0142odzie\u0144czy wygl\u0105d.<\/li>\n<li><strong>Regeneracja sk\u00f3ry:<\/strong> Krem ten wspomaga procesy regeneracji kom\u00f3rek sk\u00f3ry, co przyczynia si\u0119 do przywr\u00f3cenia elastyczno\u015bci i j\u0119drno\u015bci sk\u00f3ry.<\/li>\n<li><strong>Nawil\u017cenie i od\u017cywienie:<\/strong> Sk\u0142adniki kremu doskonale nawil\u017caj\u0105 i od\u017cywiaj\u0105 sk\u00f3r\u0119, sprawiaj\u0105c, \u017ce staje si\u0119 ona bardziej promienna i zdrowsza.<\/li>\n<li><strong>Redukcja oznak zm\u0119czenia:<\/strong> Elesse Cream pomaga w redukcji opuchlizny i zaczerwienie\u0144, dzi\u0119ki czemu sk\u00f3ra wygl\u0105da \u015bwie\u017co i wypocz\u0119cie.<\/li>\n<\/ol>\n<h2>Ryzyko skutk\u00f3w ubocznych<\/h2>\n<p>Jednym z g\u0142\u00f3wnych atut\u00f3w Elesse Cream jest fakt, \u017ce jest to produkt oparty na naturalnych sk\u0142adnikach, co minimalizuje ryzyko skutk\u00f3w ubocznych. Dzi\u0119ki temu kremowi mo\u017cesz cieszy\u0107 si\u0119 piel\u0119gnacj\u0105 sk\u00f3ry bez obaw o reakcje alergiczne czy podra\u017cnienia. Przed u\u017cyciem zawsze zaleca si\u0119 przeczytanie sk\u0142adu produktu i wykonanie pr\u00f3by na ma\u0142ym fragmencie sk\u00f3ry, aby upewni\u0107 si\u0119, \u017ce nie ma \u017cadnych reakcji alergicznych.<\/p>\n<p><em>Elesse Cream to innowacyjny krem do piel\u0119gnacji sk\u00f3ry, kt\u00f3ry mo\u017ce dostarczy\u0107 wiele korzy\u015bci dla Twojej cery. Dzi\u0119ki swoim naturalnym sk\u0142adnikom i kom\u00f3rkom macierzystym z zielonego jab\u0142ka, pomaga w redukcji zmarszczek, przywraca elastyczno\u015b\u0107 sk\u00f3rze oraz od\u017cywia j\u0105. Skorzystaj z tego niezawodnego wsparcia naturalnych komponent\u00f3w i ciesz si\u0119 pi\u0119kn\u0105 i zdrow\u0105 sk\u00f3r\u0105 przez wiele lat.<\/em><\/p>\n<\/div>\n<\/div>\n<\/div>\n<\/div>\n<\/div>\n<\/div>\n<\/div>\n<\/div>\n<div class=\"w-full text-token-text-primary\" data-testid=\"conversation-turn-5\">\n<div class=\"px-4 py-2 justify-center text-base md:gap-6 m-auto\">\n<div class=\"flex flex-1 text-base mx-auto gap-3 md:px-5 lg:px-1 xl:px-5 md:max-w-3xl lg:max-w-[40rem] xl:max-w-[48rem] group final-completion\">\n<div class=\"relative flex w-full flex-col lg:w-[calc(100%-115px)] agent-turn\">\n<div class=\"flex-col gap-1 md:gap-3\">\n<div class=\"flex flex-grow flex-col max-w-full\">\n<div class=\"min-h-[20px] text-message flex flex-col items-start gap-3 whitespace-pre-wrap break-words [.text-message+&amp;]:mt-5 overflow-x-auto\" data-message-author-role=\"assistant\" data-message-id=\"27ba1d80-6639-45ee-be1d-2afa9121b8a3\">\n<div class=\"markdown prose w-full break-words dark:prose-invert light\">\n<h2>Opinie klient\u00f3w o Elesse Cream: fora po\u015bwi\u0119cone zdrowiu<\/h2>\n<p>Na polskich forach internetowych po\u015bwi\u0119conych zdrowiu i piel\u0119gnacji sk\u00f3ry, Elesse Cream zdobywa coraz wi\u0119ksz\u0105 popularno\u015b\u0107. Ten innowacyjny krem do twarzy przyci\u0105ga uwag\u0119 u\u017cytkownik\u00f3w dzi\u0119ki swoim rewolucyjnym sk\u0142adnikom i imponuj\u0105cym efektom, jakie mo\u017ce dostarczy\u0107. Nie dziwi zatem fakt, \u017ce na tych platformach mo\u017cna znale\u017a\u0107 wiele opinii od u\u017cytkownik\u00f3w, kt\u00f3rzy podzielili si\u0119 swoimi do\u015bwiadczeniami zwi\u0105zanych z Elesse Cream. Przewa\u017caj\u0105ca liczba opinii opisuje pozytywne dzia\u0142anie tego produktu, jego dost\u0119pno\u015b\u0107 oraz korzy\u015bci, jakie przynosi dla sk\u00f3ry. Poni\u017cej przedstawiamy dwa przyk\u0142adowe opinie od u\u017cytkownik\u00f3w:<\/p>\n<ol>\n<li><strong>Anna:<\/strong> &#8222;Przez wiele lat pr\u00f3bowa\u0142am r\u00f3\u017cnych krem\u00f3w na twarz, ale \u017caden nie da\u0142 mi takich rezultat\u00f3w, jak Elesse Cream. Po kilku tygodniach stosowania zauwa\u017cy\u0142am wyra\u017an\u0105 redukcj\u0119 zmarszczek i moja sk\u00f3ra sta\u0142a si\u0119 bardziej j\u0119drna. Jestem bardzo zadowolona z tego produktu!&#8221;<\/li>\n<li><strong>Marcina:<\/strong> &#8222;Elesse Cream to prawdziwa rewelacja! Moja sk\u00f3ra by\u0142a zm\u0119czona i szara, a teraz jest pe\u0142na blasku i energii. Co wa\u017cne, produkt jest \u0142atwo dost\u0119pny online, a p\u0142atno\u015b\u0107 odbywa si\u0119 po dostawie, wi\u0119c nie trzeba obawia\u0107 si\u0119 ryzyka. Polecam!&#8221;<\/li>\n<\/ol>\n<h2>Spos\u00f3b podawania i dawkowanie<\/h2>\n<p>Aby osi\u0105gn\u0105\u0107 najlepsze efekty z u\u017cycia Elesse Cream, nale\u017cy przestrzega\u0107 zalece\u0144 dotycz\u0105cych sposobu podawania i dawkowania. Oto kilka wskaz\u00f3wek:<\/p>\n<ol>\n<li><strong>Oczy\u015b\u0107 sk\u00f3r\u0119:<\/strong> Przed u\u017cyciem kremu upewnij si\u0119, \u017ce twoja sk\u00f3ra jest dok\u0142adnie oczyszczona z makija\u017cu i zanieczyszcze\u0144.<\/li>\n<li><strong>Nanie\u015b niewielk\u0105 ilo\u015b\u0107 kremu:<\/strong> Nanie\u015b niewielk\u0105 ilo\u015b\u0107 Elesse Cream na sk\u00f3r\u0119 twarzy i delikatnie wmasuj go w sk\u00f3r\u0119 za pomoc\u0105 ruch\u00f3w okr\u0119\u017cnych.<\/li>\n<li><strong>Stosuj regularnie:<\/strong> Aby osi\u0105gn\u0105\u0107 najlepsze efekty, stosuj krem rano i wieczorem, codziennie.<\/li>\n<li><strong>Unikaj kontaktu z oczami:<\/strong> Krem jest przeznaczony do stosowania na sk\u00f3r\u0119 twarzy, unikaj kontaktu z oczami i b\u0142onami \u015bluzowymi.<\/li>\n<\/ol>\n<h2>Kup teraz Elesse Cream z dostaw\u0105<\/h2>\n<p>Kupienie Elesse Cream jest niezwykle \u0142atwe i wygodne. Produkt jest dost\u0119pny online, na oficjalnej stronie producenta. Co wi\u0119cej, nie musisz p\u0142aci\u0107 z g\u00f3ry \u2013 p\u0142atno\u015b\u0107 jest dokonywana po dostawie, co zapewnia bezpiecze\u0144stwo zakupu. Dostawa kremu trwa zazwyczaj 3-4 dni robocze, co oznacza, \u017ce w kr\u00f3tkim czasie b\u0119dziesz m\u00f3g\u0142 cieszy\u0107 si\u0119 korzy\u015bciami wynikaj\u0105cymi z regularnego stosowania Elesse Cream.<\/p>\n<p>Dodatkowo, po z\u0142o\u017ceniu zam\u00f3wienia, specjalista kontaktuje si\u0119 telefonicznie, aby potwierdzi\u0107 zam\u00f3wienie, udzieli\u0107 dodatkowych informacji oraz doradzi\u0107 w przypadku dost\u0119pno\u015bci akcyjnych ofert.<\/p>\n<p style=\"text-align: center;\"><a href=\"https:\/\/mandarv.com\/6WyS?sub1=sub1&amp;sub2=sub2&amp;sub3=sub3&amp;sub4=sub4&amp;sub5=sub5\"><button>Zakup na stronie producenta (-50%)<\/button><\/a><\/p>\n<h2>Por\u00f3wnanie ofert: ceny i dost\u0119pno\u015b\u0107 Elesse Cream<\/h2>\n<p>Producent Elesse Cream stawia na dost\u0119pno\u015b\u0107 produktu dla klient\u00f3w, dlatego mo\u017cna go naby\u0107 wy\u0142\u0105cznie na oficjalnej stronie internetowej. Ten bezpo\u015bredni kontakt z producentem eliminuje po\u015brednik\u00f3w i ewentualne na\u0142o\u017cone na cen\u0119 mar\u017ce. Ponadto, na stronie producenta mo\u017cna regularnie sprawdza\u0107 dost\u0119pno\u015b\u0107 r\u00f3\u017cnych promocji i zni\u017cek, co pozwala zaoszcz\u0119dzi\u0107 jeszcze wi\u0119cej.<\/p>\n<p>Warto pami\u0119ta\u0107, \u017ce Elesse Cream nie jest dost\u0119pny w stacjonarnych aptekach. Dlatego aby zakupi\u0107 oryginalny produkt, zaleca si\u0119 korzystanie wy\u0142\u0105cznie z oficjalnej strony producenta. W ten spos\u00f3b mo\u017cna mie\u0107 pewno\u015b\u0107, \u017ce otrzymuje si\u0119 autentyczny produkt, kt\u00f3ry przyniesie najlepsze rezultaty piel\u0119gnacji sk\u00f3ry.<\/p>\n<p><em>Elesse Cream to produkt, kt\u00f3ry zdobywa coraz wi\u0119ksz\u0105 popularno\u015b\u0107 w Polsce dzi\u0119ki swoim imponuj\u0105cym efektom i dost\u0119pno\u015bci. Stosuj\u0105c ten krem zgodnie z zaleceniami, mo\u017cna cieszy\u0107 si\u0119 zdrowsz\u0105, m\u0142odsz\u0105 i bardziej promienn\u0105 sk\u00f3r\u0105. Kupienie Elesse Cream jest proste i wygodne, a bezpieczna p\u0142atno\u015b\u0107 po dostawie oraz kontakt z specjalist\u0105 sprawiaj\u0105, \u017ce zakupy s\u0105 komfortowe i bez ryzyka. Nie czekaj d\u0142u\u017cej, sprawd\u017a oficjaln\u0105 stron\u0119 producenta i zacznij dba\u0107 o zdrowie i urod\u0119 swojej sk\u00f3ry ju\u017c dzi\u015b!<\/em><\/p>\n<\/div>\n<\/div>\n<\/div>\n<\/div>\n<\/div>\n<\/div>\n<\/div>\n<\/div>\n<\/div>\n<\/div>\n<\/div>\n<\/div>\n","protected":false},"excerpt":{"rendered":"<p style=\"text-align: center;\"><a href=\"https:\/\/mandarv.com\/6WyS?sub1=sub1&amp;sub2=sub2&amp;sub3=sub3&amp;sub4=sub4&amp;sub5=sub5\"><button>Kup teraz<\/button><\/a><\/p>\n<p>SKU:\u00a0<span class=\"sku\">789.878.489<\/span><\/p>\n<hr \/>\n<p><small>Produkt sprzedawany jest wy\u0142\u0105cznie za po\u015brednictwem oficjalnej strony producenta, id\u017a i kupuj bezpiecznie!<\/small><\/p>\n","protected":false},"featured_media":273,"comment_status":"open","ping_status":"closed","template":"","meta":[],"product_brand":[],"product_cat":[15],"product_tag":[],"class_list":{"0":"post-272","1":"product","2":"type-product","3":"status-publish","4":"has-post-thumbnail","6":"product_cat-supl","7":"thunk-woo-product-list","8":"opn-qv-enable","9":"top-store-woo-hover-","10":"top-store-single-product-tab-horizontal","11":"top-store-shadow-","12":"top-store-shadow-hover-","14":"first","15":"instock","16":"sale","17":"shipping-taxable","18":"purchasable","19":"product-type-simple"},"yoast_head":"<!-- This site is optimized with the Yoast SEO plugin v27.4 - https:\/\/yoast.com\/product\/yoast-seo-wordpress\/ -->\n<title>Elesse Cream - kup suplement, cena w aptece, sk\u0142ad, dzia\u0142anie<\/title>\n<meta name=\"robots\" content=\"index, follow, max-snippet:-1, max-image-preview:large, max-video-preview:-1\" \/>\n<link rel=\"canonical\" href=\"https:\/\/lekarzeopole.pl\/wordpress\/product\/elesse-cream\/\" \/>\n<meta property=\"og:locale\" content=\"pl_PL\" \/>\n<meta property=\"og:type\" content=\"article\" \/>\n<meta property=\"og:title\" content=\"Elesse Cream - kup suplement, cena w aptece, sk\u0142ad, dzia\u0142anie\" \/>\n<meta property=\"og:description\" content=\"Kup teraz SKU:\u00a0789.878.489    Produkt sprzedawany jest wy\u0142\u0105cznie za po\u015brednictwem oficjalnej strony producenta, id\u017a i kupuj bezpiecznie!\" \/>\n<meta property=\"og:url\" content=\"https:\/\/lekarzeopole.pl\/wordpress\/product\/elesse-cream\/\" \/>\n<meta property=\"og:site_name\" content=\"Lekarze Opole\" \/>\n<meta property=\"article:modified_time\" content=\"2024-11-13T15:41:05+00:00\" \/>\n<meta property=\"og:image\" content=\"https:\/\/lekarzeopole.pl\/wordpress\/wp-content\/uploads\/2024\/02\/elesse-cream.png\" \/>\n\t<meta property=\"og:image:width\" content=\"584\" \/>\n\t<meta property=\"og:image:height\" content=\"448\" \/>\n\t<meta property=\"og:image:type\" content=\"image\/png\" \/>\n<meta name=\"twitter:card\" content=\"summary_large_image\" \/>\n<meta name=\"twitter:label1\" content=\"Szacowany czas czytania\" \/>\n\t<meta name=\"twitter:data1\" content=\"7 minut\" \/>\n<script type=\"application\/ld+json\" class=\"yoast-schema-graph\">{\"@context\":\"https:\\\/\\\/schema.org\",\"@graph\":[{\"@type\":\"WebPage\",\"@id\":\"https:\\\/\\\/lekarzeopole.pl\\\/wordpress\\\/product\\\/elesse-cream\\\/\",\"url\":\"https:\\\/\\\/lekarzeopole.pl\\\/wordpress\\\/product\\\/elesse-cream\\\/\",\"name\":\"Elesse Cream - kup suplement, cena w aptece, sk\u0142ad, dzia\u0142anie\",\"isPartOf\":{\"@id\":\"https:\\\/\\\/lekarzeopole.pl\\\/wordpress\\\/#website\"},\"primaryImageOfPage\":{\"@id\":\"https:\\\/\\\/lekarzeopole.pl\\\/wordpress\\\/product\\\/elesse-cream\\\/#primaryimage\"},\"image\":{\"@id\":\"https:\\\/\\\/lekarzeopole.pl\\\/wordpress\\\/product\\\/elesse-cream\\\/#primaryimage\"},\"thumbnailUrl\":\"https:\\\/\\\/lekarzeopole.pl\\\/wordpress\\\/wp-content\\\/uploads\\\/2024\\\/02\\\/elesse-cream.png\",\"datePublished\":\"2024-02-06T11:30:23+00:00\",\"dateModified\":\"2024-11-13T15:41:05+00:00\",\"breadcrumb\":{\"@id\":\"https:\\\/\\\/lekarzeopole.pl\\\/wordpress\\\/product\\\/elesse-cream\\\/#breadcrumb\"},\"inLanguage\":\"pl-PL\",\"potentialAction\":[{\"@type\":\"ReadAction\",\"target\":[\"https:\\\/\\\/lekarzeopole.pl\\\/wordpress\\\/product\\\/elesse-cream\\\/\"]}]},{\"@type\":\"ImageObject\",\"inLanguage\":\"pl-PL\",\"@id\":\"https:\\\/\\\/lekarzeopole.pl\\\/wordpress\\\/product\\\/elesse-cream\\\/#primaryimage\",\"url\":\"https:\\\/\\\/lekarzeopole.pl\\\/wordpress\\\/wp-content\\\/uploads\\\/2024\\\/02\\\/elesse-cream.png\",\"contentUrl\":\"https:\\\/\\\/lekarzeopole.pl\\\/wordpress\\\/wp-content\\\/uploads\\\/2024\\\/02\\\/elesse-cream.png\",\"width\":584,\"height\":448,\"caption\":\"Elesse Cream\"},{\"@type\":\"BreadcrumbList\",\"@id\":\"https:\\\/\\\/lekarzeopole.pl\\\/wordpress\\\/product\\\/elesse-cream\\\/#breadcrumb\",\"itemListElement\":[{\"@type\":\"ListItem\",\"position\":1,\"name\":\"\u0413\u043b\u0430\u0432\u043d\u0430\u044f \u0441\u0442\u0440\u0430\u043d\u0438\u0446\u0430\",\"item\":\"https:\\\/\\\/lekarzeopole.pl\\\/wordpress\\\/\"},{\"@type\":\"ListItem\",\"position\":2,\"name\":\"Zakup\",\"item\":\"https:\\\/\\\/lekarzeopole.pl\\\/wordpress\\\/\"},{\"@type\":\"ListItem\",\"position\":3,\"name\":\"Elesse Cream\"}]},{\"@type\":\"WebSite\",\"@id\":\"https:\\\/\\\/lekarzeopole.pl\\\/wordpress\\\/#website\",\"url\":\"https:\\\/\\\/lekarzeopole.pl\\\/wordpress\\\/\",\"name\":\"Lekarze Opole\",\"description\":\"\",\"potentialAction\":[{\"@type\":\"SearchAction\",\"target\":{\"@type\":\"EntryPoint\",\"urlTemplate\":\"https:\\\/\\\/lekarzeopole.pl\\\/wordpress\\\/?s={search_term_string}\"},\"query-input\":{\"@type\":\"PropertyValueSpecification\",\"valueRequired\":true,\"valueName\":\"search_term_string\"}}],\"inLanguage\":\"pl-PL\"}]}<\/script>\n<!-- \/ Yoast SEO plugin. -->","yoast_head_json":{"title":"Elesse Cream - kup suplement, cena w aptece, sk\u0142ad, dzia\u0142anie","robots":{"index":"index","follow":"follow","max-snippet":"max-snippet:-1","max-image-preview":"max-image-preview:large","max-video-preview":"max-video-preview:-1"},"canonical":"https:\/\/lekarzeopole.pl\/wordpress\/product\/elesse-cream\/","og_locale":"pl_PL","og_type":"article","og_title":"Elesse Cream - kup suplement, cena w aptece, sk\u0142ad, dzia\u0142anie","og_description":"Kup teraz SKU:\u00a0789.878.489    Produkt sprzedawany jest wy\u0142\u0105cznie za po\u015brednictwem oficjalnej strony producenta, id\u017a i kupuj bezpiecznie!","og_url":"https:\/\/lekarzeopole.pl\/wordpress\/product\/elesse-cream\/","og_site_name":"Lekarze Opole","article_modified_time":"2024-11-13T15:41:05+00:00","og_image":[{"width":584,"height":448,"url":"https:\/\/lekarzeopole.pl\/wordpress\/wp-content\/uploads\/2024\/02\/elesse-cream.png","type":"image\/png"}],"twitter_card":"summary_large_image","twitter_misc":{"Szacowany czas czytania":"7 minut"},"schema":{"@context":"https:\/\/schema.org","@graph":[{"@type":"WebPage","@id":"https:\/\/lekarzeopole.pl\/wordpress\/product\/elesse-cream\/","url":"https:\/\/lekarzeopole.pl\/wordpress\/product\/elesse-cream\/","name":"Elesse Cream - kup suplement, cena w aptece, sk\u0142ad, dzia\u0142anie","isPartOf":{"@id":"https:\/\/lekarzeopole.pl\/wordpress\/#website"},"primaryImageOfPage":{"@id":"https:\/\/lekarzeopole.pl\/wordpress\/product\/elesse-cream\/#primaryimage"},"image":{"@id":"https:\/\/lekarzeopole.pl\/wordpress\/product\/elesse-cream\/#primaryimage"},"thumbnailUrl":"https:\/\/lekarzeopole.pl\/wordpress\/wp-content\/uploads\/2024\/02\/elesse-cream.png","datePublished":"2024-02-06T11:30:23+00:00","dateModified":"2024-11-13T15:41:05+00:00","breadcrumb":{"@id":"https:\/\/lekarzeopole.pl\/wordpress\/product\/elesse-cream\/#breadcrumb"},"inLanguage":"pl-PL","potentialAction":[{"@type":"ReadAction","target":["https:\/\/lekarzeopole.pl\/wordpress\/product\/elesse-cream\/"]}]},{"@type":"ImageObject","inLanguage":"pl-PL","@id":"https:\/\/lekarzeopole.pl\/wordpress\/product\/elesse-cream\/#primaryimage","url":"https:\/\/lekarzeopole.pl\/wordpress\/wp-content\/uploads\/2024\/02\/elesse-cream.png","contentUrl":"https:\/\/lekarzeopole.pl\/wordpress\/wp-content\/uploads\/2024\/02\/elesse-cream.png","width":584,"height":448,"caption":"Elesse Cream"},{"@type":"BreadcrumbList","@id":"https:\/\/lekarzeopole.pl\/wordpress\/product\/elesse-cream\/#breadcrumb","itemListElement":[{"@type":"ListItem","position":1,"name":"\u0413\u043b\u0430\u0432\u043d\u0430\u044f \u0441\u0442\u0440\u0430\u043d\u0438\u0446\u0430","item":"https:\/\/lekarzeopole.pl\/wordpress\/"},{"@type":"ListItem","position":2,"name":"Zakup","item":"https:\/\/lekarzeopole.pl\/wordpress\/"},{"@type":"ListItem","position":3,"name":"Elesse Cream"}]},{"@type":"WebSite","@id":"https:\/\/lekarzeopole.pl\/wordpress\/#website","url":"https:\/\/lekarzeopole.pl\/wordpress\/","name":"Lekarze Opole","description":"","potentialAction":[{"@type":"SearchAction","target":{"@type":"EntryPoint","urlTemplate":"https:\/\/lekarzeopole.pl\/wordpress\/?s={search_term_string}"},"query-input":{"@type":"PropertyValueSpecification","valueRequired":true,"valueName":"search_term_string"}}],"inLanguage":"pl-PL"}]}},"_links":{"self":[{"href":"https:\/\/lekarzeopole.pl\/wordpress\/wp-json\/wp\/v2\/product\/272","targetHints":{"allow":["GET"]}}],"collection":[{"href":"https:\/\/lekarzeopole.pl\/wordpress\/wp-json\/wp\/v2\/product"}],"about":[{"href":"https:\/\/lekarzeopole.pl\/wordpress\/wp-json\/wp\/v2\/types\/product"}],"replies":[{"embeddable":true,"href":"https:\/\/lekarzeopole.pl\/wordpress\/wp-json\/wp\/v2\/comments?post=272"}],"wp:featuredmedia":[{"embeddable":true,"href":"https:\/\/lekarzeopole.pl\/wordpress\/wp-json\/wp\/v2\/media\/273"}],"wp:attachment":[{"href":"https:\/\/lekarzeopole.pl\/wordpress\/wp-json\/wp\/v2\/media?parent=272"}],"wp:term":[{"taxonomy":"product_brand","embeddable":true,"href":"https:\/\/lekarzeopole.pl\/wordpress\/wp-json\/wp\/v2\/product_brand?post=272"},{"taxonomy":"product_cat","embeddable":true,"href":"https:\/\/lekarzeopole.pl\/wordpress\/wp-json\/wp\/v2\/product_cat?post=272"},{"taxonomy":"product_tag","embeddable":true,"href":"https:\/\/lekarzeopole.pl\/wordpress\/wp-json\/wp\/v2\/product_tag?post=272"}],"curies":[{"name":"wp","href":"https:\/\/api.w.org\/{rel}","templated":true}]}}