{"id":257,"date":"2024-02-06T10:21:05","date_gmt":"2024-02-06T10:21:05","guid":{"rendered":"https:\/\/lekarzeopole.pl\/wordpress\/?post_type=product&#038;p=257"},"modified":"2026-01-05T14:06:12","modified_gmt":"2026-01-05T14:06:12","slug":"rectin","status":"publish","type":"product","link":"https:\/\/lekarzeopole.pl\/wordpress\/product\/rectin\/","title":{"rendered":"RECTIN"},"content":{"rendered":"<div class=\"w-full text-token-text-primary\" data-testid=\"conversation-turn-3\">\n<div class=\"px-4 py-2 justify-center text-base md:gap-6 m-auto\">\n<div class=\"flex flex-1 text-base mx-auto gap-3 md:px-5 lg:px-1 xl:px-5 md:max-w-3xl lg:max-w-[40rem] xl:max-w-[48rem] group\">\n<div class=\"relative flex w-full flex-col lg:w-[calc(100%-115px)] agent-turn\">\n<div class=\"flex-col gap-1 md:gap-3\">\n<div class=\"flex flex-grow flex-col max-w-full\">\n<div class=\"min-h-[20px] text-message flex flex-col items-start gap-3 whitespace-pre-wrap break-words [.text-message+&amp;]:mt-5 overflow-x-auto\" data-message-author-role=\"assistant\" data-message-id=\"98f82056-8668-47ad-8743-f5e9e1338a56\">\n<div class=\"markdown prose w-full break-words dark:prose-invert light\">\n<p>Hemoroidy to powszechny problem, kt\u00f3ry mo\u017ce dotkn\u0105\u0107 ka\u017cdego, bez wzgl\u0119du na wiek czy p\u0142e\u0107. Jednak\u017ce, niezale\u017cnie od tego, jak uci\u0105\u017cliwe s\u0105 hemoroidy, leczenie ich mo\u017ce by\u0107 trudne i bolesne. W takich przypadkach RECTIN mo\u017ce okaza\u0107 si\u0119 doskona\u0142ym rozwi\u0105zaniem.<\/p>\n<h2>Wskazania do stosowania RECTIN<\/h2>\n<ol>\n<li>Leczenie hemoroid\u00f3w wewn\u0119trznych i zewn\u0119trznych.<\/li>\n<li>Zmniejszanie obrz\u0119k\u00f3w i \u0142agodzenie b\u00f3lu zwi\u0105zanego z hemoroidami.<\/li>\n<li>Pomoc w zwalczaniu sw\u0119dzenia i pieczenia okolic odbytu.<\/li>\n<li>Przyspieszenie procesu gojenia i zmniejszenie krwawienia.<\/li>\n<\/ol>\n<h2>Sk\u0142ad i dzia\u0142anie sk\u0142adnik\u00f3w RECTIN<\/h2>\n<p>RECTIN to naturalny \u017cel, kt\u00f3ry zawiera starannie dobrane sk\u0142adniki, znane ze swojego korzystnego dzia\u0142ania w leczeniu hemoroid\u00f3w. G\u0142\u00f3wne sk\u0142adniki to:<\/p>\n<ol>\n<li><strong>Wyci\u0105g z kasztanowca<\/strong> &#8211; Znany ze swoich w\u0142a\u015bciwo\u015bci przeciwwrzodowych i przeciwzapalnych, kasztanowiec pomaga zmniejszy\u0107 obrz\u0119ki i zaczerwienienie w okolicach odbytu.<\/li>\n<li><strong>Wyci\u0105g z arniki<\/strong> &#8211; Arnika jest naturalnym \u015brodkiem przeciwb\u00f3lowym i przeciwzapalnym, kt\u00f3ry pomaga z\u0142agodzi\u0107 b\u00f3l zwi\u0105zany z hemoroidami.<\/li>\n<li><strong>Kora d\u0119bu<\/strong> &#8211; Kora d\u0119bu jest bogata w taniny, kt\u00f3re pomagaj\u0105 zredukowa\u0107 krwawienie i przyspieszy\u0107 gojenie si\u0119 uszkodzonych tkanek.<\/li>\n<li><strong>Aloes<\/strong> &#8211; Aloes ma w\u0142a\u015bciwo\u015bci \u0142agodz\u0105ce i przeciwb\u00f3lowe, co przyczynia si\u0119 do z\u0142agodzenia sw\u0119dzenia i pieczenia.<\/li>\n<li><strong>D-pantenol<\/strong> &#8211; Ten sk\u0142adnik pomaga w regeneracji i nawil\u017ceniu uszkodzonych tkanek, co przyspiesza proces gojenia.<\/li>\n<\/ol>\n<p>Dzi\u0119ki starannie dobranym sk\u0142adnikom RECTIN dzia\u0142a skutecznie i \u0142agodzi objawy hemoroid\u00f3w w naturalny spos\u00f3b.<\/p>\n<h2>Efekty RECTIN i ich charakterystyka<\/h2>\n<p>RECTIN to produkt, kt\u00f3ry przynosi wiele korzy\u015bci dla os\u00f3b cierpi\u0105cych na hemoroidy. Oto g\u0142\u00f3wne efekty stosowania RECTIN:<\/p>\n<ol>\n<li><strong>Redukcja b\u00f3lu<\/strong> &#8211; Dzi\u0119ki w\u0142a\u015bciwo\u015bciom przeciwb\u00f3lowym sk\u0142adnik\u00f3w RECTIN, mo\u017cna do\u015bwiadczy\u0107 natychmiastowego z\u0142agodzenia b\u00f3lu zwi\u0105zanego z hemoroidami.<\/li>\n<li><strong>Zmniejszenie obrz\u0119k\u00f3w<\/strong> &#8211; Sk\u0142adniki \u017celu pomagaj\u0105 zmniejszy\u0107 obrz\u0119ki w okolicach odbytu, co przyczynia si\u0119 do poprawy komfortu.<\/li>\n<li><strong>Przyspieszenie gojenia<\/strong> &#8211; RECTIN wspomaga proces gojenia si\u0119 uszkodzonych tkanek, co skraca czas trwania dolegliwo\u015bci.<\/li>\n<li><strong>\u0141agodzenie sw\u0119dzenia i pieczenia<\/strong> &#8211; Aloes i inne sk\u0142adniki dzia\u0142aj\u0105 \u0142agodz\u0105co na sk\u00f3r\u0119, co pomaga z\u0142agodzi\u0107 sw\u0119dzenie i pieczenie.<\/li>\n<li><strong>Redukcja krwawienia<\/strong> &#8211; Taniny zawarte w korze d\u0119bu pomagaj\u0105 zmniejszy\u0107 krwawienie zwi\u0105zan\u0435 z hemoroidami.<\/li>\n<\/ol>\n<p style=\"text-align: center;\"><a href=\"https:\/\/kshop34.site\/7a1X0l\/\"><button>www.rectin.pl<\/button><\/a><\/p>\n<h2>Ryzyko skutk\u00f3w ubocznych<\/h2>\n<p>RECTIN to naturalny produkt, kt\u00f3ry opiera si\u0119 na korzystnych w\u0142a\u015bciwo\u015bciach ro\u015blinnych sk\u0142adnik\u00f3w. Dlatego ryzyko wyst\u0105pienia skutk\u00f3w ubocznych jest minimalne. Niemniej jednak, zawsze warto przeczyta\u0107 ulotk\u0119 i skonsultowa\u0107 si\u0119 z lekarzem przed rozpocz\u0119ciem stosowania \u017celu RECTIN, zw\u0142aszcza w przypadku os\u00f3b uczulonych na kt\u00f3rekolwiek ze sk\u0142adnik\u00f3w.<\/p>\n<p><em>RECTIN to niezawodny \u017cel przeciwhemoroidalny, kt\u00f3ry oferuje natychmiastow\u0105 ulg\u0119 i pomaga w leczeniu hemoroid\u00f3w w naturalny i skuteczny spos\u00f3b. Dzi\u0119ki starannie dobranym sk\u0142adnikom, RECTIN jest bezpieczny w u\u017cyciu i przynosi szybkie efekty. Je\u015bli cierpisz na hemoroidy, nie wahaj si\u0119 si\u0119gn\u0105\u0107 po RECTIN, aby odzyska\u0107 komfort i poprawi\u0107 jako\u015b\u0107 \u017cycia.<\/em><\/p>\n<\/div>\n<\/div>\n<\/div>\n<\/div>\n<\/div>\n<\/div>\n<\/div>\n<\/div>\n<div class=\"w-full text-token-text-primary\" data-testid=\"conversation-turn-5\">\n<div class=\"px-4 py-2 justify-center text-base md:gap-6 m-auto\">\n<div class=\"flex flex-1 text-base mx-auto gap-3 md:px-5 lg:px-1 xl:px-5 md:max-w-3xl lg:max-w-[40rem] xl:max-w-[48rem] group final-completion\">\n<div class=\"relative flex w-full flex-col lg:w-[calc(100%-115px)] agent-turn\">\n<div class=\"flex-col gap-1 md:gap-3\">\n<div class=\"flex flex-grow flex-col max-w-full\">\n<div class=\"min-h-[20px] text-message flex flex-col items-start gap-3 whitespace-pre-wrap break-words [.text-message+&amp;]:mt-5 overflow-x-auto\" data-message-author-role=\"assistant\" data-message-id=\"1315eb08-1f4f-47bd-98f7-ad0c3a924d06\">\n<div class=\"markdown prose w-full break-words dark:prose-invert light\">\n<h2>Opinie klient\u00f3w o RECTIN: fora po\u015bwi\u0119cone zdrowiu<\/h2>\n<p>W Polsce RECTIN zdobywa coraz wi\u0119ksz\u0105 popularno\u015b\u0107 w\u015br\u00f3d os\u00f3b borykaj\u0105cych si\u0119 z problemem hemoroid\u00f3w. Na licznych forach po\u015bwi\u0119conych zdrowiu, u\u017cytkownicy dziel\u0105 si\u0119 swoimi do\u015bwiadczeniami zwi\u0105zanymi z tym produktem. W wi\u0119kszo\u015bci przypadk\u00f3w opinie s\u0105 bardzo pozytywne, co tylko potwierdza skuteczno\u015b\u0107 i bezpiecze\u0144stwo RECTIN.<\/p>\n<ol>\n<li><strong>Anna:<\/strong> &#8222;RECTIN okaza\u0142 si\u0119 dla mnie prawdziwym wybawieniem. Cierpia\u0142am na hemoroidy od d\u0142u\u017cszego czasu, pr\u00f3buj\u0105c r\u00f3\u017cnych \u015brodk\u00f3w. RECTIN przyni\u00f3s\u0142 mi natychmiastow\u0105 ulg\u0119, a regularne stosowanie pomog\u0142o mi pozby\u0107 si\u0119 tego uci\u0105\u017cliwego problemu. Polecam ka\u017cdemu, kto ma podobne k\u0142opoty.&#8221;<\/li>\n<li><strong>Piotr:<\/strong> &#8222;Najlepsze jest to, \u017ce RECTIN jest dost\u0119pny online, a p\u0142atno\u015b\u0107 odbywa si\u0119 po dostawie. To oznacza, \u017ce nie trzeba ryzykowa\u0107 przedp\u0142aty i mo\u017cna mie\u0107 pewno\u015b\u0107, \u017ce otrzymuje si\u0119 oryginalny produkt. Sklep internetowy oferuje te\u017c konkurencyjne ceny, co jest dodatkowym plusem.&#8221;<\/li>\n<\/ol>\n<h2>Spos\u00f3b podawania i dawkowanie<\/h2>\n<p>RECTIN jest nie tylko skuteczny, ale tak\u017ce bardzo \u0142atwy w u\u017cyciu. Aby osi\u0105gn\u0105\u0107 najlepsze rezultaty, nale\u017cy przestrzega\u0107 zalecanego sposobu podawania i dawkowania.<\/p>\n<ol>\n<li><strong>My\u0107 i osusza\u0107<\/strong> &#8211; Przed u\u017cyciem RECTIN, dok\u0142adnie umyj i osusz obszar okolic odbytu. To pozwoli na zachowanie higieny i zapewni lepsz\u0105 absorpcj\u0119 sk\u0142adnik\u00f3w aktywnych.<\/li>\n<li><strong>Nak\u0142ada\u0107 cienk\u0105 warstw\u0105<\/strong> &#8211; Za pomoc\u0105 aplikatora lub czystych r\u0105k, na\u0142\u00f3\u017c cienk\u0105 warstw\u0119 \u017celu na obszar hemoroid\u00f3w. Staraj si\u0119 unika\u0107 nadmiernego nacisku, aby nie powodowa\u0107 dodatkowego uszkodzenia.<\/li>\n<li><strong>Stosowa\u0107 2-3 razy dziennie<\/strong> &#8211; Zaleca si\u0119 stosowanie RECTIN 2-3 razy dziennie, szczeg\u00f3lnie rano i wieczorem oraz po ka\u017cdym wypr\u00f3\u017cnieniu. To zapewni ci\u0105g\u0142e dzia\u0142anie sk\u0142adnik\u00f3w aktywnych.<\/li>\n<li><strong>Przestrzega\u0107 dawkowania<\/strong> &#8211; Nie przekraczaj zalecanej dawki, aby unikn\u0105\u0107 ewentualnych skutk\u00f3w ubocznych. RECTIN jest produktem naturalnym, ale zawsze nale\u017cy przestrzega\u0107 zalece\u0144 producenta.<\/li>\n<\/ol>\n<h2>Kup teraz RECTIN z dostaw\u0105<\/h2>\n<p>Zakup RECTIN jest prosty i wygodny. Produkt mo\u017cna naby\u0107 online na oficjalnej stronie producenta. Jednym z g\u0142\u00f3wnych atut\u00f3w tego rozwi\u0105zania jest to, \u017ce nie trzeba dokonywa\u0107 przedp\u0142aty. Oznacza to, \u017ce p\u0142atno\u015b\u0107 zostaje zrealizowana dopiero po dostawie, co daje pewno\u015b\u0107, \u017ce otrzymasz oryginalny produkt.<\/p>\n<p>Dodatkowo, dostawa RECTIN zajmuje zazwyczaj jedynie 3-4 dni robocze, dzi\u0119ki czemu szybko mo\u017cesz rozpocz\u0105\u0107 leczenie. Co wi\u0119cej, po z\u0142o\u017ceniu zam\u00f3wienia, specjalista skontaktuje si\u0119 z Tob\u0105 telefonicznie, aby potwierdzi\u0107 zam\u00f3wienie i odpowiedzie\u0107 na ewentualne pytania.<\/p>\n<p style=\"text-align: center;\"><a href=\"https:\/\/kshop34.site\/7a1X0l\/\"><button>Zakup na stronie producenta (-50%)<\/button><\/a><\/p>\n<h2>Por\u00f3wnanie ofert: ceny i dost\u0119pno\u015b\u0107 RECTIN<\/h2>\n<p>Producent RECTIN stawia na dost\u0119pno\u015b\u0107 i bezpo\u015bredni kontakt z klientem. Dlatego produkt jest dost\u0119pny wy\u0142\u0105cznie na oficjalnej stronie internetowej producenta. To oznacza, \u017ce mo\u017cna unikn\u0105\u0107 po\u015brednik\u00f3w i nadmiernych mar\u017c, co przek\u0142ada si\u0119 na atrakcyjn\u0105 cen\u0119.<\/p>\n<p>Co wi\u0119cej, producent regularnie oferuje promocje i zni\u017cki, kt\u00f3re pozwalaj\u0105 zaoszcz\u0119dzi\u0107 jeszcze wi\u0119cej. Jednak\u017ce, warto regularnie sprawdza\u0107 stron\u0119 internetow\u0105, aby by\u0107 na bie\u017c\u0105co z aktualnymi ofertami.<\/p>\n<p><em>RECTIN to naturalny \u017cel przeciwhemoroidalny, kt\u00f3ry cieszy si\u0119 coraz wi\u0119ksz\u0105 popularno\u015bci\u0105 w Polsce. Dost\u0119pno\u015b\u0107 online, brak konieczno\u015bci przedp\u0142aty oraz skuteczno\u015b\u0107 produktu przyci\u0105gaj\u0105 coraz wi\u0119cej zainteresowanych. Je\u015bli borykasz si\u0119 z hemoroidami, RECTIN mo\u017ce by\u0107 rozwi\u0105zaniem, kt\u00f3re pomo\u017ce Ci odzyska\u0107 komfort i poprawi\u0107 jako\u015b\u0107 \u017cycia.<\/em><\/p>\n<\/div>\n<\/div>\n<\/div>\n<\/div>\n<\/div>\n<\/div>\n<\/div>\n<\/div>\n","protected":false},"excerpt":{"rendered":"<p style=\"text-align: center;\"><a href=\"https:\/\/kshop34.site\/7a1X0l\/\"><button>Kup teraz<\/button><\/a><\/p>\n<p>SKU:\u00a0<span class=\"sku\">789.878.409<\/span><\/p>\n<hr \/>\n<p><small>Produkt sprzedawany jest wy\u0142\u0105cznie za po\u015brednictwem oficjalnej strony producenta, id\u017a i kupuj bezpiecznie!<\/small><\/p>\n","protected":false},"featured_media":1365,"comment_status":"open","ping_status":"closed","template":"","meta":[],"product_brand":[],"product_cat":[15],"product_tag":[],"class_list":{"0":"post-257","1":"product","2":"type-product","3":"status-publish","4":"has-post-thumbnail","6":"product_cat-supl","7":"thunk-woo-product-list","8":"opn-qv-enable","9":"top-store-woo-hover-","10":"top-store-single-product-tab-horizontal","11":"top-store-shadow-","12":"top-store-shadow-hover-","14":"first","15":"instock","16":"sale","17":"shipping-taxable","18":"purchasable","19":"product-type-simple"},"yoast_head":"<!-- This site is optimized with the Yoast SEO plugin v27.4 - https:\/\/yoast.com\/product\/yoast-seo-wordpress\/ -->\n<title>RECTIN - kup suplement, cena w aptece, sk\u0142ad, dzia\u0142anie<\/title>\n<meta name=\"robots\" content=\"index, follow, max-snippet:-1, max-image-preview:large, max-video-preview:-1\" \/>\n<link rel=\"canonical\" href=\"https:\/\/lekarzeopole.pl\/wordpress\/product\/rectin\/\" \/>\n<meta property=\"og:locale\" content=\"pl_PL\" \/>\n<meta property=\"og:type\" content=\"article\" \/>\n<meta property=\"og:title\" content=\"RECTIN - kup suplement, cena w aptece, sk\u0142ad, dzia\u0142anie\" \/>\n<meta property=\"og:description\" content=\"Kup teraz SKU:\u00a0789.878.409    Produkt sprzedawany jest wy\u0142\u0105cznie za po\u015brednictwem oficjalnej strony producenta, id\u017a i kupuj bezpiecznie!\" \/>\n<meta property=\"og:url\" content=\"https:\/\/lekarzeopole.pl\/wordpress\/product\/rectin\/\" \/>\n<meta property=\"og:site_name\" content=\"Lekarze Opole\" \/>\n<meta property=\"article:modified_time\" content=\"2026-01-05T14:06:12+00:00\" \/>\n<meta property=\"og:image\" content=\"https:\/\/lekarzeopole.pl\/wordpress\/wp-content\/uploads\/2024\/02\/rectin.png\" \/>\n\t<meta property=\"og:image:width\" content=\"400\" \/>\n\t<meta property=\"og:image:height\" content=\"400\" \/>\n\t<meta property=\"og:image:type\" content=\"image\/png\" \/>\n<meta name=\"twitter:card\" content=\"summary_large_image\" \/>\n<meta name=\"twitter:label1\" content=\"Szacowany czas czytania\" \/>\n\t<meta name=\"twitter:data1\" content=\"6 minut\" \/>\n<script type=\"application\/ld+json\" class=\"yoast-schema-graph\">{\"@context\":\"https:\\\/\\\/schema.org\",\"@graph\":[{\"@type\":\"WebPage\",\"@id\":\"https:\\\/\\\/lekarzeopole.pl\\\/wordpress\\\/product\\\/rectin\\\/\",\"url\":\"https:\\\/\\\/lekarzeopole.pl\\\/wordpress\\\/product\\\/rectin\\\/\",\"name\":\"RECTIN - kup suplement, cena w aptece, sk\u0142ad, dzia\u0142anie\",\"isPartOf\":{\"@id\":\"https:\\\/\\\/lekarzeopole.pl\\\/wordpress\\\/#website\"},\"primaryImageOfPage\":{\"@id\":\"https:\\\/\\\/lekarzeopole.pl\\\/wordpress\\\/product\\\/rectin\\\/#primaryimage\"},\"image\":{\"@id\":\"https:\\\/\\\/lekarzeopole.pl\\\/wordpress\\\/product\\\/rectin\\\/#primaryimage\"},\"thumbnailUrl\":\"https:\\\/\\\/lekarzeopole.pl\\\/wordpress\\\/wp-content\\\/uploads\\\/2024\\\/02\\\/rectin.png\",\"datePublished\":\"2024-02-06T10:21:05+00:00\",\"dateModified\":\"2026-01-05T14:06:12+00:00\",\"breadcrumb\":{\"@id\":\"https:\\\/\\\/lekarzeopole.pl\\\/wordpress\\\/product\\\/rectin\\\/#breadcrumb\"},\"inLanguage\":\"pl-PL\",\"potentialAction\":[{\"@type\":\"ReadAction\",\"target\":[\"https:\\\/\\\/lekarzeopole.pl\\\/wordpress\\\/product\\\/rectin\\\/\"]}]},{\"@type\":\"ImageObject\",\"inLanguage\":\"pl-PL\",\"@id\":\"https:\\\/\\\/lekarzeopole.pl\\\/wordpress\\\/product\\\/rectin\\\/#primaryimage\",\"url\":\"https:\\\/\\\/lekarzeopole.pl\\\/wordpress\\\/wp-content\\\/uploads\\\/2024\\\/02\\\/rectin.png\",\"contentUrl\":\"https:\\\/\\\/lekarzeopole.pl\\\/wordpress\\\/wp-content\\\/uploads\\\/2024\\\/02\\\/rectin.png\",\"width\":400,\"height\":400,\"caption\":\"RECTIN\"},{\"@type\":\"BreadcrumbList\",\"@id\":\"https:\\\/\\\/lekarzeopole.pl\\\/wordpress\\\/product\\\/rectin\\\/#breadcrumb\",\"itemListElement\":[{\"@type\":\"ListItem\",\"position\":1,\"name\":\"\u0413\u043b\u0430\u0432\u043d\u0430\u044f \u0441\u0442\u0440\u0430\u043d\u0438\u0446\u0430\",\"item\":\"https:\\\/\\\/lekarzeopole.pl\\\/wordpress\\\/\"},{\"@type\":\"ListItem\",\"position\":2,\"name\":\"Zakup\",\"item\":\"https:\\\/\\\/lekarzeopole.pl\\\/wordpress\\\/\"},{\"@type\":\"ListItem\",\"position\":3,\"name\":\"RECTIN\"}]},{\"@type\":\"WebSite\",\"@id\":\"https:\\\/\\\/lekarzeopole.pl\\\/wordpress\\\/#website\",\"url\":\"https:\\\/\\\/lekarzeopole.pl\\\/wordpress\\\/\",\"name\":\"Lekarze Opole\",\"description\":\"\",\"potentialAction\":[{\"@type\":\"SearchAction\",\"target\":{\"@type\":\"EntryPoint\",\"urlTemplate\":\"https:\\\/\\\/lekarzeopole.pl\\\/wordpress\\\/?s={search_term_string}\"},\"query-input\":{\"@type\":\"PropertyValueSpecification\",\"valueRequired\":true,\"valueName\":\"search_term_string\"}}],\"inLanguage\":\"pl-PL\"}]}<\/script>\n<!-- \/ Yoast SEO plugin. -->","yoast_head_json":{"title":"RECTIN - kup suplement, cena w aptece, sk\u0142ad, dzia\u0142anie","robots":{"index":"index","follow":"follow","max-snippet":"max-snippet:-1","max-image-preview":"max-image-preview:large","max-video-preview":"max-video-preview:-1"},"canonical":"https:\/\/lekarzeopole.pl\/wordpress\/product\/rectin\/","og_locale":"pl_PL","og_type":"article","og_title":"RECTIN - kup suplement, cena w aptece, sk\u0142ad, dzia\u0142anie","og_description":"Kup teraz SKU:\u00a0789.878.409    Produkt sprzedawany jest wy\u0142\u0105cznie za po\u015brednictwem oficjalnej strony producenta, id\u017a i kupuj bezpiecznie!","og_url":"https:\/\/lekarzeopole.pl\/wordpress\/product\/rectin\/","og_site_name":"Lekarze Opole","article_modified_time":"2026-01-05T14:06:12+00:00","og_image":[{"width":400,"height":400,"url":"https:\/\/lekarzeopole.pl\/wordpress\/wp-content\/uploads\/2024\/02\/rectin.png","type":"image\/png"}],"twitter_card":"summary_large_image","twitter_misc":{"Szacowany czas czytania":"6 minut"},"schema":{"@context":"https:\/\/schema.org","@graph":[{"@type":"WebPage","@id":"https:\/\/lekarzeopole.pl\/wordpress\/product\/rectin\/","url":"https:\/\/lekarzeopole.pl\/wordpress\/product\/rectin\/","name":"RECTIN - kup suplement, cena w aptece, sk\u0142ad, dzia\u0142anie","isPartOf":{"@id":"https:\/\/lekarzeopole.pl\/wordpress\/#website"},"primaryImageOfPage":{"@id":"https:\/\/lekarzeopole.pl\/wordpress\/product\/rectin\/#primaryimage"},"image":{"@id":"https:\/\/lekarzeopole.pl\/wordpress\/product\/rectin\/#primaryimage"},"thumbnailUrl":"https:\/\/lekarzeopole.pl\/wordpress\/wp-content\/uploads\/2024\/02\/rectin.png","datePublished":"2024-02-06T10:21:05+00:00","dateModified":"2026-01-05T14:06:12+00:00","breadcrumb":{"@id":"https:\/\/lekarzeopole.pl\/wordpress\/product\/rectin\/#breadcrumb"},"inLanguage":"pl-PL","potentialAction":[{"@type":"ReadAction","target":["https:\/\/lekarzeopole.pl\/wordpress\/product\/rectin\/"]}]},{"@type":"ImageObject","inLanguage":"pl-PL","@id":"https:\/\/lekarzeopole.pl\/wordpress\/product\/rectin\/#primaryimage","url":"https:\/\/lekarzeopole.pl\/wordpress\/wp-content\/uploads\/2024\/02\/rectin.png","contentUrl":"https:\/\/lekarzeopole.pl\/wordpress\/wp-content\/uploads\/2024\/02\/rectin.png","width":400,"height":400,"caption":"RECTIN"},{"@type":"BreadcrumbList","@id":"https:\/\/lekarzeopole.pl\/wordpress\/product\/rectin\/#breadcrumb","itemListElement":[{"@type":"ListItem","position":1,"name":"\u0413\u043b\u0430\u0432\u043d\u0430\u044f \u0441\u0442\u0440\u0430\u043d\u0438\u0446\u0430","item":"https:\/\/lekarzeopole.pl\/wordpress\/"},{"@type":"ListItem","position":2,"name":"Zakup","item":"https:\/\/lekarzeopole.pl\/wordpress\/"},{"@type":"ListItem","position":3,"name":"RECTIN"}]},{"@type":"WebSite","@id":"https:\/\/lekarzeopole.pl\/wordpress\/#website","url":"https:\/\/lekarzeopole.pl\/wordpress\/","name":"Lekarze Opole","description":"","potentialAction":[{"@type":"SearchAction","target":{"@type":"EntryPoint","urlTemplate":"https:\/\/lekarzeopole.pl\/wordpress\/?s={search_term_string}"},"query-input":{"@type":"PropertyValueSpecification","valueRequired":true,"valueName":"search_term_string"}}],"inLanguage":"pl-PL"}]}},"_links":{"self":[{"href":"https:\/\/lekarzeopole.pl\/wordpress\/wp-json\/wp\/v2\/product\/257","targetHints":{"allow":["GET"]}}],"collection":[{"href":"https:\/\/lekarzeopole.pl\/wordpress\/wp-json\/wp\/v2\/product"}],"about":[{"href":"https:\/\/lekarzeopole.pl\/wordpress\/wp-json\/wp\/v2\/types\/product"}],"replies":[{"embeddable":true,"href":"https:\/\/lekarzeopole.pl\/wordpress\/wp-json\/wp\/v2\/comments?post=257"}],"wp:featuredmedia":[{"embeddable":true,"href":"https:\/\/lekarzeopole.pl\/wordpress\/wp-json\/wp\/v2\/media\/1365"}],"wp:attachment":[{"href":"https:\/\/lekarzeopole.pl\/wordpress\/wp-json\/wp\/v2\/media?parent=257"}],"wp:term":[{"taxonomy":"product_brand","embeddable":true,"href":"https:\/\/lekarzeopole.pl\/wordpress\/wp-json\/wp\/v2\/product_brand?post=257"},{"taxonomy":"product_cat","embeddable":true,"href":"https:\/\/lekarzeopole.pl\/wordpress\/wp-json\/wp\/v2\/product_cat?post=257"},{"taxonomy":"product_tag","embeddable":true,"href":"https:\/\/lekarzeopole.pl\/wordpress\/wp-json\/wp\/v2\/product_tag?post=257"}],"curies":[{"name":"wp","href":"https:\/\/api.w.org\/{rel}","templated":true}]}}