{"id":251,"date":"2024-02-06T09:53:59","date_gmt":"2024-02-06T09:53:59","guid":{"rendered":"https:\/\/lekarzeopole.pl\/wordpress\/?post_type=product&#038;p=251"},"modified":"2024-06-07T13:50:30","modified_gmt":"2024-06-07T13:50:30","slug":"tensital","status":"publish","type":"product","link":"https:\/\/lekarzeopole.pl\/wordpress\/product\/tensital\/","title":{"rendered":"TENSITAL"},"content":{"rendered":"<div class=\"w-full text-token-text-primary\" data-testid=\"conversation-turn-3\">\n<div class=\"px-4 py-2 justify-center text-base md:gap-6 m-auto\">\n<div class=\"flex flex-1 text-base mx-auto gap-3 md:px-5 lg:px-1 xl:px-5 md:max-w-3xl lg:max-w-[40rem] xl:max-w-[48rem] group\">\n<div class=\"relative flex w-full flex-col lg:w-[calc(100%-115px)] agent-turn\">\n<div class=\"flex-col gap-1 md:gap-3\">\n<div class=\"flex flex-grow flex-col max-w-full\">\n<div class=\"min-h-[20px] text-message flex flex-col items-start gap-3 whitespace-pre-wrap break-words [.text-message+&amp;]:mt-5 overflow-x-auto\" data-message-author-role=\"assistant\" data-message-id=\"8accafd2-4a40-45ca-bb4f-e2fc06f9bc81\">\n<div class=\"markdown prose w-full break-words dark:prose-invert light\">\n<p>W ciep\u0142e dni nasze cia\u0142o jest poddawane dodatkowemu stresowi, a osoby z problemami z ci\u015bnieniem krwi mog\u0105 do\u015bwiadcza\u0107 jeszcze wi\u0119kszych trudno\u015bci. W takich chwilach warto si\u0119gn\u0105\u0107 po TENSITAL &#8211; innowacyjny preparat stworzony z my\u015bl\u0105 o tych, kt\u00f3rzy pragn\u0105 znale\u017a\u0107 skuteczn\u0105 i naturaln\u0105 pomoc w normalizacji ci\u015bnienia krwi. TENSITAL to produkt, kt\u00f3ry zdobywa coraz wi\u0119ksz\u0105 popularno\u015b\u0107 w Polsce dzi\u0119ki swojej skuteczno\u015bci i wy\u0142\u0105cznie naturalnym sk\u0142adnikom.<\/p>\n<h2>Wskazania do stosowania TENSITAL<\/h2>\n<p>TENSITAL to innowacyjny preparat, kt\u00f3ry zosta\u0142 stworzony z my\u015bl\u0105 o osobach borykaj\u0105cych si\u0119 z problemami z ci\u015bnieniem krwi w ciep\u0142e dni. Ten naturalny suplement diety mo\u017ce by\u0107 szczeg\u00f3lnie pomocny w nast\u0119puj\u0105cych przypadkach:<\/p>\n<ol>\n<li><strong>Nadci\u015bnienie t\u0119tnicze:<\/strong> Osoby z nadci\u015bnieniem mog\u0105 odczuwa\u0107 pogorszenie swojego stanu w gor\u0105ce dni. TENSITAL mo\u017ce pom\u00f3c w stabilizacji ci\u015bnienia krwi.<\/li>\n<li><strong>Problemy z kr\u0105\u017ceniem:<\/strong> Ci\u015bnienie krwi ma wp\u0142yw na nasz uk\u0142ad kr\u0105\u017cenia, a ciep\u0142e dni mog\u0105 pogarsza\u0107 istniej\u0105ce ju\u017c problemy z kr\u0105\u017ceniem. TENSITAL mo\u017ce pom\u00f3c w poprawie kr\u0105\u017cenia krwi.<\/li>\n<li><strong>Zm\u0119czenie i os\u0142abienie:<\/strong> Wysoka temperatura mo\u017ce prowadzi\u0107 do uczucia zm\u0119czenia i os\u0142abienia. TENSITAL mo\u017ce pom\u00f3c w zwi\u0119kszeniu energii i witalno\u015bci.<\/li>\n<\/ol>\n<h2>Sk\u0142ad i dzia\u0142anie sk\u0142adnik\u00f3w TENSITAL<\/h2>\n<p>TENSITAL to preparat oparty na naturalnych sk\u0142adnikach, kt\u00f3re s\u0105 starannie wyselekcjonowane ze wzgl\u0119du na ich korzystny wp\u0142yw na uk\u0142ad kr\u0105\u017cenia i ci\u015bnienie krwi. Oto g\u0142\u00f3wne sk\u0142adniki TENSITAL i ich dzia\u0142anie:<\/p>\n<ol>\n<li><strong>Ekstrakt z czosnku:<\/strong> Czosnek jest znany ze swoich w\u0142a\u015bciwo\u015bci obni\u017caj\u0105cych ci\u015bnienie krwi i poprawiaj\u0105cych kr\u0105\u017cenie. Dzia\u0142a on rozkurczaj\u0105co na naczynia krwiono\u015bne, co mo\u017ce pom\u00f3c w obni\u017ceniu ci\u015bnienia krwi.<\/li>\n<li><strong>Ekstrakt z oliwek:<\/strong> Oliwki s\u0105 bogate w polifenole, kt\u00f3re maj\u0105 dzia\u0142anie przeciwzapalne i antyoksydacyjne. Pomagaj\u0105 one w ochronie naczy\u0144 krwiono\u015bnych i regulacji ci\u015bnienia krwi.<\/li>\n<li><strong>Ekstrakt z winogron:<\/strong> Winogrona zawieraj\u0105 flawonoidy, kt\u00f3re mog\u0105 pom\u00f3c w rozszerzaniu naczy\u0144 krwiono\u015bnych i obni\u017caniu ci\u015bnienia krwi.<\/li>\n<li><strong>Ekstrakt z mi\u0119ty pieprzowej:<\/strong> Mi\u0119ta pieprzowa mo\u017ce pom\u00f3c w relaksacji mi\u0119\u015bni g\u0142adkich naczy\u0144 krwiono\u015bnych, co mo\u017ce przyczyni\u0107 si\u0119 do obni\u017cenia ci\u015bnienia krwi.<\/li>\n<li><strong>Witamina C:<\/strong> Witamina C jest silnym przeciwutleniaczem i mo\u017ce pom\u00f3c w ochronie naczy\u0144 krwiono\u015bnych przed uszkodzeniami.<\/li>\n<\/ol>\n<p style=\"text-align: center;\"><a href=\"https:\/\/lwiimphn.girllyday.com\/\"><button>www.tensital.pl<\/button><\/a><\/p>\n<h2>Efekty TENSITAL i ich charakterystyka<\/h2>\n<p>Po regularnym stosowaniu TENSITAL mo\u017cna oczekiwa\u0107 szeregu korzystnych efekt\u00f3w, w tym:<\/p>\n<ul>\n<li>Stabilizacja ci\u015bnienia krwi w ciep\u0142e dni.<\/li>\n<li>Poprawa kr\u0105\u017cenia krwi.<\/li>\n<li>Zwi\u0119kszenie energii i witalno\u015bci.<\/li>\n<li>Ochrona naczy\u0144 krwiono\u015bnych przed uszkodzeniami.<\/li>\n<li>Redukcja ryzyka wyst\u0105pienia powik\u0142a\u0144 zwi\u0105zanych z nadci\u015bnieniem.<\/li>\n<\/ul>\n<h2>Ryzyko skutk\u00f3w ubocznych<\/h2>\n<p>TENSITAL to preparat oparty na naturalnych sk\u0142adnikach, co oznacza, \u017ce ryzyko wyst\u0105pienia skutk\u00f3w ubocznych jest minimalne. Sk\u0142adniki u\u017cyte w TENSITAL zosta\u0142y starannie wyselekcjonowane i s\u0105 bezpieczne dla zdrowia. Jednak\u017ce, jak w przypadku ka\u017cdego suplementu diety, zawsze warto skonsultowa\u0107 si\u0119 z lekarzem przed rozpocz\u0119ciem stosowania, szczeg\u00f3lnie je\u015bli ma si\u0119 jakiekolwiek schorzenia lub przyjmuje si\u0119 inne leki.<\/p>\n<p><em>TENSITAL to naturalny preparat, kt\u00f3ry mo\u017ce by\u0107 skuteczn\u0105 pomoc\u0105 w normalizacji ci\u015bnienia krwi w ciep\u0142e dni. Dzia\u0142a on poprzez wykorzystanie korzystnych w\u0142a\u015bciwo\u015bci naturalnych sk\u0142adnik\u00f3w, kt\u00f3re pomagaj\u0105 w utrzymaniu zdrowego uk\u0142adu kr\u0105\u017cenia i zapobiegaj\u0105 wyst\u0105pieniu powik\u0142a\u0144 zwi\u0105zanych z nadci\u015bnieniem. Dzi\u0119ki minimalnemu ryzyku skutk\u00f3w ubocznych, TENSITAL jest bezpiecznym wyborem dla os\u00f3b z problemami z ci\u015bnieniem krwi.<\/em><\/p>\n<\/div>\n<\/div>\n<\/div>\n<\/div>\n<\/div>\n<\/div>\n<\/div>\n<\/div>\n<div class=\"w-full text-token-text-primary\" data-testid=\"conversation-turn-5\">\n<div class=\"px-4 py-2 justify-center text-base md:gap-6 m-auto\">\n<div class=\"flex flex-1 text-base mx-auto gap-3 md:px-5 lg:px-1 xl:px-5 md:max-w-3xl lg:max-w-[40rem] xl:max-w-[48rem] group final-completion\">\n<div class=\"relative flex w-full flex-col lg:w-[calc(100%-115px)] agent-turn\">\n<div class=\"flex-col gap-1 md:gap-3\">\n<div class=\"flex flex-grow flex-col max-w-full\">\n<div class=\"min-h-[20px] text-message flex flex-col items-start gap-3 whitespace-pre-wrap break-words [.text-message+&amp;]:mt-5 overflow-x-auto\" data-message-author-role=\"assistant\" data-message-id=\"a64e8722-1455-47f9-86ce-2f4318714fb4\">\n<div class=\"markdown prose w-full break-words dark:prose-invert light\">\n<h2>Opinie klient\u00f3w o TENSITAL: fora po\u015bwi\u0119cone zdrowiu<\/h2>\n<p>W Polsce, preparat TENSITAL sta\u0142 si\u0119 obiektem zainteresowania wielu os\u00f3b borykaj\u0105cych si\u0119 z problemami z ci\u015bnieniem krwi w ciep\u0142e dni. Dzi\u0119ki swojej skuteczno\u015bci i naturalnym sk\u0142adnikom, suplement zdoby\u0142 popularno\u015b\u0107 w\u015br\u00f3d konsument\u00f3w. Na forach internetowych po\u015bwi\u0119conych zdrowiu i dobremu samopoczuciu znajduje si\u0119 wiele recenzji i opinii od u\u017cytkownik\u00f3w, kt\u00f3rzy podzielili si\u0119 swoimi do\u015bwiadczeniami zwi\u0105zanimi z tym produktem.<\/p>\n<p>Wi\u0119kszo\u015b\u0107 u\u017cytkownik\u00f3w opisuje pozytywne dzia\u0142anie TENSITAL, podkre\u015blaj\u0105c jego skuteczno\u015b\u0107 w normalizacji ci\u015bnienia krwi. Klienci zauwa\u017cyli r\u00f3wnie\u017c, \u017ce suplement pomaga w zwi\u0119kszeniu energii i witalno\u015bci, co jest szczeg\u00f3lnie istotne w gor\u0105ce dni. Dodatkowo, wielu u\u017cytkownik\u00f3w podkre\u015bla dost\u0119pno\u015b\u0107 TENSITAL i mo\u017cliwo\u015b\u0107 \u0142atwego zakupu online.<\/p>\n<p>Oto dwa przyk\u0142ady opinii od u\u017cytkownik\u00f3w:<\/p>\n<ol>\n<li><strong>Anna, 45 lat:<\/strong> &#8222;Mia\u0142am problem z nadci\u015bnieniem od lat, a ciep\u0142e dni zawsze sprawia\u0142y, \u017ce czu\u0142am si\u0119 jeszcze gorzej. Po przeczytaniu o TENSITAL na jednym z forum, postanowi\u0142am go wypr\u00f3bowa\u0107. To by\u0142a doskona\u0142a decyzja! Moje ci\u015bnienie krwi ustabilizowa\u0142o si\u0119, a ja czuj\u0119 si\u0119 znacznie lepiej. Polecam ten produkt ka\u017cdemu, kto boryka si\u0119 z podobnymi problemami.&#8221;<\/li>\n<li><strong>Micha\u0142, 50 lat:<\/strong> &#8222;TENSITAL okaza\u0142 si\u0119 by\u0107 moim sprzymierze\u0144cem w walce z nadci\u015bnieniem. Dzia\u0142a skutecznie i nie musz\u0119 martwi\u0107 si\u0119 skutkami ubocznymi, kt\u00f3re cz\u0119sto towarzysz\u0105 innym lekom. Co wi\u0119cej, zakup tego suplementu jest bardzo prosty &#8211; zamawiam online i p\u0142ac\u0119 dopiero przy dostawie. Polecam wszystkim, kt\u00f3rzy chc\u0105 skorzysta\u0107 z naturalnego wsparcia dla swojego ci\u015bnienia krwi.&#8221;<\/li>\n<\/ol>\n<h2>Spos\u00f3b podawania i dawkowanie<\/h2>\n<p>Dla osi\u0105gni\u0119cia najlepszych wynik\u00f3w, zaleca si\u0119 stosowanie TENSITAL zgodnie z poni\u017cszymi wytycznymi:<\/p>\n<ul>\n<li>Przyjmowa\u0107 1 kapsu\u0142k\u0119 dziennie, najlepiej rano przed posi\u0142kiem.<\/li>\n<li>Kapsu\u0142ki nale\u017cy popi\u0107 du\u017c\u0105 ilo\u015bci\u0105 wody.<\/li>\n<\/ul>\n<h2>Kup teraz TENSITAL z dostaw\u0105:<\/h2>\n<p>Zakup TENSITAL jest \u0142atwy i wygodny. Produkt jest dost\u0119pny online na oficjalnej stronie producenta. Co wa\u017cne, nie trzeba p\u0142aci\u0107 za niego z g\u00f3ry. Op\u0142at\u0119 mo\u017cna dokona\u0107 przy odbiorze przesy\u0142ki, co gwarantuje otrzymanie oryginalnego produktu bez ryzyka. Dostawa TENSITAL zazwyczaj trwa 3-4 dni robocze i jest realizowana na terenie Polski. Po z\u0142o\u017ceniu zam\u00f3wienia, klient otrzymuje r\u00f3wnie\u017c potwierdzenie telefoniczne od specjalisty, kt\u00f3ry s\u0142u\u017cy pomoc\u0105 i mo\u017ce udzieli\u0107 informacji na temat dost\u0119pno\u015bci produktu oraz ewentualnych promocji.<\/p>\n<p style=\"text-align: center;\"><a href=\"https:\/\/lwiimphn.girllyday.com\/\"><button>Zakup na stronie producenta (-50%)<\/button><\/a><\/p>\n<h2>Por\u00f3wnanie ofert: ceny i dost\u0119pno\u015b\u0107 TENSITAL<\/h2>\n<p>Producent TENSITAL zawsze stawia na dost\u0119pno\u015b\u0107 produktu dla swoich klient\u00f3w. Dlatego suplement mo\u017cna naby\u0107 wy\u0142\u0105cznie na oficjalnej stronie internetowej producenta, bez po\u015brednik\u00f3w i dodatkowych mar\u017c. To gwarantuje, \u017ce klient otrzyma oryginalny produkt o najwy\u017cszej jako\u015bci.<\/p>\n<p>Dodatkowo, warto regularnie sprawdza\u0107 oficjaln\u0105 stron\u0119 TENSITAL, poniewa\u017c producent cz\u0119sto oferuje atrakcyjne promocje i zni\u017cki. Dzi\u0119ki temu mo\u017cna zaoszcz\u0119dzi\u0107 na zakupie TENSITAL i cieszy\u0107 si\u0119 jego korzystnymi efektami bez obci\u0105\u017cania portfela.<\/p>\n<p>Warto zaznaczy\u0107, \u017ce TENSITAL nie jest dost\u0119pny w stacjonarnych aptekach, co oznacza, \u017ce zakup online jest jedyn\u0105 opcj\u0105 dla os\u00f3b zainteresowanych tym produktem. Dzi\u0119ki temu, klienci mog\u0105 by\u0107 pewni, \u017ce otrzymuj\u0105 autentyczny TENSITAL bez ryzyka zakupu podr\u00f3bek.<\/p>\n<\/div>\n<\/div>\n<\/div>\n<\/div>\n<\/div>\n<\/div>\n<\/div>\n<\/div>\n","protected":false},"excerpt":{"rendered":"<p style=\"text-align: center;\"><a href=\"https:\/\/lwiimphn.girllyday.com\/\"><button>Kup teraz<\/button><\/a><\/p>\n<p>SKU:\u00a0<span class=\"sku\">789.878.379<\/span><\/p>\n<hr \/>\n<p><small>Produkt sprzedawany jest wy\u0142\u0105cznie za po\u015brednictwem oficjalnej strony producenta, id\u017a i kupuj bezpiecznie!<\/small><\/p>\n","protected":false},"featured_media":252,"comment_status":"open","ping_status":"closed","template":"","meta":[],"product_brand":[],"product_cat":[15],"product_tag":[],"class_list":{"0":"post-251","1":"product","2":"type-product","3":"status-publish","4":"has-post-thumbnail","6":"product_cat-supl","7":"thunk-woo-product-list","8":"opn-qv-enable","9":"top-store-woo-hover-","10":"top-store-single-product-tab-horizontal","11":"top-store-shadow-","12":"top-store-shadow-hover-","14":"first","15":"instock","16":"sale","17":"shipping-taxable","18":"purchasable","19":"product-type-simple"},"yoast_head":"<!-- This site is optimized with the Yoast SEO plugin v27.4 - https:\/\/yoast.com\/product\/yoast-seo-wordpress\/ -->\n<title>TENSITAL - kup suplement, cena w aptece, sk\u0142ad, dzia\u0142anie<\/title>\n<meta name=\"robots\" content=\"index, follow, max-snippet:-1, max-image-preview:large, max-video-preview:-1\" \/>\n<link rel=\"canonical\" href=\"https:\/\/lekarzeopole.pl\/wordpress\/product\/tensital\/\" \/>\n<meta property=\"og:locale\" content=\"pl_PL\" \/>\n<meta property=\"og:type\" content=\"article\" \/>\n<meta property=\"og:title\" content=\"TENSITAL - kup suplement, cena w aptece, sk\u0142ad, dzia\u0142anie\" \/>\n<meta property=\"og:description\" content=\"Kup teraz SKU:\u00a0789.878.379    Produkt sprzedawany jest wy\u0142\u0105cznie za po\u015brednictwem oficjalnej strony producenta, id\u017a i kupuj bezpiecznie!\" \/>\n<meta property=\"og:url\" content=\"https:\/\/lekarzeopole.pl\/wordpress\/product\/tensital\/\" \/>\n<meta property=\"og:site_name\" content=\"Lekarze Opole\" \/>\n<meta property=\"article:modified_time\" content=\"2024-06-07T13:50:30+00:00\" \/>\n<meta property=\"og:image\" content=\"https:\/\/lekarzeopole.pl\/wordpress\/wp-content\/uploads\/2024\/02\/tensital.png\" \/>\n\t<meta property=\"og:image:width\" content=\"200\" \/>\n\t<meta property=\"og:image:height\" content=\"298\" \/>\n\t<meta property=\"og:image:type\" content=\"image\/png\" \/>\n<meta name=\"twitter:card\" content=\"summary_large_image\" \/>\n<meta name=\"twitter:label1\" content=\"Szacowany czas czytania\" \/>\n\t<meta name=\"twitter:data1\" content=\"6 minut\" \/>\n<script type=\"application\/ld+json\" class=\"yoast-schema-graph\">{\"@context\":\"https:\\\/\\\/schema.org\",\"@graph\":[{\"@type\":\"WebPage\",\"@id\":\"https:\\\/\\\/lekarzeopole.pl\\\/wordpress\\\/product\\\/tensital\\\/\",\"url\":\"https:\\\/\\\/lekarzeopole.pl\\\/wordpress\\\/product\\\/tensital\\\/\",\"name\":\"TENSITAL - kup suplement, cena w aptece, sk\u0142ad, dzia\u0142anie\",\"isPartOf\":{\"@id\":\"https:\\\/\\\/lekarzeopole.pl\\\/wordpress\\\/#website\"},\"primaryImageOfPage\":{\"@id\":\"https:\\\/\\\/lekarzeopole.pl\\\/wordpress\\\/product\\\/tensital\\\/#primaryimage\"},\"image\":{\"@id\":\"https:\\\/\\\/lekarzeopole.pl\\\/wordpress\\\/product\\\/tensital\\\/#primaryimage\"},\"thumbnailUrl\":\"https:\\\/\\\/lekarzeopole.pl\\\/wordpress\\\/wp-content\\\/uploads\\\/2024\\\/02\\\/tensital.png\",\"datePublished\":\"2024-02-06T09:53:59+00:00\",\"dateModified\":\"2024-06-07T13:50:30+00:00\",\"breadcrumb\":{\"@id\":\"https:\\\/\\\/lekarzeopole.pl\\\/wordpress\\\/product\\\/tensital\\\/#breadcrumb\"},\"inLanguage\":\"pl-PL\",\"potentialAction\":[{\"@type\":\"ReadAction\",\"target\":[\"https:\\\/\\\/lekarzeopole.pl\\\/wordpress\\\/product\\\/tensital\\\/\"]}]},{\"@type\":\"ImageObject\",\"inLanguage\":\"pl-PL\",\"@id\":\"https:\\\/\\\/lekarzeopole.pl\\\/wordpress\\\/product\\\/tensital\\\/#primaryimage\",\"url\":\"https:\\\/\\\/lekarzeopole.pl\\\/wordpress\\\/wp-content\\\/uploads\\\/2024\\\/02\\\/tensital.png\",\"contentUrl\":\"https:\\\/\\\/lekarzeopole.pl\\\/wordpress\\\/wp-content\\\/uploads\\\/2024\\\/02\\\/tensital.png\",\"width\":200,\"height\":298,\"caption\":\"TENSITAL\"},{\"@type\":\"BreadcrumbList\",\"@id\":\"https:\\\/\\\/lekarzeopole.pl\\\/wordpress\\\/product\\\/tensital\\\/#breadcrumb\",\"itemListElement\":[{\"@type\":\"ListItem\",\"position\":1,\"name\":\"\u0413\u043b\u0430\u0432\u043d\u0430\u044f \u0441\u0442\u0440\u0430\u043d\u0438\u0446\u0430\",\"item\":\"https:\\\/\\\/lekarzeopole.pl\\\/wordpress\\\/\"},{\"@type\":\"ListItem\",\"position\":2,\"name\":\"Zakup\",\"item\":\"https:\\\/\\\/lekarzeopole.pl\\\/wordpress\\\/\"},{\"@type\":\"ListItem\",\"position\":3,\"name\":\"TENSITAL\"}]},{\"@type\":\"WebSite\",\"@id\":\"https:\\\/\\\/lekarzeopole.pl\\\/wordpress\\\/#website\",\"url\":\"https:\\\/\\\/lekarzeopole.pl\\\/wordpress\\\/\",\"name\":\"Lekarze Opole\",\"description\":\"\",\"potentialAction\":[{\"@type\":\"SearchAction\",\"target\":{\"@type\":\"EntryPoint\",\"urlTemplate\":\"https:\\\/\\\/lekarzeopole.pl\\\/wordpress\\\/?s={search_term_string}\"},\"query-input\":{\"@type\":\"PropertyValueSpecification\",\"valueRequired\":true,\"valueName\":\"search_term_string\"}}],\"inLanguage\":\"pl-PL\"}]}<\/script>\n<!-- \/ Yoast SEO plugin. -->","yoast_head_json":{"title":"TENSITAL - kup suplement, cena w aptece, sk\u0142ad, dzia\u0142anie","robots":{"index":"index","follow":"follow","max-snippet":"max-snippet:-1","max-image-preview":"max-image-preview:large","max-video-preview":"max-video-preview:-1"},"canonical":"https:\/\/lekarzeopole.pl\/wordpress\/product\/tensital\/","og_locale":"pl_PL","og_type":"article","og_title":"TENSITAL - kup suplement, cena w aptece, sk\u0142ad, dzia\u0142anie","og_description":"Kup teraz SKU:\u00a0789.878.379    Produkt sprzedawany jest wy\u0142\u0105cznie za po\u015brednictwem oficjalnej strony producenta, id\u017a i kupuj bezpiecznie!","og_url":"https:\/\/lekarzeopole.pl\/wordpress\/product\/tensital\/","og_site_name":"Lekarze Opole","article_modified_time":"2024-06-07T13:50:30+00:00","og_image":[{"width":200,"height":298,"url":"https:\/\/lekarzeopole.pl\/wordpress\/wp-content\/uploads\/2024\/02\/tensital.png","type":"image\/png"}],"twitter_card":"summary_large_image","twitter_misc":{"Szacowany czas czytania":"6 minut"},"schema":{"@context":"https:\/\/schema.org","@graph":[{"@type":"WebPage","@id":"https:\/\/lekarzeopole.pl\/wordpress\/product\/tensital\/","url":"https:\/\/lekarzeopole.pl\/wordpress\/product\/tensital\/","name":"TENSITAL - kup suplement, cena w aptece, sk\u0142ad, dzia\u0142anie","isPartOf":{"@id":"https:\/\/lekarzeopole.pl\/wordpress\/#website"},"primaryImageOfPage":{"@id":"https:\/\/lekarzeopole.pl\/wordpress\/product\/tensital\/#primaryimage"},"image":{"@id":"https:\/\/lekarzeopole.pl\/wordpress\/product\/tensital\/#primaryimage"},"thumbnailUrl":"https:\/\/lekarzeopole.pl\/wordpress\/wp-content\/uploads\/2024\/02\/tensital.png","datePublished":"2024-02-06T09:53:59+00:00","dateModified":"2024-06-07T13:50:30+00:00","breadcrumb":{"@id":"https:\/\/lekarzeopole.pl\/wordpress\/product\/tensital\/#breadcrumb"},"inLanguage":"pl-PL","potentialAction":[{"@type":"ReadAction","target":["https:\/\/lekarzeopole.pl\/wordpress\/product\/tensital\/"]}]},{"@type":"ImageObject","inLanguage":"pl-PL","@id":"https:\/\/lekarzeopole.pl\/wordpress\/product\/tensital\/#primaryimage","url":"https:\/\/lekarzeopole.pl\/wordpress\/wp-content\/uploads\/2024\/02\/tensital.png","contentUrl":"https:\/\/lekarzeopole.pl\/wordpress\/wp-content\/uploads\/2024\/02\/tensital.png","width":200,"height":298,"caption":"TENSITAL"},{"@type":"BreadcrumbList","@id":"https:\/\/lekarzeopole.pl\/wordpress\/product\/tensital\/#breadcrumb","itemListElement":[{"@type":"ListItem","position":1,"name":"\u0413\u043b\u0430\u0432\u043d\u0430\u044f \u0441\u0442\u0440\u0430\u043d\u0438\u0446\u0430","item":"https:\/\/lekarzeopole.pl\/wordpress\/"},{"@type":"ListItem","position":2,"name":"Zakup","item":"https:\/\/lekarzeopole.pl\/wordpress\/"},{"@type":"ListItem","position":3,"name":"TENSITAL"}]},{"@type":"WebSite","@id":"https:\/\/lekarzeopole.pl\/wordpress\/#website","url":"https:\/\/lekarzeopole.pl\/wordpress\/","name":"Lekarze Opole","description":"","potentialAction":[{"@type":"SearchAction","target":{"@type":"EntryPoint","urlTemplate":"https:\/\/lekarzeopole.pl\/wordpress\/?s={search_term_string}"},"query-input":{"@type":"PropertyValueSpecification","valueRequired":true,"valueName":"search_term_string"}}],"inLanguage":"pl-PL"}]}},"_links":{"self":[{"href":"https:\/\/lekarzeopole.pl\/wordpress\/wp-json\/wp\/v2\/product\/251","targetHints":{"allow":["GET"]}}],"collection":[{"href":"https:\/\/lekarzeopole.pl\/wordpress\/wp-json\/wp\/v2\/product"}],"about":[{"href":"https:\/\/lekarzeopole.pl\/wordpress\/wp-json\/wp\/v2\/types\/product"}],"replies":[{"embeddable":true,"href":"https:\/\/lekarzeopole.pl\/wordpress\/wp-json\/wp\/v2\/comments?post=251"}],"wp:featuredmedia":[{"embeddable":true,"href":"https:\/\/lekarzeopole.pl\/wordpress\/wp-json\/wp\/v2\/media\/252"}],"wp:attachment":[{"href":"https:\/\/lekarzeopole.pl\/wordpress\/wp-json\/wp\/v2\/media?parent=251"}],"wp:term":[{"taxonomy":"product_brand","embeddable":true,"href":"https:\/\/lekarzeopole.pl\/wordpress\/wp-json\/wp\/v2\/product_brand?post=251"},{"taxonomy":"product_cat","embeddable":true,"href":"https:\/\/lekarzeopole.pl\/wordpress\/wp-json\/wp\/v2\/product_cat?post=251"},{"taxonomy":"product_tag","embeddable":true,"href":"https:\/\/lekarzeopole.pl\/wordpress\/wp-json\/wp\/v2\/product_tag?post=251"}],"curies":[{"name":"wp","href":"https:\/\/api.w.org\/{rel}","templated":true}]}}