{"id":139,"date":"2024-02-02T15:07:07","date_gmt":"2024-02-02T15:07:07","guid":{"rendered":"https:\/\/lekarzeopole.pl\/wordpress\/?post_type=product&#038;p=139"},"modified":"2024-11-01T18:57:05","modified_gmt":"2024-11-01T18:57:05","slug":"hotrifen","status":"publish","type":"product","link":"https:\/\/lekarzeopole.pl\/wordpress\/product\/hotrifen\/","title":{"rendered":"Hotrifen"},"content":{"rendered":"<div class=\"flex-1 overflow-hidden\">\n<div class=\"react-scroll-to-bottom--css-kelrk-79elbk h-full\">\n<div class=\"react-scroll-to-bottom--css-kelrk-1n7m0yu\">\n<div class=\"flex flex-col pb-9 text-sm\">\n<div class=\"w-full text-token-text-primary\" data-testid=\"conversation-turn-3\">\n<div class=\"px-4 py-2 justify-center text-base md:gap-6 m-auto\">\n<div class=\"flex flex-1 text-base mx-auto gap-3 md:px-5 lg:px-1 xl:px-5 md:max-w-3xl lg:max-w-[40rem] xl:max-w-[48rem] group\">\n<div class=\"relative flex w-full flex-col lg:w-[calc(100%-115px)] agent-turn\">\n<div class=\"flex-col gap-1 md:gap-3\">\n<div class=\"flex flex-grow flex-col max-w-full\">\n<div class=\"min-h-[20px] text-message flex flex-col items-start gap-3 whitespace-pre-wrap break-words [.text-message+&amp;]:mt-5 overflow-x-auto\" data-message-author-role=\"assistant\" data-message-id=\"364d4443-e741-4773-9f42-718375efe683\">\n<div class=\"markdown prose w-full break-words dark:prose-invert light\">\n<p>Hotrifen to rewolucyjny krem, kt\u00f3ry stanowi nieocenion\u0105 pomoc dla os\u00f3b borykaj\u0105cych si\u0119 z b\u00f3lem staw\u00f3w. Jest on przeznaczony dla wszystkich, kt\u00f3rzy odczuwaj\u0105 dyskomfort zwi\u0105zany z dolegliwo\u015bciami stawowymi, takimi jak artretyzm, zapalenie staw\u00f3w, b\u00f3l plec\u00f3w czy obrz\u0119k staw\u00f3w. Ten naturalny preparat jest odpowiedni zar\u00f3wno dla m\u0142odszych, jak i starszych pacjent\u00f3w, kt\u00f3rzy pragn\u0105 skutecznie z\u0142agodzi\u0107 b\u00f3l staw\u00f3w i odzyska\u0107 pe\u0142ni\u0119 ruchu.<\/p>\n<h2>Opis Hotrifen<\/h2>\n<p>Hotrifen to innowacyjny krem stworzony przy u\u017cyciu zaawansowanych technologii i naturalnych sk\u0142adnik\u00f3w. Jego dzia\u0142anie opiera si\u0119 na unikalnej formule, kt\u00f3ra skupia si\u0119 na z\u0142agodzeniu b\u00f3lu, redukcji stan\u00f3w zapalnych oraz przywracaniu sprawno\u015bci staw\u00f3w. Krem Hotrifen zawiera starannie dobrane sk\u0142adniki, kt\u00f3re wsp\u00f3lnie dzia\u0142aj\u0105 na korzy\u015b\u0107 zdrowia staw\u00f3w i mi\u0119\u015bni.<\/p>\n<h2>Sk\u0142ad i dzia\u0142anie sk\u0142adnik\u00f3w Hotrifen<\/h2>\n<p>Sk\u0142adniki u\u017cyte w kremie Hotrifen s\u0105 starannie wyselekcjonowane, by zapewni\u0107 maksymaln\u0105 skuteczno\u015b\u0107 i minimalizowa\u0107 ryzyko skutk\u00f3w ubocznych. G\u0142\u00f3wne sk\u0142adniki to:<\/p>\n<ol>\n<li><strong>Glukozamina<\/strong> &#8211; wspiera regeneracj\u0119 chrz\u0105stki stawowej i pomaga w utrzymaniu jej elastyczno\u015bci.<\/li>\n<li><strong>Chondroityna<\/strong> &#8211; redukuje b\u00f3l staw\u00f3w oraz przeciwdzia\u0142a ich zwyrodnieniu.<\/li>\n<li><strong>Ekstrakt z arniki<\/strong> &#8211; ma w\u0142a\u015bciwo\u015bci przeciwzapalne i przeciwb\u00f3lowe, \u0142agodzi b\u00f3l i obrz\u0119k.<\/li>\n<li><strong>Olejek z drzewa herbacianego<\/strong> &#8211; dzia\u0142a antybakteryjnie i przeciwpaso\u017cytniczo, pomaga w zwalczaniu infekcji w stawach.<\/li>\n<li><strong>Ekstrakt z imbiru<\/strong> &#8211; redukuje stany zapalne i wzmacnia uk\u0142ad odporno\u015bciowy.<\/li>\n<li><strong>Kolagen<\/strong> &#8211; poprawia elastyczno\u015b\u0107 i wytrzyma\u0142o\u015b\u0107 staw\u00f3w oraz sk\u00f3ry.<\/li>\n<\/ol>\n<p>Wszystkie te sk\u0142adniki dzia\u0142aj\u0105 synergicznie, tworz\u0105c pot\u0119\u017cn\u0105 kombinacj\u0119, kt\u00f3ra \u0142agodzi b\u00f3l, wspomaga regeneracj\u0119 tkanek i przywraca pe\u0142ni\u0119 ruchu.<\/p>\n<p style=\"text-align: center;\"><a href=\"https:\/\/tl-track.com\/tracker\/uFTK\"><button>www.hotrifen.pl<\/button><\/a><\/p>\n<h2>Efekty Hotrifen i ich charakterystyka<\/h2>\n<p>Korzystanie z kremu Hotrifen przynosi liczne korzy\u015bci. Po regularnym stosowaniu mo\u017cna zauwa\u017cy\u0107:<\/p>\n<ul>\n<li>Zmniejszenie b\u00f3lu staw\u00f3w i mi\u0119\u015bni.<\/li>\n<li>Redukcj\u0119 obrz\u0119ku i stan\u00f3w zapalnych.<\/li>\n<li>Zwi\u0119kszenie elastyczno\u015bci i ruchomo\u015bci staw\u00f3w.<\/li>\n<li>Popraw\u0119 og\u00f3lnego samopoczucia i jako\u015bci \u017cycia.<\/li>\n<\/ul>\n<h2>Ryzyko skutk\u00f3w ubocznych<\/h2>\n<p>Hotrifen to preparat oparty na naturalnych sk\u0142adnikach, co minimalizuje ryzyko wyst\u0105pienia skutk\u00f3w ubocznych. Dzi\u0119ki starannie dobranej formule nie ma konieczno\u015bci obawia\u0107 si\u0119 dzia\u0142a\u0144 niepo\u017c\u0105danych, kt\u00f3re cz\u0119sto towarzysz\u0105 syntetycznym lekom przeciwb\u00f3lowym. Krem Hotrifen jest bezpieczny i mo\u017cna go stosowa\u0107 d\u0142ugotrwale bez obaw o skutki uboczne.<\/p>\n<h2>Opinie klient\u00f3w o Hotrifen: fora po\u015bwi\u0119cone zdrowiu<\/h2>\n<p>W Polsce Hotrifen zdobywa coraz wi\u0119ksz\u0105 popularno\u015b\u0107 w\u015br\u00f3d klient\u00f3w, dlatego istnieje wiele for\u00f3w i stron internetowych po\u015bwi\u0119conych zdrowiu, na kt\u00f3rych znajdziemy liczne opinie na temat tego preparatu. Wi\u0119kszo\u015b\u0107 u\u017cytkownik\u00f3w opisuje go jako skuteczny i \u0142atwo dost\u0119pny spos\u00f3b na walk\u0119 z b\u00f3lem staw\u00f3w.<\/p>\n<p>Oto przyk\u0142adowe opinie od u\u017cytkownik\u00f3w:<\/p>\n<ol>\n<li><strong>Anna, 52 lata:<\/strong> &#8222;Od d\u0142u\u017cszego czasu m\u0119czy\u0142 mnie b\u00f3l staw\u00f3w kolanowych. Pr\u00f3bowa\u0142am r\u00f3\u017cnych lek\u00f3w, ale dopiero Hotrifen przyni\u00f3s\u0142 mi ulg\u0119. Po kilku tygodniach stosowania mog\u0119 swobodnie chodzi\u0107 i cieszy\u0107 si\u0119 \u017cyciem bez b\u00f3lu.&#8221;<\/li>\n<li><strong>Marek, 45 lat:<\/strong> &#8222;Hotrifen to naprawd\u0119 skuteczny krem. Mam prac\u0119, kt\u00f3ra wymaga du\u017cego wysi\u0142ku fizycznego, co niestety odbi\u0142o si\u0119 na moich stawach. Ten krem pom\u00f3g\u0142 mi wr\u00f3ci\u0107 do formy i kontynuowa\u0107 swoj\u0105 aktywno\u015b\u0107 fizyczn\u0105.&#8221;<\/li>\n<\/ol>\n<p><em>Hotrifen to naturalny krem, kt\u00f3ry oferuje skuteczn\u0105 pomoc w \u0142agodzeniu b\u00f3lu staw\u00f3w i poprawie ruchomo\u015bci. Dzi\u0119ki swoim naturalnym sk\u0142adnikom minimalizuje ryzyko skutk\u00f3w ubocznych. Coraz wi\u0119cej os\u00f3b w Polsce korzysta z tego produktu i dzieli si\u0119 pozytywnymi opiniami na temat jego dzia\u0142ania. Je\u015bli borykasz si\u0119 z b\u00f3lem staw\u00f3w, Hotrifen mo\u017ce by\u0107 w\u0142a\u015bnie tym, czego potrzebujesz.<\/em><\/p>\n<\/div>\n<\/div>\n<\/div>\n<\/div>\n<\/div>\n<\/div>\n<\/div>\n<\/div>\n<div class=\"w-full text-token-text-primary\" data-testid=\"conversation-turn-5\">\n<div class=\"px-4 py-2 justify-center text-base md:gap-6 m-auto\">\n<div class=\"flex flex-1 text-base mx-auto gap-3 md:px-5 lg:px-1 xl:px-5 md:max-w-3xl lg:max-w-[40rem] xl:max-w-[48rem] group final-completion\">\n<div class=\"relative flex w-full flex-col lg:w-[calc(100%-115px)] agent-turn\">\n<div class=\"flex-col gap-1 md:gap-3\">\n<div class=\"flex flex-grow flex-col max-w-full\">\n<div class=\"min-h-[20px] text-message flex flex-col items-start gap-3 whitespace-pre-wrap break-words [.text-message+&amp;]:mt-5 overflow-x-auto\" data-message-author-role=\"assistant\" data-message-id=\"c56c6be4-7218-45df-951e-f280da486d51\">\n<div class=\"markdown prose w-full break-words dark:prose-invert light\">\n<h2>Ulotka do\u0142\u0105czona do Hotrifen<\/h2>\n<p>Hotrifen to produkt, kt\u00f3ry jest dost\u0119pny z dok\u0142adnymi informacjami dotycz\u0105cymi jego stosowania. Ka\u017cdy opakowanie zawiera ulotk\u0119 informacyjn\u0105, kt\u00f3ra zawiera pe\u0142n\u0105 list\u0119 sk\u0142adnik\u00f3w, instrukcje dotycz\u0105ce stosowania oraz wa\u017cne informacje na temat bezpiecze\u0144stwa. Przed rozpocz\u0119ciem stosowania kremu Hotrifen zaleca si\u0119 dok\u0142adne zapoznanie si\u0119 z ulotk\u0105 w celu zapewnienia bezpiecze\u0144stwa i skuteczno\u015bci leczenia.<\/p>\n<h2>Spos\u00f3b podawania i dawkowanie<\/h2>\n<p>Hotrifen jest kremem o stosunkowo \u0142atwej aplikacji. Aby uzyska\u0107 najlepsze efekty, zaleca si\u0119 stosowanie go na czystej i sucha sk\u00f3r\u0119, w obszarze dotkni\u0119tym b\u00f3lem staw\u00f3w. Niewielk\u0105 ilo\u015b\u0107 kremu nale\u017cy delikatnie wmasowa\u0107 w sk\u00f3r\u0119 a\u017c do wch\u0142oni\u0119cia. Stosowanie mo\u017cna powtarza\u0107 kilka razy dziennie, w zale\u017cno\u015bci od intensywno\u015bci b\u00f3lu. Przed u\u017cyciem zawsze nale\u017cy umy\u0107 r\u0119ce.<\/p>\n<h2>Porady od lekarzy<\/h2>\n<p>Istnieje kilka og\u00f3lnych zalece\u0144, kt\u00f3re mog\u0105 pom\u00f3c w radzeniu sobie z b\u00f3lem staw\u00f3w:<\/p>\n<ol>\n<li><strong>Regularna aktywno\u015b\u0107 fizyczna:<\/strong> \u0106wiczenia i rozci\u0105ganie mog\u0105 pom\u00f3c w utrzymaniu elastyczno\u015bci staw\u00f3w i zmniejszeniu ryzyka wyst\u0105pienia b\u00f3lu.<\/li>\n<li><strong>Zr\u00f3wnowa\u017cona dieta:<\/strong> Dieta bogata w sk\u0142adniki od\u017cywcze, takie jak witaminy i minera\u0142y, mo\u017ce wspiera\u0107 zdrowie staw\u00f3w.<\/li>\n<li><strong>Unikanie nadmiernego obci\u0105\u017cania:<\/strong> Staraj si\u0119 unika\u0107 d\u0142ugotrwa\u0142ego obci\u0105\u017cania staw\u00f3w, zw\u0142aszcza je\u015bli prowadzisz siedz\u0105cy tryb \u017cycia. Regularne przerwy i rozci\u0105ganie mog\u0105 pom\u00f3c.<\/li>\n<li><strong>Konsultacje lekarza:<\/strong> Je\u015bli b\u00f3l staw\u00f3w jest uporczywy lub nasilaj\u0105cy si\u0119, zawsze warto skonsultowa\u0107 si\u0119 z lekarzem, kt\u00f3ry mo\u017ce zaleci\u0107 odpowiednie \u015brodki i leczenie.<\/li>\n<\/ol>\n<h2>Kup teraz Hotrifen z dostaw\u0105<\/h2>\n<p>Zakup Hotrifen jest niezwykle prosty i wygodny. Produkt jest dost\u0119pny do zakupu online na oficjalnej stronie producenta. Co wa\u017cne, nie ma konieczno\u015bci p\u0142acenia z g\u00f3ry &#8211; p\u0142atno\u015b\u0107 dokonuje si\u0119 przy odbiorze produktu. To oznacza, \u017ce mo\u017cesz by\u0107 pewien, \u017ce otrzymasz oryginalny produkt bez ryzyka oszustwa.<\/p>\n<p>Dostawa Hotrifen zajmuje zazwyczaj 3-4 dni robocze i jest dost\u0119pna na terenie Polski. Po z\u0142o\u017ceniu zam\u00f3wienia, specjalista ds. obs\u0142ugi klienta potwierdzi je telefonicznie i mo\u017ce udzieli\u0107 dodatkowych informacji na temat dost\u0119pno\u015bci produktu oraz ewentualnych promocji.<\/p>\n<p style=\"text-align: center;\"><a href=\"https:\/\/tl-track.com\/tracker\/uFTK\"><button>Zakup na stronie producenta (-50%)<\/button><\/a><\/p>\n<h2>Por\u00f3wnanie ofert: ceny i dost\u0119pno\u015b\u0107 Hotrifen<\/h2>\n<p>Producent Hotrifen stawia na bezpo\u015bredni\u0105 dost\u0119pno\u015b\u0107 produktu dla klient\u00f3w. Dlatego te\u017c krem nie jest dost\u0119pny w stacjonarnych aptekach ani u po\u015brednik\u00f3w. Mo\u017cesz go zakupi\u0107 wy\u0142\u0105cznie na oficjalnej stronie producenta, co eliminuje ryzyko zakupu podr\u00f3bek oraz dodatkowych koszt\u00f3w po\u015brednik\u00f3w.<\/p>\n<p>Warto r\u00f3wnie\u017c regularnie sprawdza\u0107 oficjaln\u0105 stron\u0119 producenta, poniewa\u017c czasami s\u0105 dost\u0119pne atrakcyjne promocje i zni\u017cki. Dzi\u0119ki temu mo\u017cesz zaoszcz\u0119dzi\u0107 na zakupie Hotrifen i cieszy\u0107 si\u0119 korzystnymi cenami.<\/p>\n<p><em>Hotrifen to naturalny krem, kt\u00f3ry mo\u017ce przynie\u015b\u0107 ulg\u0119 w walce z b\u00f3lem staw\u00f3w. Dzi\u0119ki dok\u0142adnym informacjom dost\u0119pnym na ulotce oraz prostemu sposobowi zakupu online, jest to wygodne i bezpieczne rozwi\u0105zanie dla os\u00f3b poszukuj\u0105cych skutecznego wsparcia w walce z dolegliwo\u015bciami stawowymi.<\/em><\/p>\n<\/div>\n<\/div>\n<\/div>\n<\/div>\n<\/div>\n<\/div>\n<\/div>\n<\/div>\n<\/div>\n<\/div>\n<\/div>\n<\/div>\n","protected":false},"excerpt":{"rendered":"<p style=\"text-align: center;\"><a href=\"https:\/\/tl-track.com\/tracker\/uFTK\"><button>Kup teraz<\/button><\/a><\/p>\n<p>SKU:\u00a0<span class=\"sku\">788.878.019<\/span><\/p>\n<hr \/>\n<p><small>Produkt sprzedawany jest wy\u0142\u0105cznie za po\u015brednictwem oficjalnej strony producenta, id\u017a i kupuj bezpiecznie!<\/small><\/p>\n","protected":false},"featured_media":140,"comment_status":"open","ping_status":"closed","template":"","meta":[],"product_brand":[],"product_cat":[15],"product_tag":[],"class_list":{"0":"post-139","1":"product","2":"type-product","3":"status-publish","4":"has-post-thumbnail","6":"product_cat-supl","7":"thunk-woo-product-list","8":"opn-qv-enable","9":"top-store-woo-hover-","10":"top-store-single-product-tab-horizontal","11":"top-store-shadow-","12":"top-store-shadow-hover-","14":"first","15":"instock","16":"sale","17":"shipping-taxable","18":"purchasable","19":"product-type-simple"},"yoast_head":"<!-- This site is optimized with the Yoast SEO plugin v27.4 - https:\/\/yoast.com\/product\/yoast-seo-wordpress\/ -->\n<title>Hotrifen - kup suplement, cena w aptece, sk\u0142ad, dzia\u0142anie<\/title>\n<meta name=\"robots\" content=\"index, follow, max-snippet:-1, max-image-preview:large, max-video-preview:-1\" \/>\n<link rel=\"canonical\" href=\"https:\/\/lekarzeopole.pl\/wordpress\/product\/hotrifen\/\" \/>\n<meta property=\"og:locale\" content=\"pl_PL\" \/>\n<meta property=\"og:type\" content=\"article\" \/>\n<meta property=\"og:title\" content=\"Hotrifen - kup suplement, cena w aptece, sk\u0142ad, dzia\u0142anie\" \/>\n<meta property=\"og:description\" content=\"Kup teraz SKU:\u00a0788.878.019    Produkt sprzedawany jest wy\u0142\u0105cznie za po\u015brednictwem oficjalnej strony producenta, id\u017a i kupuj bezpiecznie!\" \/>\n<meta property=\"og:url\" content=\"https:\/\/lekarzeopole.pl\/wordpress\/product\/hotrifen\/\" \/>\n<meta property=\"og:site_name\" content=\"Lekarze Opole\" \/>\n<meta property=\"article:modified_time\" content=\"2024-11-01T18:57:05+00:00\" \/>\n<meta property=\"og:image\" content=\"https:\/\/lekarzeopole.pl\/wordpress\/wp-content\/uploads\/2024\/02\/hotrifen.png\" \/>\n\t<meta property=\"og:image:width\" content=\"275\" \/>\n\t<meta property=\"og:image:height\" content=\"400\" \/>\n\t<meta property=\"og:image:type\" content=\"image\/png\" \/>\n<meta name=\"twitter:card\" content=\"summary_large_image\" \/>\n<meta name=\"twitter:label1\" content=\"Szacowany czas czytania\" \/>\n\t<meta name=\"twitter:data1\" content=\"6 minut\" \/>\n<script type=\"application\/ld+json\" class=\"yoast-schema-graph\">{\"@context\":\"https:\\\/\\\/schema.org\",\"@graph\":[{\"@type\":\"WebPage\",\"@id\":\"https:\\\/\\\/lekarzeopole.pl\\\/wordpress\\\/product\\\/hotrifen\\\/\",\"url\":\"https:\\\/\\\/lekarzeopole.pl\\\/wordpress\\\/product\\\/hotrifen\\\/\",\"name\":\"Hotrifen - kup suplement, cena w aptece, sk\u0142ad, dzia\u0142anie\",\"isPartOf\":{\"@id\":\"https:\\\/\\\/lekarzeopole.pl\\\/wordpress\\\/#website\"},\"primaryImageOfPage\":{\"@id\":\"https:\\\/\\\/lekarzeopole.pl\\\/wordpress\\\/product\\\/hotrifen\\\/#primaryimage\"},\"image\":{\"@id\":\"https:\\\/\\\/lekarzeopole.pl\\\/wordpress\\\/product\\\/hotrifen\\\/#primaryimage\"},\"thumbnailUrl\":\"https:\\\/\\\/lekarzeopole.pl\\\/wordpress\\\/wp-content\\\/uploads\\\/2024\\\/02\\\/hotrifen.png\",\"datePublished\":\"2024-02-02T15:07:07+00:00\",\"dateModified\":\"2024-11-01T18:57:05+00:00\",\"breadcrumb\":{\"@id\":\"https:\\\/\\\/lekarzeopole.pl\\\/wordpress\\\/product\\\/hotrifen\\\/#breadcrumb\"},\"inLanguage\":\"pl-PL\",\"potentialAction\":[{\"@type\":\"ReadAction\",\"target\":[\"https:\\\/\\\/lekarzeopole.pl\\\/wordpress\\\/product\\\/hotrifen\\\/\"]}]},{\"@type\":\"ImageObject\",\"inLanguage\":\"pl-PL\",\"@id\":\"https:\\\/\\\/lekarzeopole.pl\\\/wordpress\\\/product\\\/hotrifen\\\/#primaryimage\",\"url\":\"https:\\\/\\\/lekarzeopole.pl\\\/wordpress\\\/wp-content\\\/uploads\\\/2024\\\/02\\\/hotrifen.png\",\"contentUrl\":\"https:\\\/\\\/lekarzeopole.pl\\\/wordpress\\\/wp-content\\\/uploads\\\/2024\\\/02\\\/hotrifen.png\",\"width\":275,\"height\":400,\"caption\":\"Hotrifen\"},{\"@type\":\"BreadcrumbList\",\"@id\":\"https:\\\/\\\/lekarzeopole.pl\\\/wordpress\\\/product\\\/hotrifen\\\/#breadcrumb\",\"itemListElement\":[{\"@type\":\"ListItem\",\"position\":1,\"name\":\"\u0413\u043b\u0430\u0432\u043d\u0430\u044f \u0441\u0442\u0440\u0430\u043d\u0438\u0446\u0430\",\"item\":\"https:\\\/\\\/lekarzeopole.pl\\\/wordpress\\\/\"},{\"@type\":\"ListItem\",\"position\":2,\"name\":\"Zakup\",\"item\":\"https:\\\/\\\/lekarzeopole.pl\\\/wordpress\\\/\"},{\"@type\":\"ListItem\",\"position\":3,\"name\":\"Hotrifen\"}]},{\"@type\":\"WebSite\",\"@id\":\"https:\\\/\\\/lekarzeopole.pl\\\/wordpress\\\/#website\",\"url\":\"https:\\\/\\\/lekarzeopole.pl\\\/wordpress\\\/\",\"name\":\"Lekarze Opole\",\"description\":\"\",\"potentialAction\":[{\"@type\":\"SearchAction\",\"target\":{\"@type\":\"EntryPoint\",\"urlTemplate\":\"https:\\\/\\\/lekarzeopole.pl\\\/wordpress\\\/?s={search_term_string}\"},\"query-input\":{\"@type\":\"PropertyValueSpecification\",\"valueRequired\":true,\"valueName\":\"search_term_string\"}}],\"inLanguage\":\"pl-PL\"}]}<\/script>\n<!-- \/ Yoast SEO plugin. -->","yoast_head_json":{"title":"Hotrifen - kup suplement, cena w aptece, sk\u0142ad, dzia\u0142anie","robots":{"index":"index","follow":"follow","max-snippet":"max-snippet:-1","max-image-preview":"max-image-preview:large","max-video-preview":"max-video-preview:-1"},"canonical":"https:\/\/lekarzeopole.pl\/wordpress\/product\/hotrifen\/","og_locale":"pl_PL","og_type":"article","og_title":"Hotrifen - kup suplement, cena w aptece, sk\u0142ad, dzia\u0142anie","og_description":"Kup teraz SKU:\u00a0788.878.019    Produkt sprzedawany jest wy\u0142\u0105cznie za po\u015brednictwem oficjalnej strony producenta, id\u017a i kupuj bezpiecznie!","og_url":"https:\/\/lekarzeopole.pl\/wordpress\/product\/hotrifen\/","og_site_name":"Lekarze Opole","article_modified_time":"2024-11-01T18:57:05+00:00","og_image":[{"width":275,"height":400,"url":"https:\/\/lekarzeopole.pl\/wordpress\/wp-content\/uploads\/2024\/02\/hotrifen.png","type":"image\/png"}],"twitter_card":"summary_large_image","twitter_misc":{"Szacowany czas czytania":"6 minut"},"schema":{"@context":"https:\/\/schema.org","@graph":[{"@type":"WebPage","@id":"https:\/\/lekarzeopole.pl\/wordpress\/product\/hotrifen\/","url":"https:\/\/lekarzeopole.pl\/wordpress\/product\/hotrifen\/","name":"Hotrifen - kup suplement, cena w aptece, sk\u0142ad, dzia\u0142anie","isPartOf":{"@id":"https:\/\/lekarzeopole.pl\/wordpress\/#website"},"primaryImageOfPage":{"@id":"https:\/\/lekarzeopole.pl\/wordpress\/product\/hotrifen\/#primaryimage"},"image":{"@id":"https:\/\/lekarzeopole.pl\/wordpress\/product\/hotrifen\/#primaryimage"},"thumbnailUrl":"https:\/\/lekarzeopole.pl\/wordpress\/wp-content\/uploads\/2024\/02\/hotrifen.png","datePublished":"2024-02-02T15:07:07+00:00","dateModified":"2024-11-01T18:57:05+00:00","breadcrumb":{"@id":"https:\/\/lekarzeopole.pl\/wordpress\/product\/hotrifen\/#breadcrumb"},"inLanguage":"pl-PL","potentialAction":[{"@type":"ReadAction","target":["https:\/\/lekarzeopole.pl\/wordpress\/product\/hotrifen\/"]}]},{"@type":"ImageObject","inLanguage":"pl-PL","@id":"https:\/\/lekarzeopole.pl\/wordpress\/product\/hotrifen\/#primaryimage","url":"https:\/\/lekarzeopole.pl\/wordpress\/wp-content\/uploads\/2024\/02\/hotrifen.png","contentUrl":"https:\/\/lekarzeopole.pl\/wordpress\/wp-content\/uploads\/2024\/02\/hotrifen.png","width":275,"height":400,"caption":"Hotrifen"},{"@type":"BreadcrumbList","@id":"https:\/\/lekarzeopole.pl\/wordpress\/product\/hotrifen\/#breadcrumb","itemListElement":[{"@type":"ListItem","position":1,"name":"\u0413\u043b\u0430\u0432\u043d\u0430\u044f \u0441\u0442\u0440\u0430\u043d\u0438\u0446\u0430","item":"https:\/\/lekarzeopole.pl\/wordpress\/"},{"@type":"ListItem","position":2,"name":"Zakup","item":"https:\/\/lekarzeopole.pl\/wordpress\/"},{"@type":"ListItem","position":3,"name":"Hotrifen"}]},{"@type":"WebSite","@id":"https:\/\/lekarzeopole.pl\/wordpress\/#website","url":"https:\/\/lekarzeopole.pl\/wordpress\/","name":"Lekarze Opole","description":"","potentialAction":[{"@type":"SearchAction","target":{"@type":"EntryPoint","urlTemplate":"https:\/\/lekarzeopole.pl\/wordpress\/?s={search_term_string}"},"query-input":{"@type":"PropertyValueSpecification","valueRequired":true,"valueName":"search_term_string"}}],"inLanguage":"pl-PL"}]}},"_links":{"self":[{"href":"https:\/\/lekarzeopole.pl\/wordpress\/wp-json\/wp\/v2\/product\/139","targetHints":{"allow":["GET"]}}],"collection":[{"href":"https:\/\/lekarzeopole.pl\/wordpress\/wp-json\/wp\/v2\/product"}],"about":[{"href":"https:\/\/lekarzeopole.pl\/wordpress\/wp-json\/wp\/v2\/types\/product"}],"replies":[{"embeddable":true,"href":"https:\/\/lekarzeopole.pl\/wordpress\/wp-json\/wp\/v2\/comments?post=139"}],"wp:featuredmedia":[{"embeddable":true,"href":"https:\/\/lekarzeopole.pl\/wordpress\/wp-json\/wp\/v2\/media\/140"}],"wp:attachment":[{"href":"https:\/\/lekarzeopole.pl\/wordpress\/wp-json\/wp\/v2\/media?parent=139"}],"wp:term":[{"taxonomy":"product_brand","embeddable":true,"href":"https:\/\/lekarzeopole.pl\/wordpress\/wp-json\/wp\/v2\/product_brand?post=139"},{"taxonomy":"product_cat","embeddable":true,"href":"https:\/\/lekarzeopole.pl\/wordpress\/wp-json\/wp\/v2\/product_cat?post=139"},{"taxonomy":"product_tag","embeddable":true,"href":"https:\/\/lekarzeopole.pl\/wordpress\/wp-json\/wp\/v2\/product_tag?post=139"}],"curies":[{"name":"wp","href":"https:\/\/api.w.org\/{rel}","templated":true}]}}