{"id":1356,"date":"2025-09-24T10:22:58","date_gmt":"2025-09-24T10:22:58","guid":{"rendered":"https:\/\/lekarzeopole.pl\/wordpress\/?post_type=product&#038;p=1356"},"modified":"2025-09-24T10:22:59","modified_gmt":"2025-09-24T10:22:59","slug":"guntitan","status":"publish","type":"product","link":"https:\/\/lekarzeopole.pl\/wordpress\/product\/guntitan\/","title":{"rendered":"GunTitan"},"content":{"rendered":"<p data-start=\"303\" data-end=\"775\">Wsp\u00f3\u0142czesny m\u0119\u017cczyzna cz\u0119sto mierzy si\u0119 z wyzwaniami dotycz\u0105cymi potencji, wytrzyma\u0142o\u015bci oraz jako\u015bci \u017cycia seksualnego. Stres, szybkie tempo \u017cycia i niew\u0142a\u015bciwa dieta sprawiaj\u0105, \u017ce coraz cz\u0119\u015bciej pojawiaj\u0105 si\u0119 problemy z erekcj\u0105, przedwczesnym wytryskiem czy spadkiem libido. Na szcz\u0119\u015bcie istnieje rozwi\u0105zanie oparte na naturalnych sk\u0142adnikach \u2013 GunTitan, innowacyjny suplement diety w formie kropli, kt\u00f3ry zapewnia mocne wsparcie dla m\u0119skiej sprawno\u015bci seksualnej.<\/p>\n<p data-start=\"777\" data-end=\"1039\">To nie tylko zwyk\u0142a \u201ekropla na potencj\u0119\u201d, ale prawdziwy sprzymierzeniec w budowaniu d\u0142ugotrwa\u0142ej satysfakcji i intensywnych dozna\u0144. Podaruj sobie i swojej partnerce niezapomniane chwile \u2013 GunTitan otwiera drzwi do \u015bwiata nowych orgazm\u00f3w i d\u0142ugich uniesie\u0144.<\/p>\n<h2 data-start=\"1046\" data-end=\"1081\">Wskazania do stosowania GunTitan<\/h2>\n<p data-start=\"1083\" data-end=\"1261\">Preparat zosta\u0142 stworzony z my\u015bl\u0105 o m\u0119\u017cczyznach, kt\u00f3rzy chc\u0105 poprawi\u0107 swoj\u0105 sprawno\u015b\u0107 seksualn\u0105 i odzyska\u0107 pe\u0142n\u0105 kontrol\u0119 nad \u017cyciem intymnym. Wskazania do stosowania obejmuj\u0105:<\/p>\n<ul data-start=\"1263\" data-end=\"1513\">\n<li data-start=\"1263\" data-end=\"1287\">\n<p data-start=\"1265\" data-end=\"1287\">problemy ze wzwodem,<\/p>\n<\/li>\n<li data-start=\"1288\" data-end=\"1313\">\n<p data-start=\"1290\" data-end=\"1313\">przedwczesny wytrysk,<\/p>\n<\/li>\n<li data-start=\"1314\" data-end=\"1367\">\n<p data-start=\"1316\" data-end=\"1367\">zbyt kr\u00f3tki czas stosunku (np. poni\u017cej 10 minut),<\/p>\n<\/li>\n<li data-start=\"1368\" data-end=\"1401\">\n<p data-start=\"1370\" data-end=\"1401\">brak energii i spadek libido,<\/p>\n<\/li>\n<li data-start=\"1402\" data-end=\"1462\">\n<p data-start=\"1404\" data-end=\"1462\">os\u0142abienie przep\u0142ywu krwi w obszarze narz\u0105d\u00f3w p\u0142ciowych,<\/p>\n<\/li>\n<li data-start=\"1463\" data-end=\"1513\">\n<p data-start=\"1465\" data-end=\"1513\">ch\u0119\u0107 zwi\u0119kszenia dozna\u0144 i satysfakcji w \u0142\u00f3\u017cku.<\/p>\n<\/li>\n<\/ul>\n<p data-start=\"1515\" data-end=\"1640\">Je\u015bli pragniesz seksu d\u0142u\u017cszego ni\u017c 30 minut i intensywniejszych orgazm\u00f3w \u2013 GunTitan to rozwi\u0105zanie w\u0142a\u015bnie dla Ciebie.<\/p>\n<h2 data-start=\"1647\" data-end=\"1687\">Sk\u0142ad i dzia\u0142anie sk\u0142adnik\u00f3w GunTitan<\/h2>\n<p data-start=\"1689\" data-end=\"1849\">Si\u0142a GunTitan tkwi w jego naturalnym, starannie skomponowanym sk\u0142adzie. Formu\u0142a zosta\u0142a opracowana tak, aby wspiera\u0107 organizm w spos\u00f3b bezpieczny i skuteczny:<\/p>\n<ul>\n<li data-start=\"718\" data-end=\"961\">\n<p data-start=\"720\" data-end=\"961\"><strong data-start=\"720\" data-end=\"770\">Ekstrakt z korzenia \u017ce\u0144-szenia (Panax ginseng)<\/strong> \u2013 znany od wiek\u00f3w afrodyzjak, kt\u00f3ry poprawia ukrwienie narz\u0105d\u00f3w p\u0142ciowych, dodaje energii i zwi\u0119ksza libido. Wzmacnia organizm oraz redukuje zm\u0119czenie, co sprzyja d\u0142ugotrwa\u0142emu stosunkowi.<\/p>\n<\/li>\n<li data-start=\"963\" data-end=\"1146\">\n<p data-start=\"965\" data-end=\"1146\"><strong data-start=\"965\" data-end=\"987\">Ekstrakt z guarany<\/strong> \u2013 naturalne \u017ar\u00f3d\u0142o kofeiny, kt\u00f3re pobudza, zwi\u0119ksza wytrzyma\u0142o\u015b\u0107 i poprawia koncentracj\u0119. Dzi\u0119ki temu akt seksualny staje si\u0119 d\u0142u\u017cszy i bardziej intensywny.<\/p>\n<\/li>\n<li data-start=\"1148\" data-end=\"1328\">\n<p data-start=\"1150\" data-end=\"1328\"><strong data-start=\"1150\" data-end=\"1206\">Ekstrakt z Tribulus Terrestris (Buzdyganek naziemny)<\/strong> \u2013 ro\u015blina znana z w\u0142a\u015bciwo\u015bci podnosz\u0105cych poziom testosteronu. Wp\u0142ywa na si\u0142\u0119 erekcji, wydolno\u015b\u0107 oraz pop\u0119d seksualny.<\/p>\n<\/li>\n<li data-start=\"1330\" data-end=\"1494\">\n<p data-start=\"1332\" data-end=\"1494\"><strong data-start=\"1332\" data-end=\"1346\">L-arginina<\/strong> \u2013 aminokwas rozszerzaj\u0105cy naczynia krwiono\u015bne i zwi\u0119kszaj\u0105cy przep\u0142yw krwi do penisa. To kluczowy sk\u0142adnik odpowiadaj\u0105cy za szybki i mocny wzw\u00f3d.<\/p>\n<\/li>\n<li data-start=\"1496\" data-end=\"1650\">\n<p data-start=\"1498\" data-end=\"1650\"><strong data-start=\"1498\" data-end=\"1537\">Maca peruwia\u0144ska (Lepidium meyenii)<\/strong> \u2013 naturalny adaptogen, kt\u00f3ry wzmacnia p\u0142odno\u015b\u0107, poprawia jako\u015b\u0107 nasienia i wspiera og\u00f3ln\u0105 sprawno\u015b\u0107 seksualn\u0105.<\/p>\n<\/li>\n<li data-start=\"1652\" data-end=\"1799\">\n<p data-start=\"1654\" data-end=\"1799\"><strong data-start=\"1654\" data-end=\"1706\">Ekstrakt z mi\u0142orz\u0119bu japo\u0144skiego (Ginkgo biloba)<\/strong> \u2013 poprawia kr\u0105\u017cenie krwi, wspiera uk\u0142ad nerwowy i pot\u0119guje wra\u017cliwo\u015b\u0107 na bod\u017ace erotyczne.<\/p>\n<\/li>\n<li data-start=\"1801\" data-end=\"1933\">\n<p data-start=\"1803\" data-end=\"1933\"><strong data-start=\"1803\" data-end=\"1819\">Cynk i selen<\/strong> \u2013 niezb\u0119dne mikroelementy dla zdrowia m\u0119\u017cczyzny, wspieraj\u0105 produkcj\u0119 testosteronu i poprawiaj\u0105 jako\u015b\u0107 nasienia.<\/p>\n<\/li>\n<li data-start=\"1935\" data-end=\"2058\">\n<p data-start=\"1937\" data-end=\"2058\"><strong data-start=\"1937\" data-end=\"1959\">Witaminy z grupy B<\/strong> \u2013 redukuj\u0105 stres i napi\u0119cie nerwowe, dzi\u0119ki czemu \u0142atwiej osi\u0105gn\u0105\u0107 satysfakcj\u0119 podczas stosunku.<\/p>\n<\/li>\n<\/ul>\n<p data-start=\"2412\" data-end=\"2549\">Wszystkie komponenty dzia\u0142aj\u0105 synergicznie, co oznacza, \u017ce wzajemnie si\u0119 uzupe\u0142niaj\u0105 i wzmacniaj\u0105, daj\u0105c szybki oraz d\u0142ugotrwa\u0142y efekt.<\/p>\n<p style=\"text-align: center;\" data-start=\"2412\" data-end=\"2549\"><a href=\"https:\/\/kshop23.site\/5rsqb4\/\"><button>www.guntitan.pl<\/button><\/a><\/p>\n<h2 data-start=\"2556\" data-end=\"2596\">Efekty GunTitan i ich charakterystyka<\/h2>\n<p data-start=\"2598\" data-end=\"2668\">Stosowanie kropli GunTitan to gwarancja zauwa\u017calnych rezultat\u00f3w:<\/p>\n<ul data-start=\"2670\" data-end=\"3225\">\n<li data-start=\"2670\" data-end=\"2775\">\n<p data-start=\"2672\" data-end=\"2775\"><strong data-start=\"2672\" data-end=\"2696\">Natychmiastowy efekt<\/strong> \u2013 ju\u017c po pierwszym u\u017cyciu odczujesz wyra\u017ane pobudzenie i silniejsz\u0105 erekcj\u0119.<\/p>\n<\/li>\n<li data-start=\"2776\" data-end=\"2884\">\n<p data-start=\"2778\" data-end=\"2884\"><strong data-start=\"2778\" data-end=\"2798\">D\u0142u\u017cszy stosunek<\/strong> \u2013 mo\u017cliwo\u015b\u0107 uprawiania seksu nawet powy\u017cej 30 minut, bez obaw o przedwczesny fina\u0142.<\/p>\n<\/li>\n<li data-start=\"2885\" data-end=\"3003\">\n<p data-start=\"2887\" data-end=\"3003\"><strong data-start=\"2887\" data-end=\"2905\">Pewno\u015b\u0107 siebie<\/strong> \u2013 brak problem\u00f3w z potencj\u0105 przek\u0142ada si\u0119 na wi\u0119ksze poczucie m\u0119sko\u015bci i satysfakcj\u0119 w relacji.<\/p>\n<\/li>\n<li data-start=\"3004\" data-end=\"3107\">\n<p data-start=\"3006\" data-end=\"3107\"><strong data-start=\"3006\" data-end=\"3028\">Silniejsze orgazmy<\/strong> \u2013 intensywne i d\u0142ugotrwa\u0142e doznania zar\u00f3wno dla Ciebie, jak i dla partnerki.<\/p>\n<\/li>\n<li data-start=\"3108\" data-end=\"3225\">\n<p data-start=\"3110\" data-end=\"3225\"><strong data-start=\"3110\" data-end=\"3132\">Naturalne wsparcie<\/strong> \u2013 efekt bazuj\u0105cy na dzia\u0142aniu sk\u0142adnik\u00f3w ro\u015blinnych, bez agresywnej ingerencji w organizm.<\/p>\n<\/li>\n<\/ul>\n<p data-start=\"3227\" data-end=\"3351\">GunTitan zmienia \u017cycie seksualne, pozwalaj\u0105c zapomnie\u0107 o s\u0142abej erekcji i kr\u00f3tkich, niesatysfakcjonuj\u0105cych stosunkach.<\/p>\n<h2 data-start=\"3358\" data-end=\"3385\">Ryzyko skutk\u00f3w ubocznych<\/h2>\n<p data-start=\"3387\" data-end=\"3566\">W przeciwie\u0144stwie do syntetycznych \u015brodk\u00f3w farmakologicznych, GunTitan opiera si\u0119 wy\u0142\u0105cznie na naturalnych sk\u0142adnikach, dzi\u0119ki czemu ryzyko skutk\u00f3w ubocznych jest minimalne.<\/p>\n<ul data-start=\"3568\" data-end=\"3710\">\n<li data-start=\"3568\" data-end=\"3617\">\n<p data-start=\"3570\" data-end=\"3617\">brak negatywnego wp\u0142ywu na serce i ci\u015bnienie,<\/p>\n<\/li>\n<li data-start=\"3618\" data-end=\"3640\">\n<p data-start=\"3620\" data-end=\"3640\">brak uzale\u017cnienia,<\/p>\n<\/li>\n<li data-start=\"3641\" data-end=\"3710\">\n<p data-start=\"3643\" data-end=\"3710\">mo\u017cliwo\u015b\u0107 stosowania w d\u0142u\u017cszej perspektywie bez obawy o zdrowie.<\/p>\n<\/li>\n<\/ul>\n<p data-start=\"3712\" data-end=\"3825\">Dzi\u0119ki temu ka\u017cdy m\u0119\u017cczyzna mo\u017ce cieszy\u0107 si\u0119 popraw\u0105 jako\u015bci \u017cycia seksualnego w spos\u00f3b bezpieczny i naturalny.<\/p>\n<h2 data-start=\"207\" data-end=\"261\">Opinie klient\u00f3w o GunTitan: fora po\u015bwi\u0119cone zdrowiu<\/h2>\n<p data-start=\"263\" data-end=\"661\">W Polsce coraz wi\u0119cej m\u0119\u017cczyzn poszukuje naturalnych sposob\u00f3w na popraw\u0119 potencji i wyd\u0142u\u017cenie stosunku. Fora internetowe po\u015bwi\u0119cone zdrowiu i m\u0119skiej sprawno\u015bci seksualnej staj\u0105 si\u0119 miejscem wymiany do\u015bwiadcze\u0144, a GunTitan szybko zyskuje popularno\u015b\u0107. Wynika to nie tylko z jego skuteczno\u015bci, ale tak\u017ce z faktu, \u017ce suplement jest \u0142atwo dost\u0119pny i mo\u017cna go zam\u00f3wi\u0107 bezpo\u015brednio przez internet.<\/p>\n<p data-start=\"663\" data-end=\"820\">Na forach dominuj\u0105 pozytywne opinie \u2013 u\u017cytkownicy podkre\u015blaj\u0105 szybkie dzia\u0142anie kropli, brak skutk\u00f3w ubocznych i atrakcyjn\u0105 cen\u0119. Oto przyk\u0142ady wypowiedzi:<\/p>\n<ol>\n<li data-start=\"822\" data-end=\"1059\"><strong data-start=\"822\" data-end=\"850\">Marek, 41 lat, Warszawa:<\/strong><br data-start=\"850\" data-end=\"853\" \/>\u201eGunTitan naprawd\u0119 dzia\u0142a! Po pierwszym u\u017cyciu odczu\u0142em r\u00f3\u017cnic\u0119 \u2013 erekcja by\u0142a twarda jak ska\u0142a, a stosunek trwa\u0142 znacznie d\u0142u\u017cej. Moja partnerka jest zachwycona, a ja wreszcie odzyska\u0142em pewno\u015b\u0107 siebie.\u201d<\/li>\n<li data-start=\"1061\" data-end=\"1336\"><strong data-start=\"1061\" data-end=\"1088\">\u0141ukasz, 35 lat, Krak\u00f3w:<\/strong><br data-start=\"1088\" data-end=\"1091\" \/>\u201eSzczerze polecam ka\u017cdemu facetowi, kt\u00f3ry ma problem z przedwczesnym wytryskiem. Dzi\u0119ki GunTitan mog\u0119 kocha\u0107 si\u0119 ponad p\u00f3\u0142 godziny i czerpa\u0107 prawdziw\u0105 rado\u015b\u0107 z seksu. Do tego suplement jest naturalny, wi\u0119c nie boj\u0119 si\u0119 go stosowa\u0107 regularnie.\u201d<\/li>\n<\/ol>\n<h2 data-start=\"1343\" data-end=\"1375\">Spos\u00f3b podawania i dawkowanie<\/h2>\n<p data-start=\"1377\" data-end=\"1536\">GunTitan wyst\u0119puje w postaci wygodnych w u\u017cyciu kropli. To forma, kt\u00f3ra gwarantuje szybkie wch\u0142anianie i natychmiastowy efekt. Zalecany spos\u00f3b stosowania to:<\/p>\n<ul data-start=\"1538\" data-end=\"1767\">\n<li data-start=\"1538\" data-end=\"1626\">\n<p data-start=\"1540\" data-end=\"1626\">przyjmowanie kilku kropli na j\u0119zyk na oko\u0142o 20\u201330 minut przed planowanym stosunkiem,<\/p>\n<\/li>\n<li data-start=\"1627\" data-end=\"1672\">\n<p data-start=\"1629\" data-end=\"1672\">popijanie wod\u0105 w celu lepszego dzia\u0142ania,<\/p>\n<\/li>\n<li data-start=\"1673\" data-end=\"1767\">\n<p data-start=\"1675\" data-end=\"1767\">mo\u017cliwo\u015b\u0107 regularnego stosowania jako kuracja wzmacniaj\u0105ca potencj\u0119 i wydolno\u015b\u0107 seksualn\u0105.<\/p>\n<\/li>\n<\/ul>\n<p data-start=\"1769\" data-end=\"1897\">Dawkowanie nale\u017cy dostosowa\u0107 do indywidualnych potrzeb, jednak nie powinno si\u0119 przekracza\u0107 ilo\u015bci wskazanych przez producenta.<\/p>\n<h2 data-start=\"1904\" data-end=\"1935\">Kup teraz GunTitan z dostaw\u0105<\/h2>\n<p data-start=\"1937\" data-end=\"2062\">Zakup GunTitan jest niezwykle prosty i bezpieczny. Wystarczy z\u0142o\u017cy\u0107 zam\u00f3wienie online na oficjalnej stronie producenta.<\/p>\n<ul data-start=\"2064\" data-end=\"2514\">\n<li data-start=\"2064\" data-end=\"2140\">\n<p data-start=\"2066\" data-end=\"2140\">Nie trzeba p\u0142aci\u0107 z g\u00f3ry \u2013 p\u0142atno\u015b\u0107 nast\u0119puje dopiero przy odbiorze.<\/p>\n<\/li>\n<li data-start=\"2141\" data-end=\"2239\">\n<p data-start=\"2143\" data-end=\"2239\">Dzi\u0119ki temu klient ma gwarancj\u0119, \u017ce otrzymuje oryginalny produkt bez ryzyka i bez po\u015brednik\u00f3w.<\/p>\n<\/li>\n<li data-start=\"2240\" data-end=\"2313\">\n<p data-start=\"2242\" data-end=\"2313\">Czas dostawy wynosi zaledwie 3\u20134 dni robocze na terenie ca\u0142ej Polski.<\/p>\n<\/li>\n<li data-start=\"2314\" data-end=\"2514\">\n<p data-start=\"2316\" data-end=\"2514\">Ka\u017cde zam\u00f3wienie jest dodatkowo potwierdzane telefonicznie przez konsultanta, kt\u00f3ry nie tylko zweryfikuje dane, ale tak\u017ce mo\u017ce doradzi\u0107 w kwestii dawkowania i poinformowa\u0107 o dost\u0119pnych promocjach.<\/p>\n<\/li>\n<\/ul>\n<p data-start=\"2516\" data-end=\"2612\">To wygodne rozwi\u0105zanie dla ka\u017cdego, kto chce szybko i dyskretnie poprawi\u0107 swoje \u017cycie intymne.<\/p>\n<p style=\"text-align: center;\" data-start=\"2516\" data-end=\"2612\"><a href=\"https:\/\/kshop23.site\/5rsqb4\/\"><button>Zakup na stronie producenta (-50%)<\/button><\/a><\/p>\n<h2 data-start=\"2619\" data-end=\"2666\">Por\u00f3wnanie ofert: ceny i dost\u0119pno\u015b\u0107 GunTitan<\/h2>\n<p data-start=\"2668\" data-end=\"2853\">Producent GunTitan stawia na uczciwo\u015b\u0107 i dost\u0119pno\u015b\u0107 swojego produktu. Dlatego suplement mo\u017cna kupi\u0107 tylko na oficjalnej stronie internetowej, co daje kilka istotnych korzy\u015bci:<\/p>\n<ul data-start=\"2855\" data-end=\"3084\">\n<li data-start=\"2855\" data-end=\"2898\">\n<p data-start=\"2857\" data-end=\"2898\">brak po\u015brednik\u00f3w i niepotrzebnych mar\u017c,<\/p>\n<\/li>\n<li data-start=\"2899\" data-end=\"2946\">\n<p data-start=\"2901\" data-end=\"2946\">gwarancja otrzymania oryginalnego produktu,<\/p>\n<\/li>\n<li data-start=\"2947\" data-end=\"3000\">\n<p data-start=\"2949\" data-end=\"3000\">atrakcyjne ceny oraz regularne promocje i zni\u017cki,<\/p>\n<\/li>\n<li data-start=\"3001\" data-end=\"3084\">\n<p data-start=\"3003\" data-end=\"3084\">mo\u017cliwo\u015b\u0107 \u015bledzenia aktualnych ofert specjalnych, kt\u00f3re pojawiaj\u0105 si\u0119 okresowo.<\/p>\n<\/li>\n<\/ul>\n<p data-start=\"3086\" data-end=\"3292\">W\u0142a\u015bnie z tego powodu GunTitan nie jest dost\u0119pny w tradycyjnych aptekach stacjonarnych. To \u015bwiadoma decyzja producenta, kt\u00f3ry chce zapewni\u0107 klientom najlepsze warunki cenowe i pe\u0142ne bezpiecze\u0144stwo zakupu.<\/p>\n","protected":false},"excerpt":{"rendered":"<p style=\"text-align: center;\"><a href=\"https:\/\/kshop23.site\/5rsqb4\/\"><button>Kup teraz<\/button><\/a><\/p>\n<p>SKU: 190<span class=\"sku\">.121.120<\/span><\/p>\n<hr \/>\n<p><small>Produkt sprzedawany jest wy\u0142\u0105cznie za po\u015brednictwem oficjalnej strony producenta, id\u017a i kupuj bezpiecznie!<\/small><\/p>\n","protected":false},"featured_media":1357,"comment_status":"open","ping_status":"closed","template":"","meta":[],"product_brand":[],"product_cat":[15],"product_tag":[],"class_list":{"0":"post-1356","1":"product","2":"type-product","3":"status-publish","4":"has-post-thumbnail","6":"product_cat-supl","7":"thunk-woo-product-list","8":"opn-qv-enable","9":"top-store-woo-hover-","10":"top-store-single-product-tab-horizontal","11":"top-store-shadow-","12":"top-store-shadow-hover-","14":"first","15":"instock","16":"sale","17":"shipping-taxable","18":"purchasable","19":"product-type-simple"},"yoast_head":"<!-- This site is optimized with the Yoast SEO plugin v27.4 - https:\/\/yoast.com\/product\/yoast-seo-wordpress\/ -->\n<title>GunTitan - kup suplement, cena w aptece, sk\u0142ad, dzia\u0142anie<\/title>\n<meta name=\"robots\" content=\"index, follow, max-snippet:-1, max-image-preview:large, max-video-preview:-1\" \/>\n<link rel=\"canonical\" href=\"https:\/\/lekarzeopole.pl\/wordpress\/product\/guntitan\/\" \/>\n<meta property=\"og:locale\" content=\"pl_PL\" \/>\n<meta property=\"og:type\" content=\"article\" \/>\n<meta property=\"og:title\" content=\"GunTitan - kup suplement, cena w aptece, sk\u0142ad, dzia\u0142anie\" \/>\n<meta property=\"og:description\" content=\"Kup teraz SKU: 190.121.120    Produkt sprzedawany jest wy\u0142\u0105cznie za po\u015brednictwem oficjalnej strony producenta, id\u017a i kupuj bezpiecznie!\" \/>\n<meta property=\"og:url\" content=\"https:\/\/lekarzeopole.pl\/wordpress\/product\/guntitan\/\" \/>\n<meta property=\"og:site_name\" content=\"Lekarze Opole\" \/>\n<meta property=\"article:modified_time\" content=\"2025-09-24T10:22:59+00:00\" \/>\n<meta property=\"og:image\" content=\"https:\/\/lekarzeopole.pl\/wordpress\/wp-content\/uploads\/2025\/09\/guntitan-2.webp\" \/>\n\t<meta property=\"og:image:width\" content=\"513\" \/>\n\t<meta property=\"og:image:height\" content=\"513\" \/>\n\t<meta property=\"og:image:type\" content=\"image\/webp\" \/>\n<meta name=\"twitter:card\" content=\"summary_large_image\" \/>\n<meta name=\"twitter:label1\" content=\"Szacowany czas czytania\" \/>\n\t<meta name=\"twitter:data1\" content=\"6 minut\" \/>\n<script type=\"application\/ld+json\" class=\"yoast-schema-graph\">{\"@context\":\"https:\\\/\\\/schema.org\",\"@graph\":[{\"@type\":\"WebPage\",\"@id\":\"https:\\\/\\\/lekarzeopole.pl\\\/wordpress\\\/product\\\/guntitan\\\/\",\"url\":\"https:\\\/\\\/lekarzeopole.pl\\\/wordpress\\\/product\\\/guntitan\\\/\",\"name\":\"GunTitan - kup suplement, cena w aptece, sk\u0142ad, dzia\u0142anie\",\"isPartOf\":{\"@id\":\"https:\\\/\\\/lekarzeopole.pl\\\/wordpress\\\/#website\"},\"primaryImageOfPage\":{\"@id\":\"https:\\\/\\\/lekarzeopole.pl\\\/wordpress\\\/product\\\/guntitan\\\/#primaryimage\"},\"image\":{\"@id\":\"https:\\\/\\\/lekarzeopole.pl\\\/wordpress\\\/product\\\/guntitan\\\/#primaryimage\"},\"thumbnailUrl\":\"https:\\\/\\\/lekarzeopole.pl\\\/wordpress\\\/wp-content\\\/uploads\\\/2025\\\/09\\\/guntitan-2.webp\",\"datePublished\":\"2025-09-24T10:22:58+00:00\",\"dateModified\":\"2025-09-24T10:22:59+00:00\",\"breadcrumb\":{\"@id\":\"https:\\\/\\\/lekarzeopole.pl\\\/wordpress\\\/product\\\/guntitan\\\/#breadcrumb\"},\"inLanguage\":\"pl-PL\",\"potentialAction\":[{\"@type\":\"ReadAction\",\"target\":[\"https:\\\/\\\/lekarzeopole.pl\\\/wordpress\\\/product\\\/guntitan\\\/\"]}]},{\"@type\":\"ImageObject\",\"inLanguage\":\"pl-PL\",\"@id\":\"https:\\\/\\\/lekarzeopole.pl\\\/wordpress\\\/product\\\/guntitan\\\/#primaryimage\",\"url\":\"https:\\\/\\\/lekarzeopole.pl\\\/wordpress\\\/wp-content\\\/uploads\\\/2025\\\/09\\\/guntitan-2.webp\",\"contentUrl\":\"https:\\\/\\\/lekarzeopole.pl\\\/wordpress\\\/wp-content\\\/uploads\\\/2025\\\/09\\\/guntitan-2.webp\",\"width\":513,\"height\":513,\"caption\":\"GunTitan\"},{\"@type\":\"BreadcrumbList\",\"@id\":\"https:\\\/\\\/lekarzeopole.pl\\\/wordpress\\\/product\\\/guntitan\\\/#breadcrumb\",\"itemListElement\":[{\"@type\":\"ListItem\",\"position\":1,\"name\":\"\u0413\u043b\u0430\u0432\u043d\u0430\u044f \u0441\u0442\u0440\u0430\u043d\u0438\u0446\u0430\",\"item\":\"https:\\\/\\\/lekarzeopole.pl\\\/wordpress\\\/\"},{\"@type\":\"ListItem\",\"position\":2,\"name\":\"Zakup\",\"item\":\"https:\\\/\\\/lekarzeopole.pl\\\/wordpress\\\/\"},{\"@type\":\"ListItem\",\"position\":3,\"name\":\"GunTitan\"}]},{\"@type\":\"WebSite\",\"@id\":\"https:\\\/\\\/lekarzeopole.pl\\\/wordpress\\\/#website\",\"url\":\"https:\\\/\\\/lekarzeopole.pl\\\/wordpress\\\/\",\"name\":\"Lekarze Opole\",\"description\":\"\",\"potentialAction\":[{\"@type\":\"SearchAction\",\"target\":{\"@type\":\"EntryPoint\",\"urlTemplate\":\"https:\\\/\\\/lekarzeopole.pl\\\/wordpress\\\/?s={search_term_string}\"},\"query-input\":{\"@type\":\"PropertyValueSpecification\",\"valueRequired\":true,\"valueName\":\"search_term_string\"}}],\"inLanguage\":\"pl-PL\"}]}<\/script>\n<!-- \/ Yoast SEO plugin. -->","yoast_head_json":{"title":"GunTitan - kup suplement, cena w aptece, sk\u0142ad, dzia\u0142anie","robots":{"index":"index","follow":"follow","max-snippet":"max-snippet:-1","max-image-preview":"max-image-preview:large","max-video-preview":"max-video-preview:-1"},"canonical":"https:\/\/lekarzeopole.pl\/wordpress\/product\/guntitan\/","og_locale":"pl_PL","og_type":"article","og_title":"GunTitan - kup suplement, cena w aptece, sk\u0142ad, dzia\u0142anie","og_description":"Kup teraz SKU: 190.121.120    Produkt sprzedawany jest wy\u0142\u0105cznie za po\u015brednictwem oficjalnej strony producenta, id\u017a i kupuj bezpiecznie!","og_url":"https:\/\/lekarzeopole.pl\/wordpress\/product\/guntitan\/","og_site_name":"Lekarze Opole","article_modified_time":"2025-09-24T10:22:59+00:00","og_image":[{"width":513,"height":513,"url":"https:\/\/lekarzeopole.pl\/wordpress\/wp-content\/uploads\/2025\/09\/guntitan-2.webp","type":"image\/webp"}],"twitter_card":"summary_large_image","twitter_misc":{"Szacowany czas czytania":"6 minut"},"schema":{"@context":"https:\/\/schema.org","@graph":[{"@type":"WebPage","@id":"https:\/\/lekarzeopole.pl\/wordpress\/product\/guntitan\/","url":"https:\/\/lekarzeopole.pl\/wordpress\/product\/guntitan\/","name":"GunTitan - kup suplement, cena w aptece, sk\u0142ad, dzia\u0142anie","isPartOf":{"@id":"https:\/\/lekarzeopole.pl\/wordpress\/#website"},"primaryImageOfPage":{"@id":"https:\/\/lekarzeopole.pl\/wordpress\/product\/guntitan\/#primaryimage"},"image":{"@id":"https:\/\/lekarzeopole.pl\/wordpress\/product\/guntitan\/#primaryimage"},"thumbnailUrl":"https:\/\/lekarzeopole.pl\/wordpress\/wp-content\/uploads\/2025\/09\/guntitan-2.webp","datePublished":"2025-09-24T10:22:58+00:00","dateModified":"2025-09-24T10:22:59+00:00","breadcrumb":{"@id":"https:\/\/lekarzeopole.pl\/wordpress\/product\/guntitan\/#breadcrumb"},"inLanguage":"pl-PL","potentialAction":[{"@type":"ReadAction","target":["https:\/\/lekarzeopole.pl\/wordpress\/product\/guntitan\/"]}]},{"@type":"ImageObject","inLanguage":"pl-PL","@id":"https:\/\/lekarzeopole.pl\/wordpress\/product\/guntitan\/#primaryimage","url":"https:\/\/lekarzeopole.pl\/wordpress\/wp-content\/uploads\/2025\/09\/guntitan-2.webp","contentUrl":"https:\/\/lekarzeopole.pl\/wordpress\/wp-content\/uploads\/2025\/09\/guntitan-2.webp","width":513,"height":513,"caption":"GunTitan"},{"@type":"BreadcrumbList","@id":"https:\/\/lekarzeopole.pl\/wordpress\/product\/guntitan\/#breadcrumb","itemListElement":[{"@type":"ListItem","position":1,"name":"\u0413\u043b\u0430\u0432\u043d\u0430\u044f \u0441\u0442\u0440\u0430\u043d\u0438\u0446\u0430","item":"https:\/\/lekarzeopole.pl\/wordpress\/"},{"@type":"ListItem","position":2,"name":"Zakup","item":"https:\/\/lekarzeopole.pl\/wordpress\/"},{"@type":"ListItem","position":3,"name":"GunTitan"}]},{"@type":"WebSite","@id":"https:\/\/lekarzeopole.pl\/wordpress\/#website","url":"https:\/\/lekarzeopole.pl\/wordpress\/","name":"Lekarze Opole","description":"","potentialAction":[{"@type":"SearchAction","target":{"@type":"EntryPoint","urlTemplate":"https:\/\/lekarzeopole.pl\/wordpress\/?s={search_term_string}"},"query-input":{"@type":"PropertyValueSpecification","valueRequired":true,"valueName":"search_term_string"}}],"inLanguage":"pl-PL"}]}},"_links":{"self":[{"href":"https:\/\/lekarzeopole.pl\/wordpress\/wp-json\/wp\/v2\/product\/1356","targetHints":{"allow":["GET"]}}],"collection":[{"href":"https:\/\/lekarzeopole.pl\/wordpress\/wp-json\/wp\/v2\/product"}],"about":[{"href":"https:\/\/lekarzeopole.pl\/wordpress\/wp-json\/wp\/v2\/types\/product"}],"replies":[{"embeddable":true,"href":"https:\/\/lekarzeopole.pl\/wordpress\/wp-json\/wp\/v2\/comments?post=1356"}],"wp:featuredmedia":[{"embeddable":true,"href":"https:\/\/lekarzeopole.pl\/wordpress\/wp-json\/wp\/v2\/media\/1357"}],"wp:attachment":[{"href":"https:\/\/lekarzeopole.pl\/wordpress\/wp-json\/wp\/v2\/media?parent=1356"}],"wp:term":[{"taxonomy":"product_brand","embeddable":true,"href":"https:\/\/lekarzeopole.pl\/wordpress\/wp-json\/wp\/v2\/product_brand?post=1356"},{"taxonomy":"product_cat","embeddable":true,"href":"https:\/\/lekarzeopole.pl\/wordpress\/wp-json\/wp\/v2\/product_cat?post=1356"},{"taxonomy":"product_tag","embeddable":true,"href":"https:\/\/lekarzeopole.pl\/wordpress\/wp-json\/wp\/v2\/product_tag?post=1356"}],"curies":[{"name":"wp","href":"https:\/\/api.w.org\/{rel}","templated":true}]}}