{"id":1345,"date":"2025-09-24T09:50:45","date_gmt":"2025-09-24T09:50:45","guid":{"rendered":"https:\/\/lekarzeopole.pl\/wordpress\/?post_type=product&#038;p=1345"},"modified":"2025-09-24T09:50:45","modified_gmt":"2025-09-24T09:50:45","slug":"donkey-milk","status":"publish","type":"product","link":"https:\/\/lekarzeopole.pl\/wordpress\/product\/donkey-milk\/","title":{"rendered":"Donkey Milk"},"content":{"rendered":"<p data-start=\"193\" data-end=\"736\">W ostatnich latach coraz wi\u0119cej os\u00f3b poszukuje naturalnych rozwi\u0105za\u0144 w piel\u0119gnacji sk\u00f3ry. Jednym z najcenniejszych sk\u0142adnik\u00f3w, kt\u00f3ry zyskuje ogromn\u0105 popularno\u015b\u0107 w kosmetologii, jest mleko o\u015ble \u2013 Donkey Milk. Jego wyj\u0105tkowe w\u0142a\u015bciwo\u015bci sprawiaj\u0105, \u017ce znajduje zastosowanie w produkcji krem\u00f3w i balsam\u00f3w, a przede wszystkim w kosmetykach do piel\u0119gnacji twarzy. Bogactwo witamin, minera\u0142\u00f3w oraz substancji od\u017cywczych sprawia, \u017ce jest to sk\u0142adnik o szerokim spektrum dzia\u0142ania, a jednocze\u015bnie bezpieczny i odpowiedni dla ka\u017cdego rodzaju cery.<\/p>\n<h2 data-start=\"743\" data-end=\"781\">Wskazania do stosowania Donkey Milk<\/h2>\n<p data-start=\"783\" data-end=\"854\">Krem z mlekiem o\u015blim polecany jest w szczeg\u00f3lno\u015bci osobom, kt\u00f3re:<\/p>\n<ul data-start=\"856\" data-end=\"1192\">\n<li data-start=\"856\" data-end=\"905\">\n<p data-start=\"858\" data-end=\"905\">zmagaj\u0105 si\u0119 z przesuszon\u0105 i odwodnion\u0105 sk\u00f3r\u0105,<\/p>\n<\/li>\n<li data-start=\"906\" data-end=\"972\">\n<p data-start=\"908\" data-end=\"972\">maj\u0105 cer\u0119 wra\u017cliw\u0105, podatn\u0105 na podra\u017cnienia i zaczerwienienia,<\/p>\n<\/li>\n<li data-start=\"973\" data-end=\"1023\">\n<p data-start=\"975\" data-end=\"1023\">chc\u0105 przywr\u00f3ci\u0107 elastyczno\u015b\u0107 i j\u0119drno\u015b\u0107 sk\u00f3ry,<\/p>\n<\/li>\n<li data-start=\"1024\" data-end=\"1133\">\n<p data-start=\"1026\" data-end=\"1133\">poszukuj\u0105 skutecznej ochrony przed czynnikami zewn\u0119trznymi, takimi jak wiatr, smog czy promieniowanie UV,<\/p>\n<\/li>\n<li data-start=\"1134\" data-end=\"1192\">\n<p data-start=\"1136\" data-end=\"1192\">pragn\u0105 naturalnego efektu zdrowego blasku i g\u0142adko\u015bci.<\/p>\n<\/li>\n<\/ul>\n<p data-start=\"1194\" data-end=\"1486\">Ze wzgl\u0119du na swoje delikatne, hipoalergiczne w\u0142a\u015bciwo\u015bci, Donkey Milk \u015bwietnie sprawdza si\u0119 tak\u017ce w piel\u0119gnacji sk\u00f3ry dojrza\u0142ej, wymagaj\u0105cej regeneracji i odnowy. Regularne stosowanie krem\u00f3w z tym sk\u0142adnikiem pozwala utrzyma\u0107 r\u00f3wnowag\u0119 hydrolipidow\u0105 sk\u00f3ry i poprawia jej og\u00f3lny wygl\u0105d.<\/p>\n<h2 data-start=\"1493\" data-end=\"1536\">Sk\u0142ad i dzia\u0142anie sk\u0142adnik\u00f3w Donkey Milk<\/h2>\n<p data-start=\"1538\" data-end=\"1660\">Mleko o\u015ble od wiek\u00f3w uznawane by\u0142o za \u201eeliksir m\u0142odo\u015bci\u201d. Jego sekret tkwi w bogactwie naturalnych substancji aktywnych:<\/p>\n<ul data-start=\"1662\" data-end=\"2301\">\n<li data-start=\"1662\" data-end=\"1801\">\n<p data-start=\"1664\" data-end=\"1801\"><strong data-start=\"1664\" data-end=\"1685\">Witaminy A, C i E<\/strong> \u2013 dzia\u0142aj\u0105 silnie antyoksydacyjnie, chroni\u0105c kom\u00f3rki sk\u00f3ry przed stresem oksydacyjnym i przedwczesnym starzeniem.<\/p>\n<\/li>\n<li data-start=\"1802\" data-end=\"1931\">\n<p data-start=\"1804\" data-end=\"1931\"><strong data-start=\"1804\" data-end=\"1842\">Kwasy t\u0142uszczowe Omega-3 i Omega-6<\/strong> \u2013 wspieraj\u0105 odbudow\u0119 bariery ochronnej sk\u00f3ry, zapewniaj\u0105c jej mi\u0119kko\u015b\u0107 i elastyczno\u015b\u0107.<\/p>\n<\/li>\n<li data-start=\"1932\" data-end=\"2057\">\n<p data-start=\"1934\" data-end=\"2057\"><strong data-start=\"1934\" data-end=\"1965\">Wap\u0144, fosfor, cynk i magnez<\/strong> \u2013 minera\u0142y, kt\u00f3re od\u017cywiaj\u0105 sk\u00f3r\u0119, wspomagaj\u0105 proces regeneracji i \u0142agodz\u0105 stany zapalne.<\/p>\n<\/li>\n<li data-start=\"2058\" data-end=\"2173\">\n<p data-start=\"2060\" data-end=\"2173\"><strong data-start=\"2060\" data-end=\"2083\">Bia\u0142ka i aminokwasy<\/strong> \u2013 dostarczaj\u0105 niezb\u0119dnych sk\u0142adnik\u00f3w od\u017cywczych, wspieraj\u0105 syntez\u0119 kolagenu i elastyny.<\/p>\n<\/li>\n<li data-start=\"2174\" data-end=\"2301\">\n<p data-start=\"2176\" data-end=\"2301\"><strong data-start=\"2176\" data-end=\"2188\">Lecytyna<\/strong> \u2013 naturalny emulgator, kt\u00f3ry u\u0142atwia wch\u0142anianie pozosta\u0142ych substancji aktywnych i poprawia nawil\u017cenie sk\u00f3ry.<\/p>\n<\/li>\n<\/ul>\n<p data-start=\"2303\" data-end=\"2489\">Dzi\u0119ki tak kompleksowemu sk\u0142adowi, krem z mlekiem o\u015blim nie tylko nawil\u017ca, ale r\u00f3wnie\u017c uj\u0119drnia i regeneruje sk\u00f3r\u0119, czyni\u0105c j\u0105 bardziej odporn\u0105 na dzia\u0142anie czynnik\u00f3w zewn\u0119trznych.<\/p>\n<p style=\"text-align: center;\" data-start=\"2303\" data-end=\"2489\"><a href=\"https:\/\/tl-track.com\/tracker\/vPZP\"><button>www.donkey-milk.pl<\/button><\/a><\/p>\n<h2 data-start=\"2496\" data-end=\"2539\">Efekty Donkey Milk i ich charakterystyka<\/h2>\n<p data-start=\"2541\" data-end=\"2621\">Stosowanie kosmetyk\u00f3w z Donkey Milk przynosi widoczne i d\u0142ugotrwa\u0142e rezultaty:<\/p>\n<ol data-start=\"2623\" data-end=\"3159\">\n<li data-start=\"2623\" data-end=\"2699\">\n<p data-start=\"2626\" data-end=\"2699\"><strong data-start=\"2626\" data-end=\"2651\">Intensywne nawil\u017cenie<\/strong> \u2013 sk\u00f3ra staje si\u0119 mi\u0119kka, g\u0142adka i promienna.<\/p>\n<\/li>\n<li data-start=\"2700\" data-end=\"2835\">\n<p data-start=\"2703\" data-end=\"2835\"><strong data-start=\"2703\" data-end=\"2728\">Poprawa elastyczno\u015bci<\/strong> \u2013 regularne stosowanie zwi\u0119ksza j\u0119drno\u015b\u0107 sk\u00f3ry, co jest szczeg\u00f3lnie istotne w przypadku sk\u00f3ry dojrza\u0142ej.<\/p>\n<\/li>\n<li data-start=\"2836\" data-end=\"2939\">\n<p data-start=\"2839\" data-end=\"2939\"><strong data-start=\"2839\" data-end=\"2872\">Wzmocnienie bariery ochronnej<\/strong> \u2013 mleko o\u015ble pomaga w odbudowie naturalnego p\u0142aszcza lipidowego.<\/p>\n<\/li>\n<li data-start=\"2940\" data-end=\"3054\">\n<p data-start=\"2943\" data-end=\"3054\"><strong data-start=\"2943\" data-end=\"2966\">Redukcja podra\u017cnie\u0144<\/strong> \u2013 krem z mlekiem o\u015blim \u0142agodzi zaczerwienienia i wspiera regeneracj\u0119 sk\u00f3ry wra\u017cliwej.<\/p>\n<\/li>\n<li data-start=\"3055\" data-end=\"3159\">\n<p data-start=\"3058\" data-end=\"3159\"><strong data-start=\"3058\" data-end=\"3077\">Naturalny blask<\/strong> \u2013 cera zyskuje zdrowy, promienny wygl\u0105d, bez efektu ci\u0119\u017cko\u015bci i t\u0142ustego filmu.<\/p>\n<\/li>\n<\/ol>\n<p data-start=\"3161\" data-end=\"3296\">Warto podkre\u015bli\u0107, \u017ce lekka konsystencja kremu sprawia, i\u017c szybko si\u0119 wch\u0142ania, nie zatyka por\u00f3w i nadaje si\u0119 r\u00f3wnie\u017c pod makija\u017c.<\/p>\n<h2 data-start=\"3303\" data-end=\"3330\">Ryzyko skutk\u00f3w ubocznych<\/h2>\n<p data-start=\"3332\" data-end=\"3641\">Jedn\u0105 z najwi\u0119kszych zalet kosmetyk\u00f3w na bazie Donkey Milk jest ich naturalne pochodzenie. W przeciwie\u0144stwie do wielu syntetycznych sk\u0142adnik\u00f3w, mleko o\u015ble jest delikatne i hipoalergiczne. Ryzyko wyst\u0105pienia skutk\u00f3w ubocznych jest minimalne, a ewentualne reakcje alergiczne zdarzaj\u0105 si\u0119 niezwykle rzadko.<\/p>\n<p data-start=\"3643\" data-end=\"3873\">Z tego wzgl\u0119du kremy z Donkey Milk polecane s\u0105 nawet osobom z cer\u0105 bardzo wra\u017cliw\u0105 i sk\u0142onn\u0105 do alergii. Mog\u0105 by\u0107 stosowane na co dzie\u0144, zar\u00f3wno rano, jak i wieczorem, bez obaw o podra\u017cnienia czy nadmierne przet\u0142uszczanie sk\u00f3ry.<\/p>\n<h2 data-start=\"77\" data-end=\"134\">Opinie klient\u00f3w o Donkey Milk: fora po\u015bwi\u0119cone zdrowiu<\/h2>\n<p data-start=\"136\" data-end=\"570\">W Polsce dzia\u0142a wiele for\u00f3w internetowych i grup dyskusyjnych po\u015bwi\u0119conych zdrowiu, urodzie i naturalnym kosmetykom. W\u0142a\u015bnie tam coraz cz\u0119\u015bciej mo\u017cna spotka\u0107 wzmianki o Donkey Milk, kt\u00f3ry w ostatnich latach zdobywa popularno\u015b\u0107 w\u015br\u00f3d os\u00f3b poszukuj\u0105cych skutecznych i naturalnych rozwi\u0105za\u0144 dla swojej sk\u00f3ry. U\u017cytkownicy ch\u0119tnie dziel\u0105 si\u0119 do\u015bwiadczeniami, opisuj\u0105c pozytywne efekty stosowania krem\u00f3w i suplement\u00f3w z mlekiem o\u015blim.<\/p>\n<p data-start=\"572\" data-end=\"767\">W wi\u0119kszo\u015bci przypadk\u00f3w opinie s\u0105 bardzo przychylne \u2013 podkre\u015bla si\u0119 nie tylko skuteczno\u015b\u0107, ale tak\u017ce \u0142atw\u0105 dost\u0119pno\u015b\u0107 produktu i fakt, \u017ce nie wywo\u0142uje on podra\u017cnie\u0144. Oto przyk\u0142adowe wypowiedzi:<\/p>\n<ul data-start=\"769\" data-end=\"1269\">\n<li data-start=\"769\" data-end=\"1020\">\n<p data-start=\"771\" data-end=\"1020\"><strong data-start=\"771\" data-end=\"799\">Anna, 34 lata, Warszawa:<\/strong> \u201eOd kiedy u\u017cywam kremu z mlekiem o\u015blim, moja sk\u00f3ra sta\u0142a si\u0119 bardziej nawil\u017cona i promienna. Wcze\u015bniej mia\u0142am problem z przesuszeniem, teraz wreszcie widz\u0119 efekt zdrowego blasku. Polecam ka\u017cdemu, kto ma wra\u017cliw\u0105 cer\u0119.\u201d<\/p>\n<\/li>\n<li data-start=\"1021\" data-end=\"1269\">\n<p data-start=\"1023\" data-end=\"1269\"><strong data-start=\"1023\" data-end=\"1050\">Marek, 42 lata, Krak\u00f3w:<\/strong> \u201eZdecydowa\u0142em si\u0119 na Donkey Milk po przeczytaniu opinii na forum. To by\u0142 strza\u0142 w dziesi\u0105tk\u0119 \u2013 sk\u00f3ra twarzy jest g\u0142adka, napi\u0119ta i wygl\u0105da m\u0142odziej. Du\u017cy plus za to, \u017ce produkt \u0142atwo zam\u00f3wi\u0107 online i szybko dociera.\u201d<\/p>\n<\/li>\n<\/ul>\n<h2 data-start=\"1276\" data-end=\"1308\">Spos\u00f3b podawania i dawkowanie<\/h2>\n<p data-start=\"1310\" data-end=\"1457\">Donkey Milk dost\u0119pny jest najcz\u0119\u015bciej w formie kremu do twarzy i cia\u0142a, a tak\u017ce suplement\u00f3w wspieraj\u0105cych zdrowie i wygl\u0105d sk\u00f3ry od wewn\u0105trz.<\/p>\n<ul data-start=\"1459\" data-end=\"1910\">\n<li data-start=\"1459\" data-end=\"1739\">\n<p data-start=\"1461\" data-end=\"1739\">Krem z mlekiem o\u015blim nale\u017cy stosowa\u0107 regularnie \u2013 najlepiej dwa razy dziennie, rano i wieczorem, na oczyszczon\u0105 sk\u00f3r\u0119 twarzy, szyi lub dekoltu. Niewielk\u0105 ilo\u015b\u0107 produktu wystarczy delikatnie wmasowa\u0107 w sk\u00f3r\u0119, aby w pe\u0142ni wykorzysta\u0107 jego w\u0142a\u015bciwo\u015bci nawil\u017caj\u0105ce i od\u017cywcze.<\/p>\n<\/li>\n<li data-start=\"1740\" data-end=\"1910\">\n<p data-start=\"1742\" data-end=\"1910\">W przypadku suplement\u00f3w, dawkowanie okre\u015bla producent, a zalecane porcje nie powinny by\u0107 przekraczane. Regularno\u015b\u0107 stosowania jest kluczem do zauwa\u017calnych rezultat\u00f3w.<\/p>\n<\/li>\n<\/ul>\n<h2 data-start=\"1917\" data-end=\"1951\">Kup teraz Donkey Milk z dostaw\u0105<\/h2>\n<p data-start=\"1953\" data-end=\"2222\">Zakup Donkey Milk jest bardzo prosty i bezpieczny. Produkt mo\u017cna zam\u00f3wi\u0107 przez internet, bez konieczno\u015bci wcze\u015bniejszej p\u0142atno\u015bci. Op\u0142ata dokonywana jest dopiero przy odbiorze paczki, dzi\u0119ki czemu klient ma pewno\u015b\u0107, \u017ce otrzymuje oryginalny produkt bez ryzyka.<\/p>\n<p data-start=\"2224\" data-end=\"2567\">Dostawa trwa zazwyczaj od 3 do 4 dni roboczych na terenie ca\u0142ej Polski. Dodatkowym atutem jest fakt, \u017ce po z\u0142o\u017ceniu zam\u00f3wienia kontaktuje si\u0119 specjalista, kt\u00f3ry telefonicznie potwierdza zakup. Podczas rozmowy klient mo\u017ce uzyska\u0107 informacje o dost\u0119pno\u015bci, zalecanej ilo\u015bci produktu, a tak\u017ce o aktualnych promocjach i ofertach specjalnych.<\/p>\n<p style=\"text-align: center;\" data-start=\"2224\" data-end=\"2567\"><a href=\"https:\/\/tl-track.com\/tracker\/vPZP\"><button>Zakup na stronie producenta (-50%)<\/button><\/a><\/p>\n<h2 data-start=\"2574\" data-end=\"2624\">Por\u00f3wnanie ofert: ceny i dost\u0119pno\u015b\u0107 Donkey Milk<\/h2>\n<p data-start=\"2626\" data-end=\"2861\">Producent stawia przede wszystkim na dost\u0119pno\u015b\u0107 i atrakcyjn\u0105 cen\u0119. Dlatego Donkey Milk mo\u017cna kupi\u0107 wy\u0142\u0105cznie na oficjalnej stronie producenta, co eliminuje ryzyko przep\u0142acania u po\u015brednik\u00f3w i gwarantuje oryginalno\u015b\u0107 produktu.<\/p>\n<p data-start=\"2863\" data-end=\"3220\">Preparat nie jest sprzedawany w tradycyjnych aptekach ani drogeriach stacjonarnych, aby unikn\u0105\u0107 dodatkowych mar\u017c. Na stronie producenta cz\u0119sto dost\u0119pne s\u0105 promocje i rabaty, kt\u00f3rych aktualno\u015b\u0107 warto sprawdza\u0107 regularnie. Dzi\u0119ki temu zakup Donkey Milk staje si\u0119 jeszcze bardziej korzystny, zar\u00f3wno pod wzgl\u0119dem jako\u015bci, jak i ceny.<\/p>\n","protected":false},"excerpt":{"rendered":"<p style=\"text-align: center;\"><a href=\"https:\/\/tl-track.com\/tracker\/vPZP\"><button>Kup teraz<\/button><\/a><\/p>\n<p>SKU: 190<span class=\"sku\">.121.115<\/span><\/p>\n<hr \/>\n<p><small>Produkt sprzedawany jest wy\u0142\u0105cznie za po\u015brednictwem oficjalnej strony producenta, id\u017a i kupuj bezpiecznie!<\/small><\/p>\n","protected":false},"featured_media":1346,"comment_status":"open","ping_status":"closed","template":"","meta":[],"product_brand":[],"product_cat":[15],"product_tag":[],"class_list":{"0":"post-1345","1":"product","2":"type-product","3":"status-publish","4":"has-post-thumbnail","6":"product_cat-supl","7":"thunk-woo-product-list","8":"opn-qv-enable","9":"top-store-woo-hover-","10":"top-store-single-product-tab-horizontal","11":"top-store-shadow-","12":"top-store-shadow-hover-","14":"first","15":"instock","16":"sale","17":"shipping-taxable","18":"purchasable","19":"product-type-simple"},"yoast_head":"<!-- This site is optimized with the Yoast SEO plugin v27.4 - https:\/\/yoast.com\/product\/yoast-seo-wordpress\/ -->\n<title>Donkey Milk - kup suplement, cena w aptece, sk\u0142ad, dzia\u0142anie<\/title>\n<meta name=\"robots\" content=\"index, follow, max-snippet:-1, max-image-preview:large, max-video-preview:-1\" \/>\n<link rel=\"canonical\" href=\"https:\/\/lekarzeopole.pl\/wordpress\/product\/donkey-milk\/\" \/>\n<meta property=\"og:locale\" content=\"pl_PL\" \/>\n<meta property=\"og:type\" content=\"article\" \/>\n<meta property=\"og:title\" content=\"Donkey Milk - kup suplement, cena w aptece, sk\u0142ad, dzia\u0142anie\" \/>\n<meta property=\"og:description\" content=\"Kup teraz SKU: 190.121.115    Produkt sprzedawany jest wy\u0142\u0105cznie za po\u015brednictwem oficjalnej strony producenta, id\u017a i kupuj bezpiecznie!\" \/>\n<meta property=\"og:url\" content=\"https:\/\/lekarzeopole.pl\/wordpress\/product\/donkey-milk\/\" \/>\n<meta property=\"og:site_name\" content=\"Lekarze Opole\" \/>\n<meta property=\"og:image\" content=\"https:\/\/lekarzeopole.pl\/wordpress\/wp-content\/uploads\/2025\/09\/donkey-milk.jpg\" \/>\n\t<meta property=\"og:image:width\" content=\"921\" \/>\n\t<meta property=\"og:image:height\" content=\"855\" \/>\n\t<meta property=\"og:image:type\" content=\"image\/jpeg\" \/>\n<meta name=\"twitter:card\" content=\"summary_large_image\" \/>\n<meta name=\"twitter:label1\" content=\"Szacowany czas czytania\" \/>\n\t<meta name=\"twitter:data1\" content=\"6 minut\" \/>\n<script type=\"application\/ld+json\" class=\"yoast-schema-graph\">{\"@context\":\"https:\\\/\\\/schema.org\",\"@graph\":[{\"@type\":\"WebPage\",\"@id\":\"https:\\\/\\\/lekarzeopole.pl\\\/wordpress\\\/product\\\/donkey-milk\\\/\",\"url\":\"https:\\\/\\\/lekarzeopole.pl\\\/wordpress\\\/product\\\/donkey-milk\\\/\",\"name\":\"Donkey Milk - kup suplement, cena w aptece, sk\u0142ad, dzia\u0142anie\",\"isPartOf\":{\"@id\":\"https:\\\/\\\/lekarzeopole.pl\\\/wordpress\\\/#website\"},\"primaryImageOfPage\":{\"@id\":\"https:\\\/\\\/lekarzeopole.pl\\\/wordpress\\\/product\\\/donkey-milk\\\/#primaryimage\"},\"image\":{\"@id\":\"https:\\\/\\\/lekarzeopole.pl\\\/wordpress\\\/product\\\/donkey-milk\\\/#primaryimage\"},\"thumbnailUrl\":\"https:\\\/\\\/lekarzeopole.pl\\\/wordpress\\\/wp-content\\\/uploads\\\/2025\\\/09\\\/donkey-milk.jpg\",\"datePublished\":\"2025-09-24T09:50:45+00:00\",\"breadcrumb\":{\"@id\":\"https:\\\/\\\/lekarzeopole.pl\\\/wordpress\\\/product\\\/donkey-milk\\\/#breadcrumb\"},\"inLanguage\":\"pl-PL\",\"potentialAction\":[{\"@type\":\"ReadAction\",\"target\":[\"https:\\\/\\\/lekarzeopole.pl\\\/wordpress\\\/product\\\/donkey-milk\\\/\"]}]},{\"@type\":\"ImageObject\",\"inLanguage\":\"pl-PL\",\"@id\":\"https:\\\/\\\/lekarzeopole.pl\\\/wordpress\\\/product\\\/donkey-milk\\\/#primaryimage\",\"url\":\"https:\\\/\\\/lekarzeopole.pl\\\/wordpress\\\/wp-content\\\/uploads\\\/2025\\\/09\\\/donkey-milk.jpg\",\"contentUrl\":\"https:\\\/\\\/lekarzeopole.pl\\\/wordpress\\\/wp-content\\\/uploads\\\/2025\\\/09\\\/donkey-milk.jpg\",\"width\":921,\"height\":855,\"caption\":\"Donkey Milk\"},{\"@type\":\"BreadcrumbList\",\"@id\":\"https:\\\/\\\/lekarzeopole.pl\\\/wordpress\\\/product\\\/donkey-milk\\\/#breadcrumb\",\"itemListElement\":[{\"@type\":\"ListItem\",\"position\":1,\"name\":\"\u0413\u043b\u0430\u0432\u043d\u0430\u044f \u0441\u0442\u0440\u0430\u043d\u0438\u0446\u0430\",\"item\":\"https:\\\/\\\/lekarzeopole.pl\\\/wordpress\\\/\"},{\"@type\":\"ListItem\",\"position\":2,\"name\":\"Zakup\",\"item\":\"https:\\\/\\\/lekarzeopole.pl\\\/wordpress\\\/\"},{\"@type\":\"ListItem\",\"position\":3,\"name\":\"Donkey Milk\"}]},{\"@type\":\"WebSite\",\"@id\":\"https:\\\/\\\/lekarzeopole.pl\\\/wordpress\\\/#website\",\"url\":\"https:\\\/\\\/lekarzeopole.pl\\\/wordpress\\\/\",\"name\":\"Lekarze Opole\",\"description\":\"\",\"potentialAction\":[{\"@type\":\"SearchAction\",\"target\":{\"@type\":\"EntryPoint\",\"urlTemplate\":\"https:\\\/\\\/lekarzeopole.pl\\\/wordpress\\\/?s={search_term_string}\"},\"query-input\":{\"@type\":\"PropertyValueSpecification\",\"valueRequired\":true,\"valueName\":\"search_term_string\"}}],\"inLanguage\":\"pl-PL\"}]}<\/script>\n<!-- \/ Yoast SEO plugin. -->","yoast_head_json":{"title":"Donkey Milk - kup suplement, cena w aptece, sk\u0142ad, dzia\u0142anie","robots":{"index":"index","follow":"follow","max-snippet":"max-snippet:-1","max-image-preview":"max-image-preview:large","max-video-preview":"max-video-preview:-1"},"canonical":"https:\/\/lekarzeopole.pl\/wordpress\/product\/donkey-milk\/","og_locale":"pl_PL","og_type":"article","og_title":"Donkey Milk - kup suplement, cena w aptece, sk\u0142ad, dzia\u0142anie","og_description":"Kup teraz SKU: 190.121.115    Produkt sprzedawany jest wy\u0142\u0105cznie za po\u015brednictwem oficjalnej strony producenta, id\u017a i kupuj bezpiecznie!","og_url":"https:\/\/lekarzeopole.pl\/wordpress\/product\/donkey-milk\/","og_site_name":"Lekarze Opole","og_image":[{"width":921,"height":855,"url":"https:\/\/lekarzeopole.pl\/wordpress\/wp-content\/uploads\/2025\/09\/donkey-milk.jpg","type":"image\/jpeg"}],"twitter_card":"summary_large_image","twitter_misc":{"Szacowany czas czytania":"6 minut"},"schema":{"@context":"https:\/\/schema.org","@graph":[{"@type":"WebPage","@id":"https:\/\/lekarzeopole.pl\/wordpress\/product\/donkey-milk\/","url":"https:\/\/lekarzeopole.pl\/wordpress\/product\/donkey-milk\/","name":"Donkey Milk - kup suplement, cena w aptece, sk\u0142ad, dzia\u0142anie","isPartOf":{"@id":"https:\/\/lekarzeopole.pl\/wordpress\/#website"},"primaryImageOfPage":{"@id":"https:\/\/lekarzeopole.pl\/wordpress\/product\/donkey-milk\/#primaryimage"},"image":{"@id":"https:\/\/lekarzeopole.pl\/wordpress\/product\/donkey-milk\/#primaryimage"},"thumbnailUrl":"https:\/\/lekarzeopole.pl\/wordpress\/wp-content\/uploads\/2025\/09\/donkey-milk.jpg","datePublished":"2025-09-24T09:50:45+00:00","breadcrumb":{"@id":"https:\/\/lekarzeopole.pl\/wordpress\/product\/donkey-milk\/#breadcrumb"},"inLanguage":"pl-PL","potentialAction":[{"@type":"ReadAction","target":["https:\/\/lekarzeopole.pl\/wordpress\/product\/donkey-milk\/"]}]},{"@type":"ImageObject","inLanguage":"pl-PL","@id":"https:\/\/lekarzeopole.pl\/wordpress\/product\/donkey-milk\/#primaryimage","url":"https:\/\/lekarzeopole.pl\/wordpress\/wp-content\/uploads\/2025\/09\/donkey-milk.jpg","contentUrl":"https:\/\/lekarzeopole.pl\/wordpress\/wp-content\/uploads\/2025\/09\/donkey-milk.jpg","width":921,"height":855,"caption":"Donkey Milk"},{"@type":"BreadcrumbList","@id":"https:\/\/lekarzeopole.pl\/wordpress\/product\/donkey-milk\/#breadcrumb","itemListElement":[{"@type":"ListItem","position":1,"name":"\u0413\u043b\u0430\u0432\u043d\u0430\u044f \u0441\u0442\u0440\u0430\u043d\u0438\u0446\u0430","item":"https:\/\/lekarzeopole.pl\/wordpress\/"},{"@type":"ListItem","position":2,"name":"Zakup","item":"https:\/\/lekarzeopole.pl\/wordpress\/"},{"@type":"ListItem","position":3,"name":"Donkey Milk"}]},{"@type":"WebSite","@id":"https:\/\/lekarzeopole.pl\/wordpress\/#website","url":"https:\/\/lekarzeopole.pl\/wordpress\/","name":"Lekarze Opole","description":"","potentialAction":[{"@type":"SearchAction","target":{"@type":"EntryPoint","urlTemplate":"https:\/\/lekarzeopole.pl\/wordpress\/?s={search_term_string}"},"query-input":{"@type":"PropertyValueSpecification","valueRequired":true,"valueName":"search_term_string"}}],"inLanguage":"pl-PL"}]}},"_links":{"self":[{"href":"https:\/\/lekarzeopole.pl\/wordpress\/wp-json\/wp\/v2\/product\/1345","targetHints":{"allow":["GET"]}}],"collection":[{"href":"https:\/\/lekarzeopole.pl\/wordpress\/wp-json\/wp\/v2\/product"}],"about":[{"href":"https:\/\/lekarzeopole.pl\/wordpress\/wp-json\/wp\/v2\/types\/product"}],"replies":[{"embeddable":true,"href":"https:\/\/lekarzeopole.pl\/wordpress\/wp-json\/wp\/v2\/comments?post=1345"}],"wp:featuredmedia":[{"embeddable":true,"href":"https:\/\/lekarzeopole.pl\/wordpress\/wp-json\/wp\/v2\/media\/1346"}],"wp:attachment":[{"href":"https:\/\/lekarzeopole.pl\/wordpress\/wp-json\/wp\/v2\/media?parent=1345"}],"wp:term":[{"taxonomy":"product_brand","embeddable":true,"href":"https:\/\/lekarzeopole.pl\/wordpress\/wp-json\/wp\/v2\/product_brand?post=1345"},{"taxonomy":"product_cat","embeddable":true,"href":"https:\/\/lekarzeopole.pl\/wordpress\/wp-json\/wp\/v2\/product_cat?post=1345"},{"taxonomy":"product_tag","embeddable":true,"href":"https:\/\/lekarzeopole.pl\/wordpress\/wp-json\/wp\/v2\/product_tag?post=1345"}],"curies":[{"name":"wp","href":"https:\/\/api.w.org\/{rel}","templated":true}]}}