{"id":1342,"date":"2025-09-24T09:43:04","date_gmt":"2025-09-24T09:43:04","guid":{"rendered":"https:\/\/lekarzeopole.pl\/wordpress\/?post_type=product&#038;p=1342"},"modified":"2025-09-24T09:43:04","modified_gmt":"2025-09-24T09:43:04","slug":"vitaxir","status":"publish","type":"product","link":"https:\/\/lekarzeopole.pl\/wordpress\/product\/vitaxir\/","title":{"rendered":"Vitaxir"},"content":{"rendered":"<p data-start=\"162\" data-end=\"671\">Wsp\u00f3\u0142czesna piel\u0119gnacja sk\u00f3ry coraz cz\u0119\u015bciej si\u0119ga po rozwi\u0105zania oparte na naturalnych sk\u0142adnikach, kt\u00f3re wspieraj\u0105 regeneracj\u0119 i odm\u0142adzanie cery w spos\u00f3b delikatny, ale skuteczny. Jednym z takich produkt\u00f3w jest Vitaxir \u2013 innowacyjna, odm\u0142adzaj\u0105ca serum do twarzy z witamin\u0105 C, kt\u00f3ra zdobywa coraz wi\u0119ksze uznanie w\u015br\u00f3d os\u00f3b dbaj\u0105cych o pi\u0119kno i zdrowie sk\u00f3ry. Dzi\u0119ki starannie dobranej formule opartej na naturalnych komponentach, Vitaxir wyr\u00f3\u017cnia si\u0119 wysok\u0105 skuteczno\u015bci\u0105 i bezpiecze\u0144stwem stosowania.<\/p>\n<h2 data-start=\"678\" data-end=\"712\">Wskazania do stosowania Vitaxir<\/h2>\n<p data-start=\"714\" data-end=\"885\">Vitaxir jest szczeg\u00f3lnie polecany osobom, kt\u00f3re chc\u0105 poprawi\u0107 kondycj\u0119 swojej sk\u00f3ry w spos\u00f3b widoczny, ale jednocze\u015bnie \u0142agodny. Stosowanie serum zaleca si\u0119 w przypadku:<\/p>\n<ul data-start=\"887\" data-end=\"1289\">\n<li data-start=\"887\" data-end=\"978\">\n<p data-start=\"889\" data-end=\"978\">pojawienia si\u0119 pierwszych oznak starzenia si\u0119 sk\u00f3ry (zmarszczki, utrata elastyczno\u015bci),<\/p>\n<\/li>\n<li data-start=\"979\" data-end=\"1032\">\n<p data-start=\"981\" data-end=\"1032\">cery zm\u0119czonej, poszarza\u0142ej i pozbawionej blasku,<\/p>\n<\/li>\n<li data-start=\"1033\" data-end=\"1147\">\n<p data-start=\"1035\" data-end=\"1147\">sk\u00f3ry nara\u017conej na dzia\u0142anie czynnik\u00f3w zewn\u0119trznych, takich jak promieniowanie UV, smog czy stres oksydacyjny,<\/p>\n<\/li>\n<li data-start=\"1148\" data-end=\"1219\">\n<p data-start=\"1150\" data-end=\"1219\">widocznych przebarwie\u0144, plam pigmentacyjnych i nier\u00f3wnego kolorytu,<\/p>\n<\/li>\n<li data-start=\"1220\" data-end=\"1289\">\n<p data-start=\"1222\" data-end=\"1289\">sk\u00f3ry odwodnionej i pozbawionej odpowiedniego poziomu nawil\u017cenia.<\/p>\n<\/li>\n<\/ul>\n<p data-start=\"1291\" data-end=\"1480\">Dzi\u0119ki bogatej zawarto\u015bci witaminy C i ro\u015blinnych ekstrakt\u00f3w, Vitaxir wspiera naturalne procesy regeneracyjne sk\u00f3ry, sprawiaj\u0105c, \u017ce staje si\u0119 ona j\u0119drna, g\u0142adka i pe\u0142na zdrowego blasku.<\/p>\n<h2 data-start=\"1487\" data-end=\"1526\">Sk\u0142ad i dzia\u0142anie sk\u0142adnik\u00f3w Vitaxir<\/h2>\n<p data-start=\"1528\" data-end=\"1898\">Si\u0142a Vitaxir tkwi w jego naturalnym sk\u0142adzie, w kt\u00f3rym kluczow\u0105 rol\u0119 odgrywa witamina C \u2013 uznawana za jeden z najpot\u0119\u017cniejszych antyoksydant\u00f3w w kosmetologii. To w\u0142a\u015bnie ona neutralizuje wolne rodniki, chroni sk\u00f3r\u0119 przed fotostarzeniem i stymuluje produkcj\u0119 kolagenu. Regularne stosowanie serum z witamin\u0105 C widocznie wyg\u0142adza zmarszczki i poprawia napi\u0119cie sk\u00f3ry.<\/p>\n<p data-start=\"1900\" data-end=\"1985\"><strong>Opr\u00f3cz witaminy C, w sk\u0142adzie Vitaxir znajduj\u0105 si\u0119 r\u00f3wnie\u017c inne aktywne komponenty:<\/strong><\/p>\n<ul data-start=\"1987\" data-end=\"2396\">\n<li data-start=\"1987\" data-end=\"2087\">\n<p data-start=\"1989\" data-end=\"2087\"><strong>Ekstrakty ro\u015blinne<\/strong> \u2013 dzia\u0142aj\u0105 \u0142agodz\u0105co, przeciwzapalnie i wspieraj\u0105 barier\u0119 ochronn\u0105 sk\u00f3ry.<\/p>\n<\/li>\n<li data-start=\"2088\" data-end=\"2208\">\n<p data-start=\"2090\" data-end=\"2208\"><strong>Kwas hialuronowy<\/strong> \u2013 intensywnie nawil\u017ca, zapobiega utracie wody i sprawia, \u017ce cera staje si\u0119 mi\u0119kka i elastyczna.<\/p>\n<\/li>\n<li data-start=\"2209\" data-end=\"2303\">\n<p data-start=\"2211\" data-end=\"2303\"><strong>Naturalne olejki ro\u015blinne<\/strong> \u2013 od\u017cywiaj\u0105 i regeneruj\u0105 nask\u00f3rek, nadaj\u0105c mu zdrowy wygl\u0105d.<\/p>\n<\/li>\n<li data-start=\"2304\" data-end=\"2396\">\n<p data-start=\"2306\" data-end=\"2396\"><strong>Bioflawonoidy i mikroelementy<\/strong> \u2013 wspieraj\u0105 procesy naprawcze i dzia\u0142aj\u0105 wzmacniaj\u0105co.<\/p>\n<\/li>\n<\/ul>\n<p data-start=\"2398\" data-end=\"2530\">Tak skomponowana formu\u0142a sprawia, \u017ce Vitaxir nie tylko dzia\u0142a przeciwstarzeniowo, ale tak\u017ce kompleksowo poprawia kondycj\u0119 sk\u00f3ry.<\/p>\n<p style=\"text-align: center;\" data-start=\"2398\" data-end=\"2530\"><a href=\"https:\/\/tl-track.com\/tracker\/vQSc\"><button>www.vitaxir.pl<\/button><\/a><\/p>\n<h2 data-start=\"2537\" data-end=\"2576\">Efekty Vitaxir i ich charakterystyka<\/h2>\n<p data-start=\"2578\" data-end=\"2694\">Regularne stosowanie Vitaxir daje zauwa\u017calne rezultaty ju\u017c po kilku tygodniach. Najcz\u0119\u015bciej obserwowane efekty to:<\/p>\n<ul data-start=\"2696\" data-end=\"3171\">\n<li data-start=\"2696\" data-end=\"2793\">\n<p data-start=\"2698\" data-end=\"2793\"><strong data-start=\"2698\" data-end=\"2742\">Rozja\u015bnienie cery i redukcja przebarwie\u0144<\/strong> \u2013 witamina C skutecznie wyr\u00f3wnuje koloryt sk\u00f3ry.<\/p>\n<\/li>\n<li data-start=\"2794\" data-end=\"2890\">\n<p data-start=\"2796\" data-end=\"2890\"><strong data-start=\"2796\" data-end=\"2841\">Wyg\u0142adzenie zmarszczek i linii mimicznych<\/strong> \u2013 serum stymuluje syntez\u0119 kolagenu i elastyny.<\/p>\n<\/li>\n<li data-start=\"2891\" data-end=\"2985\">\n<p data-start=\"2893\" data-end=\"2985\"><strong data-start=\"2893\" data-end=\"2930\">G\u0142\u0119bokie nawil\u017cenie i regeneracja<\/strong> \u2013 dzi\u0119ki kwasowi hialuronowemu i olejkom naturalnym.<\/p>\n<\/li>\n<li data-start=\"2986\" data-end=\"3089\">\n<p data-start=\"2988\" data-end=\"3089\"><strong data-start=\"2988\" data-end=\"3015\">Ochrona antyoksydacyjna<\/strong> \u2013 neutralizacja wolnych rodnik\u00f3w zmniejsza skutki stresu oksydacyjnego.<\/p>\n<\/li>\n<li data-start=\"3090\" data-end=\"3171\">\n<p data-start=\"3092\" data-end=\"3171\"><strong data-start=\"3092\" data-end=\"3125\">Zdrowy blask i \u015bwie\u017co\u015b\u0107 sk\u00f3ry<\/strong> \u2013 cera staje si\u0119 promienna i pe\u0142na energii.<\/p>\n<\/li>\n<\/ul>\n<p data-start=\"3173\" data-end=\"3335\">Dzi\u0119ki tak szerokiemu spektrum dzia\u0142ania, Vitaxir polecany jest zar\u00f3wno jako codzienna piel\u0119gnacja anti-age, jak i kuracja rewitalizuj\u0105ca dla zm\u0119czonej sk\u00f3ry.<\/p>\n<h2 data-start=\"3342\" data-end=\"3369\">Ryzyko skutk\u00f3w ubocznych<\/h2>\n<p data-start=\"3371\" data-end=\"3639\">Jedn\u0105 z najwi\u0119kszych zalet Vitaxir jest jego bezpiecze\u0144stwo stosowania. Produkt oparty jest na naturalnych sk\u0142adnikach, pozbawionych sztucznych barwnik\u00f3w czy szkodliwych substancji chemicznych. Dzi\u0119ki temu ryzyko wyst\u0105pienia skutk\u00f3w ubocznych jest minimalne.<\/p>\n<p data-start=\"3641\" data-end=\"3917\">Mo\u017ce by\u0107 stosowany przez osoby o sk\u00f3rze wra\u017cliwej, sk\u0142onnej do podra\u017cnie\u0144, a nawet w przypadku cery naczynkowej \u2013 pod warunkiem przestrzegania zalece\u0144 producenta. Delikatna, hipoalergiczna formu\u0142a sprawia, \u017ce Vitaxir jest bezpiecznym wyborem dla szerokiego grona u\u017cytkownik\u00f3w.<\/p>\n<h2 data-start=\"66\" data-end=\"119\">Opinie klient\u00f3w o Vitaxir: fora po\u015bwi\u0119cone zdrowiu<\/h2>\n<p data-start=\"121\" data-end=\"542\">W Polsce du\u017c\u0105 popularno\u015bci\u0105 ciesz\u0105 si\u0119 fora internetowe oraz grupy dyskusyjne po\u015bwi\u0119cone zdrowiu i urodzie. To w\u0142a\u015bnie tam mo\u017cna znale\u017a\u0107 setki wypowiedzi u\u017cytkownik\u00f3w, kt\u00f3rzy dziel\u0105 si\u0119 swoimi do\u015bwiadczeniami z produktami kosmetycznymi i suplementami. Vitaxir, dzi\u0119ki rosn\u0105cej popularno\u015bci, zdoby\u0142 szerokie grono zadowolonych klient\u00f3w, kt\u00f3rzy podkre\u015blaj\u0105 nie tylko skuteczno\u015b\u0107, ale i bezpiecze\u0144stwo jego stosowania.<\/p>\n<p data-start=\"544\" data-end=\"791\">Wi\u0119kszo\u015b\u0107 opinii dotyczy pozytywnych efekt\u00f3w stosowania serum \u2013 od poprawy kondycji sk\u00f3ry, po rozja\u015bnienie przebarwie\u0144 i redukcj\u0119 zmarszczek. U\u017cytkownicy cz\u0119sto podkre\u015blaj\u0105 r\u00f3wnie\u017c wygod\u0119 zakupu online oraz przyst\u0119pn\u0105 cen\u0119 w stosunku do jako\u015bci.<\/p>\n<p data-start=\"793\" data-end=\"812\"><strong>Przyk\u0142ady opinii:<\/strong><\/p>\n<ul data-start=\"814\" data-end=\"1295\">\n<li data-start=\"814\" data-end=\"1046\">\n<p data-start=\"816\" data-end=\"1046\"><strong data-start=\"816\" data-end=\"843\">Anna, 42 lata, Warszawa<\/strong>:<br data-start=\"844\" data-end=\"847\" \/>\u201eStosuj\u0119 Vitaxir od ponad miesi\u0105ca i jestem zachwycona! Moja sk\u00f3ra odzyska\u0142a blask, zmarszczki wok\u00f3\u0142 oczu sta\u0142y si\u0119 mniej widoczne. Czuj\u0119, \u017ce to najlepszy kosmetyk, jaki mia\u0142am w ostatnich latach.\u201d<\/p>\n<\/li>\n<li data-start=\"1048\" data-end=\"1295\">\n<p data-start=\"1050\" data-end=\"1295\"><strong data-start=\"1050\" data-end=\"1075\">Marek, 37 lat, Krak\u00f3w<\/strong>:<br data-start=\"1076\" data-end=\"1079\" \/>\u201ePolecono mi Vitaxir na forum kosmetycznym i nie zawiod\u0142em si\u0119. Serum \u015bwietnie si\u0119 wch\u0142ania, a po kilku tygodniach zauwa\u017cy\u0142em wyra\u017ane wyg\u0142adzenie sk\u00f3ry. Do tego \u0142atwo\u015b\u0107 zam\u00f3wienia i szybka dostawa to ogromny plus.\u201d<\/p>\n<\/li>\n<\/ul>\n<h2 data-start=\"1302\" data-end=\"1334\">Spos\u00f3b podawania i dawkowanie<\/h2>\n<p data-start=\"1336\" data-end=\"1506\">Aby uzyska\u0107 najlepsze efekty, Vitaxir nale\u017cy stosowa\u0107 regularnie, zgodnie z zaleceniami producenta. Serum przeznaczone jest do codziennej piel\u0119gnacji twarzy i szyi.<\/p>\n<ul data-start=\"1508\" data-end=\"1889\">\n<li data-start=\"1508\" data-end=\"1638\">\n<p data-start=\"1510\" data-end=\"1638\"><strong data-start=\"1510\" data-end=\"1530\">Spos\u00f3b aplikacji<\/strong>: niewielk\u0105 ilo\u015b\u0107 produktu nanosi si\u0119 na oczyszczon\u0105 i such\u0105 sk\u00f3r\u0119, delikatnie wklepuj\u0105c opuszkami palc\u00f3w.<\/p>\n<\/li>\n<li data-start=\"1639\" data-end=\"1742\">\n<p data-start=\"1641\" data-end=\"1742\"><strong data-start=\"1641\" data-end=\"1669\">Cz\u0119stotliwo\u015b\u0107 stosowania<\/strong>: najcz\u0119\u015bciej zaleca si\u0119 u\u017cywanie dwa razy dziennie \u2013 rano i wieczorem.<\/p>\n<\/li>\n<li data-start=\"1743\" data-end=\"1889\">\n<p data-start=\"1745\" data-end=\"1889\"><strong data-start=\"1745\" data-end=\"1778\">\u0141\u0105czenie z innymi kosmetykami<\/strong>: Vitaxir doskonale komponuje si\u0119 z kremami nawil\u017caj\u0105cymi, filtrami UV czy lekkimi emulsjami piel\u0119gnacyjnymi.<\/p>\n<\/li>\n<\/ul>\n<p data-start=\"1891\" data-end=\"2056\">Regularno\u015b\u0107 stosowania jest kluczem do uzyskania d\u0142ugotrwa\u0142ych rezultat\u00f3w \u2013 im cz\u0119\u015bciej i systematyczniej u\u017cywane serum, tym bardziej widoczne efekty odm\u0142adzaj\u0105ce.<\/p>\n<h2 data-start=\"2063\" data-end=\"2093\">Kup teraz Vitaxir z dostaw\u0105<\/h2>\n<p data-start=\"2095\" data-end=\"2407\">Zakup Vitaxir jest prosty i ca\u0142kowicie bezpieczny. Serum dost\u0119pne jest online, bez konieczno\u015bci wcze\u015bniejszej p\u0142atno\u015bci \u2013 nale\u017cno\u015b\u0107 uiszcza si\u0119 dopiero przy odbiorze przesy\u0142ki. Dzi\u0119ki temu klient ma pewno\u015b\u0107, \u017ce otrzymuje oryginalny produkt, bez ryzyka zwi\u0105zanego z przedp\u0142atami czy fa\u0142szywymi po\u015brednikami.<\/p>\n<ul data-start=\"2409\" data-end=\"2759\">\n<li data-start=\"2409\" data-end=\"2479\">\n<p data-start=\"2411\" data-end=\"2479\"><strong data-start=\"2411\" data-end=\"2427\">Czas dostawy<\/strong>: \u015brednio 3\u20134 dni robocze na terenie ca\u0142ej Polski.<\/p>\n<\/li>\n<li data-start=\"2480\" data-end=\"2673\">\n<p data-start=\"2482\" data-end=\"2673\"><strong data-start=\"2482\" data-end=\"2510\">Potwierdzenie zam\u00f3wienia<\/strong>: ka\u017cdy zakup weryfikowany jest telefonicznie przez konsultanta, kt\u00f3ry mo\u017ce r\u00f3wnie\u017c udzieli\u0107 porad dotycz\u0105cych dawkowania i poinformowa\u0107 o aktualnych promocjach.<\/p>\n<\/li>\n<li data-start=\"2674\" data-end=\"2759\">\n<p data-start=\"2676\" data-end=\"2759\"><strong data-start=\"2676\" data-end=\"2694\">Bezpiecze\u0144stwo<\/strong>: p\u0142atno\u015b\u0107 przy odbiorze gwarantuje klientowi pewno\u015b\u0107 i wygod\u0119.<\/p>\n<\/li>\n<\/ul>\n<p style=\"text-align: center;\"><a href=\"https:\/\/tl-track.com\/tracker\/vQSc\"><button>Zakup na stronie producenta (-50%)<\/button><\/a><\/p>\n<h2 data-start=\"2766\" data-end=\"2812\">Por\u00f3wnanie ofert: ceny i dost\u0119pno\u015b\u0107 Vitaxir<\/h2>\n<p data-start=\"2814\" data-end=\"3032\">Producent Vitaxir stawia na transparentno\u015b\u0107 i dost\u0119pno\u015b\u0107 dla szerokiego grona klient\u00f3w. Dlatego serum mo\u017cna kupi\u0107 wy\u0142\u0105cznie na oficjalnej stronie producenta, bez udzia\u0142u po\u015brednik\u00f3w i dodatkowych mar\u017c aptecznych.<\/p>\n<ul data-start=\"3034\" data-end=\"3547\">\n<li data-start=\"3034\" data-end=\"3218\">\n<p data-start=\"3036\" data-end=\"3218\"><strong data-start=\"3036\" data-end=\"3068\">Brak w tradycyjnych aptekach<\/strong>: Vitaxir nie jest sprzedawany stacjonarnie \u2013 decyzja ta pozwala producentowi utrzyma\u0107 atrakcyjn\u0105 cen\u0119 i pe\u0142n\u0105 kontrol\u0119 nad oryginalno\u015bci\u0105 produktu.<\/p>\n<\/li>\n<li data-start=\"3219\" data-end=\"3415\">\n<p data-start=\"3221\" data-end=\"3415\"><strong data-start=\"3221\" data-end=\"3242\">Promocje i rabaty<\/strong>: regularnie pojawiaj\u0105 si\u0119 akcje specjalne, kt\u00f3re pozwalaj\u0105 naby\u0107 serum w znacznie ni\u017cszej cenie. Aktualno\u015b\u0107 promocji warto sprawdza\u0107 bezpo\u015brednio na stronie internetowej.<\/p>\n<\/li>\n<li data-start=\"3416\" data-end=\"3547\">\n<p data-start=\"3418\" data-end=\"3547\"><strong data-start=\"3418\" data-end=\"3439\">Pewno\u015b\u0107 orygina\u0142u<\/strong>: zakup z oficjalnego \u017ar\u00f3d\u0142a to gwarancja, \u017ce klient otrzymuje sprawdzony, skuteczny i bezpieczny produkt.<\/p>\n<\/li>\n<\/ul>\n","protected":false},"excerpt":{"rendered":"<p style=\"text-align: center;\"><a href=\"https:\/\/tl-track.com\/tracker\/vQSc\"><button>Kup teraz<\/button><\/a><\/p>\n<p>SKU: 190<span class=\"sku\">.121.114<\/span><\/p>\n<hr \/>\n<p><small>Produkt sprzedawany jest wy\u0142\u0105cznie za po\u015brednictwem oficjalnej strony producenta, id\u017a i kupuj bezpiecznie!<\/small><\/p>\n","protected":false},"featured_media":1343,"comment_status":"open","ping_status":"closed","template":"","meta":[],"product_brand":[],"product_cat":[15],"product_tag":[],"class_list":{"0":"post-1342","1":"product","2":"type-product","3":"status-publish","4":"has-post-thumbnail","6":"product_cat-supl","7":"thunk-woo-product-list","8":"opn-qv-enable","9":"top-store-woo-hover-","10":"top-store-single-product-tab-horizontal","11":"top-store-shadow-","12":"top-store-shadow-hover-","14":"first","15":"instock","16":"sale","17":"shipping-taxable","18":"purchasable","19":"product-type-simple"},"yoast_head":"<!-- This site is optimized with the Yoast SEO plugin v27.4 - https:\/\/yoast.com\/product\/yoast-seo-wordpress\/ -->\n<title>Vitaxir - kup suplement, cena w aptece, sk\u0142ad, dzia\u0142anie<\/title>\n<meta name=\"robots\" content=\"index, follow, max-snippet:-1, max-image-preview:large, max-video-preview:-1\" \/>\n<link rel=\"canonical\" href=\"https:\/\/lekarzeopole.pl\/wordpress\/product\/vitaxir\/\" \/>\n<meta property=\"og:locale\" content=\"pl_PL\" \/>\n<meta property=\"og:type\" content=\"article\" \/>\n<meta property=\"og:title\" content=\"Vitaxir - kup suplement, cena w aptece, sk\u0142ad, dzia\u0142anie\" \/>\n<meta property=\"og:description\" content=\"Kup teraz SKU: 190.121.114    Produkt sprzedawany jest wy\u0142\u0105cznie za po\u015brednictwem oficjalnej strony producenta, id\u017a i kupuj bezpiecznie!\" \/>\n<meta property=\"og:url\" content=\"https:\/\/lekarzeopole.pl\/wordpress\/product\/vitaxir\/\" \/>\n<meta property=\"og:site_name\" content=\"Lekarze Opole\" \/>\n<meta property=\"og:image\" content=\"https:\/\/lekarzeopole.pl\/wordpress\/wp-content\/uploads\/2025\/09\/vitaxir.jpg\" \/>\n\t<meta property=\"og:image:width\" content=\"1000\" \/>\n\t<meta property=\"og:image:height\" content=\"1000\" \/>\n\t<meta property=\"og:image:type\" content=\"image\/jpeg\" \/>\n<meta name=\"twitter:card\" content=\"summary_large_image\" \/>\n<meta name=\"twitter:label1\" content=\"Szacowany czas czytania\" \/>\n\t<meta name=\"twitter:data1\" content=\"6 minut\" \/>\n<script type=\"application\/ld+json\" class=\"yoast-schema-graph\">{\"@context\":\"https:\\\/\\\/schema.org\",\"@graph\":[{\"@type\":\"WebPage\",\"@id\":\"https:\\\/\\\/lekarzeopole.pl\\\/wordpress\\\/product\\\/vitaxir\\\/\",\"url\":\"https:\\\/\\\/lekarzeopole.pl\\\/wordpress\\\/product\\\/vitaxir\\\/\",\"name\":\"Vitaxir - kup suplement, cena w aptece, sk\u0142ad, dzia\u0142anie\",\"isPartOf\":{\"@id\":\"https:\\\/\\\/lekarzeopole.pl\\\/wordpress\\\/#website\"},\"primaryImageOfPage\":{\"@id\":\"https:\\\/\\\/lekarzeopole.pl\\\/wordpress\\\/product\\\/vitaxir\\\/#primaryimage\"},\"image\":{\"@id\":\"https:\\\/\\\/lekarzeopole.pl\\\/wordpress\\\/product\\\/vitaxir\\\/#primaryimage\"},\"thumbnailUrl\":\"https:\\\/\\\/lekarzeopole.pl\\\/wordpress\\\/wp-content\\\/uploads\\\/2025\\\/09\\\/vitaxir.jpg\",\"datePublished\":\"2025-09-24T09:43:04+00:00\",\"breadcrumb\":{\"@id\":\"https:\\\/\\\/lekarzeopole.pl\\\/wordpress\\\/product\\\/vitaxir\\\/#breadcrumb\"},\"inLanguage\":\"pl-PL\",\"potentialAction\":[{\"@type\":\"ReadAction\",\"target\":[\"https:\\\/\\\/lekarzeopole.pl\\\/wordpress\\\/product\\\/vitaxir\\\/\"]}]},{\"@type\":\"ImageObject\",\"inLanguage\":\"pl-PL\",\"@id\":\"https:\\\/\\\/lekarzeopole.pl\\\/wordpress\\\/product\\\/vitaxir\\\/#primaryimage\",\"url\":\"https:\\\/\\\/lekarzeopole.pl\\\/wordpress\\\/wp-content\\\/uploads\\\/2025\\\/09\\\/vitaxir.jpg\",\"contentUrl\":\"https:\\\/\\\/lekarzeopole.pl\\\/wordpress\\\/wp-content\\\/uploads\\\/2025\\\/09\\\/vitaxir.jpg\",\"width\":1000,\"height\":1000,\"caption\":\"Vitaxir\"},{\"@type\":\"BreadcrumbList\",\"@id\":\"https:\\\/\\\/lekarzeopole.pl\\\/wordpress\\\/product\\\/vitaxir\\\/#breadcrumb\",\"itemListElement\":[{\"@type\":\"ListItem\",\"position\":1,\"name\":\"\u0413\u043b\u0430\u0432\u043d\u0430\u044f \u0441\u0442\u0440\u0430\u043d\u0438\u0446\u0430\",\"item\":\"https:\\\/\\\/lekarzeopole.pl\\\/wordpress\\\/\"},{\"@type\":\"ListItem\",\"position\":2,\"name\":\"Zakup\",\"item\":\"https:\\\/\\\/lekarzeopole.pl\\\/wordpress\\\/\"},{\"@type\":\"ListItem\",\"position\":3,\"name\":\"Vitaxir\"}]},{\"@type\":\"WebSite\",\"@id\":\"https:\\\/\\\/lekarzeopole.pl\\\/wordpress\\\/#website\",\"url\":\"https:\\\/\\\/lekarzeopole.pl\\\/wordpress\\\/\",\"name\":\"Lekarze Opole\",\"description\":\"\",\"potentialAction\":[{\"@type\":\"SearchAction\",\"target\":{\"@type\":\"EntryPoint\",\"urlTemplate\":\"https:\\\/\\\/lekarzeopole.pl\\\/wordpress\\\/?s={search_term_string}\"},\"query-input\":{\"@type\":\"PropertyValueSpecification\",\"valueRequired\":true,\"valueName\":\"search_term_string\"}}],\"inLanguage\":\"pl-PL\"}]}<\/script>\n<!-- \/ Yoast SEO plugin. -->","yoast_head_json":{"title":"Vitaxir - kup suplement, cena w aptece, sk\u0142ad, dzia\u0142anie","robots":{"index":"index","follow":"follow","max-snippet":"max-snippet:-1","max-image-preview":"max-image-preview:large","max-video-preview":"max-video-preview:-1"},"canonical":"https:\/\/lekarzeopole.pl\/wordpress\/product\/vitaxir\/","og_locale":"pl_PL","og_type":"article","og_title":"Vitaxir - kup suplement, cena w aptece, sk\u0142ad, dzia\u0142anie","og_description":"Kup teraz SKU: 190.121.114    Produkt sprzedawany jest wy\u0142\u0105cznie za po\u015brednictwem oficjalnej strony producenta, id\u017a i kupuj bezpiecznie!","og_url":"https:\/\/lekarzeopole.pl\/wordpress\/product\/vitaxir\/","og_site_name":"Lekarze Opole","og_image":[{"width":1000,"height":1000,"url":"https:\/\/lekarzeopole.pl\/wordpress\/wp-content\/uploads\/2025\/09\/vitaxir.jpg","type":"image\/jpeg"}],"twitter_card":"summary_large_image","twitter_misc":{"Szacowany czas czytania":"6 minut"},"schema":{"@context":"https:\/\/schema.org","@graph":[{"@type":"WebPage","@id":"https:\/\/lekarzeopole.pl\/wordpress\/product\/vitaxir\/","url":"https:\/\/lekarzeopole.pl\/wordpress\/product\/vitaxir\/","name":"Vitaxir - kup suplement, cena w aptece, sk\u0142ad, dzia\u0142anie","isPartOf":{"@id":"https:\/\/lekarzeopole.pl\/wordpress\/#website"},"primaryImageOfPage":{"@id":"https:\/\/lekarzeopole.pl\/wordpress\/product\/vitaxir\/#primaryimage"},"image":{"@id":"https:\/\/lekarzeopole.pl\/wordpress\/product\/vitaxir\/#primaryimage"},"thumbnailUrl":"https:\/\/lekarzeopole.pl\/wordpress\/wp-content\/uploads\/2025\/09\/vitaxir.jpg","datePublished":"2025-09-24T09:43:04+00:00","breadcrumb":{"@id":"https:\/\/lekarzeopole.pl\/wordpress\/product\/vitaxir\/#breadcrumb"},"inLanguage":"pl-PL","potentialAction":[{"@type":"ReadAction","target":["https:\/\/lekarzeopole.pl\/wordpress\/product\/vitaxir\/"]}]},{"@type":"ImageObject","inLanguage":"pl-PL","@id":"https:\/\/lekarzeopole.pl\/wordpress\/product\/vitaxir\/#primaryimage","url":"https:\/\/lekarzeopole.pl\/wordpress\/wp-content\/uploads\/2025\/09\/vitaxir.jpg","contentUrl":"https:\/\/lekarzeopole.pl\/wordpress\/wp-content\/uploads\/2025\/09\/vitaxir.jpg","width":1000,"height":1000,"caption":"Vitaxir"},{"@type":"BreadcrumbList","@id":"https:\/\/lekarzeopole.pl\/wordpress\/product\/vitaxir\/#breadcrumb","itemListElement":[{"@type":"ListItem","position":1,"name":"\u0413\u043b\u0430\u0432\u043d\u0430\u044f \u0441\u0442\u0440\u0430\u043d\u0438\u0446\u0430","item":"https:\/\/lekarzeopole.pl\/wordpress\/"},{"@type":"ListItem","position":2,"name":"Zakup","item":"https:\/\/lekarzeopole.pl\/wordpress\/"},{"@type":"ListItem","position":3,"name":"Vitaxir"}]},{"@type":"WebSite","@id":"https:\/\/lekarzeopole.pl\/wordpress\/#website","url":"https:\/\/lekarzeopole.pl\/wordpress\/","name":"Lekarze Opole","description":"","potentialAction":[{"@type":"SearchAction","target":{"@type":"EntryPoint","urlTemplate":"https:\/\/lekarzeopole.pl\/wordpress\/?s={search_term_string}"},"query-input":{"@type":"PropertyValueSpecification","valueRequired":true,"valueName":"search_term_string"}}],"inLanguage":"pl-PL"}]}},"_links":{"self":[{"href":"https:\/\/lekarzeopole.pl\/wordpress\/wp-json\/wp\/v2\/product\/1342","targetHints":{"allow":["GET"]}}],"collection":[{"href":"https:\/\/lekarzeopole.pl\/wordpress\/wp-json\/wp\/v2\/product"}],"about":[{"href":"https:\/\/lekarzeopole.pl\/wordpress\/wp-json\/wp\/v2\/types\/product"}],"replies":[{"embeddable":true,"href":"https:\/\/lekarzeopole.pl\/wordpress\/wp-json\/wp\/v2\/comments?post=1342"}],"wp:featuredmedia":[{"embeddable":true,"href":"https:\/\/lekarzeopole.pl\/wordpress\/wp-json\/wp\/v2\/media\/1343"}],"wp:attachment":[{"href":"https:\/\/lekarzeopole.pl\/wordpress\/wp-json\/wp\/v2\/media?parent=1342"}],"wp:term":[{"taxonomy":"product_brand","embeddable":true,"href":"https:\/\/lekarzeopole.pl\/wordpress\/wp-json\/wp\/v2\/product_brand?post=1342"},{"taxonomy":"product_cat","embeddable":true,"href":"https:\/\/lekarzeopole.pl\/wordpress\/wp-json\/wp\/v2\/product_cat?post=1342"},{"taxonomy":"product_tag","embeddable":true,"href":"https:\/\/lekarzeopole.pl\/wordpress\/wp-json\/wp\/v2\/product_tag?post=1342"}],"curies":[{"name":"wp","href":"https:\/\/api.w.org\/{rel}","templated":true}]}}