{"id":1333,"date":"2025-09-24T09:18:31","date_gmt":"2025-09-24T09:18:31","guid":{"rendered":"https:\/\/lekarzeopole.pl\/wordpress\/?post_type=product&#038;p=1333"},"modified":"2025-09-24T09:18:32","modified_gmt":"2025-09-24T09:18:32","slug":"eelhoe-hair-oil","status":"publish","type":"product","link":"https:\/\/lekarzeopole.pl\/wordpress\/product\/eelhoe-hair-oil\/","title":{"rendered":"Eelhoe Hair Oil"},"content":{"rendered":"<p data-start=\"133\" data-end=\"644\">Zdrowe, g\u0119ste i l\u015bni\u0105ce w\u0142osy to marzenie zar\u00f3wno kobiet, jak i m\u0119\u017cczyzn. Niestety, stres, niew\u0142a\u015bciwa dieta, czynniki \u015brodowiskowe czy uwarunkowania genetyczne sprawiaj\u0105, \u017ce w\u0142osy staj\u0105 si\u0119 s\u0142absze, zaczynaj\u0105 wypada\u0107 i trac\u0105 sw\u00f3j naturalny blask. W odpowiedzi na te problemy powsta\u0142 Eelhoe Hair Oil \u2013 naturalny olejek, kt\u00f3ry \u0142\u0105czy w sobie moc sprawdzonych sk\u0142adnik\u00f3w ro\u015blinnych i mineralnych. Dzi\u0119ki unikalnej formule olejek skutecznie stymuluje wzrost w\u0142os\u00f3w, wzmacnia cebulki i chroni przed wypadaniem.<\/p>\n<h2 data-start=\"651\" data-end=\"693\">Wskazania do stosowania Eelhoe Hair Oil<\/h2>\n<p data-start=\"695\" data-end=\"875\">Eelhoe Hair Oil to produkt opracowany z my\u015bl\u0105 o osobach, kt\u00f3re zmagaj\u0105 si\u0119 z problemami zwi\u0105zanymi z os\u0142abionymi w\u0142osami. Jego zastosowanie jest szczeg\u00f3lnie polecane w przypadku:<\/p>\n<ul data-start=\"877\" data-end=\"1224\">\n<li data-start=\"877\" data-end=\"949\">\n<p data-start=\"879\" data-end=\"949\">nadmiernego wypadania w\u0142os\u00f3w, tak\u017ce przy zakolach i przerzedzeniach,<\/p>\n<\/li>\n<li data-start=\"950\" data-end=\"1006\">\n<p data-start=\"952\" data-end=\"1006\">cienkich, \u0142amliwych i pozbawionych obj\u0119to\u015bci w\u0142os\u00f3w,<\/p>\n<\/li>\n<li data-start=\"1007\" data-end=\"1056\">\n<p data-start=\"1009\" data-end=\"1056\">os\u0142abionych cebulek wymagaj\u0105cych wzmocnienia,<\/p>\n<\/li>\n<li data-start=\"1057\" data-end=\"1113\">\n<p data-start=\"1059\" data-end=\"1113\">powolnego wzrostu w\u0142os\u00f3w i potrzeby ich regeneracji,<\/p>\n<\/li>\n<li data-start=\"1114\" data-end=\"1224\">\n<p data-start=\"1116\" data-end=\"1224\">problem\u00f3w z utrzymaniem zdrowego wygl\u0105du w\u0142os\u00f3w w wyniku stylizacji, farbowania czy dzia\u0142ania promieni UV.<\/p>\n<\/li>\n<\/ul>\n<p data-start=\"1226\" data-end=\"1441\">Produkt przeznaczony jest dla kobiet i m\u0119\u017cczyzn, niezale\u017cnie od wieku. Doskonale sprawdza si\u0119 w piel\u0119gnacji domowej, a jego aplikacja jest niezwykle prosta \u2013 olejek nie wymaga sp\u0142ukiwania i nie obci\u0105\u017ca w\u0142os\u00f3w.<\/p>\n<h2 data-start=\"1448\" data-end=\"1495\">Sk\u0142ad i dzia\u0142anie sk\u0142adnik\u00f3w Eelhoe Hair Oil<\/h2>\n<p data-start=\"1497\" data-end=\"1657\">Si\u0142a dzia\u0142ania olejku Eelhoe tkwi w odpowiednio dobranych naturalnych komponentach. Ka\u017cdy ze sk\u0142adnik\u00f3w odgrywa istotn\u0105 rol\u0119 w regeneracji i piel\u0119gnacji w\u0142os\u00f3w:<\/p>\n<ul data-start=\"1659\" data-end=\"2849\">\n<li data-start=\"1659\" data-end=\"1785\">\n<p data-start=\"1661\" data-end=\"1785\"><strong data-start=\"1661\" data-end=\"1676\">Mineral Oil<\/strong> \u2013 zapewnia ochronn\u0105 warstw\u0119 na powierzchni w\u0142osa, dzi\u0119ki czemu zatrzymuje wilgo\u0107 i zapobiega przesuszeniu.<\/p>\n<\/li>\n<li data-start=\"1786\" data-end=\"1966\">\n<p data-start=\"1788\" data-end=\"1966\"><strong data-start=\"1788\" data-end=\"1843\">Hydrogenated Castor Oil (uwodorniony olej rycynowy)<\/strong> \u2013 od wiek\u00f3w znany jako \u015brodek wspieraj\u0105cy porost w\u0142os\u00f3w. Stymuluje cebulki, wzmacnia struktur\u0119 w\u0142osa i nadaje mu po\u0142ysk.<\/p>\n<\/li>\n<li data-start=\"1967\" data-end=\"2198\">\n<p data-start=\"1969\" data-end=\"2198\"><strong data-start=\"1969\" data-end=\"2015\">Rosmarinus Officinalis (Rosemary) Leaf Oil<\/strong> \u2013 olejek rozmarynowy poprawia mikrokr\u0105\u017cenie sk\u00f3ry g\u0142owy, co sprzyja dostarczaniu sk\u0142adnik\u00f3w od\u017cywczych do cebulek w\u0142osowych. Wykazuje tak\u017ce dzia\u0142anie antybakteryjne i od\u015bwie\u017caj\u0105ce.<\/p>\n<\/li>\n<li data-start=\"2199\" data-end=\"2370\">\n<p data-start=\"2201\" data-end=\"2370\"><strong data-start=\"2201\" data-end=\"2242\">Zingiber Officinale (Ginger) Root Oil<\/strong> \u2013 olejek z korzenia imbiru pobudza kr\u0105\u017cenie i wzmacnia cebulki. Pomaga ograniczy\u0107 wypadanie i stymuluje wzrost nowych w\u0142os\u00f3w.<\/p>\n<\/li>\n<li data-start=\"2371\" data-end=\"2511\">\n<p data-start=\"2373\" data-end=\"2511\"><strong data-start=\"2373\" data-end=\"2410\">Cocos Nucifera (Coconut) Seed Oil<\/strong> \u2013 olej kokosowy intensywnie nawil\u017ca, chroni przed \u0142amliwo\u015bci\u0105 i nadaje w\u0142osom jedwabist\u0105 mi\u0119kko\u015b\u0107.<\/p>\n<\/li>\n<li data-start=\"2512\" data-end=\"2641\">\n<p data-start=\"2514\" data-end=\"2641\"><strong data-start=\"2514\" data-end=\"2530\">Kohhii Ekisu<\/strong> \u2013 ekstrakt ro\u015blinny, kt\u00f3ry dzia\u0142a tonizuj\u0105co, wzmacnia struktur\u0119 w\u0142os\u00f3w i wspiera ich naturaln\u0105 regeneracj\u0119.<\/p>\n<\/li>\n<li data-start=\"2642\" data-end=\"2849\">\n<p data-start=\"2644\" data-end=\"2849\"><strong data-start=\"2644\" data-end=\"2690\">Argania Spinosa Kernel Oil (olej arganowy)<\/strong> \u2013 bogaty w witamin\u0119 E i kwasy t\u0142uszczowe, uznawany za \u201ez\u0142oto Maroka\u201d. Regeneruje, od\u017cywia i chroni w\u0142osy przed szkodliwym dzia\u0142aniem czynnik\u00f3w zewn\u0119trznych.<\/p>\n<\/li>\n<\/ul>\n<p data-start=\"2851\" data-end=\"3078\">Tak skomponowana mieszanka sprawia, \u017ce Eelhoe Hair Oil to naturalny booster wzrostu w\u0142os\u00f3w, kt\u00f3ry dzia\u0142a wielokierunkowo \u2013 od od\u017cywienia cebulek, przez popraw\u0119 kondycji sk\u00f3ry g\u0142owy, a\u017c po ochron\u0119 i nab\u0142yszczenie kosmyk\u00f3w.<\/p>\n<p style=\"text-align: center;\" data-start=\"2851\" data-end=\"3078\"><a href=\"https:\/\/tl-track.com\/tracker\/vQSu\"><button>www.eelhoe-hair.pl<\/button><\/a><\/p>\n<h2 data-start=\"3085\" data-end=\"3132\">Efekty Eelhoe Hair Oil i ich charakterystyka<\/h2>\n<p data-start=\"3134\" data-end=\"3215\">Regularne stosowanie olejku przynosi widoczne efekty ju\u017c po 2\u20133 tygodniach:<\/p>\n<ul data-start=\"3217\" data-end=\"3488\">\n<li data-start=\"3217\" data-end=\"3250\">\n<p data-start=\"3219\" data-end=\"3250\">zmniejszone wypadanie w\u0142os\u00f3w,<\/p>\n<\/li>\n<li data-start=\"3251\" data-end=\"3293\">\n<p data-start=\"3253\" data-end=\"3293\">pobudzenie do wzrostu nowych kosmyk\u00f3w,<\/p>\n<\/li>\n<li data-start=\"3294\" data-end=\"3336\">\n<p data-start=\"3296\" data-end=\"3336\">zwi\u0119kszona g\u0119sto\u015b\u0107 i obj\u0119to\u015b\u0107 fryzury,<\/p>\n<\/li>\n<li data-start=\"3337\" data-end=\"3413\">\n<p data-start=\"3339\" data-end=\"3413\">w\u0142osy staj\u0105 si\u0119 mocniejsze, bardziej spr\u0119\u017cyste i odporne na uszkodzenia,<\/p>\n<\/li>\n<li data-start=\"3414\" data-end=\"3456\">\n<p data-start=\"3416\" data-end=\"3456\">poprawa nawil\u017cenia i zdrowego wygl\u0105du,<\/p>\n<\/li>\n<li data-start=\"3457\" data-end=\"3488\">\n<p data-start=\"3459\" data-end=\"3488\">naturalny blask i mi\u0119kko\u015b\u0107.<\/p>\n<\/li>\n<\/ul>\n<p data-start=\"3490\" data-end=\"3665\">Olejek dzia\u0142a zar\u00f3wno na w\u0142osy kr\u00f3tkie, jak i d\u0142ugie, naturalne oraz farbowane. Mo\u017ce by\u0107 stosowany punktowo (np. przy zakolach) lub na ca\u0142\u0105 powierzchni\u0119 sk\u00f3ry g\u0142owy i w\u0142osy.<\/p>\n<h2 data-start=\"3672\" data-end=\"3699\">Ryzyko skutk\u00f3w ubocznych<\/h2>\n<p data-start=\"3701\" data-end=\"3923\">Jednym z najwi\u0119kszych atut\u00f3w Eelhoe Hair Oil jest jego naturalny sk\u0142ad. Olejek nie zawiera szkodliwych substancji chemicznych, silikon\u00f3w ani paraben\u00f3w. Dzi\u0119ki temu ryzyko wyst\u0105pienia skutk\u00f3w ubocznych jest minimalne.<\/p>\n<p data-start=\"3925\" data-end=\"4142\">Produkt jest bezpieczny zar\u00f3wno dla sk\u00f3ry g\u0142owy, jak i w\u0142os\u00f3w \u2013 nie powoduje podra\u017cnie\u0144, nie obci\u0105\u017ca i nie przet\u0142uszcza. Delikatna konsystencja sprawia, \u017ce olejek szybko si\u0119 wch\u0142ania, pozostawiaj\u0105c uczucie lekko\u015bci.<\/p>\n<h2 data-start=\"74\" data-end=\"137\">Opinie klient\u00f3w o Eelhoe Hair Oil: fora po\u015bwi\u0119cone zdrowiu<\/h2>\n<p data-start=\"139\" data-end=\"532\">W Polsce coraz wi\u0119ksz\u0105 popularno\u015bci\u0105 ciesz\u0105 si\u0119 fora internetowe po\u015bwi\u0119cone zdrowiu i naturalnej piel\u0119gnacji. To w\u0142a\u015bnie tam u\u017cytkownicy ch\u0119tnie dziel\u0105 si\u0119 swoimi do\u015bwiadczeniami zwi\u0105zanymi ze stosowaniem r\u00f3\u017cnych suplement\u00f3w, kosmetyk\u00f3w i preparat\u00f3w. Eelhoe Hair Oil zdobywa coraz szersze grono zwolennik\u00f3w \u2013 g\u0142\u00f3wnie dzi\u0119ki skutecznemu dzia\u0142aniu, \u0142atwej aplikacji oraz atrakcyjnej cenie.<\/p>\n<p data-start=\"534\" data-end=\"814\">Na forach mo\u017cna znale\u017a\u0107 setki komentarzy, w kt\u00f3rych u\u017cytkownicy podkre\u015blaj\u0105, \u017ce olejek faktycznie hamuje wypadanie w\u0142os\u00f3w, pobudza ich wzrost i poprawia og\u00f3ln\u0105 kondycj\u0119 sk\u00f3ry g\u0142owy. Wi\u0119kszo\u015b\u0107 opinii ma pozytywny wyd\u017awi\u0119k i wskazuje na widoczne rezultaty ju\u017c po kilku tygodniach.<\/p>\n<p data-start=\"816\" data-end=\"841\"><strong data-start=\"816\" data-end=\"839\">Przyk\u0142adowe opinie:<\/strong><\/p>\n<ol>\n<li data-start=\"845\" data-end=\"1081\"><em data-start=\"845\" data-end=\"1054\">\u201eStosuj\u0119 Eelhoe Hair Oil od trzech tygodni i widz\u0119 ogromn\u0105 r\u00f3\u017cnic\u0119. W\u0142osy przesta\u0142y wypada\u0107 gar\u015bciami, a w zakolach zaczynaj\u0105 pojawia\u0107 si\u0119 nowe w\u0142oski. Polecam ka\u017cdemu, kto walczy z problemem przerzedzenia.\u201d<\/em> \u2013 <strong data-start=\"1057\" data-end=\"1079\">Katarzyna, 34 lata<\/strong><\/li>\n<li data-start=\"1085\" data-end=\"1305\"><em data-start=\"1085\" data-end=\"1283\">\u201eBa\u0142em si\u0119, \u017ce olejek b\u0119dzie przet\u0142uszcza\u0142 w\u0142osy, ale nic takiego si\u0119 nie dzieje. \u0141atwy w u\u017cyciu, szybko si\u0119 wch\u0142ania i naprawd\u0119 dzia\u0142a. Po miesi\u0105cu moje w\u0142osy s\u0105 mocniejsze i wygl\u0105daj\u0105 zdrowiej.\u201d<\/em> \u2013 <strong data-start=\"1286\" data-end=\"1303\">Marek, 41 lat<\/strong><\/li>\n<\/ol>\n<h2 data-start=\"1312\" data-end=\"1346\">Spos\u00f3b podawania i dawkowanie<\/h2>\n<p data-start=\"1348\" data-end=\"1587\">Stosowanie Eelhoe Hair Oil jest wyj\u0105tkowo proste i wygodne. Produkt nale\u017cy nak\u0142ada\u0107 bezpo\u015brednio na sk\u00f3r\u0119 g\u0142owy i delikatnie wmasowa\u0107 w cebulki w\u0142osowe. Olejek mo\u017cna stosowa\u0107 punktowo (np. na zakola) lub na ca\u0142\u0105 powierzchni\u0119 sk\u00f3ry g\u0142owy.<\/p>\n<p data-start=\"1589\" data-end=\"1626\"><strong data-start=\"1589\" data-end=\"1624\">Zalecenia dotycz\u0105ce dawkowania:<\/strong><\/p>\n<ul data-start=\"1627\" data-end=\"1892\">\n<li data-start=\"1627\" data-end=\"1670\">\n<p data-start=\"1629\" data-end=\"1670\">stosowa\u0107 codziennie lub co drugi dzie\u0144,<\/p>\n<\/li>\n<li data-start=\"1671\" data-end=\"1739\">\n<p data-start=\"1673\" data-end=\"1739\">niewielk\u0105 ilo\u015b\u0107 olejku (kilka kropel) rozprowadzi\u0107 r\u00f3wnomiernie,<\/p>\n<\/li>\n<li data-start=\"1740\" data-end=\"1825\">\n<p data-start=\"1742\" data-end=\"1825\">nie sp\u0142ukiwa\u0107 po aplikacji \u2013 olejek wch\u0142ania si\u0119 naturalnie i nie obci\u0105\u017ca w\u0142os\u00f3w,<\/p>\n<\/li>\n<li data-start=\"1826\" data-end=\"1892\">\n<p data-start=\"1828\" data-end=\"1892\">dla najlepszych efekt\u00f3w kuracj\u0119 prowadzi\u0107 minimum 4\u20136 tygodni.<\/p>\n<\/li>\n<\/ul>\n<p data-start=\"1894\" data-end=\"2066\">Regularno\u015b\u0107 stosowania jest kluczowa \u2013 im systematyczniej nak\u0142adamy olejek, tym szybciej zauwa\u017cymy efekty w postaci zahamowanego wypadania i pojawienia si\u0119 nowych w\u0142os\u00f3w.<\/p>\n<h2 data-start=\"2073\" data-end=\"2113\">Kup teraz Eelhoe Hair Oil z dostaw\u0105<\/h2>\n<p data-start=\"2115\" data-end=\"2390\">Zakup Eelhoe Hair Oil jest bardzo prosty i bezpieczny. Produkt mo\u017cna zam\u00f3wi\u0107 online, bez wychodzenia z domu. Klient nie ponosi \u017cadnych koszt\u00f3w z g\u00f3ry \u2013 p\u0142atno\u015b\u0107 odbywa si\u0119 dopiero przy odbiorze przesy\u0142ki, co daje pewno\u015b\u0107 otrzymania oryginalnego produktu bez ryzyka.<\/p>\n<p data-start=\"2392\" data-end=\"2713\">Dostawa na terenie Polski trwa zazwyczaj 3\u20134 dni robocze. Po z\u0142o\u017ceniu zam\u00f3wienia kontaktuje si\u0119 konsultant telefoniczny, kt\u00f3ry potwierdza szczeg\u00f3\u0142y zakupu oraz w razie potrzeby udziela porady dotycz\u0105cej optymalnej ilo\u015bci produktu. Dodatkowo klient mo\u017ce dowiedzie\u0107 si\u0119 o aktualnych promocjach i pakietach rabatowych.<\/p>\n<p style=\"text-align: center;\" data-start=\"2392\" data-end=\"2713\"><a href=\"https:\/\/tl-track.com\/tracker\/vQSu\"><button>Zakup na stronie producenta (-50%)<\/button><\/a><\/p>\n<h2 data-start=\"2720\" data-end=\"2776\">Por\u00f3wnanie ofert: ceny i dost\u0119pno\u015b\u0107 Eelhoe Hair Oil<\/h2>\n<p data-start=\"2778\" data-end=\"3073\">Producent Eelhoe Hair Oil stawia przede wszystkim na dost\u0119pno\u015b\u0107 i uczciwo\u015b\u0107 wobec klient\u00f3w. Dlatego olejek mo\u017cna kupi\u0107 wy\u0142\u0105cznie na oficjalnej stronie producenta, co eliminuje mar\u017ce po\u015brednik\u00f3w i ryzyko podr\u00f3bek. Dzi\u0119ki temu konsumenci otrzymuj\u0105 gwarancj\u0119 jako\u015bci oraz atrakcyjn\u0105 cen\u0119.<\/p>\n<p data-start=\"3075\" data-end=\"3261\">W aptekach stacjonarnych czy drogeriach preparat nie jest dost\u0119pny \u2013 taka strategia pozwala producentowi oferowa\u0107 cz\u0119ste promocje i zni\u017cki, kt\u00f3re warto regularnie sprawdza\u0107 online.<\/p>\n<p data-start=\"3263\" data-end=\"3389\">Kupuj\u0105c bezpo\u015brednio od producenta, klient zyskuje pewno\u015b\u0107, \u017ce nabywa oryginalny i skuteczny produkt w najlepszej cenie.<\/p>\n","protected":false},"excerpt":{"rendered":"<p style=\"text-align: center;\"><a href=\"https:\/\/tl-track.com\/tracker\/vQSu\"><button>Kup teraz<\/button><\/a><\/p>\n<p>SKU: 190<span class=\"sku\">.121.110<\/span><\/p>\n<hr \/>\n<p><small>Produkt sprzedawany jest wy\u0142\u0105cznie za po\u015brednictwem oficjalnej strony producenta, id\u017a i kupuj bezpiecznie!<\/small><\/p>\n","protected":false},"featured_media":1334,"comment_status":"open","ping_status":"closed","template":"","meta":[],"product_brand":[],"product_cat":[15],"product_tag":[],"class_list":{"0":"post-1333","1":"product","2":"type-product","3":"status-publish","4":"has-post-thumbnail","6":"product_cat-supl","7":"thunk-woo-product-list","8":"opn-qv-enable","9":"top-store-woo-hover-","10":"top-store-single-product-tab-horizontal","11":"top-store-shadow-","12":"top-store-shadow-hover-","14":"first","15":"instock","16":"sale","17":"shipping-taxable","18":"purchasable","19":"product-type-simple"},"yoast_head":"<!-- This site is optimized with the Yoast SEO plugin v27.4 - https:\/\/yoast.com\/product\/yoast-seo-wordpress\/ -->\n<title>Eelhoe Hair Oil - kup suplement, cena w aptece, sk\u0142ad, dzia\u0142anie<\/title>\n<meta name=\"robots\" content=\"index, follow, max-snippet:-1, max-image-preview:large, max-video-preview:-1\" \/>\n<link rel=\"canonical\" href=\"https:\/\/lekarzeopole.pl\/wordpress\/product\/eelhoe-hair-oil\/\" \/>\n<meta property=\"og:locale\" content=\"pl_PL\" \/>\n<meta property=\"og:type\" content=\"article\" \/>\n<meta property=\"og:title\" content=\"Eelhoe Hair Oil - kup suplement, cena w aptece, sk\u0142ad, dzia\u0142anie\" \/>\n<meta property=\"og:description\" content=\"Kup teraz SKU: 190.121.110    Produkt sprzedawany jest wy\u0142\u0105cznie za po\u015brednictwem oficjalnej strony producenta, id\u017a i kupuj bezpiecznie!\" \/>\n<meta property=\"og:url\" content=\"https:\/\/lekarzeopole.pl\/wordpress\/product\/eelhoe-hair-oil\/\" \/>\n<meta property=\"og:site_name\" content=\"Lekarze Opole\" \/>\n<meta property=\"article:modified_time\" content=\"2025-09-24T09:18:32+00:00\" \/>\n<meta property=\"og:image\" content=\"https:\/\/lekarzeopole.pl\/wordpress\/wp-content\/uploads\/2025\/09\/eelhoe-hair-oil.png\" \/>\n\t<meta property=\"og:image:width\" content=\"800\" \/>\n\t<meta property=\"og:image:height\" content=\"600\" \/>\n\t<meta property=\"og:image:type\" content=\"image\/png\" \/>\n<meta name=\"twitter:card\" content=\"summary_large_image\" \/>\n<meta name=\"twitter:label1\" content=\"Szacowany czas czytania\" \/>\n\t<meta name=\"twitter:data1\" content=\"6 minut\" \/>\n<script type=\"application\/ld+json\" class=\"yoast-schema-graph\">{\"@context\":\"https:\\\/\\\/schema.org\",\"@graph\":[{\"@type\":\"WebPage\",\"@id\":\"https:\\\/\\\/lekarzeopole.pl\\\/wordpress\\\/product\\\/eelhoe-hair-oil\\\/\",\"url\":\"https:\\\/\\\/lekarzeopole.pl\\\/wordpress\\\/product\\\/eelhoe-hair-oil\\\/\",\"name\":\"Eelhoe Hair Oil - kup suplement, cena w aptece, sk\u0142ad, dzia\u0142anie\",\"isPartOf\":{\"@id\":\"https:\\\/\\\/lekarzeopole.pl\\\/wordpress\\\/#website\"},\"primaryImageOfPage\":{\"@id\":\"https:\\\/\\\/lekarzeopole.pl\\\/wordpress\\\/product\\\/eelhoe-hair-oil\\\/#primaryimage\"},\"image\":{\"@id\":\"https:\\\/\\\/lekarzeopole.pl\\\/wordpress\\\/product\\\/eelhoe-hair-oil\\\/#primaryimage\"},\"thumbnailUrl\":\"https:\\\/\\\/lekarzeopole.pl\\\/wordpress\\\/wp-content\\\/uploads\\\/2025\\\/09\\\/eelhoe-hair-oil.png\",\"datePublished\":\"2025-09-24T09:18:31+00:00\",\"dateModified\":\"2025-09-24T09:18:32+00:00\",\"breadcrumb\":{\"@id\":\"https:\\\/\\\/lekarzeopole.pl\\\/wordpress\\\/product\\\/eelhoe-hair-oil\\\/#breadcrumb\"},\"inLanguage\":\"pl-PL\",\"potentialAction\":[{\"@type\":\"ReadAction\",\"target\":[\"https:\\\/\\\/lekarzeopole.pl\\\/wordpress\\\/product\\\/eelhoe-hair-oil\\\/\"]}]},{\"@type\":\"ImageObject\",\"inLanguage\":\"pl-PL\",\"@id\":\"https:\\\/\\\/lekarzeopole.pl\\\/wordpress\\\/product\\\/eelhoe-hair-oil\\\/#primaryimage\",\"url\":\"https:\\\/\\\/lekarzeopole.pl\\\/wordpress\\\/wp-content\\\/uploads\\\/2025\\\/09\\\/eelhoe-hair-oil.png\",\"contentUrl\":\"https:\\\/\\\/lekarzeopole.pl\\\/wordpress\\\/wp-content\\\/uploads\\\/2025\\\/09\\\/eelhoe-hair-oil.png\",\"width\":800,\"height\":600,\"caption\":\"Eelhoe Hair Oil\"},{\"@type\":\"BreadcrumbList\",\"@id\":\"https:\\\/\\\/lekarzeopole.pl\\\/wordpress\\\/product\\\/eelhoe-hair-oil\\\/#breadcrumb\",\"itemListElement\":[{\"@type\":\"ListItem\",\"position\":1,\"name\":\"\u0413\u043b\u0430\u0432\u043d\u0430\u044f \u0441\u0442\u0440\u0430\u043d\u0438\u0446\u0430\",\"item\":\"https:\\\/\\\/lekarzeopole.pl\\\/wordpress\\\/\"},{\"@type\":\"ListItem\",\"position\":2,\"name\":\"Zakup\",\"item\":\"https:\\\/\\\/lekarzeopole.pl\\\/wordpress\\\/\"},{\"@type\":\"ListItem\",\"position\":3,\"name\":\"Eelhoe Hair Oil\"}]},{\"@type\":\"WebSite\",\"@id\":\"https:\\\/\\\/lekarzeopole.pl\\\/wordpress\\\/#website\",\"url\":\"https:\\\/\\\/lekarzeopole.pl\\\/wordpress\\\/\",\"name\":\"Lekarze Opole\",\"description\":\"\",\"potentialAction\":[{\"@type\":\"SearchAction\",\"target\":{\"@type\":\"EntryPoint\",\"urlTemplate\":\"https:\\\/\\\/lekarzeopole.pl\\\/wordpress\\\/?s={search_term_string}\"},\"query-input\":{\"@type\":\"PropertyValueSpecification\",\"valueRequired\":true,\"valueName\":\"search_term_string\"}}],\"inLanguage\":\"pl-PL\"}]}<\/script>\n<!-- \/ Yoast SEO plugin. -->","yoast_head_json":{"title":"Eelhoe Hair Oil - kup suplement, cena w aptece, sk\u0142ad, dzia\u0142anie","robots":{"index":"index","follow":"follow","max-snippet":"max-snippet:-1","max-image-preview":"max-image-preview:large","max-video-preview":"max-video-preview:-1"},"canonical":"https:\/\/lekarzeopole.pl\/wordpress\/product\/eelhoe-hair-oil\/","og_locale":"pl_PL","og_type":"article","og_title":"Eelhoe Hair Oil - kup suplement, cena w aptece, sk\u0142ad, dzia\u0142anie","og_description":"Kup teraz SKU: 190.121.110    Produkt sprzedawany jest wy\u0142\u0105cznie za po\u015brednictwem oficjalnej strony producenta, id\u017a i kupuj bezpiecznie!","og_url":"https:\/\/lekarzeopole.pl\/wordpress\/product\/eelhoe-hair-oil\/","og_site_name":"Lekarze Opole","article_modified_time":"2025-09-24T09:18:32+00:00","og_image":[{"width":800,"height":600,"url":"https:\/\/lekarzeopole.pl\/wordpress\/wp-content\/uploads\/2025\/09\/eelhoe-hair-oil.png","type":"image\/png"}],"twitter_card":"summary_large_image","twitter_misc":{"Szacowany czas czytania":"6 minut"},"schema":{"@context":"https:\/\/schema.org","@graph":[{"@type":"WebPage","@id":"https:\/\/lekarzeopole.pl\/wordpress\/product\/eelhoe-hair-oil\/","url":"https:\/\/lekarzeopole.pl\/wordpress\/product\/eelhoe-hair-oil\/","name":"Eelhoe Hair Oil - kup suplement, cena w aptece, sk\u0142ad, dzia\u0142anie","isPartOf":{"@id":"https:\/\/lekarzeopole.pl\/wordpress\/#website"},"primaryImageOfPage":{"@id":"https:\/\/lekarzeopole.pl\/wordpress\/product\/eelhoe-hair-oil\/#primaryimage"},"image":{"@id":"https:\/\/lekarzeopole.pl\/wordpress\/product\/eelhoe-hair-oil\/#primaryimage"},"thumbnailUrl":"https:\/\/lekarzeopole.pl\/wordpress\/wp-content\/uploads\/2025\/09\/eelhoe-hair-oil.png","datePublished":"2025-09-24T09:18:31+00:00","dateModified":"2025-09-24T09:18:32+00:00","breadcrumb":{"@id":"https:\/\/lekarzeopole.pl\/wordpress\/product\/eelhoe-hair-oil\/#breadcrumb"},"inLanguage":"pl-PL","potentialAction":[{"@type":"ReadAction","target":["https:\/\/lekarzeopole.pl\/wordpress\/product\/eelhoe-hair-oil\/"]}]},{"@type":"ImageObject","inLanguage":"pl-PL","@id":"https:\/\/lekarzeopole.pl\/wordpress\/product\/eelhoe-hair-oil\/#primaryimage","url":"https:\/\/lekarzeopole.pl\/wordpress\/wp-content\/uploads\/2025\/09\/eelhoe-hair-oil.png","contentUrl":"https:\/\/lekarzeopole.pl\/wordpress\/wp-content\/uploads\/2025\/09\/eelhoe-hair-oil.png","width":800,"height":600,"caption":"Eelhoe Hair Oil"},{"@type":"BreadcrumbList","@id":"https:\/\/lekarzeopole.pl\/wordpress\/product\/eelhoe-hair-oil\/#breadcrumb","itemListElement":[{"@type":"ListItem","position":1,"name":"\u0413\u043b\u0430\u0432\u043d\u0430\u044f \u0441\u0442\u0440\u0430\u043d\u0438\u0446\u0430","item":"https:\/\/lekarzeopole.pl\/wordpress\/"},{"@type":"ListItem","position":2,"name":"Zakup","item":"https:\/\/lekarzeopole.pl\/wordpress\/"},{"@type":"ListItem","position":3,"name":"Eelhoe Hair Oil"}]},{"@type":"WebSite","@id":"https:\/\/lekarzeopole.pl\/wordpress\/#website","url":"https:\/\/lekarzeopole.pl\/wordpress\/","name":"Lekarze Opole","description":"","potentialAction":[{"@type":"SearchAction","target":{"@type":"EntryPoint","urlTemplate":"https:\/\/lekarzeopole.pl\/wordpress\/?s={search_term_string}"},"query-input":{"@type":"PropertyValueSpecification","valueRequired":true,"valueName":"search_term_string"}}],"inLanguage":"pl-PL"}]}},"_links":{"self":[{"href":"https:\/\/lekarzeopole.pl\/wordpress\/wp-json\/wp\/v2\/product\/1333","targetHints":{"allow":["GET"]}}],"collection":[{"href":"https:\/\/lekarzeopole.pl\/wordpress\/wp-json\/wp\/v2\/product"}],"about":[{"href":"https:\/\/lekarzeopole.pl\/wordpress\/wp-json\/wp\/v2\/types\/product"}],"replies":[{"embeddable":true,"href":"https:\/\/lekarzeopole.pl\/wordpress\/wp-json\/wp\/v2\/comments?post=1333"}],"wp:featuredmedia":[{"embeddable":true,"href":"https:\/\/lekarzeopole.pl\/wordpress\/wp-json\/wp\/v2\/media\/1334"}],"wp:attachment":[{"href":"https:\/\/lekarzeopole.pl\/wordpress\/wp-json\/wp\/v2\/media?parent=1333"}],"wp:term":[{"taxonomy":"product_brand","embeddable":true,"href":"https:\/\/lekarzeopole.pl\/wordpress\/wp-json\/wp\/v2\/product_brand?post=1333"},{"taxonomy":"product_cat","embeddable":true,"href":"https:\/\/lekarzeopole.pl\/wordpress\/wp-json\/wp\/v2\/product_cat?post=1333"},{"taxonomy":"product_tag","embeddable":true,"href":"https:\/\/lekarzeopole.pl\/wordpress\/wp-json\/wp\/v2\/product_tag?post=1333"}],"curies":[{"name":"wp","href":"https:\/\/api.w.org\/{rel}","templated":true}]}}