{"id":1329,"date":"2025-09-24T09:08:00","date_gmt":"2025-09-24T09:08:00","guid":{"rendered":"https:\/\/lekarzeopole.pl\/wordpress\/?post_type=product&#038;p=1329"},"modified":"2025-09-24T09:08:01","modified_gmt":"2025-09-24T09:08:01","slug":"luna-sleep-patches","status":"publish","type":"product","link":"https:\/\/lekarzeopole.pl\/wordpress\/product\/luna-sleep-patches\/","title":{"rendered":"Luna Sleep Patches"},"content":{"rendered":"<p data-start=\"169\" data-end=\"808\">W dzisiejszym, pe\u0142nym po\u015bpiechu \u015bwiecie problemy ze snem dotykaj\u0105 coraz wi\u0119ksz\u0105 liczb\u0119 os\u00f3b. Stres, praca w trybie zmianowym, nadmierne korzystanie z urz\u0105dze\u0144 elektronicznych czy podr\u00f3\u017ce mi\u0119dzy strefami czasowymi sprawiaj\u0105, \u017ce bezsenno\u015b\u0107 i trudno\u015bci z regeneracj\u0105 staj\u0105 si\u0119 powszechnym wyzwaniem. Dlatego ro\u015bnie zainteresowanie naturalnymi metodami poprawy jako\u015bci snu. Jednym z nowoczesnych rozwi\u0105za\u0144 s\u0105 Luna Sleep Patches \u2013 innowacyjne plastry nasenne, kt\u00f3re dzi\u0119ki unikalnej kompozycji sk\u0142adnik\u00f3w wspieraj\u0105 g\u0142\u0119boki i spokojny sen, bez ryzyka uzale\u017cnienia czy efekt\u00f3w ubocznych typowych dla syntetycznych \u015brodk\u00f3w farmakologicznych.<\/p>\n<h2 data-start=\"815\" data-end=\"860\">Wskazania do stosowania Luna Sleep Patches<\/h2>\n<p data-start=\"862\" data-end=\"929\">Plastry Luna Sleep Patches powsta\u0142y z my\u015bl\u0105 o osobach, kt\u00f3re:<\/p>\n<ul data-start=\"931\" data-end=\"1437\">\n<li data-start=\"931\" data-end=\"1022\">\n<p data-start=\"933\" data-end=\"1022\"><strong data-start=\"933\" data-end=\"958\">cierpi\u0105 na bezsenno\u015b\u0107<\/strong> \u2013 zar\u00f3wno epizodyczn\u0105, zwi\u0105zan\u0105 ze stresem, jak i przewlek\u0142\u0105,<\/p>\n<\/li>\n<li data-start=\"1023\" data-end=\"1132\">\n<p data-start=\"1025\" data-end=\"1132\"><strong data-start=\"1025\" data-end=\"1065\">odczuwaj\u0105 nadmierne napi\u0119cie nerwowe<\/strong> lub zmagaj\u0105 si\u0119 z codziennym stresem, kt\u00f3ry utrudnia zasypianie,<\/p>\n<\/li>\n<li data-start=\"1133\" data-end=\"1204\">\n<p data-start=\"1135\" data-end=\"1204\"><strong data-start=\"1135\" data-end=\"1167\">pracuj\u0105 w systemie zmianowym<\/strong>, co zaburza naturalny rytm dobowy,<\/p>\n<\/li>\n<li data-start=\"1205\" data-end=\"1314\">\n<p data-start=\"1207\" data-end=\"1314\"><strong data-start=\"1207\" data-end=\"1247\">podr\u00f3\u017cuj\u0105 przez r\u00f3\u017cne strefy czasowe<\/strong> i chc\u0105 szybciej dostosowa\u0107 si\u0119 do zmienionego harmonogramu dnia,<\/p>\n<\/li>\n<li data-start=\"1315\" data-end=\"1437\">\n<p data-start=\"1317\" data-end=\"1437\"><strong data-start=\"1317\" data-end=\"1375\">potrzebuj\u0105 naturalnego wsparcia w procesie regeneracji<\/strong> organizmu po intensywnym wysi\u0142ku fizycznym lub psychicznym.<\/p>\n<\/li>\n<\/ul>\n<p data-start=\"1439\" data-end=\"1589\">Ich wygodna forma \u2013 dyskretny plaster przyklejany na sk\u00f3r\u0119 przed snem \u2013 sprawia, \u017ce to rozwi\u0105zanie jest proste i komfortowe w codziennym stosowaniu.<\/p>\n<h2 data-start=\"1596\" data-end=\"1646\">Sk\u0142ad i dzia\u0142anie sk\u0142adnik\u00f3w Luna Sleep Patches<\/h2>\n<p data-start=\"1648\" data-end=\"1777\">Sekret skuteczno\u015bci Luna Sleep Patches tkwi w starannie dobranych sk\u0142adnikach naturalnych, kt\u00f3re wzajemnie si\u0119 uzupe\u0142niaj\u0105.<\/p>\n<ol data-start=\"1779\" data-end=\"2766\">\n<li data-start=\"1779\" data-end=\"2108\">\n<p data-start=\"1782\" data-end=\"2108\"><strong data-start=\"1782\" data-end=\"1825\">Ekstrakt z melisy (Melissa officinalis)<\/strong><br data-start=\"1825\" data-end=\"1828\" \/>Melisa od wiek\u00f3w znana jest ze swojego dzia\u0142ania uspokajaj\u0105cego. Pomaga redukowa\u0107 napi\u0119cie nerwowe, koi emocje i przygotowuje organizm do naturalnego procesu zasypiania. Jej \u0142agodne w\u0142a\u015bciwo\u015bci relaksacyjne sprawiaj\u0105, \u017ce jest idealna dla os\u00f3b zestresowanych i nadpobudliwych.<\/p>\n<\/li>\n<li data-start=\"2110\" data-end=\"2426\">\n<p data-start=\"2113\" data-end=\"2426\"><strong data-start=\"2113\" data-end=\"2160\">Ekstrakt z lawendy (Lavandula angustifolia)<\/strong><br data-start=\"2160\" data-end=\"2163\" \/>Lawenda nie tylko relaksuje, ale tak\u017ce poprawia jako\u015b\u0107 snu. Jej olejki eteryczne maj\u0105 dzia\u0142anie koj\u0105ce, a przyjemny aromat u\u0142atwia wyciszenie przed snem. Badania potwierdzaj\u0105, \u017ce lawenda mo\u017ce redukowa\u0107 epizody wybudzania si\u0119 w nocy i poprawia\u0107 g\u0142\u0119boko\u015b\u0107 snu.<\/p>\n<\/li>\n<li data-start=\"2428\" data-end=\"2766\">\n<p data-start=\"2431\" data-end=\"2766\"><strong data-start=\"2431\" data-end=\"2445\">Melatonina<\/strong><br data-start=\"2445\" data-end=\"2448\" \/>To kluczowy regulator rytmu dobowego organizmu. Melatonina u\u0142atwia zasypianie, skraca czas potrzebny na wej\u015bcie w faz\u0119 snu i wspiera prawid\u0142ow\u0105 regeneracj\u0119 nocn\u0105. Dla os\u00f3b, kt\u00f3re zmagaj\u0105 si\u0119 z \u201erozregulowanym zegarem biologicznym\u201d, np. przez jet lag czy zmian\u0119 rytmu pracy, melatonina jest nieocenionym wsparciem.<\/p>\n<\/li>\n<\/ol>\n<p data-start=\"2768\" data-end=\"2938\">Po\u0142\u0105czenie tych sk\u0142adnik\u00f3w w jednej formule sprawia, \u017ce Luna Sleep Patches dzia\u0142aj\u0105 wielowymiarowo: uspokajaj\u0105, u\u0142atwiaj\u0105 zasypianie i poprawiaj\u0105 og\u00f3ln\u0105 jako\u015b\u0107 snu.<\/p>\n<p style=\"text-align: center;\" data-start=\"2768\" data-end=\"2938\"><a href=\"https:\/\/tl-track.com\/tracker\/vQSy\"><button>www.luna-sleep-patches.pl<\/button><\/a><\/p>\n<h2 data-start=\"2945\" data-end=\"2995\">Efekty Luna Sleep Patches i ich charakterystyka<\/h2>\n<p data-start=\"2997\" data-end=\"3068\">Regularne stosowanie Luna Sleep Patches przynosi szereg korzy\u015bci:<\/p>\n<ul data-start=\"3070\" data-end=\"3788\">\n<li data-start=\"3070\" data-end=\"3224\">\n<p data-start=\"3072\" data-end=\"3224\"><strong data-start=\"3072\" data-end=\"3094\">Szybsze zasypianie<\/strong> \u2013 sk\u0142adniki aktywne wnikaj\u0105 przez sk\u00f3r\u0119, stopniowo uwalniaj\u0105c si\u0119 do organizmu, co sprzyja szybszemu osi\u0105gni\u0119ciu stanu relaksu.<\/p>\n<\/li>\n<li data-start=\"3225\" data-end=\"3371\">\n<p data-start=\"3227\" data-end=\"3371\"><strong data-start=\"3227\" data-end=\"3258\">G\u0142\u0119bszy i spokojniejszy sen<\/strong> \u2013 zmniejszona liczba nocnych przebudze\u0144 oraz lepsza faza snu g\u0142\u0119bokiego wspomagaj\u0105 regeneracj\u0119 cia\u0142a i umys\u0142u.<\/p>\n<\/li>\n<li data-start=\"3372\" data-end=\"3528\">\n<p data-start=\"3374\" data-end=\"3528\"><strong data-start=\"3374\" data-end=\"3405\">Brak uczucia ot\u0119pienia rano<\/strong> \u2013 w przeciwie\u0144stwie do klasycznych lek\u00f3w nasennych, plastry nie powoduj\u0105 \u201eci\u0119\u017ckiej g\u0142owy\u201d czy ospa\u0142o\u015bci po przebudzeniu.<\/p>\n<\/li>\n<li data-start=\"3529\" data-end=\"3664\">\n<p data-start=\"3531\" data-end=\"3664\"><strong data-start=\"3531\" data-end=\"3552\">Wygoda stosowania<\/strong> \u2013 wystarczy przyklei\u0107 plaster na czyst\u0105 sk\u00f3r\u0119 przed snem, bez konieczno\u015bci przyjmowania tabletek czy napar\u00f3w.<\/p>\n<\/li>\n<li data-start=\"3665\" data-end=\"3788\">\n<p data-start=\"3667\" data-end=\"3788\"><strong data-start=\"3667\" data-end=\"3684\">Uniwersalno\u015b\u0107<\/strong> \u2013 odpowiednie zar\u00f3wno dla os\u00f3b m\u0142odszych, jak i starszych, kt\u00f3re chc\u0105 naturalnie poprawi\u0107 jako\u015b\u0107 snu.<\/p>\n<\/li>\n<\/ul>\n<p data-start=\"3790\" data-end=\"3867\">Efektem jest pe\u0142ne zregenerowanie organizmu i wi\u0119ksza energia w ci\u0105gu dnia.<\/p>\n<h2 data-start=\"3874\" data-end=\"3901\">Ryzyko skutk\u00f3w ubocznych<\/h2>\n<p data-start=\"3903\" data-end=\"4179\">Jedn\u0105 z najwi\u0119kszych zalet Luna Sleep Patches jest ich bezpiecze\u0144stwo stosowania. W przeciwie\u0144stwie do lek\u00f3w nasennych na recept\u0119, kt\u00f3re mog\u0105 uzale\u017cnia\u0107 lub powodowa\u0107 nieprzyjemne objawy uboczne, plastry oparte s\u0105 na naturalnych ekstraktach ro\u015blinnych i melatoninie.<\/p>\n<ul data-start=\"4181\" data-end=\"4566\">\n<li data-start=\"4181\" data-end=\"4265\">\n<p data-start=\"4183\" data-end=\"4265\"><strong data-start=\"4183\" data-end=\"4211\">Brak ryzyka uzale\u017cnienia<\/strong> \u2013 sk\u0142adniki nie powoduj\u0105 przyzwyczajenia organizmu.<\/p>\n<\/li>\n<li data-start=\"4266\" data-end=\"4445\">\n<p data-start=\"4268\" data-end=\"4445\"><strong data-start=\"4268\" data-end=\"4310\">Minimalne ryzyko dzia\u0142a\u0144 niepo\u017c\u0105danych<\/strong> \u2013 ze wzgl\u0119du na naturalny charakter formu\u0142y, reakcje uboczne s\u0105 rzadkie i ograniczaj\u0105 si\u0119 zwykle do indywidualnych alergii sk\u00f3rnych.<\/p>\n<\/li>\n<li data-start=\"4446\" data-end=\"4566\">\n<p data-start=\"4448\" data-end=\"4566\"><strong data-start=\"4448\" data-end=\"4483\">Mo\u017cliwo\u015b\u0107 stosowania codziennie<\/strong> \u2013 bez obaw o utrat\u0119 skuteczno\u015bci czy problemy zdrowotne w d\u0142u\u017cszej perspektywie.<\/p>\n<\/li>\n<\/ul>\n<p data-start=\"4568\" data-end=\"4686\">Dzi\u0119ki temu Luna Sleep Patches stanowi\u0105 bezpieczne rozwi\u0105zanie nawet dla os\u00f3b, kt\u00f3re chc\u0105 u\u017cywa\u0107 ich regularnie.<\/p>\n<h2 data-start=\"202\" data-end=\"268\">Opinie klient\u00f3w o Luna Sleep Patches: fora po\u015bwi\u0119cone zdrowiu<\/h2>\n<p data-start=\"270\" data-end=\"702\">W Polsce fora internetowe i grupy dyskusyjne dotycz\u0105ce zdrowia oraz naturalnych metod leczenia ciesz\u0105 si\u0119 ogromn\u0105 popularno\u015bci\u0105. U\u017cytkownicy ch\u0119tnie wymieniaj\u0105 si\u0119 swoimi do\u015bwiadczeniami zwi\u0105zanymi z suplementami, kosmetykami i produktami wspomagaj\u0105cymi zdrowy styl \u017cycia. W ostatnim czasie coraz cz\u0119\u015bciej mo\u017cna tam znale\u017a\u0107 w\u0105tki dotycz\u0105ce Luna Sleep Patches, co pokazuje rosn\u0105ce zainteresowanie tym innowacyjnym rozwi\u0105zaniem.<\/p>\n<p data-start=\"704\" data-end=\"1004\">Wi\u0119kszo\u015b\u0107 os\u00f3b, kt\u00f3re podzieli\u0142y si\u0119 opiniami, podkre\u015bla skuteczno\u015b\u0107 plastr\u00f3w, ich naturalny sk\u0142ad oraz wygodn\u0105 form\u0119 stosowania. Klienci zwracaj\u0105 uwag\u0119 na fakt, \u017ce Luna Sleep Patches s\u0105 \u0142atwo dost\u0119pne online, a przy tym bezpieczne i niedrogie w por\u00f3wnaniu do innych \u015brodk\u00f3w wspomagaj\u0105cych sen.<\/p>\n<p data-start=\"1006\" data-end=\"1027\"><strong>Przyk\u0142adowe opinie:<\/strong><\/p>\n<ol>\n<li data-start=\"1029\" data-end=\"1296\"><strong data-start=\"1029\" data-end=\"1056\">Anna, 34 lata, Wroc\u0142aw:<\/strong><br data-start=\"1056\" data-end=\"1059\" \/>\u201eOd lat mia\u0142am problem z zasypianiem po pracy na nocnej zmianie. Dzi\u0119ki Luna Sleep Patches wreszcie przesypiam ca\u0142e noce i budz\u0119 si\u0119 wypocz\u0119ta. Co wa\u017cne \u2013 bez uczucia ci\u0119\u017cko\u015bci rano. Polecam ka\u017cdemu, kto szuka naturalnego rozwi\u0105zania.\u201d<\/li>\n<li data-start=\"1298\" data-end=\"1561\"><strong data-start=\"1298\" data-end=\"1325\">Marek, 42 lata, Gda\u0144sk:<\/strong><br data-start=\"1325\" data-end=\"1328\" \/>\u201eWcze\u015bniej korzysta\u0142em z tabletek, kt\u00f3re dzia\u0142a\u0142y, ale \u017ale si\u0119 po nich czu\u0142em. Plastry to zupe\u0142nie inna jako\u015b\u0107 \u2013 naturalne, delikatne i naprawd\u0119 skuteczne. Ju\u017c po kilku dniach zauwa\u017cy\u0142em ogromn\u0105 popraw\u0119. To by\u0142 bardzo dobry zakup.\u201d<\/li>\n<\/ol>\n<h2 data-start=\"1568\" data-end=\"1602\">Spos\u00f3b podawania i dawkowanie<\/h2>\n<p data-start=\"1604\" data-end=\"1750\">Stosowanie Luna Sleep Patches jest wyj\u0105tkowo proste, co wyr\u00f3\u017cnia je na tle tradycyjnych preparat\u00f3w nasennych. Aby osi\u0105gn\u0105\u0107 najlepsze efekty:<\/p>\n<ol data-start=\"1752\" data-end=\"1962\">\n<li data-start=\"1752\" data-end=\"1810\">\n<p data-start=\"1755\" data-end=\"1810\">Przed snem nale\u017cy odklei\u0107 jeden plaster z opakowania.<\/p>\n<\/li>\n<li data-start=\"1811\" data-end=\"1910\">\n<p data-start=\"1814\" data-end=\"1910\">Naklei\u0107 go na czyst\u0105, such\u0105 i nieow\u0142osion\u0105 powierzchni\u0119 sk\u00f3ry \u2013 np. na rami\u0119, \u0142opatk\u0119 lub udo.<\/p>\n<\/li>\n<li data-start=\"1911\" data-end=\"1962\">\n<p data-start=\"1914\" data-end=\"1962\">Pozostawi\u0107 plaster na czas snu, a rano usun\u0105\u0107.<\/p>\n<\/li>\n<\/ol>\n<p data-start=\"1964\" data-end=\"2158\">Standardowe dawkowanie to jeden plaster dziennie przed snem. Producent podkre\u015bla, \u017ce regularne stosowanie wspomaga przywr\u00f3cenie naturalnego rytmu snu i pozwala uzyska\u0107 najlepsze rezultaty.<\/p>\n<h2 data-start=\"2165\" data-end=\"2208\">Kup teraz Luna Sleep Patches z dostaw\u0105<\/h2>\n<p data-start=\"2210\" data-end=\"2397\">Zakup Luna Sleep Patches jest prosty i ca\u0142kowicie bezpieczny. Wystarczy wej\u015b\u0107 na oficjaln\u0105 stron\u0119 producenta, wype\u0142ni\u0107 kr\u00f3tki formularz zam\u00f3wienia i potwierdzi\u0107 dane kontaktowe.<\/p>\n<ul data-start=\"2399\" data-end=\"2897\">\n<li data-start=\"2399\" data-end=\"2583\">\n<p data-start=\"2401\" data-end=\"2583\"><strong data-start=\"2401\" data-end=\"2420\">Brak przedp\u0142aty<\/strong> \u2013 klient nie musi p\u0142aci\u0107 z g\u00f3ry, zap\u0142ata nast\u0119puje dopiero przy odbiorze przesy\u0142ki. Dzi\u0119ki temu kupuj\u0105cy ma pewno\u015b\u0107, \u017ce otrzymuje oryginalny produkt bez ryzyka.<\/p>\n<\/li>\n<li data-start=\"2584\" data-end=\"2677\">\n<p data-start=\"2586\" data-end=\"2677\"><strong data-start=\"2586\" data-end=\"2604\">Szybka dostawa<\/strong> \u2013 przesy\u0142ka dociera w ci\u0105gu 3\u20134 dni roboczych na terenie ca\u0142ej Polski.<\/p>\n<\/li>\n<li data-start=\"2678\" data-end=\"2897\">\n<p data-start=\"2680\" data-end=\"2897\"><strong data-start=\"2680\" data-end=\"2704\">Kontakt telefoniczny<\/strong> \u2013 po z\u0142o\u017ceniu zam\u00f3wienia konsultant dzwoni, aby potwierdzi\u0107 szczeg\u00f3\u0142y i doradzi\u0107 w kwestii optymalnej ilo\u015bci produktu. Mo\u017ce te\u017c poinformowa\u0107 o dost\u0119pnych promocjach lub pakietach rabatowych.<\/p>\n<\/li>\n<\/ul>\n<p data-start=\"2899\" data-end=\"3004\">Taki system sprzeda\u017cy daje klientowi pe\u0142ne bezpiecze\u0144stwo i komfort, eliminuj\u0105c ryzyko zakupu podr\u00f3bek.<\/p>\n<p style=\"text-align: center;\" data-start=\"2899\" data-end=\"3004\"><a href=\"https:\/\/tl-track.com\/tracker\/vQSy\"><button>Zakup na stronie producenta (-50%)<\/button><\/a><\/p>\n<h2 data-start=\"3011\" data-end=\"3070\">Por\u00f3wnanie ofert: ceny i dost\u0119pno\u015b\u0107 Luna Sleep Patches<\/h2>\n<p data-start=\"3072\" data-end=\"3347\">Producent Luna Sleep Patches stawia na uczciw\u0105 i bezpo\u015bredni\u0105 dystrybucj\u0119. Plastry mo\u017cna kupi\u0107 wy\u0142\u0105cznie na oficjalnej stronie internetowej producenta. Oznacza to brak po\u015brednik\u00f3w i dodatkowych mar\u017c, kt\u00f3re cz\u0119sto podnosz\u0105 ceny w tradycyjnych kana\u0142ach sprzeda\u017cy.<\/p>\n<p data-start=\"3349\" data-end=\"3563\">Dlaczego nie znajdziemy ich w aptekach stacjonarnych? Producent \u015bwiadomie rezygnuje z dystrybucji przez sieci handlowe, aby utrzyma\u0107 przyst\u0119pne ceny i zagwarantowa\u0107 klientom dost\u0119p do oryginalnego produktu.<\/p>\n<ul data-start=\"3565\" data-end=\"3782\">\n<li data-start=\"3565\" data-end=\"3682\">\n<p data-start=\"3567\" data-end=\"3682\"><strong data-start=\"3567\" data-end=\"3588\">Promocje i rabaty<\/strong> \u2013 co pewien czas pojawiaj\u0105 si\u0119 specjalne oferty, np. obni\u017cki cenowe czy pakiety 2+1 gratis.<\/p>\n<\/li>\n<li data-start=\"3683\" data-end=\"3782\">\n<p data-start=\"3685\" data-end=\"3782\"><strong data-start=\"3685\" data-end=\"3706\">Aktualno\u015b\u0107 zni\u017cek<\/strong> \u2013 aby skorzysta\u0107 z promocji, warto regularnie sprawdza\u0107 oficjaln\u0105 stron\u0119.<\/p>\n<\/li>\n<\/ul>\n<p data-start=\"3784\" data-end=\"3883\">Dzi\u0119ki temu ka\u017cdy klient mo\u017ce by\u0107 pewien, \u017ce kupuje produkt w najlepszej cenie, bez przep\u0142acania.<\/p>\n","protected":false},"excerpt":{"rendered":"<p style=\"text-align: center;\"><a href=\"https:\/\/tl-track.com\/tracker\/vQSy\"><button>Kup teraz<\/button><\/a><\/p>\n<p>SKU: 190<span class=\"sku\">.121.108<\/span><\/p>\n<hr \/>\n<p><small>Produkt sprzedawany jest wy\u0142\u0105cznie za po\u015brednictwem oficjalnej strony producenta, id\u017a i kupuj bezpiecznie!<\/small><\/p>\n","protected":false},"featured_media":1330,"comment_status":"open","ping_status":"closed","template":"","meta":[],"product_brand":[],"product_cat":[15],"product_tag":[],"class_list":{"0":"post-1329","1":"product","2":"type-product","3":"status-publish","4":"has-post-thumbnail","6":"product_cat-supl","7":"thunk-woo-product-list","8":"opn-qv-enable","9":"top-store-woo-hover-","10":"top-store-single-product-tab-horizontal","11":"top-store-shadow-","12":"top-store-shadow-hover-","14":"first","15":"instock","16":"sale","17":"shipping-taxable","18":"purchasable","19":"product-type-simple"},"yoast_head":"<!-- This site is optimized with the Yoast SEO plugin v27.4 - https:\/\/yoast.com\/product\/yoast-seo-wordpress\/ -->\n<title>Luna Sleep Patches - kup suplement, cena w aptece, sk\u0142ad, dzia\u0142anie<\/title>\n<meta name=\"robots\" content=\"index, follow, max-snippet:-1, max-image-preview:large, max-video-preview:-1\" \/>\n<link rel=\"canonical\" href=\"https:\/\/lekarzeopole.pl\/wordpress\/product\/luna-sleep-patches\/\" \/>\n<meta property=\"og:locale\" content=\"pl_PL\" \/>\n<meta property=\"og:type\" content=\"article\" \/>\n<meta property=\"og:title\" content=\"Luna Sleep Patches - kup suplement, cena w aptece, sk\u0142ad, dzia\u0142anie\" \/>\n<meta property=\"og:description\" content=\"Kup teraz SKU: 190.121.108    Produkt sprzedawany jest wy\u0142\u0105cznie za po\u015brednictwem oficjalnej strony producenta, id\u017a i kupuj bezpiecznie!\" \/>\n<meta property=\"og:url\" content=\"https:\/\/lekarzeopole.pl\/wordpress\/product\/luna-sleep-patches\/\" \/>\n<meta property=\"og:site_name\" content=\"Lekarze Opole\" \/>\n<meta property=\"article:modified_time\" content=\"2025-09-24T09:08:01+00:00\" \/>\n<meta property=\"og:image\" content=\"https:\/\/lekarzeopole.pl\/wordpress\/wp-content\/uploads\/2025\/09\/luna-sleep-patches.png\" \/>\n\t<meta property=\"og:image:width\" content=\"400\" \/>\n\t<meta property=\"og:image:height\" content=\"400\" \/>\n\t<meta property=\"og:image:type\" content=\"image\/png\" \/>\n<meta name=\"twitter:card\" content=\"summary_large_image\" \/>\n<meta name=\"twitter:label1\" content=\"Szacowany czas czytania\" \/>\n\t<meta name=\"twitter:data1\" content=\"7 minut\" \/>\n<script type=\"application\/ld+json\" class=\"yoast-schema-graph\">{\"@context\":\"https:\\\/\\\/schema.org\",\"@graph\":[{\"@type\":\"WebPage\",\"@id\":\"https:\\\/\\\/lekarzeopole.pl\\\/wordpress\\\/product\\\/luna-sleep-patches\\\/\",\"url\":\"https:\\\/\\\/lekarzeopole.pl\\\/wordpress\\\/product\\\/luna-sleep-patches\\\/\",\"name\":\"Luna Sleep Patches - kup suplement, cena w aptece, sk\u0142ad, dzia\u0142anie\",\"isPartOf\":{\"@id\":\"https:\\\/\\\/lekarzeopole.pl\\\/wordpress\\\/#website\"},\"primaryImageOfPage\":{\"@id\":\"https:\\\/\\\/lekarzeopole.pl\\\/wordpress\\\/product\\\/luna-sleep-patches\\\/#primaryimage\"},\"image\":{\"@id\":\"https:\\\/\\\/lekarzeopole.pl\\\/wordpress\\\/product\\\/luna-sleep-patches\\\/#primaryimage\"},\"thumbnailUrl\":\"https:\\\/\\\/lekarzeopole.pl\\\/wordpress\\\/wp-content\\\/uploads\\\/2025\\\/09\\\/luna-sleep-patches.png\",\"datePublished\":\"2025-09-24T09:08:00+00:00\",\"dateModified\":\"2025-09-24T09:08:01+00:00\",\"breadcrumb\":{\"@id\":\"https:\\\/\\\/lekarzeopole.pl\\\/wordpress\\\/product\\\/luna-sleep-patches\\\/#breadcrumb\"},\"inLanguage\":\"pl-PL\",\"potentialAction\":[{\"@type\":\"ReadAction\",\"target\":[\"https:\\\/\\\/lekarzeopole.pl\\\/wordpress\\\/product\\\/luna-sleep-patches\\\/\"]}]},{\"@type\":\"ImageObject\",\"inLanguage\":\"pl-PL\",\"@id\":\"https:\\\/\\\/lekarzeopole.pl\\\/wordpress\\\/product\\\/luna-sleep-patches\\\/#primaryimage\",\"url\":\"https:\\\/\\\/lekarzeopole.pl\\\/wordpress\\\/wp-content\\\/uploads\\\/2025\\\/09\\\/luna-sleep-patches.png\",\"contentUrl\":\"https:\\\/\\\/lekarzeopole.pl\\\/wordpress\\\/wp-content\\\/uploads\\\/2025\\\/09\\\/luna-sleep-patches.png\",\"width\":400,\"height\":400,\"caption\":\"Luna Sleep Patches\"},{\"@type\":\"BreadcrumbList\",\"@id\":\"https:\\\/\\\/lekarzeopole.pl\\\/wordpress\\\/product\\\/luna-sleep-patches\\\/#breadcrumb\",\"itemListElement\":[{\"@type\":\"ListItem\",\"position\":1,\"name\":\"\u0413\u043b\u0430\u0432\u043d\u0430\u044f \u0441\u0442\u0440\u0430\u043d\u0438\u0446\u0430\",\"item\":\"https:\\\/\\\/lekarzeopole.pl\\\/wordpress\\\/\"},{\"@type\":\"ListItem\",\"position\":2,\"name\":\"Zakup\",\"item\":\"https:\\\/\\\/lekarzeopole.pl\\\/wordpress\\\/\"},{\"@type\":\"ListItem\",\"position\":3,\"name\":\"Luna Sleep Patches\"}]},{\"@type\":\"WebSite\",\"@id\":\"https:\\\/\\\/lekarzeopole.pl\\\/wordpress\\\/#website\",\"url\":\"https:\\\/\\\/lekarzeopole.pl\\\/wordpress\\\/\",\"name\":\"Lekarze Opole\",\"description\":\"\",\"potentialAction\":[{\"@type\":\"SearchAction\",\"target\":{\"@type\":\"EntryPoint\",\"urlTemplate\":\"https:\\\/\\\/lekarzeopole.pl\\\/wordpress\\\/?s={search_term_string}\"},\"query-input\":{\"@type\":\"PropertyValueSpecification\",\"valueRequired\":true,\"valueName\":\"search_term_string\"}}],\"inLanguage\":\"pl-PL\"}]}<\/script>\n<!-- \/ Yoast SEO plugin. -->","yoast_head_json":{"title":"Luna Sleep Patches - kup suplement, cena w aptece, sk\u0142ad, dzia\u0142anie","robots":{"index":"index","follow":"follow","max-snippet":"max-snippet:-1","max-image-preview":"max-image-preview:large","max-video-preview":"max-video-preview:-1"},"canonical":"https:\/\/lekarzeopole.pl\/wordpress\/product\/luna-sleep-patches\/","og_locale":"pl_PL","og_type":"article","og_title":"Luna Sleep Patches - kup suplement, cena w aptece, sk\u0142ad, dzia\u0142anie","og_description":"Kup teraz SKU: 190.121.108    Produkt sprzedawany jest wy\u0142\u0105cznie za po\u015brednictwem oficjalnej strony producenta, id\u017a i kupuj bezpiecznie!","og_url":"https:\/\/lekarzeopole.pl\/wordpress\/product\/luna-sleep-patches\/","og_site_name":"Lekarze Opole","article_modified_time":"2025-09-24T09:08:01+00:00","og_image":[{"width":400,"height":400,"url":"https:\/\/lekarzeopole.pl\/wordpress\/wp-content\/uploads\/2025\/09\/luna-sleep-patches.png","type":"image\/png"}],"twitter_card":"summary_large_image","twitter_misc":{"Szacowany czas czytania":"7 minut"},"schema":{"@context":"https:\/\/schema.org","@graph":[{"@type":"WebPage","@id":"https:\/\/lekarzeopole.pl\/wordpress\/product\/luna-sleep-patches\/","url":"https:\/\/lekarzeopole.pl\/wordpress\/product\/luna-sleep-patches\/","name":"Luna Sleep Patches - kup suplement, cena w aptece, sk\u0142ad, dzia\u0142anie","isPartOf":{"@id":"https:\/\/lekarzeopole.pl\/wordpress\/#website"},"primaryImageOfPage":{"@id":"https:\/\/lekarzeopole.pl\/wordpress\/product\/luna-sleep-patches\/#primaryimage"},"image":{"@id":"https:\/\/lekarzeopole.pl\/wordpress\/product\/luna-sleep-patches\/#primaryimage"},"thumbnailUrl":"https:\/\/lekarzeopole.pl\/wordpress\/wp-content\/uploads\/2025\/09\/luna-sleep-patches.png","datePublished":"2025-09-24T09:08:00+00:00","dateModified":"2025-09-24T09:08:01+00:00","breadcrumb":{"@id":"https:\/\/lekarzeopole.pl\/wordpress\/product\/luna-sleep-patches\/#breadcrumb"},"inLanguage":"pl-PL","potentialAction":[{"@type":"ReadAction","target":["https:\/\/lekarzeopole.pl\/wordpress\/product\/luna-sleep-patches\/"]}]},{"@type":"ImageObject","inLanguage":"pl-PL","@id":"https:\/\/lekarzeopole.pl\/wordpress\/product\/luna-sleep-patches\/#primaryimage","url":"https:\/\/lekarzeopole.pl\/wordpress\/wp-content\/uploads\/2025\/09\/luna-sleep-patches.png","contentUrl":"https:\/\/lekarzeopole.pl\/wordpress\/wp-content\/uploads\/2025\/09\/luna-sleep-patches.png","width":400,"height":400,"caption":"Luna Sleep Patches"},{"@type":"BreadcrumbList","@id":"https:\/\/lekarzeopole.pl\/wordpress\/product\/luna-sleep-patches\/#breadcrumb","itemListElement":[{"@type":"ListItem","position":1,"name":"\u0413\u043b\u0430\u0432\u043d\u0430\u044f \u0441\u0442\u0440\u0430\u043d\u0438\u0446\u0430","item":"https:\/\/lekarzeopole.pl\/wordpress\/"},{"@type":"ListItem","position":2,"name":"Zakup","item":"https:\/\/lekarzeopole.pl\/wordpress\/"},{"@type":"ListItem","position":3,"name":"Luna Sleep Patches"}]},{"@type":"WebSite","@id":"https:\/\/lekarzeopole.pl\/wordpress\/#website","url":"https:\/\/lekarzeopole.pl\/wordpress\/","name":"Lekarze Opole","description":"","potentialAction":[{"@type":"SearchAction","target":{"@type":"EntryPoint","urlTemplate":"https:\/\/lekarzeopole.pl\/wordpress\/?s={search_term_string}"},"query-input":{"@type":"PropertyValueSpecification","valueRequired":true,"valueName":"search_term_string"}}],"inLanguage":"pl-PL"}]}},"_links":{"self":[{"href":"https:\/\/lekarzeopole.pl\/wordpress\/wp-json\/wp\/v2\/product\/1329","targetHints":{"allow":["GET"]}}],"collection":[{"href":"https:\/\/lekarzeopole.pl\/wordpress\/wp-json\/wp\/v2\/product"}],"about":[{"href":"https:\/\/lekarzeopole.pl\/wordpress\/wp-json\/wp\/v2\/types\/product"}],"replies":[{"embeddable":true,"href":"https:\/\/lekarzeopole.pl\/wordpress\/wp-json\/wp\/v2\/comments?post=1329"}],"wp:featuredmedia":[{"embeddable":true,"href":"https:\/\/lekarzeopole.pl\/wordpress\/wp-json\/wp\/v2\/media\/1330"}],"wp:attachment":[{"href":"https:\/\/lekarzeopole.pl\/wordpress\/wp-json\/wp\/v2\/media?parent=1329"}],"wp:term":[{"taxonomy":"product_brand","embeddable":true,"href":"https:\/\/lekarzeopole.pl\/wordpress\/wp-json\/wp\/v2\/product_brand?post=1329"},{"taxonomy":"product_cat","embeddable":true,"href":"https:\/\/lekarzeopole.pl\/wordpress\/wp-json\/wp\/v2\/product_cat?post=1329"},{"taxonomy":"product_tag","embeddable":true,"href":"https:\/\/lekarzeopole.pl\/wordpress\/wp-json\/wp\/v2\/product_tag?post=1329"}],"curies":[{"name":"wp","href":"https:\/\/api.w.org\/{rel}","templated":true}]}}