{"id":1322,"date":"2025-06-13T13:32:17","date_gmt":"2025-06-13T13:32:17","guid":{"rendered":"https:\/\/lekarzeopole.pl\/wordpress\/?post_type=product&#038;p=1322"},"modified":"2025-09-24T10:32:17","modified_gmt":"2025-09-24T10:32:17","slug":"urosilan","status":"publish","type":"product","link":"https:\/\/lekarzeopole.pl\/wordpress\/product\/urosilan\/","title":{"rendered":"Urosilan"},"content":{"rendered":"<p data-start=\"269\" data-end=\"798\">Coraz wi\u0119cej m\u0119\u017cczyzn w r\u00f3\u017cnym wieku boryka si\u0119 z dolegliwo\u015bciami uk\u0142adu moczowo-p\u0142ciowego, w tym z problemami prostaty. Poszukiwanie skutecznych, ale jednocze\u015bnie bezpiecznych rozwi\u0105za\u0144, prowadzi do naturalnych preparat\u00f3w, kt\u00f3re dzi\u0119ki starannie dobranym sk\u0142adnikom mog\u0105 przynie\u015b\u0107 ulg\u0119 i popraw\u0119 jako\u015bci \u017cycia. Jednym z takich produkt\u00f3w jest <strong data-start=\"612\" data-end=\"624\">Urosilan<\/strong> \u2013 innowacyjne kapsu\u0142ki zawieraj\u0105ce m.in. <em data-start=\"666\" data-end=\"682\">Palm\u0119 saba\u0142ow\u0105<\/em>, <em data-start=\"684\" data-end=\"705\">ekstrakt z \u017curawiny<\/em> i <em data-start=\"708\" data-end=\"717\">likopen<\/em>. Jak dzia\u0142aj\u0105? Dla kogo s\u0105 przeznaczone? Czy s\u0105 bezpieczne? Odpowiadamy poni\u017cej.<\/p>\n<hr data-start=\"800\" data-end=\"803\" \/>\n<h2 data-start=\"805\" data-end=\"840\">Wskazania do stosowania Urosilan<\/h2>\n<p data-start=\"842\" data-end=\"1045\">Urosilan to kapsu\u0142ki dedykowane m\u0119\u017cczyznom, kt\u00f3rzy chc\u0105 zadba\u0107 o zdrowie prostaty oraz wspom\u00f3c prawid\u0142owe funkcjonowanie uk\u0142adu moczowego. Szczeg\u00f3lnie zalecane s\u0105 dla os\u00f3b odczuwaj\u0105cych objawy takie jak:<\/p>\n<ul data-start=\"1047\" data-end=\"1270\">\n<li data-start=\"1047\" data-end=\"1097\">\n<p data-start=\"1049\" data-end=\"1097\">cz\u0119ste oddawanie moczu, tak\u017ce w nocy (nykturia),<\/p>\n<\/li>\n<li data-start=\"1098\" data-end=\"1132\">\n<p data-start=\"1100\" data-end=\"1132\">trudno\u015bci z rozpocz\u0119ciem mikcji,<\/p>\n<\/li>\n<li data-start=\"1133\" data-end=\"1171\">\n<p data-start=\"1135\" data-end=\"1171\">s\u0142aby lub przerywany strumie\u0144 moczu,<\/p>\n<\/li>\n<li data-start=\"1172\" data-end=\"1214\">\n<p data-start=\"1174\" data-end=\"1214\">uczucie niepe\u0142nego opr\u00f3\u017cnienia p\u0119cherza,<\/p>\n<\/li>\n<li data-start=\"1215\" data-end=\"1270\">\n<p data-start=\"1217\" data-end=\"1270\">b\u00f3le i dyskomfort w dolnej cz\u0119\u015bci brzucha lub kroczu.<\/p>\n<\/li>\n<\/ul>\n<p data-start=\"1272\" data-end=\"1651\">Kapsu\u0142ki Urosilan mog\u0105 by\u0107 tak\u017ce stosowane profilaktycznie przez m\u0119\u017cczyzn po 40. roku \u017cycia, kiedy wzrasta ryzyko problem\u00f3w z prostat\u0105, jak r\u00f3wnie\u017c przez osoby prowadz\u0105ce siedz\u0105cy tryb \u017cycia, z nadwag\u0105, obci\u0105\u017cone genetycznie lub nara\u017cone na przewlek\u0142y stres. Regularna suplementacja sprzyja zachowaniu zdrowia prostaty, a naturalne sk\u0142adniki wspieraj\u0105 ca\u0142y uk\u0142ad moczowo-p\u0142ciowy.<\/p>\n<hr data-start=\"1653\" data-end=\"1656\" \/>\n<h2 data-start=\"1658\" data-end=\"1698\">Sk\u0142ad i dzia\u0142anie sk\u0142adnik\u00f3w Urosilan<\/h2>\n<p data-start=\"1700\" data-end=\"1861\">Si\u0142\u0105 Urosilan jest kompozycja naturalnych, aktywnych substancji, znanych z dobroczynnego wp\u0142ywu na uk\u0142ad moczowo-p\u0142ciowy i zdrowie m\u0119\u017cczyzn. G\u0142\u00f3wne sk\u0142adniki to:<\/p>\n<h3 data-start=\"1863\" data-end=\"1898\">Palma saba\u0142owa (Serenoa repens)<\/h3>\n<p data-start=\"1900\" data-end=\"2333\">Ekstrakt z palmy saba\u0142owej od lat stosowany jest w leczeniu \u0142agodnego przerostu gruczo\u0142u krokowego (BPH). Zwi\u0105zki zawarte w tej ro\u015blinie hamuj\u0105 dzia\u0142anie enzymu 5-alfa-reduktazy, kt\u00f3ry odpowiada za przekszta\u0142canie testosteronu w dihydrotestosteron \u2013 hormon sprzyjaj\u0105cy powi\u0119kszaniu prostaty. Palma saba\u0142owa wykazuje tak\u017ce w\u0142a\u015bciwo\u015bci przeciwzapalne, \u0142agodzi b\u00f3l oraz poprawia przep\u0142yw moczu, redukuj\u0105c cz\u0119stotliwo\u015b\u0107 wizyt w toalecie.<\/p>\n<h3 data-start=\"2335\" data-end=\"2358\">Ekstrakt z \u017curawiny<\/h3>\n<p data-start=\"2360\" data-end=\"2764\">\u017burawina to \u017ar\u00f3d\u0142o proantocyjanidyn \u2013 zwi\u0105zk\u00f3w, kt\u00f3re chroni\u0105 \u015bluz\u00f3wk\u0119 dr\u00f3g moczowych przed kolonizacj\u0105 bakterii, zw\u0142aszcza Escherichia coli, odpowiedzialnych za infekcje uk\u0142adu moczowego. Ekstrakt z \u017curawiny dzia\u0142a r\u00f3wnie\u017c jako silny przeciwutleniacz, wspieraj\u0105c odporno\u015b\u0107 organizmu i przyczyniaj\u0105c si\u0119 do zmniejszenia stan\u00f3w zapalnych. Regularne stosowanie \u017curawiny sprzyja zdrowiu prostaty i p\u0119cherza.<\/p>\n<h3 data-start=\"2766\" data-end=\"2777\">Likopen<\/h3>\n<p data-start=\"2779\" data-end=\"3195\">Likopen to naturalny barwnik z grupy karotenoid\u00f3w, obecny m.in. w pomidorach. Jest jednym z najsilniejszych antyoksydant\u00f3w, chroni\u0105cych kom\u00f3rki przed stresem oksydacyjnym i uszkodzeniem DNA. Badania wskazuj\u0105, \u017ce likopen zmniejsza ryzyko rozwoju chor\u00f3b prostaty, w tym \u0142agodnego przerostu i nowotwor\u00f3w. W Urosilan likopen wspiera dzia\u0142anie pozosta\u0142ych sk\u0142adnik\u00f3w, tworz\u0105c synergiczny efekt ochrony gruczo\u0142u krokowego.<\/p>\n<p data-start=\"3197\" data-end=\"3361\">W sk\u0142adzie Urosilan znajdziesz tak\u017ce inne naturalne ekstrakty ro\u015blinne i substancje wzmacniaj\u0105ce og\u00f3ln\u0105 odporno\u015b\u0107 organizmu oraz usprawniaj\u0105ce procesy metaboliczne.<\/p>\n<p style=\"text-align: center;\" data-start=\"3197\" data-end=\"3361\"><a href=\"https:\/\/tl-track.com\/tracker\/vQS4\"><button>www.urosilan.pl<\/button><\/a><\/p>\n<hr data-start=\"3363\" data-end=\"3366\" \/>\n<h2 data-start=\"3368\" data-end=\"3408\">Efekty Urosilan i ich charakterystyka<\/h2>\n<p data-start=\"3410\" data-end=\"3562\">Systematyczne stosowanie kapsu\u0142ek Urosilan przynosi zauwa\u017calne korzy\u015bci w r\u00f3\u017cnych aspektach zdrowia m\u0119\u017cczyzn. Do najcz\u0119\u015bciej zg\u0142aszanych efekt\u00f3w nale\u017c\u0105:<\/p>\n<ul data-start=\"3564\" data-end=\"4167\">\n<li data-start=\"3564\" data-end=\"3689\">\n<p data-start=\"3566\" data-end=\"3689\"><strong data-start=\"3566\" data-end=\"3609\">Zmniejszenie objaw\u00f3w przerostu prostaty<\/strong> \u2013 \u0142agodzenie trudno\u015bci z oddawaniem moczu, redukcja b\u00f3lu i uczucia dyskomfortu.<\/p>\n<\/li>\n<li data-start=\"3690\" data-end=\"3784\">\n<p data-start=\"3692\" data-end=\"3784\"><strong data-start=\"3692\" data-end=\"3726\">Poprawa komfortu \u017cycia nocnego<\/strong> \u2013 ograniczenie konieczno\u015bci nocnego wstawania do toalety.<\/p>\n<\/li>\n<li data-start=\"3785\" data-end=\"3924\">\n<p data-start=\"3787\" data-end=\"3924\"><strong data-start=\"3787\" data-end=\"3836\">Wsparcie naturalnych proces\u00f3w odporno\u015bciowych<\/strong> \u2013 antyoksydanty i przeciwzapalne w\u0142a\u015bciwo\u015bci sk\u0142adnik\u00f3w obni\u017caj\u0105 podatno\u015b\u0107 na infekcje.<\/p>\n<\/li>\n<li data-start=\"3925\" data-end=\"4068\">\n<p data-start=\"3927\" data-end=\"4068\"><strong data-start=\"3927\" data-end=\"3969\">Dzia\u0142anie ochronne na kom\u00f3rki prostaty<\/strong> \u2013 sk\u0142adniki Urosilan zabezpieczaj\u0105 przed stresem oksydacyjnym, spowalniaj\u0105c procesy degeneracyjne.<\/p>\n<\/li>\n<li data-start=\"4069\" data-end=\"4167\">\n<p data-start=\"4071\" data-end=\"4167\"><strong data-start=\"4071\" data-end=\"4106\">Wspomaganie funkcji seksualnych<\/strong> \u2013 poprzez popraw\u0119 mikrokr\u0105\u017cenia i obni\u017cenie stanu zapalnego.<\/p>\n<\/li>\n<\/ul>\n<p data-start=\"4169\" data-end=\"4364\">Wielu u\u017cytkownik\u00f3w Urosilan podkre\u015bla, \u017ce poprawa jest odczuwalna ju\u017c po kilku tygodniach regularnej suplementacji, a d\u0142ugotrwa\u0142e stosowanie przynosi stabilizacj\u0119 i wsparcie dla zdrowia prostaty.<\/p>\n<hr data-start=\"4366\" data-end=\"4369\" \/>\n<h2 data-start=\"4371\" data-end=\"4398\">Ryzyko skutk\u00f3w ubocznych<\/h2>\n<p data-start=\"4400\" data-end=\"4716\">Jednym z najwi\u0119kszych atut\u00f3w Urosilan jest jego naturalny sk\u0142ad, pozbawiony syntetycznych dodatk\u00f3w i szkodliwych substancji chemicznych. Dzi\u0119ki temu ryzyko wyst\u0105pienia skutk\u00f3w ubocznych jest minimalne. Preparat nie powoduje uzale\u017cnienia, nie obci\u0105\u017ca w\u0105troby ani nerek, nie wp\u0142ywa negatywnie na gospodark\u0119 hormonaln\u0105.<\/p>\n<p data-start=\"4718\" data-end=\"4974\">W bardzo rzadkich przypadkach mog\u0105 pojawi\u0107 si\u0119 \u0142agodne dolegliwo\u015bci \u017co\u0142\u0105dkowo-jelitowe u os\u00f3b nadwra\u017cliwych na kt\u00f3ry\u015b ze sk\u0142adnik\u00f3w. Przed rozpocz\u0119ciem kuracji warto zapozna\u0107 si\u0119 z pe\u0142nym sk\u0142adem preparatu i w razie w\u0105tpliwo\u015bci skonsultowa\u0107 si\u0119 z lekarzem.<\/p>\n<h2 data-start=\"76\" data-end=\"130\">Opinie klient\u00f3w o Urosilan: fora po\u015bwi\u0119cone zdrowiu<\/h2>\n<p data-start=\"132\" data-end=\"755\">W ostatnich latach internetowe fora zdrowotne w Polsce sta\u0142y si\u0119 prawdziw\u0105 skarbnic\u0105 wiedzy i miejscem wymiany do\u015bwiadcze\u0144 pomi\u0119dzy osobami zmagaj\u0105cymi si\u0119 z r\u00f3\u017cnymi dolegliwo\u015bciami. Jednym z coraz cz\u0119\u015bciej poruszanych temat\u00f3w jest <strong data-start=\"364\" data-end=\"376\">Urosilan<\/strong> \u2013 naturalny preparat wspieraj\u0105cy zdrowie prostaty. Popularno\u015b\u0107 tego produktu szybko ro\u015bnie, co znajduje odzwierciedlenie w licznych komentarzach i recenzjach u\u017cytkownik\u00f3w. Wi\u0119kszo\u015b\u0107 os\u00f3b, kt\u00f3re zdecydowa\u0142y si\u0119 na zakup kapsu\u0142ek Urosilan, opisuje jego pozytywne dzia\u0142anie, podkre\u015blaj\u0105c zar\u00f3wno skuteczno\u015b\u0107, jak i \u0142atw\u0105 dost\u0119pno\u015b\u0107 preparatu online. Oto przyk\u0142adowe opinie z for\u00f3w:<\/p>\n<ol>\n<li data-start=\"757\" data-end=\"1025\"><strong data-start=\"757\" data-end=\"786\">Marek, 52 lata, Warszawa:<\/strong><br data-start=\"786\" data-end=\"789\" \/>&#8222;Po kilku tygodniach stosowania Urosilan zauwa\u017cy\u0142em znaczn\u0105 popraw\u0119. Przesta\u0142em tak cz\u0119sto wstawa\u0107 w nocy do toalety, znikn\u0119\u0142o te\u017c uczucie ci\u0105g\u0142ego dyskomfortu. Doceniam, \u017ce sk\u0142ad jest naturalny, a preparat zamawia si\u0119 wygodnie online.&#8221;<\/li>\n<li data-start=\"1027\" data-end=\"1299\"><strong data-start=\"1027\" data-end=\"1054\">Janusz, 47 lat, Pozna\u0144:<\/strong><br data-start=\"1054\" data-end=\"1057\" \/>&#8222;Na forum polecono mi Urosilan, bo mia\u0142em typowe objawy powi\u0119kszonej prostaty. Kapsu\u0142ki dzia\u0142aj\u0105 \u0142agodnie, bez \u017cadnych skutk\u00f3w ubocznych, a ju\u017c po miesi\u0105cu widzia\u0142em efekty. Plusem jest te\u017c szybka dostawa i mo\u017cliwo\u015b\u0107 p\u0142atno\u015bci przy odbiorze.&#8221;<\/li>\n<\/ol>\n<hr data-start=\"1301\" data-end=\"1304\" \/>\n<h2 data-start=\"1306\" data-end=\"1338\">Spos\u00f3b podawania i dawkowanie<\/h2>\n<p data-start=\"1340\" data-end=\"1801\">Stosowanie Urosilan jest bardzo proste i wygodne. Zaleca si\u0119 przyjmowanie jednej kapsu\u0142ki dwa razy dziennie \u2013 najlepiej rano i wieczorem, popijaj\u0105c du\u017c\u0105 ilo\u015bci\u0105 wody. Regularno\u015b\u0107 jest kluczowa, aby uzyska\u0107 pe\u0142ni\u0119 efekt\u00f3w kuracji. Minimalny zalecany czas stosowania to 30 dni, jednak dla utrwalenia efekt\u00f3w oraz d\u0142ugofalowej ochrony zdrowia prostaty warto rozwa\u017cy\u0107 d\u0142u\u017csz\u0105 suplementacj\u0119. Preparat jest odpowiedni do codziennego stosowania, tak\u017ce profilaktycznie.<\/p>\n<hr data-start=\"1803\" data-end=\"1806\" \/>\n<h2 data-start=\"1808\" data-end=\"1839\">Kup teraz Urosilan z dostaw\u0105<\/h2>\n<p data-start=\"1841\" data-end=\"2220\">Zakup Urosilan jest niezwykle prosty i ca\u0142kowicie bezpieczny. Zam\u00f3wienie mo\u017cna z\u0142o\u017cy\u0107 przez oficjaln\u0105 stron\u0119 internetow\u0105 producenta, bez konieczno\u015bci wychodzenia z domu. Co wa\u017cne \u2013 nie trzeba op\u0142aca\u0107 produktu z g\u00f3ry. <strong data-start=\"2058\" data-end=\"2116\">P\u0142atno\u015b\u0107 realizowana jest dopiero przy odbiorze paczki<\/strong>, co daje pewno\u015b\u0107, \u017ce klient otrzymuje oryginalny, pe\u0142nowarto\u015bciowy produkt bez ryzyka utraty pieni\u0119dzy.<\/p>\n<p data-start=\"2222\" data-end=\"2605\">Dostawa na terenie ca\u0142ej Polski trwa zazwyczaj <strong data-start=\"2269\" data-end=\"2288\">3-4 dni robocze<\/strong>. Po z\u0142o\u017ceniu zam\u00f3wienia kontaktuje si\u0119 telefonicznie wykwalifikowany specjalista, kt\u00f3ry potwierdza zam\u00f3wienie, mo\u017ce doradzi\u0107 w kwestii dawkowania, a tak\u017ce poinformowa\u0107 o aktualnych promocjach i rabatach. Dzi\u0119ki temu ka\u017cdy klient ma pewno\u015b\u0107, \u017ce zamawia bezpo\u015brednio u producenta, z gwarancj\u0105 jako\u015bci i autentyczno\u015bci.<\/p>\n<p style=\"text-align: center;\" data-start=\"2222\" data-end=\"2605\"><a href=\"https:\/\/tl-track.com\/tracker\/vQS4\"><button>Zakup na stronie producenta (-50%)<\/button><\/a><\/p>\n<hr data-start=\"2607\" data-end=\"2610\" \/>\n<h2 data-start=\"2612\" data-end=\"2659\">Por\u00f3wnanie ofert: ceny i dost\u0119pno\u015b\u0107 Urosilan<\/h2>\n<p data-start=\"2661\" data-end=\"3002\">Producent Urosilan stawia na przejrzysto\u015b\u0107 i maksymaln\u0105 dost\u0119pno\u015b\u0107 dla wszystkich zainteresowanych popraw\u0105 zdrowia prostaty. Dlatego kapsu\u0142ki mo\u017cna zam\u00f3wi\u0107 <strong data-start=\"2817\" data-end=\"2876\">wy\u0142\u0105cznie na oficjalnej stronie internetowej producenta<\/strong>, bez po\u015brednik\u00f3w i dodatkowych mar\u017c aptecznych. Dzi\u0119ki temu cena preparatu jest zawsze konkurencyjna i korzystna dla klienta.<\/p>\n<p data-start=\"3004\" data-end=\"3436\">Dodatkow\u0105 zalet\u0105 s\u0105 regularne <strong data-start=\"3034\" data-end=\"3055\">promocje i zni\u017cki<\/strong>, kt\u00f3re mo\u017cna znale\u017a\u0107 bezpo\u015brednio na stronie. Warto regularnie sprawdza\u0107 aktualno\u015b\u0107 ofert promocyjnych, poniewa\u017c liczba zestaw\u00f3w w obni\u017conej cenie jest zwykle ograniczona. W\u0142a\u015bnie dlatego <strong data-start=\"3244\" data-end=\"3299\">Urosilan nie jest dost\u0119pny w stacjonarnych aptekach<\/strong> \u2013 producent dba o jako\u015b\u0107 i kontrol\u0119 nad dystrybucj\u0105, eliminuj\u0105c ryzyko podr\u00f3bek i zapewniaj\u0105c klientom najkorzystniejsze warunki zakupu.<\/p>\n","protected":false},"excerpt":{"rendered":"<p style=\"text-align: center;\"><a href=\"https:\/\/tl-track.com\/tracker\/vQS4\"><button>Kup teraz<\/button><\/a><\/p>\n<p>SKU: 110<span class=\"sku\">.101.107<\/span><\/p>\n<hr \/>\n<p><small>Produkt sprzedawany jest wy\u0142\u0105cznie za po\u015brednictwem oficjalnej strony producenta, id\u017a i kupuj bezpiecznie!<\/small><\/p>\n","protected":false},"featured_media":1323,"comment_status":"open","ping_status":"closed","template":"","meta":[],"product_brand":[],"product_cat":[15],"product_tag":[],"class_list":{"0":"post-1322","1":"product","2":"type-product","3":"status-publish","4":"has-post-thumbnail","6":"product_cat-supl","7":"thunk-woo-product-list","8":"opn-qv-enable","9":"top-store-woo-hover-","10":"top-store-single-product-tab-horizontal","11":"top-store-shadow-","12":"top-store-shadow-hover-","14":"first","15":"instock","16":"sale","17":"shipping-taxable","18":"purchasable","19":"product-type-simple"},"yoast_head":"<!-- This site is optimized with the Yoast SEO plugin v27.4 - https:\/\/yoast.com\/product\/yoast-seo-wordpress\/ -->\n<title>Urosilan - kup suplement, cena w aptece, sk\u0142ad, dzia\u0142anie<\/title>\n<meta name=\"robots\" content=\"index, follow, max-snippet:-1, max-image-preview:large, max-video-preview:-1\" \/>\n<link rel=\"canonical\" href=\"https:\/\/lekarzeopole.pl\/wordpress\/product\/urosilan\/\" \/>\n<meta property=\"og:locale\" content=\"pl_PL\" \/>\n<meta property=\"og:type\" content=\"article\" \/>\n<meta property=\"og:title\" content=\"Urosilan - kup suplement, cena w aptece, sk\u0142ad, dzia\u0142anie\" \/>\n<meta property=\"og:description\" content=\"Kup teraz SKU: 110.101.107    Produkt sprzedawany jest wy\u0142\u0105cznie za po\u015brednictwem oficjalnej strony producenta, id\u017a i kupuj bezpiecznie!\" \/>\n<meta property=\"og:url\" content=\"https:\/\/lekarzeopole.pl\/wordpress\/product\/urosilan\/\" \/>\n<meta property=\"og:site_name\" content=\"Lekarze Opole\" \/>\n<meta property=\"article:modified_time\" content=\"2025-09-24T10:32:17+00:00\" \/>\n<meta property=\"og:image\" content=\"https:\/\/lekarzeopole.pl\/wordpress\/wp-content\/uploads\/2025\/06\/urosilan.jpg\" \/>\n\t<meta property=\"og:image:width\" content=\"1200\" \/>\n\t<meta property=\"og:image:height\" content=\"1227\" \/>\n\t<meta property=\"og:image:type\" content=\"image\/jpeg\" \/>\n<meta name=\"twitter:card\" content=\"summary_large_image\" \/>\n<meta name=\"twitter:label1\" content=\"Szacowany czas czytania\" \/>\n\t<meta name=\"twitter:data1\" content=\"7 minut\" \/>\n<script type=\"application\/ld+json\" class=\"yoast-schema-graph\">{\"@context\":\"https:\\\/\\\/schema.org\",\"@graph\":[{\"@type\":\"WebPage\",\"@id\":\"https:\\\/\\\/lekarzeopole.pl\\\/wordpress\\\/product\\\/urosilan\\\/\",\"url\":\"https:\\\/\\\/lekarzeopole.pl\\\/wordpress\\\/product\\\/urosilan\\\/\",\"name\":\"Urosilan - kup suplement, cena w aptece, sk\u0142ad, dzia\u0142anie\",\"isPartOf\":{\"@id\":\"https:\\\/\\\/lekarzeopole.pl\\\/wordpress\\\/#website\"},\"primaryImageOfPage\":{\"@id\":\"https:\\\/\\\/lekarzeopole.pl\\\/wordpress\\\/product\\\/urosilan\\\/#primaryimage\"},\"image\":{\"@id\":\"https:\\\/\\\/lekarzeopole.pl\\\/wordpress\\\/product\\\/urosilan\\\/#primaryimage\"},\"thumbnailUrl\":\"https:\\\/\\\/lekarzeopole.pl\\\/wordpress\\\/wp-content\\\/uploads\\\/2025\\\/06\\\/urosilan.jpg\",\"datePublished\":\"2025-06-13T13:32:17+00:00\",\"dateModified\":\"2025-09-24T10:32:17+00:00\",\"breadcrumb\":{\"@id\":\"https:\\\/\\\/lekarzeopole.pl\\\/wordpress\\\/product\\\/urosilan\\\/#breadcrumb\"},\"inLanguage\":\"pl-PL\",\"potentialAction\":[{\"@type\":\"ReadAction\",\"target\":[\"https:\\\/\\\/lekarzeopole.pl\\\/wordpress\\\/product\\\/urosilan\\\/\"]}]},{\"@type\":\"ImageObject\",\"inLanguage\":\"pl-PL\",\"@id\":\"https:\\\/\\\/lekarzeopole.pl\\\/wordpress\\\/product\\\/urosilan\\\/#primaryimage\",\"url\":\"https:\\\/\\\/lekarzeopole.pl\\\/wordpress\\\/wp-content\\\/uploads\\\/2025\\\/06\\\/urosilan.jpg\",\"contentUrl\":\"https:\\\/\\\/lekarzeopole.pl\\\/wordpress\\\/wp-content\\\/uploads\\\/2025\\\/06\\\/urosilan.jpg\",\"width\":1200,\"height\":1227,\"caption\":\"Urosilan\"},{\"@type\":\"BreadcrumbList\",\"@id\":\"https:\\\/\\\/lekarzeopole.pl\\\/wordpress\\\/product\\\/urosilan\\\/#breadcrumb\",\"itemListElement\":[{\"@type\":\"ListItem\",\"position\":1,\"name\":\"\u0413\u043b\u0430\u0432\u043d\u0430\u044f \u0441\u0442\u0440\u0430\u043d\u0438\u0446\u0430\",\"item\":\"https:\\\/\\\/lekarzeopole.pl\\\/wordpress\\\/\"},{\"@type\":\"ListItem\",\"position\":2,\"name\":\"Zakup\",\"item\":\"https:\\\/\\\/lekarzeopole.pl\\\/wordpress\\\/\"},{\"@type\":\"ListItem\",\"position\":3,\"name\":\"Urosilan\"}]},{\"@type\":\"WebSite\",\"@id\":\"https:\\\/\\\/lekarzeopole.pl\\\/wordpress\\\/#website\",\"url\":\"https:\\\/\\\/lekarzeopole.pl\\\/wordpress\\\/\",\"name\":\"Lekarze Opole\",\"description\":\"\",\"potentialAction\":[{\"@type\":\"SearchAction\",\"target\":{\"@type\":\"EntryPoint\",\"urlTemplate\":\"https:\\\/\\\/lekarzeopole.pl\\\/wordpress\\\/?s={search_term_string}\"},\"query-input\":{\"@type\":\"PropertyValueSpecification\",\"valueRequired\":true,\"valueName\":\"search_term_string\"}}],\"inLanguage\":\"pl-PL\"}]}<\/script>\n<!-- \/ Yoast SEO plugin. -->","yoast_head_json":{"title":"Urosilan - kup suplement, cena w aptece, sk\u0142ad, dzia\u0142anie","robots":{"index":"index","follow":"follow","max-snippet":"max-snippet:-1","max-image-preview":"max-image-preview:large","max-video-preview":"max-video-preview:-1"},"canonical":"https:\/\/lekarzeopole.pl\/wordpress\/product\/urosilan\/","og_locale":"pl_PL","og_type":"article","og_title":"Urosilan - kup suplement, cena w aptece, sk\u0142ad, dzia\u0142anie","og_description":"Kup teraz SKU: 110.101.107    Produkt sprzedawany jest wy\u0142\u0105cznie za po\u015brednictwem oficjalnej strony producenta, id\u017a i kupuj bezpiecznie!","og_url":"https:\/\/lekarzeopole.pl\/wordpress\/product\/urosilan\/","og_site_name":"Lekarze Opole","article_modified_time":"2025-09-24T10:32:17+00:00","og_image":[{"width":1200,"height":1227,"url":"https:\/\/lekarzeopole.pl\/wordpress\/wp-content\/uploads\/2025\/06\/urosilan.jpg","type":"image\/jpeg"}],"twitter_card":"summary_large_image","twitter_misc":{"Szacowany czas czytania":"7 minut"},"schema":{"@context":"https:\/\/schema.org","@graph":[{"@type":"WebPage","@id":"https:\/\/lekarzeopole.pl\/wordpress\/product\/urosilan\/","url":"https:\/\/lekarzeopole.pl\/wordpress\/product\/urosilan\/","name":"Urosilan - kup suplement, cena w aptece, sk\u0142ad, dzia\u0142anie","isPartOf":{"@id":"https:\/\/lekarzeopole.pl\/wordpress\/#website"},"primaryImageOfPage":{"@id":"https:\/\/lekarzeopole.pl\/wordpress\/product\/urosilan\/#primaryimage"},"image":{"@id":"https:\/\/lekarzeopole.pl\/wordpress\/product\/urosilan\/#primaryimage"},"thumbnailUrl":"https:\/\/lekarzeopole.pl\/wordpress\/wp-content\/uploads\/2025\/06\/urosilan.jpg","datePublished":"2025-06-13T13:32:17+00:00","dateModified":"2025-09-24T10:32:17+00:00","breadcrumb":{"@id":"https:\/\/lekarzeopole.pl\/wordpress\/product\/urosilan\/#breadcrumb"},"inLanguage":"pl-PL","potentialAction":[{"@type":"ReadAction","target":["https:\/\/lekarzeopole.pl\/wordpress\/product\/urosilan\/"]}]},{"@type":"ImageObject","inLanguage":"pl-PL","@id":"https:\/\/lekarzeopole.pl\/wordpress\/product\/urosilan\/#primaryimage","url":"https:\/\/lekarzeopole.pl\/wordpress\/wp-content\/uploads\/2025\/06\/urosilan.jpg","contentUrl":"https:\/\/lekarzeopole.pl\/wordpress\/wp-content\/uploads\/2025\/06\/urosilan.jpg","width":1200,"height":1227,"caption":"Urosilan"},{"@type":"BreadcrumbList","@id":"https:\/\/lekarzeopole.pl\/wordpress\/product\/urosilan\/#breadcrumb","itemListElement":[{"@type":"ListItem","position":1,"name":"\u0413\u043b\u0430\u0432\u043d\u0430\u044f \u0441\u0442\u0440\u0430\u043d\u0438\u0446\u0430","item":"https:\/\/lekarzeopole.pl\/wordpress\/"},{"@type":"ListItem","position":2,"name":"Zakup","item":"https:\/\/lekarzeopole.pl\/wordpress\/"},{"@type":"ListItem","position":3,"name":"Urosilan"}]},{"@type":"WebSite","@id":"https:\/\/lekarzeopole.pl\/wordpress\/#website","url":"https:\/\/lekarzeopole.pl\/wordpress\/","name":"Lekarze Opole","description":"","potentialAction":[{"@type":"SearchAction","target":{"@type":"EntryPoint","urlTemplate":"https:\/\/lekarzeopole.pl\/wordpress\/?s={search_term_string}"},"query-input":{"@type":"PropertyValueSpecification","valueRequired":true,"valueName":"search_term_string"}}],"inLanguage":"pl-PL"}]}},"_links":{"self":[{"href":"https:\/\/lekarzeopole.pl\/wordpress\/wp-json\/wp\/v2\/product\/1322","targetHints":{"allow":["GET"]}}],"collection":[{"href":"https:\/\/lekarzeopole.pl\/wordpress\/wp-json\/wp\/v2\/product"}],"about":[{"href":"https:\/\/lekarzeopole.pl\/wordpress\/wp-json\/wp\/v2\/types\/product"}],"replies":[{"embeddable":true,"href":"https:\/\/lekarzeopole.pl\/wordpress\/wp-json\/wp\/v2\/comments?post=1322"}],"wp:featuredmedia":[{"embeddable":true,"href":"https:\/\/lekarzeopole.pl\/wordpress\/wp-json\/wp\/v2\/media\/1323"}],"wp:attachment":[{"href":"https:\/\/lekarzeopole.pl\/wordpress\/wp-json\/wp\/v2\/media?parent=1322"}],"wp:term":[{"taxonomy":"product_brand","embeddable":true,"href":"https:\/\/lekarzeopole.pl\/wordpress\/wp-json\/wp\/v2\/product_brand?post=1322"},{"taxonomy":"product_cat","embeddable":true,"href":"https:\/\/lekarzeopole.pl\/wordpress\/wp-json\/wp\/v2\/product_cat?post=1322"},{"taxonomy":"product_tag","embeddable":true,"href":"https:\/\/lekarzeopole.pl\/wordpress\/wp-json\/wp\/v2\/product_tag?post=1322"}],"curies":[{"name":"wp","href":"https:\/\/api.w.org\/{rel}","templated":true}]}}