{"id":1302,"date":"2025-05-28T08:23:04","date_gmt":"2025-05-28T08:23:04","guid":{"rendered":"https:\/\/lekarzeopole.pl\/wordpress\/?post_type=product&#038;p=1302"},"modified":"2025-05-28T08:23:05","modified_gmt":"2025-05-28T08:23:05","slug":"dermonte","status":"publish","type":"product","link":"https:\/\/lekarzeopole.pl\/wordpress\/product\/dermonte\/","title":{"rendered":"Dermonte"},"content":{"rendered":"<p data-start=\"218\" data-end=\"723\">Wsp\u00f3\u0142czesny styl \u017cycia, stres, z\u0142a dieta, zaburzenia hormonalne czy czynniki \u015brodowiskowe to g\u0142\u00f3wne przyczyny os\u0142abienia i wypadania w\u0142os\u00f3w. Coraz wi\u0119cej os\u00f3b boryka si\u0119 z problemami takimi jak \u0142ysienie, zakola, \u0142upie\u017c czy sw\u0119dzenie sk\u00f3ry g\u0142owy. W odpowiedzi na te wyzwania pojawi\u0142y si\u0119 nowoczesne preparaty wspieraj\u0105ce zdrowie w\u0142os\u00f3w, w tym kapsu\u0142ki <strong data-start=\"569\" data-end=\"581\">Dermonte<\/strong> \u2013 innowacyjny produkt, kt\u00f3rego skuteczno\u015b\u0107 opiera si\u0119 na sile naturalnych sk\u0142adnik\u00f3w. Dowiedz si\u0119, dlaczego warto zaufa\u0107 w\u0142a\u015bnie tej formule!<\/p>\n<h2 data-start=\"725\" data-end=\"760\">Wskazania do stosowania Dermonte<\/h2>\n<p data-start=\"762\" data-end=\"935\">Dermonte polecany jest osobom, kt\u00f3re zauwa\u017cy\u0142y u siebie zwi\u0119kszone wypadanie w\u0142os\u00f3w, os\u0142abienie cebulek czy przerzedzanie fryzury. Produkt jest idealnym rozwi\u0105zaniem, je\u015bli:<\/p>\n<ul data-start=\"937\" data-end=\"1371\">\n<li data-start=\"937\" data-end=\"1005\">\n<p data-start=\"939\" data-end=\"1005\">Twoje w\u0142osy wypadaj\u0105 gar\u015bciami, trac\u0105 swoj\u0105 spr\u0119\u017cysto\u015b\u0107 i obj\u0119to\u015b\u0107<\/p>\n<\/li>\n<li data-start=\"1006\" data-end=\"1056\">\n<p data-start=\"1008\" data-end=\"1056\">Pojawi\u0142y si\u0119 zakola lub \u0142ysienie na czubku g\u0142owy<\/p>\n<\/li>\n<li data-start=\"1057\" data-end=\"1116\">\n<p data-start=\"1059\" data-end=\"1116\">Cierpisz na uporczywy \u0142upie\u017c, such\u0105 sk\u00f3r\u0119 g\u0142owy lub \u015bwi\u0105d<\/p>\n<\/li>\n<li data-start=\"1117\" data-end=\"1198\">\n<p data-start=\"1119\" data-end=\"1198\">Pragniesz zregenerowa\u0107 w\u0142osy po ci\u0105\u017cy, okresie intensywnego stresu lub chorobie<\/p>\n<\/li>\n<li data-start=\"1199\" data-end=\"1293\">\n<p data-start=\"1201\" data-end=\"1293\">Szukasz naturalnej alternatywy dla \u015brodk\u00f3w chemicznych, kt\u00f3re cz\u0119sto powoduj\u0105 skutki uboczne<\/p>\n<\/li>\n<li data-start=\"1294\" data-end=\"1371\">\n<p data-start=\"1296\" data-end=\"1371\">Chcesz poprawi\u0107 og\u00f3ln\u0105 kondycj\u0119 w\u0142os\u00f3w, aby odzyska\u0142y blask i zdrowy wygl\u0105d<\/p>\n<\/li>\n<\/ul>\n<p data-start=\"1373\" data-end=\"1502\">Dermonte sprawdzi si\u0119 zar\u00f3wno u kobiet, jak i m\u0119\u017cczyzn w ka\u017cdym wieku, kt\u00f3rzy pragn\u0105 zadba\u0107 o swoje w\u0142osy bez ryzyka dla zdrowia.<\/p>\n<h2 data-start=\"1504\" data-end=\"1544\">Sk\u0142ad i dzia\u0142anie sk\u0142adnik\u00f3w Dermonte<\/h2>\n<p data-start=\"1546\" data-end=\"1835\">Sekret skuteczno\u015bci Dermonte tkwi w bogactwie naturalnych substancji aktywnych, kt\u00f3re kompleksowo wspieraj\u0105 zdrowie sk\u00f3ry g\u0142owy i cebulek w\u0142osowych. Ka\u017cdy sk\u0142adnik zosta\u0142 starannie dobrany, by nie tylko zatrzyma\u0107 wypadanie w\u0142os\u00f3w, ale tak\u017ce pobudzi\u0107 ich wzrost i poprawi\u0107 og\u00f3ln\u0105 struktur\u0119.<\/p>\n<p data-start=\"1837\" data-end=\"1882\"><strong>W sk\u0142adzie Dermonte znajdziesz mi\u0119dzy innymi:<\/strong><\/p>\n<ul data-start=\"1884\" data-end=\"2709\">\n<li data-start=\"1884\" data-end=\"2015\">\n<p data-start=\"1886\" data-end=\"2015\"><strong data-start=\"1886\" data-end=\"1909\">Ekstrakt z pokrzywy<\/strong> \u2013 naturalnie wzmacnia cebulki, reguluje produkcj\u0119 sebum, \u0142agodzi stany zapalne i dzia\u0142a przeciw\u0142upie\u017cowo.<\/p>\n<\/li>\n<li data-start=\"2016\" data-end=\"2132\">\n<p data-start=\"2018\" data-end=\"2132\"><strong data-start=\"2018\" data-end=\"2034\">Skrzyp polny<\/strong> \u2013 bogaty w krzemionk\u0119, stymuluje wzrost w\u0142os\u00f3w, poprawia ich elastyczno\u015b\u0107 i zapobiega \u0142amliwo\u015bci.<\/p>\n<\/li>\n<li data-start=\"2133\" data-end=\"2260\">\n<p data-start=\"2135\" data-end=\"2260\"><strong data-start=\"2135\" data-end=\"2165\">Ekstrakt z palmy saba\u0142owej<\/strong> \u2013 obni\u017ca poziom DHT, hormonu odpowiedzialnego za \u0142ysienie androgenowe, szczeg\u00f3lnie u m\u0119\u017cczyzn.<\/p>\n<\/li>\n<li data-start=\"2261\" data-end=\"2375\">\n<p data-start=\"2263\" data-end=\"2375\"><strong data-start=\"2263\" data-end=\"2277\">Witamina E<\/strong> \u2013 silny antyoksydant, chroni kom\u00f3rki przed stresem oksydacyjnym i poprawia ukrwienie sk\u00f3ry g\u0142owy.<\/p>\n<\/li>\n<li data-start=\"2376\" data-end=\"2501\">\n<p data-start=\"2378\" data-end=\"2501\"><strong data-start=\"2378\" data-end=\"2402\">Biotyna (witamina H)<\/strong> \u2013 znana jako \u201ewitamina pi\u0119knych w\u0142os\u00f3w\u201d, wp\u0142ywa na metabolizm keratyny i wzmacnia struktur\u0119 w\u0142osa.<\/p>\n<\/li>\n<li data-start=\"2502\" data-end=\"2619\">\n<p data-start=\"2504\" data-end=\"2619\"><strong data-start=\"2504\" data-end=\"2520\">Cynk i selen<\/strong> \u2013 minera\u0142y niezb\u0119dne dla prawid\u0142owego wzrostu i regeneracji w\u0142os\u00f3w, przeciwdzia\u0142aj\u0105 ich wypadaniu.<\/p>\n<\/li>\n<li data-start=\"2620\" data-end=\"2709\">\n<p data-start=\"2622\" data-end=\"2709\"><strong data-start=\"2622\" data-end=\"2644\">Olej z pestek dyni<\/strong> \u2013 naturalnie blokuje DHT, a tak\u017ce od\u017cywia cebulki i sk\u00f3r\u0119 g\u0142owy.<\/p>\n<\/li>\n<\/ul>\n<p data-start=\"2711\" data-end=\"2964\">Po\u0142\u0105czenie tych sk\u0142adnik\u00f3w sprawia, \u017ce Dermonte od\u017cywia sk\u00f3r\u0119 g\u0142owy, reguluje gospodark\u0119 hormonaln\u0105 i wspiera naturalne procesy regeneracyjne. Dzi\u0119ki temu Twoje w\u0142osy nie tylko przestaj\u0105 wypada\u0107, ale odzyskuj\u0105 pe\u0142ni\u0119 oraz spr\u0119\u017cysto\u015b\u0107, jak\u0105 kiedy\u015b mia\u0142y.<\/p>\n<p style=\"text-align: center;\" data-start=\"2711\" data-end=\"2964\"><a href=\"https:\/\/tl-track.com\/tracker\/uDNb\"><button>www.dermonte.pl<\/button><\/a><\/p>\n<h2 data-start=\"2966\" data-end=\"3006\">Efekty Dermonte i ich charakterystyka<\/h2>\n<p data-start=\"3008\" data-end=\"3148\">Regularne stosowanie Dermonte to realna szansa na widoczn\u0105 popraw\u0119 kondycji w\u0142os\u00f3w oraz sk\u00f3ry g\u0142owy. Ju\u017c po kilku tygodniach mo\u017cna zauwa\u017cy\u0107:<\/p>\n<ul data-start=\"3150\" data-end=\"3704\">\n<li data-start=\"3150\" data-end=\"3219\">\n<p data-start=\"3152\" data-end=\"3219\">Wyra\u017ane zmniejszenie wypadania w\u0142os\u00f3w, zahamowanie procesu \u0142ysienia<\/p>\n<\/li>\n<li data-start=\"3220\" data-end=\"3322\">\n<p data-start=\"3222\" data-end=\"3322\">Odzyskanie obj\u0119to\u015bci i g\u0119sto\u015bci fryzury, w\u0142osy staj\u0105 si\u0119 pe\u0142niejsze, mocniejsze i bardziej spr\u0119\u017cyste<\/p>\n<\/li>\n<li data-start=\"3323\" data-end=\"3388\">\n<p data-start=\"3325\" data-end=\"3388\">Zanik \u0142upie\u017cu i \u015bwi\u0105du, sk\u00f3ra g\u0142owy zostaje od\u017cywiona i ukojona<\/p>\n<\/li>\n<li data-start=\"3389\" data-end=\"3485\">\n<p data-start=\"3391\" data-end=\"3485\">Popraw\u0119 mikrokr\u0105\u017cenia, dzi\u0119ki czemu sk\u0142adniki od\u017cywcze szybciej docieraj\u0105 do cebulek w\u0142osowych<\/p>\n<\/li>\n<li data-start=\"3486\" data-end=\"3577\">\n<p data-start=\"3488\" data-end=\"3577\">Uregulowanie poziomu hormon\u00f3w i DHT, co pozwala ogarn\u0105\u0107 najwi\u0119kszych wrog\u00f3w Twoich w\u0142os\u00f3w<\/p>\n<\/li>\n<li data-start=\"3578\" data-end=\"3617\">\n<p data-start=\"3580\" data-end=\"3617\">Naturalny po\u0142ysk i zdrowy wygl\u0105d pasm<\/p>\n<\/li>\n<li data-start=\"3618\" data-end=\"3704\">\n<p data-start=\"3620\" data-end=\"3704\">Wzrost pewno\u015bci siebie \u2013 nigdy wi\u0119cej wstydzenia si\u0119 zakoli czy \u0142ysego czubka g\u0142owy!<\/p>\n<\/li>\n<\/ul>\n<p data-start=\"3706\" data-end=\"3860\">Wielu u\u017cytkownik\u00f3w Dermonte podkre\u015bla, \u017ce otrzymuje mn\u00f3stwo komplement\u00f3w od rodziny i przyjaci\u00f3\u0142, a ich w\u0142osy wygl\u0105daj\u0105 lepiej ni\u017c kiedykolwiek wcze\u015bniej.<\/p>\n<h2 data-start=\"3862\" data-end=\"3889\">Ryzyko skutk\u00f3w ubocznych<\/h2>\n<p data-start=\"3891\" data-end=\"4220\">Najwi\u0119ksz\u0105 zalet\u0105 Dermonte jest bezpiecze\u0144stwo stosowania. Formu\u0142a kapsu\u0142ek opiera si\u0119 wy\u0142\u0105cznie na naturalnych sk\u0142adnikach, bez dodatku syntetycznych substancji chemicznych czy hormon\u00f3w. Dzi\u0119ki temu ryzyko wyst\u0105pienia skutk\u00f3w ubocznych jest minimalne. Preparat nie powoduje podra\u017cnie\u0144, alergii ani efektu obci\u0105\u017cenia sk\u00f3ry g\u0142owy.<\/p>\n<p data-start=\"4222\" data-end=\"4417\">Nie musisz si\u0119 obawia\u0107 \u017cadnych niepo\u017c\u0105danych reakcji \u2013 ca\u0142a si\u0142a Dermonte tkwi w naturze. To idealna alternatywa dla inwazyjnych zabieg\u00f3w i lek\u00f3w, kt\u00f3re cz\u0119sto nios\u0105 ryzyko dzia\u0142a\u0144 niepo\u017c\u0105danych.<\/p>\n<h2 data-start=\"89\" data-end=\"143\">Opinie klient\u00f3w o Dermonte: fora po\u015bwi\u0119cone zdrowiu<\/h2>\n<p data-start=\"145\" data-end=\"519\">W Polsce fora internetowe po\u015bwi\u0119cone zdrowiu, urodzie i naturalnym metodom dbania o organizm ciesz\u0105 si\u0119 ogromn\u0105 popularno\u015bci\u0105. To w\u0142a\u015bnie tam u\u017cytkownicy wymieniaj\u0105 si\u0119 swoimi do\u015bwiadczeniami na temat r\u00f3\u017cnych suplement\u00f3w, w tym Dermonte. Z ka\u017cdym miesi\u0105cem liczba wpis\u00f3w dotycz\u0105cych tego preparatu ro\u015bnie, co \u015bwiadczy o coraz wi\u0119kszym zainteresowaniu i zaufaniu konsument\u00f3w.<\/p>\n<p data-start=\"521\" data-end=\"898\">Wi\u0119kszo\u015b\u0107 opinii zamieszczonych na forach podkre\u015bla skuteczno\u015b\u0107 Dermonte w walce z wypadaniem w\u0142os\u00f3w oraz \u0142atw\u0105 dost\u0119pno\u015b\u0107 produktu. Klienci ch\u0119tnie dziel\u0105 si\u0119 swoimi historiami, opisuj\u0105c popraw\u0119 kondycji w\u0142os\u00f3w i sk\u00f3ry g\u0142owy ju\u017c po kilku tygodniach stosowania. W\u015br\u00f3d wielu wpis\u00f3w dominuj\u0105 pozytywne do\u015bwiadczenia, co dodatkowo potwierdza wiarygodno\u015b\u0107 i skuteczno\u015b\u0107 suplementu.<\/p>\n<p data-start=\"900\" data-end=\"936\"><strong>Oto przyk\u0142adowe opinie u\u017cytkownik\u00f3w:<\/strong><\/p>\n<ol>\n<li data-start=\"938\" data-end=\"1245\"><strong data-start=\"938\" data-end=\"966\">Anna, 36 lat z Warszawy:<\/strong><br data-start=\"966\" data-end=\"969\" \/><em data-start=\"969\" data-end=\"1245\">&#8222;Po urodzeniu dziecka zacz\u0119\u0142y mi bardzo wypada\u0107 w\u0142osy. Pr\u00f3bowa\u0142am r\u00f3\u017cnych kosmetyk\u00f3w, ale dopiero Dermonte przyni\u00f3s\u0142 zauwa\u017calne efekty. W\u0142osy odzyska\u0142y blask i przesta\u0142y si\u0119 \u0142ama\u0107. Dodatkowo ceni\u0119 sobie to, \u017ce kapsu\u0142ki s\u0105 naturalne i nie powoduj\u0105 \u017cadnych skutk\u00f3w ubocznych.&#8221;<\/em><\/li>\n<li data-start=\"1247\" data-end=\"1564\"><strong data-start=\"1247\" data-end=\"1277\">Marcin, 44 lata z Gda\u0144ska:<\/strong><br data-start=\"1277\" data-end=\"1280\" \/><em data-start=\"1280\" data-end=\"1564\">&#8222;Z problemem zakoli walczy\u0142em od lat. Skusi\u0142em si\u0119 na Dermonte, bo du\u017co o nim czyta\u0142em na forach. Po trzech miesi\u0105cach widz\u0119 zdecydowan\u0105 popraw\u0119 \u2013 w\u0142osy s\u0105 g\u0119stsze, nie wypadaj\u0105 tak jak kiedy\u015b, a znajomi zacz\u0119li komplementowa\u0107 moj\u0105 fryzur\u0119. Polecam ka\u017cdemu, kto ma podobny problem.&#8221;<\/em><\/li>\n<\/ol>\n<h2 data-start=\"1566\" data-end=\"1598\">Spos\u00f3b podawania i dawkowanie<\/h2>\n<p data-start=\"1600\" data-end=\"1874\">Stosowanie Dermonte jest bardzo proste i wygodne, co przek\u0142ada si\u0119 na systematyczno\u015b\u0107 kuracji. Zaleca si\u0119 przyjmowanie jednej kapsu\u0142ki dwa razy dziennie \u2013 najlepiej rano i wieczorem, popijaj\u0105c szklank\u0105 wody. Regularno\u015b\u0107 stosowania jest kluczowa, by uzyska\u0107 najlepsze efekty.<\/p>\n<p data-start=\"1876\" data-end=\"2160\">Dla osi\u0105gni\u0119cia optymalnych rezultat\u00f3w zaleca si\u0119 stosowanie Dermonte przez minimum 3 miesi\u0105ce, cho\u0107 pierwsze pozytywne zmiany mo\u017cna zaobserwowa\u0107 ju\u017c po kilku tygodniach. W przypadku os\u00f3b z wi\u0119kszymi problemami zaleca si\u0119 wyd\u0142u\u017cenie kuracji wed\u0142ug zalece\u0144 specjalisty lub konsultanta.<\/p>\n<p data-start=\"2162\" data-end=\"2364\">Dermonte mo\u017cna stosowa\u0107 profilaktycznie lub jako wsparcie w trakcie intensywnego wypadania w\u0142os\u00f3w. Dzi\u0119ki naturalnemu sk\u0142adowi suplement nadaje si\u0119 do d\u0142ugoterminowego stosowania bez ryzyka dla zdrowia.<\/p>\n<h2 data-start=\"2366\" data-end=\"2397\">Kup teraz Dermonte z dostaw\u0105<\/h2>\n<p data-start=\"2399\" data-end=\"2723\">Zakup Dermonte jest bardzo prosty i wygodny. Wystarczy z\u0142o\u017cy\u0107 zam\u00f3wienie online, bez wychodzenia z domu. Co wa\u017cne \u2013 nie musisz p\u0142aci\u0107 za produkt z g\u00f3ry! Op\u0142ata za Dermonte jest pobierana dopiero przy odbiorze przesy\u0142ki, co eliminuje ryzyko utraty pieni\u0119dzy i gwarantuje, \u017ce otrzymasz oryginalny produkt prosto od producenta.<\/p>\n<p data-start=\"2725\" data-end=\"3128\">Dostawa zam\u00f3wienia na terenie Polski trwa zazwyczaj 3-4 dni robocze, a ka\u017cdy klient otrzymuje potwierdzenie zam\u00f3wienia telefonicznie od specjalisty. Konsultant nie tylko potwierdzi szczeg\u00f3\u0142y dostawy, ale tak\u017ce odpowie na wszystkie pytania dotycz\u0105ce dawkowania, sk\u0142adu czy dost\u0119pnych promocji. Dzi\u0119ki temu mo\u017cesz mie\u0107 pewno\u015b\u0107, \u017ce kupujesz bezpo\u015brednio u producenta, bez po\u015brednik\u00f3w i dodatkowych koszt\u00f3w.<\/p>\n<p style=\"text-align: center;\" data-start=\"2725\" data-end=\"3128\"><a href=\"https:\/\/tl-track.com\/tracker\/uDNb\"><button>Zakup na stronie producenta (-50%)<\/button><\/a><\/p>\n<h2 data-start=\"3130\" data-end=\"3177\">Por\u00f3wnanie ofert: ceny i dost\u0119pno\u015b\u0107 Dermonte<\/h2>\n<p data-start=\"3179\" data-end=\"3490\">Producent Dermonte przyk\u0142ada ogromn\u0105 wag\u0119 do tego, by preparat by\u0142 \u0142atwo dost\u0119pny i przyst\u0119pny cenowo dla ka\u017cdego klienta. Z tego powodu suplement mo\u017cna zam\u00f3wi\u0107 wy\u0142\u0105cznie przez oficjaln\u0105 stron\u0119 internetow\u0105 producenta. Dzi\u0119ki temu unikasz niepotrzebnych mar\u017c narzucanych przez po\u015brednik\u00f3w czy apteki stacjonarne.<\/p>\n<p data-start=\"3492\" data-end=\"3838\">Co wi\u0119cej, na stronie regularnie pojawiaj\u0105 si\u0119 atrakcyjne promocje i rabaty, kt\u00f3rych aktualno\u015b\u0107 warto sprawdza\u0107 przed zakupem. To pozwala naby\u0107 oryginalny Dermonte w najlepszej cenie. Suplement nie jest dost\u0119pny w aptekach stacjonarnych, co jest gwarancj\u0105 zakupu produktu prosto od producenta, bez ryzyka podrobionych kapsu\u0142ek czy zawy\u017conej ceny.<\/p>\n","protected":false},"excerpt":{"rendered":"<p style=\"text-align: center;\"><a href=\"https:\/\/tl-track.com\/tracker\/uDNb\"><button>Kup teraz<\/button><\/a><\/p>\n<p>SKU: 000<span class=\"sku\">.135.000<\/span><\/p>\n<hr \/>\n<p><small>Produkt sprzedawany jest wy\u0142\u0105cznie za po\u015brednictwem oficjalnej strony producenta, id\u017a i kupuj bezpiecznie!<\/small><\/p>\n","protected":false},"featured_media":1303,"comment_status":"open","ping_status":"closed","template":"","meta":[],"product_brand":[],"product_cat":[15],"product_tag":[],"class_list":{"0":"post-1302","1":"product","2":"type-product","3":"status-publish","4":"has-post-thumbnail","6":"product_cat-supl","7":"thunk-woo-product-list","8":"opn-qv-enable","9":"top-store-woo-hover-","10":"top-store-single-product-tab-horizontal","11":"top-store-shadow-","12":"top-store-shadow-hover-","14":"first","15":"instock","16":"sale","17":"shipping-taxable","18":"purchasable","19":"product-type-simple"},"yoast_head":"<!-- This site is optimized with the Yoast SEO plugin v27.4 - https:\/\/yoast.com\/product\/yoast-seo-wordpress\/ -->\n<title>Dermonte - kup suplement, cena w aptece, sk\u0142ad, dzia\u0142anie<\/title>\n<meta name=\"robots\" content=\"index, follow, max-snippet:-1, max-image-preview:large, max-video-preview:-1\" \/>\n<link rel=\"canonical\" href=\"https:\/\/lekarzeopole.pl\/wordpress\/product\/dermonte\/\" \/>\n<meta property=\"og:locale\" content=\"pl_PL\" \/>\n<meta property=\"og:type\" content=\"article\" \/>\n<meta property=\"og:title\" content=\"Dermonte - kup suplement, cena w aptece, sk\u0142ad, dzia\u0142anie\" \/>\n<meta property=\"og:description\" content=\"Kup teraz SKU: 000.135.000    Produkt sprzedawany jest wy\u0142\u0105cznie za po\u015brednictwem oficjalnej strony producenta, id\u017a i kupuj bezpiecznie!\" \/>\n<meta property=\"og:url\" content=\"https:\/\/lekarzeopole.pl\/wordpress\/product\/dermonte\/\" \/>\n<meta property=\"og:site_name\" content=\"Lekarze Opole\" \/>\n<meta property=\"article:modified_time\" content=\"2025-05-28T08:23:05+00:00\" \/>\n<meta property=\"og:image\" content=\"https:\/\/lekarzeopole.pl\/wordpress\/wp-content\/uploads\/2025\/05\/dermonte-2.png\" \/>\n\t<meta property=\"og:image:width\" content=\"400\" \/>\n\t<meta property=\"og:image:height\" content=\"400\" \/>\n\t<meta property=\"og:image:type\" content=\"image\/png\" \/>\n<meta name=\"twitter:card\" content=\"summary_large_image\" \/>\n<meta name=\"twitter:label1\" content=\"Szacowany czas czytania\" \/>\n\t<meta name=\"twitter:data1\" content=\"7 minut\" \/>\n<script type=\"application\/ld+json\" class=\"yoast-schema-graph\">{\"@context\":\"https:\\\/\\\/schema.org\",\"@graph\":[{\"@type\":\"WebPage\",\"@id\":\"https:\\\/\\\/lekarzeopole.pl\\\/wordpress\\\/product\\\/dermonte\\\/\",\"url\":\"https:\\\/\\\/lekarzeopole.pl\\\/wordpress\\\/product\\\/dermonte\\\/\",\"name\":\"Dermonte - kup suplement, cena w aptece, sk\u0142ad, dzia\u0142anie\",\"isPartOf\":{\"@id\":\"https:\\\/\\\/lekarzeopole.pl\\\/wordpress\\\/#website\"},\"primaryImageOfPage\":{\"@id\":\"https:\\\/\\\/lekarzeopole.pl\\\/wordpress\\\/product\\\/dermonte\\\/#primaryimage\"},\"image\":{\"@id\":\"https:\\\/\\\/lekarzeopole.pl\\\/wordpress\\\/product\\\/dermonte\\\/#primaryimage\"},\"thumbnailUrl\":\"https:\\\/\\\/lekarzeopole.pl\\\/wordpress\\\/wp-content\\\/uploads\\\/2025\\\/05\\\/dermonte-2.png\",\"datePublished\":\"2025-05-28T08:23:04+00:00\",\"dateModified\":\"2025-05-28T08:23:05+00:00\",\"breadcrumb\":{\"@id\":\"https:\\\/\\\/lekarzeopole.pl\\\/wordpress\\\/product\\\/dermonte\\\/#breadcrumb\"},\"inLanguage\":\"pl-PL\",\"potentialAction\":[{\"@type\":\"ReadAction\",\"target\":[\"https:\\\/\\\/lekarzeopole.pl\\\/wordpress\\\/product\\\/dermonte\\\/\"]}]},{\"@type\":\"ImageObject\",\"inLanguage\":\"pl-PL\",\"@id\":\"https:\\\/\\\/lekarzeopole.pl\\\/wordpress\\\/product\\\/dermonte\\\/#primaryimage\",\"url\":\"https:\\\/\\\/lekarzeopole.pl\\\/wordpress\\\/wp-content\\\/uploads\\\/2025\\\/05\\\/dermonte-2.png\",\"contentUrl\":\"https:\\\/\\\/lekarzeopole.pl\\\/wordpress\\\/wp-content\\\/uploads\\\/2025\\\/05\\\/dermonte-2.png\",\"width\":400,\"height\":400,\"caption\":\"Dermonte\"},{\"@type\":\"BreadcrumbList\",\"@id\":\"https:\\\/\\\/lekarzeopole.pl\\\/wordpress\\\/product\\\/dermonte\\\/#breadcrumb\",\"itemListElement\":[{\"@type\":\"ListItem\",\"position\":1,\"name\":\"\u0413\u043b\u0430\u0432\u043d\u0430\u044f \u0441\u0442\u0440\u0430\u043d\u0438\u0446\u0430\",\"item\":\"https:\\\/\\\/lekarzeopole.pl\\\/wordpress\\\/\"},{\"@type\":\"ListItem\",\"position\":2,\"name\":\"Zakup\",\"item\":\"https:\\\/\\\/lekarzeopole.pl\\\/wordpress\\\/\"},{\"@type\":\"ListItem\",\"position\":3,\"name\":\"Dermonte\"}]},{\"@type\":\"WebSite\",\"@id\":\"https:\\\/\\\/lekarzeopole.pl\\\/wordpress\\\/#website\",\"url\":\"https:\\\/\\\/lekarzeopole.pl\\\/wordpress\\\/\",\"name\":\"Lekarze Opole\",\"description\":\"\",\"potentialAction\":[{\"@type\":\"SearchAction\",\"target\":{\"@type\":\"EntryPoint\",\"urlTemplate\":\"https:\\\/\\\/lekarzeopole.pl\\\/wordpress\\\/?s={search_term_string}\"},\"query-input\":{\"@type\":\"PropertyValueSpecification\",\"valueRequired\":true,\"valueName\":\"search_term_string\"}}],\"inLanguage\":\"pl-PL\"}]}<\/script>\n<!-- \/ Yoast SEO plugin. -->","yoast_head_json":{"title":"Dermonte - kup suplement, cena w aptece, sk\u0142ad, dzia\u0142anie","robots":{"index":"index","follow":"follow","max-snippet":"max-snippet:-1","max-image-preview":"max-image-preview:large","max-video-preview":"max-video-preview:-1"},"canonical":"https:\/\/lekarzeopole.pl\/wordpress\/product\/dermonte\/","og_locale":"pl_PL","og_type":"article","og_title":"Dermonte - kup suplement, cena w aptece, sk\u0142ad, dzia\u0142anie","og_description":"Kup teraz SKU: 000.135.000    Produkt sprzedawany jest wy\u0142\u0105cznie za po\u015brednictwem oficjalnej strony producenta, id\u017a i kupuj bezpiecznie!","og_url":"https:\/\/lekarzeopole.pl\/wordpress\/product\/dermonte\/","og_site_name":"Lekarze Opole","article_modified_time":"2025-05-28T08:23:05+00:00","og_image":[{"width":400,"height":400,"url":"https:\/\/lekarzeopole.pl\/wordpress\/wp-content\/uploads\/2025\/05\/dermonte-2.png","type":"image\/png"}],"twitter_card":"summary_large_image","twitter_misc":{"Szacowany czas czytania":"7 minut"},"schema":{"@context":"https:\/\/schema.org","@graph":[{"@type":"WebPage","@id":"https:\/\/lekarzeopole.pl\/wordpress\/product\/dermonte\/","url":"https:\/\/lekarzeopole.pl\/wordpress\/product\/dermonte\/","name":"Dermonte - kup suplement, cena w aptece, sk\u0142ad, dzia\u0142anie","isPartOf":{"@id":"https:\/\/lekarzeopole.pl\/wordpress\/#website"},"primaryImageOfPage":{"@id":"https:\/\/lekarzeopole.pl\/wordpress\/product\/dermonte\/#primaryimage"},"image":{"@id":"https:\/\/lekarzeopole.pl\/wordpress\/product\/dermonte\/#primaryimage"},"thumbnailUrl":"https:\/\/lekarzeopole.pl\/wordpress\/wp-content\/uploads\/2025\/05\/dermonte-2.png","datePublished":"2025-05-28T08:23:04+00:00","dateModified":"2025-05-28T08:23:05+00:00","breadcrumb":{"@id":"https:\/\/lekarzeopole.pl\/wordpress\/product\/dermonte\/#breadcrumb"},"inLanguage":"pl-PL","potentialAction":[{"@type":"ReadAction","target":["https:\/\/lekarzeopole.pl\/wordpress\/product\/dermonte\/"]}]},{"@type":"ImageObject","inLanguage":"pl-PL","@id":"https:\/\/lekarzeopole.pl\/wordpress\/product\/dermonte\/#primaryimage","url":"https:\/\/lekarzeopole.pl\/wordpress\/wp-content\/uploads\/2025\/05\/dermonte-2.png","contentUrl":"https:\/\/lekarzeopole.pl\/wordpress\/wp-content\/uploads\/2025\/05\/dermonte-2.png","width":400,"height":400,"caption":"Dermonte"},{"@type":"BreadcrumbList","@id":"https:\/\/lekarzeopole.pl\/wordpress\/product\/dermonte\/#breadcrumb","itemListElement":[{"@type":"ListItem","position":1,"name":"\u0413\u043b\u0430\u0432\u043d\u0430\u044f \u0441\u0442\u0440\u0430\u043d\u0438\u0446\u0430","item":"https:\/\/lekarzeopole.pl\/wordpress\/"},{"@type":"ListItem","position":2,"name":"Zakup","item":"https:\/\/lekarzeopole.pl\/wordpress\/"},{"@type":"ListItem","position":3,"name":"Dermonte"}]},{"@type":"WebSite","@id":"https:\/\/lekarzeopole.pl\/wordpress\/#website","url":"https:\/\/lekarzeopole.pl\/wordpress\/","name":"Lekarze Opole","description":"","potentialAction":[{"@type":"SearchAction","target":{"@type":"EntryPoint","urlTemplate":"https:\/\/lekarzeopole.pl\/wordpress\/?s={search_term_string}"},"query-input":{"@type":"PropertyValueSpecification","valueRequired":true,"valueName":"search_term_string"}}],"inLanguage":"pl-PL"}]}},"_links":{"self":[{"href":"https:\/\/lekarzeopole.pl\/wordpress\/wp-json\/wp\/v2\/product\/1302","targetHints":{"allow":["GET"]}}],"collection":[{"href":"https:\/\/lekarzeopole.pl\/wordpress\/wp-json\/wp\/v2\/product"}],"about":[{"href":"https:\/\/lekarzeopole.pl\/wordpress\/wp-json\/wp\/v2\/types\/product"}],"replies":[{"embeddable":true,"href":"https:\/\/lekarzeopole.pl\/wordpress\/wp-json\/wp\/v2\/comments?post=1302"}],"wp:featuredmedia":[{"embeddable":true,"href":"https:\/\/lekarzeopole.pl\/wordpress\/wp-json\/wp\/v2\/media\/1303"}],"wp:attachment":[{"href":"https:\/\/lekarzeopole.pl\/wordpress\/wp-json\/wp\/v2\/media?parent=1302"}],"wp:term":[{"taxonomy":"product_brand","embeddable":true,"href":"https:\/\/lekarzeopole.pl\/wordpress\/wp-json\/wp\/v2\/product_brand?post=1302"},{"taxonomy":"product_cat","embeddable":true,"href":"https:\/\/lekarzeopole.pl\/wordpress\/wp-json\/wp\/v2\/product_cat?post=1302"},{"taxonomy":"product_tag","embeddable":true,"href":"https:\/\/lekarzeopole.pl\/wordpress\/wp-json\/wp\/v2\/product_tag?post=1302"}],"curies":[{"name":"wp","href":"https:\/\/api.w.org\/{rel}","templated":true}]}}