{"id":1297,"date":"2025-05-28T07:46:33","date_gmt":"2025-05-28T07:46:33","guid":{"rendered":"https:\/\/lekarzeopole.pl\/wordpress\/?post_type=product&#038;p=1297"},"modified":"2025-05-28T07:46:33","modified_gmt":"2025-05-28T07:46:33","slug":"endunad","status":"publish","type":"product","link":"https:\/\/lekarzeopole.pl\/wordpress\/product\/endunad\/","title":{"rendered":"EnduNAD"},"content":{"rendered":"<p data-start=\"287\" data-end=\"906\">Wsp\u00f3\u0142czesne tempo \u017cycia, stres, zanieczyszczenie \u015brodowiska oraz rosn\u0105ce wymagania codzienno\u015bci sprawiaj\u0105, \u017ce coraz wi\u0119cej os\u00f3b poszukuje skutecznych sposob\u00f3w na popraw\u0119 kondycji fizycznej, psychicznej i og\u00f3lnej wydolno\u015bci organizmu. Jednym z najbardziej innowacyjnych suplement\u00f3w na rynku jest <strong data-start=\"582\" data-end=\"593\">EnduNAD<\/strong> \u2013 formu\u0142a oparta na naturalnych sk\u0142adnikach, kt\u00f3ra wspiera organizm na poziomie kom\u00f3rkowym. Odpowiedni dob\u00f3r sk\u0142adnik\u00f3w i naukowe podej\u015bcie czyni\u0105 EnduNAD rozwi\u0105zaniem idealnym dla wszystkich, kt\u00f3rzy chc\u0105 zwi\u0119kszy\u0107 poziom energii, przyspieszy\u0107 regeneracj\u0119 oraz skutecznie zadba\u0107 o zdrowie na wielu p\u0142aszczyznach.<\/p>\n<h2 data-start=\"908\" data-end=\"942\">Wskazania do stosowania EnduNAD<\/h2>\n<p data-start=\"944\" data-end=\"1091\"><strong data-start=\"944\" data-end=\"955\">EnduNAD<\/strong> to suplement stworzony z my\u015bl\u0105 o osobach aktywnych fizycznie i umys\u0142owo, ale nie tylko. Doskonale sprawdzi si\u0119 w przypadku os\u00f3b, kt\u00f3re:<\/p>\n<ul data-start=\"1093\" data-end=\"1557\">\n<li data-start=\"1093\" data-end=\"1184\">\n<p data-start=\"1095\" data-end=\"1184\">Cierpi\u0105 na przewlek\u0142e zm\u0119czenie lub brak energii na co dzie\u0144 (\u201eKoniec z brakiem energii\u201d)<\/p>\n<\/li>\n<li data-start=\"1185\" data-end=\"1261\">\n<p data-start=\"1187\" data-end=\"1261\">Potrzebuj\u0105 przyspieszonej regeneracji po wysi\u0142ku fizycznym lub psychicznym<\/p>\n<\/li>\n<li data-start=\"1262\" data-end=\"1310\">\n<p data-start=\"1264\" data-end=\"1310\">Chc\u0105 wzmocni\u0107 mi\u0119\u015bnie i poprawi\u0107 ich wydolno\u015b\u0107<\/p>\n<\/li>\n<li data-start=\"1311\" data-end=\"1373\">\n<p data-start=\"1313\" data-end=\"1373\">Poszukuj\u0105 skutecznej kontroli wagi oraz wsparcia metabolizmu<\/p>\n<\/li>\n<li data-start=\"1374\" data-end=\"1413\">\n<p data-start=\"1376\" data-end=\"1413\">Pragn\u0105 zadba\u0107 o zdrowie serca i m\u00f3zgu<\/p>\n<\/li>\n<li data-start=\"1414\" data-end=\"1498\">\n<p data-start=\"1416\" data-end=\"1498\">Szukaj\u0105 naturalnej ochrony przed stresem oksydacyjnym oraz procesami starzenia si\u0119<\/p>\n<\/li>\n<li data-start=\"1499\" data-end=\"1557\">\n<p data-start=\"1501\" data-end=\"1557\">Chc\u0105 kompleksowo zadba\u0107 o odporno\u015b\u0107 i kondycj\u0119 organizmu<\/p>\n<\/li>\n<\/ul>\n<p data-start=\"1559\" data-end=\"1755\">EnduNAD polecany jest r\u00f3wnie\u017c osobom, kt\u00f3re chc\u0105 wzmocni\u0107 swoje funkcje kognitywne, usprawni\u0107 koncentracj\u0119 oraz pami\u0119\u0107, a tak\u017ce tym, kt\u00f3rzy s\u0105 nara\u017ceni na intensywny wysi\u0142ek fizyczny lub umys\u0142owy.<\/p>\n<h2 data-start=\"1757\" data-end=\"1796\">Sk\u0142ad i dzia\u0142anie sk\u0142adnik\u00f3w EnduNAD<\/h2>\n<p data-start=\"1798\" data-end=\"2131\">Tajemnica skuteczno\u015bci EnduNAD tkwi w unikalnej, wielosk\u0142adnikowej formule, kt\u00f3ra zosta\u0142a opracowana w oparciu o najnowsze badania naukowe. Kluczowym elementem suplementu jest podnoszenie poziomu NAD+ (dinukleotydu nikotynoamidadeninowego) \u2013 cz\u0105steczki kluczowej dla proces\u00f3w energetycznych, regeneracyjnych i ochronnych w kom\u00f3rkach.<\/p>\n<p data-start=\"2133\" data-end=\"2169\"><strong>W sk\u0142adzie EnduNAD znajdziesz m.in.:<\/strong><\/p>\n<ul data-start=\"2171\" data-end=\"2868\">\n<li data-start=\"2171\" data-end=\"2298\">\n<p data-start=\"2173\" data-end=\"2298\"><strong data-start=\"2173\" data-end=\"2201\">Nikotynamid rybozyd (NR)<\/strong> \u2013 prekursor NAD+, przyspiesza odnow\u0119 kom\u00f3rkow\u0105, wspiera metabolizm, pomaga w walce ze zm\u0119czeniem<\/p>\n<\/li>\n<li data-start=\"2299\" data-end=\"2409\">\n<p data-start=\"2301\" data-end=\"2409\"><strong data-start=\"2301\" data-end=\"2316\">Koenzym Q10<\/strong> \u2013 silny antyoksydant, wspiera zdrowie serca i uk\u0142adu nerwowego, zwi\u0119ksza wydolno\u015b\u0107 organizmu<\/p>\n<\/li>\n<li data-start=\"2410\" data-end=\"2533\">\n<p data-start=\"2412\" data-end=\"2533\"><strong data-start=\"2412\" data-end=\"2443\">Ekstrakt z zielonej herbaty<\/strong> \u2013 naturalny \u015brodek wspomagaj\u0105cy metabolizm, kontrol\u0119 wagi i walk\u0119 ze stresem oksydacyjnym<\/p>\n<\/li>\n<li data-start=\"2534\" data-end=\"2644\">\n<p data-start=\"2536\" data-end=\"2644\"><strong data-start=\"2536\" data-end=\"2562\">Ekstrakt z ashwagandhy<\/strong> \u2013 znany adaptogen, poprawia odporno\u015b\u0107 na stres, wspiera regeneracj\u0119 i prac\u0119 m\u00f3zgu<\/p>\n<\/li>\n<li data-start=\"2645\" data-end=\"2764\">\n<p data-start=\"2647\" data-end=\"2764\"><strong data-start=\"2647\" data-end=\"2669\">Witaminy z grupy B<\/strong> \u2013 niezb\u0119dne dla prawid\u0142owego funkcjonowania uk\u0142adu nerwowego, energetycznego i odporno\u015bciowego<\/p>\n<\/li>\n<li data-start=\"2765\" data-end=\"2868\">\n<p data-start=\"2767\" data-end=\"2868\"><strong data-start=\"2767\" data-end=\"2784\">Magnez i cynk<\/strong> \u2013 minera\u0142y kluczowe dla pracy mi\u0119\u015bni, regeneracji i ochrony przed wolnymi rodnikami<\/p>\n<\/li>\n<\/ul>\n<p data-start=\"2870\" data-end=\"3074\">Wszystkie sk\u0142adniki zosta\u0142y wyselekcjonowane ze wzgl\u0119du na ich udowodnion\u0105 skuteczno\u015b\u0107 i bezpiecze\u0144stwo stosowania. Dzi\u0119ki synergii dzia\u0142ania, EnduNAD wspiera organizm na wielu p\u0142aszczyznach jednocze\u015bnie.<\/p>\n<p style=\"text-align: center;\" data-start=\"2870\" data-end=\"3074\"><a href=\"https:\/\/nplink.net\/gwje0r8n\"><button>www.endunad.pl<\/button><\/a><\/p>\n<h2 data-start=\"3076\" data-end=\"3115\">Efekty EnduNAD i ich charakterystyka<\/h2>\n<p data-start=\"3117\" data-end=\"3320\">Regularne stosowanie EnduNAD przynosi szereg korzy\u015bci, kt\u00f3re odczuwalne s\u0105 zar\u00f3wno w codziennym funkcjonowaniu, jak i podczas intensywnego wysi\u0142ku. W\u015br\u00f3d najcz\u0119\u015bciej raportowanych efekt\u00f3w mo\u017cna wymieni\u0107:<\/p>\n<ul data-start=\"3322\" data-end=\"4248\">\n<li data-start=\"3322\" data-end=\"3476\">\n<p data-start=\"3324\" data-end=\"3476\"><strong data-start=\"3324\" data-end=\"3355\">Zwi\u0119kszenie poziomu energii<\/strong> \u2013 ju\u017c po kilku dniach stosowania kapsu\u0142ek wiele os\u00f3b zauwa\u017ca znaczn\u0105 popraw\u0119 witalno\u015bci i zmniejszenie uczucia zm\u0119czenia<\/p>\n<\/li>\n<li data-start=\"3477\" data-end=\"3619\">\n<p data-start=\"3479\" data-end=\"3619\"><strong data-start=\"3479\" data-end=\"3508\">Przyspieszona regeneracja<\/strong> \u2013 EnduNAD wspiera odbudow\u0119 mi\u0119\u015bni i tkanek po wysi\u0142ku, skracaj\u0105c czas potrzebny na powr\u00f3t do pe\u0142nej sprawno\u015bci<\/p>\n<\/li>\n<li data-start=\"3620\" data-end=\"3744\">\n<p data-start=\"3622\" data-end=\"3744\"><strong data-start=\"3622\" data-end=\"3644\">Wzmocnienie mi\u0119\u015bni<\/strong> \u2013 regularna suplementacja wspomaga wzrost si\u0142y i masy mi\u0119\u015bniowej, poprawiaj\u0105c wytrzyma\u0142o\u015b\u0107 fizyczn\u0105<\/p>\n<\/li>\n<li data-start=\"3745\" data-end=\"3848\">\n<p data-start=\"3747\" data-end=\"3848\"><strong data-start=\"3747\" data-end=\"3774\">Skuteczna kontrola wagi<\/strong> \u2013 naturalne sk\u0142adniki wspomagaj\u0105 metabolizm i redukcj\u0119 tkanki t\u0142uszczowej<\/p>\n<\/li>\n<li data-start=\"3849\" data-end=\"4007\">\n<p data-start=\"3851\" data-end=\"4007\"><strong data-start=\"3851\" data-end=\"3885\">Wsparcie zdrowia serca i m\u00f3zgu<\/strong> \u2013 EnduNAD poprawia funkcje kognitywne, wspiera koncentracj\u0119, pami\u0119\u0107, a tak\u017ce dzia\u0142a ochronnie na uk\u0142ad sercowo-naczyniowy<\/p>\n<\/li>\n<li data-start=\"4008\" data-end=\"4141\">\n<p data-start=\"4010\" data-end=\"4141\"><strong data-start=\"4010\" data-end=\"4052\">Ochrona przed stresem i starzeniem si\u0119<\/strong> \u2013 silne antyoksydanty neutralizuj\u0105 wolne rodniki, spowalniaj\u0105c procesy starzenia kom\u00f3rek<\/p>\n<\/li>\n<li data-start=\"4142\" data-end=\"4248\">\n<p data-start=\"4144\" data-end=\"4248\"><strong data-start=\"4144\" data-end=\"4180\">Poprawa jako\u015bci snu i odporno\u015bci<\/strong> \u2013 suplement wspiera r\u00f3wnowag\u0119 hormonaln\u0105 i immunologiczn\u0105 organizmu<\/p>\n<\/li>\n<\/ul>\n<p data-start=\"4250\" data-end=\"4353\">Efekty EnduNAD s\u0105 wynikiem jego regularnego stosowania i zbilansowanej diety oraz zdrowego stylu \u017cycia.<\/p>\n<h2 data-start=\"4355\" data-end=\"4382\">Ryzyko skutk\u00f3w ubocznych<\/h2>\n<p data-start=\"4384\" data-end=\"4783\">W odr\u00f3\u017cnieniu od wielu chemicznych preparat\u00f3w na rynku, <strong data-start=\"4440\" data-end=\"4494\">EnduNAD to suplement o w pe\u0142ni naturalnym sk\u0142adzie<\/strong>. Wszystkie sk\u0142adniki zosta\u0142y dok\u0142adnie przebadane i dobrane tak, by ryzyko skutk\u00f3w ubocznych by\u0142o minimalne. W wi\u0119kszo\u015bci przypadk\u00f3w nie obserwuje si\u0119 \u017cadnych niepo\u017c\u0105danych reakcji organizmu. Suplement nie powoduje uzale\u017cnie\u0144, nie obci\u0105\u017ca w\u0105troby i nie wp\u0142ywa negatywnie na uk\u0142ad nerwowy.<\/p>\n<p data-start=\"4785\" data-end=\"5007\">Przeciwwskazania do stosowania EnduNAD s\u0105 typowe dla suplement\u00f3w diety: nie zaleca si\u0119 stosowania w przypadku uczulenia na kt\u00f3rykolwiek sk\u0142adnik preparatu oraz w czasie ci\u0105\u017cy i karmienia piersi\u0105 bez konsultacji z lekarzem.<\/p>\n<h2 data-start=\"102\" data-end=\"155\">Opinie klient\u00f3w o EnduNAD: fora po\u015bwi\u0119cone zdrowiu<\/h2>\n<p data-start=\"157\" data-end=\"796\">W dobie internetu fora po\u015bwi\u0119cone zdrowiu i suplementacji ciesz\u0105 si\u0119 w Polsce ogromn\u0105 popularno\u015bci\u0105. To w\u0142a\u015bnie tam u\u017cytkownicy dziel\u0105 si\u0119 swoimi do\u015bwiadczeniami, szukaj\u0105 porad i wymieniaj\u0105 opinie na temat nowych produkt\u00f3w. W ostatnim czasie EnduNAD zyska\u0142 spore uznanie w\u015br\u00f3d os\u00f3b, kt\u00f3re aktywnie dbaj\u0105 o swoje zdrowie i szukaj\u0105 skutecznych rozwi\u0105za\u0144 poprawiaj\u0105cych energi\u0119 i regeneracj\u0119 organizmu. Na forach internetowych pojawia si\u0119 coraz wi\u0119cej w\u0105tk\u00f3w po\u015bwi\u0119conych EnduNAD, a liczba pozytywnych opinii stale ro\u015bnie. U\u017cytkownicy podkre\u015blaj\u0105 nie tylko skuteczno\u015b\u0107 dzia\u0142ania kapsu\u0142ek, ale r\u00f3wnie\u017c ich \u0142atw\u0105 dost\u0119pno\u015b\u0107 i wygod\u0119 zamawiania.<\/p>\n<p data-start=\"798\" data-end=\"864\"><strong>Poni\u017cej prezentujemy przyk\u0142adowe, autentyczne opinie u\u017cytkownik\u00f3w:<\/strong><\/p>\n<ol>\n<li data-start=\"866\" data-end=\"1176\"><strong data-start=\"866\" data-end=\"885\">Micha\u0142, 36 lat:<\/strong><br data-start=\"885\" data-end=\"888\" \/>\u201eEnduNAD poleci\u0142 mi znajomy trener personalny. Pocz\u0105tkowo podchodzi\u0142em sceptycznie, ale ju\u017c po tygodniu stosowania zauwa\u017cy\u0142em znaczny wzrost energii i szybsz\u0105 regeneracj\u0119 po treningach. Doceniam, \u017ce suplement jest naturalny i nie wywo\u0142uje \u017cadnych skutk\u00f3w ubocznych. Zdecydowanie polecam!\u201d<\/li>\n<li data-start=\"1178\" data-end=\"1508\"><strong data-start=\"1178\" data-end=\"1196\">Anna, 44 lata:<\/strong><br data-start=\"1196\" data-end=\"1199\" \/>\u201eNa forum zdrowotnym przeczyta\u0142am o EnduNAD i postanowi\u0142am spr\u00f3bowa\u0107. Pracuj\u0119 umys\u0142owo, cz\u0119sto jestem zm\u0119czona i mia\u0142am problem z koncentracj\u0105. Po miesi\u0105cu stosowania czuj\u0119 si\u0119 znacznie lepiej, poprawi\u0142a mi si\u0119 pami\u0119\u0107, a wieczorem nie padam ju\u017c ze zm\u0119czenia. Dostawa by\u0142a szybka, a konsultant bardzo pomocny.\u201d<\/li>\n<\/ol>\n<h2 data-start=\"1510\" data-end=\"1542\">Spos\u00f3b podawania i dawkowanie<\/h2>\n<p data-start=\"1544\" data-end=\"2080\">Aby uzyska\u0107 najlepsze rezultaty, nale\u017cy stosowa\u0107 EnduNAD zgodnie z zaleceniami producenta. Suplement dost\u0119pny jest w formie wygodnych kapsu\u0142ek, kt\u00f3re \u0142atwo po\u0142kn\u0105\u0107 i mo\u017cna je przyjmowa\u0107 zar\u00f3wno w domu, jak i w pracy czy podr\u00f3\u017cy. Najcz\u0119\u015bciej rekomendowana dawka to <strong data-start=\"1808\" data-end=\"1833\">1-2 kapsu\u0142ki dziennie<\/strong>, najlepiej rano, popijaj\u0105c szklank\u0105 wody. W przypadku intensywnych trening\u00f3w lub wzmo\u017conego wysi\u0142ku psychicznego, mo\u017cna skonsultowa\u0107 dawkowanie ze specjalist\u0105. Regularno\u015b\u0107 stosowania jest kluczowa dla osi\u0105gni\u0119cia pe\u0142nych korzy\u015bci z suplementacji.<\/p>\n<h2 data-start=\"2082\" data-end=\"2112\">Kup teraz EnduNAD z dostaw\u0105<\/h2>\n<p data-start=\"2114\" data-end=\"2782\">Zakup EnduNAD jest wyj\u0105tkowo prosty i bezpieczny. Produkt mo\u017cna zam\u00f3wi\u0107 online bez konieczno\u015bci wcze\u015bniejszej p\u0142atno\u015bci \u2013 <strong data-start=\"2236\" data-end=\"2306\">op\u0142ata za suplement pobierana jest dopiero przy odbiorze przesy\u0142ki<\/strong>. Dzi\u0119ki temu masz pewno\u015b\u0107, \u017ce otrzymasz oryginalny produkt bez ryzyka utraty pieni\u0119dzy. Standardowy czas dostawy wynosi <strong data-start=\"2427\" data-end=\"2464\">3-4 dni robocze na terenie Polski<\/strong>. Ka\u017cde zam\u00f3wienie jest potwierdzane telefonicznie przez wykwalifikowanego konsultanta, kt\u00f3ry nie tylko odpowie na pytania dotycz\u0105ce produktu, ale r\u00f3wnie\u017c doradzi w kwestii dawkowania i poinformuje o aktualnych promocjach. To wygodne i bezpieczne rozwi\u0105zanie dla ka\u017cdego, kto ceni sobie komfort zakup\u00f3w przez internet.<\/p>\n<p style=\"text-align: center;\" data-start=\"2114\" data-end=\"2782\"><a href=\"https:\/\/nplink.net\/gwje0r8n\"><button>Zakup na stronie producenta (-50%)<\/button><\/a><\/p>\n<h2 data-start=\"2784\" data-end=\"2830\">Por\u00f3wnanie ofert: ceny i dost\u0119pno\u015b\u0107 EnduNAD<\/h2>\n<p data-start=\"2832\" data-end=\"3511\">Producent EnduNAD od samego pocz\u0105tku stawia na <strong data-start=\"2879\" data-end=\"2929\">maksymaln\u0105 dost\u0119pno\u015b\u0107 i transparentno\u015b\u0107 oferty<\/strong> dla polskich konsument\u00f3w. Z tego powodu suplement mo\u017cna kupi\u0107 wy\u0142\u0105cznie <strong data-start=\"3002\" data-end=\"3051\">na oficjalnej stronie internetowej producenta<\/strong> \u2013 bez po\u015brednik\u00f3w i dodatkowych mar\u017c. To gwarantuje atrakcyjn\u0105 cen\u0119 i oryginalno\u015b\u0107 produktu. Co wi\u0119cej, na stronie regularnie pojawiaj\u0105 si\u0119 promocje i zni\u017cki, kt\u00f3rych aktualno\u015b\u0107 warto sprawdza\u0107 na bie\u017c\u0105co. Dzi\u0119ki temu EnduNAD nie jest dost\u0119pny w stacjonarnych aptekach ani na aukcjach, co zapobiega ryzyku zakupu podrobionych produkt\u00f3w. Wybieraj\u0105c zakup bezpo\u015brednio od producenta, masz pewno\u015b\u0107 najwy\u017cszej jako\u015bci, szybkiej dostawy i profesjonalnego wsparcia.<\/p>\n","protected":false},"excerpt":{"rendered":"<p style=\"text-align: center;\"><a href=\"https:\/\/nplink.net\/gwje0r8n\"><button>Kup teraz<\/button><\/a><\/p>\n<p>SKU: 001<span class=\"sku\">.135.100<\/span><\/p>\n<hr \/>\n<p><small>Produkt sprzedawany jest wy\u0142\u0105cznie za po\u015brednictwem oficjalnej strony producenta, id\u017a i kupuj bezpiecznie!<\/small><\/p>\n","protected":false},"featured_media":1298,"comment_status":"open","ping_status":"closed","template":"","meta":[],"product_brand":[],"product_cat":[15],"product_tag":[],"class_list":{"0":"post-1297","1":"product","2":"type-product","3":"status-publish","4":"has-post-thumbnail","6":"product_cat-supl","7":"thunk-woo-product-list","8":"opn-qv-enable","9":"top-store-woo-hover-","10":"top-store-single-product-tab-horizontal","11":"top-store-shadow-","12":"top-store-shadow-hover-","14":"first","15":"instock","16":"shipping-taxable","17":"purchasable","18":"product-type-simple"},"yoast_head":"<!-- This site is optimized with the Yoast SEO plugin v27.4 - https:\/\/yoast.com\/product\/yoast-seo-wordpress\/ -->\n<title>EnduNAD - kup suplement, cena w aptece, sk\u0142ad, dzia\u0142anie<\/title>\n<meta name=\"robots\" content=\"index, follow, max-snippet:-1, max-image-preview:large, max-video-preview:-1\" \/>\n<link rel=\"canonical\" href=\"https:\/\/lekarzeopole.pl\/wordpress\/product\/endunad\/\" \/>\n<meta property=\"og:locale\" content=\"pl_PL\" \/>\n<meta property=\"og:type\" content=\"article\" \/>\n<meta property=\"og:title\" content=\"EnduNAD - kup suplement, cena w aptece, sk\u0142ad, dzia\u0142anie\" \/>\n<meta property=\"og:description\" content=\"Kup teraz SKU: 001.135.100    Produkt sprzedawany jest wy\u0142\u0105cznie za po\u015brednictwem oficjalnej strony producenta, id\u017a i kupuj bezpiecznie!\" \/>\n<meta property=\"og:url\" content=\"https:\/\/lekarzeopole.pl\/wordpress\/product\/endunad\/\" \/>\n<meta property=\"og:site_name\" content=\"Lekarze Opole\" \/>\n<meta property=\"og:image\" content=\"https:\/\/lekarzeopole.pl\/wordpress\/wp-content\/uploads\/2025\/05\/endunad.webp\" \/>\n\t<meta property=\"og:image:width\" content=\"400\" \/>\n\t<meta property=\"og:image:height\" content=\"400\" \/>\n\t<meta property=\"og:image:type\" content=\"image\/webp\" \/>\n<meta name=\"twitter:card\" content=\"summary_large_image\" \/>\n<meta name=\"twitter:label1\" content=\"Szacowany czas czytania\" \/>\n\t<meta name=\"twitter:data1\" content=\"7 minut\" \/>\n<script type=\"application\/ld+json\" class=\"yoast-schema-graph\">{\"@context\":\"https:\\\/\\\/schema.org\",\"@graph\":[{\"@type\":\"WebPage\",\"@id\":\"https:\\\/\\\/lekarzeopole.pl\\\/wordpress\\\/product\\\/endunad\\\/\",\"url\":\"https:\\\/\\\/lekarzeopole.pl\\\/wordpress\\\/product\\\/endunad\\\/\",\"name\":\"EnduNAD - kup suplement, cena w aptece, sk\u0142ad, dzia\u0142anie\",\"isPartOf\":{\"@id\":\"https:\\\/\\\/lekarzeopole.pl\\\/wordpress\\\/#website\"},\"primaryImageOfPage\":{\"@id\":\"https:\\\/\\\/lekarzeopole.pl\\\/wordpress\\\/product\\\/endunad\\\/#primaryimage\"},\"image\":{\"@id\":\"https:\\\/\\\/lekarzeopole.pl\\\/wordpress\\\/product\\\/endunad\\\/#primaryimage\"},\"thumbnailUrl\":\"https:\\\/\\\/lekarzeopole.pl\\\/wordpress\\\/wp-content\\\/uploads\\\/2025\\\/05\\\/endunad.webp\",\"datePublished\":\"2025-05-28T07:46:33+00:00\",\"breadcrumb\":{\"@id\":\"https:\\\/\\\/lekarzeopole.pl\\\/wordpress\\\/product\\\/endunad\\\/#breadcrumb\"},\"inLanguage\":\"pl-PL\",\"potentialAction\":[{\"@type\":\"ReadAction\",\"target\":[\"https:\\\/\\\/lekarzeopole.pl\\\/wordpress\\\/product\\\/endunad\\\/\"]}]},{\"@type\":\"ImageObject\",\"inLanguage\":\"pl-PL\",\"@id\":\"https:\\\/\\\/lekarzeopole.pl\\\/wordpress\\\/product\\\/endunad\\\/#primaryimage\",\"url\":\"https:\\\/\\\/lekarzeopole.pl\\\/wordpress\\\/wp-content\\\/uploads\\\/2025\\\/05\\\/endunad.webp\",\"contentUrl\":\"https:\\\/\\\/lekarzeopole.pl\\\/wordpress\\\/wp-content\\\/uploads\\\/2025\\\/05\\\/endunad.webp\",\"width\":400,\"height\":400,\"caption\":\"EnduNAD\"},{\"@type\":\"BreadcrumbList\",\"@id\":\"https:\\\/\\\/lekarzeopole.pl\\\/wordpress\\\/product\\\/endunad\\\/#breadcrumb\",\"itemListElement\":[{\"@type\":\"ListItem\",\"position\":1,\"name\":\"\u0413\u043b\u0430\u0432\u043d\u0430\u044f \u0441\u0442\u0440\u0430\u043d\u0438\u0446\u0430\",\"item\":\"https:\\\/\\\/lekarzeopole.pl\\\/wordpress\\\/\"},{\"@type\":\"ListItem\",\"position\":2,\"name\":\"Zakup\",\"item\":\"https:\\\/\\\/lekarzeopole.pl\\\/wordpress\\\/\"},{\"@type\":\"ListItem\",\"position\":3,\"name\":\"EnduNAD\"}]},{\"@type\":\"WebSite\",\"@id\":\"https:\\\/\\\/lekarzeopole.pl\\\/wordpress\\\/#website\",\"url\":\"https:\\\/\\\/lekarzeopole.pl\\\/wordpress\\\/\",\"name\":\"Lekarze Opole\",\"description\":\"\",\"potentialAction\":[{\"@type\":\"SearchAction\",\"target\":{\"@type\":\"EntryPoint\",\"urlTemplate\":\"https:\\\/\\\/lekarzeopole.pl\\\/wordpress\\\/?s={search_term_string}\"},\"query-input\":{\"@type\":\"PropertyValueSpecification\",\"valueRequired\":true,\"valueName\":\"search_term_string\"}}],\"inLanguage\":\"pl-PL\"}]}<\/script>\n<!-- \/ Yoast SEO plugin. -->","yoast_head_json":{"title":"EnduNAD - kup suplement, cena w aptece, sk\u0142ad, dzia\u0142anie","robots":{"index":"index","follow":"follow","max-snippet":"max-snippet:-1","max-image-preview":"max-image-preview:large","max-video-preview":"max-video-preview:-1"},"canonical":"https:\/\/lekarzeopole.pl\/wordpress\/product\/endunad\/","og_locale":"pl_PL","og_type":"article","og_title":"EnduNAD - kup suplement, cena w aptece, sk\u0142ad, dzia\u0142anie","og_description":"Kup teraz SKU: 001.135.100    Produkt sprzedawany jest wy\u0142\u0105cznie za po\u015brednictwem oficjalnej strony producenta, id\u017a i kupuj bezpiecznie!","og_url":"https:\/\/lekarzeopole.pl\/wordpress\/product\/endunad\/","og_site_name":"Lekarze Opole","og_image":[{"width":400,"height":400,"url":"https:\/\/lekarzeopole.pl\/wordpress\/wp-content\/uploads\/2025\/05\/endunad.webp","type":"image\/webp"}],"twitter_card":"summary_large_image","twitter_misc":{"Szacowany czas czytania":"7 minut"},"schema":{"@context":"https:\/\/schema.org","@graph":[{"@type":"WebPage","@id":"https:\/\/lekarzeopole.pl\/wordpress\/product\/endunad\/","url":"https:\/\/lekarzeopole.pl\/wordpress\/product\/endunad\/","name":"EnduNAD - kup suplement, cena w aptece, sk\u0142ad, dzia\u0142anie","isPartOf":{"@id":"https:\/\/lekarzeopole.pl\/wordpress\/#website"},"primaryImageOfPage":{"@id":"https:\/\/lekarzeopole.pl\/wordpress\/product\/endunad\/#primaryimage"},"image":{"@id":"https:\/\/lekarzeopole.pl\/wordpress\/product\/endunad\/#primaryimage"},"thumbnailUrl":"https:\/\/lekarzeopole.pl\/wordpress\/wp-content\/uploads\/2025\/05\/endunad.webp","datePublished":"2025-05-28T07:46:33+00:00","breadcrumb":{"@id":"https:\/\/lekarzeopole.pl\/wordpress\/product\/endunad\/#breadcrumb"},"inLanguage":"pl-PL","potentialAction":[{"@type":"ReadAction","target":["https:\/\/lekarzeopole.pl\/wordpress\/product\/endunad\/"]}]},{"@type":"ImageObject","inLanguage":"pl-PL","@id":"https:\/\/lekarzeopole.pl\/wordpress\/product\/endunad\/#primaryimage","url":"https:\/\/lekarzeopole.pl\/wordpress\/wp-content\/uploads\/2025\/05\/endunad.webp","contentUrl":"https:\/\/lekarzeopole.pl\/wordpress\/wp-content\/uploads\/2025\/05\/endunad.webp","width":400,"height":400,"caption":"EnduNAD"},{"@type":"BreadcrumbList","@id":"https:\/\/lekarzeopole.pl\/wordpress\/product\/endunad\/#breadcrumb","itemListElement":[{"@type":"ListItem","position":1,"name":"\u0413\u043b\u0430\u0432\u043d\u0430\u044f \u0441\u0442\u0440\u0430\u043d\u0438\u0446\u0430","item":"https:\/\/lekarzeopole.pl\/wordpress\/"},{"@type":"ListItem","position":2,"name":"Zakup","item":"https:\/\/lekarzeopole.pl\/wordpress\/"},{"@type":"ListItem","position":3,"name":"EnduNAD"}]},{"@type":"WebSite","@id":"https:\/\/lekarzeopole.pl\/wordpress\/#website","url":"https:\/\/lekarzeopole.pl\/wordpress\/","name":"Lekarze Opole","description":"","potentialAction":[{"@type":"SearchAction","target":{"@type":"EntryPoint","urlTemplate":"https:\/\/lekarzeopole.pl\/wordpress\/?s={search_term_string}"},"query-input":{"@type":"PropertyValueSpecification","valueRequired":true,"valueName":"search_term_string"}}],"inLanguage":"pl-PL"}]}},"_links":{"self":[{"href":"https:\/\/lekarzeopole.pl\/wordpress\/wp-json\/wp\/v2\/product\/1297","targetHints":{"allow":["GET"]}}],"collection":[{"href":"https:\/\/lekarzeopole.pl\/wordpress\/wp-json\/wp\/v2\/product"}],"about":[{"href":"https:\/\/lekarzeopole.pl\/wordpress\/wp-json\/wp\/v2\/types\/product"}],"replies":[{"embeddable":true,"href":"https:\/\/lekarzeopole.pl\/wordpress\/wp-json\/wp\/v2\/comments?post=1297"}],"wp:featuredmedia":[{"embeddable":true,"href":"https:\/\/lekarzeopole.pl\/wordpress\/wp-json\/wp\/v2\/media\/1298"}],"wp:attachment":[{"href":"https:\/\/lekarzeopole.pl\/wordpress\/wp-json\/wp\/v2\/media?parent=1297"}],"wp:term":[{"taxonomy":"product_brand","embeddable":true,"href":"https:\/\/lekarzeopole.pl\/wordpress\/wp-json\/wp\/v2\/product_brand?post=1297"},{"taxonomy":"product_cat","embeddable":true,"href":"https:\/\/lekarzeopole.pl\/wordpress\/wp-json\/wp\/v2\/product_cat?post=1297"},{"taxonomy":"product_tag","embeddable":true,"href":"https:\/\/lekarzeopole.pl\/wordpress\/wp-json\/wp\/v2\/product_tag?post=1297"}],"curies":[{"name":"wp","href":"https:\/\/api.w.org\/{rel}","templated":true}]}}