{"id":1293,"date":"2025-05-28T07:36:51","date_gmt":"2025-05-28T07:36:51","guid":{"rendered":"https:\/\/lekarzeopole.pl\/wordpress\/?post_type=product&#038;p=1293"},"modified":"2025-05-28T11:26:37","modified_gmt":"2025-05-28T11:26:37","slug":"my-collaxin","status":"publish","type":"product","link":"https:\/\/lekarzeopole.pl\/wordpress\/product\/my-collaxin\/","title":{"rendered":"My Collaxin"},"content":{"rendered":"<p data-start=\"325\" data-end=\"895\">Wsp\u00f3\u0142czesne tempo \u017cycia oraz czynniki \u015brodowiskowe coraz cz\u0119\u015bciej wp\u0142ywaj\u0105 na pojawianie si\u0119 problem\u00f3w ze stawami i deformacjami st\u00f3p, takimi jak haluks (hallux valgus). Wielu pacjent\u00f3w poszukuje skutecznych, ale przede wszystkim bezpiecznych rozwi\u0105za\u0144 opartych na naturalnych komponentach. Odpowiedzi\u0105 na te potrzeby jest <strong data-start=\"648\" data-end=\"663\">My Collaxin<\/strong> \u2013 innowacyjne kapsu\u0142ki do walki z walgusem oraz wsparcie zdrowia staw\u00f3w. Dzi\u0119ki unikalnemu po\u0142\u0105czeniu ekstrakt\u00f3w ro\u015blinnych i substancji aktywnych, My Collaxin zdobywa coraz wi\u0119ksze uznanie w\u015br\u00f3d u\u017cytkownik\u00f3w w Polsce i za granic\u0105.<\/p>\n<h2 data-start=\"897\" data-end=\"935\">Wskazania do stosowania My Collaxin<\/h2>\n<p data-start=\"937\" data-end=\"1147\">My Collaxin to preparat, kt\u00f3ry zosta\u0142 stworzony z my\u015bl\u0105 o osobach cierpi\u0105cych na schorzenia zwi\u0105zane ze stawami i deformacj\u0105 palucha ko\u015blawego (hallux valgus). <strong data-start=\"1097\" data-end=\"1147\">G\u0142\u00f3wne wskazania do stosowania My Collaxin to:<\/strong><\/p>\n<ul data-start=\"1149\" data-end=\"1622\">\n<li data-start=\"1149\" data-end=\"1242\">\n<p data-start=\"1151\" data-end=\"1242\">B\u00f3l i sztywno\u015b\u0107 staw\u00f3w \u2013 zar\u00f3wno u os\u00f3b starszych, jak i m\u0142odszych z aktywnym trybem \u017cycia.<\/p>\n<\/li>\n<li data-start=\"1243\" data-end=\"1326\">\n<p data-start=\"1245\" data-end=\"1326\">Problemy z ruchomo\u015bci\u0105 staw\u00f3w, ograniczenie zakresu ruchu oraz sztywno\u015b\u0107 poranna.<\/p>\n<\/li>\n<li data-start=\"1327\" data-end=\"1404\">\n<p data-start=\"1329\" data-end=\"1404\">Deformacja palucha (haluks), opuchlizna oraz przewlek\u0142e stany zapalne st\u00f3p.<\/p>\n<\/li>\n<li data-start=\"1405\" data-end=\"1534\">\n<p data-start=\"1407\" data-end=\"1534\">Profilaktyka chor\u00f3b staw\u00f3w, szczeg\u00f3lnie u os\u00f3b nara\u017conych na obci\u0105\u017cenia mechaniczne (np. sportowcy, osoby pracuj\u0105ce fizycznie).<\/p>\n<\/li>\n<li data-start=\"1535\" data-end=\"1622\">\n<p data-start=\"1537\" data-end=\"1622\">Wspomaganie regeneracji po urazach oraz zapobieganie nawrotom dolegliwo\u015bci stawowych.<\/p>\n<\/li>\n<\/ul>\n<p data-start=\"1624\" data-end=\"1764\">Stosowanie My Collaxin zalecane jest r\u00f3wnie\u017c jako uzupe\u0142nienie diety w sk\u0142adniki wspieraj\u0105ce odbudow\u0119 chrz\u0105stki i redukcj\u0119 stan\u00f3w zapalnych.<\/p>\n<h2 data-start=\"1766\" data-end=\"1809\">Sk\u0142ad i dzia\u0142anie sk\u0142adnik\u00f3w My Collaxin<\/h2>\n<p data-start=\"1811\" data-end=\"2099\">Formu\u0142a My Collaxin zosta\u0142a opracowana w taki spos\u00f3b, aby maksymalnie wykorzysta\u0107 <strong data-start=\"1893\" data-end=\"1925\">si\u0142\u0119 naturalnych komponent\u00f3w<\/strong>. Ka\u017cda kapsu\u0142ka zawiera wyselekcjonowane ekstrakty ro\u015blinne i sk\u0142adniki bioaktywne o potwierdzonym dzia\u0142aniu na stawy i tkanki mi\u0119kkie. Najwa\u017cniejsze sk\u0142adniki preparatu to:<\/p>\n<ul data-start=\"2101\" data-end=\"3003\">\n<li data-start=\"2101\" data-end=\"2211\">\n<p data-start=\"2103\" data-end=\"2211\"><strong data-start=\"2103\" data-end=\"2122\">Kolagen typu II<\/strong> \u2013 kluczowy dla odbudowy chrz\u0105stki stawowej, poprawia elastyczno\u015b\u0107 i wytrzyma\u0142o\u015b\u0107 staw\u00f3w.<\/p>\n<\/li>\n<li data-start=\"2212\" data-end=\"2350\">\n<p data-start=\"2214\" data-end=\"2350\"><strong data-start=\"2214\" data-end=\"2236\">Ekstrakt z kurkumy<\/strong> \u2013 silny naturalny antyoksydant i \u015brodek przeciwzapalny, kt\u00f3ry \u0142agodzi dolegliwo\u015bci b\u00f3lowe oraz ogranicza obrz\u0119ki.<\/p>\n<\/li>\n<li data-start=\"2351\" data-end=\"2476\">\n<p data-start=\"2353\" data-end=\"2476\"><strong data-start=\"2353\" data-end=\"2374\">Boswellia serrata<\/strong> \u2013 wspomaga walk\u0119 z przewlek\u0142ymi stanami zapalnymi, poprawia kr\u0105\u017cenie krwi w tkankach i zmniejsza b\u00f3l.<\/p>\n<\/li>\n<li data-start=\"2477\" data-end=\"2578\">\n<p data-start=\"2479\" data-end=\"2578\"><strong data-start=\"2479\" data-end=\"2497\">Imbir lekarski<\/strong> \u2013 znany z w\u0142a\u015bciwo\u015bci \u0142agodz\u0105cych obrz\u0119ki oraz zmniejszaj\u0105cych sztywno\u015b\u0107 staw\u00f3w.<\/p>\n<\/li>\n<li data-start=\"2579\" data-end=\"2667\">\n<p data-start=\"2581\" data-end=\"2667\"><strong data-start=\"2581\" data-end=\"2595\">Witamina C<\/strong> \u2013 wspiera syntez\u0119 kolagenu i chroni kom\u00f3rki przed stresem oksydacyjnym.<\/p>\n<\/li>\n<li data-start=\"2668\" data-end=\"2749\">\n<p data-start=\"2670\" data-end=\"2749\"><strong data-start=\"2670\" data-end=\"2696\">Ekstrakt z kadzid\u0142owca<\/strong> \u2013 wzmacnia dzia\u0142anie przeciwzapalne i regeneracyjne.<\/p>\n<\/li>\n<li data-start=\"2750\" data-end=\"2883\">\n<p data-start=\"2752\" data-end=\"2883\"><strong data-start=\"2752\" data-end=\"2782\">MSM (metylosulfonylometan)<\/strong> \u2013 naturalny zwi\u0105zek siarki poprawiaj\u0105cy elastyczno\u015b\u0107 tkanki \u0142\u0105cznej i wspieraj\u0105cy procesy naprawcze.<\/p>\n<\/li>\n<li data-start=\"2884\" data-end=\"3003\">\n<p data-start=\"2886\" data-end=\"3003\"><strong data-start=\"2886\" data-end=\"2916\">Glukozamina i chondroityna<\/strong> \u2013 wspieraj\u0105 odbudow\u0119 chrz\u0105stki oraz dzia\u0142aj\u0105 profilaktycznie przeciwko jej degradacji.<\/p>\n<\/li>\n<\/ul>\n<p data-start=\"3005\" data-end=\"3233\">Po\u0142\u0105czenie tych sk\u0142adnik\u00f3w sprawia, \u017ce <strong data-start=\"3044\" data-end=\"3059\">My Collaxin<\/strong> dzia\u0142a wielotorowo: nie tylko \u0142agodzi objawy b\u00f3lu i stanu zapalnego, ale tak\u017ce realnie wp\u0142ywa na popraw\u0119 struktury i funkcjonowania staw\u00f3w oraz zmniejsza deformacje palucha.<\/p>\n<p style=\"text-align: center;\" data-start=\"3005\" data-end=\"3233\"><a href=\"https:\/\/keonv.com\/NnpS?sub1=sub1&amp;sub2=sub2&amp;sub3=sub3&amp;sub4=sub4&amp;sub5=sub5\"><button>www.my-collaxin.pl<\/button><\/a><\/p>\n<h2 data-start=\"3235\" data-end=\"3278\">Efekty My Collaxin i ich charakterystyka<\/h2>\n<p data-start=\"3280\" data-end=\"3508\">Dzi\u0119ki systematycznemu stosowaniu My Collaxin mo\u017cna oczekiwa\u0107 szeregu korzystnych efekt\u00f3w zdrowotnych, potwierdzonych licznymi opiniami u\u017cytkownik\u00f3w oraz badaniami klinicznymi. <strong data-start=\"3457\" data-end=\"3508\">Najwa\u017cniejsze efekty stosowania My Collaxin to:<\/strong><\/p>\n<ul data-start=\"3510\" data-end=\"3975\">\n<li data-start=\"3510\" data-end=\"3582\">\n<p data-start=\"3512\" data-end=\"3582\">Zmniejszenie b\u00f3lu i sztywno\u015bci staw\u00f3w ju\u017c po kilku tygodniach kuracji.<\/p>\n<\/li>\n<li data-start=\"3583\" data-end=\"3650\">\n<p data-start=\"3585\" data-end=\"3650\">Poprawa ruchomo\u015bci i zwi\u0119kszenie zakresu ruch\u00f3w w obr\u0119bie staw\u00f3w.<\/p>\n<\/li>\n<li data-start=\"3651\" data-end=\"3708\">\n<p data-start=\"3653\" data-end=\"3708\">Redukcja obrz\u0119k\u00f3w i stan\u00f3w zapalnych st\u00f3p oraz palucha.<\/p>\n<\/li>\n<li data-start=\"3709\" data-end=\"3785\">\n<p data-start=\"3711\" data-end=\"3785\">Stopniowe prostowanie deformacji hallux valgus oraz poprawa wygl\u0105du stopy.<\/p>\n<\/li>\n<li data-start=\"3786\" data-end=\"3892\">\n<p data-start=\"3788\" data-end=\"3892\">Zwi\u0119kszenie komfortu codziennego funkcjonowania \u2013 zar\u00f3wno podczas chodzenia, jak i aktywno\u015bci sportowej.<\/p>\n<\/li>\n<li data-start=\"3893\" data-end=\"3975\">\n<p data-start=\"3895\" data-end=\"3975\">Wzmocnienie struktury chrz\u0105stki stawowej oraz zapobieganie dalszym uszkodzeniom.<\/p>\n<\/li>\n<\/ul>\n<p data-start=\"3977\" data-end=\"4141\">Regularne przyjmowanie kapsu\u0142ek pozwala nie tylko z\u0142agodzi\u0107 objawy, ale r\u00f3wnie\u017c wspomaga procesy regeneracyjne organizmu oraz poprawia og\u00f3ln\u0105 kondycj\u0119 uk\u0142adu ruchu.<\/p>\n<h2 data-start=\"4143\" data-end=\"4170\">Ryzyko skutk\u00f3w ubocznych<\/h2>\n<p data-start=\"4172\" data-end=\"4518\">Jednym z najwi\u0119kszych atut\u00f3w preparatu My Collaxin jest <strong data-start=\"4228\" data-end=\"4251\">jego bezpiecze\u0144stwo<\/strong>. Kapsu\u0142ki zosta\u0142y opracowane wy\u0142\u0105cznie na bazie naturalnych sk\u0142adnik\u00f3w, co minimalizuje ryzyko wyst\u0105pienia dzia\u0142a\u0144 niepo\u017c\u0105danych. Produkt jest odpowiedni tak\u017ce dla os\u00f3b z wra\u017cliwym uk\u0142adem trawiennym i nie wywo\u0142uje skutk\u00f3w ubocznych typowych dla lek\u00f3w syntetycznych.<\/p>\n<p data-start=\"4520\" data-end=\"4757\">Wi\u0119kszo\u015b\u0107 u\u017cytkownik\u00f3w nie zg\u0142asza \u017cadnych nieprzyjemnych reakcji po zastosowaniu My Collaxin. Nale\u017cy jednak pami\u0119ta\u0107, \u017ce w przypadku uczulenia na kt\u00f3rykolwiek ze sk\u0142adnik\u00f3w, nale\u017cy skonsultowa\u0107 si\u0119 z lekarzem przed rozpocz\u0119ciem kuracji.<\/p>\n<p data-start=\"4759\" data-end=\"5093\">My Collaxin to innowacyjne rozwi\u0105zanie dla os\u00f3b szukaj\u0105cych naturalnej, skutecznej i bezpiecznej pomocy na problemy ze stawami i deformacjami palucha. Dzi\u0119ki starannie dobranej kompozycji sk\u0142adnik\u00f3w, preparat zapewnia kompleksowe wsparcie, poprawia komfort \u017cycia i pozwala wr\u00f3ci\u0107 do aktywno\u015bci bez b\u00f3lu i ogranicze\u0144.<\/p>\n<h2 data-start=\"92\" data-end=\"149\">Opinie klient\u00f3w o My Collaxin: fora po\u015bwi\u0119cone zdrowiu<\/h2>\n<p data-start=\"151\" data-end=\"791\">W Polsce ro\u015bnie popularno\u015b\u0107 for\u00f3w internetowych po\u015bwi\u0119conych zdrowiu, gdzie u\u017cytkownicy dziel\u0105 si\u0119 swoimi do\u015bwiadczeniami i rekomendacjami dotycz\u0105cymi suplement\u00f3w diety i preparat\u00f3w wspieraj\u0105cych zdrowie staw\u00f3w oraz walk\u0119 z halluksem. <strong data-start=\"386\" data-end=\"401\">My Collaxin<\/strong> coraz cz\u0119\u015bciej pojawia si\u0119 w takich dyskusjach, poniewa\u017c zdobywa uznanie w\u015br\u00f3d os\u00f3b borykaj\u0105cych si\u0119 z problemami staw\u00f3w i deformacj\u0105 palucha. Liczne wpisy i recenzje podkre\u015blaj\u0105 nie tylko skuteczno\u015b\u0107 dzia\u0142ania kapsu\u0142ek, ale tak\u017ce ich dost\u0119pno\u015b\u0107 oraz atrakcyjn\u0105 cen\u0119. Zdecydowana wi\u0119kszo\u015b\u0107 u\u017cytkownik\u00f3w opisuje pozytywne efekty stosowania i podkre\u015bla bezpiecze\u0144stwo naturalnych sk\u0142adnik\u00f3w.<\/p>\n<p data-start=\"793\" data-end=\"829\"><strong data-start=\"793\" data-end=\"829\">Przyk\u0142adowe opinie u\u017cytkownik\u00f3w:<\/strong><\/p>\n<ol>\n<li data-start=\"831\" data-end=\"1190\"><strong data-start=\"831\" data-end=\"856\">Anna, 46 lat, Krak\u00f3w:<\/strong><br data-start=\"856\" data-end=\"859\" \/>\u201ePo d\u0142ugich poszukiwaniach odpowiedniego preparatu w ko\u0144cu trafi\u0142am na My Collaxin na jednym z for\u00f3w internetowych. Ju\u017c po miesi\u0105cu stosowania zauwa\u017cy\u0142am wyra\u017an\u0105 popraw\u0119 \u2013 b\u00f3l w stawach wyra\u017anie si\u0119 zmniejszy\u0142, a opuchlizna wok\u00f3\u0142 palucha znikn\u0119\u0142a. Dodatkowo zam\u00f3wienie by\u0142o szybkie i bezproblemowe, nie musia\u0142am nic p\u0142aci\u0107 z g\u00f3ry.\u201d<\/li>\n<li data-start=\"1192\" data-end=\"1487\"><strong data-start=\"1192\" data-end=\"1220\">Marek, 54 lata, Wroc\u0142aw:<\/strong><br data-start=\"1220\" data-end=\"1223\" \/>\u201ePolecam ka\u017cdemu, kto ma problemy ze stawami lub haluksami. Stosuj\u0119 My Collaxin od dw\u00f3ch miesi\u0119cy i widz\u0119, jak wraca mi sprawno\u015b\u0107 i komfort chodzenia. Du\u017cy plus za naturalny sk\u0142ad i brak skutk\u00f3w ubocznych. Cena przyst\u0119pna, a kontakt z konsultantem bardzo pomocny!\u201d<\/li>\n<\/ol>\n<h2 data-start=\"1489\" data-end=\"1521\">Spos\u00f3b podawania i dawkowanie<\/h2>\n<p data-start=\"1523\" data-end=\"2040\">Aby osi\u0105gn\u0105\u0107 najlepsze rezultaty, nale\u017cy stosowa\u0107 My Collaxin zgodnie z zaleceniami producenta. Kapsu\u0142ki przyjmuje si\u0119 doustnie, popijaj\u0105c du\u017c\u0105 ilo\u015bci\u0105 wody. Standardowa dawka to <strong data-start=\"1702\" data-end=\"1727\">1-2 kapsu\u0142ki dziennie<\/strong>, w zale\u017cno\u015bci od stopnia nasilenia objaw\u00f3w oraz indywidualnych potrzeb organizmu. Zaleca si\u0119 regularne stosowanie przez minimum 30 dni, aby odczu\u0107 pe\u0142ne efekty preparatu. W przypadku w\u0105tpliwo\u015bci dotycz\u0105cych dawkowania, warto skonsultowa\u0107 si\u0119 z doradc\u0105 podczas potwierdzenia zam\u00f3wienia lub z lekarzem prowadz\u0105cym.<\/p>\n<h2 data-start=\"2042\" data-end=\"2076\">Kup teraz My Collaxin z dostaw\u0105<\/h2>\n<p data-start=\"2078\" data-end=\"2460\">Zakup My Collaxin jest niezwykle prosty i bezpieczny. Wystarczy odwiedzi\u0107 <strong data-start=\"2152\" data-end=\"2195\">oficjaln\u0105 stron\u0119 internetow\u0105 producenta<\/strong> i wype\u0142ni\u0107 kr\u00f3tki formularz zam\u00f3wienia. Co istotne, <strong data-start=\"2248\" data-end=\"2287\">nie trzeba p\u0142aci\u0107 za produkt z g\u00f3ry<\/strong> \u2013 op\u0142ata za kapsu\u0142ki odbywa si\u0119 dopiero przy odbiorze przesy\u0142ki (tzw. p\u0142atno\u015b\u0107 za pobraniem). Dzi\u0119ki temu masz pewno\u015b\u0107, \u017ce otrzymujesz oryginalny produkt bez \u017cadnych ryzyk.<\/p>\n<p data-start=\"2462\" data-end=\"2775\">Dostawa realizowana jest na terenie ca\u0142ej Polski i zazwyczaj trwa <strong data-start=\"2528\" data-end=\"2547\">3-4 dni robocze<\/strong>. Ka\u017cde zam\u00f3wienie jest dodatkowo potwierdzane telefonicznie przez specjalist\u0119, kt\u00f3ry mo\u017ce doradzi\u0107 w kwestii dawkowania, odpowiedzi na pytania dotycz\u0105ce sk\u0142adu oraz poinformowa\u0107 o aktualnych promocjach czy ofertach specjalnych.<\/p>\n<p style=\"text-align: center;\" data-start=\"2462\" data-end=\"2775\"><a href=\"https:\/\/keonv.com\/NnpS?sub1=sub1&amp;sub2=sub2&amp;sub3=sub3&amp;sub4=sub4&amp;sub5=sub5\"><button>Zakup na stronie producenta (-50%)<\/button><\/a><\/p>\n<h2 data-start=\"2777\" data-end=\"2827\">Por\u00f3wnanie ofert: ceny i dost\u0119pno\u015b\u0107 My Collaxin<\/h2>\n<p data-start=\"2829\" data-end=\"3154\">Producent My Collaxin od pocz\u0105tku stawia na <strong data-start=\"2873\" data-end=\"2904\">dost\u0119pno\u015b\u0107 i bezpiecze\u0144stwo<\/strong> swoich klient\u00f3w. Dlatego oryginalny preparat mo\u017cna kupi\u0107 wy\u0142\u0105cznie na oficjalnej stronie internetowej producenta \u2013 bez udzia\u0142u po\u015brednik\u00f3w i bez dodatkowych mar\u017c. Taka polityka pozwala utrzyma\u0107 przyst\u0119pn\u0105 cen\u0119 i gwarantuje najwy\u017csz\u0105 jako\u015b\u0107 produktu.<\/p>\n<p data-start=\"3156\" data-end=\"3480\">Warto podkre\u015bli\u0107, \u017ce w tradycyjnych aptekach stacjonarnych My Collaxin nie jest dost\u0119pny \u2013 decyzja ta ma na celu ochron\u0119 przed podr\u00f3bkami i fa\u0142szywymi ofertami. Dodatkowo, na stronie producenta cz\u0119sto pojawiaj\u0105 si\u0119 atrakcyjne <strong data-start=\"3382\" data-end=\"3403\">promocje i rabaty<\/strong>, dlatego op\u0142aca si\u0119 regularnie sprawdza\u0107 aktualno\u015b\u0107 cen i ofert specjalnych.<\/p>\n","protected":false},"excerpt":{"rendered":"<p style=\"text-align: center;\"><a href=\"https:\/\/keonv.com\/NnpS?sub1=sub1&amp;sub2=sub2&amp;sub3=sub3&amp;sub4=sub4&amp;sub5=sub5\"><button>Kup teraz<\/button><\/a><\/p>\n<p>SKU: 001<span class=\"sku\">.135.007<\/span><\/p>\n<hr \/>\n<p><small>Produkt sprzedawany jest wy\u0142\u0105cznie za po\u015brednictwem oficjalnej strony producenta, id\u017a i kupuj bezpiecznie!<\/small><\/p>\n","protected":false},"featured_media":1294,"comment_status":"open","ping_status":"closed","template":"","meta":[],"product_brand":[],"product_cat":[15],"product_tag":[],"class_list":{"0":"post-1293","1":"product","2":"type-product","3":"status-publish","4":"has-post-thumbnail","6":"product_cat-supl","7":"thunk-woo-product-list","8":"opn-qv-enable","9":"top-store-woo-hover-","10":"top-store-single-product-tab-horizontal","11":"top-store-shadow-","12":"top-store-shadow-hover-","14":"first","15":"instock","16":"sale","17":"shipping-taxable","18":"purchasable","19":"product-type-simple"},"yoast_head":"<!-- This site is optimized with the Yoast SEO plugin v27.4 - https:\/\/yoast.com\/product\/yoast-seo-wordpress\/ -->\n<title>My Collaxin - kup suplement, cena w aptece, sk\u0142ad, dzia\u0142anie<\/title>\n<meta name=\"robots\" content=\"index, follow, max-snippet:-1, max-image-preview:large, max-video-preview:-1\" \/>\n<link rel=\"canonical\" href=\"https:\/\/lekarzeopole.pl\/wordpress\/product\/my-collaxin\/\" \/>\n<meta property=\"og:locale\" content=\"pl_PL\" \/>\n<meta property=\"og:type\" content=\"article\" \/>\n<meta property=\"og:title\" content=\"My Collaxin - kup suplement, cena w aptece, sk\u0142ad, dzia\u0142anie\" \/>\n<meta property=\"og:description\" content=\"Kup teraz SKU: 001.135.007    Produkt sprzedawany jest wy\u0142\u0105cznie za po\u015brednictwem oficjalnej strony producenta, id\u017a i kupuj bezpiecznie!\" \/>\n<meta property=\"og:url\" content=\"https:\/\/lekarzeopole.pl\/wordpress\/product\/my-collaxin\/\" \/>\n<meta property=\"og:site_name\" content=\"Lekarze Opole\" \/>\n<meta property=\"article:modified_time\" content=\"2025-05-28T11:26:37+00:00\" \/>\n<meta property=\"og:image\" content=\"https:\/\/lekarzeopole.pl\/wordpress\/wp-content\/uploads\/2025\/05\/my-collaxin.png\" \/>\n\t<meta property=\"og:image:width\" content=\"486\" \/>\n\t<meta property=\"og:image:height\" content=\"486\" \/>\n\t<meta property=\"og:image:type\" content=\"image\/png\" \/>\n<meta name=\"twitter:card\" content=\"summary_large_image\" \/>\n<meta name=\"twitter:label1\" content=\"Szacowany czas czytania\" \/>\n\t<meta name=\"twitter:data1\" content=\"7 minut\" \/>\n<script type=\"application\/ld+json\" class=\"yoast-schema-graph\">{\"@context\":\"https:\\\/\\\/schema.org\",\"@graph\":[{\"@type\":\"WebPage\",\"@id\":\"https:\\\/\\\/lekarzeopole.pl\\\/wordpress\\\/product\\\/my-collaxin\\\/\",\"url\":\"https:\\\/\\\/lekarzeopole.pl\\\/wordpress\\\/product\\\/my-collaxin\\\/\",\"name\":\"My Collaxin - kup suplement, cena w aptece, sk\u0142ad, dzia\u0142anie\",\"isPartOf\":{\"@id\":\"https:\\\/\\\/lekarzeopole.pl\\\/wordpress\\\/#website\"},\"primaryImageOfPage\":{\"@id\":\"https:\\\/\\\/lekarzeopole.pl\\\/wordpress\\\/product\\\/my-collaxin\\\/#primaryimage\"},\"image\":{\"@id\":\"https:\\\/\\\/lekarzeopole.pl\\\/wordpress\\\/product\\\/my-collaxin\\\/#primaryimage\"},\"thumbnailUrl\":\"https:\\\/\\\/lekarzeopole.pl\\\/wordpress\\\/wp-content\\\/uploads\\\/2025\\\/05\\\/my-collaxin.png\",\"datePublished\":\"2025-05-28T07:36:51+00:00\",\"dateModified\":\"2025-05-28T11:26:37+00:00\",\"breadcrumb\":{\"@id\":\"https:\\\/\\\/lekarzeopole.pl\\\/wordpress\\\/product\\\/my-collaxin\\\/#breadcrumb\"},\"inLanguage\":\"pl-PL\",\"potentialAction\":[{\"@type\":\"ReadAction\",\"target\":[\"https:\\\/\\\/lekarzeopole.pl\\\/wordpress\\\/product\\\/my-collaxin\\\/\"]}]},{\"@type\":\"ImageObject\",\"inLanguage\":\"pl-PL\",\"@id\":\"https:\\\/\\\/lekarzeopole.pl\\\/wordpress\\\/product\\\/my-collaxin\\\/#primaryimage\",\"url\":\"https:\\\/\\\/lekarzeopole.pl\\\/wordpress\\\/wp-content\\\/uploads\\\/2025\\\/05\\\/my-collaxin.png\",\"contentUrl\":\"https:\\\/\\\/lekarzeopole.pl\\\/wordpress\\\/wp-content\\\/uploads\\\/2025\\\/05\\\/my-collaxin.png\",\"width\":486,\"height\":486,\"caption\":\"My Collaxin\"},{\"@type\":\"BreadcrumbList\",\"@id\":\"https:\\\/\\\/lekarzeopole.pl\\\/wordpress\\\/product\\\/my-collaxin\\\/#breadcrumb\",\"itemListElement\":[{\"@type\":\"ListItem\",\"position\":1,\"name\":\"\u0413\u043b\u0430\u0432\u043d\u0430\u044f \u0441\u0442\u0440\u0430\u043d\u0438\u0446\u0430\",\"item\":\"https:\\\/\\\/lekarzeopole.pl\\\/wordpress\\\/\"},{\"@type\":\"ListItem\",\"position\":2,\"name\":\"Zakup\",\"item\":\"https:\\\/\\\/lekarzeopole.pl\\\/wordpress\\\/\"},{\"@type\":\"ListItem\",\"position\":3,\"name\":\"My Collaxin\"}]},{\"@type\":\"WebSite\",\"@id\":\"https:\\\/\\\/lekarzeopole.pl\\\/wordpress\\\/#website\",\"url\":\"https:\\\/\\\/lekarzeopole.pl\\\/wordpress\\\/\",\"name\":\"Lekarze Opole\",\"description\":\"\",\"potentialAction\":[{\"@type\":\"SearchAction\",\"target\":{\"@type\":\"EntryPoint\",\"urlTemplate\":\"https:\\\/\\\/lekarzeopole.pl\\\/wordpress\\\/?s={search_term_string}\"},\"query-input\":{\"@type\":\"PropertyValueSpecification\",\"valueRequired\":true,\"valueName\":\"search_term_string\"}}],\"inLanguage\":\"pl-PL\"}]}<\/script>\n<!-- \/ Yoast SEO plugin. -->","yoast_head_json":{"title":"My Collaxin - kup suplement, cena w aptece, sk\u0142ad, dzia\u0142anie","robots":{"index":"index","follow":"follow","max-snippet":"max-snippet:-1","max-image-preview":"max-image-preview:large","max-video-preview":"max-video-preview:-1"},"canonical":"https:\/\/lekarzeopole.pl\/wordpress\/product\/my-collaxin\/","og_locale":"pl_PL","og_type":"article","og_title":"My Collaxin - kup suplement, cena w aptece, sk\u0142ad, dzia\u0142anie","og_description":"Kup teraz SKU: 001.135.007    Produkt sprzedawany jest wy\u0142\u0105cznie za po\u015brednictwem oficjalnej strony producenta, id\u017a i kupuj bezpiecznie!","og_url":"https:\/\/lekarzeopole.pl\/wordpress\/product\/my-collaxin\/","og_site_name":"Lekarze Opole","article_modified_time":"2025-05-28T11:26:37+00:00","og_image":[{"width":486,"height":486,"url":"https:\/\/lekarzeopole.pl\/wordpress\/wp-content\/uploads\/2025\/05\/my-collaxin.png","type":"image\/png"}],"twitter_card":"summary_large_image","twitter_misc":{"Szacowany czas czytania":"7 minut"},"schema":{"@context":"https:\/\/schema.org","@graph":[{"@type":"WebPage","@id":"https:\/\/lekarzeopole.pl\/wordpress\/product\/my-collaxin\/","url":"https:\/\/lekarzeopole.pl\/wordpress\/product\/my-collaxin\/","name":"My Collaxin - kup suplement, cena w aptece, sk\u0142ad, dzia\u0142anie","isPartOf":{"@id":"https:\/\/lekarzeopole.pl\/wordpress\/#website"},"primaryImageOfPage":{"@id":"https:\/\/lekarzeopole.pl\/wordpress\/product\/my-collaxin\/#primaryimage"},"image":{"@id":"https:\/\/lekarzeopole.pl\/wordpress\/product\/my-collaxin\/#primaryimage"},"thumbnailUrl":"https:\/\/lekarzeopole.pl\/wordpress\/wp-content\/uploads\/2025\/05\/my-collaxin.png","datePublished":"2025-05-28T07:36:51+00:00","dateModified":"2025-05-28T11:26:37+00:00","breadcrumb":{"@id":"https:\/\/lekarzeopole.pl\/wordpress\/product\/my-collaxin\/#breadcrumb"},"inLanguage":"pl-PL","potentialAction":[{"@type":"ReadAction","target":["https:\/\/lekarzeopole.pl\/wordpress\/product\/my-collaxin\/"]}]},{"@type":"ImageObject","inLanguage":"pl-PL","@id":"https:\/\/lekarzeopole.pl\/wordpress\/product\/my-collaxin\/#primaryimage","url":"https:\/\/lekarzeopole.pl\/wordpress\/wp-content\/uploads\/2025\/05\/my-collaxin.png","contentUrl":"https:\/\/lekarzeopole.pl\/wordpress\/wp-content\/uploads\/2025\/05\/my-collaxin.png","width":486,"height":486,"caption":"My Collaxin"},{"@type":"BreadcrumbList","@id":"https:\/\/lekarzeopole.pl\/wordpress\/product\/my-collaxin\/#breadcrumb","itemListElement":[{"@type":"ListItem","position":1,"name":"\u0413\u043b\u0430\u0432\u043d\u0430\u044f \u0441\u0442\u0440\u0430\u043d\u0438\u0446\u0430","item":"https:\/\/lekarzeopole.pl\/wordpress\/"},{"@type":"ListItem","position":2,"name":"Zakup","item":"https:\/\/lekarzeopole.pl\/wordpress\/"},{"@type":"ListItem","position":3,"name":"My Collaxin"}]},{"@type":"WebSite","@id":"https:\/\/lekarzeopole.pl\/wordpress\/#website","url":"https:\/\/lekarzeopole.pl\/wordpress\/","name":"Lekarze Opole","description":"","potentialAction":[{"@type":"SearchAction","target":{"@type":"EntryPoint","urlTemplate":"https:\/\/lekarzeopole.pl\/wordpress\/?s={search_term_string}"},"query-input":{"@type":"PropertyValueSpecification","valueRequired":true,"valueName":"search_term_string"}}],"inLanguage":"pl-PL"}]}},"_links":{"self":[{"href":"https:\/\/lekarzeopole.pl\/wordpress\/wp-json\/wp\/v2\/product\/1293","targetHints":{"allow":["GET"]}}],"collection":[{"href":"https:\/\/lekarzeopole.pl\/wordpress\/wp-json\/wp\/v2\/product"}],"about":[{"href":"https:\/\/lekarzeopole.pl\/wordpress\/wp-json\/wp\/v2\/types\/product"}],"replies":[{"embeddable":true,"href":"https:\/\/lekarzeopole.pl\/wordpress\/wp-json\/wp\/v2\/comments?post=1293"}],"wp:featuredmedia":[{"embeddable":true,"href":"https:\/\/lekarzeopole.pl\/wordpress\/wp-json\/wp\/v2\/media\/1294"}],"wp:attachment":[{"href":"https:\/\/lekarzeopole.pl\/wordpress\/wp-json\/wp\/v2\/media?parent=1293"}],"wp:term":[{"taxonomy":"product_brand","embeddable":true,"href":"https:\/\/lekarzeopole.pl\/wordpress\/wp-json\/wp\/v2\/product_brand?post=1293"},{"taxonomy":"product_cat","embeddable":true,"href":"https:\/\/lekarzeopole.pl\/wordpress\/wp-json\/wp\/v2\/product_cat?post=1293"},{"taxonomy":"product_tag","embeddable":true,"href":"https:\/\/lekarzeopole.pl\/wordpress\/wp-json\/wp\/v2\/product_tag?post=1293"}],"curies":[{"name":"wp","href":"https:\/\/api.w.org\/{rel}","templated":true}]}}