{"id":1291,"date":"2025-05-28T07:31:56","date_gmt":"2025-05-28T07:31:56","guid":{"rendered":"https:\/\/lekarzeopole.pl\/wordpress\/?post_type=product&#038;p=1291"},"modified":"2025-05-28T07:31:57","modified_gmt":"2025-05-28T07:31:57","slug":"my-hero","status":"publish","type":"product","link":"https:\/\/lekarzeopole.pl\/wordpress\/product\/my-hero\/","title":{"rendered":"My Hero"},"content":{"rendered":"<p data-start=\"153\" data-end=\"792\">Wsp\u00f3\u0142czesny styl \u017cycia, stres i wiele innych czynnik\u00f3w negatywnie wp\u0142ywa na zdrowie seksualne m\u0119\u017cczyzn. Coraz wi\u0119cej os\u00f3b szuka skutecznych, a przede wszystkim bezpiecznych rozwi\u0105za\u0144, kt\u00f3re pozwol\u0105 przywr\u00f3ci\u0107 dawn\u0105 pewno\u015b\u0107 siebie w \u0142\u00f3\u017cku. Na rynku pojawi\u0142o si\u0119 wiele suplement\u00f3w, ale tylko nieliczne wyr\u00f3\u017cniaj\u0105 si\u0119 skuteczno\u015bci\u0105 i naturalnym sk\u0142adem. Jednym z takich produkt\u00f3w s\u0105 <strong data-start=\"533\" data-end=\"553\">kapsu\u0142ki My Hero<\/strong> \u2013 rewolucyjny preparat dla m\u0119\u017cczyzn, kt\u00f3ry zdobywa coraz wi\u0119ksz\u0105 popularno\u015b\u0107. W poni\u017cszym artykule dowiesz si\u0119, dlaczego My Hero to niezawodna pomoc oparta o naturalne sk\u0142adniki, jak dzia\u0142a, jakie daje efekty i dla kogo jest przeznaczony.<\/p>\n<h2 data-start=\"794\" data-end=\"828\">Wskazania do stosowania My Hero<\/h2>\n<p data-start=\"830\" data-end=\"1041\">Preparat <strong data-start=\"839\" data-end=\"850\">My Hero<\/strong> jest rekomendowany dla m\u0119\u017cczyzn, kt\u00f3rzy do\u015bwiadczaj\u0105 problem\u00f3w z potencj\u0105 oraz pragn\u0105 poprawi\u0107 jako\u015b\u0107 swojego \u017cycia seksualnego. Kapsu\u0142ki sprawdz\u0105 si\u0119 szczeg\u00f3lnie w nast\u0119puj\u0105cych sytuacjach:<\/p>\n<ul data-start=\"1043\" data-end=\"1438\">\n<li data-start=\"1043\" data-end=\"1112\">\n<p data-start=\"1045\" data-end=\"1112\">Zaburzenia erekcji \u2013 trudno\u015bci z uzyskaniem lub utrzymaniem wzwodu;<\/p>\n<\/li>\n<li data-start=\"1113\" data-end=\"1158\">\n<p data-start=\"1115\" data-end=\"1158\">Zmniejszona ochota na seks (spadek libido);<\/p>\n<\/li>\n<li data-start=\"1159\" data-end=\"1213\">\n<p data-start=\"1161\" data-end=\"1213\">Szybkie zako\u0144czenie stosunku (przedwczesny wytrysk);<\/p>\n<\/li>\n<li data-start=\"1214\" data-end=\"1270\">\n<p data-start=\"1216\" data-end=\"1270\">Niska jako\u015b\u0107 orgazmu i brak satysfakcji ze wsp\u00f3\u0142\u017cycia;<\/p>\n<\/li>\n<li data-start=\"1271\" data-end=\"1317\">\n<p data-start=\"1273\" data-end=\"1317\">Ch\u0119\u0107 powi\u0119kszenia penisa w naturalny spos\u00f3b;<\/p>\n<\/li>\n<li data-start=\"1318\" data-end=\"1387\">\n<p data-start=\"1320\" data-end=\"1387\">Obni\u017cona pewno\u015b\u0107 siebie wynikaj\u0105ca z problem\u00f3w w sferze seksualnej;<\/p>\n<\/li>\n<li data-start=\"1388\" data-end=\"1438\">\n<p data-start=\"1390\" data-end=\"1438\">Wspomaganie zdrowia prostaty i uk\u0142adu moczowego.<\/p>\n<\/li>\n<\/ul>\n<p data-start=\"1440\" data-end=\"1578\">My Hero mo\u017ce by\u0107 stosowany zar\u00f3wno jako \u015brodek dora\u017any, jak i wspomagaj\u0105cy w d\u0142u\u017cszej perspektywie, by poprawi\u0107 og\u00f3ln\u0105 kondycj\u0119 seksualn\u0105.<\/p>\n<h2 data-start=\"1580\" data-end=\"1619\">Sk\u0142ad i dzia\u0142anie sk\u0142adnik\u00f3w My Hero<\/h2>\n<p data-start=\"1621\" data-end=\"1913\">Jedn\u0105 z najwi\u0119kszych zalet kapsu\u0142ek My Hero jest <strong data-start=\"1670\" data-end=\"1697\">w pe\u0142ni naturalny sk\u0142ad<\/strong>, kt\u00f3ry gwarantuje bezpiecze\u0144stwo i minimalizuje ryzyko dzia\u0142a\u0144 niepo\u017c\u0105danych. Preparat \u0142\u0105czy w sobie wyselekcjonowane ekstrakty ro\u015blinne i minera\u0142y o udowodnionym dzia\u0142aniu na popraw\u0119 potencji i m\u0119skiej sprawno\u015bci.<\/p>\n<p data-start=\"1915\" data-end=\"1952\"><strong>Do najwa\u017cniejszych sk\u0142adnik\u00f3w nale\u017c\u0105:<\/strong><\/p>\n<ol>\n<li data-start=\"1954\" data-end=\"2171\"><strong data-start=\"1954\" data-end=\"1985\">Ekstrakt z korzenia Maca<\/strong> \u2013 znany afrodyzjak, kt\u00f3ry pobudza libido, zwi\u0119ksza witalno\u015b\u0107 i wytrzyma\u0142o\u015b\u0107 seksualn\u0105. Poprawia kr\u0105\u017cenie krwi w okolicach narz\u0105d\u00f3w p\u0142ciowych, co bezpo\u015brednio wp\u0142ywa na twardo\u015b\u0107 erekcji.<\/li>\n<li data-start=\"2173\" data-end=\"2385\"><strong data-start=\"2173\" data-end=\"2190\">L-arginina<\/strong> \u2013 aminokwas, kt\u00f3ry uczestniczy w produkcji tlenku azotu, substancji odpowiedzialnej za rozkurcz naczy\u0144 krwiono\u015bnych i lepszy dop\u0142yw krwi do penisa. Dzi\u0119ki temu erekcja jest mocniejsza i d\u0142u\u017csza.<\/li>\n<li data-start=\"2387\" data-end=\"2535\"><strong data-start=\"2387\" data-end=\"2424\">Ekstrakt z Tribulus Terrestris<\/strong> \u2013 wspomaga naturaln\u0105 produkcj\u0119 testosteronu, poprawia wytrzyma\u0142o\u015b\u0107 fizyczn\u0105 oraz zwi\u0119ksza po\u017c\u0105danie seksualne.<\/li>\n<li data-start=\"2537\" data-end=\"2694\"><strong data-start=\"2537\" data-end=\"2563\">\u017be\u0144-sze\u0144 syberyjski<\/strong> \u2013 poprawia og\u00f3ln\u0105 kondycj\u0119 organizmu, dzia\u0142a antystresowo i wspiera odporno\u015b\u0107, co jest wa\u017cne dla utrzymania sprawno\u015bci seksualnej.<\/li>\n<li data-start=\"2696\" data-end=\"2851\"><strong data-start=\"2696\" data-end=\"2707\">Cynk<\/strong> \u2013 pierwiastek niezb\u0119dny do produkcji plemnik\u00f3w i prawid\u0142owego funkcjonowania uk\u0142adu rozrodczego. Wspiera tak\u017ce procesy regeneracyjne organizmu.<\/li>\n<\/ol>\n<p data-start=\"2853\" data-end=\"3015\">Synergiczne dzia\u0142anie tych komponent\u00f3w sprawia, \u017ce My Hero nie tylko poprawia potencj\u0119, ale r\u00f3wnie\u017c pozytywnie wp\u0142ywa na og\u00f3ln\u0105 kondycj\u0119 organizmu i samopoczucie.<\/p>\n<p style=\"text-align: center;\" data-start=\"2853\" data-end=\"3015\"><a href=\"https:\/\/keonv.com\/pcpS?sub1=sub1&amp;sub2=sub2&amp;sub3=sub3&amp;sub4=sub4&amp;sub5=sub5\"><button>www.my-hero.pl<\/button><\/a><\/p>\n<h2 data-start=\"3017\" data-end=\"3056\">Efekty My Hero i ich charakterystyka<\/h2>\n<p data-start=\"3058\" data-end=\"3179\">Regularne stosowanie kapsu\u0142ek My Hero przynosi <strong data-start=\"3105\" data-end=\"3139\">szybkie i zauwa\u017calne rezultaty<\/strong>, kt\u00f3re mo\u017cna podzieli\u0107 na kilka etap\u00f3w:<\/p>\n<ul>\n<li data-start=\"3181\" data-end=\"3458\"><strong data-start=\"3181\" data-end=\"3197\">1\u20132 tydzie\u0144:<\/strong><br data-start=\"3197\" data-end=\"3200\" \/>Erekcja staje si\u0119 d\u0142u\u017csza i bardziej twarda, a wra\u017cliwo\u015b\u0107 organu p\u0142ciowego zwi\u0119ksza si\u0119 dwukrotnie. Zauwa\u017calne s\u0105 pierwsze zmiany \u2013 d\u0142ugo\u015b\u0107 cz\u0142onka mo\u017ce zwi\u0119kszy\u0107 si\u0119 nawet do 1,5 cm. Partnerka z pewno\u015bci\u0105 odczuje r\u00f3\u017cnic\u0119, a m\u0119\u017cczyzna odzyska pewno\u015b\u0107 siebie.<\/li>\n<li data-start=\"3460\" data-end=\"3676\"><strong data-start=\"3460\" data-end=\"3476\">2\u20133 tydzie\u0144:<\/strong><br data-start=\"3476\" data-end=\"3479\" \/>Tw\u00f3j penis staje si\u0119 wyra\u017anie WI\u0118KSZY, a jego kszta\u0142t zbli\u017ca si\u0119 do anatomicznie idealnego. D\u0142ugo\u015b\u0107 stosunku seksualnego wyd\u0142u\u017ca si\u0119 nawet o 70%, co znacz\u0105co wp\u0142ywa na satysfakcj\u0119 obojga partner\u00f3w.<\/li>\n<li data-start=\"3678\" data-end=\"3869\"><strong data-start=\"3678\" data-end=\"3701\">4 tydzie\u0144 i wi\u0119cej:<\/strong><br data-start=\"3701\" data-end=\"3704\" \/>Cz\u0142onek powi\u0119ksza si\u0119 nawet o 4 cm! Jako\u015b\u0107 seksu podnosi si\u0119 kilkukrotnie. Orgazm nast\u0119puje szybciej i trwa od 5 do 7 minut, co daje niespotykane wcze\u015bniej doznania.<\/li>\n<\/ul>\n<p data-start=\"3871\" data-end=\"4049\">Efekty potwierdzaj\u0105 liczne opinie zadowolonych u\u017cytkownik\u00f3w, kt\u00f3rzy podkre\u015blaj\u0105 tak\u017ce popraw\u0119 og\u00f3lnego samopoczucia, wzrost energii oraz pewno\u015bci siebie w codziennych sytuacjach.<\/p>\n<h2 data-start=\"4051\" data-end=\"4078\">Ryzyko skutk\u00f3w ubocznych<\/h2>\n<p data-start=\"4080\" data-end=\"4654\">Jedn\u0105 z najwa\u017cniejszych zalet My Hero jest jego <strong data-start=\"4128\" data-end=\"4143\">naturalno\u015b\u0107<\/strong>. Kapsu\u0142ki nie zawieraj\u0105 sztucznych dodatk\u00f3w, hormon\u00f3w czy substancji chemicznych, co czyni je bezpiecznym wyborem dla ka\u017cdego m\u0119\u017cczyzny dbaj\u0105cego o swoje zdrowie. Ryzyko skutk\u00f3w ubocznych jest minimalne \u2013 potwierdzaj\u0105 to zar\u00f3wno badania, jak i opinie u\u017cytkownik\u00f3w. Nie odnotowano przypadk\u00f3w reakcji alergicznych ani innych powa\u017cnych efekt\u00f3w niepo\u017c\u0105danych. Produkt mo\u017ce by\u0107 stosowany przez osoby w r\u00f3\u017cnym wieku, jednak jak ka\u017cdy suplement diety, nie jest zalecany osobom uczulonym na kt\u00f3rykolwiek ze sk\u0142adnik\u00f3w.<\/p>\n<h2 data-start=\"68\" data-end=\"121\">Opinie klient\u00f3w o My Hero: fora po\u015bwi\u0119cone zdrowiu<\/h2>\n<p data-start=\"123\" data-end=\"861\">W ostatnich latach w Polsce coraz wi\u0119ksz\u0105 popularno\u015bci\u0105 ciesz\u0105 si\u0119 fora internetowe po\u015bwi\u0119cone zdrowiu i suplementacji. To w\u0142a\u015bnie tam u\u017cytkownicy dziel\u0105 si\u0119 swoimi do\u015bwiadczeniami, szukaj\u0105 sprawdzonych rozwi\u0105za\u0144 i polecaj\u0105 skuteczne preparaty. Jednym z najcz\u0119\u015bciej omawianych temat\u00f3w s\u0105 naturalne \u015brodki wspomagaj\u0105ce potencj\u0119 \u2013 w\u015br\u00f3d nich <strong data-start=\"463\" data-end=\"474\">My Hero<\/strong> zdobywa wyj\u0105tkowo pozytywne opinie.<br data-start=\"510\" data-end=\"513\" \/>Coraz wi\u0119cej m\u0119\u017cczyzn decyduje si\u0119 na wypr\u00f3bowanie tej nowoczesnej formu\u0142y, a na forach mo\u017cna znale\u017a\u0107 liczne recenzje dotycz\u0105ce jej skuteczno\u015bci. U\u017cytkownicy podkre\u015blaj\u0105 nie tylko pozytywne efekty, takie jak poprawa jako\u015bci erekcji, wi\u0119ksza pewno\u015b\u0107 siebie i satysfakcja seksualna, ale r\u00f3wnie\u017c \u0142atw\u0105 dost\u0119pno\u015b\u0107 produktu i przejrzyste warunki zakupu.<\/p>\n<p data-start=\"863\" data-end=\"895\"><strong data-start=\"863\" data-end=\"895\">Przyk\u0142adowe opinie klient\u00f3w:<\/strong><\/p>\n<ol>\n<li data-start=\"897\" data-end=\"1293\"><strong data-start=\"897\" data-end=\"927\">Micha\u0142, 34 lata (Wroc\u0142aw):<\/strong><br data-start=\"927\" data-end=\"930\" \/><em data-start=\"930\" data-end=\"1293\">&#8222;Zdecydowa\u0142em si\u0119 na My Hero po przeczytaniu wielu pozytywnych opinii na forum dla m\u0119\u017cczyzn. Efekty zauwa\u017cy\u0142em ju\u017c po pierwszych tygodniach stosowania \u2013 erekcja sta\u0142a si\u0119 mocniejsza, a stosunek trwa\u0142 znacznie d\u0142u\u017cej. Doceniam r\u00f3wnie\u017c \u0142atwo\u015b\u0107 zam\u00f3wienia i fakt, \u017ce produkt przyszed\u0142 dyskretnie zapakowany. Polecam ka\u017cdemu, kto chce poprawi\u0107 swoje \u017cycie intymne!&#8221;<\/em><\/li>\n<li data-start=\"1295\" data-end=\"1630\"><strong data-start=\"1295\" data-end=\"1323\">Piotr, 42 lata (Pozna\u0144):<\/strong><br data-start=\"1323\" data-end=\"1326\" \/><em data-start=\"1326\" data-end=\"1630\">&#8222;Stosowa\u0142em r\u00f3\u017cne \u015brodki, ale dopiero My Hero spe\u0142ni\u0142 moje oczekiwania. W ko\u0144cu czuj\u0119 si\u0119 pewnie w sypialni, a moja partnerka r\u00f3wnie\u017c zauwa\u017cy\u0142a ogromn\u0105 r\u00f3\u017cnic\u0119. Podoba mi si\u0119 to, \u017ce zam\u00f3wienie online jest proste, a p\u0142atno\u015b\u0107 nast\u0119puje dopiero przy odbiorze. \u015awietna jako\u015b\u0107 i bezpiecze\u0144stwo u\u017cytkowania!&#8221;<\/em><\/li>\n<\/ol>\n<h2 data-start=\"1637\" data-end=\"1669\">Spos\u00f3b podawania i dawkowanie<\/h2>\n<p data-start=\"1671\" data-end=\"2246\">Aby osi\u0105gn\u0105\u0107 najlepsze efekty, wa\u017cne jest stosowanie <strong data-start=\"1724\" data-end=\"1735\">My Hero<\/strong> zgodnie z zaleceniami producenta. Zaleca si\u0119 przyjmowanie jednej kapsu\u0142ki dziennie, najlepiej oko\u0142o 30 minut przed planowan\u0105 aktywno\u015bci\u0105 seksualn\u0105 lub o sta\u0142ej porze, popijaj\u0105c szklank\u0105 wody.<br data-start=\"1927\" data-end=\"1930\" \/>Kuracja powinna trwa\u0107 minimum 4 tygodnie, aby w pe\u0142ni odczu\u0107 wszystkie korzy\u015bci zwi\u0105zane z dzia\u0142aniem preparatu. Nie nale\u017cy przekracza\u0107 zalecanej dziennej dawki.<br data-start=\"2091\" data-end=\"2094\" \/>Regularno\u015b\u0107 i systematyczno\u015b\u0107 to klucz do sukcesu \u2013 w\u0142a\u015bnie wtedy My Hero dzia\u0142a najskuteczniej, wzmacniaj\u0105c organizm i poprawiaj\u0105c wydolno\u015b\u0107 seksualn\u0105.<\/p>\n<h2 data-start=\"2253\" data-end=\"2283\">Kup teraz My Hero z dostaw\u0105<\/h2>\n<p data-start=\"2285\" data-end=\"3016\">Zakup kapsu\u0142ek <strong data-start=\"2300\" data-end=\"2311\">My Hero<\/strong> jest niezwykle prosty i wygodny. Wystarczy wype\u0142ni\u0107 kr\u00f3tki formularz zam\u00f3wienia na oficjalnej stronie internetowej producenta. Klient nie musi martwi\u0107 si\u0119 o p\u0142atno\u015b\u0107 z g\u00f3ry \u2013 op\u0142ata za produkt pobierana jest dopiero w momencie odbioru przesy\u0142ki, dzi\u0119ki czemu zamawiaj\u0105cy ma gwarancj\u0119 otrzymania oryginalnego produktu bez ryzyka.<br data-start=\"2640\" data-end=\"2643\" \/>Dostawa realizowana jest na terenie ca\u0142ej Polski i zwykle trwa od 3 do 4 dni roboczych. Ka\u017cde zam\u00f3wienie jest dodatkowo potwierdzane telefonicznie przez specjalist\u0119, kt\u00f3ry s\u0142u\u017cy pomoc\u0105 w doborze odpowiedniej ilo\u015bci kapsu\u0142ek oraz informuje o aktualnych promocjach i ofertach specjalnych. To sprawia, \u017ce zakup My Hero jest w pe\u0142ni bezpieczny i komfortowy dla ka\u017cdego klienta.<\/p>\n<p style=\"text-align: center;\" data-start=\"2285\" data-end=\"3016\"><a href=\"https:\/\/keonv.com\/pcpS?sub1=sub1&amp;sub2=sub2&amp;sub3=sub3&amp;sub4=sub4&amp;sub5=sub5\"><button>Zakup na stronie producenta (-50%)<\/button><\/a><\/p>\n<h2 data-start=\"3023\" data-end=\"3069\">Por\u00f3wnanie ofert: ceny i dost\u0119pno\u015b\u0107 My Hero<\/h2>\n<p data-start=\"3071\" data-end=\"3848\">Producent <strong data-start=\"3081\" data-end=\"3092\">My Hero<\/strong> k\u0142adzie ogromny nacisk na dost\u0119pno\u015b\u0107 i przyst\u0119pno\u015b\u0107 cenow\u0105 swojego produktu dla wszystkich zainteresowanych. Suplement mo\u017cna zam\u00f3wi\u0107 wy\u0142\u0105cznie poprzez <strong data-start=\"3244\" data-end=\"3287\">oficjaln\u0105 stron\u0119 internetow\u0105 producenta<\/strong> \u2013 to gwarantuje brak po\u015brednik\u00f3w, dodatkowych op\u0142at oraz otrzymanie oryginalnego produktu.<br data-start=\"3378\" data-end=\"3381\" \/>Dzi\u0119ki temu klienci mog\u0105 liczy\u0107 na uczciw\u0105 cen\u0119 i dost\u0119p do licznych promocji oraz rabat\u00f3w, kt\u00f3re s\u0105 regularnie aktualizowane. Zaleca si\u0119 jednak sprawdza\u0107 na bie\u017c\u0105co aktualno\u015b\u0107 ofert promocyjnych, poniewa\u017c ilo\u015b\u0107 produkt\u00f3w w ni\u017cszych cenach jest cz\u0119sto ograniczona.<br data-start=\"3645\" data-end=\"3648\" \/>Warto r\u00f3wnie\u017c zaznaczy\u0107, \u017ce kapsu\u0142ki My Hero <strong data-start=\"3693\" data-end=\"3750\">nie s\u0105 dost\u0119pne w tradycyjnych aptekach stacjonarnych<\/strong> ani w innych punktach sprzeda\u017cy \u2013 to dodatkowa gwarancja autentyczno\u015bci i bezpiecze\u0144stwa zakup\u00f3w.<\/p>\n<p data-start=\"3071\" data-end=\"3848\">Wybieraj\u0105c My Hero, ka\u017cdy m\u0119\u017cczyzna otrzymuje sprawdzony, bezpieczny i skuteczny suplement o naturalnym sk\u0142adzie, kt\u00f3ry poprawia jako\u015b\u0107 \u017cycia seksualnego i zwi\u0119ksza pewno\u015b\u0107 siebie. Prosta procedura zam\u00f3wienia, szybka dostawa, atrakcyjne ceny i pozytywne opinie u\u017cytkownik\u00f3w sprawiaj\u0105, \u017ce preparat ten zyskuje coraz wi\u0119ksz\u0105 popularno\u015b\u0107 na polskim rynku. Nie zwlekaj \u2013 przekonaj si\u0119 sam, jak My Hero mo\u017ce odmieni\u0107 Twoje \u017cycie!<\/p>\n","protected":false},"excerpt":{"rendered":"<p style=\"text-align: center;\"><a href=\"https:\/\/keonv.com\/pcpS?sub1=sub1&amp;sub2=sub2&amp;sub3=sub3&amp;sub4=sub4&amp;sub5=sub5\"><button>Kup teraz<\/button><\/a><\/p>\n<p>SKU: 001<span class=\"sku\">.135.006<\/span><\/p>\n<hr \/>\n<p><small>Produkt sprzedawany jest wy\u0142\u0105cznie za po\u015brednictwem oficjalnej strony producenta, id\u017a i kupuj bezpiecznie!<\/small><\/p>\n","protected":false},"featured_media":1292,"comment_status":"open","ping_status":"closed","template":"","meta":[],"product_brand":[],"product_cat":[15],"product_tag":[],"class_list":{"0":"post-1291","1":"product","2":"type-product","3":"status-publish","4":"has-post-thumbnail","6":"product_cat-supl","7":"thunk-woo-product-list","8":"opn-qv-enable","9":"top-store-woo-hover-","10":"top-store-single-product-tab-horizontal","11":"top-store-shadow-","12":"top-store-shadow-hover-","14":"first","15":"instock","16":"sale","17":"shipping-taxable","18":"purchasable","19":"product-type-simple"},"yoast_head":"<!-- This site is optimized with the Yoast SEO plugin v27.4 - https:\/\/yoast.com\/product\/yoast-seo-wordpress\/ -->\n<title>My Hero - kup suplement, cena w aptece, sk\u0142ad, dzia\u0142anie<\/title>\n<meta name=\"robots\" content=\"index, follow, max-snippet:-1, max-image-preview:large, max-video-preview:-1\" \/>\n<link rel=\"canonical\" href=\"https:\/\/lekarzeopole.pl\/wordpress\/product\/my-hero\/\" \/>\n<meta property=\"og:locale\" content=\"pl_PL\" \/>\n<meta property=\"og:type\" content=\"article\" \/>\n<meta property=\"og:title\" content=\"My Hero - kup suplement, cena w aptece, sk\u0142ad, dzia\u0142anie\" \/>\n<meta property=\"og:description\" content=\"Kup teraz SKU: 001.135.006    Produkt sprzedawany jest wy\u0142\u0105cznie za po\u015brednictwem oficjalnej strony producenta, id\u017a i kupuj bezpiecznie!\" \/>\n<meta property=\"og:url\" content=\"https:\/\/lekarzeopole.pl\/wordpress\/product\/my-hero\/\" \/>\n<meta property=\"og:site_name\" content=\"Lekarze Opole\" \/>\n<meta property=\"article:modified_time\" content=\"2025-05-28T07:31:57+00:00\" \/>\n<meta property=\"og:image\" content=\"https:\/\/lekarzeopole.pl\/wordpress\/wp-content\/uploads\/2025\/05\/my-hero.png\" \/>\n\t<meta property=\"og:image:width\" content=\"466\" \/>\n\t<meta property=\"og:image:height\" content=\"466\" \/>\n\t<meta property=\"og:image:type\" content=\"image\/png\" \/>\n<meta name=\"twitter:card\" content=\"summary_large_image\" \/>\n<meta name=\"twitter:label1\" content=\"Szacowany czas czytania\" \/>\n\t<meta name=\"twitter:data1\" content=\"8 minut\" \/>\n<script type=\"application\/ld+json\" class=\"yoast-schema-graph\">{\"@context\":\"https:\\\/\\\/schema.org\",\"@graph\":[{\"@type\":\"WebPage\",\"@id\":\"https:\\\/\\\/lekarzeopole.pl\\\/wordpress\\\/product\\\/my-hero\\\/\",\"url\":\"https:\\\/\\\/lekarzeopole.pl\\\/wordpress\\\/product\\\/my-hero\\\/\",\"name\":\"My Hero - kup suplement, cena w aptece, sk\u0142ad, dzia\u0142anie\",\"isPartOf\":{\"@id\":\"https:\\\/\\\/lekarzeopole.pl\\\/wordpress\\\/#website\"},\"primaryImageOfPage\":{\"@id\":\"https:\\\/\\\/lekarzeopole.pl\\\/wordpress\\\/product\\\/my-hero\\\/#primaryimage\"},\"image\":{\"@id\":\"https:\\\/\\\/lekarzeopole.pl\\\/wordpress\\\/product\\\/my-hero\\\/#primaryimage\"},\"thumbnailUrl\":\"https:\\\/\\\/lekarzeopole.pl\\\/wordpress\\\/wp-content\\\/uploads\\\/2025\\\/05\\\/my-hero.png\",\"datePublished\":\"2025-05-28T07:31:56+00:00\",\"dateModified\":\"2025-05-28T07:31:57+00:00\",\"breadcrumb\":{\"@id\":\"https:\\\/\\\/lekarzeopole.pl\\\/wordpress\\\/product\\\/my-hero\\\/#breadcrumb\"},\"inLanguage\":\"pl-PL\",\"potentialAction\":[{\"@type\":\"ReadAction\",\"target\":[\"https:\\\/\\\/lekarzeopole.pl\\\/wordpress\\\/product\\\/my-hero\\\/\"]}]},{\"@type\":\"ImageObject\",\"inLanguage\":\"pl-PL\",\"@id\":\"https:\\\/\\\/lekarzeopole.pl\\\/wordpress\\\/product\\\/my-hero\\\/#primaryimage\",\"url\":\"https:\\\/\\\/lekarzeopole.pl\\\/wordpress\\\/wp-content\\\/uploads\\\/2025\\\/05\\\/my-hero.png\",\"contentUrl\":\"https:\\\/\\\/lekarzeopole.pl\\\/wordpress\\\/wp-content\\\/uploads\\\/2025\\\/05\\\/my-hero.png\",\"width\":466,\"height\":466,\"caption\":\"My Hero\"},{\"@type\":\"BreadcrumbList\",\"@id\":\"https:\\\/\\\/lekarzeopole.pl\\\/wordpress\\\/product\\\/my-hero\\\/#breadcrumb\",\"itemListElement\":[{\"@type\":\"ListItem\",\"position\":1,\"name\":\"\u0413\u043b\u0430\u0432\u043d\u0430\u044f \u0441\u0442\u0440\u0430\u043d\u0438\u0446\u0430\",\"item\":\"https:\\\/\\\/lekarzeopole.pl\\\/wordpress\\\/\"},{\"@type\":\"ListItem\",\"position\":2,\"name\":\"Zakup\",\"item\":\"https:\\\/\\\/lekarzeopole.pl\\\/wordpress\\\/\"},{\"@type\":\"ListItem\",\"position\":3,\"name\":\"My Hero\"}]},{\"@type\":\"WebSite\",\"@id\":\"https:\\\/\\\/lekarzeopole.pl\\\/wordpress\\\/#website\",\"url\":\"https:\\\/\\\/lekarzeopole.pl\\\/wordpress\\\/\",\"name\":\"Lekarze Opole\",\"description\":\"\",\"potentialAction\":[{\"@type\":\"SearchAction\",\"target\":{\"@type\":\"EntryPoint\",\"urlTemplate\":\"https:\\\/\\\/lekarzeopole.pl\\\/wordpress\\\/?s={search_term_string}\"},\"query-input\":{\"@type\":\"PropertyValueSpecification\",\"valueRequired\":true,\"valueName\":\"search_term_string\"}}],\"inLanguage\":\"pl-PL\"}]}<\/script>\n<!-- \/ Yoast SEO plugin. -->","yoast_head_json":{"title":"My Hero - kup suplement, cena w aptece, sk\u0142ad, dzia\u0142anie","robots":{"index":"index","follow":"follow","max-snippet":"max-snippet:-1","max-image-preview":"max-image-preview:large","max-video-preview":"max-video-preview:-1"},"canonical":"https:\/\/lekarzeopole.pl\/wordpress\/product\/my-hero\/","og_locale":"pl_PL","og_type":"article","og_title":"My Hero - kup suplement, cena w aptece, sk\u0142ad, dzia\u0142anie","og_description":"Kup teraz SKU: 001.135.006    Produkt sprzedawany jest wy\u0142\u0105cznie za po\u015brednictwem oficjalnej strony producenta, id\u017a i kupuj bezpiecznie!","og_url":"https:\/\/lekarzeopole.pl\/wordpress\/product\/my-hero\/","og_site_name":"Lekarze Opole","article_modified_time":"2025-05-28T07:31:57+00:00","og_image":[{"width":466,"height":466,"url":"https:\/\/lekarzeopole.pl\/wordpress\/wp-content\/uploads\/2025\/05\/my-hero.png","type":"image\/png"}],"twitter_card":"summary_large_image","twitter_misc":{"Szacowany czas czytania":"8 minut"},"schema":{"@context":"https:\/\/schema.org","@graph":[{"@type":"WebPage","@id":"https:\/\/lekarzeopole.pl\/wordpress\/product\/my-hero\/","url":"https:\/\/lekarzeopole.pl\/wordpress\/product\/my-hero\/","name":"My Hero - kup suplement, cena w aptece, sk\u0142ad, dzia\u0142anie","isPartOf":{"@id":"https:\/\/lekarzeopole.pl\/wordpress\/#website"},"primaryImageOfPage":{"@id":"https:\/\/lekarzeopole.pl\/wordpress\/product\/my-hero\/#primaryimage"},"image":{"@id":"https:\/\/lekarzeopole.pl\/wordpress\/product\/my-hero\/#primaryimage"},"thumbnailUrl":"https:\/\/lekarzeopole.pl\/wordpress\/wp-content\/uploads\/2025\/05\/my-hero.png","datePublished":"2025-05-28T07:31:56+00:00","dateModified":"2025-05-28T07:31:57+00:00","breadcrumb":{"@id":"https:\/\/lekarzeopole.pl\/wordpress\/product\/my-hero\/#breadcrumb"},"inLanguage":"pl-PL","potentialAction":[{"@type":"ReadAction","target":["https:\/\/lekarzeopole.pl\/wordpress\/product\/my-hero\/"]}]},{"@type":"ImageObject","inLanguage":"pl-PL","@id":"https:\/\/lekarzeopole.pl\/wordpress\/product\/my-hero\/#primaryimage","url":"https:\/\/lekarzeopole.pl\/wordpress\/wp-content\/uploads\/2025\/05\/my-hero.png","contentUrl":"https:\/\/lekarzeopole.pl\/wordpress\/wp-content\/uploads\/2025\/05\/my-hero.png","width":466,"height":466,"caption":"My Hero"},{"@type":"BreadcrumbList","@id":"https:\/\/lekarzeopole.pl\/wordpress\/product\/my-hero\/#breadcrumb","itemListElement":[{"@type":"ListItem","position":1,"name":"\u0413\u043b\u0430\u0432\u043d\u0430\u044f \u0441\u0442\u0440\u0430\u043d\u0438\u0446\u0430","item":"https:\/\/lekarzeopole.pl\/wordpress\/"},{"@type":"ListItem","position":2,"name":"Zakup","item":"https:\/\/lekarzeopole.pl\/wordpress\/"},{"@type":"ListItem","position":3,"name":"My Hero"}]},{"@type":"WebSite","@id":"https:\/\/lekarzeopole.pl\/wordpress\/#website","url":"https:\/\/lekarzeopole.pl\/wordpress\/","name":"Lekarze Opole","description":"","potentialAction":[{"@type":"SearchAction","target":{"@type":"EntryPoint","urlTemplate":"https:\/\/lekarzeopole.pl\/wordpress\/?s={search_term_string}"},"query-input":{"@type":"PropertyValueSpecification","valueRequired":true,"valueName":"search_term_string"}}],"inLanguage":"pl-PL"}]}},"_links":{"self":[{"href":"https:\/\/lekarzeopole.pl\/wordpress\/wp-json\/wp\/v2\/product\/1291","targetHints":{"allow":["GET"]}}],"collection":[{"href":"https:\/\/lekarzeopole.pl\/wordpress\/wp-json\/wp\/v2\/product"}],"about":[{"href":"https:\/\/lekarzeopole.pl\/wordpress\/wp-json\/wp\/v2\/types\/product"}],"replies":[{"embeddable":true,"href":"https:\/\/lekarzeopole.pl\/wordpress\/wp-json\/wp\/v2\/comments?post=1291"}],"wp:featuredmedia":[{"embeddable":true,"href":"https:\/\/lekarzeopole.pl\/wordpress\/wp-json\/wp\/v2\/media\/1292"}],"wp:attachment":[{"href":"https:\/\/lekarzeopole.pl\/wordpress\/wp-json\/wp\/v2\/media?parent=1291"}],"wp:term":[{"taxonomy":"product_brand","embeddable":true,"href":"https:\/\/lekarzeopole.pl\/wordpress\/wp-json\/wp\/v2\/product_brand?post=1291"},{"taxonomy":"product_cat","embeddable":true,"href":"https:\/\/lekarzeopole.pl\/wordpress\/wp-json\/wp\/v2\/product_cat?post=1291"},{"taxonomy":"product_tag","embeddable":true,"href":"https:\/\/lekarzeopole.pl\/wordpress\/wp-json\/wp\/v2\/product_tag?post=1291"}],"curies":[{"name":"wp","href":"https:\/\/api.w.org\/{rel}","templated":true}]}}