{"id":1289,"date":"2025-05-28T07:26:52","date_gmt":"2025-05-28T07:26:52","guid":{"rendered":"https:\/\/lekarzeopole.pl\/wordpress\/?post_type=product&#038;p=1289"},"modified":"2025-05-28T07:26:52","modified_gmt":"2025-05-28T07:26:52","slug":"my-sugar","status":"publish","type":"product","link":"https:\/\/lekarzeopole.pl\/wordpress\/product\/my-sugar\/","title":{"rendered":"My Sugar"},"content":{"rendered":"<p data-start=\"199\" data-end=\"742\">Wsp\u00f3\u0142czesne tempo \u017cycia i zmieniaj\u0105ce si\u0119 nawyki \u017cywieniowe sprawiaj\u0105, \u017ce coraz wi\u0119cej os\u00f3b do\u015bwiadcza problem\u00f3w z utrzymaniem prawid\u0142owego poziomu cukru we krwi. Cukrzyca typu 2 oraz insulinooporno\u015b\u0107 sta\u0142y si\u0119 jednym z najwi\u0119kszych wyzwa\u0144 zdrowotnych XXI wieku. Dlatego na rynku pojawi\u0142y si\u0119 naturalne preparaty wspomagaj\u0105ce regulacj\u0119 poziomu glukozy, takie jak kapsu\u0142ki <strong data-start=\"571\" data-end=\"583\">My Sugar<\/strong>. Czym wyr\u00f3\u017cnia si\u0119 ten suplement diety i jakie korzy\u015bci mo\u017ce przynie\u015b\u0107 osobom dbaj\u0105cym o metabolizm w\u0119glowodan\u00f3w? Odpowiedzi na te pytania znajdziesz poni\u017cej.<\/p>\n<h2 data-start=\"744\" data-end=\"779\">Wskazania do stosowania My Sugar<\/h2>\n<p data-start=\"781\" data-end=\"835\"><strong data-start=\"781\" data-end=\"793\">My Sugar<\/strong> to preparat przeznaczony dla os\u00f3b, kt\u00f3re:<\/p>\n<ul data-start=\"837\" data-end=\"1143\">\n<li data-start=\"837\" data-end=\"889\">\n<p data-start=\"839\" data-end=\"889\">Zmagaj\u0105 si\u0119 z podwy\u017cszonym poziomem cukru we krwi,<\/p>\n<\/li>\n<li data-start=\"890\" data-end=\"956\">\n<p data-start=\"892\" data-end=\"956\">Chc\u0105 naturalnie wspom\u00f3c prac\u0119 trzustki i wra\u017cliwo\u015b\u0107 na insulin\u0119,<\/p>\n<\/li>\n<li data-start=\"957\" data-end=\"1002\">\n<p data-start=\"959\" data-end=\"1002\">Poszukuj\u0105 wsparcia w profilaktyce cukrzycy,<\/p>\n<\/li>\n<li data-start=\"1003\" data-end=\"1066\">\n<p data-start=\"1005\" data-end=\"1066\">Do\u015bwiadczaj\u0105 problem\u00f3w z metabolizmem w\u0119glowodan\u00f3w i lipid\u00f3w,<\/p>\n<\/li>\n<li data-start=\"1067\" data-end=\"1143\">\n<p data-start=\"1069\" data-end=\"1143\">Chc\u0105 poprawi\u0107 og\u00f3ln\u0105 kondycj\u0119 organizmu, zw\u0142aszcza funkcjonowanie kom\u00f3rek.<\/p>\n<\/li>\n<\/ul>\n<p data-start=\"1145\" data-end=\"1427\">Stosowanie <strong data-start=\"1156\" data-end=\"1168\">My Sugar<\/strong> zaleca si\u0119 tak\u017ce osobom zmagaj\u0105cym si\u0119 z nadwag\u0105, wahaniami nastroju, przewlek\u0142ym zm\u0119czeniem oraz objawami neuropatii cukrzycowej. To tak\u017ce doskona\u0142y wyb\u00f3r dla tych, kt\u00f3rzy chc\u0105 postawi\u0107 na profilaktyk\u0119 i ochron\u0119 przed szkodliwym dzia\u0142aniem wolnych rodnik\u00f3w.<\/p>\n<h2 data-start=\"1429\" data-end=\"1469\">Sk\u0142ad i dzia\u0142anie sk\u0142adnik\u00f3w My Sugar<\/h2>\n<p data-start=\"1471\" data-end=\"1646\">Unikalno\u015b\u0107 kapsu\u0142ek <strong data-start=\"1491\" data-end=\"1503\">My Sugar<\/strong> tkwi w ich naturalnym i synergistycznym sk\u0142adzie. Ka\u017cdy ze sk\u0142adnik\u00f3w posiada naukowo potwierdzone dzia\u0142anie wspieraj\u0105ce zdrowie metaboliczne.<\/p>\n<h3 data-start=\"1648\" data-end=\"1693\">Inulina \u2013 naturalny polisacharyd ro\u015blinny<\/h3>\n<p data-start=\"1695\" data-end=\"2093\">Inulina to rozpuszczalny b\u0142onnik, kt\u00f3ry nie tylko wspomaga perystaltyk\u0119 jelit, ale przede wszystkim wp\u0142ywa korzystnie na metabolizm w\u0119glowodan\u00f3w i lipid\u00f3w. Regularne spo\u017cycie inuliny mo\u017ce obni\u017ca\u0107 indeks glikemiczny diety oraz pomaga\u0107 w utrzymaniu stabilnego poziomu glukozy. Wspiera r\u00f3wnie\u017c rozw\u00f3j korzystnej mikroflory jelitowej, kt\u00f3ra odgrywa wa\u017cn\u0105 rol\u0119 w regulacji apetytu i gospodarki cukrowej.<\/p>\n<h3 data-start=\"2095\" data-end=\"2165\">Alfa \u2013 wsparcie wra\u017cliwo\u015bci na insulin\u0119 i ochrona przed neuropati\u0105<\/h3>\n<p data-start=\"2167\" data-end=\"2466\">Ekstrakt Alfa to substancja wspieraj\u0105ca popraw\u0119 wra\u017cliwo\u015bci kom\u00f3rek na insulin\u0119, co jest kluczowe u os\u00f3b z cukrzyc\u0105 lub insulinooporno\u015bci\u0105. Opr\u00f3cz tego sk\u0142adnik ten pomaga radzi\u0107 sobie z objawami neuropatii cukrzycowej, \u0142agodz\u0105c mrowienia i b\u00f3le ko\u0144czyn oraz wspieraj\u0105c regeneracj\u0119 uk\u0142adu nerwowego.<\/p>\n<h3 data-start=\"2468\" data-end=\"2512\">Chrom \u2013 kontrola poziomu glukozy we krwi<\/h3>\n<p data-start=\"2514\" data-end=\"2876\">Chrom to pierwiastek, kt\u00f3ry odgrywa fundamentaln\u0105 rol\u0119 w utrzymaniu prawid\u0142owego poziomu glukozy. Stymuluje dzia\u0142anie insuliny, zwi\u0119ksza efektywno\u015b\u0107 transportu glukozy do kom\u00f3rek oraz zapobiega gwa\u0142townym wzrostom poziomu cukru. Dzi\u0119ki niemu ryzyko hiperglikemii jest znacz\u0105co zredukowane, a osoby z tendencj\u0105 do podjadania rzadziej odczuwaj\u0105 nag\u0142e napady g\u0142odu.<\/p>\n<h3 data-start=\"2878\" data-end=\"2930\">Koenzym Q10 \u2013 ochrona przed stresem oksydacyjnym<\/h3>\n<p data-start=\"2932\" data-end=\"3255\">Koenzym Q10 jest znany z dzia\u0142ania antyoksydacyjnego. Usuwa nadmiar reaktywnych form tlenu, chroni\u0105c kom\u00f3rki, a szczeg\u00f3lnie mitochondria, przed uszkodzeniami oksydacyjnymi. Jest to wa\u017cne nie tylko dla os\u00f3b z cukrzyc\u0105, ale tak\u017ce dla ka\u017cdego, kto pragnie utrzyma\u0107 organizm w dobrej kondycji i spowolni\u0107 procesy starzenia si\u0119.<\/p>\n<p style=\"text-align: center;\" data-start=\"2932\" data-end=\"3255\"><a href=\"https:\/\/keonv.com\/DnpS?sub1=sub1&amp;sub2=sub2&amp;sub3=sub3&amp;sub4=sub4&amp;sub5=sub5\"><button>www.my-sugar.pl<\/button><\/a><\/p>\n<h2 data-start=\"3257\" data-end=\"3297\">Efekty My Sugar i ich charakterystyka<\/h2>\n<p data-start=\"3299\" data-end=\"3432\">Stosowanie <strong data-start=\"3310\" data-end=\"3322\">My Sugar<\/strong> przynosi szereg korzy\u015bci, potwierdzonych przez liczne badania i opinie u\u017cytkownik\u00f3w. Najwa\u017cniejsze z nich to:<\/p>\n<ul data-start=\"3434\" data-end=\"3705\">\n<li data-start=\"3434\" data-end=\"3478\">\n<p data-start=\"3436\" data-end=\"3478\">Skuteczna regulacja poziomu cukru we krwi,<\/p>\n<\/li>\n<li data-start=\"3479\" data-end=\"3513\">\n<p data-start=\"3481\" data-end=\"3513\">Poprawa wra\u017cliwo\u015bci na insulin\u0119,<\/p>\n<\/li>\n<li data-start=\"3514\" data-end=\"3559\">\n<p data-start=\"3516\" data-end=\"3559\">Wsparcie pracy trzustki i uk\u0142adu nerwowego,<\/p>\n<\/li>\n<li data-start=\"3560\" data-end=\"3610\">\n<p data-start=\"3562\" data-end=\"3610\">Redukcja zm\u0119czenia i lepsza energia na co dzie\u0144,<\/p>\n<\/li>\n<li data-start=\"3611\" data-end=\"3649\">\n<p data-start=\"3613\" data-end=\"3649\">Ochrona kom\u00f3rek przed uszkodzeniami,<\/p>\n<\/li>\n<li data-start=\"3650\" data-end=\"3705\">\n<p data-start=\"3652\" data-end=\"3705\">Poprawa metabolizmu i \u0142atwiejsza kontrola masy cia\u0142a.<\/p>\n<\/li>\n<\/ul>\n<p data-start=\"3707\" data-end=\"3834\">Efekty te pojawiaj\u0105 si\u0119 ju\u017c po kilku tygodniach regularnego stosowania kapsu\u0142ek i utrzymuj\u0105 si\u0119 przy kontynuacji suplementacji.<\/p>\n<h2 data-start=\"3836\" data-end=\"3863\">Ryzyko skutk\u00f3w ubocznych<\/h2>\n<p data-start=\"3865\" data-end=\"4341\">Jedn\u0105 z najwi\u0119kszych zalet <strong data-start=\"3892\" data-end=\"3904\">My Sugar<\/strong> jest jego bezpiecze\u0144stwo stosowania. Preparat sk\u0142ada si\u0119 wy\u0142\u0105cznie z naturalnych komponent\u00f3w, wolnych od sztucznych dodatk\u00f3w, konserwant\u00f3w i GMO. Ryzyko wyst\u0105pienia skutk\u00f3w ubocznych jest minimalne, co czyni go odpowiednim nawet dla os\u00f3b ze sk\u0142onno\u015bciami do alergii. W bardzo rzadkich przypadkach mo\u017ce wyst\u0105pi\u0107 nadwra\u017cliwo\u015b\u0107 na kt\u00f3ry\u015b ze sk\u0142adnik\u00f3w, dlatego przed rozpocz\u0119ciem suplementacji warto zapozna\u0107 si\u0119 z pe\u0142nym sk\u0142adem produktu.<\/p>\n<h2 data-start=\"151\" data-end=\"205\">Opinie klient\u00f3w o My Sugar: fora po\u015bwi\u0119cone zdrowiu<\/h2>\n<p data-start=\"207\" data-end=\"614\">W Polsce coraz wi\u0119ksz\u0105 popularno\u015b\u0107 zyskuj\u0105 fora internetowe po\u015bwi\u0119cone zdrowiu i naturalnym metodom wspierania organizmu. To w\u0142a\u015bnie tam u\u017cytkownicy dziel\u0105 si\u0119 swoimi do\u015bwiadczeniami dotycz\u0105cymi r\u00f3\u017cnych suplement\u00f3w, w tym tak\u017ce kapsu\u0142ek <strong data-start=\"444\" data-end=\"456\">My Sugar<\/strong>. Rosn\u0105ca liczba pozytywnych opinii \u015bwiadczy o tym, \u017ce preparat zyskuje zaufanie Polak\u00f3w, kt\u00f3rzy ceni\u0105 jego skuteczno\u015b\u0107, bezpiecze\u0144stwo oraz \u0142atw\u0105 dost\u0119pno\u015b\u0107.<\/p>\n<p data-start=\"616\" data-end=\"944\">Na wielu forach zdrowotnych, takich jak Vitalia czy abcZdrowie, mo\u017cna znale\u017a\u0107 w\u0105tki po\u015bwi\u0119cone My Sugar, gdzie wi\u0119kszo\u015b\u0107 wypowiadaj\u0105cych si\u0119 u\u017cytkownik\u00f3w podkre\u015bla wyra\u017an\u0105 popraw\u0119 samopoczucia oraz \u0142atwo\u015b\u0107 regulacji poziomu cukru we krwi. Klienci zwracaj\u0105 uwag\u0119 na naturalny sk\u0142ad preparatu, szybkie efekty oraz przyst\u0119pn\u0105 cen\u0119.<\/p>\n<p data-start=\"946\" data-end=\"978\"><strong>Przyk\u0142adowe opinie u\u017cytkownik\u00f3w:<\/strong><\/p>\n<ol>\n<li data-start=\"980\" data-end=\"1285\"><strong data-start=\"980\" data-end=\"997\">Anna, 46 lat:<\/strong><br data-start=\"997\" data-end=\"1000\" \/>\u201eMy Sugar poleci\u0142a mi kole\u017canka z pracy, kt\u00f3ra sama od lat zmaga si\u0119 z insulinooporno\u015bci\u0105. Ju\u017c po dw\u00f3ch tygodniach stosowania zauwa\u017cy\u0142am, \u017ce nie mam nag\u0142ych napad\u00f3w g\u0142odu, a wyniki bada\u0144 cukru si\u0119 poprawi\u0142y. Dodatkowo, kapsu\u0142ki s\u0105 \u0142atwe do po\u0142kni\u0119cia, a cena jest naprawd\u0119 przyst\u0119pna.\u201d<\/li>\n<li data-start=\"1287\" data-end=\"1559\"><strong data-start=\"1287\" data-end=\"1305\">Marek, 57 lat:<\/strong><br data-start=\"1305\" data-end=\"1308\" \/>\u201eD\u0142ugo szuka\u0142em naturalnego preparatu, kt\u00f3ry pomo\u017ce mi unormowa\u0107 poziom glukozy bez obaw o skutki uboczne. My Sugar spe\u0142ni\u0142 moje oczekiwania \u2013 czuj\u0119 si\u0119 lepiej, mam wi\u0119cej energii, a zam\u00f3wienie przez internet by\u0142o bardzo proste. Zdecydowanie polecam!\u201d<\/li>\n<\/ol>\n<h2 data-start=\"1561\" data-end=\"1593\">Spos\u00f3b podawania i dawkowanie<\/h2>\n<p data-start=\"1595\" data-end=\"2097\">Aby osi\u0105gn\u0105\u0107 najlepsze rezultaty, nale\u017cy stosowa\u0107 <strong data-start=\"1645\" data-end=\"1657\">My Sugar<\/strong> zgodnie z zaleceniami producenta. Standardowa dawka to 1-2 kapsu\u0142ki dziennie, najlepiej przyjmowane podczas posi\u0142ku i popijane szklank\u0105 wody. W przypadku os\u00f3b z wi\u0119kszymi problemami metabolicznymi dawkowanie mo\u017cna skonsultowa\u0107 z lekarzem lub specjalist\u0105. Systematyczno\u015b\u0107 przyjmowania preparatu jest kluczem do uzyskania trwa\u0142ych efekt\u00f3w \u2013 regularne stosowanie zapewnia stabilizacj\u0119 poziomu cukru we krwi oraz wsparcie dla ca\u0142ego organizmu.<\/p>\n<h2 data-start=\"2099\" data-end=\"2130\">Kup teraz My Sugar z dostaw\u0105<\/h2>\n<p data-start=\"2132\" data-end=\"2540\">Zakup <strong data-start=\"2138\" data-end=\"2150\">My Sugar<\/strong> jest wyj\u0105tkowo prosty i wygodny. Ca\u0142a procedura odbywa si\u0119 online \u2013 wystarczy wype\u0142ni\u0107 formularz zam\u00f3wienia na oficjalnej stronie producenta. Co wa\u017cne, nie musisz p\u0142aci\u0107 z g\u00f3ry. Op\u0142ata za produkt nast\u0119puje dopiero przy odbiorze przesy\u0142ki, dzi\u0119ki czemu masz pewno\u015b\u0107, \u017ce otrzymujesz oryginalny towar bez \u017cadnego ryzyka. Dostawa zajmuje zwykle od 3 do 4 dni roboczych na terenie ca\u0142ej Polski.<\/p>\n<p data-start=\"2542\" data-end=\"2841\">Po z\u0142o\u017ceniu zam\u00f3wienia, klient otrzymuje telefoniczne potwierdzenie od specjalisty. To doskona\u0142a okazja, by uzyska\u0107 profesjonaln\u0105 porad\u0119 na temat odpowiedniego dawkowania, a tak\u017ce dowiedzie\u0107 si\u0119 o aktualnych promocjach i ofertach specjalnych, kt\u00f3re mog\u0105 by\u0107 dost\u0119pne dla nowych lub sta\u0142ych klient\u00f3w.<\/p>\n<p style=\"text-align: center;\" data-start=\"2542\" data-end=\"2841\"><a href=\"https:\/\/keonv.com\/DnpS?sub1=sub1&amp;sub2=sub2&amp;sub3=sub3&amp;sub4=sub4&amp;sub5=sub5\"><button>Zakup na stronie producenta (-50%)<\/button><\/a><\/p>\n<h2 data-start=\"2843\" data-end=\"2890\">Por\u00f3wnanie ofert: ceny i dost\u0119pno\u015b\u0107 My Sugar<\/h2>\n<p data-start=\"2892\" data-end=\"3218\">Producent preparatu <strong data-start=\"2912\" data-end=\"2924\">My Sugar<\/strong> dok\u0142ada wszelkich stara\u0144, aby jego produkt by\u0142 jak najbardziej dost\u0119pny dla szerokiego grona odbiorc\u00f3w. Z tego powodu kapsu\u0142ki mo\u017cna kupi\u0107 wy\u0142\u0105cznie na oficjalnej stronie internetowej producenta \u2013 bez udzia\u0142u po\u015brednik\u00f3w, co pozwala unikn\u0105\u0107 dodatkowych mar\u017c i gwarantuje oryginalno\u015b\u0107 produktu.<\/p>\n<p data-start=\"3220\" data-end=\"3655\">Co wi\u0119cej, na stronie regularnie pojawiaj\u0105 si\u0119 atrakcyjne promocje i rabaty, kt\u00f3re pozwalaj\u0105 naby\u0107 suplement w jeszcze korzystniejszej cenie. Aktualno\u015b\u0107 promocji warto sprawdza\u0107 na bie\u017c\u0105co, poniewa\u017c liczba produkt\u00f3w obj\u0119tych ofert\u0105 specjaln\u0105 bywa ograniczona. To tak\u017ce pow\u00f3d, dla kt\u00f3rego <strong data-start=\"3508\" data-end=\"3520\">My Sugar<\/strong> nie jest dost\u0119pny w aptekach stacjonarnych czy drogeriach \u2013 producent dba o wysok\u0105 jako\u015b\u0107, bezpiecze\u0144stwo i transparentno\u015b\u0107 sprzeda\u017cy.<\/p>\n","protected":false},"excerpt":{"rendered":"<p style=\"text-align: center;\"><a href=\"https:\/\/keonv.com\/DnpS?sub1=sub1&amp;sub2=sub2&amp;sub3=sub3&amp;sub4=sub4&amp;sub5=sub5\"><button>Kup teraz<\/button><\/a><\/p>\n<p>SKU: 000<span class=\"sku\">.135.005<\/span><\/p>\n<hr \/>\n<p><small>Produkt sprzedawany jest wy\u0142\u0105cznie za po\u015brednictwem oficjalnej strony producenta, id\u017a i kupuj bezpiecznie!<\/small><\/p>\n","protected":false},"featured_media":1290,"comment_status":"open","ping_status":"closed","template":"","meta":[],"product_brand":[],"product_cat":[15],"product_tag":[],"class_list":{"0":"post-1289","1":"product","2":"type-product","3":"status-publish","4":"has-post-thumbnail","6":"product_cat-supl","7":"thunk-woo-product-list","8":"opn-qv-enable","9":"top-store-woo-hover-","10":"top-store-single-product-tab-horizontal","11":"top-store-shadow-","12":"top-store-shadow-hover-","14":"first","15":"instock","16":"sale","17":"shipping-taxable","18":"purchasable","19":"product-type-simple"},"yoast_head":"<!-- This site is optimized with the Yoast SEO plugin v27.4 - https:\/\/yoast.com\/product\/yoast-seo-wordpress\/ -->\n<title>My Sugar - kup suplement, cena w aptece, sk\u0142ad, dzia\u0142anie<\/title>\n<meta name=\"robots\" content=\"index, follow, max-snippet:-1, max-image-preview:large, max-video-preview:-1\" \/>\n<link rel=\"canonical\" href=\"https:\/\/lekarzeopole.pl\/wordpress\/product\/my-sugar\/\" \/>\n<meta property=\"og:locale\" content=\"pl_PL\" \/>\n<meta property=\"og:type\" content=\"article\" \/>\n<meta property=\"og:title\" content=\"My Sugar - kup suplement, cena w aptece, sk\u0142ad, dzia\u0142anie\" \/>\n<meta property=\"og:description\" content=\"Kup teraz SKU: 000.135.005    Produkt sprzedawany jest wy\u0142\u0105cznie za po\u015brednictwem oficjalnej strony producenta, id\u017a i kupuj bezpiecznie!\" \/>\n<meta property=\"og:url\" content=\"https:\/\/lekarzeopole.pl\/wordpress\/product\/my-sugar\/\" \/>\n<meta property=\"og:site_name\" content=\"Lekarze Opole\" \/>\n<meta property=\"og:image\" content=\"https:\/\/lekarzeopole.pl\/wordpress\/wp-content\/uploads\/2025\/05\/my-sugar.png\" \/>\n\t<meta property=\"og:image:width\" content=\"468\" \/>\n\t<meta property=\"og:image:height\" content=\"468\" \/>\n\t<meta property=\"og:image:type\" content=\"image\/png\" \/>\n<meta name=\"twitter:card\" content=\"summary_large_image\" \/>\n<meta name=\"twitter:label1\" content=\"Szacowany czas czytania\" \/>\n\t<meta name=\"twitter:data1\" content=\"7 minut\" \/>\n<script type=\"application\/ld+json\" class=\"yoast-schema-graph\">{\"@context\":\"https:\\\/\\\/schema.org\",\"@graph\":[{\"@type\":\"WebPage\",\"@id\":\"https:\\\/\\\/lekarzeopole.pl\\\/wordpress\\\/product\\\/my-sugar\\\/\",\"url\":\"https:\\\/\\\/lekarzeopole.pl\\\/wordpress\\\/product\\\/my-sugar\\\/\",\"name\":\"My Sugar - kup suplement, cena w aptece, sk\u0142ad, dzia\u0142anie\",\"isPartOf\":{\"@id\":\"https:\\\/\\\/lekarzeopole.pl\\\/wordpress\\\/#website\"},\"primaryImageOfPage\":{\"@id\":\"https:\\\/\\\/lekarzeopole.pl\\\/wordpress\\\/product\\\/my-sugar\\\/#primaryimage\"},\"image\":{\"@id\":\"https:\\\/\\\/lekarzeopole.pl\\\/wordpress\\\/product\\\/my-sugar\\\/#primaryimage\"},\"thumbnailUrl\":\"https:\\\/\\\/lekarzeopole.pl\\\/wordpress\\\/wp-content\\\/uploads\\\/2025\\\/05\\\/my-sugar.png\",\"datePublished\":\"2025-05-28T07:26:52+00:00\",\"breadcrumb\":{\"@id\":\"https:\\\/\\\/lekarzeopole.pl\\\/wordpress\\\/product\\\/my-sugar\\\/#breadcrumb\"},\"inLanguage\":\"pl-PL\",\"potentialAction\":[{\"@type\":\"ReadAction\",\"target\":[\"https:\\\/\\\/lekarzeopole.pl\\\/wordpress\\\/product\\\/my-sugar\\\/\"]}]},{\"@type\":\"ImageObject\",\"inLanguage\":\"pl-PL\",\"@id\":\"https:\\\/\\\/lekarzeopole.pl\\\/wordpress\\\/product\\\/my-sugar\\\/#primaryimage\",\"url\":\"https:\\\/\\\/lekarzeopole.pl\\\/wordpress\\\/wp-content\\\/uploads\\\/2025\\\/05\\\/my-sugar.png\",\"contentUrl\":\"https:\\\/\\\/lekarzeopole.pl\\\/wordpress\\\/wp-content\\\/uploads\\\/2025\\\/05\\\/my-sugar.png\",\"width\":468,\"height\":468,\"caption\":\"My Sugar\"},{\"@type\":\"BreadcrumbList\",\"@id\":\"https:\\\/\\\/lekarzeopole.pl\\\/wordpress\\\/product\\\/my-sugar\\\/#breadcrumb\",\"itemListElement\":[{\"@type\":\"ListItem\",\"position\":1,\"name\":\"\u0413\u043b\u0430\u0432\u043d\u0430\u044f \u0441\u0442\u0440\u0430\u043d\u0438\u0446\u0430\",\"item\":\"https:\\\/\\\/lekarzeopole.pl\\\/wordpress\\\/\"},{\"@type\":\"ListItem\",\"position\":2,\"name\":\"Zakup\",\"item\":\"https:\\\/\\\/lekarzeopole.pl\\\/wordpress\\\/\"},{\"@type\":\"ListItem\",\"position\":3,\"name\":\"My Sugar\"}]},{\"@type\":\"WebSite\",\"@id\":\"https:\\\/\\\/lekarzeopole.pl\\\/wordpress\\\/#website\",\"url\":\"https:\\\/\\\/lekarzeopole.pl\\\/wordpress\\\/\",\"name\":\"Lekarze Opole\",\"description\":\"\",\"potentialAction\":[{\"@type\":\"SearchAction\",\"target\":{\"@type\":\"EntryPoint\",\"urlTemplate\":\"https:\\\/\\\/lekarzeopole.pl\\\/wordpress\\\/?s={search_term_string}\"},\"query-input\":{\"@type\":\"PropertyValueSpecification\",\"valueRequired\":true,\"valueName\":\"search_term_string\"}}],\"inLanguage\":\"pl-PL\"}]}<\/script>\n<!-- \/ Yoast SEO plugin. -->","yoast_head_json":{"title":"My Sugar - kup suplement, cena w aptece, sk\u0142ad, dzia\u0142anie","robots":{"index":"index","follow":"follow","max-snippet":"max-snippet:-1","max-image-preview":"max-image-preview:large","max-video-preview":"max-video-preview:-1"},"canonical":"https:\/\/lekarzeopole.pl\/wordpress\/product\/my-sugar\/","og_locale":"pl_PL","og_type":"article","og_title":"My Sugar - kup suplement, cena w aptece, sk\u0142ad, dzia\u0142anie","og_description":"Kup teraz SKU: 000.135.005    Produkt sprzedawany jest wy\u0142\u0105cznie za po\u015brednictwem oficjalnej strony producenta, id\u017a i kupuj bezpiecznie!","og_url":"https:\/\/lekarzeopole.pl\/wordpress\/product\/my-sugar\/","og_site_name":"Lekarze Opole","og_image":[{"width":468,"height":468,"url":"https:\/\/lekarzeopole.pl\/wordpress\/wp-content\/uploads\/2025\/05\/my-sugar.png","type":"image\/png"}],"twitter_card":"summary_large_image","twitter_misc":{"Szacowany czas czytania":"7 minut"},"schema":{"@context":"https:\/\/schema.org","@graph":[{"@type":"WebPage","@id":"https:\/\/lekarzeopole.pl\/wordpress\/product\/my-sugar\/","url":"https:\/\/lekarzeopole.pl\/wordpress\/product\/my-sugar\/","name":"My Sugar - kup suplement, cena w aptece, sk\u0142ad, dzia\u0142anie","isPartOf":{"@id":"https:\/\/lekarzeopole.pl\/wordpress\/#website"},"primaryImageOfPage":{"@id":"https:\/\/lekarzeopole.pl\/wordpress\/product\/my-sugar\/#primaryimage"},"image":{"@id":"https:\/\/lekarzeopole.pl\/wordpress\/product\/my-sugar\/#primaryimage"},"thumbnailUrl":"https:\/\/lekarzeopole.pl\/wordpress\/wp-content\/uploads\/2025\/05\/my-sugar.png","datePublished":"2025-05-28T07:26:52+00:00","breadcrumb":{"@id":"https:\/\/lekarzeopole.pl\/wordpress\/product\/my-sugar\/#breadcrumb"},"inLanguage":"pl-PL","potentialAction":[{"@type":"ReadAction","target":["https:\/\/lekarzeopole.pl\/wordpress\/product\/my-sugar\/"]}]},{"@type":"ImageObject","inLanguage":"pl-PL","@id":"https:\/\/lekarzeopole.pl\/wordpress\/product\/my-sugar\/#primaryimage","url":"https:\/\/lekarzeopole.pl\/wordpress\/wp-content\/uploads\/2025\/05\/my-sugar.png","contentUrl":"https:\/\/lekarzeopole.pl\/wordpress\/wp-content\/uploads\/2025\/05\/my-sugar.png","width":468,"height":468,"caption":"My Sugar"},{"@type":"BreadcrumbList","@id":"https:\/\/lekarzeopole.pl\/wordpress\/product\/my-sugar\/#breadcrumb","itemListElement":[{"@type":"ListItem","position":1,"name":"\u0413\u043b\u0430\u0432\u043d\u0430\u044f \u0441\u0442\u0440\u0430\u043d\u0438\u0446\u0430","item":"https:\/\/lekarzeopole.pl\/wordpress\/"},{"@type":"ListItem","position":2,"name":"Zakup","item":"https:\/\/lekarzeopole.pl\/wordpress\/"},{"@type":"ListItem","position":3,"name":"My Sugar"}]},{"@type":"WebSite","@id":"https:\/\/lekarzeopole.pl\/wordpress\/#website","url":"https:\/\/lekarzeopole.pl\/wordpress\/","name":"Lekarze Opole","description":"","potentialAction":[{"@type":"SearchAction","target":{"@type":"EntryPoint","urlTemplate":"https:\/\/lekarzeopole.pl\/wordpress\/?s={search_term_string}"},"query-input":{"@type":"PropertyValueSpecification","valueRequired":true,"valueName":"search_term_string"}}],"inLanguage":"pl-PL"}]}},"_links":{"self":[{"href":"https:\/\/lekarzeopole.pl\/wordpress\/wp-json\/wp\/v2\/product\/1289","targetHints":{"allow":["GET"]}}],"collection":[{"href":"https:\/\/lekarzeopole.pl\/wordpress\/wp-json\/wp\/v2\/product"}],"about":[{"href":"https:\/\/lekarzeopole.pl\/wordpress\/wp-json\/wp\/v2\/types\/product"}],"replies":[{"embeddable":true,"href":"https:\/\/lekarzeopole.pl\/wordpress\/wp-json\/wp\/v2\/comments?post=1289"}],"wp:featuredmedia":[{"embeddable":true,"href":"https:\/\/lekarzeopole.pl\/wordpress\/wp-json\/wp\/v2\/media\/1290"}],"wp:attachment":[{"href":"https:\/\/lekarzeopole.pl\/wordpress\/wp-json\/wp\/v2\/media?parent=1289"}],"wp:term":[{"taxonomy":"product_brand","embeddable":true,"href":"https:\/\/lekarzeopole.pl\/wordpress\/wp-json\/wp\/v2\/product_brand?post=1289"},{"taxonomy":"product_cat","embeddable":true,"href":"https:\/\/lekarzeopole.pl\/wordpress\/wp-json\/wp\/v2\/product_cat?post=1289"},{"taxonomy":"product_tag","embeddable":true,"href":"https:\/\/lekarzeopole.pl\/wordpress\/wp-json\/wp\/v2\/product_tag?post=1289"}],"curies":[{"name":"wp","href":"https:\/\/api.w.org\/{rel}","templated":true}]}}