{"id":1287,"date":"2025-05-28T07:21:37","date_gmt":"2025-05-28T07:21:37","guid":{"rendered":"https:\/\/lekarzeopole.pl\/wordpress\/?post_type=product&#038;p=1287"},"modified":"2025-05-28T07:21:38","modified_gmt":"2025-05-28T07:21:38","slug":"my-slim-fit","status":"publish","type":"product","link":"https:\/\/lekarzeopole.pl\/wordpress\/product\/my-slim-fit\/","title":{"rendered":"My Slim Fit"},"content":{"rendered":"<p data-start=\"270\" data-end=\"892\">W dzisiejszych czasach coraz wi\u0119cej os\u00f3b boryka si\u0119 z problemem nadwagi i oty\u0142o\u015bci. Szybkie tempo \u017cycia, stres, brak czasu na regularn\u0105 aktywno\u015b\u0107 fizyczn\u0105 oraz niezdrowa dieta prowadz\u0105 do gromadzenia si\u0119 zb\u0119dnych kilogram\u00f3w. W odpowiedzi na te wyzwania na rynku pojawiaj\u0105 si\u0119 r\u00f3\u017cnorodne preparaty wspieraj\u0105ce odchudzanie, w\u015br\u00f3d kt\u00f3rych szczeg\u00f3ln\u0105 popularno\u015b\u0107 zyskuj\u0105 <strong data-start=\"637\" data-end=\"673\">naturalne kapsu\u0142y na odchudzanie<\/strong>. Jednym z takich rozwi\u0105za\u0144 jest <strong data-start=\"706\" data-end=\"721\">My Slim Fit<\/strong> \u2013 produkt oparty na starannie dobranych sk\u0142adnikach pochodzenia naturalnego, zapewniaj\u0105cy skuteczne wsparcie w redukcji masy cia\u0142a bez ryzyka powa\u017cnych skutk\u00f3w ubocznych.<\/p>\n<h2 data-start=\"894\" data-end=\"932\">Wskazania do stosowania My Slim Fit<\/h2>\n<p data-start=\"934\" data-end=\"1098\"><strong data-start=\"934\" data-end=\"949\">My Slim Fit<\/strong> to kapsu\u0142ki dedykowane osobom pragn\u0105cym skutecznie i bezpiecznie pozby\u0107 si\u0119 nadmiernych kilogram\u00f3w. Produkt polecany jest szczeg\u00f3lnie osobom, kt\u00f3re:<\/p>\n<ul data-start=\"1100\" data-end=\"1416\">\n<li data-start=\"1100\" data-end=\"1166\">\n<p data-start=\"1102\" data-end=\"1166\">maj\u0105 trudno\u015bci ze zrzuceniem masy cia\u0142a pomimo stosowania diety,<\/p>\n<\/li>\n<li data-start=\"1167\" data-end=\"1210\">\n<p data-start=\"1169\" data-end=\"1210\">cierpi\u0105 na powtarzaj\u0105ce si\u0119 efekty jo-jo,<\/p>\n<\/li>\n<li data-start=\"1211\" data-end=\"1242\">\n<p data-start=\"1213\" data-end=\"1242\">prowadz\u0105 siedz\u0105cy tryb \u017cycia,<\/p>\n<\/li>\n<li data-start=\"1243\" data-end=\"1284\">\n<p data-start=\"1245\" data-end=\"1284\">do\u015bwiadczaj\u0105 spowolnionego metabolizmu,<\/p>\n<\/li>\n<li data-start=\"1285\" data-end=\"1353\">\n<p data-start=\"1287\" data-end=\"1353\">szukaj\u0105 naturalnego wsparcia w codziennej walce o lepsz\u0105 sylwetk\u0119,<\/p>\n<\/li>\n<li data-start=\"1354\" data-end=\"1416\">\n<p data-start=\"1356\" data-end=\"1416\">chc\u0105 wspom\u00f3c spalanie tkanki t\u0142uszczowej i kontrol\u0119 apetytu.<\/p>\n<\/li>\n<\/ul>\n<p data-start=\"1418\" data-end=\"1620\">Dzi\u0119ki przemy\u015blanej formule, My Slim Fit sprawdzi si\u0119 zar\u00f3wno jako wsparcie dla os\u00f3b zaczynaj\u0105cych swoj\u0105 przygod\u0119 z odchudzaniem, jak i tych, kt\u00f3re maj\u0105 za sob\u0105 liczne, nieskuteczne pr\u00f3by redukcji wagi.<\/p>\n<h2 data-start=\"1622\" data-end=\"1665\">Sk\u0142ad i dzia\u0142anie sk\u0142adnik\u00f3w My Slim Fit<\/h2>\n<p data-start=\"1667\" data-end=\"1935\">Kluczem do skuteczno\u015bci <strong data-start=\"1691\" data-end=\"1715\">kapsu\u0142ek My Slim Fit<\/strong> jest ich unikalny, naturalny sk\u0142ad. Produkt opiera si\u0119 na synergicznym dzia\u0142aniu wyselekcjonowanych sk\u0142adnik\u00f3w ro\u015blinnych, kt\u00f3rych efektywno\u015b\u0107 potwierdzaj\u0105 liczne badania naukowe. Co znajdziemy w kapsu\u0142kach My Slim Fit?<\/p>\n<ul data-start=\"1937\" data-end=\"2924\">\n<li data-start=\"1937\" data-end=\"2185\">\n<p data-start=\"1939\" data-end=\"2185\"><strong data-start=\"1939\" data-end=\"1970\">Ekstrakt z zielonej herbaty<\/strong> \u2013 znany z silnych w\u0142a\u015bciwo\u015bci antyoksydacyjnych i wspieraj\u0105cych spalanie t\u0142uszczu. Zielona herbata przyspiesza metabolizm, poprawia trawienie i skutecznie wspiera proces lipolizy, czyli rozk\u0142adu tkanki t\u0142uszczowej.<\/p>\n<\/li>\n<li data-start=\"2186\" data-end=\"2407\">\n<p data-start=\"2188\" data-end=\"2407\"><strong data-start=\"2188\" data-end=\"2210\">Ekstrakt z guarany<\/strong> \u2013 naturalne \u017ar\u00f3d\u0142o kofeiny, kt\u00f3re pobudza organizm, dodaje energii i poprawia wydolno\u015b\u0107 fizyczn\u0105. Guarana wspomaga r\u00f3wnie\u017c hamowanie \u0142aknienia, dzi\u0119ki czemu ogranicza spo\u017cycie nadmiernych kalorii.<\/p>\n<\/li>\n<li data-start=\"2408\" data-end=\"2596\">\n<p data-start=\"2410\" data-end=\"2596\"><strong data-start=\"2410\" data-end=\"2444\">Ekstrakt z gorzkiej pomara\u0144czy<\/strong> \u2013 bogaty w synefryn\u0119, substancj\u0119 sprzyjaj\u0105c\u0105 spalaniu t\u0142uszczu i redukcji masy cia\u0142a. Pomaga regulowa\u0107 przemian\u0119 materii i wspiera procesy termogenezy.<\/p>\n<\/li>\n<li data-start=\"2597\" data-end=\"2757\">\n<p data-start=\"2599\" data-end=\"2757\"><strong data-start=\"2599\" data-end=\"2608\">Chrom<\/strong> \u2013 pierwiastek niezb\u0119dny do prawid\u0142owej regulacji poziomu cukru we krwi. Chrom zmniejsza ch\u0119\u0107 na s\u0142odycze i pomaga w utrzymaniu w\u0142a\u015bciwej masy cia\u0142a.<\/p>\n<\/li>\n<li data-start=\"2758\" data-end=\"2924\">\n<p data-start=\"2760\" data-end=\"2924\"><strong data-start=\"2760\" data-end=\"2790\">Ekstrakt z opuncji figowej<\/strong> \u2013 wykazuje dzia\u0142anie wi\u0105\u017c\u0105ce t\u0142uszcze w przewodzie pokarmowym, dzi\u0119ki czemu zmniejsza ich wch\u0142anianie i sprzyja obni\u017ceniu masy cia\u0142a.<\/p>\n<\/li>\n<\/ul>\n<p data-start=\"2926\" data-end=\"3078\">Wszystkie sk\u0142adniki kapsu\u0142ek My Slim Fit zosta\u0142y dobrane w taki spos\u00f3b, by wspiera\u0107 naturalne procesy odchudzania, bez nadmiernego obci\u0105\u017cania organizmu.<\/p>\n<p style=\"text-align: center;\" data-start=\"2926\" data-end=\"3078\"><a href=\"https:\/\/keonv.com\/XcpS?sub1=sub1&amp;sub2=sub2&amp;sub3=sub3&amp;sub4=sub4&amp;sub5=sub5\"><button>www.my-slim-fit.pl<\/button><\/a><\/p>\n<h2 data-start=\"3080\" data-end=\"3123\">Efekty My Slim Fit i ich charakterystyka<\/h2>\n<p data-start=\"3125\" data-end=\"3333\">Regularne stosowanie My Slim Fit zgodnie z zaleceniami producenta przynosi szereg korzy\u015bci dla organizmu i sylwetki. Efekty stosowania kapsu\u0142ek na odchudzanie pojawiaj\u0105 si\u0119 ju\u017c po kilku tygodniach i obejmuj\u0105:<\/p>\n<ul data-start=\"3335\" data-end=\"3590\">\n<li data-start=\"3335\" data-end=\"3357\">\n<p data-start=\"3337\" data-end=\"3357\">redukcj\u0119 masy cia\u0142a,<\/p>\n<\/li>\n<li data-start=\"3358\" data-end=\"3386\">\n<p data-start=\"3360\" data-end=\"3386\">popraw\u0119 przemiany materii,<\/p>\n<\/li>\n<li data-start=\"3387\" data-end=\"3425\">\n<p data-start=\"3389\" data-end=\"3425\">szybsze spalanie tkanki t\u0142uszczowej,<\/p>\n<\/li>\n<li data-start=\"3426\" data-end=\"3460\">\n<p data-start=\"3428\" data-end=\"3460\">zahamowanie nadmiernego apetytu,<\/p>\n<\/li>\n<li data-start=\"3461\" data-end=\"3500\">\n<p data-start=\"3463\" data-end=\"3500\">wzrost energii i lepsze samopoczucie,<\/p>\n<\/li>\n<li data-start=\"3501\" data-end=\"3544\">\n<p data-start=\"3503\" data-end=\"3544\">utrzymanie efekt\u00f3w odchudzania na d\u0142u\u017cej,<\/p>\n<\/li>\n<li data-start=\"3545\" data-end=\"3590\">\n<p data-start=\"3547\" data-end=\"3590\">wsparcie w oczyszczaniu organizmu z toksyn.<\/p>\n<\/li>\n<\/ul>\n<p data-start=\"3592\" data-end=\"3835\">Co wa\u017cne, efekty My Slim Fit s\u0105 stopniowe i bezpieczne, co pozwala unikn\u0105\u0107 gwa\u0142townych waha\u0144 wagi oraz negatywnego wp\u0142ywu na zdrowie. Preparat wspiera r\u00f3wnie\u017c zachowanie motywacji do dalszej pracy nad sylwetk\u0105, poprawiaj\u0105c og\u00f3lne samopoczucie.<\/p>\n<h2 data-start=\"3837\" data-end=\"3864\">Ryzyko skutk\u00f3w ubocznych<\/h2>\n<p data-start=\"3866\" data-end=\"4200\">Jednym z g\u0142\u00f3wnych atut\u00f3w kapsu\u0142ek My Slim Fit jest ich naturalny sk\u0142ad. Brak sztucznych substancji chemicznych i konserwant\u00f3w sprawia, \u017ce ryzyko pojawienia si\u0119 skutk\u00f3w ubocznych jest minimalne. Kapsu\u0142ki s\u0105 dobrze tolerowane przez organizm i nie wywo\u0142uj\u0105 nieprzyjemnych dolegliwo\u015bci typowych dla wielu innych preparat\u00f3w odchudzaj\u0105cych.<\/p>\n<p data-start=\"4202\" data-end=\"4424\">W praktyce jedynie osoby z alergi\u0105 na kt\u00f3rykolwiek sk\u0142adnik produktu powinny zachowa\u0107 ostro\u017cno\u015b\u0107. Nie zaleca si\u0119 tak\u017ce stosowania preparatu przez kobiety w ci\u0105\u017cy i karmi\u0105ce piersi\u0105 bez wcze\u015bniejszej konsultacji z lekarzem.<\/p>\n<h2 data-start=\"78\" data-end=\"135\">Opinie klient\u00f3w o My Slim Fit: fora po\u015bwi\u0119cone zdrowiu<\/h2>\n<p data-start=\"137\" data-end=\"637\">W Polsce coraz wi\u0119ksz\u0105 popularno\u015b\u0107 zdobywaj\u0105 internetowe fora po\u015bwi\u0119cone zdrowiu, odchudzaniu i suplementacji. U\u017cytkownicy ch\u0119tnie dziel\u0105 si\u0119 tam swoimi do\u015bwiadczeniami, opiniami i poradami dotycz\u0105cymi r\u00f3\u017cnych preparat\u00f3w wspomagaj\u0105cych odchudzanie. W ostatnich miesi\u0105cach <strong data-start=\"409\" data-end=\"424\">My Slim Fit<\/strong> zyska\u0142 du\u017c\u0105 uwag\u0119 w\u015br\u00f3d os\u00f3b szukaj\u0105cych skutecznych, a jednocze\u015bnie naturalnych sposob\u00f3w na redukcj\u0119 masy cia\u0142a. W zwi\u0105zku z tym na forach i grupach tematycznych pojawia si\u0119 coraz wi\u0119cej recenzji tego produktu.<\/p>\n<p data-start=\"639\" data-end=\"877\">Wi\u0119kszo\u015b\u0107 u\u017cytkownik\u00f3w podkre\u015bla <strong data-start=\"672\" data-end=\"704\">pozytywne dzia\u0142anie kapsu\u0142ek<\/strong>, ich wysok\u0105 skuteczno\u015b\u0107 oraz dost\u0119pno\u015b\u0107 bez recepty. Wielu konsument\u00f3w zwraca te\u017c uwag\u0119 na korzystn\u0105 cen\u0119 i wygodn\u0105 form\u0119 zam\u00f3wienia przez internet. Oto przyk\u0142adowe opinie:<\/p>\n<ol>\n<li data-start=\"879\" data-end=\"1152\"><strong data-start=\"879\" data-end=\"907\">Anna, 34 lata, Warszawa:<\/strong><br data-start=\"907\" data-end=\"910\" \/>\u201ePr\u00f3bowa\u0142am wielu preparat\u00f3w, ale dopiero My Slim Fit rzeczywi\u015bcie mi pom\u00f3g\u0142. W ci\u0105gu dw\u00f3ch miesi\u0119cy schud\u0142am 7 kg, czuj\u0119 si\u0119 l\u017cejsza i mam wi\u0119cej energii. Dodatkowo zam\u00f3wienie przysz\u0142o bardzo szybko, a p\u0142atno\u015b\u0107 przy odbiorze to super opcja!\u201d<\/li>\n<li data-start=\"1154\" data-end=\"1443\"><strong data-start=\"1154\" data-end=\"1181\">Tomasz, 41 lat, Krak\u00f3w:<\/strong><br data-start=\"1181\" data-end=\"1184\" \/>\u201eD\u0142ugo szuka\u0142em suplementu, kt\u00f3ry naprawd\u0119 zadzia\u0142a. Zdecydowa\u0142em si\u0119 na My Slim Fit, bo ma dobry, naturalny sk\u0142ad. Efekty przeros\u0142y moje oczekiwania \u2013 ju\u017c po pierwszym miesi\u0105cu widzia\u0142em r\u00f3\u017cnic\u0119. Polecam ka\u017cdemu, kto chce schudn\u0105\u0107 bez stresu i efektu jo-jo.\u201d<\/li>\n<\/ol>\n<h2 data-start=\"1445\" data-end=\"1477\">Spos\u00f3b podawania i dawkowanie<\/h2>\n<p data-start=\"1479\" data-end=\"2092\">Aby osi\u0105gn\u0105\u0107 najlepsze rezultaty, wa\u017cne jest przestrzeganie zalece\u0144 producenta dotycz\u0105cych stosowania <strong data-start=\"1581\" data-end=\"1596\">My Slim Fit<\/strong>. Zaleca si\u0119 przyjmowanie kapsu\u0142ek regularnie, zazwyczaj <strong data-start=\"1653\" data-end=\"1672\">2 razy dziennie<\/strong>, najlepiej rano i wieczorem, popijaj\u0105c du\u017c\u0105 ilo\u015bci\u0105 wody. Suplement mo\u017cna stosowa\u0107 zar\u00f3wno przed posi\u0142kiem, jak i w jego trakcie. Ca\u0142a kuracja powinna trwa\u0107 minimum 4 tygodnie, ale ju\u017c po kilku dniach wiele os\u00f3b zauwa\u017ca pierwsze pozytywne zmiany, takie jak zmniejszony apetyt czy wi\u0119cej energii. Przed rozpocz\u0119ciem stosowania warto zapozna\u0107 si\u0119 z ulotk\u0105 i w razie w\u0105tpliwo\u015bci skonsultowa\u0107 si\u0119 z lekarzem lub farmaceut\u0105.<\/p>\n<h2 data-start=\"2094\" data-end=\"2128\">Kup teraz My Slim Fit z dostaw\u0105<\/h2>\n<p data-start=\"2130\" data-end=\"2758\">Zakup <strong data-start=\"2136\" data-end=\"2151\">My Slim Fit<\/strong> jest prosty, szybki i bezpieczny. Kapsu\u0142ki mo\u017cna zam\u00f3wi\u0107 online, bez konieczno\u015bci wychodzenia z domu. Co wa\u017cne, <strong data-start=\"2264\" data-end=\"2303\">nie trzeba p\u0142aci\u0107 za produkt z g\u00f3ry<\/strong> \u2013 p\u0142atno\u015b\u0107 odbywa si\u0119 dopiero przy odbiorze przesy\u0142ki (za pobraniem), co minimalizuje ryzyko i gwarantuje otrzymanie oryginalnego produktu. Czas realizacji zam\u00f3wienia to zazwyczaj <strong data-start=\"2484\" data-end=\"2527\">3-4 dni robocze na terenie ca\u0142ej Polski<\/strong>. Dodatkowo, ka\u017cde zam\u00f3wienie jest potwierdzane telefonicznie przez konsultanta, kt\u00f3ry nie tylko udzieli odpowiedzi na pytania dotycz\u0105ce produktu i dawkowania, ale tak\u017ce poinformuje o aktualnych promocjach i dost\u0119pno\u015bci suplementu.<\/p>\n<p style=\"text-align: center;\" data-start=\"2130\" data-end=\"2758\"><a href=\"https:\/\/keonv.com\/XcpS?sub1=sub1&amp;sub2=sub2&amp;sub3=sub3&amp;sub4=sub4&amp;sub5=sub5\"><button>Zakup na stronie producenta (-50%)<\/button><\/a><\/p>\n<h2 data-start=\"2760\" data-end=\"2810\">Por\u00f3wnanie ofert: ceny i dost\u0119pno\u015b\u0107 My Slim Fit<\/h2>\n<p data-start=\"2812\" data-end=\"3447\">Producent <strong data-start=\"2822\" data-end=\"2837\">My Slim Fit<\/strong> stawia na bezpo\u015bredni kontakt z klientem i dba o to, by produkt by\u0142 dost\u0119pny w korzystnej cenie, bez dodatkowych po\u015brednik\u00f3w i niepotrzebnych mar\u017c. Kapsu\u0142ki mo\u017cna zam\u00f3wi\u0107 <strong data-start=\"3009\" data-end=\"3070\">wy\u0142\u0105cznie poprzez oficjaln\u0105 stron\u0119 internetow\u0105 producenta<\/strong>, co gwarantuje oryginalno\u015b\u0107 i \u015bwie\u017co\u015b\u0107 produktu. Dodatkowo, cz\u0119sto pojawiaj\u0105 si\u0119 atrakcyjne <strong data-start=\"3163\" data-end=\"3184\">promocje i rabaty<\/strong>, kt\u00f3rych aktualno\u015b\u0107 warto na bie\u017c\u0105co sprawdza\u0107 na stronie producenta. W\u0142a\u015bnie z tego powodu suplement <strong data-start=\"3287\" data-end=\"3333\">nie jest dost\u0119pny w stacjonarnych aptekach<\/strong>, sklepach zielarskich ani drogeriach \u2013 to tak\u017ce spos\u00f3b na zapewnienie najwy\u017cszej jako\u015bci i bezpiecze\u0144stwa zakupu.<\/p>\n","protected":false},"excerpt":{"rendered":"<p style=\"text-align: center;\"><a href=\"https:\/\/keonv.com\/XcpS?sub1=sub1&amp;sub2=sub2&amp;sub3=sub3&amp;sub4=sub4&amp;sub5=sub5\"><button>Kup teraz<\/button><\/a><\/p>\n<p>SKU: 000<span class=\"sku\">.135.004<\/span><\/p>\n<hr \/>\n<p><small>Produkt sprzedawany jest wy\u0142\u0105cznie za po\u015brednictwem oficjalnej strony producenta, id\u017a i kupuj bezpiecznie!<\/small><\/p>\n","protected":false},"featured_media":1288,"comment_status":"open","ping_status":"closed","template":"","meta":[],"product_brand":[],"product_cat":[15],"product_tag":[],"class_list":{"0":"post-1287","1":"product","2":"type-product","3":"status-publish","4":"has-post-thumbnail","6":"product_cat-supl","7":"thunk-woo-product-list","8":"opn-qv-enable","9":"top-store-woo-hover-","10":"top-store-single-product-tab-horizontal","11":"top-store-shadow-","12":"top-store-shadow-hover-","14":"first","15":"instock","16":"sale","17":"shipping-taxable","18":"purchasable","19":"product-type-simple"},"yoast_head":"<!-- This site is optimized with the Yoast SEO plugin v27.4 - https:\/\/yoast.com\/product\/yoast-seo-wordpress\/ -->\n<title>My Slim Fit - kup suplement, cena w aptece, sk\u0142ad, dzia\u0142anie<\/title>\n<meta name=\"robots\" content=\"index, follow, max-snippet:-1, max-image-preview:large, max-video-preview:-1\" \/>\n<link rel=\"canonical\" href=\"https:\/\/lekarzeopole.pl\/wordpress\/product\/my-slim-fit\/\" \/>\n<meta property=\"og:locale\" content=\"pl_PL\" \/>\n<meta property=\"og:type\" content=\"article\" \/>\n<meta property=\"og:title\" content=\"My Slim Fit - kup suplement, cena w aptece, sk\u0142ad, dzia\u0142anie\" \/>\n<meta property=\"og:description\" content=\"Kup teraz SKU: 000.135.004    Produkt sprzedawany jest wy\u0142\u0105cznie za po\u015brednictwem oficjalnej strony producenta, id\u017a i kupuj bezpiecznie!\" \/>\n<meta property=\"og:url\" content=\"https:\/\/lekarzeopole.pl\/wordpress\/product\/my-slim-fit\/\" \/>\n<meta property=\"og:site_name\" content=\"Lekarze Opole\" \/>\n<meta property=\"article:modified_time\" content=\"2025-05-28T07:21:38+00:00\" \/>\n<meta property=\"og:image\" content=\"https:\/\/lekarzeopole.pl\/wordpress\/wp-content\/uploads\/2025\/05\/my-slim-fit.png\" \/>\n\t<meta property=\"og:image:width\" content=\"466\" \/>\n\t<meta property=\"og:image:height\" content=\"466\" \/>\n\t<meta property=\"og:image:type\" content=\"image\/png\" \/>\n<meta name=\"twitter:card\" content=\"summary_large_image\" \/>\n<meta name=\"twitter:label1\" content=\"Szacowany czas czytania\" \/>\n\t<meta name=\"twitter:data1\" content=\"7 minut\" \/>\n<script type=\"application\/ld+json\" class=\"yoast-schema-graph\">{\"@context\":\"https:\\\/\\\/schema.org\",\"@graph\":[{\"@type\":\"WebPage\",\"@id\":\"https:\\\/\\\/lekarzeopole.pl\\\/wordpress\\\/product\\\/my-slim-fit\\\/\",\"url\":\"https:\\\/\\\/lekarzeopole.pl\\\/wordpress\\\/product\\\/my-slim-fit\\\/\",\"name\":\"My Slim Fit - kup suplement, cena w aptece, sk\u0142ad, dzia\u0142anie\",\"isPartOf\":{\"@id\":\"https:\\\/\\\/lekarzeopole.pl\\\/wordpress\\\/#website\"},\"primaryImageOfPage\":{\"@id\":\"https:\\\/\\\/lekarzeopole.pl\\\/wordpress\\\/product\\\/my-slim-fit\\\/#primaryimage\"},\"image\":{\"@id\":\"https:\\\/\\\/lekarzeopole.pl\\\/wordpress\\\/product\\\/my-slim-fit\\\/#primaryimage\"},\"thumbnailUrl\":\"https:\\\/\\\/lekarzeopole.pl\\\/wordpress\\\/wp-content\\\/uploads\\\/2025\\\/05\\\/my-slim-fit.png\",\"datePublished\":\"2025-05-28T07:21:37+00:00\",\"dateModified\":\"2025-05-28T07:21:38+00:00\",\"breadcrumb\":{\"@id\":\"https:\\\/\\\/lekarzeopole.pl\\\/wordpress\\\/product\\\/my-slim-fit\\\/#breadcrumb\"},\"inLanguage\":\"pl-PL\",\"potentialAction\":[{\"@type\":\"ReadAction\",\"target\":[\"https:\\\/\\\/lekarzeopole.pl\\\/wordpress\\\/product\\\/my-slim-fit\\\/\"]}]},{\"@type\":\"ImageObject\",\"inLanguage\":\"pl-PL\",\"@id\":\"https:\\\/\\\/lekarzeopole.pl\\\/wordpress\\\/product\\\/my-slim-fit\\\/#primaryimage\",\"url\":\"https:\\\/\\\/lekarzeopole.pl\\\/wordpress\\\/wp-content\\\/uploads\\\/2025\\\/05\\\/my-slim-fit.png\",\"contentUrl\":\"https:\\\/\\\/lekarzeopole.pl\\\/wordpress\\\/wp-content\\\/uploads\\\/2025\\\/05\\\/my-slim-fit.png\",\"width\":466,\"height\":466,\"caption\":\"My Slim Fit\"},{\"@type\":\"BreadcrumbList\",\"@id\":\"https:\\\/\\\/lekarzeopole.pl\\\/wordpress\\\/product\\\/my-slim-fit\\\/#breadcrumb\",\"itemListElement\":[{\"@type\":\"ListItem\",\"position\":1,\"name\":\"\u0413\u043b\u0430\u0432\u043d\u0430\u044f \u0441\u0442\u0440\u0430\u043d\u0438\u0446\u0430\",\"item\":\"https:\\\/\\\/lekarzeopole.pl\\\/wordpress\\\/\"},{\"@type\":\"ListItem\",\"position\":2,\"name\":\"Zakup\",\"item\":\"https:\\\/\\\/lekarzeopole.pl\\\/wordpress\\\/\"},{\"@type\":\"ListItem\",\"position\":3,\"name\":\"My Slim Fit\"}]},{\"@type\":\"WebSite\",\"@id\":\"https:\\\/\\\/lekarzeopole.pl\\\/wordpress\\\/#website\",\"url\":\"https:\\\/\\\/lekarzeopole.pl\\\/wordpress\\\/\",\"name\":\"Lekarze Opole\",\"description\":\"\",\"potentialAction\":[{\"@type\":\"SearchAction\",\"target\":{\"@type\":\"EntryPoint\",\"urlTemplate\":\"https:\\\/\\\/lekarzeopole.pl\\\/wordpress\\\/?s={search_term_string}\"},\"query-input\":{\"@type\":\"PropertyValueSpecification\",\"valueRequired\":true,\"valueName\":\"search_term_string\"}}],\"inLanguage\":\"pl-PL\"}]}<\/script>\n<!-- \/ Yoast SEO plugin. -->","yoast_head_json":{"title":"My Slim Fit - kup suplement, cena w aptece, sk\u0142ad, dzia\u0142anie","robots":{"index":"index","follow":"follow","max-snippet":"max-snippet:-1","max-image-preview":"max-image-preview:large","max-video-preview":"max-video-preview:-1"},"canonical":"https:\/\/lekarzeopole.pl\/wordpress\/product\/my-slim-fit\/","og_locale":"pl_PL","og_type":"article","og_title":"My Slim Fit - kup suplement, cena w aptece, sk\u0142ad, dzia\u0142anie","og_description":"Kup teraz SKU: 000.135.004    Produkt sprzedawany jest wy\u0142\u0105cznie za po\u015brednictwem oficjalnej strony producenta, id\u017a i kupuj bezpiecznie!","og_url":"https:\/\/lekarzeopole.pl\/wordpress\/product\/my-slim-fit\/","og_site_name":"Lekarze Opole","article_modified_time":"2025-05-28T07:21:38+00:00","og_image":[{"width":466,"height":466,"url":"https:\/\/lekarzeopole.pl\/wordpress\/wp-content\/uploads\/2025\/05\/my-slim-fit.png","type":"image\/png"}],"twitter_card":"summary_large_image","twitter_misc":{"Szacowany czas czytania":"7 minut"},"schema":{"@context":"https:\/\/schema.org","@graph":[{"@type":"WebPage","@id":"https:\/\/lekarzeopole.pl\/wordpress\/product\/my-slim-fit\/","url":"https:\/\/lekarzeopole.pl\/wordpress\/product\/my-slim-fit\/","name":"My Slim Fit - kup suplement, cena w aptece, sk\u0142ad, dzia\u0142anie","isPartOf":{"@id":"https:\/\/lekarzeopole.pl\/wordpress\/#website"},"primaryImageOfPage":{"@id":"https:\/\/lekarzeopole.pl\/wordpress\/product\/my-slim-fit\/#primaryimage"},"image":{"@id":"https:\/\/lekarzeopole.pl\/wordpress\/product\/my-slim-fit\/#primaryimage"},"thumbnailUrl":"https:\/\/lekarzeopole.pl\/wordpress\/wp-content\/uploads\/2025\/05\/my-slim-fit.png","datePublished":"2025-05-28T07:21:37+00:00","dateModified":"2025-05-28T07:21:38+00:00","breadcrumb":{"@id":"https:\/\/lekarzeopole.pl\/wordpress\/product\/my-slim-fit\/#breadcrumb"},"inLanguage":"pl-PL","potentialAction":[{"@type":"ReadAction","target":["https:\/\/lekarzeopole.pl\/wordpress\/product\/my-slim-fit\/"]}]},{"@type":"ImageObject","inLanguage":"pl-PL","@id":"https:\/\/lekarzeopole.pl\/wordpress\/product\/my-slim-fit\/#primaryimage","url":"https:\/\/lekarzeopole.pl\/wordpress\/wp-content\/uploads\/2025\/05\/my-slim-fit.png","contentUrl":"https:\/\/lekarzeopole.pl\/wordpress\/wp-content\/uploads\/2025\/05\/my-slim-fit.png","width":466,"height":466,"caption":"My Slim Fit"},{"@type":"BreadcrumbList","@id":"https:\/\/lekarzeopole.pl\/wordpress\/product\/my-slim-fit\/#breadcrumb","itemListElement":[{"@type":"ListItem","position":1,"name":"\u0413\u043b\u0430\u0432\u043d\u0430\u044f \u0441\u0442\u0440\u0430\u043d\u0438\u0446\u0430","item":"https:\/\/lekarzeopole.pl\/wordpress\/"},{"@type":"ListItem","position":2,"name":"Zakup","item":"https:\/\/lekarzeopole.pl\/wordpress\/"},{"@type":"ListItem","position":3,"name":"My Slim Fit"}]},{"@type":"WebSite","@id":"https:\/\/lekarzeopole.pl\/wordpress\/#website","url":"https:\/\/lekarzeopole.pl\/wordpress\/","name":"Lekarze Opole","description":"","potentialAction":[{"@type":"SearchAction","target":{"@type":"EntryPoint","urlTemplate":"https:\/\/lekarzeopole.pl\/wordpress\/?s={search_term_string}"},"query-input":{"@type":"PropertyValueSpecification","valueRequired":true,"valueName":"search_term_string"}}],"inLanguage":"pl-PL"}]}},"_links":{"self":[{"href":"https:\/\/lekarzeopole.pl\/wordpress\/wp-json\/wp\/v2\/product\/1287","targetHints":{"allow":["GET"]}}],"collection":[{"href":"https:\/\/lekarzeopole.pl\/wordpress\/wp-json\/wp\/v2\/product"}],"about":[{"href":"https:\/\/lekarzeopole.pl\/wordpress\/wp-json\/wp\/v2\/types\/product"}],"replies":[{"embeddable":true,"href":"https:\/\/lekarzeopole.pl\/wordpress\/wp-json\/wp\/v2\/comments?post=1287"}],"wp:featuredmedia":[{"embeddable":true,"href":"https:\/\/lekarzeopole.pl\/wordpress\/wp-json\/wp\/v2\/media\/1288"}],"wp:attachment":[{"href":"https:\/\/lekarzeopole.pl\/wordpress\/wp-json\/wp\/v2\/media?parent=1287"}],"wp:term":[{"taxonomy":"product_brand","embeddable":true,"href":"https:\/\/lekarzeopole.pl\/wordpress\/wp-json\/wp\/v2\/product_brand?post=1287"},{"taxonomy":"product_cat","embeddable":true,"href":"https:\/\/lekarzeopole.pl\/wordpress\/wp-json\/wp\/v2\/product_cat?post=1287"},{"taxonomy":"product_tag","embeddable":true,"href":"https:\/\/lekarzeopole.pl\/wordpress\/wp-json\/wp\/v2\/product_tag?post=1287"}],"curies":[{"name":"wp","href":"https:\/\/api.w.org\/{rel}","templated":true}]}}