{"id":1279,"date":"2025-05-28T07:05:41","date_gmt":"2025-05-28T07:05:41","guid":{"rendered":"https:\/\/lekarzeopole.pl\/wordpress\/?post_type=product&#038;p=1279"},"modified":"2025-05-28T07:05:42","modified_gmt":"2025-05-28T07:05:42","slug":"nutrilaben","status":"publish","type":"product","link":"https:\/\/lekarzeopole.pl\/wordpress\/product\/nutrilaben\/","title":{"rendered":"Nutrilaben"},"content":{"rendered":"<p data-start=\"217\" data-end=\"656\">W dzisiejszym \u015bwiecie coraz wi\u0119cej os\u00f3b zwraca uwag\u0119 na zdrowy styl \u017cycia oraz dba\u0142o\u015b\u0107 o sylwetk\u0119. W\u015br\u00f3d licznych suplement\u00f3w diety dost\u0119pnych na rynku, Nutrilaben wyr\u00f3\u017cnia si\u0119 swoim naturalnym sk\u0142adem oraz skutecznym dzia\u0142aniem wspieraj\u0105cym proces odchudzania. Czym jest Nutrilaben, jak dzia\u0142a i jakie korzy\u015bci przynosi jego regularne stosowanie? Sprawd\u017a, dlaczego kapsu\u0142ki Nutrilaben mog\u0105 by\u0107 Twoim sprzymierze\u0144cem w walce o zdrow\u0105 wag\u0119.<\/p>\n<h2 data-start=\"658\" data-end=\"695\">Wskazania do stosowania Nutrilaben<\/h2>\n<p data-start=\"697\" data-end=\"880\">Nutrilaben to kapsu\u0142ki przeznaczone dla os\u00f3b, kt\u00f3re chc\u0105 skutecznie kontrolowa\u0107 mas\u0119 cia\u0142a oraz zmniejszy\u0107 ilo\u015b\u0107 tkanki t\u0142uszczowej. Suplement polecany jest szczeg\u00f3lnie osobom, kt\u00f3re:<\/p>\n<ul data-start=\"882\" data-end=\"1204\">\n<li data-start=\"882\" data-end=\"920\">\n<p data-start=\"884\" data-end=\"920\">Zmagaj\u0105 si\u0119 z nadwag\u0105 lub oty\u0142o\u015bci\u0105.<\/p>\n<\/li>\n<li data-start=\"921\" data-end=\"982\">\n<p data-start=\"923\" data-end=\"982\">Maj\u0105 trudno\u015bci z utrzymaniem zdrowych nawyk\u00f3w \u017cywieniowych.<\/p>\n<\/li>\n<li data-start=\"983\" data-end=\"1051\">\n<p data-start=\"985\" data-end=\"1051\">Chc\u0105 wspom\u00f3c metabolizm i zwi\u0119kszy\u0107 efektywno\u015b\u0107 spalania t\u0142uszczu.<\/p>\n<\/li>\n<li data-start=\"1052\" data-end=\"1105\">\n<p data-start=\"1054\" data-end=\"1105\">Odczuwaj\u0105 spadek energii podczas diety redukcyjnej.<\/p>\n<\/li>\n<li data-start=\"1106\" data-end=\"1204\">\n<p data-start=\"1108\" data-end=\"1204\">Szukaj\u0105 wsparcia w naturalnych sk\u0142adnikach, kt\u00f3re bezpiecznie pomagaj\u0105 osi\u0105gn\u0105\u0107 cele sylwetkowe.<\/p>\n<\/li>\n<\/ul>\n<p data-start=\"1206\" data-end=\"1370\">Stosowanie Nutrilaben jest rekomendowane r\u00f3wnie\u017c osobom prowadz\u0105cym siedz\u0105cy tryb \u017cycia, a tak\u017ce tym, kt\u00f3rzy odczuwaj\u0105 wzmo\u017cony apetyt i chc\u0105 ograniczy\u0107 podjadanie.<\/p>\n<h2 data-start=\"1372\" data-end=\"1414\">Sk\u0142ad i dzia\u0142anie sk\u0142adnik\u00f3w Nutrilaben<\/h2>\n<p data-start=\"1416\" data-end=\"1630\">Si\u0142a Nutrilaben tkwi w starannie dobranej kompozycji naturalnych ekstrakt\u00f3w ro\u015blinnych oraz aminokwas\u00f3w. Ka\u017cdy sk\u0142adnik pe\u0142ni okre\u015blon\u0105 rol\u0119, a ich synergiczne dzia\u0142anie wspiera utrat\u0119 wagi i poprawia samopoczucie.<\/p>\n<ol>\n<li data-start=\"1632\" data-end=\"1925\"><strong data-start=\"1632\" data-end=\"1690\">Ekstrakt z li\u015bci karczocha (Artichoke Leaf Extract)<\/strong><br data-start=\"1690\" data-end=\"1693\" \/>Karczoch znany jest ze swoich w\u0142a\u015bciwo\u015bci wspieraj\u0105cych prac\u0119 w\u0105troby oraz poprawiaj\u0105cych trawienie. Ekstrakt z li\u015bci karczocha pomaga regulowa\u0107 poziom cholesterolu, przyspiesza metabolizm t\u0142uszcz\u00f3w i wspiera detoksykacj\u0119 organizmu.<\/li>\n<li data-start=\"1927\" data-end=\"2185\"><strong data-start=\"1927\" data-end=\"1986\">Ekstrakt z owoc\u00f3w \u017curawiny (Cranberry Fruit Extract)<\/strong><br data-start=\"1986\" data-end=\"1989\" \/>\u017burawina jest bogata w antyoksydanty, wspiera uk\u0142ad moczowy oraz dzia\u0142a przeciwzapalnie. W Nutrilaben \u017curawina wspomaga usuwanie toksyn i nadmiaru wody z organizmu, co u\u0142atwia redukcj\u0119 masy cia\u0142a.<\/li>\n<li data-start=\"2187\" data-end=\"2426\"><strong data-start=\"2187\" data-end=\"2226\">L-Tyrozyna (Tyrosine-L-Tyrosine)<\/strong><br data-start=\"2226\" data-end=\"2229\" \/>Ten aminokwas bierze udzia\u0142 w procesach metabolicznych i jest niezb\u0119dny do produkcji neuroprzeka\u017anik\u00f3w. Wspomaga koncentracj\u0119, poprawia nastr\u00f3j oraz mo\u017ce zmniejsza\u0107 uczucie zm\u0119czenia podczas diety.<\/li>\n<li data-start=\"2428\" data-end=\"2681\"><strong data-start=\"2428\" data-end=\"2501\">Ekstrakt z owoc\u00f3w pieprzu rocznego (Annual Capsicum Fruit Extract)<\/strong><br data-start=\"2501\" data-end=\"2504\" \/>Ekstrakt z papryki rocznej zawiera kapsaicyn\u0119, kt\u00f3ra skutecznie przyspiesza termogenez\u0119 i spalanie kalorii. Dzia\u0142a pobudzaj\u0105co na metabolizm i ogranicza odk\u0142adanie si\u0119 t\u0142uszczu.<\/li>\n<li data-start=\"2683\" data-end=\"2941\"><strong data-start=\"2683\" data-end=\"2738\">Ekstrakt z korzenia imbiru (Ginger Root Extract)<\/strong><br data-start=\"2738\" data-end=\"2741\" \/>Imbir jest znany ze swoich w\u0142a\u015bciwo\u015bci przeciwzapalnych i wspomagaj\u0105cych trawienie. Wspiera tak\u017ce regulacj\u0119 poziomu cukru we krwi oraz poprawia perystaltyk\u0119 jelit, co jest istotne podczas odchudzania.<\/li>\n<li data-start=\"2943\" data-end=\"3191\"><strong data-start=\"2943\" data-end=\"3051\">Standaryzowany ekstrakt z owoc\u00f3w czarnego pieprzu (Black Pepper Fruit Standardized Extract, Piperine)<\/strong><br data-start=\"3051\" data-end=\"3054\" \/>Piperyna zawarta w czarnym pieprzu zwi\u0119ksza biodost\u0119pno\u015b\u0107 innych sk\u0142adnik\u00f3w aktywnych, poprawia trawienie oraz wspiera spalanie t\u0142uszczu.<\/li>\n<\/ol>\n<p style=\"text-align: center;\"><a href=\"https:\/\/tl-track.com\/tracker\/v2c4\"><button>www.nutrilaben.pl<\/button><\/a><\/p>\n<h2 data-start=\"3193\" data-end=\"3235\">Efekty Nutrilaben i ich charakterystyka<\/h2>\n<p data-start=\"3237\" data-end=\"3338\">Regularne stosowanie Nutrilaben przynosi szereg korzy\u015bci potwierdzonych przez u\u017cytkownik\u00f3w i badania:<\/p>\n<ul data-start=\"3340\" data-end=\"4009\">\n<li data-start=\"3340\" data-end=\"3469\">\n<p data-start=\"3342\" data-end=\"3469\"><strong data-start=\"3342\" data-end=\"3372\">Przyspieszenie metabolizmu<\/strong> \u2013 kapsu\u0142ki wspieraj\u0105 procesy termogenezy, co zwi\u0119ksza ilo\u015b\u0107 spalanych kalorii nawet w spoczynku.<\/p>\n<\/li>\n<li data-start=\"3470\" data-end=\"3579\">\n<p data-start=\"3472\" data-end=\"3579\"><strong data-start=\"3472\" data-end=\"3492\">Redukcja apetytu<\/strong> \u2013 sk\u0142adniki Nutrilaben pomagaj\u0105 kontrolowa\u0107 uczucie g\u0142odu, co u\u0142atwia trzymanie diety.<\/p>\n<\/li>\n<li data-start=\"3580\" data-end=\"3720\">\n<p data-start=\"3582\" data-end=\"3720\"><strong data-start=\"3582\" data-end=\"3624\">Zmniejszenie ilo\u015bci tkanki t\u0142uszczowej<\/strong> \u2013 suplement skutecznie wspomaga spalanie t\u0142uszczu, zw\u0142aszcza w problematycznych partiach cia\u0142a.<\/p>\n<\/li>\n<li data-start=\"3721\" data-end=\"3848\">\n<p data-start=\"3723\" data-end=\"3848\"><strong data-start=\"3723\" data-end=\"3749\">Detoksykacja organizmu<\/strong> \u2013 naturalne ekstrakty wspomagaj\u0105 usuwanie szkodliwych substancji, poprawiaj\u0105c og\u00f3lne samopoczucie.<\/p>\n<\/li>\n<li data-start=\"3849\" data-end=\"4009\">\n<p data-start=\"3851\" data-end=\"4009\"><strong data-start=\"3851\" data-end=\"3874\">Zwi\u0119kszenie energii<\/strong> \u2013 dzi\u0119ki wsparciu metabolizmu i lepszej przyswajalno\u015bci sk\u0142adnik\u00f3w od\u017cywczych, osoby stosuj\u0105ce Nutrilaben odczuwaj\u0105 wzrost witalno\u015bci.<\/p>\n<\/li>\n<\/ul>\n<p data-start=\"4011\" data-end=\"4156\">Warto pami\u0119ta\u0107, \u017ce efekty stosowania Nutrilaben s\u0105 najbardziej widoczne przy po\u0142\u0105czeniu suplementacji z odpowiedni\u0105 diet\u0105 i aktywno\u015bci\u0105 fizyczn\u0105.<\/p>\n<h2 data-start=\"4158\" data-end=\"4185\">Ryzyko skutk\u00f3w ubocznych<\/h2>\n<p data-start=\"4187\" data-end=\"4548\">Nutrilaben to preparat oparty na naturalnych sk\u0142adnikach, co minimalizuje ryzyko wyst\u0105pienia skutk\u00f3w ubocznych. Nie zawiera sztucznych barwnik\u00f3w, konserwant\u00f3w ani zb\u0119dnych wype\u0142niaczy. U wi\u0119kszo\u015bci os\u00f3b kapsu\u0142ki s\u0105 dobrze tolerowane, a ewentualne reakcje alergiczne wyst\u0119puj\u0105 niezwykle rzadko i dotycz\u0105 najcz\u0119\u015bciej os\u00f3b uczulonych na kt\u00f3rykolwiek ze sk\u0142adnik\u00f3w.<\/p>\n<p data-start=\"4550\" data-end=\"4751\">Warto jednak pami\u0119ta\u0107, \u017ce przed rozpocz\u0119ciem stosowania jakiegokolwiek suplementu diety, zawsze warto skonsultowa\u0107 si\u0119 z lekarzem, zw\u0142aszcza w przypadku chor\u00f3b przewlek\u0142ych lub stosowania innych lek\u00f3w.<\/p>\n<h2 data-start=\"96\" data-end=\"152\">Opinie klient\u00f3w o Nutrilaben: fora po\u015bwi\u0119cone zdrowiu<\/h2>\n<p data-start=\"154\" data-end=\"782\">W ostatnich miesi\u0105cach Nutrilaben zdobywa coraz wi\u0119ksz\u0105 popularno\u015b\u0107 w\u015br\u00f3d os\u00f3b zainteresowanych zdrowym stylem \u017cycia i efektywn\u0105 redukcj\u0105 masy cia\u0142a. Nic wi\u0119c dziwnego, \u017ce na polskich forach internetowych po\u015bwi\u0119conych zdrowiu i odchudzaniu pojawia si\u0119 wiele opinii i komentarzy u\u017cytkownik\u00f3w na temat dzia\u0142ania tego preparatu. Internetowe spo\u0142eczno\u015bci, takie jak popularne grupy na Facebooku czy portale tematyczne, s\u0105 doskona\u0142ym \u017ar\u00f3d\u0142em rzetelnych recenzji i wymiany do\u015bwiadcze\u0144 mi\u0119dzy konsumentami. Wi\u0119kszo\u015b\u0107 os\u00f3b podkre\u015bla pozytywne efekty stosowania Nutrilaben oraz chwali jego naturalny sk\u0142ad, skuteczno\u015b\u0107 i przyst\u0119pn\u0105 cen\u0119.<\/p>\n<p data-start=\"784\" data-end=\"884\">Poni\u017cej prezentujemy przyk\u0142adowe opinie os\u00f3b, kt\u00f3re zdecydowa\u0142y si\u0119 wypr\u00f3bowa\u0107 Nutrilaben:<\/p>\n<ol>\n<li data-start=\"886\" data-end=\"1175\"><strong data-start=\"886\" data-end=\"903\">Anna, 38 lat:<\/strong><br data-start=\"903\" data-end=\"906\" \/>\u201ePo Nutrilaben si\u0119gn\u0119\u0142am z polecenia kole\u017canki z forum o zdrowym od\u017cywianiu. Ju\u017c po dw\u00f3ch tygodniach zauwa\u017cy\u0142am, \u017ce mam wi\u0119cej energii i mniejsz\u0105 ochot\u0119 na s\u0142odycze. Schud\u0142am 3 kilogramy bez wi\u0119kszych wyrzecze\u0144! Polecam ka\u017cdemu, kto chce bezpiecznie zadba\u0107 o sylwetk\u0119.\u201d<\/li>\n<li data-start=\"1177\" data-end=\"1450\"><strong data-start=\"1177\" data-end=\"1196\">Marcin, 45 lat:<\/strong><br data-start=\"1196\" data-end=\"1199\" \/>\u201ePracuj\u0119 w biurze, wi\u0119c ci\u0119\u017cko mi by\u0142o zrzuci\u0107 nadmiarowe kilogramy. Nutrilaben okaza\u0142 si\u0119 strza\u0142em w dziesi\u0105tk\u0119 \u2013 waga powoli, ale systematycznie spada. Dodatkowo cieszy mnie fakt, \u017ce kapsu\u0142ki mo\u017cna \u0142atwo kupi\u0107 przez internet, a dostawa by\u0142a szybka.\u201d<\/li>\n<\/ol>\n<h2 data-start=\"1452\" data-end=\"1484\">Spos\u00f3b podawania i dawkowanie<\/h2>\n<p data-start=\"1486\" data-end=\"2007\">Nutrilaben wyst\u0119puje w postaci wygodnych do stosowania kapsu\u0142ek. Producent zaleca przyjmowanie 1-2 kapsu\u0142ek dziennie, najlepiej rano oraz\/lub wczesnym popo\u0142udniem, popijaj\u0105c du\u017c\u0105 ilo\u015bci\u0105 wody. Kapsu\u0142ki mo\u017cna za\u017cywa\u0107 niezale\u017cnie od posi\u0142k\u00f3w. Aby osi\u0105gn\u0105\u0107 najlepsze rezultaty, warto stosowa\u0107 Nutrilaben regularnie przez minimum miesi\u0105c, \u0142\u0105cz\u0105c suplementacj\u0119 z dobrze zbilansowan\u0105 diet\u0105 i aktywno\u015bci\u0105 fizyczn\u0105. Przed rozpocz\u0119ciem stosowania suplementu nale\u017cy zapozna\u0107 si\u0119 z ulotk\u0105 i nie przekracza\u0107 zalecanej dawki dziennej.<\/p>\n<h2 data-start=\"2009\" data-end=\"2042\">Kup teraz Nutrilaben z dostaw\u0105<\/h2>\n<p data-start=\"2044\" data-end=\"2657\">Zam\u00f3wienie Nutrilaben jest niezwykle proste i wygodne \u2013 suplement mo\u017cna kupi\u0107 online, bez wychodzenia z domu. Co wa\u017cne, nie ma konieczno\u015bci op\u0142acania zam\u00f3wienia z g\u00f3ry \u2013 p\u0142atno\u015b\u0107 nast\u0119puje dopiero przy odbiorze przesy\u0142ki, co daje gwarancj\u0119 bezpiecze\u0144stwa i otrzymania oryginalnego produktu bez ryzyka. \u015aredni czas dostawy Nutrilaben na terenie Polski wynosi 3-4 dni robocze. Po z\u0142o\u017ceniu zam\u00f3wienia na oficjalnej stronie producenta, klient otrzymuje telefoniczne potwierdzenie zam\u00f3wienia od konsultanta, kt\u00f3ry mo\u017ce r\u00f3wnie\u017c udzieli\u0107 porad dotycz\u0105cych stosowania oraz poinformowa\u0107 o aktualnych promocjach i rabatach.<\/p>\n<p style=\"text-align: center;\" data-start=\"2044\" data-end=\"2657\"><a href=\"https:\/\/tl-track.com\/tracker\/v2c4\"><button>Zakup na stronie producenta (-50%)<\/button><\/a><\/p>\n<h2 data-start=\"2659\" data-end=\"2708\">Por\u00f3wnanie ofert: ceny i dost\u0119pno\u015b\u0107 Nutrilaben<\/h2>\n<p data-start=\"2710\" data-end=\"3355\">Producent Nutrilaben stawia na bezpo\u015bredni kontakt z klientem oraz pe\u0142n\u0105 transparentno\u015b\u0107, dlatego suplement jest dost\u0119pny wy\u0142\u0105cznie na oficjalnej stronie internetowej. Omini\u0119cie po\u015brednik\u00f3w i aptek stacjonarnych pozwala utrzyma\u0107 atrakcyjn\u0105, konkurencyjn\u0105 cen\u0119, bez dodatkowych mar\u017c czy ukrytych koszt\u00f3w. Dodatkowo, na stronie cz\u0119sto pojawiaj\u0105 si\u0119 specjalne oferty promocyjne oraz rabaty, dlatego warto regularnie sprawdza\u0107 ich aktualno\u015b\u0107. Warto podkre\u015bli\u0107, \u017ce Nutrilaben nie jest dost\u0119pny w tradycyjnych aptekach ani sklepach zielarskich \u2013 tylko zakup bezpo\u015brednio u producenta gwarantuje oryginalno\u015b\u0107 produktu i pe\u0142ne bezpiecze\u0144stwo transakcji.<\/p>\n","protected":false},"excerpt":{"rendered":"<p style=\"text-align: center;\"><a href=\"https:\/\/tl-track.com\/tracker\/v2c4\"><button>Kup teraz<\/button><\/a><\/p>\n<p>SKU: 000<span class=\"sku\">.135.001<\/span><\/p>\n<hr \/>\n<p><small>Produkt sprzedawany jest wy\u0142\u0105cznie za po\u015brednictwem oficjalnej strony producenta, id\u017a i kupuj bezpiecznie!<\/small><\/p>\n","protected":false},"featured_media":1280,"comment_status":"open","ping_status":"closed","template":"","meta":[],"product_brand":[],"product_cat":[15],"product_tag":[],"class_list":{"0":"post-1279","1":"product","2":"type-product","3":"status-publish","4":"has-post-thumbnail","6":"product_cat-supl","7":"thunk-woo-product-list","8":"opn-qv-enable","9":"top-store-woo-hover-","10":"top-store-single-product-tab-horizontal","11":"top-store-shadow-","12":"top-store-shadow-hover-","14":"first","15":"instock","16":"sale","17":"shipping-taxable","18":"purchasable","19":"product-type-simple"},"yoast_head":"<!-- This site is optimized with the Yoast SEO plugin v27.4 - https:\/\/yoast.com\/product\/yoast-seo-wordpress\/ -->\n<title>Nutrilaben - kup suplement, cena w aptece, sk\u0142ad, dzia\u0142anie<\/title>\n<meta name=\"robots\" content=\"index, follow, max-snippet:-1, max-image-preview:large, max-video-preview:-1\" \/>\n<link rel=\"canonical\" href=\"https:\/\/lekarzeopole.pl\/wordpress\/product\/nutrilaben\/\" \/>\n<meta property=\"og:locale\" content=\"pl_PL\" \/>\n<meta property=\"og:type\" content=\"article\" \/>\n<meta property=\"og:title\" content=\"Nutrilaben - kup suplement, cena w aptece, sk\u0142ad, dzia\u0142anie\" \/>\n<meta property=\"og:description\" content=\"Kup teraz SKU: 000.135.001    Produkt sprzedawany jest wy\u0142\u0105cznie za po\u015brednictwem oficjalnej strony producenta, id\u017a i kupuj bezpiecznie!\" \/>\n<meta property=\"og:url\" content=\"https:\/\/lekarzeopole.pl\/wordpress\/product\/nutrilaben\/\" \/>\n<meta property=\"og:site_name\" content=\"Lekarze Opole\" \/>\n<meta property=\"article:modified_time\" content=\"2025-05-28T07:05:42+00:00\" \/>\n<meta property=\"og:image\" content=\"https:\/\/lekarzeopole.pl\/wordpress\/wp-content\/uploads\/2025\/05\/nutrilaben-2.jpg\" \/>\n\t<meta property=\"og:image:width\" content=\"1080\" \/>\n\t<meta property=\"og:image:height\" content=\"1080\" \/>\n\t<meta property=\"og:image:type\" content=\"image\/jpeg\" \/>\n<meta name=\"twitter:card\" content=\"summary_large_image\" \/>\n<meta name=\"twitter:label1\" content=\"Szacowany czas czytania\" \/>\n\t<meta name=\"twitter:data1\" content=\"6 minut\" \/>\n<script type=\"application\/ld+json\" class=\"yoast-schema-graph\">{\"@context\":\"https:\\\/\\\/schema.org\",\"@graph\":[{\"@type\":\"WebPage\",\"@id\":\"https:\\\/\\\/lekarzeopole.pl\\\/wordpress\\\/product\\\/nutrilaben\\\/\",\"url\":\"https:\\\/\\\/lekarzeopole.pl\\\/wordpress\\\/product\\\/nutrilaben\\\/\",\"name\":\"Nutrilaben - kup suplement, cena w aptece, sk\u0142ad, dzia\u0142anie\",\"isPartOf\":{\"@id\":\"https:\\\/\\\/lekarzeopole.pl\\\/wordpress\\\/#website\"},\"primaryImageOfPage\":{\"@id\":\"https:\\\/\\\/lekarzeopole.pl\\\/wordpress\\\/product\\\/nutrilaben\\\/#primaryimage\"},\"image\":{\"@id\":\"https:\\\/\\\/lekarzeopole.pl\\\/wordpress\\\/product\\\/nutrilaben\\\/#primaryimage\"},\"thumbnailUrl\":\"https:\\\/\\\/lekarzeopole.pl\\\/wordpress\\\/wp-content\\\/uploads\\\/2025\\\/05\\\/nutrilaben-2.jpg\",\"datePublished\":\"2025-05-28T07:05:41+00:00\",\"dateModified\":\"2025-05-28T07:05:42+00:00\",\"breadcrumb\":{\"@id\":\"https:\\\/\\\/lekarzeopole.pl\\\/wordpress\\\/product\\\/nutrilaben\\\/#breadcrumb\"},\"inLanguage\":\"pl-PL\",\"potentialAction\":[{\"@type\":\"ReadAction\",\"target\":[\"https:\\\/\\\/lekarzeopole.pl\\\/wordpress\\\/product\\\/nutrilaben\\\/\"]}]},{\"@type\":\"ImageObject\",\"inLanguage\":\"pl-PL\",\"@id\":\"https:\\\/\\\/lekarzeopole.pl\\\/wordpress\\\/product\\\/nutrilaben\\\/#primaryimage\",\"url\":\"https:\\\/\\\/lekarzeopole.pl\\\/wordpress\\\/wp-content\\\/uploads\\\/2025\\\/05\\\/nutrilaben-2.jpg\",\"contentUrl\":\"https:\\\/\\\/lekarzeopole.pl\\\/wordpress\\\/wp-content\\\/uploads\\\/2025\\\/05\\\/nutrilaben-2.jpg\",\"width\":1080,\"height\":1080,\"caption\":\"Nutrilaben\"},{\"@type\":\"BreadcrumbList\",\"@id\":\"https:\\\/\\\/lekarzeopole.pl\\\/wordpress\\\/product\\\/nutrilaben\\\/#breadcrumb\",\"itemListElement\":[{\"@type\":\"ListItem\",\"position\":1,\"name\":\"\u0413\u043b\u0430\u0432\u043d\u0430\u044f \u0441\u0442\u0440\u0430\u043d\u0438\u0446\u0430\",\"item\":\"https:\\\/\\\/lekarzeopole.pl\\\/wordpress\\\/\"},{\"@type\":\"ListItem\",\"position\":2,\"name\":\"Zakup\",\"item\":\"https:\\\/\\\/lekarzeopole.pl\\\/wordpress\\\/\"},{\"@type\":\"ListItem\",\"position\":3,\"name\":\"Nutrilaben\"}]},{\"@type\":\"WebSite\",\"@id\":\"https:\\\/\\\/lekarzeopole.pl\\\/wordpress\\\/#website\",\"url\":\"https:\\\/\\\/lekarzeopole.pl\\\/wordpress\\\/\",\"name\":\"Lekarze Opole\",\"description\":\"\",\"potentialAction\":[{\"@type\":\"SearchAction\",\"target\":{\"@type\":\"EntryPoint\",\"urlTemplate\":\"https:\\\/\\\/lekarzeopole.pl\\\/wordpress\\\/?s={search_term_string}\"},\"query-input\":{\"@type\":\"PropertyValueSpecification\",\"valueRequired\":true,\"valueName\":\"search_term_string\"}}],\"inLanguage\":\"pl-PL\"}]}<\/script>\n<!-- \/ Yoast SEO plugin. -->","yoast_head_json":{"title":"Nutrilaben - kup suplement, cena w aptece, sk\u0142ad, dzia\u0142anie","robots":{"index":"index","follow":"follow","max-snippet":"max-snippet:-1","max-image-preview":"max-image-preview:large","max-video-preview":"max-video-preview:-1"},"canonical":"https:\/\/lekarzeopole.pl\/wordpress\/product\/nutrilaben\/","og_locale":"pl_PL","og_type":"article","og_title":"Nutrilaben - kup suplement, cena w aptece, sk\u0142ad, dzia\u0142anie","og_description":"Kup teraz SKU: 000.135.001    Produkt sprzedawany jest wy\u0142\u0105cznie za po\u015brednictwem oficjalnej strony producenta, id\u017a i kupuj bezpiecznie!","og_url":"https:\/\/lekarzeopole.pl\/wordpress\/product\/nutrilaben\/","og_site_name":"Lekarze Opole","article_modified_time":"2025-05-28T07:05:42+00:00","og_image":[{"width":1080,"height":1080,"url":"https:\/\/lekarzeopole.pl\/wordpress\/wp-content\/uploads\/2025\/05\/nutrilaben-2.jpg","type":"image\/jpeg"}],"twitter_card":"summary_large_image","twitter_misc":{"Szacowany czas czytania":"6 minut"},"schema":{"@context":"https:\/\/schema.org","@graph":[{"@type":"WebPage","@id":"https:\/\/lekarzeopole.pl\/wordpress\/product\/nutrilaben\/","url":"https:\/\/lekarzeopole.pl\/wordpress\/product\/nutrilaben\/","name":"Nutrilaben - kup suplement, cena w aptece, sk\u0142ad, dzia\u0142anie","isPartOf":{"@id":"https:\/\/lekarzeopole.pl\/wordpress\/#website"},"primaryImageOfPage":{"@id":"https:\/\/lekarzeopole.pl\/wordpress\/product\/nutrilaben\/#primaryimage"},"image":{"@id":"https:\/\/lekarzeopole.pl\/wordpress\/product\/nutrilaben\/#primaryimage"},"thumbnailUrl":"https:\/\/lekarzeopole.pl\/wordpress\/wp-content\/uploads\/2025\/05\/nutrilaben-2.jpg","datePublished":"2025-05-28T07:05:41+00:00","dateModified":"2025-05-28T07:05:42+00:00","breadcrumb":{"@id":"https:\/\/lekarzeopole.pl\/wordpress\/product\/nutrilaben\/#breadcrumb"},"inLanguage":"pl-PL","potentialAction":[{"@type":"ReadAction","target":["https:\/\/lekarzeopole.pl\/wordpress\/product\/nutrilaben\/"]}]},{"@type":"ImageObject","inLanguage":"pl-PL","@id":"https:\/\/lekarzeopole.pl\/wordpress\/product\/nutrilaben\/#primaryimage","url":"https:\/\/lekarzeopole.pl\/wordpress\/wp-content\/uploads\/2025\/05\/nutrilaben-2.jpg","contentUrl":"https:\/\/lekarzeopole.pl\/wordpress\/wp-content\/uploads\/2025\/05\/nutrilaben-2.jpg","width":1080,"height":1080,"caption":"Nutrilaben"},{"@type":"BreadcrumbList","@id":"https:\/\/lekarzeopole.pl\/wordpress\/product\/nutrilaben\/#breadcrumb","itemListElement":[{"@type":"ListItem","position":1,"name":"\u0413\u043b\u0430\u0432\u043d\u0430\u044f \u0441\u0442\u0440\u0430\u043d\u0438\u0446\u0430","item":"https:\/\/lekarzeopole.pl\/wordpress\/"},{"@type":"ListItem","position":2,"name":"Zakup","item":"https:\/\/lekarzeopole.pl\/wordpress\/"},{"@type":"ListItem","position":3,"name":"Nutrilaben"}]},{"@type":"WebSite","@id":"https:\/\/lekarzeopole.pl\/wordpress\/#website","url":"https:\/\/lekarzeopole.pl\/wordpress\/","name":"Lekarze Opole","description":"","potentialAction":[{"@type":"SearchAction","target":{"@type":"EntryPoint","urlTemplate":"https:\/\/lekarzeopole.pl\/wordpress\/?s={search_term_string}"},"query-input":{"@type":"PropertyValueSpecification","valueRequired":true,"valueName":"search_term_string"}}],"inLanguage":"pl-PL"}]}},"_links":{"self":[{"href":"https:\/\/lekarzeopole.pl\/wordpress\/wp-json\/wp\/v2\/product\/1279","targetHints":{"allow":["GET"]}}],"collection":[{"href":"https:\/\/lekarzeopole.pl\/wordpress\/wp-json\/wp\/v2\/product"}],"about":[{"href":"https:\/\/lekarzeopole.pl\/wordpress\/wp-json\/wp\/v2\/types\/product"}],"replies":[{"embeddable":true,"href":"https:\/\/lekarzeopole.pl\/wordpress\/wp-json\/wp\/v2\/comments?post=1279"}],"wp:featuredmedia":[{"embeddable":true,"href":"https:\/\/lekarzeopole.pl\/wordpress\/wp-json\/wp\/v2\/media\/1280"}],"wp:attachment":[{"href":"https:\/\/lekarzeopole.pl\/wordpress\/wp-json\/wp\/v2\/media?parent=1279"}],"wp:term":[{"taxonomy":"product_brand","embeddable":true,"href":"https:\/\/lekarzeopole.pl\/wordpress\/wp-json\/wp\/v2\/product_brand?post=1279"},{"taxonomy":"product_cat","embeddable":true,"href":"https:\/\/lekarzeopole.pl\/wordpress\/wp-json\/wp\/v2\/product_cat?post=1279"},{"taxonomy":"product_tag","embeddable":true,"href":"https:\/\/lekarzeopole.pl\/wordpress\/wp-json\/wp\/v2\/product_tag?post=1279"}],"curies":[{"name":"wp","href":"https:\/\/api.w.org\/{rel}","templated":true}]}}