{"id":1276,"date":"2025-05-28T06:58:10","date_gmt":"2025-05-28T06:58:10","guid":{"rendered":"https:\/\/lekarzeopole.pl\/wordpress\/?post_type=product&#038;p=1276"},"modified":"2025-05-28T06:58:11","modified_gmt":"2025-05-28T06:58:11","slug":"nivelage-cream","status":"publish","type":"product","link":"https:\/\/lekarzeopole.pl\/wordpress\/product\/nivelage-cream\/","title":{"rendered":"Nivelage Cream"},"content":{"rendered":"<p data-start=\"209\" data-end=\"768\">W dzisiejszych czasach wiele os\u00f3b poszukuje skutecznych sposob\u00f3w walki z oznakami starzenia si\u0119 sk\u00f3ry. Dynamiczny tryb \u017cycia, stres, zanieczyszczenie \u015brodowiska oraz naturalne procesy starzenia sprawiaj\u0105, \u017ce sk\u00f3ra traci swoj\u0105 j\u0119drno\u015b\u0107, pojawiaj\u0105 si\u0119 zmarszczki i przebarwienia. <strong data-start=\"487\" data-end=\"522\">Krem przeciw starzeniu Nivelage<\/strong> to innowacyjny produkt, kt\u00f3ry zosta\u0142 opracowany z my\u015bl\u0105 o kompleksowej piel\u0119gnacji dojrza\u0142ej sk\u00f3ry przy wykorzystaniu wy\u0142\u0105cznie naturalnych sk\u0142adnik\u00f3w. Dzi\u0119ki temu stanowi niezawodn\u0105 i bezpieczn\u0105 pomoc w codziennej trosce o zdrowy, m\u0142ody wygl\u0105d.<\/p>\n<h2 data-start=\"770\" data-end=\"806\">Wskazania do stosowania Nivelage<\/h2>\n<p data-start=\"808\" data-end=\"971\">Krem Nivelage rekomendowany jest osobom, kt\u00f3re zauwa\u017caj\u0105 u siebie pierwsze lub zaawansowane oznaki starzenia sk\u00f3ry. Produkt polecany jest w szczeg\u00f3lno\u015bci dla os\u00f3b:<\/p>\n<ul data-start=\"973\" data-end=\"1349\">\n<li data-start=\"973\" data-end=\"1024\">\n<p data-start=\"975\" data-end=\"1024\">Z widocznymi zmarszczkami mimiczni i statycznymi,<\/p>\n<\/li>\n<li data-start=\"1025\" data-end=\"1084\">\n<p data-start=\"1027\" data-end=\"1084\">Zmagaj\u0105cych si\u0119 z utrat\u0105 j\u0119drno\u015bci i elastyczno\u015bci sk\u00f3ry,<\/p>\n<\/li>\n<li data-start=\"1085\" data-end=\"1159\">\n<p data-start=\"1087\" data-end=\"1159\">Maj\u0105cych przebarwienia, nier\u00f3wny koloryt sk\u00f3ry oraz plamy pigmentacyjne,<\/p>\n<\/li>\n<li data-start=\"1160\" data-end=\"1206\">\n<p data-start=\"1162\" data-end=\"1206\">Odczuwaj\u0105cych sucho\u015b\u0107 i szorstko\u015b\u0107 nask\u00f3rka,<\/p>\n<\/li>\n<li data-start=\"1207\" data-end=\"1277\">\n<p data-start=\"1209\" data-end=\"1277\">O cerze dojrza\u0142ej, wymagaj\u0105cej intensywnej regeneracji i od\u017cywienia,<\/p>\n<\/li>\n<li data-start=\"1278\" data-end=\"1349\">\n<p data-start=\"1280\" data-end=\"1349\">D\u0105\u017c\u0105cych do profilaktyki przeciwstarzeniowej, nawet w m\u0142odszym wieku.<\/p>\n<\/li>\n<\/ul>\n<p data-start=\"1351\" data-end=\"1552\">Nivelage sprawdzi si\u0119 r\u00f3wnie\u017c dla os\u00f3b, kt\u00f3re szukaj\u0105 kosmetyku o naturalnym sk\u0142adzie, wolnego od paraben\u00f3w, silikon\u00f3w i sztucznych dodatk\u00f3w, a jednocze\u015bnie skutecznego w codziennej piel\u0119gnacji twarzy.<\/p>\n<h2 data-start=\"1554\" data-end=\"1595\">Sk\u0142ad i dzia\u0142anie sk\u0142adnik\u00f3w Nivelage<\/h2>\n<p data-start=\"1597\" data-end=\"1725\">Sercem kremu Nivelage s\u0105 starannie wyselekcjonowane naturalne sk\u0142adniki aktywne o udowodnionej skuteczno\u015bci przeciwstarzeniowej:<\/p>\n<ol>\n<li data-start=\"1727\" data-end=\"2096\"><strong data-start=\"1727\" data-end=\"1767\">Honeysuckle (Wiciokrzew japo\u0144ski)<\/strong><br data-start=\"1767\" data-end=\"1770\" \/>Wyci\u0105g z wiciokrzewu to \u017ar\u00f3d\u0142o cennych antyoksydant\u00f3w, kt\u00f3re neutralizuj\u0105 wolne rodniki, spowalniaj\u0105c procesy starzenia. Sk\u0142adnik ten dzia\u0142a \u0142agodz\u0105co, wspomaga regeneracj\u0119 nask\u00f3rka oraz chroni przed dzia\u0142aniem czynnik\u00f3w zewn\u0119trznych. Regularne stosowanie wspiera odbudow\u0119 bariery ochronnej sk\u00f3ry i minimalizuje stany zapalne.<\/li>\n<li data-start=\"2098\" data-end=\"2410\"><strong data-start=\"2098\" data-end=\"2136\">Red Clover (Czerwony koniczyna)<\/strong><br data-start=\"2136\" data-end=\"2139\" \/>Czerwony koniczyna bogata jest w izoflawony, kt\u00f3re wykazuj\u0105 dzia\u0142anie fitoestrogenne. Stymuluje produkcj\u0119 kolagenu oraz poprawia elastyczno\u015b\u0107 sk\u00f3ry, zapobiegaj\u0105c wiotczeniu. Ponadto ekstrakt z czerwonej koniczyny wyr\u00f3wnuje koloryt sk\u00f3ry i redukuje widoczno\u015b\u0107 przebarwie\u0144.<\/li>\n<li data-start=\"2412\" data-end=\"2737\"><strong data-start=\"2412\" data-end=\"2441\">Monoi Oil (Olej Monoi)<\/strong><br data-start=\"2441\" data-end=\"2444\" \/>Olej Monoi, pozyskiwany z kwiat\u00f3w gardenii tahita\u0144skiej macerowanych w oleju kokosowym, znany jest ze swoich w\u0142a\u015bciwo\u015bci nawil\u017caj\u0105cych i wyg\u0142adzaj\u0105cych. Intensywnie od\u017cywia such\u0105 i zm\u0119czon\u0105 sk\u00f3r\u0119, nadaj\u0105c jej jedwabist\u0105 mi\u0119kko\u015b\u0107 i blask. Olej ten stanowi barier\u0119 ochronn\u0105 przed utrat\u0105 wilgoci.<\/li>\n<li data-start=\"2739\" data-end=\"2997\"><strong data-start=\"2739\" data-end=\"2753\">Kolagen<\/strong><br data-start=\"2753\" data-end=\"2756\" \/>Kolagen to kluczowe bia\u0142ko strukturalne sk\u00f3ry. Jego zawarto\u015b\u0107 w Nivelage wspiera odbudow\u0119 w\u0142\u00f3kien kolagenowych, poprawiaj\u0105c spr\u0119\u017cysto\u015b\u0107 i g\u0119sto\u015b\u0107 sk\u00f3ry. Dzia\u0142a liftinguj\u0105co, wyg\u0142adzaj\u0105c zmarszczki oraz przeciwdzia\u0142aj\u0105c opadaniu owalu twarzy.<\/li>\n<li data-start=\"2999\" data-end=\"3241\"><strong data-start=\"2999\" data-end=\"3020\">Witaminy A i E<\/strong><br data-start=\"3020\" data-end=\"3023\" \/>Witamina A (retinol) pobudza odnow\u0119 kom\u00f3rkow\u0105, rozja\u015bnia przebarwienia i wyg\u0142adza powierzchni\u0119 sk\u00f3ry. Witamina E, silny antyoksydant, wzmacnia dzia\u0142anie ochronne, zapobiega przesuszeniu i spowalnia degradacj\u0119 kolagenu.<\/li>\n<\/ol>\n<p data-start=\"3243\" data-end=\"3377\">Po\u0142\u0105czenie tych sk\u0142adnik\u00f3w tworzy wyj\u0105tkow\u0105 formu\u0142\u0119 kremu Nivelage, kt\u00f3ra zapewnia sk\u00f3rze wszechstronn\u0105 ochron\u0119, odnow\u0119 i piel\u0119gnacj\u0119.<\/p>\n<p style=\"text-align: center;\" data-start=\"3243\" data-end=\"3377\"><a href=\"https:\/\/tl-track.com\/tracker\/v2cc\"><button>www.nivelage.pl<\/button><\/a><\/p>\n<h2 data-start=\"3379\" data-end=\"3420\">Efekty Nivelage i ich charakterystyka<\/h2>\n<p data-start=\"3422\" data-end=\"3560\">Systematyczne stosowanie kremu przeciw starzeniu Nivelage przynosi szereg wymiernych efekt\u00f3w, kt\u00f3re zauwa\u017calne s\u0105 ju\u017c po kilku tygodniach:<\/p>\n<ul data-start=\"3562\" data-end=\"4096\">\n<li data-start=\"3562\" data-end=\"3659\">\n<p data-start=\"3564\" data-end=\"3659\"><strong data-start=\"3564\" data-end=\"3606\">Redukcja zmarszczek i linii mimicznych<\/strong> \u2013 sk\u00f3ra staje si\u0119 wyg\u0142adzona, a zmarszczki sp\u0142ycone,<\/p>\n<\/li>\n<li data-start=\"3660\" data-end=\"3781\">\n<p data-start=\"3662\" data-end=\"3781\"><strong data-start=\"3662\" data-end=\"3699\">Poprawa j\u0119drno\u015bci i elastyczno\u015bci<\/strong> \u2013 kontur twarzy staje si\u0119 bardziej wyrazisty, sk\u00f3ra odzyskuje m\u0142odzie\u0144czy wygl\u0105d,<\/p>\n<\/li>\n<li data-start=\"3782\" data-end=\"3880\">\n<p data-start=\"3784\" data-end=\"3880\"><strong data-start=\"3784\" data-end=\"3834\">Rozja\u015bnienie przebarwie\u0144 i wyr\u00f3wnanie kolorytu<\/strong> \u2013 cera nabiera promiennego, zdrowego wygl\u0105du,<\/p>\n<\/li>\n<li data-start=\"3881\" data-end=\"3991\">\n<p data-start=\"3883\" data-end=\"3991\"><strong data-start=\"3883\" data-end=\"3908\">Intensywne nawil\u017cenie<\/strong> \u2013 ust\u0119puje uczucie sucho\u015bci i szorstko\u015bci, sk\u00f3ra jest mi\u0119kka i aksamitna w dotyku,<\/p>\n<\/li>\n<li data-start=\"3992\" data-end=\"4096\">\n<p data-start=\"3994\" data-end=\"4096\"><strong data-start=\"3994\" data-end=\"4027\">Wzmocnienie bariery ochronnej<\/strong> \u2013 sk\u00f3ra staje si\u0119 bardziej odporna na szkodliwe czynniki zewn\u0119trzne.<\/p>\n<\/li>\n<\/ul>\n<p data-start=\"4098\" data-end=\"4284\">Dzi\u0119ki bogactwu naturalnych sk\u0142adnik\u00f3w Nivelage nie tylko dzia\u0142a powierzchownie, ale r\u00f3wnie\u017c aktywuje g\u0142\u0119bokie procesy regeneracyjne, umo\u017cliwiaj\u0105c d\u0142ugotrwa\u0142e zachowanie m\u0142odego wygl\u0105du.<\/p>\n<h2 data-start=\"4286\" data-end=\"4314\">Ryzyko skutk\u00f3w ubocznych<\/h2>\n<p data-start=\"4316\" data-end=\"4652\">Jednym z najwa\u017cniejszych atut\u00f3w kremu Nivelage jest jego bezpiecze\u0144stwo. Produkt oparty jest na naturalnych sk\u0142adnikach, nie zawiera paraben\u00f3w, sztucznych barwnik\u00f3w ani konserwant\u00f3w. Formu\u0142a zosta\u0142a opracowana z my\u015bl\u0105 o minimalizacji ryzyka wyst\u0105pienia skutk\u00f3w ubocznych, takich jak podra\u017cnienia, reakcje alergiczne czy zaczerwienienia.<\/p>\n<p data-start=\"4654\" data-end=\"4898\">Dzi\u0119ki \u0142agodnej i naturalnej kompozycji Nivelage mo\u017ce by\u0107 stosowany nawet przez osoby o sk\u00f3rze wra\u017cliwej i sk\u0142onnej do alergii. Ryzyko dzia\u0142a\u0144 niepo\u017c\u0105danych jest minimalne, a regularne stosowanie kremu przynosi wy\u0142\u0105cznie korzy\u015bci piel\u0119gnacyjne.<\/p>\n<h2 data-start=\"107\" data-end=\"162\">Opinie klient\u00f3w o Nivelage: fora po\u015bwi\u0119cone zdrowiu<\/h2>\n<p data-start=\"164\" data-end=\"550\">W Polsce coraz wi\u0119cej os\u00f3b korzysta z internetowych for\u00f3w i grup dyskusyjnych po\u015bwi\u0119conych zdrowiu, piel\u0119gnacji sk\u00f3ry i tematyce anti-aging. Dzi\u0119ki temu konsumenci mog\u0105 dzieli\u0107 si\u0119 swoimi do\u015bwiadczeniami oraz wymienia\u0107 opinie na temat r\u00f3\u017cnych produkt\u00f3w kosmetycznych. <strong data-start=\"432\" data-end=\"444\">Nivelage<\/strong> zyskuje na tych forach coraz wi\u0119ksz\u0105 popularno\u015b\u0107, co \u015bwiadczy o jego rosn\u0105cym uznaniu w\u015br\u00f3d u\u017cytkownik\u00f3w.<\/p>\n<p data-start=\"552\" data-end=\"881\">Wielu u\u017cytkownik\u00f3w opisuje <strong data-start=\"579\" data-end=\"611\">pozytywne dzia\u0142anie Nivelage<\/strong> \u2013 zar\u00f3wno pod wzgl\u0119dem skuteczno\u015bci, jak i bezpiecze\u0144stwa. Podkre\u015blaj\u0105 r\u00f3wnie\u017c \u0142atw\u0105 dost\u0119pno\u015b\u0107 kremu oraz mo\u017cliwo\u015b\u0107 zakupu bez ryzyka. Dla wielu os\u00f3b bardzo wa\u017cny jest fakt, \u017ce mog\u0105 kupi\u0107 oryginalny produkt bezpo\u015brednio przez internet, z opcj\u0105 p\u0142atno\u015bci przy odbiorze.<\/p>\n<p data-start=\"883\" data-end=\"933\"><strong>Oto dwa przyk\u0142adowe, komentarze z for\u00f3w:<\/strong><\/p>\n<ol>\n<li data-start=\"935\" data-end=\"1291\"><strong data-start=\"935\" data-end=\"952\">Anna, 46 lat:<\/strong><br data-start=\"952\" data-end=\"955\" \/><em data-start=\"955\" data-end=\"1291\">&#8222;Stosuj\u0119 Nivelage od kilku tygodni i widz\u0119 wyra\u017an\u0105 popraw\u0119 kondycji mojej sk\u00f3ry. Zmarszczki s\u0105 mniej widoczne, a cera sta\u0142a si\u0119 promienna i dobrze nawil\u017cona. Krem jest lekki, szybko si\u0119 wch\u0142ania i nie podra\u017cnia. Dla mnie ogromn\u0105 zalet\u0105 jest mo\u017cliwo\u015b\u0107 zap\u0142aty dopiero przy odbiorze \u2013 to daje mi pewno\u015b\u0107, \u017ce dostan\u0119 oryginalny produkt!&#8221;<\/em><\/li>\n<li data-start=\"1293\" data-end=\"1644\"><strong data-start=\"1293\" data-end=\"1312\">Piotr, 53 lata:<\/strong><br data-start=\"1312\" data-end=\"1315\" \/><em data-start=\"1315\" data-end=\"1644\">&#8222;Poleci\u0142a mi go \u017cona, chocia\u017c by\u0142em sceptyczny wobec krem\u00f3w przeciwzmarszczkowych. Po dw\u00f3ch miesi\u0105cach stosowania musz\u0119 przyzna\u0107, \u017ce r\u00f3\u017cnica jest zauwa\u017calna. Sk\u00f3ra jest j\u0119drniejsza i wygl\u0105da m\u0142odziej. Zam\u00f3wienie przez oficjaln\u0105 stron\u0119 przebieg\u0142o sprawnie, a konsultant telefonicznie doradzi\u0142 mi, jak najlepiej u\u017cywa\u0107 produktu.&#8221;<\/em><\/li>\n<\/ol>\n<h2 data-start=\"1646\" data-end=\"1679\">Spos\u00f3b podawania i dawkowanie<\/h2>\n<p data-start=\"1681\" data-end=\"2110\"><strong data-start=\"1681\" data-end=\"1693\">Nivelage<\/strong> jest bardzo prosty w u\u017cyciu i nie wymaga specjalnych umiej\u0119tno\u015bci. Zaleca si\u0119 stosowanie kremu dwa razy dziennie \u2013 rano i wieczorem \u2013 na oczyszczon\u0105 sk\u00f3r\u0119 twarzy, szyi i dekoltu. Niewielk\u0105 ilo\u015b\u0107 kremu nale\u017cy delikatnie wmasowa\u0107 kolistymi ruchami, a\u017c do ca\u0142kowitego wch\u0142oni\u0119cia. Dla uzyskania najlepszych rezultat\u00f3w warto stosowa\u0107 Nivelage regularnie przez d\u0142u\u017cszy czas, najlepiej jako element codziennej piel\u0119gnacji.<\/p>\n<p data-start=\"2112\" data-end=\"2305\">Osoby z wra\u017cliw\u0105 cer\u0105 mog\u0105 wykona\u0107 pr\u00f3b\u0119 uczuleniow\u0105 przed pierwszym u\u017cyciem. Produkt nadaje si\u0119 do ka\u017cdego rodzaju sk\u00f3ry, r\u00f3wnie\u017c tej ze sk\u0142onno\u015bci\u0105 do przesuszania czy powstawania zmarszczek.<\/p>\n<h2 data-start=\"2307\" data-end=\"2339\">Kup teraz Nivelage z dostaw\u0105<\/h2>\n<p data-start=\"2341\" data-end=\"2694\">Zakup <strong data-start=\"2347\" data-end=\"2359\">Nivelage<\/strong> jest niezwykle prosty i wygodny \u2013 mo\u017cna to zrobi\u0107 online, bez wychodzenia z domu. Zam\u00f3wienia przyjmowane s\u0105 na oficjalnej stronie producenta. Co wa\u017cne, <strong data-start=\"2512\" data-end=\"2551\">nie trzeba p\u0142aci\u0107 za produkt z g\u00f3ry<\/strong> \u2013 op\u0142ata jest pobierana dopiero przy odbiorze przesy\u0142ki, co zapewnia bezpiecze\u0144stwo zakupu oraz pewno\u015b\u0107, \u017ce klient otrzyma oryginalny towar.<\/p>\n<p data-start=\"2696\" data-end=\"3070\">Czas dostawy wynosi zwykle <strong data-start=\"2723\" data-end=\"2742\">3-4 dni robocze<\/strong> na terenie Polski. Po z\u0142o\u017ceniu zam\u00f3wienia klient otrzymuje telefon od konsultanta, kt\u00f3ry potwierdza zam\u00f3wienie, doradza odpowiedni\u0105 ilo\u015b\u0107 produktu i informuje o aktualnych promocjach. To r\u00f3wnie\u017c \u015bwietna okazja, aby uzyska\u0107 dodatkowe informacje na temat stosowania Nivelage oraz dowiedzie\u0107 si\u0119 o ewentualnych akcjach rabatowych.<\/p>\n<p data-start=\"3072\" data-end=\"3224\">Dzi\u0119ki temu rozwi\u0105zaniu ka\u017cdy kupuj\u0105cy ma pewno\u015b\u0107, \u017ce otrzyma \u015bwie\u017cy, oryginalny produkt, a ca\u0142a transakcja przebiega bez ryzyka i zb\u0119dnych formalno\u015bci.<\/p>\n<p style=\"text-align: center;\" data-start=\"3072\" data-end=\"3224\"><a href=\"https:\/\/tl-track.com\/tracker\/v2cc\"><button>Zakup na stronie producenta (-50%)<\/button><\/a><\/p>\n<h2 data-start=\"3226\" data-end=\"3274\">Por\u00f3wnanie ofert: ceny i dost\u0119pno\u015b\u0107 Nivelage<\/h2>\n<p data-start=\"3276\" data-end=\"3601\">Producent Nivelage stawia na <strong data-start=\"3305\" data-end=\"3348\">maksymaln\u0105 dost\u0119pno\u015b\u0107 i wygod\u0119 klient\u00f3w<\/strong>. Dlatego krem ten mo\u017cna naby\u0107 <strong data-start=\"3379\" data-end=\"3440\">wy\u0142\u0105cznie poprzez oficjaln\u0105 stron\u0119 internetow\u0105 producenta<\/strong>. Takie rozwi\u0105zanie pozwala unikn\u0105\u0107 dodatkowych koszt\u00f3w zwi\u0105zanych z po\u015brednikami i aptekami, co przek\u0142ada si\u0119 na atrakcyjn\u0105, konkurencyjn\u0105 cen\u0119 dla kupuj\u0105cego.<\/p>\n<p data-start=\"3603\" data-end=\"3921\">Regularnie organizowane s\u0105 promocje i oferty specjalne, z kt\u00f3rych warto korzysta\u0107 \u2013 dlatego zawsze warto sprawdza\u0107 aktualn\u0105 cen\u0119 i dost\u0119pno\u015b\u0107 produktu na stronie. <strong data-start=\"3766\" data-end=\"3821\">Nivelage nie jest dost\u0119pny w stacjonarnych aptekach<\/strong> ani drogeriach, dzi\u0119ki czemu producent ma pe\u0142n\u0105 kontrol\u0119 nad oryginalno\u015bci\u0105 oraz jako\u015bci\u0105 produktu.<\/p>\n<p data-start=\"3923\" data-end=\"4064\">Dzi\u0119ki sprzeda\u017cy bezpo\u015bredniej klienci maj\u0105 gwarancj\u0119 najni\u017cszej ceny i pewno\u015b\u0107, \u017ce otrzymuj\u0105 autentyczny krem Nivelage, bez ryzyka podr\u00f3bek.<\/p>\n","protected":false},"excerpt":{"rendered":"<p style=\"text-align: center;\"><a href=\"https:\/\/tl-track.com\/tracker\/v2cc\"><button>Kup teraz<\/button><\/a><\/p>\n<p>SKU: 000<span class=\"sku\">.135.009<\/span><\/p>\n<hr \/>\n<p><small>Produkt sprzedawany jest wy\u0142\u0105cznie za po\u015brednictwem oficjalnej strony producenta, id\u017a i kupuj bezpiecznie!<\/small><\/p>\n","protected":false},"featured_media":1278,"comment_status":"open","ping_status":"closed","template":"","meta":[],"product_brand":[],"product_cat":[15],"product_tag":[],"class_list":{"0":"post-1276","1":"product","2":"type-product","3":"status-publish","4":"has-post-thumbnail","6":"product_cat-supl","7":"thunk-woo-product-list","8":"opn-qv-enable","9":"top-store-woo-hover-","10":"top-store-single-product-tab-horizontal","11":"top-store-shadow-","12":"top-store-shadow-hover-","14":"first","15":"instock","16":"sale","17":"shipping-taxable","18":"purchasable","19":"product-type-simple"},"yoast_head":"<!-- This site is optimized with the Yoast SEO plugin v27.4 - https:\/\/yoast.com\/product\/yoast-seo-wordpress\/ -->\n<title>Nivelage Cream - kup suplement, cena w aptece, sk\u0142ad, dzia\u0142anie<\/title>\n<meta name=\"robots\" content=\"index, follow, max-snippet:-1, max-image-preview:large, max-video-preview:-1\" \/>\n<link rel=\"canonical\" href=\"https:\/\/lekarzeopole.pl\/wordpress\/product\/nivelage-cream\/\" \/>\n<meta property=\"og:locale\" content=\"pl_PL\" \/>\n<meta property=\"og:type\" content=\"article\" \/>\n<meta property=\"og:title\" content=\"Nivelage Cream - kup suplement, cena w aptece, sk\u0142ad, dzia\u0142anie\" \/>\n<meta property=\"og:description\" content=\"Kup teraz SKU: 000.135.009    Produkt sprzedawany jest wy\u0142\u0105cznie za po\u015brednictwem oficjalnej strony producenta, id\u017a i kupuj bezpiecznie!\" \/>\n<meta property=\"og:url\" content=\"https:\/\/lekarzeopole.pl\/wordpress\/product\/nivelage-cream\/\" \/>\n<meta property=\"og:site_name\" content=\"Lekarze Opole\" \/>\n<meta property=\"article:modified_time\" content=\"2025-05-28T06:58:11+00:00\" \/>\n<meta property=\"og:image\" content=\"https:\/\/lekarzeopole.pl\/wordpress\/wp-content\/uploads\/2025\/05\/nivelage-cream-2.png\" \/>\n\t<meta property=\"og:image:width\" content=\"2380\" \/>\n\t<meta property=\"og:image:height\" content=\"2380\" \/>\n\t<meta property=\"og:image:type\" content=\"image\/png\" \/>\n<meta name=\"twitter:card\" content=\"summary_large_image\" \/>\n<meta name=\"twitter:label1\" content=\"Szacowany czas czytania\" \/>\n\t<meta name=\"twitter:data1\" content=\"7 minut\" \/>\n<script type=\"application\/ld+json\" class=\"yoast-schema-graph\">{\"@context\":\"https:\\\/\\\/schema.org\",\"@graph\":[{\"@type\":\"WebPage\",\"@id\":\"https:\\\/\\\/lekarzeopole.pl\\\/wordpress\\\/product\\\/nivelage-cream\\\/\",\"url\":\"https:\\\/\\\/lekarzeopole.pl\\\/wordpress\\\/product\\\/nivelage-cream\\\/\",\"name\":\"Nivelage Cream - kup suplement, cena w aptece, sk\u0142ad, dzia\u0142anie\",\"isPartOf\":{\"@id\":\"https:\\\/\\\/lekarzeopole.pl\\\/wordpress\\\/#website\"},\"primaryImageOfPage\":{\"@id\":\"https:\\\/\\\/lekarzeopole.pl\\\/wordpress\\\/product\\\/nivelage-cream\\\/#primaryimage\"},\"image\":{\"@id\":\"https:\\\/\\\/lekarzeopole.pl\\\/wordpress\\\/product\\\/nivelage-cream\\\/#primaryimage\"},\"thumbnailUrl\":\"https:\\\/\\\/lekarzeopole.pl\\\/wordpress\\\/wp-content\\\/uploads\\\/2025\\\/05\\\/nivelage-cream-2.png\",\"datePublished\":\"2025-05-28T06:58:10+00:00\",\"dateModified\":\"2025-05-28T06:58:11+00:00\",\"breadcrumb\":{\"@id\":\"https:\\\/\\\/lekarzeopole.pl\\\/wordpress\\\/product\\\/nivelage-cream\\\/#breadcrumb\"},\"inLanguage\":\"pl-PL\",\"potentialAction\":[{\"@type\":\"ReadAction\",\"target\":[\"https:\\\/\\\/lekarzeopole.pl\\\/wordpress\\\/product\\\/nivelage-cream\\\/\"]}]},{\"@type\":\"ImageObject\",\"inLanguage\":\"pl-PL\",\"@id\":\"https:\\\/\\\/lekarzeopole.pl\\\/wordpress\\\/product\\\/nivelage-cream\\\/#primaryimage\",\"url\":\"https:\\\/\\\/lekarzeopole.pl\\\/wordpress\\\/wp-content\\\/uploads\\\/2025\\\/05\\\/nivelage-cream-2.png\",\"contentUrl\":\"https:\\\/\\\/lekarzeopole.pl\\\/wordpress\\\/wp-content\\\/uploads\\\/2025\\\/05\\\/nivelage-cream-2.png\",\"width\":2380,\"height\":2380,\"caption\":\"Nivelage Cream\"},{\"@type\":\"BreadcrumbList\",\"@id\":\"https:\\\/\\\/lekarzeopole.pl\\\/wordpress\\\/product\\\/nivelage-cream\\\/#breadcrumb\",\"itemListElement\":[{\"@type\":\"ListItem\",\"position\":1,\"name\":\"\u0413\u043b\u0430\u0432\u043d\u0430\u044f \u0441\u0442\u0440\u0430\u043d\u0438\u0446\u0430\",\"item\":\"https:\\\/\\\/lekarzeopole.pl\\\/wordpress\\\/\"},{\"@type\":\"ListItem\",\"position\":2,\"name\":\"Zakup\",\"item\":\"https:\\\/\\\/lekarzeopole.pl\\\/wordpress\\\/\"},{\"@type\":\"ListItem\",\"position\":3,\"name\":\"Nivelage Cream\"}]},{\"@type\":\"WebSite\",\"@id\":\"https:\\\/\\\/lekarzeopole.pl\\\/wordpress\\\/#website\",\"url\":\"https:\\\/\\\/lekarzeopole.pl\\\/wordpress\\\/\",\"name\":\"Lekarze Opole\",\"description\":\"\",\"potentialAction\":[{\"@type\":\"SearchAction\",\"target\":{\"@type\":\"EntryPoint\",\"urlTemplate\":\"https:\\\/\\\/lekarzeopole.pl\\\/wordpress\\\/?s={search_term_string}\"},\"query-input\":{\"@type\":\"PropertyValueSpecification\",\"valueRequired\":true,\"valueName\":\"search_term_string\"}}],\"inLanguage\":\"pl-PL\"}]}<\/script>\n<!-- \/ Yoast SEO plugin. -->","yoast_head_json":{"title":"Nivelage Cream - kup suplement, cena w aptece, sk\u0142ad, dzia\u0142anie","robots":{"index":"index","follow":"follow","max-snippet":"max-snippet:-1","max-image-preview":"max-image-preview:large","max-video-preview":"max-video-preview:-1"},"canonical":"https:\/\/lekarzeopole.pl\/wordpress\/product\/nivelage-cream\/","og_locale":"pl_PL","og_type":"article","og_title":"Nivelage Cream - kup suplement, cena w aptece, sk\u0142ad, dzia\u0142anie","og_description":"Kup teraz SKU: 000.135.009    Produkt sprzedawany jest wy\u0142\u0105cznie za po\u015brednictwem oficjalnej strony producenta, id\u017a i kupuj bezpiecznie!","og_url":"https:\/\/lekarzeopole.pl\/wordpress\/product\/nivelage-cream\/","og_site_name":"Lekarze Opole","article_modified_time":"2025-05-28T06:58:11+00:00","og_image":[{"width":2380,"height":2380,"url":"https:\/\/lekarzeopole.pl\/wordpress\/wp-content\/uploads\/2025\/05\/nivelage-cream-2.png","type":"image\/png"}],"twitter_card":"summary_large_image","twitter_misc":{"Szacowany czas czytania":"7 minut"},"schema":{"@context":"https:\/\/schema.org","@graph":[{"@type":"WebPage","@id":"https:\/\/lekarzeopole.pl\/wordpress\/product\/nivelage-cream\/","url":"https:\/\/lekarzeopole.pl\/wordpress\/product\/nivelage-cream\/","name":"Nivelage Cream - kup suplement, cena w aptece, sk\u0142ad, dzia\u0142anie","isPartOf":{"@id":"https:\/\/lekarzeopole.pl\/wordpress\/#website"},"primaryImageOfPage":{"@id":"https:\/\/lekarzeopole.pl\/wordpress\/product\/nivelage-cream\/#primaryimage"},"image":{"@id":"https:\/\/lekarzeopole.pl\/wordpress\/product\/nivelage-cream\/#primaryimage"},"thumbnailUrl":"https:\/\/lekarzeopole.pl\/wordpress\/wp-content\/uploads\/2025\/05\/nivelage-cream-2.png","datePublished":"2025-05-28T06:58:10+00:00","dateModified":"2025-05-28T06:58:11+00:00","breadcrumb":{"@id":"https:\/\/lekarzeopole.pl\/wordpress\/product\/nivelage-cream\/#breadcrumb"},"inLanguage":"pl-PL","potentialAction":[{"@type":"ReadAction","target":["https:\/\/lekarzeopole.pl\/wordpress\/product\/nivelage-cream\/"]}]},{"@type":"ImageObject","inLanguage":"pl-PL","@id":"https:\/\/lekarzeopole.pl\/wordpress\/product\/nivelage-cream\/#primaryimage","url":"https:\/\/lekarzeopole.pl\/wordpress\/wp-content\/uploads\/2025\/05\/nivelage-cream-2.png","contentUrl":"https:\/\/lekarzeopole.pl\/wordpress\/wp-content\/uploads\/2025\/05\/nivelage-cream-2.png","width":2380,"height":2380,"caption":"Nivelage Cream"},{"@type":"BreadcrumbList","@id":"https:\/\/lekarzeopole.pl\/wordpress\/product\/nivelage-cream\/#breadcrumb","itemListElement":[{"@type":"ListItem","position":1,"name":"\u0413\u043b\u0430\u0432\u043d\u0430\u044f \u0441\u0442\u0440\u0430\u043d\u0438\u0446\u0430","item":"https:\/\/lekarzeopole.pl\/wordpress\/"},{"@type":"ListItem","position":2,"name":"Zakup","item":"https:\/\/lekarzeopole.pl\/wordpress\/"},{"@type":"ListItem","position":3,"name":"Nivelage Cream"}]},{"@type":"WebSite","@id":"https:\/\/lekarzeopole.pl\/wordpress\/#website","url":"https:\/\/lekarzeopole.pl\/wordpress\/","name":"Lekarze Opole","description":"","potentialAction":[{"@type":"SearchAction","target":{"@type":"EntryPoint","urlTemplate":"https:\/\/lekarzeopole.pl\/wordpress\/?s={search_term_string}"},"query-input":{"@type":"PropertyValueSpecification","valueRequired":true,"valueName":"search_term_string"}}],"inLanguage":"pl-PL"}]}},"_links":{"self":[{"href":"https:\/\/lekarzeopole.pl\/wordpress\/wp-json\/wp\/v2\/product\/1276","targetHints":{"allow":["GET"]}}],"collection":[{"href":"https:\/\/lekarzeopole.pl\/wordpress\/wp-json\/wp\/v2\/product"}],"about":[{"href":"https:\/\/lekarzeopole.pl\/wordpress\/wp-json\/wp\/v2\/types\/product"}],"replies":[{"embeddable":true,"href":"https:\/\/lekarzeopole.pl\/wordpress\/wp-json\/wp\/v2\/comments?post=1276"}],"wp:featuredmedia":[{"embeddable":true,"href":"https:\/\/lekarzeopole.pl\/wordpress\/wp-json\/wp\/v2\/media\/1278"}],"wp:attachment":[{"href":"https:\/\/lekarzeopole.pl\/wordpress\/wp-json\/wp\/v2\/media?parent=1276"}],"wp:term":[{"taxonomy":"product_brand","embeddable":true,"href":"https:\/\/lekarzeopole.pl\/wordpress\/wp-json\/wp\/v2\/product_brand?post=1276"},{"taxonomy":"product_cat","embeddable":true,"href":"https:\/\/lekarzeopole.pl\/wordpress\/wp-json\/wp\/v2\/product_cat?post=1276"},{"taxonomy":"product_tag","embeddable":true,"href":"https:\/\/lekarzeopole.pl\/wordpress\/wp-json\/wp\/v2\/product_tag?post=1276"}],"curies":[{"name":"wp","href":"https:\/\/api.w.org\/{rel}","templated":true}]}}