{"id":1273,"date":"2025-05-28T06:48:16","date_gmt":"2025-05-28T06:48:16","guid":{"rendered":"https:\/\/lekarzeopole.pl\/wordpress\/?post_type=product&#038;p=1273"},"modified":"2025-05-28T06:48:17","modified_gmt":"2025-05-28T06:48:17","slug":"densanox","status":"publish","type":"product","link":"https:\/\/lekarzeopole.pl\/wordpress\/product\/densanox\/","title":{"rendered":"Densanox"},"content":{"rendered":"<p data-start=\"410\" data-end=\"891\">Wsp\u00f3\u0142czesne tempo \u017cycia, stres, zanieczyszczenie \u015brodowiska oraz niew\u0142a\u015bciwa dieta cz\u0119sto prowadz\u0105 do pogorszenia kondycji w\u0142os\u00f3w i ich nadmiernego wypadania. Coraz wi\u0119cej os\u00f3b szuka rozwi\u0105za\u0144 opartych na naturze, kt\u00f3re nie tylko b\u0119d\u0105 skuteczne, ale r\u00f3wnie\u017c bezpieczne dla organizmu. Odpowiedzi\u0105 na te potrzeby jest <strong data-start=\"726\" data-end=\"738\">Densanox<\/strong> \u2013 serum przeciw wypadaniu w\u0142os\u00f3w, oparte wy\u0142\u0105cznie na naturalnych sk\u0142adnikach, kt\u00f3re oferuje kompleksowe wsparcie w walce o zdrowe, g\u0119ste i mocne w\u0142osy.<\/p>\n<h2 data-start=\"893\" data-end=\"928\">Wskazania do stosowania Densanox<\/h2>\n<p data-start=\"930\" data-end=\"1091\"><strong data-start=\"930\" data-end=\"942\">Densanox<\/strong> jest polecany ka\u017cdemu, kto boryka si\u0119 z problemami dotycz\u0105cymi os\u0142abienia i wypadania w\u0142os\u00f3w. Najcz\u0119stsze wskazania do stosowania serum Densanox to:<\/p>\n<ul data-start=\"1093\" data-end=\"1485\">\n<li data-start=\"1093\" data-end=\"1191\">\n<p data-start=\"1095\" data-end=\"1191\">Nadmierne wypadanie w\u0142os\u00f3w spowodowane stresem, zaburzeniami hormonalnymi lub zmianami p\u00f3r roku.<\/p>\n<\/li>\n<li data-start=\"1192\" data-end=\"1249\">\n<p data-start=\"1194\" data-end=\"1249\">Os\u0142abienie struktury w\u0142osa i przerzedzanie si\u0119 fryzury.<\/p>\n<\/li>\n<li data-start=\"1250\" data-end=\"1299\">\n<p data-start=\"1252\" data-end=\"1299\">Ch\u0119\u0107 pobudzenia wzrostu nowych, mocnych w\u0142os\u00f3w.<\/p>\n<\/li>\n<li data-start=\"1300\" data-end=\"1384\">\n<p data-start=\"1302\" data-end=\"1384\">Pragnienie przywr\u00f3cenia sk\u00f3rze g\u0142owy zdrowego wygl\u0105du i poprawy jej mikrokr\u0105\u017cenia.<\/p>\n<\/li>\n<li data-start=\"1385\" data-end=\"1485\">\n<p data-start=\"1387\" data-end=\"1485\">Uzupe\u0142nienie codziennej piel\u0119gnacji o aktywne sk\u0142adniki wspieraj\u0105ce naturalne procesy regeneracji.<\/p>\n<\/li>\n<\/ul>\n<p data-start=\"1487\" data-end=\"1741\">Densanox rekomendowany jest zar\u00f3wno kobietom, jak i m\u0119\u017cczyznom \u2013 niezale\u017cnie od wieku. Serum idealnie sprawdzi si\u0119 jako wsparcie podczas rekonwalescencji po zabiegach na sk\u00f3rze g\u0142owy, w czasie wzmo\u017conego stresu czy w okresach sezonowego wypadania w\u0142os\u00f3w.<\/p>\n<h2 data-start=\"1743\" data-end=\"1783\">Sk\u0142ad i dzia\u0142anie sk\u0142adnik\u00f3w Densanox<\/h2>\n<p data-start=\"1785\" data-end=\"1946\">Si\u0142a Densanox tkwi w wyj\u0105tkowej kompozycji aktywnych substancji pochodzenia naturalnego, kt\u00f3rych skuteczno\u015b\u0107 zosta\u0142a potwierdzona badaniami. Serum zawiera m.in.:<\/p>\n<h3 data-start=\"1948\" data-end=\"1977\">Witaminy A, E, B7, B5, B8<\/h3>\n<ul data-start=\"1979\" data-end=\"2595\">\n<li data-start=\"1979\" data-end=\"2101\">\n<p data-start=\"1981\" data-end=\"2101\"><strong data-start=\"1981\" data-end=\"1995\">Witamina A<\/strong> \u2013 odpowiada za prawid\u0142owe nawil\u017cenie sk\u00f3ry g\u0142owy oraz procesy regeneracyjne. Zapobiega \u0142amliwo\u015bci w\u0142os\u00f3w.<\/p>\n<\/li>\n<li data-start=\"2102\" data-end=\"2246\">\n<p data-start=\"2104\" data-end=\"2246\"><strong data-start=\"2104\" data-end=\"2118\">Witamina E<\/strong> \u2013 silny antyoksydant, chroni kom\u00f3rki przed stresem oksydacyjnym, wspomaga mikrokr\u0105\u017cenie, zapewniaj\u0105c lepsze od\u017cywienie cebulek.<\/p>\n<\/li>\n<li data-start=\"2247\" data-end=\"2378\">\n<p data-start=\"2249\" data-end=\"2378\"><strong data-start=\"2249\" data-end=\"2274\">Biotyna (witamina B7)<\/strong> \u2013 uznawana za \u201ewitamin\u0119 pi\u0119kna\u201d. Stymuluje wzrost w\u0142os\u00f3w, wzmacnia ich struktur\u0119 i zapobiega wypadaniu.<\/p>\n<\/li>\n<li data-start=\"2379\" data-end=\"2517\">\n<p data-start=\"2381\" data-end=\"2517\"><strong data-start=\"2381\" data-end=\"2415\">Witamina B5 (kwas pantotenowy)<\/strong> \u2013 przyspiesza regeneracj\u0119 sk\u00f3ry, poprawia elastyczno\u015b\u0107 w\u0142os\u00f3w, zwi\u0119ksza ich odporno\u015b\u0107 na uszkodzenia.<\/p>\n<\/li>\n<li data-start=\"2518\" data-end=\"2595\">\n<p data-start=\"2520\" data-end=\"2595\"><strong data-start=\"2520\" data-end=\"2546\">Witamina B8 (inozytol)<\/strong> \u2013 wzmacnia cebulki i zmniejsza \u0142amliwo\u015b\u0107 w\u0142os\u00f3w.<\/p>\n<\/li>\n<\/ul>\n<h3 data-start=\"2597\" data-end=\"2624\">Scutellaria baicalensis<\/h3>\n<p data-start=\"2626\" data-end=\"2887\">Ekstrakt z tarczycy bajkalskiej (Scutellaria baicalensis) jest znany ze swoich w\u0142a\u015bciwo\u015bci przeciwzapalnych i antyoksydacyjnych. Wspiera regeneracj\u0119 sk\u00f3ry g\u0142owy, \u0142agodzi podra\u017cnienia oraz chroni mieszki w\u0142osowe przed negatywnym wp\u0142ywem czynnik\u00f3w \u015brodowiskowych.<\/p>\n<h3 data-start=\"2889\" data-end=\"2923\">Oleje z kie\u0142k\u00f3w soi i pszenicy<\/h3>\n<p data-start=\"2925\" data-end=\"3147\">Naturalne oleje ro\u015blinne s\u0105 bogatym \u017ar\u00f3d\u0142em nienasyconych kwas\u00f3w t\u0142uszczowych oraz witamin. Olej z kie\u0142k\u00f3w soi i pszenicy intensywnie nawil\u017ca sk\u00f3r\u0119 g\u0142owy, od\u017cywia cebulki w\u0142osowe oraz poprawia elastyczno\u015b\u0107 i po\u0142ysk w\u0142os\u00f3w.<\/p>\n<h3 data-start=\"3149\" data-end=\"3165\">Sfingolipidy<\/h3>\n<p data-start=\"3167\" data-end=\"3364\">S\u0105 to zwi\u0105zki lipidowe, kt\u00f3re wzmacniaj\u0105 barier\u0119 ochronn\u0105 sk\u00f3ry g\u0142owy i zapobiegaj\u0105 utracie wilgoci. Wspieraj\u0105 naturalne procesy odnowy kom\u00f3rek oraz przyczyniaj\u0105 si\u0119 do zwi\u0119kszenia g\u0119sto\u015bci w\u0142os\u00f3w.<\/p>\n<h3 data-start=\"3366\" data-end=\"3377\">Biotyna<\/h3>\n<p data-start=\"3379\" data-end=\"3663\">Biotyna, znana tak\u017ce jako witamina H lub B7, to kluczowy sk\u0142adnik dla prawid\u0142owego wzrostu w\u0142os\u00f3w. Jej niedob\u00f3r objawia si\u0119 \u0142amliwo\u015bci\u0105, sucho\u015bci\u0105 oraz nadmiernym wypadaniem w\u0142os\u00f3w. Densanox dostarcza biotyn\u0119 w optymalnej dawce, co realnie wp\u0142ywa na popraw\u0119 wygl\u0105du i kondycji w\u0142os\u00f3w.<\/p>\n<p style=\"text-align: center;\" data-start=\"3379\" data-end=\"3663\"><a href=\"https:\/\/tl-track.com\/tracker\/v2c3\"><button>www.densanox.pl<\/button><\/a><\/p>\n<h2 data-start=\"3665\" data-end=\"3705\">Efekty Densanox i ich charakterystyka<\/h2>\n<p data-start=\"3707\" data-end=\"3825\">Regularne stosowanie serum <strong data-start=\"3734\" data-end=\"3746\">Densanox<\/strong> przynosi szereg wymiernych efekt\u00f3w, kt\u00f3re widoczne s\u0105 ju\u017c po kilku tygodniach:<\/p>\n<ul data-start=\"3827\" data-end=\"4344\">\n<li data-start=\"3827\" data-end=\"3923\">\n<p data-start=\"3829\" data-end=\"3923\"><strong data-start=\"3829\" data-end=\"3870\">Wyra\u017ane zmniejszenie wypadania w\u0142os\u00f3w<\/strong> \u2013 zahamowanie procesu os\u0142abienia mieszk\u00f3w w\u0142osowych.<\/p>\n<\/li>\n<li data-start=\"3924\" data-end=\"4031\">\n<p data-start=\"3926\" data-end=\"4031\"><strong data-start=\"3926\" data-end=\"3962\">Stymulacja wzrostu nowych w\u0142os\u00f3w<\/strong> \u2013 pojawienie si\u0119 tzw. \u201ebaby hair\u201d oraz zwi\u0119kszenie g\u0119sto\u015bci fryzury.<\/p>\n<\/li>\n<li data-start=\"4032\" data-end=\"4165\">\n<p data-start=\"4034\" data-end=\"4165\"><strong data-start=\"4034\" data-end=\"4075\">Wzmocnienie cebulek i struktury w\u0142osa<\/strong> \u2013 w\u0142osy staj\u0105 si\u0119 mniej \u0142amliwe, bardziej spr\u0119\u017cyste i odporne na uszkodzenia mechaniczne.<\/p>\n<\/li>\n<li data-start=\"4166\" data-end=\"4254\">\n<p data-start=\"4168\" data-end=\"4254\"><strong data-start=\"4168\" data-end=\"4208\">Poprawa og\u00f3lnej kondycji sk\u00f3ry g\u0142owy<\/strong> \u2013 redukcja podra\u017cnie\u0144, sucho\u015bci oraz \u0142upie\u017cu.<\/p>\n<\/li>\n<li data-start=\"4255\" data-end=\"4344\">\n<p data-start=\"4257\" data-end=\"4344\"><strong data-start=\"4257\" data-end=\"4293\">Naturalny po\u0142ysk i zdrowy wygl\u0105d<\/strong> \u2013 w\u0142osy staj\u0105 si\u0119 mi\u0119kkie, g\u0142adkie i pe\u0142ne blasku.<\/p>\n<\/li>\n<\/ul>\n<p data-start=\"4346\" data-end=\"4595\">Systematyczne stosowanie Densanox sprawia, \u017ce w\u0142osy zyskuj\u0105 na obj\u0119to\u015bci, s\u0105 mocniejsze i wygl\u0105daj\u0105 m\u0142odziej. To wszystko jest mo\u017cliwe dzi\u0119ki synergii naturalnych sk\u0142adnik\u00f3w, kt\u00f3re skutecznie wspieraj\u0105 naturalne procesy regeneracji i wzrostu w\u0142os\u00f3w.<\/p>\n<h2 data-start=\"4597\" data-end=\"4624\">Ryzyko skutk\u00f3w ubocznych<\/h2>\n<p data-start=\"4626\" data-end=\"4992\">Jedn\u0105 z najwi\u0119kszych zalet serum <strong data-start=\"4659\" data-end=\"4671\">Densanox<\/strong> jest jego bezpiecze\u0144stwo stosowania. Formu\u0142a oparta na naturalnych komponentach sprawia, \u017ce ryzyko wyst\u0105pienia skutk\u00f3w ubocznych jest minimalne. Produkt nie zawiera szkodliwych paraben\u00f3w, silikon\u00f3w ani sztucznych barwnik\u00f3w. Mo\u017ce by\u0107 stosowany nawet przez osoby o wra\u017cliwej sk\u00f3rze g\u0142owy, sk\u0142onnej do podra\u017cnie\u0144 i alergii.<\/p>\n<p data-start=\"4994\" data-end=\"5176\">Przed pierwszym u\u017cyciem, jak przy ka\u017cdym kosmetyku, warto wykona\u0107 test na ma\u0142ej powierzchni sk\u00f3ry, aby upewni\u0107 si\u0119, \u017ce nie wyst\u0119puje reakcja alergiczna na kt\u00f3rykolwiek ze sk\u0142adnik\u00f3w.<\/p>\n<h2 data-start=\"95\" data-end=\"149\">Opinie klient\u00f3w o Densanox: fora po\u015bwi\u0119cone zdrowiu<\/h2>\n<p data-start=\"151\" data-end=\"671\">W Polsce fora internetowe oraz grupy po\u015bwi\u0119cone zdrowiu i piel\u0119gnacji urody zyskuj\u0105 coraz wi\u0119ksz\u0105 popularno\u015b\u0107. To w\u0142a\u015bnie tam u\u017cytkownicy dziel\u0105 si\u0119 swoimi do\u015bwiadczeniami, opiniami i rekomendacjami dotycz\u0105cymi r\u00f3\u017cnych produkt\u00f3w, w tym nowoczesnych suplement\u00f3w i kosmetyk\u00f3w. W ostatnim czasie serum Densanox zyskuje coraz wi\u0119ksze uznanie w\u015br\u00f3d Polak\u00f3w. Nic dziwnego \u2013 liczba pozytywnych opinii ro\u015bnie, a u\u017cytkownicy podkre\u015blaj\u0105 nie tylko skuteczno\u015b\u0107, ale r\u00f3wnie\u017c wygod\u0119 zakupu i bezpiecze\u0144stwo stosowania tego preparatu.<\/p>\n<p data-start=\"673\" data-end=\"954\">Wi\u0119kszo\u015b\u0107 os\u00f3b korzystaj\u0105cych z Densanox zauwa\u017ca wyra\u017an\u0105 popraw\u0119 kondycji w\u0142os\u00f3w oraz zmniejszenie ich wypadania. Klienci doceniaj\u0105 tak\u017ce fakt, \u017ce produkt jest \u0142atwo dost\u0119pny, a jego zakup nie wymaga skomplikowanych formalno\u015bci. Poni\u017cej przyk\u0142ady opinii u\u017cytkownik\u00f3w:<\/p>\n<ol>\n<li data-start=\"956\" data-end=\"1266\"><strong data-start=\"956\" data-end=\"983\">Anna, 35 lat, Warszawa:<\/strong><br data-start=\"983\" data-end=\"986\" \/><em data-start=\"986\" data-end=\"1266\">&#8222;Przez d\u0142ugi czas boryka\u0142am si\u0119 z wypadaniem w\u0142os\u00f3w, wypr\u00f3bowa\u0142am wiele produkt\u00f3w, ale dopiero Densanox przyni\u00f3s\u0142 zauwa\u017calne efekty. W\u0142osy przesta\u0142y wypada\u0107 gar\u015bciami, a po miesi\u0105cu pojawi\u0142y si\u0119 nowe, baby hair. Polecam ka\u017cdemu, kto szuka skutecznego i naturalnego rozwi\u0105zania!&#8221;<\/em><\/li>\n<li data-start=\"1268\" data-end=\"1553\"><strong data-start=\"1268\" data-end=\"1299\">Krzysztof, 42 lata, Krak\u00f3w:<\/strong><br data-start=\"1299\" data-end=\"1302\" \/><em data-start=\"1302\" data-end=\"1553\">&#8222;Ba\u0142em si\u0119 zakupu przez internet, ale wszystko przebieg\u0142o bez problem\u00f3w \u2013 konsultant zadzwoni\u0142 i odpowiedzia\u0142 na moje pytania. Densanox okaza\u0142 si\u0119 strza\u0142em w dziesi\u0105tk\u0119, w\u0142osy s\u0105 wyra\u017anie g\u0119stsze i mocniejsze. Do tego szybka dostawa i uczciwa cena.&#8221;<\/em><\/li>\n<\/ol>\n<h2 data-start=\"1555\" data-end=\"1587\">Spos\u00f3b podawania i dawkowanie<\/h2>\n<p data-start=\"1589\" data-end=\"1967\">Stosowanie serum <strong data-start=\"1606\" data-end=\"1618\">Densanox<\/strong> jest niezwykle proste i wygodne, co zach\u0119ca do regularnej kuracji. Preparat nale\u017cy nanosi\u0107 bezpo\u015brednio na czyst\u0105, such\u0105 lub lekko wilgotn\u0105 sk\u00f3r\u0119 g\u0142owy, najlepiej po umyciu w\u0142os\u00f3w. Za pomoc\u0105 pipety lub aplikatora nale\u017cy r\u00f3wnomiernie rozprowadzi\u0107 kilka kropel serum, a nast\u0119pnie delikatnie wmasowa\u0107 opuszkami palc\u00f3w przez kilka minut. Nie sp\u0142ukiwa\u0107.<\/p>\n<p data-start=\"1969\" data-end=\"2225\">Dla uzyskania najlepszych rezultat\u00f3w zaleca si\u0119 stosowanie Densanox codziennie, przez minimum 4-6 tygodni. Po tym czasie efekty staj\u0105 si\u0119 widoczne \u2013 w\u0142osy s\u0105 mocniejsze, g\u0119stsze, a sk\u00f3ra g\u0142owy bardziej od\u017cywiona. Preparat jest wydajny i nie obci\u0105\u017ca w\u0142os\u00f3w.<\/p>\n<h2 data-start=\"2227\" data-end=\"2258\">Kup teraz Densanox z dostaw\u0105<\/h2>\n<p data-start=\"2260\" data-end=\"2619\">Zakup <strong data-start=\"2266\" data-end=\"2278\">Densanox<\/strong> jest wyj\u0105tkowo \u0142atwy i bezpieczny. Preparat mo\u017cna zam\u00f3wi\u0107 wygodnie online \u2013 wystarczy wype\u0142ni\u0107 kr\u00f3tki formularz na oficjalnej stronie producenta. Co wa\u017cne, p\u0142atno\u015b\u0107 za zam\u00f3wienie odbywa si\u0119 dopiero przy odbiorze przesy\u0142ki (tzw. p\u0142atno\u015b\u0107 za pobraniem). Dzi\u0119ki temu masz pewno\u015b\u0107, \u017ce otrzymujesz oryginalny produkt bez ryzyka utraty pieni\u0119dzy.<\/p>\n<p data-start=\"2621\" data-end=\"2990\">Czas dostawy wynosi zazwyczaj 3-4 dni robocze na terenie ca\u0142ej Polski. Po z\u0142o\u017ceniu zam\u00f3wienia skontaktuje si\u0119 z Tob\u0105 konsultant telefoniczny, kt\u00f3ry potwierdzi szczeg\u00f3\u0142y zam\u00f3wienia oraz mo\u017ce udzieli\u0107 profesjonalnej porady dotycz\u0105cej dawkowania lub aktualnych promocji. To du\u017ce udogodnienie \u2013 zw\u0142aszcza dla os\u00f3b, kt\u00f3re ceni\u0105 sobie komfort i bezpiecze\u0144stwo zakup\u00f3w online.<\/p>\n<p style=\"text-align: center;\" data-start=\"2621\" data-end=\"2990\"><a href=\"https:\/\/tl-track.com\/tracker\/v2c3\"><button>Zakup na stronie producenta (-50%)<\/button><\/a><\/p>\n<h2 data-start=\"2992\" data-end=\"3039\">Por\u00f3wnanie ofert: ceny i dost\u0119pno\u015b\u0107 Densanox<\/h2>\n<p data-start=\"3041\" data-end=\"3358\">Producent <strong data-start=\"3051\" data-end=\"3063\">Densanox<\/strong> przyk\u0142ada ogromn\u0105 wag\u0119 do tego, by produkt by\u0142 dost\u0119pny dla ka\u017cdego zainteresowanego. Dlatego serum mo\u017cna kupi\u0107 wy\u0142\u0105cznie na oficjalnej stronie internetowej, bez udzia\u0142u po\u015brednik\u00f3w czy sklep\u00f3w stacjonarnych. Taki model sprzeda\u017cy gwarantuje brak niepotrzebnych mar\u017c oraz ryzyko zakupu podr\u00f3bek.<\/p>\n<p data-start=\"3360\" data-end=\"3747\">Na oficjalnej stronie regularnie pojawiaj\u0105 si\u0119 atrakcyjne promocje i rabaty, kt\u00f3rych warto szuka\u0107 na bie\u017c\u0105co \u2013 pozwalaj\u0105 one zaoszcz\u0119dzi\u0107 nawet kilkadziesi\u0105t procent od regularnej ceny. Warto jednak pami\u0119ta\u0107, \u017ce Densanox nie jest dost\u0119pny w tradycyjnych aptekach ani drogeriach, co dodatkowo chroni klient\u00f3w przed nieuczciwymi praktykami sprzedawc\u00f3w i zapewnia najwy\u017csz\u0105 jako\u015b\u0107 produktu.<\/p>\n<p data-start=\"3754\" data-end=\"4110\" data-is-last-node=\"\" data-is-only-node=\"\">Densanox to naturalny, skuteczny i bezpieczny spos\u00f3b na zdrowe, g\u0119ste w\u0142osy, a jego popularno\u015b\u0107 ro\u015bnie z ka\u017cdym miesi\u0105cem. Opinie zadowolonych klient\u00f3w potwierdzaj\u0105 jego efektywno\u015b\u0107 i wygod\u0119 stosowania, a \u0142atwy zakup online oraz fachowe wsparcie konsultant\u00f3w sprawiaj\u0105, \u017ce Densanox staje si\u0119 pierwszym wyborem w walce z wypadaniem w\u0142os\u00f3w.<\/p>\n","protected":false},"excerpt":{"rendered":"<p style=\"text-align: center;\"><a href=\"https:\/\/tl-track.com\/tracker\/v2c3\"><button>Kup teraz<\/button><\/a><\/p>\n<p>SKU: 000<span class=\"sku\">.130.139<\/span><\/p>\n<hr \/>\n<p><small>Produkt sprzedawany jest wy\u0142\u0105cznie za po\u015brednictwem oficjalnej strony producenta, id\u017a i kupuj bezpiecznie!<\/small><\/p>\n","protected":false},"featured_media":1275,"comment_status":"open","ping_status":"closed","template":"","meta":[],"product_brand":[],"product_cat":[15],"product_tag":[],"class_list":{"0":"post-1273","1":"product","2":"type-product","3":"status-publish","4":"has-post-thumbnail","6":"product_cat-supl","7":"thunk-woo-product-list","8":"opn-qv-enable","9":"top-store-woo-hover-","10":"top-store-single-product-tab-horizontal","11":"top-store-shadow-","12":"top-store-shadow-hover-","14":"first","15":"instock","16":"sale","17":"shipping-taxable","18":"purchasable","19":"product-type-simple"},"yoast_head":"<!-- This site is optimized with the Yoast SEO plugin v27.4 - https:\/\/yoast.com\/product\/yoast-seo-wordpress\/ -->\n<title>Densanox - kup suplement, cena w aptece, sk\u0142ad, dzia\u0142anie<\/title>\n<meta name=\"robots\" content=\"index, follow, max-snippet:-1, max-image-preview:large, max-video-preview:-1\" \/>\n<link rel=\"canonical\" href=\"https:\/\/lekarzeopole.pl\/wordpress\/product\/densanox\/\" \/>\n<meta property=\"og:locale\" content=\"pl_PL\" \/>\n<meta property=\"og:type\" content=\"article\" \/>\n<meta property=\"og:title\" content=\"Densanox - kup suplement, cena w aptece, sk\u0142ad, dzia\u0142anie\" \/>\n<meta property=\"og:description\" content=\"Kup teraz SKU: 000.130.139    Produkt sprzedawany jest wy\u0142\u0105cznie za po\u015brednictwem oficjalnej strony producenta, id\u017a i kupuj bezpiecznie!\" \/>\n<meta property=\"og:url\" content=\"https:\/\/lekarzeopole.pl\/wordpress\/product\/densanox\/\" \/>\n<meta property=\"og:site_name\" content=\"Lekarze Opole\" \/>\n<meta property=\"article:modified_time\" content=\"2025-05-28T06:48:17+00:00\" \/>\n<meta property=\"og:image\" content=\"https:\/\/lekarzeopole.pl\/wordpress\/wp-content\/uploads\/2025\/05\/densanox-2.jpg\" \/>\n\t<meta property=\"og:image:width\" content=\"1000\" \/>\n\t<meta property=\"og:image:height\" content=\"496\" \/>\n\t<meta property=\"og:image:type\" content=\"image\/jpeg\" \/>\n<meta name=\"twitter:card\" content=\"summary_large_image\" \/>\n<meta name=\"twitter:label1\" content=\"Szacowany czas czytania\" \/>\n\t<meta name=\"twitter:data1\" content=\"7 minut\" \/>\n<script type=\"application\/ld+json\" class=\"yoast-schema-graph\">{\"@context\":\"https:\\\/\\\/schema.org\",\"@graph\":[{\"@type\":\"WebPage\",\"@id\":\"https:\\\/\\\/lekarzeopole.pl\\\/wordpress\\\/product\\\/densanox\\\/\",\"url\":\"https:\\\/\\\/lekarzeopole.pl\\\/wordpress\\\/product\\\/densanox\\\/\",\"name\":\"Densanox - kup suplement, cena w aptece, sk\u0142ad, dzia\u0142anie\",\"isPartOf\":{\"@id\":\"https:\\\/\\\/lekarzeopole.pl\\\/wordpress\\\/#website\"},\"primaryImageOfPage\":{\"@id\":\"https:\\\/\\\/lekarzeopole.pl\\\/wordpress\\\/product\\\/densanox\\\/#primaryimage\"},\"image\":{\"@id\":\"https:\\\/\\\/lekarzeopole.pl\\\/wordpress\\\/product\\\/densanox\\\/#primaryimage\"},\"thumbnailUrl\":\"https:\\\/\\\/lekarzeopole.pl\\\/wordpress\\\/wp-content\\\/uploads\\\/2025\\\/05\\\/densanox-2.jpg\",\"datePublished\":\"2025-05-28T06:48:16+00:00\",\"dateModified\":\"2025-05-28T06:48:17+00:00\",\"breadcrumb\":{\"@id\":\"https:\\\/\\\/lekarzeopole.pl\\\/wordpress\\\/product\\\/densanox\\\/#breadcrumb\"},\"inLanguage\":\"pl-PL\",\"potentialAction\":[{\"@type\":\"ReadAction\",\"target\":[\"https:\\\/\\\/lekarzeopole.pl\\\/wordpress\\\/product\\\/densanox\\\/\"]}]},{\"@type\":\"ImageObject\",\"inLanguage\":\"pl-PL\",\"@id\":\"https:\\\/\\\/lekarzeopole.pl\\\/wordpress\\\/product\\\/densanox\\\/#primaryimage\",\"url\":\"https:\\\/\\\/lekarzeopole.pl\\\/wordpress\\\/wp-content\\\/uploads\\\/2025\\\/05\\\/densanox-2.jpg\",\"contentUrl\":\"https:\\\/\\\/lekarzeopole.pl\\\/wordpress\\\/wp-content\\\/uploads\\\/2025\\\/05\\\/densanox-2.jpg\",\"width\":1000,\"height\":496,\"caption\":\"Densanox\"},{\"@type\":\"BreadcrumbList\",\"@id\":\"https:\\\/\\\/lekarzeopole.pl\\\/wordpress\\\/product\\\/densanox\\\/#breadcrumb\",\"itemListElement\":[{\"@type\":\"ListItem\",\"position\":1,\"name\":\"\u0413\u043b\u0430\u0432\u043d\u0430\u044f \u0441\u0442\u0440\u0430\u043d\u0438\u0446\u0430\",\"item\":\"https:\\\/\\\/lekarzeopole.pl\\\/wordpress\\\/\"},{\"@type\":\"ListItem\",\"position\":2,\"name\":\"Zakup\",\"item\":\"https:\\\/\\\/lekarzeopole.pl\\\/wordpress\\\/\"},{\"@type\":\"ListItem\",\"position\":3,\"name\":\"Densanox\"}]},{\"@type\":\"WebSite\",\"@id\":\"https:\\\/\\\/lekarzeopole.pl\\\/wordpress\\\/#website\",\"url\":\"https:\\\/\\\/lekarzeopole.pl\\\/wordpress\\\/\",\"name\":\"Lekarze Opole\",\"description\":\"\",\"potentialAction\":[{\"@type\":\"SearchAction\",\"target\":{\"@type\":\"EntryPoint\",\"urlTemplate\":\"https:\\\/\\\/lekarzeopole.pl\\\/wordpress\\\/?s={search_term_string}\"},\"query-input\":{\"@type\":\"PropertyValueSpecification\",\"valueRequired\":true,\"valueName\":\"search_term_string\"}}],\"inLanguage\":\"pl-PL\"}]}<\/script>\n<!-- \/ Yoast SEO plugin. -->","yoast_head_json":{"title":"Densanox - kup suplement, cena w aptece, sk\u0142ad, dzia\u0142anie","robots":{"index":"index","follow":"follow","max-snippet":"max-snippet:-1","max-image-preview":"max-image-preview:large","max-video-preview":"max-video-preview:-1"},"canonical":"https:\/\/lekarzeopole.pl\/wordpress\/product\/densanox\/","og_locale":"pl_PL","og_type":"article","og_title":"Densanox - kup suplement, cena w aptece, sk\u0142ad, dzia\u0142anie","og_description":"Kup teraz SKU: 000.130.139    Produkt sprzedawany jest wy\u0142\u0105cznie za po\u015brednictwem oficjalnej strony producenta, id\u017a i kupuj bezpiecznie!","og_url":"https:\/\/lekarzeopole.pl\/wordpress\/product\/densanox\/","og_site_name":"Lekarze Opole","article_modified_time":"2025-05-28T06:48:17+00:00","og_image":[{"width":1000,"height":496,"url":"https:\/\/lekarzeopole.pl\/wordpress\/wp-content\/uploads\/2025\/05\/densanox-2.jpg","type":"image\/jpeg"}],"twitter_card":"summary_large_image","twitter_misc":{"Szacowany czas czytania":"7 minut"},"schema":{"@context":"https:\/\/schema.org","@graph":[{"@type":"WebPage","@id":"https:\/\/lekarzeopole.pl\/wordpress\/product\/densanox\/","url":"https:\/\/lekarzeopole.pl\/wordpress\/product\/densanox\/","name":"Densanox - kup suplement, cena w aptece, sk\u0142ad, dzia\u0142anie","isPartOf":{"@id":"https:\/\/lekarzeopole.pl\/wordpress\/#website"},"primaryImageOfPage":{"@id":"https:\/\/lekarzeopole.pl\/wordpress\/product\/densanox\/#primaryimage"},"image":{"@id":"https:\/\/lekarzeopole.pl\/wordpress\/product\/densanox\/#primaryimage"},"thumbnailUrl":"https:\/\/lekarzeopole.pl\/wordpress\/wp-content\/uploads\/2025\/05\/densanox-2.jpg","datePublished":"2025-05-28T06:48:16+00:00","dateModified":"2025-05-28T06:48:17+00:00","breadcrumb":{"@id":"https:\/\/lekarzeopole.pl\/wordpress\/product\/densanox\/#breadcrumb"},"inLanguage":"pl-PL","potentialAction":[{"@type":"ReadAction","target":["https:\/\/lekarzeopole.pl\/wordpress\/product\/densanox\/"]}]},{"@type":"ImageObject","inLanguage":"pl-PL","@id":"https:\/\/lekarzeopole.pl\/wordpress\/product\/densanox\/#primaryimage","url":"https:\/\/lekarzeopole.pl\/wordpress\/wp-content\/uploads\/2025\/05\/densanox-2.jpg","contentUrl":"https:\/\/lekarzeopole.pl\/wordpress\/wp-content\/uploads\/2025\/05\/densanox-2.jpg","width":1000,"height":496,"caption":"Densanox"},{"@type":"BreadcrumbList","@id":"https:\/\/lekarzeopole.pl\/wordpress\/product\/densanox\/#breadcrumb","itemListElement":[{"@type":"ListItem","position":1,"name":"\u0413\u043b\u0430\u0432\u043d\u0430\u044f \u0441\u0442\u0440\u0430\u043d\u0438\u0446\u0430","item":"https:\/\/lekarzeopole.pl\/wordpress\/"},{"@type":"ListItem","position":2,"name":"Zakup","item":"https:\/\/lekarzeopole.pl\/wordpress\/"},{"@type":"ListItem","position":3,"name":"Densanox"}]},{"@type":"WebSite","@id":"https:\/\/lekarzeopole.pl\/wordpress\/#website","url":"https:\/\/lekarzeopole.pl\/wordpress\/","name":"Lekarze Opole","description":"","potentialAction":[{"@type":"SearchAction","target":{"@type":"EntryPoint","urlTemplate":"https:\/\/lekarzeopole.pl\/wordpress\/?s={search_term_string}"},"query-input":{"@type":"PropertyValueSpecification","valueRequired":true,"valueName":"search_term_string"}}],"inLanguage":"pl-PL"}]}},"_links":{"self":[{"href":"https:\/\/lekarzeopole.pl\/wordpress\/wp-json\/wp\/v2\/product\/1273","targetHints":{"allow":["GET"]}}],"collection":[{"href":"https:\/\/lekarzeopole.pl\/wordpress\/wp-json\/wp\/v2\/product"}],"about":[{"href":"https:\/\/lekarzeopole.pl\/wordpress\/wp-json\/wp\/v2\/types\/product"}],"replies":[{"embeddable":true,"href":"https:\/\/lekarzeopole.pl\/wordpress\/wp-json\/wp\/v2\/comments?post=1273"}],"wp:featuredmedia":[{"embeddable":true,"href":"https:\/\/lekarzeopole.pl\/wordpress\/wp-json\/wp\/v2\/media\/1275"}],"wp:attachment":[{"href":"https:\/\/lekarzeopole.pl\/wordpress\/wp-json\/wp\/v2\/media?parent=1273"}],"wp:term":[{"taxonomy":"product_brand","embeddable":true,"href":"https:\/\/lekarzeopole.pl\/wordpress\/wp-json\/wp\/v2\/product_brand?post=1273"},{"taxonomy":"product_cat","embeddable":true,"href":"https:\/\/lekarzeopole.pl\/wordpress\/wp-json\/wp\/v2\/product_cat?post=1273"},{"taxonomy":"product_tag","embeddable":true,"href":"https:\/\/lekarzeopole.pl\/wordpress\/wp-json\/wp\/v2\/product_tag?post=1273"}],"curies":[{"name":"wp","href":"https:\/\/api.w.org\/{rel}","templated":true}]}}