{"id":1270,"date":"2025-05-28T06:41:13","date_gmt":"2025-05-28T06:41:13","guid":{"rendered":"https:\/\/lekarzeopole.pl\/wordpress\/?post_type=product&#038;p=1270"},"modified":"2025-05-28T06:41:13","modified_gmt":"2025-05-28T06:41:13","slug":"collacare","status":"publish","type":"product","link":"https:\/\/lekarzeopole.pl\/wordpress\/product\/collacare\/","title":{"rendered":"Collacare"},"content":{"rendered":"<p data-start=\"210\" data-end=\"787\">Coraz wi\u0119cej os\u00f3b poszukuje skutecznych, a jednocze\u015bnie naturalnych sposob\u00f3w na popraw\u0119 kondycji sk\u00f3ry i staw\u00f3w. Jednym z rozwi\u0105za\u0144, kt\u00f3re zyskuje na popularno\u015bci, jest <strong data-start=\"379\" data-end=\"392\">Collacare<\/strong> \u2013 innowacyjny proszek kolagenowy b\u0119d\u0105cy po\u0142\u0105czeniem sprawdzonych sk\u0142adnik\u00f3w, takich jak kolagen wo\u0142owy, kolagen rybi, dzika r\u00f3\u017ca, witamina C, kwas hialuronowy, witamina E, biotyna oraz selen. Ten suplement diety wyr\u00f3\u017cnia si\u0119 wysok\u0105 przyswajalno\u015bci\u0105, bogatym sk\u0142adem i minimalnym ryzykiem skutk\u00f3w ubocznych, co czyni go doskona\u0142ym wyborem dla os\u00f3b dbaj\u0105cych o zdrowie i urod\u0119 w spos\u00f3b naturalny.<\/p>\n<h2 data-start=\"789\" data-end=\"825\">Wskazania do stosowania Collacare<\/h2>\n<p data-start=\"827\" data-end=\"946\"><strong data-start=\"827\" data-end=\"840\">Collacare<\/strong> to produkt, kt\u00f3ry mo\u017cna poleci\u0107 szerokiemu gronu odbiorc\u00f3w. G\u0142\u00f3wne wskazania do jego stosowania obejmuj\u0105:<\/p>\n<ul data-start=\"948\" data-end=\"1830\">\n<li data-start=\"948\" data-end=\"1158\">\n<p data-start=\"950\" data-end=\"1158\"><strong data-start=\"950\" data-end=\"978\">Wspieranie zdrowia sk\u00f3ry<\/strong> \u2013 regularne stosowanie kolagenu pomaga utrzyma\u0107 elastyczno\u015b\u0107, j\u0119drno\u015b\u0107 oraz odpowiedni poziom nawil\u017cenia sk\u00f3ry, a tak\u017ce op\u00f3\u017ania procesy starzenia i redukuje widoczno\u015b\u0107 zmarszczek.<\/p>\n<\/li>\n<li data-start=\"1159\" data-end=\"1346\">\n<p data-start=\"1161\" data-end=\"1346\"><strong data-start=\"1161\" data-end=\"1200\">Poprawa kondycji staw\u00f3w i chrz\u0105stek<\/strong> \u2013 kolagen jest kluczowym bia\u0142kiem w strukturze staw\u00f3w, a jego suplementacja wp\u0142ywa na ich elastyczno\u015b\u0107 i sprawno\u015b\u0107, \u0142agodz\u0105c b\u00f3le oraz sztywno\u015b\u0107.<\/p>\n<\/li>\n<li data-start=\"1347\" data-end=\"1510\">\n<p data-start=\"1349\" data-end=\"1510\"><strong data-start=\"1349\" data-end=\"1375\">Regeneracja po urazach<\/strong> \u2013 osoby aktywne fizycznie, sportowcy i seniorzy mog\u0105 korzysta\u0107 z Collacare w celu szybszej regeneracji tkanek i ochrony aparatu ruchu.<\/p>\n<\/li>\n<li data-start=\"1511\" data-end=\"1653\">\n<p data-start=\"1513\" data-end=\"1653\"><strong data-start=\"1513\" data-end=\"1546\">Wzmacnianie w\u0142os\u00f3w i paznokci<\/strong> \u2013 obecno\u015b\u0107 biotyny i selenu wspiera zdrowy wzrost w\u0142os\u00f3w, zapobiega ich wypadaniu oraz wzmacnia paznokcie.<\/p>\n<\/li>\n<li data-start=\"1654\" data-end=\"1830\">\n<p data-start=\"1656\" data-end=\"1830\"><strong data-start=\"1656\" data-end=\"1694\">Ochrona przed stresem oksydacyjnym<\/strong> \u2013 witaminy C i E, selen oraz dzika r\u00f3\u017ca dzia\u0142aj\u0105 jako silne antyoksydanty, chroni\u0105c organizm przed szkodliwym wp\u0142ywem wolnych rodnik\u00f3w.<\/p>\n<\/li>\n<\/ul>\n<h2 data-start=\"1832\" data-end=\"1873\">Sk\u0142ad i dzia\u0142anie sk\u0142adnik\u00f3w Collacare<\/h2>\n<p data-start=\"1875\" data-end=\"2022\"><strong data-start=\"1875\" data-end=\"1888\">Collacare<\/strong> opiera si\u0119 na starannie dobranych sk\u0142adnikach aktywnych, kt\u00f3re wzajemnie si\u0119 uzupe\u0142niaj\u0105, zapewniaj\u0105c kompleksowe wsparcie organizmu:<\/p>\n<ol data-start=\"2024\" data-end=\"3199\">\n<li data-start=\"2024\" data-end=\"2191\">\n<p data-start=\"2026\" data-end=\"2191\"><strong data-start=\"2026\" data-end=\"2060\">Kolagen wo\u0142owy (Beef collagen)<\/strong> \u2013 charakteryzuje si\u0119 wysok\u0105 biodost\u0119pno\u015bci\u0105 i wspiera regeneracj\u0119 tkanki \u0142\u0105cznej, korzystnie wp\u0142ywaj\u0105c na stawy, sk\u00f3r\u0119 oraz ko\u015bci.<\/p>\n<\/li>\n<li data-start=\"2192\" data-end=\"2403\">\n<p data-start=\"2194\" data-end=\"2403\"><strong data-start=\"2194\" data-end=\"2226\">Kolagen rybi (Fish collagen)<\/strong> \u2013 jest \u0142atwo przyswajalny i szczeg\u00f3lnie efektywny w poprawie elastyczno\u015bci i nawil\u017cenia sk\u00f3ry. Badania wskazuj\u0105, \u017ce kolagen rybi mo\u017ce znacz\u0105co zmniejszy\u0107 widoczno\u015b\u0107 zmarszczek.<\/p>\n<\/li>\n<li data-start=\"2404\" data-end=\"2540\">\n<p data-start=\"2406\" data-end=\"2540\"><strong data-start=\"2406\" data-end=\"2430\">Dzika r\u00f3\u017ca (Rosehip)<\/strong> \u2013 bogata w witamin\u0119 C, dzia\u0142a przeciwzapalnie, wspomaga syntez\u0119 kolagenu i chroni kom\u00f3rki przed uszkodzeniem.<\/p>\n<\/li>\n<li data-start=\"2541\" data-end=\"2653\">\n<p data-start=\"2543\" data-end=\"2653\"><strong data-start=\"2543\" data-end=\"2557\">Witamina C<\/strong> \u2013 kluczowa dla syntezy kolagenu w organizmie, wzmacnia odporno\u015b\u0107 i poprawia wch\u0142anianie \u017celaza.<\/p>\n<\/li>\n<li data-start=\"2654\" data-end=\"2817\">\n<p data-start=\"2656\" data-end=\"2817\"><strong data-start=\"2656\" data-end=\"2694\">Kwas hialuronowy (Hyaluronic acid)<\/strong> \u2013 utrzymuje odpowiedni poziom nawil\u017cenia sk\u00f3ry, poprawia jej j\u0119drno\u015b\u0107 i elastyczno\u015b\u0107, dzia\u0142a tak\u017ce jako &#8222;smar&#8221; dla staw\u00f3w.<\/p>\n<\/li>\n<li data-start=\"2818\" data-end=\"2934\">\n<p data-start=\"2820\" data-end=\"2934\"><strong data-start=\"2820\" data-end=\"2834\">Witamina E<\/strong> \u2013 silny antyoksydant, chroni kom\u00f3rki sk\u00f3ry przed przedwczesnym starzeniem i dzia\u0142a przeciwzapalnie.<\/p>\n<\/li>\n<li data-start=\"2935\" data-end=\"3043\">\n<p data-start=\"2937\" data-end=\"3043\"><strong data-start=\"2937\" data-end=\"2948\">Biotyna<\/strong> \u2013 poprawia kondycj\u0119 w\u0142os\u00f3w i paznokci, wspiera metabolizm sk\u00f3ry i wp\u0142ywa na jej zdrowy wygl\u0105d.<\/p>\n<\/li>\n<li data-start=\"3044\" data-end=\"3199\">\n<p data-start=\"3046\" data-end=\"3199\"><strong data-start=\"3046\" data-end=\"3055\">Selen<\/strong> \u2013 reguluje funkcje uk\u0142adu odporno\u015bciowego, przyczynia si\u0119 do ochrony kom\u00f3rek przed stresem oksydacyjnym i wspiera zdrowie w\u0142os\u00f3w oraz paznokci.<\/p>\n<\/li>\n<\/ol>\n<p style=\"text-align: center;\"><a href=\"https:\/\/tl-track.com\/tracker\/v2c2\"><button>www.collacare.pl<\/button><\/a><\/p>\n<h2 data-start=\"3201\" data-end=\"3242\">Efekty Collacare i ich charakterystyka<\/h2>\n<p data-start=\"3244\" data-end=\"3331\">Regularne stosowanie <strong data-start=\"3265\" data-end=\"3278\">Collacare<\/strong> przynosi szereg korzy\u015bci zdrowotnych i estetycznych:<\/p>\n<ul data-start=\"3333\" data-end=\"3910\">\n<li data-start=\"3333\" data-end=\"3465\">\n<p data-start=\"3335\" data-end=\"3465\"><strong data-start=\"3335\" data-end=\"3388\">Redukcja zmarszczek i poprawa elastyczno\u015bci sk\u00f3ry<\/strong> \u2013 sk\u00f3ra staje si\u0119 g\u0142adsza, lepiej nawil\u017cona, a zmarszczki ulegaj\u0105 sp\u0142yceniu.<\/p>\n<\/li>\n<li data-start=\"3466\" data-end=\"3575\">\n<p data-start=\"3468\" data-end=\"3575\"><strong data-start=\"3468\" data-end=\"3514\">Zwi\u0119kszenie ruchomo\u015bci i sprawno\u015bci staw\u00f3w<\/strong> \u2013 zmniejszenie b\u00f3lu, sztywno\u015bci oraz poprawa komfortu \u017cycia.<\/p>\n<\/li>\n<li data-start=\"3576\" data-end=\"3664\">\n<p data-start=\"3578\" data-end=\"3664\"><strong data-start=\"3578\" data-end=\"3611\">Wzmocnienie w\u0142os\u00f3w i paznokci<\/strong> \u2013 mniej \u0142amliwo\u015bci, zdrowszy wygl\u0105d, szybszy wzrost.<\/p>\n<\/li>\n<li data-start=\"3665\" data-end=\"3774\">\n<p data-start=\"3667\" data-end=\"3774\"><strong data-start=\"3667\" data-end=\"3710\">Lepsza regeneracja po wysi\u0142ku i urazach<\/strong> \u2013 dzi\u0119ki synergii sk\u0142adnik\u00f3w, organizm szybciej wraca do formy.<\/p>\n<\/li>\n<li data-start=\"3775\" data-end=\"3910\">\n<p data-start=\"3777\" data-end=\"3910\"><strong data-start=\"3777\" data-end=\"3833\">Poprawa og\u00f3lnej odporno\u015bci i ochrona antyoksydacyjna<\/strong> \u2013 wsparcie dla uk\u0142adu odporno\u015bciowego i skuteczna walka z wolnymi rodnikami.<\/p>\n<\/li>\n<\/ul>\n<h2 data-start=\"3912\" data-end=\"3939\">Ryzyko skutk\u00f3w ubocznych<\/h2>\n<p data-start=\"3941\" data-end=\"4441\">Collacare to suplement diety oparty wy\u0142\u0105cznie na naturalnych sk\u0142adnikach, co znacz\u0105co minimalizuje ryzyko wyst\u0105pienia skutk\u00f3w ubocznych. Produkt nie zawiera sztucznych dodatk\u00f3w, konserwant\u00f3w ani alergen\u00f3w typowych dla wielu innych preparat\u00f3w. U os\u00f3b szczeg\u00f3lnie wra\u017cliwych mo\u017ce czasem pojawi\u0107 si\u0119 \u0142agodna reakcja alergiczna na jeden ze sk\u0142adnik\u00f3w, jednak przypadki te s\u0105 bardzo rzadkie. Collacare jest bezpieczny w codziennym stosowaniu i mo\u017ce by\u0107 stosowany przez d\u0142u\u017cszy czas bez ryzyka dla zdrowia.<\/p>\n<h2 data-start=\"72\" data-end=\"127\">Opinie klient\u00f3w o Collacare: fora po\u015bwi\u0119cone zdrowiu<\/h2>\n<p data-start=\"129\" data-end=\"620\">W ostatnich latach w Polsce coraz wi\u0119ksz\u0105 popularno\u015b\u0107 zyskuj\u0105 fora internetowe po\u015bwi\u0119cone zdrowiu i urodzie. To w\u0142a\u015bnie tam konsumenci dziel\u0105 si\u0119 swoimi do\u015bwiadczeniami zwi\u0105zanymi z r\u00f3\u017cnymi suplementami diety, w tym Collacare. Z uwagi na rosn\u0105ce zainteresowanie tym preparatem, pojawia si\u0119 coraz wi\u0119cej recenzji i opinii u\u017cytkownik\u00f3w. Zdecydowana wi\u0119kszo\u015b\u0107 klient\u00f3w podkre\u015bla pozytywne dzia\u0142anie Collacare na sk\u00f3r\u0119, stawy oraz w\u0142osy, a tak\u017ce jego \u0142atw\u0105 dost\u0119pno\u015b\u0107 i wygod\u0119 zamawiania online.<\/p>\n<p data-start=\"622\" data-end=\"658\"><strong data-start=\"622\" data-end=\"658\">Przyk\u0142adowe opinie u\u017cytkownik\u00f3w:<\/strong><\/p>\n<ol>\n<li data-start=\"660\" data-end=\"1000\"><strong><em data-start=\"660\" data-end=\"685\">Anna, 35 lat z Krakowa:<\/em><\/strong><br data-start=\"685\" data-end=\"688\" \/><em data-start=\"688\" data-end=\"1000\">&#8222;Stosuj\u0119 Collacare od ponad dw\u00f3ch miesi\u0119cy i ju\u017c widz\u0119 ogromn\u0105 popraw\u0119 kondycji mojej sk\u00f3ry i w\u0142os\u00f3w. Sk\u00f3ra sta\u0142a si\u0119 bardziej j\u0119drna, a w\u0142osy przesta\u0142y wypada\u0107. Suplement jest \u0142atwy w u\u017cyciu, ma neutralny smak, a efekty przesz\u0142y moje oczekiwania. Polecam ka\u017cdemu, kto chce zadba\u0107 o siebie w naturalny spos\u00f3b!&#8221;<\/em><\/li>\n<li data-start=\"1002\" data-end=\"1274\"><strong><em data-start=\"1002\" data-end=\"1031\">Marcin, 42 lata z Warszawy:<\/em><\/strong><br data-start=\"1031\" data-end=\"1034\" \/><em data-start=\"1034\" data-end=\"1274\">&#8222;Zacz\u0105\u0142em stosowa\u0107 Collacare po kontuzji kolana. Ju\u017c po kilku tygodniach b\u00f3l i sztywno\u015b\u0107 znacznie si\u0119 zmniejszy\u0142y, a ja mog\u0119 zn\u00f3w cieszy\u0107 si\u0119 aktywno\u015bci\u0105 fizyczn\u0105. Plus za szybk\u0105 dostaw\u0119 i mo\u017cliwo\u015b\u0107 konsultacji z doradc\u0105 przy zam\u00f3wieniu!&#8221;<\/em><\/li>\n<\/ol>\n<h2 data-start=\"1276\" data-end=\"1308\">Spos\u00f3b podawania i dawkowanie<\/h2>\n<p data-start=\"1310\" data-end=\"1782\">Collacare jest suplementem diety w postaci proszku, co czyni jego stosowanie wyj\u0105tkowo prostym i wygodnym. Zalecan\u0105 dawk\u0105 jest jedna miarka (oko\u0142o 10 gram\u00f3w) dziennie, rozpuszczona w szklance wody, soku lub ulubionego napoju. Najlepiej spo\u017cywa\u0107 Collacare rano, na czczo, aby maksymalnie zwi\u0119kszy\u0107 przyswajalno\u015b\u0107 sk\u0142adnik\u00f3w aktywnych. Regularno\u015b\u0107 stosowania jest kluczowa dla uzyskania najlepszych efekt\u00f3w \u2014 pierwsze rezultaty zazwyczaj pojawiaj\u0105 si\u0119 ju\u017c po 3-4 tygodniach.<\/p>\n<p data-start=\"1784\" data-end=\"2011\">Przed rozpocz\u0119ciem suplementacji warto zapozna\u0107 si\u0119 z ulotk\u0105 do\u0142\u0105czon\u0105 do produktu oraz w razie w\u0105tpliwo\u015bci skonsultowa\u0107 si\u0119 z lekarzem lub dietetykiem, zw\u0142aszcza je\u015bli przyjmujesz inne preparaty lub masz schorzenia przewlek\u0142e.<\/p>\n<h2 data-start=\"2013\" data-end=\"2045\">Kup teraz Collacare z dostaw\u0105<\/h2>\n<p data-start=\"2047\" data-end=\"2459\">Zakup Collacare jest wyj\u0105tkowo prosty i bezpieczny. Produkt mo\u017cna zam\u00f3wi\u0107 przez internet bezpo\u015brednio na oficjalnej stronie producenta, co gwarantuje otrzymanie oryginalnego produktu bez po\u015brednik\u00f3w i ryzyka zakupu podr\u00f3bki. Dodatkowym atutem jest brak konieczno\u015bci wcze\u015bniejszej p\u0142atno\u015bci \u2014 zap\u0142ata nast\u0119puje dopiero przy odbiorze przesy\u0142ki. To eliminuje ryzyko i daje pewno\u015b\u0107, \u017ce otrzymujesz to, za co p\u0142acisz.<\/p>\n<p data-start=\"2461\" data-end=\"2825\">Czas dostawy wynosi zazwyczaj 3-4 dni robocze na terenie ca\u0142ej Polski. Po z\u0142o\u017ceniu zam\u00f3wienia klient otrzymuje telefon od konsultanta, kt\u00f3ry potwierdza zam\u00f3wienie, doradza w kwestii ilo\u015bci opakowa\u0144, a tak\u017ce informuje o ewentualnych promocjach i aktualnych zni\u017ckach. Dzi\u0119ki temu masz pewno\u015b\u0107, \u017ce zamawiasz Collacare bezpiecznie, wygodnie i bez zb\u0119dnych formalno\u015bci.<\/p>\n<p style=\"text-align: center;\" data-start=\"2461\" data-end=\"2825\"><a href=\"https:\/\/tl-track.com\/tracker\/v2c2\"><button>Zakup na stronie producenta (-50%)<\/button><\/a><\/p>\n<h2 data-start=\"2827\" data-end=\"2875\">Por\u00f3wnanie ofert: ceny i dost\u0119pno\u015b\u0107 Collacare<\/h2>\n<p data-start=\"2877\" data-end=\"3251\">Producent Collacare stawia na pe\u0142n\u0105 przejrzysto\u015b\u0107 i dost\u0119pno\u015b\u0107 swojego produktu. Z tego wzgl\u0119du Collacare dost\u0119pny jest wy\u0142\u0105cznie na oficjalnej stronie internetowej producenta \u2014 nie znajdziesz go w tradycyjnych aptekach stacjonarnych ani w przypadkowych sklepach internetowych. To daje gwarancj\u0119 najni\u017cszej ceny, braku dodatkowych mar\u017c oraz pe\u0142nej autentyczno\u015bci suplementu.<\/p>\n<p data-start=\"3253\" data-end=\"3617\">Dodatkowo na stronie producenta regularnie pojawiaj\u0105 si\u0119 atrakcyjne promocje i rabaty, dzi\u0119ki kt\u00f3rym mo\u017cna zakupi\u0107 Collacare w jeszcze bardziej przyst\u0119pnej cenie. Warto regularnie sprawdza\u0107 ofert\u0119, aby skorzysta\u0107 z najnowszych akcji specjalnych. Dzi\u0119ki temu Collacare pozostaje dost\u0119pny dla szerokiego grona klient\u00f3w dbaj\u0105cych o zdrowie i urod\u0119 w naturalny spos\u00f3b.<\/p>\n","protected":false},"excerpt":{"rendered":"<p style=\"text-align: center;\"><a href=\"https:\/\/tl-track.com\/tracker\/v2c2\"><button>Kup teraz<\/button><\/a><\/p>\n<p>SKU: 000<span class=\"sku\">.135.139<\/span><\/p>\n<hr \/>\n<p><small>Produkt sprzedawany jest wy\u0142\u0105cznie za po\u015brednictwem oficjalnej strony producenta, id\u017a i kupuj bezpiecznie!<\/small><\/p>\n","protected":false},"featured_media":1272,"comment_status":"open","ping_status":"closed","template":"","meta":[],"product_brand":[],"product_cat":[15],"product_tag":[],"class_list":{"0":"post-1270","1":"product","2":"type-product","3":"status-publish","4":"has-post-thumbnail","6":"product_cat-supl","7":"thunk-woo-product-list","8":"opn-qv-enable","9":"top-store-woo-hover-","10":"top-store-single-product-tab-horizontal","11":"top-store-shadow-","12":"top-store-shadow-hover-","14":"first","15":"instock","16":"sale","17":"shipping-taxable","18":"purchasable","19":"product-type-simple"},"yoast_head":"<!-- This site is optimized with the Yoast SEO plugin v27.4 - https:\/\/yoast.com\/product\/yoast-seo-wordpress\/ -->\n<title>Collacare - kup suplement, cena w aptece, sk\u0142ad, dzia\u0142anie<\/title>\n<meta name=\"robots\" content=\"index, follow, max-snippet:-1, max-image-preview:large, max-video-preview:-1\" \/>\n<link rel=\"canonical\" href=\"https:\/\/lekarzeopole.pl\/wordpress\/product\/collacare\/\" \/>\n<meta property=\"og:locale\" content=\"pl_PL\" \/>\n<meta property=\"og:type\" content=\"article\" \/>\n<meta property=\"og:title\" content=\"Collacare - kup suplement, cena w aptece, sk\u0142ad, dzia\u0142anie\" \/>\n<meta property=\"og:description\" content=\"Kup teraz SKU: 000.135.139    Produkt sprzedawany jest wy\u0142\u0105cznie za po\u015brednictwem oficjalnej strony producenta, id\u017a i kupuj bezpiecznie!\" \/>\n<meta property=\"og:url\" content=\"https:\/\/lekarzeopole.pl\/wordpress\/product\/collacare\/\" \/>\n<meta property=\"og:site_name\" content=\"Lekarze Opole\" \/>\n<meta property=\"og:image\" content=\"https:\/\/lekarzeopole.pl\/wordpress\/wp-content\/uploads\/2025\/05\/collacare-2.webp\" \/>\n\t<meta property=\"og:image:width\" content=\"600\" \/>\n\t<meta property=\"og:image:height\" content=\"600\" \/>\n\t<meta property=\"og:image:type\" content=\"image\/webp\" \/>\n<meta name=\"twitter:card\" content=\"summary_large_image\" \/>\n<meta name=\"twitter:label1\" content=\"Szacowany czas czytania\" \/>\n\t<meta name=\"twitter:data1\" content=\"7 minut\" \/>\n<script type=\"application\/ld+json\" class=\"yoast-schema-graph\">{\"@context\":\"https:\\\/\\\/schema.org\",\"@graph\":[{\"@type\":\"WebPage\",\"@id\":\"https:\\\/\\\/lekarzeopole.pl\\\/wordpress\\\/product\\\/collacare\\\/\",\"url\":\"https:\\\/\\\/lekarzeopole.pl\\\/wordpress\\\/product\\\/collacare\\\/\",\"name\":\"Collacare - kup suplement, cena w aptece, sk\u0142ad, dzia\u0142anie\",\"isPartOf\":{\"@id\":\"https:\\\/\\\/lekarzeopole.pl\\\/wordpress\\\/#website\"},\"primaryImageOfPage\":{\"@id\":\"https:\\\/\\\/lekarzeopole.pl\\\/wordpress\\\/product\\\/collacare\\\/#primaryimage\"},\"image\":{\"@id\":\"https:\\\/\\\/lekarzeopole.pl\\\/wordpress\\\/product\\\/collacare\\\/#primaryimage\"},\"thumbnailUrl\":\"https:\\\/\\\/lekarzeopole.pl\\\/wordpress\\\/wp-content\\\/uploads\\\/2025\\\/05\\\/collacare-2.webp\",\"datePublished\":\"2025-05-28T06:41:13+00:00\",\"breadcrumb\":{\"@id\":\"https:\\\/\\\/lekarzeopole.pl\\\/wordpress\\\/product\\\/collacare\\\/#breadcrumb\"},\"inLanguage\":\"pl-PL\",\"potentialAction\":[{\"@type\":\"ReadAction\",\"target\":[\"https:\\\/\\\/lekarzeopole.pl\\\/wordpress\\\/product\\\/collacare\\\/\"]}]},{\"@type\":\"ImageObject\",\"inLanguage\":\"pl-PL\",\"@id\":\"https:\\\/\\\/lekarzeopole.pl\\\/wordpress\\\/product\\\/collacare\\\/#primaryimage\",\"url\":\"https:\\\/\\\/lekarzeopole.pl\\\/wordpress\\\/wp-content\\\/uploads\\\/2025\\\/05\\\/collacare-2.webp\",\"contentUrl\":\"https:\\\/\\\/lekarzeopole.pl\\\/wordpress\\\/wp-content\\\/uploads\\\/2025\\\/05\\\/collacare-2.webp\",\"width\":600,\"height\":600,\"caption\":\"Collacare\"},{\"@type\":\"BreadcrumbList\",\"@id\":\"https:\\\/\\\/lekarzeopole.pl\\\/wordpress\\\/product\\\/collacare\\\/#breadcrumb\",\"itemListElement\":[{\"@type\":\"ListItem\",\"position\":1,\"name\":\"\u0413\u043b\u0430\u0432\u043d\u0430\u044f \u0441\u0442\u0440\u0430\u043d\u0438\u0446\u0430\",\"item\":\"https:\\\/\\\/lekarzeopole.pl\\\/wordpress\\\/\"},{\"@type\":\"ListItem\",\"position\":2,\"name\":\"Zakup\",\"item\":\"https:\\\/\\\/lekarzeopole.pl\\\/wordpress\\\/\"},{\"@type\":\"ListItem\",\"position\":3,\"name\":\"Collacare\"}]},{\"@type\":\"WebSite\",\"@id\":\"https:\\\/\\\/lekarzeopole.pl\\\/wordpress\\\/#website\",\"url\":\"https:\\\/\\\/lekarzeopole.pl\\\/wordpress\\\/\",\"name\":\"Lekarze Opole\",\"description\":\"\",\"potentialAction\":[{\"@type\":\"SearchAction\",\"target\":{\"@type\":\"EntryPoint\",\"urlTemplate\":\"https:\\\/\\\/lekarzeopole.pl\\\/wordpress\\\/?s={search_term_string}\"},\"query-input\":{\"@type\":\"PropertyValueSpecification\",\"valueRequired\":true,\"valueName\":\"search_term_string\"}}],\"inLanguage\":\"pl-PL\"}]}<\/script>\n<!-- \/ Yoast SEO plugin. -->","yoast_head_json":{"title":"Collacare - kup suplement, cena w aptece, sk\u0142ad, dzia\u0142anie","robots":{"index":"index","follow":"follow","max-snippet":"max-snippet:-1","max-image-preview":"max-image-preview:large","max-video-preview":"max-video-preview:-1"},"canonical":"https:\/\/lekarzeopole.pl\/wordpress\/product\/collacare\/","og_locale":"pl_PL","og_type":"article","og_title":"Collacare - kup suplement, cena w aptece, sk\u0142ad, dzia\u0142anie","og_description":"Kup teraz SKU: 000.135.139    Produkt sprzedawany jest wy\u0142\u0105cznie za po\u015brednictwem oficjalnej strony producenta, id\u017a i kupuj bezpiecznie!","og_url":"https:\/\/lekarzeopole.pl\/wordpress\/product\/collacare\/","og_site_name":"Lekarze Opole","og_image":[{"width":600,"height":600,"url":"https:\/\/lekarzeopole.pl\/wordpress\/wp-content\/uploads\/2025\/05\/collacare-2.webp","type":"image\/webp"}],"twitter_card":"summary_large_image","twitter_misc":{"Szacowany czas czytania":"7 minut"},"schema":{"@context":"https:\/\/schema.org","@graph":[{"@type":"WebPage","@id":"https:\/\/lekarzeopole.pl\/wordpress\/product\/collacare\/","url":"https:\/\/lekarzeopole.pl\/wordpress\/product\/collacare\/","name":"Collacare - kup suplement, cena w aptece, sk\u0142ad, dzia\u0142anie","isPartOf":{"@id":"https:\/\/lekarzeopole.pl\/wordpress\/#website"},"primaryImageOfPage":{"@id":"https:\/\/lekarzeopole.pl\/wordpress\/product\/collacare\/#primaryimage"},"image":{"@id":"https:\/\/lekarzeopole.pl\/wordpress\/product\/collacare\/#primaryimage"},"thumbnailUrl":"https:\/\/lekarzeopole.pl\/wordpress\/wp-content\/uploads\/2025\/05\/collacare-2.webp","datePublished":"2025-05-28T06:41:13+00:00","breadcrumb":{"@id":"https:\/\/lekarzeopole.pl\/wordpress\/product\/collacare\/#breadcrumb"},"inLanguage":"pl-PL","potentialAction":[{"@type":"ReadAction","target":["https:\/\/lekarzeopole.pl\/wordpress\/product\/collacare\/"]}]},{"@type":"ImageObject","inLanguage":"pl-PL","@id":"https:\/\/lekarzeopole.pl\/wordpress\/product\/collacare\/#primaryimage","url":"https:\/\/lekarzeopole.pl\/wordpress\/wp-content\/uploads\/2025\/05\/collacare-2.webp","contentUrl":"https:\/\/lekarzeopole.pl\/wordpress\/wp-content\/uploads\/2025\/05\/collacare-2.webp","width":600,"height":600,"caption":"Collacare"},{"@type":"BreadcrumbList","@id":"https:\/\/lekarzeopole.pl\/wordpress\/product\/collacare\/#breadcrumb","itemListElement":[{"@type":"ListItem","position":1,"name":"\u0413\u043b\u0430\u0432\u043d\u0430\u044f \u0441\u0442\u0440\u0430\u043d\u0438\u0446\u0430","item":"https:\/\/lekarzeopole.pl\/wordpress\/"},{"@type":"ListItem","position":2,"name":"Zakup","item":"https:\/\/lekarzeopole.pl\/wordpress\/"},{"@type":"ListItem","position":3,"name":"Collacare"}]},{"@type":"WebSite","@id":"https:\/\/lekarzeopole.pl\/wordpress\/#website","url":"https:\/\/lekarzeopole.pl\/wordpress\/","name":"Lekarze Opole","description":"","potentialAction":[{"@type":"SearchAction","target":{"@type":"EntryPoint","urlTemplate":"https:\/\/lekarzeopole.pl\/wordpress\/?s={search_term_string}"},"query-input":{"@type":"PropertyValueSpecification","valueRequired":true,"valueName":"search_term_string"}}],"inLanguage":"pl-PL"}]}},"_links":{"self":[{"href":"https:\/\/lekarzeopole.pl\/wordpress\/wp-json\/wp\/v2\/product\/1270","targetHints":{"allow":["GET"]}}],"collection":[{"href":"https:\/\/lekarzeopole.pl\/wordpress\/wp-json\/wp\/v2\/product"}],"about":[{"href":"https:\/\/lekarzeopole.pl\/wordpress\/wp-json\/wp\/v2\/types\/product"}],"replies":[{"embeddable":true,"href":"https:\/\/lekarzeopole.pl\/wordpress\/wp-json\/wp\/v2\/comments?post=1270"}],"wp:featuredmedia":[{"embeddable":true,"href":"https:\/\/lekarzeopole.pl\/wordpress\/wp-json\/wp\/v2\/media\/1272"}],"wp:attachment":[{"href":"https:\/\/lekarzeopole.pl\/wordpress\/wp-json\/wp\/v2\/media?parent=1270"}],"wp:term":[{"taxonomy":"product_brand","embeddable":true,"href":"https:\/\/lekarzeopole.pl\/wordpress\/wp-json\/wp\/v2\/product_brand?post=1270"},{"taxonomy":"product_cat","embeddable":true,"href":"https:\/\/lekarzeopole.pl\/wordpress\/wp-json\/wp\/v2\/product_cat?post=1270"},{"taxonomy":"product_tag","embeddable":true,"href":"https:\/\/lekarzeopole.pl\/wordpress\/wp-json\/wp\/v2\/product_tag?post=1270"}],"curies":[{"name":"wp","href":"https:\/\/api.w.org\/{rel}","templated":true}]}}